{"id":53609,"date":"2026-02-03T12:36:55","date_gmt":"2026-02-03T10:36:55","guid":{"rendered":"https:\/\/miumjau.ee\/toode\/nutrolin-teeth-gums-uztura-bagatinatajs-kakiem-un-suniem-200-g\/"},"modified":"2026-02-03T12:36:55","modified_gmt":"2026-02-03T10:36:55","slug":"nutrolin-teeth-gums-uztura-bagatinatajs-kakiem-un-suniem-200-g","status":"publish","type":"product","link":"https:\/\/miumjau.ee\/lv\/produkts\/nutrolin-teeth-gums-uztura-bagatinatajs-kakiem-un-suniem-200-g\/","title":{"rendered":"Nutrolin Teeth &#038; Gums uztura bag\u0101tin\u0101t\u0101js ka\u0137iem un su\u0146iem 200 g"},"content":{"rendered":"","protected":false},"excerpt":{"rendered":"<p data-start=\"3798\" data-end=\"4229\">Nutrolin Teeth &amp; Gums ir papildbar\u012bba su\u0146iem. Bar\u012bbas pasta, kas uzlabo un veicina mutes dobuma higi\u0113nu. Omega-3 tauksk\u0101bes aizsarg\u0101 smaganas, savuk\u0101rt j\u016bras a\u013c\u0123es (Ascophyllum nodosum) pal\u012bdz samazin\u0101t zobu aplikumu un zobakmeni. Divk\u0101r\u0161a iedarb\u012bba, kas apvieno omega-3 un j\u016bras a\u013c\u0123u dabisk\u0101s \u012bpa\u0161\u012bbas maksim\u0101la efekta sasnieg\u0161anai. Gar\u0161\u012bga un viegli lietojama pasta (oleog\u0113ls) \u0113rt\u0101 iepakojum\u0101. Stabiliz\u0113ts sast\u0101vs, nesatur \u016bdeni.<\/p>\n<p data-start=\"4231\" data-end=\"4365\">20 kg smaga dz\u012bvnieka dienas deva satur: 1000 mg omega-3 EPA un DHA, 700 mg j\u016bras a\u013c\u0123u (Ascophyllum nodosum), 50 mg dab\u012bg\u0101 E vitam\u012bna.<\/p>\n<p data-start=\"4367\" data-end=\"4417\"><strong data-start=\"4367\" data-end=\"4381\">Lieto\u0161ana:<\/strong> Piem\u0113rota nep\u0101rtrauktai lieto\u0161anai.<\/p>\n<p data-start=\"4419\" data-end=\"4870\"><strong data-start=\"4419\" data-end=\"4431\">Sast\u0101vs:<\/strong> Zivju e\u013c\u013ca*, J\u016bras a\u013c\u0123es (Ascophyllum nodosum), Garneles (Euphausia superba), Bag\u0101t\u012bgi uzturvielu avoti: Omega-3 tauksk\u0101bes, Jods,<br data-start=\"4562\" data-end=\"4565\" \/>Omega-3 fosfolip\u012bdi, Dab\u012bgas piedevas: E vitam\u012bns (3a700), Tokoferolu ekstrakts (1b306), Rozmar\u012bna ekstrakts (2b).<br data-start=\"4679\" data-end=\"4682\" \/><strong data-start=\"4682\" data-end=\"4710\">Anal\u012btisk\u0101s sast\u0101vda\u013cas:<\/strong> J\u0113lrauks 79%, J\u0113lprote\u012bns 2,5%, \u0160\u0137iedrvielas 1%, J\u0113lpelni 9%<br data-start=\"4771\" data-end=\"4774\" \/><strong data-start=\"4774\" data-end=\"4798\">Viena porcija satur:<\/strong> Omega-3 tauksk\u0101bes \u2013 1000 mg, J\u016bras a\u013c\u0123es \u2013 700 mg, E vitam\u012bnu \u2013 50 mg.<\/p>\n","protected":false},"featured_media":53483,"template":"","meta":[],"product_brand":[],"product_cat":[870,878],"product_tag":[],"class_list":{"0":"post-53609","1":"product","2":"type-product","3":"status-publish","4":"has-post-thumbnail","6":"product_cat-uztura-bagatinataji-suniem","7":"product_cat-vitamini-uztura-bagatinataji-kakiem","9":"first","10":"instock","11":"sale","12":"taxable","13":"shipping-taxable","14":"purchasable","15":"product-type-simple"},"yoast_head":"<!-- This site is optimized with the Yoast SEO plugin v27.4 - https:\/\/yoast.com\/product\/yoast-seo-wordpress\/ -->\n<title>Nutrolin Teeth &amp; Gums uztura bag\u0101tin\u0101t\u0101js ka\u0137iem un su\u0146iem 200 g - MiuMjau<\/title>\n<meta name=\"robots\" content=\"index, follow, max-snippet:-1, max-image-preview:large, max-video-preview:-1\" \/>\n<link rel=\"canonical\" href=\"https:\/\/miumjau.ee\/lv\/produkts\/nutrolin-teeth-gums-uztura-bagatinatajs-kakiem-un-suniem-200-g\/\" \/>\n<meta property=\"og:locale\" content=\"lv_LV\" \/>\n<meta property=\"og:type\" content=\"article\" \/>\n<meta property=\"og:title\" content=\"Nutrolin Teeth &amp; Gums uztura bag\u0101tin\u0101t\u0101js ka\u0137iem un su\u0146iem 200 g - MiuMjau\" \/>\n<meta property=\"og:description\" content=\"Nutrolin Teeth &amp; Gums ir papildbar\u012bba su\u0146iem. Bar\u012bbas pasta, kas uzlabo un veicina mutes dobuma higi\u0113nu. Omega-3 tauksk\u0101bes aizsarg\u0101 smaganas, savuk\u0101rt j\u016bras a\u013c\u0123es (Ascophyllum nodosum) pal\u012bdz samazin\u0101t zobu aplikumu un zobakmeni. Divk\u0101r\u0161a iedarb\u012bba, kas apvieno omega-3 un j\u016bras a\u013c\u0123u dabisk\u0101s \u012bpa\u0161\u012bbas maksim\u0101la efekta sasnieg\u0161anai. Gar\u0161\u012bga un viegli lietojama pasta (oleog\u0113ls) \u0113rt\u0101 iepakojum\u0101. Stabiliz\u0113ts sast\u0101vs, nesatur \u016bdeni. 20 kg smaga dz\u012bvnieka dienas deva satur: 1000 mg omega-3 EPA un DHA, 700 mg j\u016bras a\u013c\u0123u (Ascophyllum nodosum), 50 mg dab\u012bg\u0101 E vitam\u012bna. Lieto\u0161ana: Piem\u0113rota nep\u0101rtrauktai lieto\u0161anai. Sast\u0101vs: Zivju e\u013c\u013ca*, J\u016bras a\u013c\u0123es (Ascophyllum nodosum), Garneles (Euphausia superba), Bag\u0101t\u012bgi uzturvielu avoti: Omega-3 tauksk\u0101bes, Jods,Omega-3 fosfolip\u012bdi, Dab\u012bgas piedevas: E vitam\u012bns (3a700), Tokoferolu ekstrakts (1b306), Rozmar\u012bna ekstrakts (2b).Anal\u012btisk\u0101s sast\u0101vda\u013cas: J\u0113lrauks 79%, J\u0113lprote\u012bns 2,5%, \u0160\u0137iedrvielas 1%, J\u0113lpelni 9%Viena porcija satur: Omega-3 tauksk\u0101bes \u2013 1000 mg, J\u016bras a\u013c\u0123es \u2013 700 mg, E vitam\u012bnu \u2013 50 mg.\" \/>\n<meta property=\"og:url\" content=\"https:\/\/miumjau.ee\/lv\/produkts\/nutrolin-teeth-gums-uztura-bagatinatajs-kakiem-un-suniem-200-g\/\" \/>\n<meta property=\"og:site_name\" content=\"MiuMjau\" \/>\n<meta property=\"article:publisher\" content=\"https:\/\/www.facebook.com\/miumjaupood\/\" \/>\n<meta property=\"og:image\" content=\"https:\/\/miumjau.ee\/wp-content\/uploads\/2026\/02\/NutrolinTEETHGUMSpastewhitebg.jpg\" \/>\n\t<meta property=\"og:image:width\" content=\"600\" \/>\n\t<meta property=\"og:image:height\" content=\"800\" \/>\n\t<meta property=\"og:image:type\" content=\"image\/jpeg\" \/>\n<meta name=\"twitter:card\" content=\"summary_large_image\" \/>\n<script type=\"application\/ld+json\" class=\"yoast-schema-graph\">{\"@context\":\"https:\\\/\\\/schema.org\",\"@graph\":[{\"@type\":\"WebPage\",\"@id\":\"https:\\\/\\\/miumjau.ee\\\/lv\\\/produkts\\\/nutrolin-teeth-gums-uztura-bagatinatajs-kakiem-un-suniem-200-g\\\/\",\"url\":\"https:\\\/\\\/miumjau.ee\\\/lv\\\/produkts\\\/nutrolin-teeth-gums-uztura-bagatinatajs-kakiem-un-suniem-200-g\\\/\",\"name\":\"Nutrolin Teeth & Gums uztura bag\u0101tin\u0101t\u0101js ka\u0137iem un su\u0146iem 200 g - MiuMjau\",\"isPartOf\":{\"@id\":\"https:\\\/\\\/miumjau.ee\\\/#website\"},\"primaryImageOfPage\":{\"@id\":\"https:\\\/\\\/miumjau.ee\\\/lv\\\/produkts\\\/nutrolin-teeth-gums-uztura-bagatinatajs-kakiem-un-suniem-200-g\\\/#primaryimage\"},\"image\":{\"@id\":\"https:\\\/\\\/miumjau.ee\\\/lv\\\/produkts\\\/nutrolin-teeth-gums-uztura-bagatinatajs-kakiem-un-suniem-200-g\\\/#primaryimage\"},\"thumbnailUrl\":\"https:\\\/\\\/miumjau.ee\\\/wp-content\\\/uploads\\\/2026\\\/02\\\/NutrolinTEETHGUMSpastewhitebg.jpg\",\"datePublished\":\"2026-02-03T10:36:55+00:00\",\"breadcrumb\":{\"@id\":\"https:\\\/\\\/miumjau.ee\\\/lv\\\/produkts\\\/nutrolin-teeth-gums-uztura-bagatinatajs-kakiem-un-suniem-200-g\\\/#breadcrumb\"},\"inLanguage\":\"lv-LV\",\"potentialAction\":[{\"@type\":\"ReadAction\",\"target\":[\"https:\\\/\\\/miumjau.ee\\\/lv\\\/produkts\\\/nutrolin-teeth-gums-uztura-bagatinatajs-kakiem-un-suniem-200-g\\\/\"]}]},{\"@type\":\"ImageObject\",\"inLanguage\":\"lv-LV\",\"@id\":\"https:\\\/\\\/miumjau.ee\\\/lv\\\/produkts\\\/nutrolin-teeth-gums-uztura-bagatinatajs-kakiem-un-suniem-200-g\\\/#primaryimage\",\"url\":\"https:\\\/\\\/miumjau.ee\\\/wp-content\\\/uploads\\\/2026\\\/02\\\/NutrolinTEETHGUMSpastewhitebg.jpg\",\"contentUrl\":\"https:\\\/\\\/miumjau.ee\\\/wp-content\\\/uploads\\\/2026\\\/02\\\/NutrolinTEETHGUMSpastewhitebg.jpg\",\"width\":600,\"height\":800,\"caption\":\"Nutrolin Teeth & Gums toidulisand kassidele ja koertele 200g\"},{\"@type\":\"BreadcrumbList\",\"@id\":\"https:\\\/\\\/miumjau.ee\\\/lv\\\/produkts\\\/nutrolin-teeth-gums-uztura-bagatinatajs-kakiem-un-suniem-200-g\\\/#breadcrumb\",\"itemListElement\":[{\"@type\":\"ListItem\",\"position\":1,\"name\":\"Home\",\"item\":\"https:\\\/\\\/miumjau.ee\\\/lv\\\/\"},{\"@type\":\"ListItem\",\"position\":2,\"name\":\"Veikals\",\"item\":\"https:\\\/\\\/miumjau.ee\\\/lv\\\/veikals\\\/\"},{\"@type\":\"ListItem\",\"position\":3,\"name\":\"Nutrolin Teeth &#038; Gums uztura bag\u0101tin\u0101t\u0101js ka\u0137iem un su\u0146iem 200 g\"}]},{\"@type\":\"WebSite\",\"@id\":\"https:\\\/\\\/miumjau.ee\\\/#website\",\"url\":\"https:\\\/\\\/miumjau.ee\\\/\",\"name\":\"MiuMjau\",\"description\":\"Kraapimispuud kassidele\",\"publisher\":{\"@id\":\"https:\\\/\\\/miumjau.ee\\\/#organization\"},\"potentialAction\":[{\"@type\":\"SearchAction\",\"target\":{\"@type\":\"EntryPoint\",\"urlTemplate\":\"https:\\\/\\\/miumjau.ee\\\/?s={search_term_string}\"},\"query-input\":{\"@type\":\"PropertyValueSpecification\",\"valueRequired\":true,\"valueName\":\"search_term_string\"}}],\"inLanguage\":\"lv-LV\"},{\"@type\":\"Organization\",\"@id\":\"https:\\\/\\\/miumjau.ee\\\/#organization\",\"name\":\"MiuMjau O\u00dc\",\"url\":\"https:\\\/\\\/miumjau.ee\\\/\",\"logo\":{\"@type\":\"ImageObject\",\"inLanguage\":\"lv-LV\",\"@id\":\"https:\\\/\\\/miumjau.ee\\\/#\\\/schema\\\/logo\\\/image\\\/\",\"url\":\"https:\\\/\\\/miumjau.ee\\\/wp-content\\\/uploads\\\/2022\\\/04\\\/MiuMjau-logo-kollane.png\",\"contentUrl\":\"https:\\\/\\\/miumjau.ee\\\/wp-content\\\/uploads\\\/2022\\\/04\\\/MiuMjau-logo-kollane.png\",\"width\":219,\"height\":100,\"caption\":\"MiuMjau O\u00dc\"},\"image\":{\"@id\":\"https:\\\/\\\/miumjau.ee\\\/#\\\/schema\\\/logo\\\/image\\\/\"},\"sameAs\":[\"https:\\\/\\\/www.facebook.com\\\/miumjaupood\\\/\"]}]}<\/script>\n<!-- \/ Yoast SEO plugin. -->","yoast_head_json":{"title":"Nutrolin Teeth & Gums uztura bag\u0101tin\u0101t\u0101js ka\u0137iem un su\u0146iem 200 g - MiuMjau","robots":{"index":"index","follow":"follow","max-snippet":"max-snippet:-1","max-image-preview":"max-image-preview:large","max-video-preview":"max-video-preview:-1"},"canonical":"https:\/\/miumjau.ee\/lv\/produkts\/nutrolin-teeth-gums-uztura-bagatinatajs-kakiem-un-suniem-200-g\/","og_locale":"lv_LV","og_type":"article","og_title":"Nutrolin Teeth & Gums uztura bag\u0101tin\u0101t\u0101js ka\u0137iem un su\u0146iem 200 g - MiuMjau","og_description":"Nutrolin Teeth &amp; Gums ir papildbar\u012bba su\u0146iem. Bar\u012bbas pasta, kas uzlabo un veicina mutes dobuma higi\u0113nu. Omega-3 tauksk\u0101bes aizsarg\u0101 smaganas, savuk\u0101rt j\u016bras a\u013c\u0123es (Ascophyllum nodosum) pal\u012bdz samazin\u0101t zobu aplikumu un zobakmeni. Divk\u0101r\u0161a iedarb\u012bba, kas apvieno omega-3 un j\u016bras a\u013c\u0123u dabisk\u0101s \u012bpa\u0161\u012bbas maksim\u0101la efekta sasnieg\u0161anai. Gar\u0161\u012bga un viegli lietojama pasta (oleog\u0113ls) \u0113rt\u0101 iepakojum\u0101. Stabiliz\u0113ts sast\u0101vs, nesatur \u016bdeni. 20 kg smaga dz\u012bvnieka dienas deva satur: 1000 mg omega-3 EPA un DHA, 700 mg j\u016bras a\u013c\u0123u (Ascophyllum nodosum), 50 mg dab\u012bg\u0101 E vitam\u012bna. Lieto\u0161ana: Piem\u0113rota nep\u0101rtrauktai lieto\u0161anai. Sast\u0101vs: Zivju e\u013c\u013ca*, J\u016bras a\u013c\u0123es (Ascophyllum nodosum), Garneles (Euphausia superba), Bag\u0101t\u012bgi uzturvielu avoti: Omega-3 tauksk\u0101bes, Jods,Omega-3 fosfolip\u012bdi, Dab\u012bgas piedevas: E vitam\u012bns (3a700), Tokoferolu ekstrakts (1b306), Rozmar\u012bna ekstrakts (2b).Anal\u012btisk\u0101s sast\u0101vda\u013cas: J\u0113lrauks 79%, J\u0113lprote\u012bns 2,5%, \u0160\u0137iedrvielas 1%, J\u0113lpelni 9%Viena porcija satur: Omega-3 tauksk\u0101bes \u2013 1000 mg, J\u016bras a\u013c\u0123es \u2013 700 mg, E vitam\u012bnu \u2013 50 mg.","og_url":"https:\/\/miumjau.ee\/lv\/produkts\/nutrolin-teeth-gums-uztura-bagatinatajs-kakiem-un-suniem-200-g\/","og_site_name":"MiuMjau","article_publisher":"https:\/\/www.facebook.com\/miumjaupood\/","og_image":[{"width":600,"height":800,"url":"https:\/\/miumjau.ee\/wp-content\/uploads\/2026\/02\/NutrolinTEETHGUMSpastewhitebg.jpg","type":"image\/jpeg"}],"twitter_card":"summary_large_image","schema":{"@context":"https:\/\/schema.org","@graph":[{"@type":"WebPage","@id":"https:\/\/miumjau.ee\/lv\/produkts\/nutrolin-teeth-gums-uztura-bagatinatajs-kakiem-un-suniem-200-g\/","url":"https:\/\/miumjau.ee\/lv\/produkts\/nutrolin-teeth-gums-uztura-bagatinatajs-kakiem-un-suniem-200-g\/","name":"Nutrolin Teeth & Gums uztura bag\u0101tin\u0101t\u0101js ka\u0137iem un su\u0146iem 200 g - MiuMjau","isPartOf":{"@id":"https:\/\/miumjau.ee\/#website"},"primaryImageOfPage":{"@id":"https:\/\/miumjau.ee\/lv\/produkts\/nutrolin-teeth-gums-uztura-bagatinatajs-kakiem-un-suniem-200-g\/#primaryimage"},"image":{"@id":"https:\/\/miumjau.ee\/lv\/produkts\/nutrolin-teeth-gums-uztura-bagatinatajs-kakiem-un-suniem-200-g\/#primaryimage"},"thumbnailUrl":"https:\/\/miumjau.ee\/wp-content\/uploads\/2026\/02\/NutrolinTEETHGUMSpastewhitebg.jpg","datePublished":"2026-02-03T10:36:55+00:00","breadcrumb":{"@id":"https:\/\/miumjau.ee\/lv\/produkts\/nutrolin-teeth-gums-uztura-bagatinatajs-kakiem-un-suniem-200-g\/#breadcrumb"},"inLanguage":"lv-LV","potentialAction":[{"@type":"ReadAction","target":["https:\/\/miumjau.ee\/lv\/produkts\/nutrolin-teeth-gums-uztura-bagatinatajs-kakiem-un-suniem-200-g\/"]}]},{"@type":"ImageObject","inLanguage":"lv-LV","@id":"https:\/\/miumjau.ee\/lv\/produkts\/nutrolin-teeth-gums-uztura-bagatinatajs-kakiem-un-suniem-200-g\/#primaryimage","url":"https:\/\/miumjau.ee\/wp-content\/uploads\/2026\/02\/NutrolinTEETHGUMSpastewhitebg.jpg","contentUrl":"https:\/\/miumjau.ee\/wp-content\/uploads\/2026\/02\/NutrolinTEETHGUMSpastewhitebg.jpg","width":600,"height":800,"caption":"Nutrolin Teeth & Gums toidulisand kassidele ja koertele 200g"},{"@type":"BreadcrumbList","@id":"https:\/\/miumjau.ee\/lv\/produkts\/nutrolin-teeth-gums-uztura-bagatinatajs-kakiem-un-suniem-200-g\/#breadcrumb","itemListElement":[{"@type":"ListItem","position":1,"name":"Home","item":"https:\/\/miumjau.ee\/lv\/"},{"@type":"ListItem","position":2,"name":"Veikals","item":"https:\/\/miumjau.ee\/lv\/veikals\/"},{"@type":"ListItem","position":3,"name":"Nutrolin Teeth &#038; Gums uztura bag\u0101tin\u0101t\u0101js ka\u0137iem un su\u0146iem 200 g"}]},{"@type":"WebSite","@id":"https:\/\/miumjau.ee\/#website","url":"https:\/\/miumjau.ee\/","name":"MiuMjau","description":"Kraapimispuud kassidele","publisher":{"@id":"https:\/\/miumjau.ee\/#organization"},"potentialAction":[{"@type":"SearchAction","target":{"@type":"EntryPoint","urlTemplate":"https:\/\/miumjau.ee\/?s={search_term_string}"},"query-input":{"@type":"PropertyValueSpecification","valueRequired":true,"valueName":"search_term_string"}}],"inLanguage":"lv-LV"},{"@type":"Organization","@id":"https:\/\/miumjau.ee\/#organization","name":"MiuMjau O\u00dc","url":"https:\/\/miumjau.ee\/","logo":{"@type":"ImageObject","inLanguage":"lv-LV","@id":"https:\/\/miumjau.ee\/#\/schema\/logo\/image\/","url":"https:\/\/miumjau.ee\/wp-content\/uploads\/2022\/04\/MiuMjau-logo-kollane.png","contentUrl":"https:\/\/miumjau.ee\/wp-content\/uploads\/2022\/04\/MiuMjau-logo-kollane.png","width":219,"height":100,"caption":"MiuMjau O\u00dc"},"image":{"@id":"https:\/\/miumjau.ee\/#\/schema\/logo\/image\/"},"sameAs":["https:\/\/www.facebook.com\/miumjaupood\/"]}]}},"_links":{"self":[{"href":"https:\/\/miumjau.ee\/lv\/wp-json\/wp\/v2\/product\/53609","targetHints":{"allow":["GET"]}}],"collection":[{"href":"https:\/\/miumjau.ee\/lv\/wp-json\/wp\/v2\/product"}],"about":[{"href":"https:\/\/miumjau.ee\/lv\/wp-json\/wp\/v2\/types\/product"}],"wp:featuredmedia":[{"embeddable":true,"href":"https:\/\/miumjau.ee\/lv\/wp-json\/wp\/v2\/media\/53483"}],"wp:attachment":[{"href":"https:\/\/miumjau.ee\/lv\/wp-json\/wp\/v2\/media?parent=53609"}],"wp:term":[{"taxonomy":"product_brand","embeddable":true,"href":"https:\/\/miumjau.ee\/lv\/wp-json\/wp\/v2\/product_brand?post=53609"},{"taxonomy":"product_cat","embeddable":true,"href":"https:\/\/miumjau.ee\/lv\/wp-json\/wp\/v2\/product_cat?post=53609"},{"taxonomy":"product_tag","embeddable":true,"href":"https:\/\/miumjau.ee\/lv\/wp-json\/wp\/v2\/product_tag?post=53609"}],"curies":[{"name":"wp","href":"https:\/\/api.w.org\/{rel}","templated":true}]}}