{"id":53605,"date":"2026-02-03T12:41:47","date_gmt":"2026-02-03T10:41:47","guid":{"rendered":"https:\/\/miumjau.ee\/toode\/nutrolin-omega-sensitive-ella-kakiem-un-suniem-990-ml\/"},"modified":"2026-02-03T12:41:47","modified_gmt":"2026-02-03T10:41:47","slug":"nutrolin-omega-sensitive-ella-kakiem-un-suniem-990-ml","status":"publish","type":"product","link":"https:\/\/miumjau.ee\/lv\/produkts\/nutrolin-omega-sensitive-ella-kakiem-un-suniem-990-ml\/","title":{"rendered":"Nutrolin Omega &#038; Sensitive e\u013c\u013ca ka\u0137iem un su\u0146iem, 990 ml"},"content":{"rendered":"","protected":false},"excerpt":{"rendered":"<p data-start=\"4447\" data-end=\"4908\">Nutrolin Omega &amp; Sensitive ir papildbar\u012bba jut\u012bgiem m\u0101jdz\u012bvniekiem. Lielisks omega-3 EPA un DHA tauksk\u0101bju avots, kas ir \u012bpa\u0161i svar\u012bgs kuc\u0113niem un ka\u0137\u0113niem, novecojo\u0161iem m\u0101jdz\u012bvniekiem un m\u0101jdz\u012bvniekiem ar loc\u012btavu probl\u0113m\u0101m. Produkts ir piem\u0113rots gan ka\u0137iem, gan su\u0146iem. Piem\u0113rots dz\u012bvniekiem, kas ir jut\u012bgi pret da\u017e\u0101diem alerg\u0113niem. Satur tikpat daudz omega-3 EPA un DHA tauksk\u0101bju k\u0101 augstas kvalit\u0101tes zivju e\u013c\u013ca (un apm\u0113ram 4 reizes vair\u0101k nek\u0101 la\u0161a e\u013c\u013ca).<\/p>\n<p data-start=\"4910\" data-end=\"5764\"><strong data-start=\"4910\" data-end=\"4926\">Sast\u0101vda\u013cas:<\/strong> Mikroa\u013c\u0123u e\u013c\u013ca, Saulespu\u0137u e\u013c\u013ca, Schizochytrium mikroa\u013c\u0123es k\u0101 omega-3 EPA + DHA avots, Saulespu\u0137u e\u013c\u013cas stabiliz\u0113\u0161anai, Dab\u012bgas piedevas: E vitam\u012bns (3a700) 2,5 mg\/ml, Tokoferolu ekstrakts (1b306), Rozmar\u012bna ekstrakts (2b).<br data-start=\"5150\" data-end=\"5153\" \/><strong data-start=\"5153\" data-end=\"5181\">Anal\u012btisk\u0101s sast\u0101vda\u013cas:<\/strong> Omega-3 EPA + DHA 200 mg\/ml, J\u0113lrauks 100 %, J\u0113lprote\u012bns 0 %, \u0160\u0137iedrvielas 0 %, J\u0113lpelni 0 %<br data-start=\"5274\" data-end=\"5277\" \/><strong data-start=\"5277\" data-end=\"5291\">Lieto\u0161ana:<\/strong> Piem\u0113rota ikdienas lieto\u0161anai. Sajaukt vienu reizi dien\u0101 ar su\u0146a vai ka\u0137a bar\u012bbu. Inform\u0101cija par devu: skat\u012bt uz iepakojuma.<br data-start=\"5417\" data-end=\"5420\" \/><strong data-start=\"5420\" data-end=\"5436\">Uzglab\u0101\u0161ana:<\/strong> P\u0113c iepakojuma atv\u0113r\u0161anas produkts ir der\u012bgs lieto\u0161anai l\u012bdz 3 m\u0113ne\u0161iem. Uzglab\u0101t iepakojumus saus\u0101 viet\u0101, pasarg\u0101tus no tie\u0161iem saules stariem. Atv\u0113rt\u0101s pudeles vienm\u0113r tur\u0113t vertik\u0101l\u0101 st\u0101vokl\u012b. Pudeli nav nepiecie\u0161ams sakrat\u012bt. Lab\u0101kai uzglab\u0101\u0161anai e\u013c\u013cu ieteicams tur\u0113t ledusskap\u012b. E\u013c\u013cu var ar\u012b sasald\u0113t ilg\u0101kai uzglab\u0101\u0161anai.<\/p>\n","protected":false},"featured_media":53411,"template":"","meta":[],"product_brand":[],"product_cat":[870],"product_tag":[],"class_list":{"0":"post-53605","1":"product","2":"type-product","3":"status-publish","4":"has-post-thumbnail","6":"product_cat-uztura-bagatinataji-suniem","8":"first","9":"instock","10":"sale","11":"taxable","12":"shipping-taxable","13":"purchasable","14":"product-type-simple"},"yoast_head":"<!-- This site is optimized with the Yoast SEO plugin v27.4 - https:\/\/yoast.com\/product\/yoast-seo-wordpress\/ -->\n<title>Nutrolin Omega &amp; Sensitive e\u013c\u013ca ka\u0137iem un su\u0146iem, 990 ml - MiuMjau<\/title>\n<meta name=\"robots\" content=\"index, follow, max-snippet:-1, max-image-preview:large, max-video-preview:-1\" \/>\n<link rel=\"canonical\" href=\"https:\/\/miumjau.ee\/lv\/produkts\/nutrolin-omega-sensitive-ella-kakiem-un-suniem-990-ml\/\" \/>\n<meta property=\"og:locale\" content=\"lv_LV\" \/>\n<meta property=\"og:type\" content=\"article\" \/>\n<meta property=\"og:title\" content=\"Nutrolin Omega &amp; Sensitive e\u013c\u013ca ka\u0137iem un su\u0146iem, 990 ml - MiuMjau\" \/>\n<meta property=\"og:description\" content=\"Nutrolin Omega &amp; Sensitive ir papildbar\u012bba jut\u012bgiem m\u0101jdz\u012bvniekiem. Lielisks omega-3 EPA un DHA tauksk\u0101bju avots, kas ir \u012bpa\u0161i svar\u012bgs kuc\u0113niem un ka\u0137\u0113niem, novecojo\u0161iem m\u0101jdz\u012bvniekiem un m\u0101jdz\u012bvniekiem ar loc\u012btavu probl\u0113m\u0101m. Produkts ir piem\u0113rots gan ka\u0137iem, gan su\u0146iem. Piem\u0113rots dz\u012bvniekiem, kas ir jut\u012bgi pret da\u017e\u0101diem alerg\u0113niem. Satur tikpat daudz omega-3 EPA un DHA tauksk\u0101bju k\u0101 augstas kvalit\u0101tes zivju e\u013c\u013ca (un apm\u0113ram 4 reizes vair\u0101k nek\u0101 la\u0161a e\u013c\u013ca). Sast\u0101vda\u013cas: Mikroa\u013c\u0123u e\u013c\u013ca, Saulespu\u0137u e\u013c\u013ca, Schizochytrium mikroa\u013c\u0123es k\u0101 omega-3 EPA + DHA avots, Saulespu\u0137u e\u013c\u013cas stabiliz\u0113\u0161anai, Dab\u012bgas piedevas: E vitam\u012bns (3a700) 2,5 mg\/ml, Tokoferolu ekstrakts (1b306), Rozmar\u012bna ekstrakts (2b).Anal\u012btisk\u0101s sast\u0101vda\u013cas: Omega-3 EPA + DHA 200 mg\/ml, J\u0113lrauks 100 %, J\u0113lprote\u012bns 0 %, \u0160\u0137iedrvielas 0 %, J\u0113lpelni 0 %Lieto\u0161ana: Piem\u0113rota ikdienas lieto\u0161anai. Sajaukt vienu reizi dien\u0101 ar su\u0146a vai ka\u0137a bar\u012bbu. Inform\u0101cija par devu: skat\u012bt uz iepakojuma.Uzglab\u0101\u0161ana: P\u0113c iepakojuma atv\u0113r\u0161anas produkts ir der\u012bgs lieto\u0161anai l\u012bdz 3 m\u0113ne\u0161iem. Uzglab\u0101t iepakojumus saus\u0101 viet\u0101, pasarg\u0101tus no tie\u0161iem saules stariem. Atv\u0113rt\u0101s pudeles vienm\u0113r tur\u0113t vertik\u0101l\u0101 st\u0101vokl\u012b. Pudeli nav nepiecie\u0161ams sakrat\u012bt. Lab\u0101kai uzglab\u0101\u0161anai e\u013c\u013cu ieteicams tur\u0113t ledusskap\u012b. E\u013c\u013cu var ar\u012b sasald\u0113t ilg\u0101kai uzglab\u0101\u0161anai.\" \/>\n<meta property=\"og:url\" content=\"https:\/\/miumjau.ee\/lv\/produkts\/nutrolin-omega-sensitive-ella-kakiem-un-suniem-990-ml\/\" \/>\n<meta property=\"og:site_name\" content=\"MiuMjau\" \/>\n<meta property=\"article:publisher\" content=\"https:\/\/www.facebook.com\/miumjaupood\/\" \/>\n<meta property=\"og:image\" content=\"https:\/\/miumjau.ee\/wp-content\/uploads\/2026\/02\/Nutrolin\u00aeOmegaSensitive990mlwhite.jpg\" \/>\n\t<meta property=\"og:image:width\" content=\"600\" \/>\n\t<meta property=\"og:image:height\" content=\"800\" \/>\n\t<meta property=\"og:image:type\" content=\"image\/jpeg\" \/>\n<meta name=\"twitter:card\" content=\"summary_large_image\" \/>\n<script type=\"application\/ld+json\" class=\"yoast-schema-graph\">{\"@context\":\"https:\\\/\\\/schema.org\",\"@graph\":[{\"@type\":\"WebPage\",\"@id\":\"https:\\\/\\\/miumjau.ee\\\/lv\\\/produkts\\\/nutrolin-omega-sensitive-ella-kakiem-un-suniem-990-ml\\\/\",\"url\":\"https:\\\/\\\/miumjau.ee\\\/lv\\\/produkts\\\/nutrolin-omega-sensitive-ella-kakiem-un-suniem-990-ml\\\/\",\"name\":\"Nutrolin Omega & Sensitive e\u013c\u013ca ka\u0137iem un su\u0146iem, 990 ml - MiuMjau\",\"isPartOf\":{\"@id\":\"https:\\\/\\\/miumjau.ee\\\/#website\"},\"primaryImageOfPage\":{\"@id\":\"https:\\\/\\\/miumjau.ee\\\/lv\\\/produkts\\\/nutrolin-omega-sensitive-ella-kakiem-un-suniem-990-ml\\\/#primaryimage\"},\"image\":{\"@id\":\"https:\\\/\\\/miumjau.ee\\\/lv\\\/produkts\\\/nutrolin-omega-sensitive-ella-kakiem-un-suniem-990-ml\\\/#primaryimage\"},\"thumbnailUrl\":\"https:\\\/\\\/miumjau.ee\\\/wp-content\\\/uploads\\\/2026\\\/02\\\/Nutrolin\u00aeOmegaSensitive990mlwhite.jpg\",\"datePublished\":\"2026-02-03T10:41:47+00:00\",\"breadcrumb\":{\"@id\":\"https:\\\/\\\/miumjau.ee\\\/lv\\\/produkts\\\/nutrolin-omega-sensitive-ella-kakiem-un-suniem-990-ml\\\/#breadcrumb\"},\"inLanguage\":\"lv-LV\",\"potentialAction\":[{\"@type\":\"ReadAction\",\"target\":[\"https:\\\/\\\/miumjau.ee\\\/lv\\\/produkts\\\/nutrolin-omega-sensitive-ella-kakiem-un-suniem-990-ml\\\/\"]}]},{\"@type\":\"ImageObject\",\"inLanguage\":\"lv-LV\",\"@id\":\"https:\\\/\\\/miumjau.ee\\\/lv\\\/produkts\\\/nutrolin-omega-sensitive-ella-kakiem-un-suniem-990-ml\\\/#primaryimage\",\"url\":\"https:\\\/\\\/miumjau.ee\\\/wp-content\\\/uploads\\\/2026\\\/02\\\/Nutrolin\u00aeOmegaSensitive990mlwhite.jpg\",\"contentUrl\":\"https:\\\/\\\/miumjau.ee\\\/wp-content\\\/uploads\\\/2026\\\/02\\\/Nutrolin\u00aeOmegaSensitive990mlwhite.jpg\",\"width\":600,\"height\":800,\"caption\":\"Nutrolin \u00f5li Oomega & Sensitive kassidele ja koertele, 990ml\"},{\"@type\":\"BreadcrumbList\",\"@id\":\"https:\\\/\\\/miumjau.ee\\\/lv\\\/produkts\\\/nutrolin-omega-sensitive-ella-kakiem-un-suniem-990-ml\\\/#breadcrumb\",\"itemListElement\":[{\"@type\":\"ListItem\",\"position\":1,\"name\":\"Home\",\"item\":\"https:\\\/\\\/miumjau.ee\\\/lv\\\/\"},{\"@type\":\"ListItem\",\"position\":2,\"name\":\"Veikals\",\"item\":\"https:\\\/\\\/miumjau.ee\\\/lv\\\/veikals\\\/\"},{\"@type\":\"ListItem\",\"position\":3,\"name\":\"Nutrolin Omega &#038; Sensitive e\u013c\u013ca ka\u0137iem un su\u0146iem, 990 ml\"}]},{\"@type\":\"WebSite\",\"@id\":\"https:\\\/\\\/miumjau.ee\\\/#website\",\"url\":\"https:\\\/\\\/miumjau.ee\\\/\",\"name\":\"MiuMjau\",\"description\":\"Kraapimispuud kassidele\",\"publisher\":{\"@id\":\"https:\\\/\\\/miumjau.ee\\\/#organization\"},\"potentialAction\":[{\"@type\":\"SearchAction\",\"target\":{\"@type\":\"EntryPoint\",\"urlTemplate\":\"https:\\\/\\\/miumjau.ee\\\/?s={search_term_string}\"},\"query-input\":{\"@type\":\"PropertyValueSpecification\",\"valueRequired\":true,\"valueName\":\"search_term_string\"}}],\"inLanguage\":\"lv-LV\"},{\"@type\":\"Organization\",\"@id\":\"https:\\\/\\\/miumjau.ee\\\/#organization\",\"name\":\"MiuMjau O\u00dc\",\"url\":\"https:\\\/\\\/miumjau.ee\\\/\",\"logo\":{\"@type\":\"ImageObject\",\"inLanguage\":\"lv-LV\",\"@id\":\"https:\\\/\\\/miumjau.ee\\\/#\\\/schema\\\/logo\\\/image\\\/\",\"url\":\"https:\\\/\\\/miumjau.ee\\\/wp-content\\\/uploads\\\/2022\\\/04\\\/MiuMjau-logo-kollane.png\",\"contentUrl\":\"https:\\\/\\\/miumjau.ee\\\/wp-content\\\/uploads\\\/2022\\\/04\\\/MiuMjau-logo-kollane.png\",\"width\":219,\"height\":100,\"caption\":\"MiuMjau O\u00dc\"},\"image\":{\"@id\":\"https:\\\/\\\/miumjau.ee\\\/#\\\/schema\\\/logo\\\/image\\\/\"},\"sameAs\":[\"https:\\\/\\\/www.facebook.com\\\/miumjaupood\\\/\"]}]}<\/script>\n<!-- \/ Yoast SEO plugin. -->","yoast_head_json":{"title":"Nutrolin Omega & Sensitive e\u013c\u013ca ka\u0137iem un su\u0146iem, 990 ml - MiuMjau","robots":{"index":"index","follow":"follow","max-snippet":"max-snippet:-1","max-image-preview":"max-image-preview:large","max-video-preview":"max-video-preview:-1"},"canonical":"https:\/\/miumjau.ee\/lv\/produkts\/nutrolin-omega-sensitive-ella-kakiem-un-suniem-990-ml\/","og_locale":"lv_LV","og_type":"article","og_title":"Nutrolin Omega & Sensitive e\u013c\u013ca ka\u0137iem un su\u0146iem, 990 ml - MiuMjau","og_description":"Nutrolin Omega &amp; Sensitive ir papildbar\u012bba jut\u012bgiem m\u0101jdz\u012bvniekiem. Lielisks omega-3 EPA un DHA tauksk\u0101bju avots, kas ir \u012bpa\u0161i svar\u012bgs kuc\u0113niem un ka\u0137\u0113niem, novecojo\u0161iem m\u0101jdz\u012bvniekiem un m\u0101jdz\u012bvniekiem ar loc\u012btavu probl\u0113m\u0101m. Produkts ir piem\u0113rots gan ka\u0137iem, gan su\u0146iem. Piem\u0113rots dz\u012bvniekiem, kas ir jut\u012bgi pret da\u017e\u0101diem alerg\u0113niem. Satur tikpat daudz omega-3 EPA un DHA tauksk\u0101bju k\u0101 augstas kvalit\u0101tes zivju e\u013c\u013ca (un apm\u0113ram 4 reizes vair\u0101k nek\u0101 la\u0161a e\u013c\u013ca). Sast\u0101vda\u013cas: Mikroa\u013c\u0123u e\u013c\u013ca, Saulespu\u0137u e\u013c\u013ca, Schizochytrium mikroa\u013c\u0123es k\u0101 omega-3 EPA + DHA avots, Saulespu\u0137u e\u013c\u013cas stabiliz\u0113\u0161anai, Dab\u012bgas piedevas: E vitam\u012bns (3a700) 2,5 mg\/ml, Tokoferolu ekstrakts (1b306), Rozmar\u012bna ekstrakts (2b).Anal\u012btisk\u0101s sast\u0101vda\u013cas: Omega-3 EPA + DHA 200 mg\/ml, J\u0113lrauks 100 %, J\u0113lprote\u012bns 0 %, \u0160\u0137iedrvielas 0 %, J\u0113lpelni 0 %Lieto\u0161ana: Piem\u0113rota ikdienas lieto\u0161anai. Sajaukt vienu reizi dien\u0101 ar su\u0146a vai ka\u0137a bar\u012bbu. Inform\u0101cija par devu: skat\u012bt uz iepakojuma.Uzglab\u0101\u0161ana: P\u0113c iepakojuma atv\u0113r\u0161anas produkts ir der\u012bgs lieto\u0161anai l\u012bdz 3 m\u0113ne\u0161iem. Uzglab\u0101t iepakojumus saus\u0101 viet\u0101, pasarg\u0101tus no tie\u0161iem saules stariem. Atv\u0113rt\u0101s pudeles vienm\u0113r tur\u0113t vertik\u0101l\u0101 st\u0101vokl\u012b. Pudeli nav nepiecie\u0161ams sakrat\u012bt. Lab\u0101kai uzglab\u0101\u0161anai e\u013c\u013cu ieteicams tur\u0113t ledusskap\u012b. E\u013c\u013cu var ar\u012b sasald\u0113t ilg\u0101kai uzglab\u0101\u0161anai.","og_url":"https:\/\/miumjau.ee\/lv\/produkts\/nutrolin-omega-sensitive-ella-kakiem-un-suniem-990-ml\/","og_site_name":"MiuMjau","article_publisher":"https:\/\/www.facebook.com\/miumjaupood\/","og_image":[{"width":600,"height":800,"url":"https:\/\/miumjau.ee\/wp-content\/uploads\/2026\/02\/Nutrolin\u00aeOmegaSensitive990mlwhite.jpg","type":"image\/jpeg"}],"twitter_card":"summary_large_image","schema":{"@context":"https:\/\/schema.org","@graph":[{"@type":"WebPage","@id":"https:\/\/miumjau.ee\/lv\/produkts\/nutrolin-omega-sensitive-ella-kakiem-un-suniem-990-ml\/","url":"https:\/\/miumjau.ee\/lv\/produkts\/nutrolin-omega-sensitive-ella-kakiem-un-suniem-990-ml\/","name":"Nutrolin Omega & Sensitive e\u013c\u013ca ka\u0137iem un su\u0146iem, 990 ml - MiuMjau","isPartOf":{"@id":"https:\/\/miumjau.ee\/#website"},"primaryImageOfPage":{"@id":"https:\/\/miumjau.ee\/lv\/produkts\/nutrolin-omega-sensitive-ella-kakiem-un-suniem-990-ml\/#primaryimage"},"image":{"@id":"https:\/\/miumjau.ee\/lv\/produkts\/nutrolin-omega-sensitive-ella-kakiem-un-suniem-990-ml\/#primaryimage"},"thumbnailUrl":"https:\/\/miumjau.ee\/wp-content\/uploads\/2026\/02\/Nutrolin\u00aeOmegaSensitive990mlwhite.jpg","datePublished":"2026-02-03T10:41:47+00:00","breadcrumb":{"@id":"https:\/\/miumjau.ee\/lv\/produkts\/nutrolin-omega-sensitive-ella-kakiem-un-suniem-990-ml\/#breadcrumb"},"inLanguage":"lv-LV","potentialAction":[{"@type":"ReadAction","target":["https:\/\/miumjau.ee\/lv\/produkts\/nutrolin-omega-sensitive-ella-kakiem-un-suniem-990-ml\/"]}]},{"@type":"ImageObject","inLanguage":"lv-LV","@id":"https:\/\/miumjau.ee\/lv\/produkts\/nutrolin-omega-sensitive-ella-kakiem-un-suniem-990-ml\/#primaryimage","url":"https:\/\/miumjau.ee\/wp-content\/uploads\/2026\/02\/Nutrolin\u00aeOmegaSensitive990mlwhite.jpg","contentUrl":"https:\/\/miumjau.ee\/wp-content\/uploads\/2026\/02\/Nutrolin\u00aeOmegaSensitive990mlwhite.jpg","width":600,"height":800,"caption":"Nutrolin \u00f5li Oomega & Sensitive kassidele ja koertele, 990ml"},{"@type":"BreadcrumbList","@id":"https:\/\/miumjau.ee\/lv\/produkts\/nutrolin-omega-sensitive-ella-kakiem-un-suniem-990-ml\/#breadcrumb","itemListElement":[{"@type":"ListItem","position":1,"name":"Home","item":"https:\/\/miumjau.ee\/lv\/"},{"@type":"ListItem","position":2,"name":"Veikals","item":"https:\/\/miumjau.ee\/lv\/veikals\/"},{"@type":"ListItem","position":3,"name":"Nutrolin Omega &#038; Sensitive e\u013c\u013ca ka\u0137iem un su\u0146iem, 990 ml"}]},{"@type":"WebSite","@id":"https:\/\/miumjau.ee\/#website","url":"https:\/\/miumjau.ee\/","name":"MiuMjau","description":"Kraapimispuud kassidele","publisher":{"@id":"https:\/\/miumjau.ee\/#organization"},"potentialAction":[{"@type":"SearchAction","target":{"@type":"EntryPoint","urlTemplate":"https:\/\/miumjau.ee\/?s={search_term_string}"},"query-input":{"@type":"PropertyValueSpecification","valueRequired":true,"valueName":"search_term_string"}}],"inLanguage":"lv-LV"},{"@type":"Organization","@id":"https:\/\/miumjau.ee\/#organization","name":"MiuMjau O\u00dc","url":"https:\/\/miumjau.ee\/","logo":{"@type":"ImageObject","inLanguage":"lv-LV","@id":"https:\/\/miumjau.ee\/#\/schema\/logo\/image\/","url":"https:\/\/miumjau.ee\/wp-content\/uploads\/2022\/04\/MiuMjau-logo-kollane.png","contentUrl":"https:\/\/miumjau.ee\/wp-content\/uploads\/2022\/04\/MiuMjau-logo-kollane.png","width":219,"height":100,"caption":"MiuMjau O\u00dc"},"image":{"@id":"https:\/\/miumjau.ee\/#\/schema\/logo\/image\/"},"sameAs":["https:\/\/www.facebook.com\/miumjaupood\/"]}]}},"_links":{"self":[{"href":"https:\/\/miumjau.ee\/lv\/wp-json\/wp\/v2\/product\/53605","targetHints":{"allow":["GET"]}}],"collection":[{"href":"https:\/\/miumjau.ee\/lv\/wp-json\/wp\/v2\/product"}],"about":[{"href":"https:\/\/miumjau.ee\/lv\/wp-json\/wp\/v2\/types\/product"}],"wp:featuredmedia":[{"embeddable":true,"href":"https:\/\/miumjau.ee\/lv\/wp-json\/wp\/v2\/media\/53411"}],"wp:attachment":[{"href":"https:\/\/miumjau.ee\/lv\/wp-json\/wp\/v2\/media?parent=53605"}],"wp:term":[{"taxonomy":"product_brand","embeddable":true,"href":"https:\/\/miumjau.ee\/lv\/wp-json\/wp\/v2\/product_brand?post=53605"},{"taxonomy":"product_cat","embeddable":true,"href":"https:\/\/miumjau.ee\/lv\/wp-json\/wp\/v2\/product_cat?post=53605"},{"taxonomy":"product_tag","embeddable":true,"href":"https:\/\/miumjau.ee\/lv\/wp-json\/wp\/v2\/product_tag?post=53605"}],"curies":[{"name":"wp","href":"https:\/\/api.w.org\/{rel}","templated":true}]}}