{"id":53584,"date":"2026-02-03T12:46:12","date_gmt":"2026-02-03T10:46:12","guid":{"rendered":"https:\/\/miumjau.ee\/toode\/nutrolin-sport-ella-suniem-260-ml\/"},"modified":"2026-02-03T12:46:12","modified_gmt":"2026-02-03T10:46:12","slug":"nutrolin-sport-ella-suniem-260-ml","status":"publish","type":"product","link":"https:\/\/miumjau.ee\/lv\/produkts\/nutrolin-sport-ella-suniem-260-ml\/","title":{"rendered":"Nutrolin Sport e\u013c\u013ca su\u0146iem 260 ml"},"content":{"rendered":"","protected":false},"excerpt":{"rendered":"<p data-start=\"4445\" data-end=\"5010\">Nutrolin Sport e\u013c\u013ca su\u0146iem 265 ml ir papildbar\u012bba sportiskiem su\u0146iem. Augsts omega-3 EPA un DHA saturs aizsarg\u0101 suni intens\u012bvas slodzes laik\u0101. Pievienot\u0101 krila e\u013c\u013ca satur astaksant\u012bnu, kas ir sp\u0113c\u012bg\u0101kais dab\u012bgais antioksidants. Krila e\u013c\u013cas tauksk\u0101bes ir fosfolip\u012bdu form\u0101, kuru efektivit\u0101te ir pier\u0101d\u012bta p\u0113t\u012bjumos, kas veikti ar kamanu su\u0146iem. Nutrolin e\u013c\u013ca pa\u0101trina akt\u012bva su\u0146a atjauno\u0161anos un aizsarg\u0101 balsta un kust\u012bbu apar\u0101tu. Aizsarg\u0101 darba, sporta un med\u012bbu su\u0146u musku\u013cus, kaulus un loc\u012btavas, k\u0101 ar\u012b veicina pretiekaisuma iedarb\u012bbu un pal\u012bdz stresa gad\u012bjum\u0101.<\/p>\n<p data-start=\"5012\" data-end=\"5201\"><strong data-start=\"5012\" data-end=\"5026\">Lieto\u0161ana:<\/strong> S\u0101ciet e\u013c\u013cas lieto\u0161anu divus m\u0113ne\u0161us pirms sezonas s\u0101kuma. Piem\u0113rota visu \u0161\u0137ir\u0146u su\u0146iem. Sajaukt vienu reizi dien\u0101 ar su\u0146a bar\u012bbu. Inform\u0101cija par devu: skat\u012bt uz iepakojuma.<\/p>\n<p data-start=\"5203\" data-end=\"5422\"><strong data-start=\"5203\" data-end=\"5215\">Sast\u0101vs:<\/strong> Zivju aknu e\u013c\u013ca* \u2013 omega-3 EPA + DHA 200 mg\/ml, Krila e\u013c\u013ca (Euphausia superba). Dab\u012bgas piedevas (pievienotas augu e\u013c\u013cai): E vitam\u012bns (d-alfa-tokoferols) 10 mg\/ml, Tokoferolu ekstrakts, Rozmar\u012bna ekstrakts.<\/p>\n<p data-start=\"5424\" data-end=\"5768\"><strong data-start=\"5424\" data-end=\"5440\">Uzglab\u0101\u0161ana:<\/strong> P\u0113c iepakojuma atv\u0113r\u0161anas produkts ir der\u012bgs lieto\u0161anai l\u012bdz 3 m\u0113ne\u0161iem. Uzglab\u0101t iepakojumus saus\u0101 viet\u0101, pasarg\u0101tus no tie\u0161iem saules stariem. Atv\u0113rt\u0101s pudeles vienm\u0113r tur\u0113t vertik\u0101l\u0101 st\u0101vokl\u012b. Pudeli nav nepiecie\u0161ams sakrat\u012bt. Lab\u0101kai uzglab\u0101\u0161anai e\u013c\u013cu ieteicams tur\u0113t ledusskap\u012b. E\u013c\u013cu var ar\u012b sasald\u0113t ilg\u0101kai uzglab\u0101\u0161anai.<\/p>\n","protected":false},"featured_media":53453,"template":"","meta":[],"product_brand":[],"product_cat":[870],"product_tag":[],"class_list":{"0":"post-53584","1":"product","2":"type-product","3":"status-publish","4":"has-post-thumbnail","6":"product_cat-uztura-bagatinataji-suniem","8":"first","9":"instock","10":"sale","11":"taxable","12":"shipping-taxable","13":"purchasable","14":"product-type-simple"},"yoast_head":"<!-- This site is optimized with the Yoast SEO plugin v27.4 - https:\/\/yoast.com\/product\/yoast-seo-wordpress\/ -->\n<title>Nutrolin Sport e\u013c\u013ca su\u0146iem 260 ml - MiuMjau<\/title>\n<meta name=\"robots\" content=\"index, follow, max-snippet:-1, max-image-preview:large, max-video-preview:-1\" \/>\n<link rel=\"canonical\" href=\"https:\/\/miumjau.ee\/lv\/produkts\/nutrolin-sport-ella-suniem-260-ml\/\" \/>\n<meta property=\"og:locale\" content=\"lv_LV\" \/>\n<meta property=\"og:type\" content=\"article\" \/>\n<meta property=\"og:title\" content=\"Nutrolin Sport e\u013c\u013ca su\u0146iem 260 ml - MiuMjau\" \/>\n<meta property=\"og:description\" content=\"Nutrolin Sport e\u013c\u013ca su\u0146iem 265 ml ir papildbar\u012bba sportiskiem su\u0146iem. Augsts omega-3 EPA un DHA saturs aizsarg\u0101 suni intens\u012bvas slodzes laik\u0101. Pievienot\u0101 krila e\u013c\u013ca satur astaksant\u012bnu, kas ir sp\u0113c\u012bg\u0101kais dab\u012bgais antioksidants. Krila e\u013c\u013cas tauksk\u0101bes ir fosfolip\u012bdu form\u0101, kuru efektivit\u0101te ir pier\u0101d\u012bta p\u0113t\u012bjumos, kas veikti ar kamanu su\u0146iem. Nutrolin e\u013c\u013ca pa\u0101trina akt\u012bva su\u0146a atjauno\u0161anos un aizsarg\u0101 balsta un kust\u012bbu apar\u0101tu. Aizsarg\u0101 darba, sporta un med\u012bbu su\u0146u musku\u013cus, kaulus un loc\u012btavas, k\u0101 ar\u012b veicina pretiekaisuma iedarb\u012bbu un pal\u012bdz stresa gad\u012bjum\u0101. Lieto\u0161ana: S\u0101ciet e\u013c\u013cas lieto\u0161anu divus m\u0113ne\u0161us pirms sezonas s\u0101kuma. Piem\u0113rota visu \u0161\u0137ir\u0146u su\u0146iem. Sajaukt vienu reizi dien\u0101 ar su\u0146a bar\u012bbu. Inform\u0101cija par devu: skat\u012bt uz iepakojuma. Sast\u0101vs: Zivju aknu e\u013c\u013ca* \u2013 omega-3 EPA + DHA 200 mg\/ml, Krila e\u013c\u013ca (Euphausia superba). Dab\u012bgas piedevas (pievienotas augu e\u013c\u013cai): E vitam\u012bns (d-alfa-tokoferols) 10 mg\/ml, Tokoferolu ekstrakts, Rozmar\u012bna ekstrakts. Uzglab\u0101\u0161ana: P\u0113c iepakojuma atv\u0113r\u0161anas produkts ir der\u012bgs lieto\u0161anai l\u012bdz 3 m\u0113ne\u0161iem. Uzglab\u0101t iepakojumus saus\u0101 viet\u0101, pasarg\u0101tus no tie\u0161iem saules stariem. Atv\u0113rt\u0101s pudeles vienm\u0113r tur\u0113t vertik\u0101l\u0101 st\u0101vokl\u012b. Pudeli nav nepiecie\u0161ams sakrat\u012bt. Lab\u0101kai uzglab\u0101\u0161anai e\u013c\u013cu ieteicams tur\u0113t ledusskap\u012b. E\u013c\u013cu var ar\u012b sasald\u0113t ilg\u0101kai uzglab\u0101\u0161anai.\" \/>\n<meta property=\"og:url\" content=\"https:\/\/miumjau.ee\/lv\/produkts\/nutrolin-sport-ella-suniem-260-ml\/\" \/>\n<meta property=\"og:site_name\" content=\"MiuMjau\" \/>\n<meta property=\"article:publisher\" content=\"https:\/\/www.facebook.com\/miumjaupood\/\" \/>\n<meta property=\"og:image\" content=\"https:\/\/miumjau.ee\/wp-content\/uploads\/2026\/02\/Nutrolin\u00aeSPORT260ml.jpg\" \/>\n\t<meta property=\"og:image:width\" content=\"600\" \/>\n\t<meta property=\"og:image:height\" content=\"800\" \/>\n\t<meta property=\"og:image:type\" content=\"image\/jpeg\" \/>\n<meta name=\"twitter:card\" content=\"summary_large_image\" \/>\n<script type=\"application\/ld+json\" class=\"yoast-schema-graph\">{\"@context\":\"https:\\\/\\\/schema.org\",\"@graph\":[{\"@type\":\"WebPage\",\"@id\":\"https:\\\/\\\/miumjau.ee\\\/lv\\\/produkts\\\/nutrolin-sport-ella-suniem-260-ml\\\/\",\"url\":\"https:\\\/\\\/miumjau.ee\\\/lv\\\/produkts\\\/nutrolin-sport-ella-suniem-260-ml\\\/\",\"name\":\"Nutrolin Sport e\u013c\u013ca su\u0146iem 260 ml - MiuMjau\",\"isPartOf\":{\"@id\":\"https:\\\/\\\/miumjau.ee\\\/#website\"},\"primaryImageOfPage\":{\"@id\":\"https:\\\/\\\/miumjau.ee\\\/lv\\\/produkts\\\/nutrolin-sport-ella-suniem-260-ml\\\/#primaryimage\"},\"image\":{\"@id\":\"https:\\\/\\\/miumjau.ee\\\/lv\\\/produkts\\\/nutrolin-sport-ella-suniem-260-ml\\\/#primaryimage\"},\"thumbnailUrl\":\"https:\\\/\\\/miumjau.ee\\\/wp-content\\\/uploads\\\/2026\\\/02\\\/Nutrolin\u00aeSPORT260ml.jpg\",\"datePublished\":\"2026-02-03T10:46:12+00:00\",\"breadcrumb\":{\"@id\":\"https:\\\/\\\/miumjau.ee\\\/lv\\\/produkts\\\/nutrolin-sport-ella-suniem-260-ml\\\/#breadcrumb\"},\"inLanguage\":\"lv-LV\",\"potentialAction\":[{\"@type\":\"ReadAction\",\"target\":[\"https:\\\/\\\/miumjau.ee\\\/lv\\\/produkts\\\/nutrolin-sport-ella-suniem-260-ml\\\/\"]}]},{\"@type\":\"ImageObject\",\"inLanguage\":\"lv-LV\",\"@id\":\"https:\\\/\\\/miumjau.ee\\\/lv\\\/produkts\\\/nutrolin-sport-ella-suniem-260-ml\\\/#primaryimage\",\"url\":\"https:\\\/\\\/miumjau.ee\\\/wp-content\\\/uploads\\\/2026\\\/02\\\/Nutrolin\u00aeSPORT260ml.jpg\",\"contentUrl\":\"https:\\\/\\\/miumjau.ee\\\/wp-content\\\/uploads\\\/2026\\\/02\\\/Nutrolin\u00aeSPORT260ml.jpg\",\"width\":600,\"height\":800,\"caption\":\"Nutrolin Sport \u00f5li koertele 260ml\"},{\"@type\":\"BreadcrumbList\",\"@id\":\"https:\\\/\\\/miumjau.ee\\\/lv\\\/produkts\\\/nutrolin-sport-ella-suniem-260-ml\\\/#breadcrumb\",\"itemListElement\":[{\"@type\":\"ListItem\",\"position\":1,\"name\":\"Home\",\"item\":\"https:\\\/\\\/miumjau.ee\\\/lv\\\/\"},{\"@type\":\"ListItem\",\"position\":2,\"name\":\"Veikals\",\"item\":\"https:\\\/\\\/miumjau.ee\\\/lv\\\/veikals\\\/\"},{\"@type\":\"ListItem\",\"position\":3,\"name\":\"Nutrolin Sport e\u013c\u013ca su\u0146iem 260 ml\"}]},{\"@type\":\"WebSite\",\"@id\":\"https:\\\/\\\/miumjau.ee\\\/#website\",\"url\":\"https:\\\/\\\/miumjau.ee\\\/\",\"name\":\"MiuMjau\",\"description\":\"Kraapimispuud kassidele\",\"publisher\":{\"@id\":\"https:\\\/\\\/miumjau.ee\\\/#organization\"},\"potentialAction\":[{\"@type\":\"SearchAction\",\"target\":{\"@type\":\"EntryPoint\",\"urlTemplate\":\"https:\\\/\\\/miumjau.ee\\\/?s={search_term_string}\"},\"query-input\":{\"@type\":\"PropertyValueSpecification\",\"valueRequired\":true,\"valueName\":\"search_term_string\"}}],\"inLanguage\":\"lv-LV\"},{\"@type\":\"Organization\",\"@id\":\"https:\\\/\\\/miumjau.ee\\\/#organization\",\"name\":\"MiuMjau O\u00dc\",\"url\":\"https:\\\/\\\/miumjau.ee\\\/\",\"logo\":{\"@type\":\"ImageObject\",\"inLanguage\":\"lv-LV\",\"@id\":\"https:\\\/\\\/miumjau.ee\\\/#\\\/schema\\\/logo\\\/image\\\/\",\"url\":\"https:\\\/\\\/miumjau.ee\\\/wp-content\\\/uploads\\\/2022\\\/04\\\/MiuMjau-logo-kollane.png\",\"contentUrl\":\"https:\\\/\\\/miumjau.ee\\\/wp-content\\\/uploads\\\/2022\\\/04\\\/MiuMjau-logo-kollane.png\",\"width\":219,\"height\":100,\"caption\":\"MiuMjau O\u00dc\"},\"image\":{\"@id\":\"https:\\\/\\\/miumjau.ee\\\/#\\\/schema\\\/logo\\\/image\\\/\"},\"sameAs\":[\"https:\\\/\\\/www.facebook.com\\\/miumjaupood\\\/\"]}]}<\/script>\n<!-- \/ Yoast SEO plugin. -->","yoast_head_json":{"title":"Nutrolin Sport e\u013c\u013ca su\u0146iem 260 ml - MiuMjau","robots":{"index":"index","follow":"follow","max-snippet":"max-snippet:-1","max-image-preview":"max-image-preview:large","max-video-preview":"max-video-preview:-1"},"canonical":"https:\/\/miumjau.ee\/lv\/produkts\/nutrolin-sport-ella-suniem-260-ml\/","og_locale":"lv_LV","og_type":"article","og_title":"Nutrolin Sport e\u013c\u013ca su\u0146iem 260 ml - MiuMjau","og_description":"Nutrolin Sport e\u013c\u013ca su\u0146iem 265 ml ir papildbar\u012bba sportiskiem su\u0146iem. Augsts omega-3 EPA un DHA saturs aizsarg\u0101 suni intens\u012bvas slodzes laik\u0101. Pievienot\u0101 krila e\u013c\u013ca satur astaksant\u012bnu, kas ir sp\u0113c\u012bg\u0101kais dab\u012bgais antioksidants. Krila e\u013c\u013cas tauksk\u0101bes ir fosfolip\u012bdu form\u0101, kuru efektivit\u0101te ir pier\u0101d\u012bta p\u0113t\u012bjumos, kas veikti ar kamanu su\u0146iem. Nutrolin e\u013c\u013ca pa\u0101trina akt\u012bva su\u0146a atjauno\u0161anos un aizsarg\u0101 balsta un kust\u012bbu apar\u0101tu. Aizsarg\u0101 darba, sporta un med\u012bbu su\u0146u musku\u013cus, kaulus un loc\u012btavas, k\u0101 ar\u012b veicina pretiekaisuma iedarb\u012bbu un pal\u012bdz stresa gad\u012bjum\u0101. Lieto\u0161ana: S\u0101ciet e\u013c\u013cas lieto\u0161anu divus m\u0113ne\u0161us pirms sezonas s\u0101kuma. Piem\u0113rota visu \u0161\u0137ir\u0146u su\u0146iem. Sajaukt vienu reizi dien\u0101 ar su\u0146a bar\u012bbu. Inform\u0101cija par devu: skat\u012bt uz iepakojuma. Sast\u0101vs: Zivju aknu e\u013c\u013ca* \u2013 omega-3 EPA + DHA 200 mg\/ml, Krila e\u013c\u013ca (Euphausia superba). Dab\u012bgas piedevas (pievienotas augu e\u013c\u013cai): E vitam\u012bns (d-alfa-tokoferols) 10 mg\/ml, Tokoferolu ekstrakts, Rozmar\u012bna ekstrakts. Uzglab\u0101\u0161ana: P\u0113c iepakojuma atv\u0113r\u0161anas produkts ir der\u012bgs lieto\u0161anai l\u012bdz 3 m\u0113ne\u0161iem. Uzglab\u0101t iepakojumus saus\u0101 viet\u0101, pasarg\u0101tus no tie\u0161iem saules stariem. Atv\u0113rt\u0101s pudeles vienm\u0113r tur\u0113t vertik\u0101l\u0101 st\u0101vokl\u012b. Pudeli nav nepiecie\u0161ams sakrat\u012bt. Lab\u0101kai uzglab\u0101\u0161anai e\u013c\u013cu ieteicams tur\u0113t ledusskap\u012b. E\u013c\u013cu var ar\u012b sasald\u0113t ilg\u0101kai uzglab\u0101\u0161anai.","og_url":"https:\/\/miumjau.ee\/lv\/produkts\/nutrolin-sport-ella-suniem-260-ml\/","og_site_name":"MiuMjau","article_publisher":"https:\/\/www.facebook.com\/miumjaupood\/","og_image":[{"width":600,"height":800,"url":"https:\/\/miumjau.ee\/wp-content\/uploads\/2026\/02\/Nutrolin\u00aeSPORT260ml.jpg","type":"image\/jpeg"}],"twitter_card":"summary_large_image","schema":{"@context":"https:\/\/schema.org","@graph":[{"@type":"WebPage","@id":"https:\/\/miumjau.ee\/lv\/produkts\/nutrolin-sport-ella-suniem-260-ml\/","url":"https:\/\/miumjau.ee\/lv\/produkts\/nutrolin-sport-ella-suniem-260-ml\/","name":"Nutrolin Sport e\u013c\u013ca su\u0146iem 260 ml - MiuMjau","isPartOf":{"@id":"https:\/\/miumjau.ee\/#website"},"primaryImageOfPage":{"@id":"https:\/\/miumjau.ee\/lv\/produkts\/nutrolin-sport-ella-suniem-260-ml\/#primaryimage"},"image":{"@id":"https:\/\/miumjau.ee\/lv\/produkts\/nutrolin-sport-ella-suniem-260-ml\/#primaryimage"},"thumbnailUrl":"https:\/\/miumjau.ee\/wp-content\/uploads\/2026\/02\/Nutrolin\u00aeSPORT260ml.jpg","datePublished":"2026-02-03T10:46:12+00:00","breadcrumb":{"@id":"https:\/\/miumjau.ee\/lv\/produkts\/nutrolin-sport-ella-suniem-260-ml\/#breadcrumb"},"inLanguage":"lv-LV","potentialAction":[{"@type":"ReadAction","target":["https:\/\/miumjau.ee\/lv\/produkts\/nutrolin-sport-ella-suniem-260-ml\/"]}]},{"@type":"ImageObject","inLanguage":"lv-LV","@id":"https:\/\/miumjau.ee\/lv\/produkts\/nutrolin-sport-ella-suniem-260-ml\/#primaryimage","url":"https:\/\/miumjau.ee\/wp-content\/uploads\/2026\/02\/Nutrolin\u00aeSPORT260ml.jpg","contentUrl":"https:\/\/miumjau.ee\/wp-content\/uploads\/2026\/02\/Nutrolin\u00aeSPORT260ml.jpg","width":600,"height":800,"caption":"Nutrolin Sport \u00f5li koertele 260ml"},{"@type":"BreadcrumbList","@id":"https:\/\/miumjau.ee\/lv\/produkts\/nutrolin-sport-ella-suniem-260-ml\/#breadcrumb","itemListElement":[{"@type":"ListItem","position":1,"name":"Home","item":"https:\/\/miumjau.ee\/lv\/"},{"@type":"ListItem","position":2,"name":"Veikals","item":"https:\/\/miumjau.ee\/lv\/veikals\/"},{"@type":"ListItem","position":3,"name":"Nutrolin Sport e\u013c\u013ca su\u0146iem 260 ml"}]},{"@type":"WebSite","@id":"https:\/\/miumjau.ee\/#website","url":"https:\/\/miumjau.ee\/","name":"MiuMjau","description":"Kraapimispuud kassidele","publisher":{"@id":"https:\/\/miumjau.ee\/#organization"},"potentialAction":[{"@type":"SearchAction","target":{"@type":"EntryPoint","urlTemplate":"https:\/\/miumjau.ee\/?s={search_term_string}"},"query-input":{"@type":"PropertyValueSpecification","valueRequired":true,"valueName":"search_term_string"}}],"inLanguage":"lv-LV"},{"@type":"Organization","@id":"https:\/\/miumjau.ee\/#organization","name":"MiuMjau O\u00dc","url":"https:\/\/miumjau.ee\/","logo":{"@type":"ImageObject","inLanguage":"lv-LV","@id":"https:\/\/miumjau.ee\/#\/schema\/logo\/image\/","url":"https:\/\/miumjau.ee\/wp-content\/uploads\/2022\/04\/MiuMjau-logo-kollane.png","contentUrl":"https:\/\/miumjau.ee\/wp-content\/uploads\/2022\/04\/MiuMjau-logo-kollane.png","width":219,"height":100,"caption":"MiuMjau O\u00dc"},"image":{"@id":"https:\/\/miumjau.ee\/#\/schema\/logo\/image\/"},"sameAs":["https:\/\/www.facebook.com\/miumjaupood\/"]}]}},"_links":{"self":[{"href":"https:\/\/miumjau.ee\/lv\/wp-json\/wp\/v2\/product\/53584","targetHints":{"allow":["GET"]}}],"collection":[{"href":"https:\/\/miumjau.ee\/lv\/wp-json\/wp\/v2\/product"}],"about":[{"href":"https:\/\/miumjau.ee\/lv\/wp-json\/wp\/v2\/types\/product"}],"wp:featuredmedia":[{"embeddable":true,"href":"https:\/\/miumjau.ee\/lv\/wp-json\/wp\/v2\/media\/53453"}],"wp:attachment":[{"href":"https:\/\/miumjau.ee\/lv\/wp-json\/wp\/v2\/media?parent=53584"}],"wp:term":[{"taxonomy":"product_brand","embeddable":true,"href":"https:\/\/miumjau.ee\/lv\/wp-json\/wp\/v2\/product_brand?post=53584"},{"taxonomy":"product_cat","embeddable":true,"href":"https:\/\/miumjau.ee\/lv\/wp-json\/wp\/v2\/product_cat?post=53584"},{"taxonomy":"product_tag","embeddable":true,"href":"https:\/\/miumjau.ee\/lv\/wp-json\/wp\/v2\/product_tag?post=53584"}],"curies":[{"name":"wp","href":"https:\/\/api.w.org\/{rel}","templated":true}]}}