{"id":53540,"date":"2026-02-03T13:13:52","date_gmt":"2026-02-03T11:13:52","guid":{"rendered":"https:\/\/miumjau.ee\/toode\/nutrolin-skin-coat-ella-suniem-260-ml\/"},"modified":"2026-02-03T13:13:52","modified_gmt":"2026-02-03T11:13:52","slug":"nutrolin-skin-coat-ella-suniem-260-ml","status":"publish","type":"product","link":"https:\/\/miumjau.ee\/lv\/produkts\/nutrolin-skin-coat-ella-suniem-260-ml\/","title":{"rendered":"Nutrolin Skin &#038; Coat e\u013c\u013ca su\u0146iem 260 ml"},"content":{"rendered":"","protected":false},"excerpt":{"rendered":"<p data-start=\"3942\" data-end=\"4428\">Nutrolin Skin &amp; Coat e\u013c\u013ca ir papildbar\u012bba su\u0146iem, kas baro un aizsarg\u0101 su\u0146a apmatojumu. Patent\u0113t\u0101 tauksk\u0101bju un antioksidantu formula efekt\u012bvi darbojas visiem apmatojuma veidiem. E\u013c\u013ca satur lielu daudzumu neaizvietojamo tauksk\u0101bju, k\u0101 ar\u012b GLA un SDA, lai atbalst\u012btu \u0101das dabisko aizsargfunkciju. Uzlabo \u0101das mitruma l\u012bdzsvaru, pal\u012bdzot c\u012bn\u012bties ar alerg\u0113niem un citiem kairin\u0101t\u0101jiem. Atbalsta \u0101das, nagu un \u0137epu atjauno\u0161anos un vesel\u012bbu. Bag\u0101ta ar dab\u012bgo E vitam\u012bnu. Nesatur zivju e\u013c\u013cu.<\/p>\n<p data-start=\"4430\" data-end=\"4572\"><strong data-start=\"4430\" data-end=\"4444\">Lieto\u0161ana:<\/strong> Piem\u0113rota visu \u0161\u0137ir\u0146u pieaugu\u0161iem su\u0146iem. Sajaukt vienu reizi dien\u0101 ar su\u0146a bar\u012bbu. Inform\u0101cija par devu: skat\u012bt uz iepakojuma.<\/p>\n<p data-start=\"4574\" data-end=\"4755\"><strong data-start=\"4574\" data-end=\"4586\">Sast\u0101vs:<\/strong> Neaizvietojam\u0101s tauksk\u0101bes (480 mg\/ml), Ka\u0146epju s\u0113klu e\u013c\u013ca, Rap\u0161u e\u013c\u013ca, Lins\u0113klu e\u013c\u013ca. Dab\u012bgas piedevas: E vitam\u012bns (d-alfa-tokoferols) 2,5 mg\/ml, Tokoferolu ekstrakts.<\/p>\n<p data-start=\"4757\" data-end=\"5101\"><strong data-start=\"4757\" data-end=\"4773\">Uzglab\u0101\u0161ana:<\/strong> P\u0113c iepakojuma atv\u0113r\u0161anas produkts ir der\u012bgs lieto\u0161anai l\u012bdz 4 m\u0113ne\u0161iem. Uzglab\u0101t iepakojumus saus\u0101 viet\u0101, pasarg\u0101tus no tie\u0161iem saules stariem. Atv\u0113rt\u0101s pudeles vienm\u0113r tur\u0113t vertik\u0101l\u0101 st\u0101vokl\u012b. Pudeli nav nepiecie\u0161ams sakrat\u012bt. Lab\u0101kai uzglab\u0101\u0161anai e\u013c\u013cu ieteicams tur\u0113t ledusskap\u012b. E\u013c\u013cu var ar\u012b sasald\u0113t ilg\u0101kai uzglab\u0101\u0161anai.<\/p>\n","protected":false},"featured_media":53441,"template":"","meta":[],"product_brand":[],"product_cat":[870],"product_tag":[],"class_list":{"0":"post-53540","1":"product","2":"type-product","3":"status-publish","4":"has-post-thumbnail","6":"product_cat-uztura-bagatinataji-suniem","8":"first","9":"instock","10":"sale","11":"taxable","12":"shipping-taxable","13":"purchasable","14":"product-type-simple"},"yoast_head":"<!-- This site is optimized with the Yoast SEO plugin v27.4 - https:\/\/yoast.com\/product\/yoast-seo-wordpress\/ -->\n<title>Nutrolin Skin &amp; Coat e\u013c\u013ca su\u0146iem 260 ml - MiuMjau<\/title>\n<meta name=\"robots\" content=\"index, follow, max-snippet:-1, max-image-preview:large, max-video-preview:-1\" \/>\n<link rel=\"canonical\" href=\"https:\/\/miumjau.ee\/lv\/produkts\/nutrolin-skin-coat-ella-suniem-260-ml\/\" \/>\n<meta property=\"og:locale\" content=\"lv_LV\" \/>\n<meta property=\"og:type\" content=\"article\" \/>\n<meta property=\"og:title\" content=\"Nutrolin Skin &amp; Coat e\u013c\u013ca su\u0146iem 260 ml - MiuMjau\" \/>\n<meta property=\"og:description\" content=\"Nutrolin Skin &amp; Coat e\u013c\u013ca ir papildbar\u012bba su\u0146iem, kas baro un aizsarg\u0101 su\u0146a apmatojumu. Patent\u0113t\u0101 tauksk\u0101bju un antioksidantu formula efekt\u012bvi darbojas visiem apmatojuma veidiem. E\u013c\u013ca satur lielu daudzumu neaizvietojamo tauksk\u0101bju, k\u0101 ar\u012b GLA un SDA, lai atbalst\u012btu \u0101das dabisko aizsargfunkciju. Uzlabo \u0101das mitruma l\u012bdzsvaru, pal\u012bdzot c\u012bn\u012bties ar alerg\u0113niem un citiem kairin\u0101t\u0101jiem. Atbalsta \u0101das, nagu un \u0137epu atjauno\u0161anos un vesel\u012bbu. Bag\u0101ta ar dab\u012bgo E vitam\u012bnu. Nesatur zivju e\u013c\u013cu. Lieto\u0161ana: Piem\u0113rota visu \u0161\u0137ir\u0146u pieaugu\u0161iem su\u0146iem. Sajaukt vienu reizi dien\u0101 ar su\u0146a bar\u012bbu. Inform\u0101cija par devu: skat\u012bt uz iepakojuma. Sast\u0101vs: Neaizvietojam\u0101s tauksk\u0101bes (480 mg\/ml), Ka\u0146epju s\u0113klu e\u013c\u013ca, Rap\u0161u e\u013c\u013ca, Lins\u0113klu e\u013c\u013ca. Dab\u012bgas piedevas: E vitam\u012bns (d-alfa-tokoferols) 2,5 mg\/ml, Tokoferolu ekstrakts. Uzglab\u0101\u0161ana: P\u0113c iepakojuma atv\u0113r\u0161anas produkts ir der\u012bgs lieto\u0161anai l\u012bdz 4 m\u0113ne\u0161iem. Uzglab\u0101t iepakojumus saus\u0101 viet\u0101, pasarg\u0101tus no tie\u0161iem saules stariem. Atv\u0113rt\u0101s pudeles vienm\u0113r tur\u0113t vertik\u0101l\u0101 st\u0101vokl\u012b. Pudeli nav nepiecie\u0161ams sakrat\u012bt. Lab\u0101kai uzglab\u0101\u0161anai e\u013c\u013cu ieteicams tur\u0113t ledusskap\u012b. E\u013c\u013cu var ar\u012b sasald\u0113t ilg\u0101kai uzglab\u0101\u0161anai.\" \/>\n<meta property=\"og:url\" content=\"https:\/\/miumjau.ee\/lv\/produkts\/nutrolin-skin-coat-ella-suniem-260-ml\/\" \/>\n<meta property=\"og:site_name\" content=\"MiuMjau\" \/>\n<meta property=\"article:publisher\" content=\"https:\/\/www.facebook.com\/miumjaupood\/\" \/>\n<meta property=\"og:image\" content=\"https:\/\/miumjau.ee\/wp-content\/uploads\/2026\/02\/Nutrolin\u00aeSKINCOAT260ml.jpg\" \/>\n\t<meta property=\"og:image:width\" content=\"600\" \/>\n\t<meta property=\"og:image:height\" content=\"800\" \/>\n\t<meta property=\"og:image:type\" content=\"image\/jpeg\" \/>\n<meta name=\"twitter:card\" content=\"summary_large_image\" \/>\n<script type=\"application\/ld+json\" class=\"yoast-schema-graph\">{\"@context\":\"https:\\\/\\\/schema.org\",\"@graph\":[{\"@type\":\"WebPage\",\"@id\":\"https:\\\/\\\/miumjau.ee\\\/lv\\\/produkts\\\/nutrolin-skin-coat-ella-suniem-260-ml\\\/\",\"url\":\"https:\\\/\\\/miumjau.ee\\\/lv\\\/produkts\\\/nutrolin-skin-coat-ella-suniem-260-ml\\\/\",\"name\":\"Nutrolin Skin & Coat e\u013c\u013ca su\u0146iem 260 ml - MiuMjau\",\"isPartOf\":{\"@id\":\"https:\\\/\\\/miumjau.ee\\\/#website\"},\"primaryImageOfPage\":{\"@id\":\"https:\\\/\\\/miumjau.ee\\\/lv\\\/produkts\\\/nutrolin-skin-coat-ella-suniem-260-ml\\\/#primaryimage\"},\"image\":{\"@id\":\"https:\\\/\\\/miumjau.ee\\\/lv\\\/produkts\\\/nutrolin-skin-coat-ella-suniem-260-ml\\\/#primaryimage\"},\"thumbnailUrl\":\"https:\\\/\\\/miumjau.ee\\\/wp-content\\\/uploads\\\/2026\\\/02\\\/Nutrolin\u00aeSKINCOAT260ml.jpg\",\"datePublished\":\"2026-02-03T11:13:52+00:00\",\"breadcrumb\":{\"@id\":\"https:\\\/\\\/miumjau.ee\\\/lv\\\/produkts\\\/nutrolin-skin-coat-ella-suniem-260-ml\\\/#breadcrumb\"},\"inLanguage\":\"lv-LV\",\"potentialAction\":[{\"@type\":\"ReadAction\",\"target\":[\"https:\\\/\\\/miumjau.ee\\\/lv\\\/produkts\\\/nutrolin-skin-coat-ella-suniem-260-ml\\\/\"]}]},{\"@type\":\"ImageObject\",\"inLanguage\":\"lv-LV\",\"@id\":\"https:\\\/\\\/miumjau.ee\\\/lv\\\/produkts\\\/nutrolin-skin-coat-ella-suniem-260-ml\\\/#primaryimage\",\"url\":\"https:\\\/\\\/miumjau.ee\\\/wp-content\\\/uploads\\\/2026\\\/02\\\/Nutrolin\u00aeSKINCOAT260ml.jpg\",\"contentUrl\":\"https:\\\/\\\/miumjau.ee\\\/wp-content\\\/uploads\\\/2026\\\/02\\\/Nutrolin\u00aeSKINCOAT260ml.jpg\",\"width\":600,\"height\":800,\"caption\":\"Nutrolin Skin & Coat \u00f5li koertele 260 ml\"},{\"@type\":\"BreadcrumbList\",\"@id\":\"https:\\\/\\\/miumjau.ee\\\/lv\\\/produkts\\\/nutrolin-skin-coat-ella-suniem-260-ml\\\/#breadcrumb\",\"itemListElement\":[{\"@type\":\"ListItem\",\"position\":1,\"name\":\"Home\",\"item\":\"https:\\\/\\\/miumjau.ee\\\/lv\\\/\"},{\"@type\":\"ListItem\",\"position\":2,\"name\":\"Veikals\",\"item\":\"https:\\\/\\\/miumjau.ee\\\/lv\\\/veikals\\\/\"},{\"@type\":\"ListItem\",\"position\":3,\"name\":\"Nutrolin Skin &#038; Coat e\u013c\u013ca su\u0146iem 260 ml\"}]},{\"@type\":\"WebSite\",\"@id\":\"https:\\\/\\\/miumjau.ee\\\/#website\",\"url\":\"https:\\\/\\\/miumjau.ee\\\/\",\"name\":\"MiuMjau\",\"description\":\"Kraapimispuud kassidele\",\"publisher\":{\"@id\":\"https:\\\/\\\/miumjau.ee\\\/#organization\"},\"potentialAction\":[{\"@type\":\"SearchAction\",\"target\":{\"@type\":\"EntryPoint\",\"urlTemplate\":\"https:\\\/\\\/miumjau.ee\\\/?s={search_term_string}\"},\"query-input\":{\"@type\":\"PropertyValueSpecification\",\"valueRequired\":true,\"valueName\":\"search_term_string\"}}],\"inLanguage\":\"lv-LV\"},{\"@type\":\"Organization\",\"@id\":\"https:\\\/\\\/miumjau.ee\\\/#organization\",\"name\":\"MiuMjau O\u00dc\",\"url\":\"https:\\\/\\\/miumjau.ee\\\/\",\"logo\":{\"@type\":\"ImageObject\",\"inLanguage\":\"lv-LV\",\"@id\":\"https:\\\/\\\/miumjau.ee\\\/#\\\/schema\\\/logo\\\/image\\\/\",\"url\":\"https:\\\/\\\/miumjau.ee\\\/wp-content\\\/uploads\\\/2022\\\/04\\\/MiuMjau-logo-kollane.png\",\"contentUrl\":\"https:\\\/\\\/miumjau.ee\\\/wp-content\\\/uploads\\\/2022\\\/04\\\/MiuMjau-logo-kollane.png\",\"width\":219,\"height\":100,\"caption\":\"MiuMjau O\u00dc\"},\"image\":{\"@id\":\"https:\\\/\\\/miumjau.ee\\\/#\\\/schema\\\/logo\\\/image\\\/\"},\"sameAs\":[\"https:\\\/\\\/www.facebook.com\\\/miumjaupood\\\/\"]}]}<\/script>\n<!-- \/ Yoast SEO plugin. -->","yoast_head_json":{"title":"Nutrolin Skin & Coat e\u013c\u013ca su\u0146iem 260 ml - MiuMjau","robots":{"index":"index","follow":"follow","max-snippet":"max-snippet:-1","max-image-preview":"max-image-preview:large","max-video-preview":"max-video-preview:-1"},"canonical":"https:\/\/miumjau.ee\/lv\/produkts\/nutrolin-skin-coat-ella-suniem-260-ml\/","og_locale":"lv_LV","og_type":"article","og_title":"Nutrolin Skin & Coat e\u013c\u013ca su\u0146iem 260 ml - MiuMjau","og_description":"Nutrolin Skin &amp; Coat e\u013c\u013ca ir papildbar\u012bba su\u0146iem, kas baro un aizsarg\u0101 su\u0146a apmatojumu. Patent\u0113t\u0101 tauksk\u0101bju un antioksidantu formula efekt\u012bvi darbojas visiem apmatojuma veidiem. E\u013c\u013ca satur lielu daudzumu neaizvietojamo tauksk\u0101bju, k\u0101 ar\u012b GLA un SDA, lai atbalst\u012btu \u0101das dabisko aizsargfunkciju. Uzlabo \u0101das mitruma l\u012bdzsvaru, pal\u012bdzot c\u012bn\u012bties ar alerg\u0113niem un citiem kairin\u0101t\u0101jiem. Atbalsta \u0101das, nagu un \u0137epu atjauno\u0161anos un vesel\u012bbu. Bag\u0101ta ar dab\u012bgo E vitam\u012bnu. Nesatur zivju e\u013c\u013cu. Lieto\u0161ana: Piem\u0113rota visu \u0161\u0137ir\u0146u pieaugu\u0161iem su\u0146iem. Sajaukt vienu reizi dien\u0101 ar su\u0146a bar\u012bbu. Inform\u0101cija par devu: skat\u012bt uz iepakojuma. Sast\u0101vs: Neaizvietojam\u0101s tauksk\u0101bes (480 mg\/ml), Ka\u0146epju s\u0113klu e\u013c\u013ca, Rap\u0161u e\u013c\u013ca, Lins\u0113klu e\u013c\u013ca. Dab\u012bgas piedevas: E vitam\u012bns (d-alfa-tokoferols) 2,5 mg\/ml, Tokoferolu ekstrakts. Uzglab\u0101\u0161ana: P\u0113c iepakojuma atv\u0113r\u0161anas produkts ir der\u012bgs lieto\u0161anai l\u012bdz 4 m\u0113ne\u0161iem. Uzglab\u0101t iepakojumus saus\u0101 viet\u0101, pasarg\u0101tus no tie\u0161iem saules stariem. Atv\u0113rt\u0101s pudeles vienm\u0113r tur\u0113t vertik\u0101l\u0101 st\u0101vokl\u012b. Pudeli nav nepiecie\u0161ams sakrat\u012bt. Lab\u0101kai uzglab\u0101\u0161anai e\u013c\u013cu ieteicams tur\u0113t ledusskap\u012b. E\u013c\u013cu var ar\u012b sasald\u0113t ilg\u0101kai uzglab\u0101\u0161anai.","og_url":"https:\/\/miumjau.ee\/lv\/produkts\/nutrolin-skin-coat-ella-suniem-260-ml\/","og_site_name":"MiuMjau","article_publisher":"https:\/\/www.facebook.com\/miumjaupood\/","og_image":[{"width":600,"height":800,"url":"https:\/\/miumjau.ee\/wp-content\/uploads\/2026\/02\/Nutrolin\u00aeSKINCOAT260ml.jpg","type":"image\/jpeg"}],"twitter_card":"summary_large_image","schema":{"@context":"https:\/\/schema.org","@graph":[{"@type":"WebPage","@id":"https:\/\/miumjau.ee\/lv\/produkts\/nutrolin-skin-coat-ella-suniem-260-ml\/","url":"https:\/\/miumjau.ee\/lv\/produkts\/nutrolin-skin-coat-ella-suniem-260-ml\/","name":"Nutrolin Skin & Coat e\u013c\u013ca su\u0146iem 260 ml - MiuMjau","isPartOf":{"@id":"https:\/\/miumjau.ee\/#website"},"primaryImageOfPage":{"@id":"https:\/\/miumjau.ee\/lv\/produkts\/nutrolin-skin-coat-ella-suniem-260-ml\/#primaryimage"},"image":{"@id":"https:\/\/miumjau.ee\/lv\/produkts\/nutrolin-skin-coat-ella-suniem-260-ml\/#primaryimage"},"thumbnailUrl":"https:\/\/miumjau.ee\/wp-content\/uploads\/2026\/02\/Nutrolin\u00aeSKINCOAT260ml.jpg","datePublished":"2026-02-03T11:13:52+00:00","breadcrumb":{"@id":"https:\/\/miumjau.ee\/lv\/produkts\/nutrolin-skin-coat-ella-suniem-260-ml\/#breadcrumb"},"inLanguage":"lv-LV","potentialAction":[{"@type":"ReadAction","target":["https:\/\/miumjau.ee\/lv\/produkts\/nutrolin-skin-coat-ella-suniem-260-ml\/"]}]},{"@type":"ImageObject","inLanguage":"lv-LV","@id":"https:\/\/miumjau.ee\/lv\/produkts\/nutrolin-skin-coat-ella-suniem-260-ml\/#primaryimage","url":"https:\/\/miumjau.ee\/wp-content\/uploads\/2026\/02\/Nutrolin\u00aeSKINCOAT260ml.jpg","contentUrl":"https:\/\/miumjau.ee\/wp-content\/uploads\/2026\/02\/Nutrolin\u00aeSKINCOAT260ml.jpg","width":600,"height":800,"caption":"Nutrolin Skin & Coat \u00f5li koertele 260 ml"},{"@type":"BreadcrumbList","@id":"https:\/\/miumjau.ee\/lv\/produkts\/nutrolin-skin-coat-ella-suniem-260-ml\/#breadcrumb","itemListElement":[{"@type":"ListItem","position":1,"name":"Home","item":"https:\/\/miumjau.ee\/lv\/"},{"@type":"ListItem","position":2,"name":"Veikals","item":"https:\/\/miumjau.ee\/lv\/veikals\/"},{"@type":"ListItem","position":3,"name":"Nutrolin Skin &#038; Coat e\u013c\u013ca su\u0146iem 260 ml"}]},{"@type":"WebSite","@id":"https:\/\/miumjau.ee\/#website","url":"https:\/\/miumjau.ee\/","name":"MiuMjau","description":"Kraapimispuud kassidele","publisher":{"@id":"https:\/\/miumjau.ee\/#organization"},"potentialAction":[{"@type":"SearchAction","target":{"@type":"EntryPoint","urlTemplate":"https:\/\/miumjau.ee\/?s={search_term_string}"},"query-input":{"@type":"PropertyValueSpecification","valueRequired":true,"valueName":"search_term_string"}}],"inLanguage":"lv-LV"},{"@type":"Organization","@id":"https:\/\/miumjau.ee\/#organization","name":"MiuMjau O\u00dc","url":"https:\/\/miumjau.ee\/","logo":{"@type":"ImageObject","inLanguage":"lv-LV","@id":"https:\/\/miumjau.ee\/#\/schema\/logo\/image\/","url":"https:\/\/miumjau.ee\/wp-content\/uploads\/2022\/04\/MiuMjau-logo-kollane.png","contentUrl":"https:\/\/miumjau.ee\/wp-content\/uploads\/2022\/04\/MiuMjau-logo-kollane.png","width":219,"height":100,"caption":"MiuMjau O\u00dc"},"image":{"@id":"https:\/\/miumjau.ee\/#\/schema\/logo\/image\/"},"sameAs":["https:\/\/www.facebook.com\/miumjaupood\/"]}]}},"_links":{"self":[{"href":"https:\/\/miumjau.ee\/lv\/wp-json\/wp\/v2\/product\/53540","targetHints":{"allow":["GET"]}}],"collection":[{"href":"https:\/\/miumjau.ee\/lv\/wp-json\/wp\/v2\/product"}],"about":[{"href":"https:\/\/miumjau.ee\/lv\/wp-json\/wp\/v2\/types\/product"}],"wp:featuredmedia":[{"embeddable":true,"href":"https:\/\/miumjau.ee\/lv\/wp-json\/wp\/v2\/media\/53441"}],"wp:attachment":[{"href":"https:\/\/miumjau.ee\/lv\/wp-json\/wp\/v2\/media?parent=53540"}],"wp:term":[{"taxonomy":"product_brand","embeddable":true,"href":"https:\/\/miumjau.ee\/lv\/wp-json\/wp\/v2\/product_brand?post=53540"},{"taxonomy":"product_cat","embeddable":true,"href":"https:\/\/miumjau.ee\/lv\/wp-json\/wp\/v2\/product_cat?post=53540"},{"taxonomy":"product_tag","embeddable":true,"href":"https:\/\/miumjau.ee\/lv\/wp-json\/wp\/v2\/product_tag?post=53540"}],"curies":[{"name":"wp","href":"https:\/\/api.w.org\/{rel}","templated":true}]}}