{"id":53530,"date":"2026-02-03T13:21:33","date_gmt":"2026-02-03T11:21:33","guid":{"rendered":"https:\/\/miumjau.ee\/toode\/nutrolin-senior-ella-vecakiem-suniem-990-ml\/"},"modified":"2026-02-03T13:21:33","modified_gmt":"2026-02-03T11:21:33","slug":"nutrolin-senior-ella-vecakiem-suniem-990-ml","status":"publish","type":"product","link":"https:\/\/miumjau.ee\/lv\/produkts\/nutrolin-senior-ella-vecakiem-suniem-990-ml\/","title":{"rendered":"Nutrolin Senior e\u013c\u013ca vec\u0101kiem su\u0146iem 990 ml"},"content":{"rendered":"","protected":false},"excerpt":{"rendered":"<p data-start=\"3761\" data-end=\"4099\">Nutrolin Senior e\u013c\u013ca vec\u0101kiem su\u0146iem ir papildbar\u012bba, kas bag\u0101tin\u0101ta ar Omega-3 zivju aknu e\u013c\u013cu, lai atbalst\u012btu vec\u0101ku su\u0146u kust\u012bgumu, smadze\u0146u darb\u012bbu, acu, sirds un zobu labsaj\u016btu. Piem\u0113rota ar\u012b su\u0146iem ar jut\u012bgu ku\u0146\u0123i. E\u013c\u013c\u0101 eso\u0161ais D vitam\u012bns pal\u012bdz uztur\u0113t zobu un kaulu vesel\u012bbu. E\u013c\u013ca pal\u012bdz atbalst\u012bt un uzlabot vec\u0101ka su\u0146a vesel\u012bbu.<\/p>\n<p data-start=\"4101\" data-end=\"4240\"><strong data-start=\"4101\" data-end=\"4115\">Lieto\u0161ana:<\/strong> Piem\u0113rota visu \u0161\u0137ir\u0146u vec\u0101kiem su\u0146iem. Sajaukt vienu reizi dien\u0101 ar su\u0146a bar\u012bbu. Inform\u0101cija par devu: skat\u012bt uz iepakojuma.<\/p>\n<p data-start=\"4242\" data-end=\"4488\"><strong data-start=\"4242\" data-end=\"4254\">Sast\u0101vs:<\/strong> Zivju aknu e\u013c\u013ca* \u2013 omega-3 EPA + DHA 200 mg\/ml (1:1), Lecit\u012bns (fosfohol\u012bna avots), Dab\u012bgas piedevas (pievienotas augu e\u013c\u013cai): E vitam\u012bns (d-alfa-tokoferols) 2,5 mg\/ml, D vitam\u012bns 1,0 \u00b5g\/ml, Tokoferolu ekstrakts, Rozmar\u012bna ekstrakts.<\/p>\n<p data-start=\"4490\" data-end=\"4834\"><strong data-start=\"4490\" data-end=\"4506\">Uzglab\u0101\u0161ana:<\/strong> P\u0113c iepakojuma atv\u0113r\u0161anas produkts ir der\u012bgs lieto\u0161anai l\u012bdz 4 m\u0113ne\u0161iem. Uzglab\u0101t iepakojumus saus\u0101 viet\u0101, pasarg\u0101tus no tie\u0161iem saules stariem. Atv\u0113rt\u0101s pudeles vienm\u0113r tur\u0113t vertik\u0101l\u0101 st\u0101vokl\u012b. Pudeli nav nepiecie\u0161ams sakrat\u012bt. Lab\u0101kai uzglab\u0101\u0161anai e\u013c\u013cu ieteicams tur\u0113t ledusskap\u012b. E\u013c\u013cu var ar\u012b sasald\u0113t ilg\u0101kai uzglab\u0101\u0161anai.<\/p>\n","protected":false},"featured_media":53435,"template":"","meta":[],"product_brand":[],"product_cat":[870],"product_tag":[],"class_list":{"0":"post-53530","1":"product","2":"type-product","3":"status-publish","4":"has-post-thumbnail","6":"product_cat-uztura-bagatinataji-suniem","8":"first","9":"instock","10":"sale","11":"taxable","12":"shipping-taxable","13":"purchasable","14":"product-type-simple"},"yoast_head":"<!-- This site is optimized with the Yoast SEO plugin v27.4 - https:\/\/yoast.com\/product\/yoast-seo-wordpress\/ -->\n<title>Nutrolin Senior e\u013c\u013ca vec\u0101kiem su\u0146iem 990 ml - MiuMjau<\/title>\n<meta name=\"robots\" content=\"index, follow, max-snippet:-1, max-image-preview:large, max-video-preview:-1\" \/>\n<link rel=\"canonical\" href=\"https:\/\/miumjau.ee\/lv\/produkts\/nutrolin-senior-ella-vecakiem-suniem-990-ml\/\" \/>\n<meta property=\"og:locale\" content=\"lv_LV\" \/>\n<meta property=\"og:type\" content=\"article\" \/>\n<meta property=\"og:title\" content=\"Nutrolin Senior e\u013c\u013ca vec\u0101kiem su\u0146iem 990 ml - MiuMjau\" \/>\n<meta property=\"og:description\" content=\"Nutrolin Senior e\u013c\u013ca vec\u0101kiem su\u0146iem ir papildbar\u012bba, kas bag\u0101tin\u0101ta ar Omega-3 zivju aknu e\u013c\u013cu, lai atbalst\u012btu vec\u0101ku su\u0146u kust\u012bgumu, smadze\u0146u darb\u012bbu, acu, sirds un zobu labsaj\u016btu. Piem\u0113rota ar\u012b su\u0146iem ar jut\u012bgu ku\u0146\u0123i. E\u013c\u013c\u0101 eso\u0161ais D vitam\u012bns pal\u012bdz uztur\u0113t zobu un kaulu vesel\u012bbu. E\u013c\u013ca pal\u012bdz atbalst\u012bt un uzlabot vec\u0101ka su\u0146a vesel\u012bbu. Lieto\u0161ana: Piem\u0113rota visu \u0161\u0137ir\u0146u vec\u0101kiem su\u0146iem. Sajaukt vienu reizi dien\u0101 ar su\u0146a bar\u012bbu. Inform\u0101cija par devu: skat\u012bt uz iepakojuma. Sast\u0101vs: Zivju aknu e\u013c\u013ca* \u2013 omega-3 EPA + DHA 200 mg\/ml (1:1), Lecit\u012bns (fosfohol\u012bna avots), Dab\u012bgas piedevas (pievienotas augu e\u013c\u013cai): E vitam\u012bns (d-alfa-tokoferols) 2,5 mg\/ml, D vitam\u012bns 1,0 \u00b5g\/ml, Tokoferolu ekstrakts, Rozmar\u012bna ekstrakts. Uzglab\u0101\u0161ana: P\u0113c iepakojuma atv\u0113r\u0161anas produkts ir der\u012bgs lieto\u0161anai l\u012bdz 4 m\u0113ne\u0161iem. Uzglab\u0101t iepakojumus saus\u0101 viet\u0101, pasarg\u0101tus no tie\u0161iem saules stariem. Atv\u0113rt\u0101s pudeles vienm\u0113r tur\u0113t vertik\u0101l\u0101 st\u0101vokl\u012b. Pudeli nav nepiecie\u0161ams sakrat\u012bt. Lab\u0101kai uzglab\u0101\u0161anai e\u013c\u013cu ieteicams tur\u0113t ledusskap\u012b. E\u013c\u013cu var ar\u012b sasald\u0113t ilg\u0101kai uzglab\u0101\u0161anai.\" \/>\n<meta property=\"og:url\" content=\"https:\/\/miumjau.ee\/lv\/produkts\/nutrolin-senior-ella-vecakiem-suniem-990-ml\/\" \/>\n<meta property=\"og:site_name\" content=\"MiuMjau\" \/>\n<meta property=\"article:publisher\" content=\"https:\/\/www.facebook.com\/miumjaupood\/\" \/>\n<meta property=\"og:image\" content=\"https:\/\/miumjau.ee\/wp-content\/uploads\/2026\/02\/Nutrolin\u00aeSENIOR990ml.jpg\" \/>\n\t<meta property=\"og:image:width\" content=\"600\" \/>\n\t<meta property=\"og:image:height\" content=\"800\" \/>\n\t<meta property=\"og:image:type\" content=\"image\/jpeg\" \/>\n<meta name=\"twitter:card\" content=\"summary_large_image\" \/>\n<script type=\"application\/ld+json\" class=\"yoast-schema-graph\">{\"@context\":\"https:\\\/\\\/schema.org\",\"@graph\":[{\"@type\":\"WebPage\",\"@id\":\"https:\\\/\\\/miumjau.ee\\\/lv\\\/produkts\\\/nutrolin-senior-ella-vecakiem-suniem-990-ml\\\/\",\"url\":\"https:\\\/\\\/miumjau.ee\\\/lv\\\/produkts\\\/nutrolin-senior-ella-vecakiem-suniem-990-ml\\\/\",\"name\":\"Nutrolin Senior e\u013c\u013ca vec\u0101kiem su\u0146iem 990 ml - MiuMjau\",\"isPartOf\":{\"@id\":\"https:\\\/\\\/miumjau.ee\\\/#website\"},\"primaryImageOfPage\":{\"@id\":\"https:\\\/\\\/miumjau.ee\\\/lv\\\/produkts\\\/nutrolin-senior-ella-vecakiem-suniem-990-ml\\\/#primaryimage\"},\"image\":{\"@id\":\"https:\\\/\\\/miumjau.ee\\\/lv\\\/produkts\\\/nutrolin-senior-ella-vecakiem-suniem-990-ml\\\/#primaryimage\"},\"thumbnailUrl\":\"https:\\\/\\\/miumjau.ee\\\/wp-content\\\/uploads\\\/2026\\\/02\\\/Nutrolin\u00aeSENIOR990ml.jpg\",\"datePublished\":\"2026-02-03T11:21:33+00:00\",\"breadcrumb\":{\"@id\":\"https:\\\/\\\/miumjau.ee\\\/lv\\\/produkts\\\/nutrolin-senior-ella-vecakiem-suniem-990-ml\\\/#breadcrumb\"},\"inLanguage\":\"lv-LV\",\"potentialAction\":[{\"@type\":\"ReadAction\",\"target\":[\"https:\\\/\\\/miumjau.ee\\\/lv\\\/produkts\\\/nutrolin-senior-ella-vecakiem-suniem-990-ml\\\/\"]}]},{\"@type\":\"ImageObject\",\"inLanguage\":\"lv-LV\",\"@id\":\"https:\\\/\\\/miumjau.ee\\\/lv\\\/produkts\\\/nutrolin-senior-ella-vecakiem-suniem-990-ml\\\/#primaryimage\",\"url\":\"https:\\\/\\\/miumjau.ee\\\/wp-content\\\/uploads\\\/2026\\\/02\\\/Nutrolin\u00aeSENIOR990ml.jpg\",\"contentUrl\":\"https:\\\/\\\/miumjau.ee\\\/wp-content\\\/uploads\\\/2026\\\/02\\\/Nutrolin\u00aeSENIOR990ml.jpg\",\"width\":600,\"height\":800,\"caption\":\"Nutrolin Senior \u00f5li eakatele koertele 990ml\"},{\"@type\":\"BreadcrumbList\",\"@id\":\"https:\\\/\\\/miumjau.ee\\\/lv\\\/produkts\\\/nutrolin-senior-ella-vecakiem-suniem-990-ml\\\/#breadcrumb\",\"itemListElement\":[{\"@type\":\"ListItem\",\"position\":1,\"name\":\"Home\",\"item\":\"https:\\\/\\\/miumjau.ee\\\/lv\\\/\"},{\"@type\":\"ListItem\",\"position\":2,\"name\":\"Veikals\",\"item\":\"https:\\\/\\\/miumjau.ee\\\/lv\\\/veikals\\\/\"},{\"@type\":\"ListItem\",\"position\":3,\"name\":\"Nutrolin Senior e\u013c\u013ca vec\u0101kiem su\u0146iem 990 ml\"}]},{\"@type\":\"WebSite\",\"@id\":\"https:\\\/\\\/miumjau.ee\\\/#website\",\"url\":\"https:\\\/\\\/miumjau.ee\\\/\",\"name\":\"MiuMjau\",\"description\":\"Kraapimispuud kassidele\",\"publisher\":{\"@id\":\"https:\\\/\\\/miumjau.ee\\\/#organization\"},\"potentialAction\":[{\"@type\":\"SearchAction\",\"target\":{\"@type\":\"EntryPoint\",\"urlTemplate\":\"https:\\\/\\\/miumjau.ee\\\/?s={search_term_string}\"},\"query-input\":{\"@type\":\"PropertyValueSpecification\",\"valueRequired\":true,\"valueName\":\"search_term_string\"}}],\"inLanguage\":\"lv-LV\"},{\"@type\":\"Organization\",\"@id\":\"https:\\\/\\\/miumjau.ee\\\/#organization\",\"name\":\"MiuMjau O\u00dc\",\"url\":\"https:\\\/\\\/miumjau.ee\\\/\",\"logo\":{\"@type\":\"ImageObject\",\"inLanguage\":\"lv-LV\",\"@id\":\"https:\\\/\\\/miumjau.ee\\\/#\\\/schema\\\/logo\\\/image\\\/\",\"url\":\"https:\\\/\\\/miumjau.ee\\\/wp-content\\\/uploads\\\/2022\\\/04\\\/MiuMjau-logo-kollane.png\",\"contentUrl\":\"https:\\\/\\\/miumjau.ee\\\/wp-content\\\/uploads\\\/2022\\\/04\\\/MiuMjau-logo-kollane.png\",\"width\":219,\"height\":100,\"caption\":\"MiuMjau O\u00dc\"},\"image\":{\"@id\":\"https:\\\/\\\/miumjau.ee\\\/#\\\/schema\\\/logo\\\/image\\\/\"},\"sameAs\":[\"https:\\\/\\\/www.facebook.com\\\/miumjaupood\\\/\"]}]}<\/script>\n<!-- \/ Yoast SEO plugin. -->","yoast_head_json":{"title":"Nutrolin Senior e\u013c\u013ca vec\u0101kiem su\u0146iem 990 ml - MiuMjau","robots":{"index":"index","follow":"follow","max-snippet":"max-snippet:-1","max-image-preview":"max-image-preview:large","max-video-preview":"max-video-preview:-1"},"canonical":"https:\/\/miumjau.ee\/lv\/produkts\/nutrolin-senior-ella-vecakiem-suniem-990-ml\/","og_locale":"lv_LV","og_type":"article","og_title":"Nutrolin Senior e\u013c\u013ca vec\u0101kiem su\u0146iem 990 ml - MiuMjau","og_description":"Nutrolin Senior e\u013c\u013ca vec\u0101kiem su\u0146iem ir papildbar\u012bba, kas bag\u0101tin\u0101ta ar Omega-3 zivju aknu e\u013c\u013cu, lai atbalst\u012btu vec\u0101ku su\u0146u kust\u012bgumu, smadze\u0146u darb\u012bbu, acu, sirds un zobu labsaj\u016btu. Piem\u0113rota ar\u012b su\u0146iem ar jut\u012bgu ku\u0146\u0123i. E\u013c\u013c\u0101 eso\u0161ais D vitam\u012bns pal\u012bdz uztur\u0113t zobu un kaulu vesel\u012bbu. E\u013c\u013ca pal\u012bdz atbalst\u012bt un uzlabot vec\u0101ka su\u0146a vesel\u012bbu. Lieto\u0161ana: Piem\u0113rota visu \u0161\u0137ir\u0146u vec\u0101kiem su\u0146iem. Sajaukt vienu reizi dien\u0101 ar su\u0146a bar\u012bbu. Inform\u0101cija par devu: skat\u012bt uz iepakojuma. Sast\u0101vs: Zivju aknu e\u013c\u013ca* \u2013 omega-3 EPA + DHA 200 mg\/ml (1:1), Lecit\u012bns (fosfohol\u012bna avots), Dab\u012bgas piedevas (pievienotas augu e\u013c\u013cai): E vitam\u012bns (d-alfa-tokoferols) 2,5 mg\/ml, D vitam\u012bns 1,0 \u00b5g\/ml, Tokoferolu ekstrakts, Rozmar\u012bna ekstrakts. Uzglab\u0101\u0161ana: P\u0113c iepakojuma atv\u0113r\u0161anas produkts ir der\u012bgs lieto\u0161anai l\u012bdz 4 m\u0113ne\u0161iem. Uzglab\u0101t iepakojumus saus\u0101 viet\u0101, pasarg\u0101tus no tie\u0161iem saules stariem. Atv\u0113rt\u0101s pudeles vienm\u0113r tur\u0113t vertik\u0101l\u0101 st\u0101vokl\u012b. Pudeli nav nepiecie\u0161ams sakrat\u012bt. Lab\u0101kai uzglab\u0101\u0161anai e\u013c\u013cu ieteicams tur\u0113t ledusskap\u012b. E\u013c\u013cu var ar\u012b sasald\u0113t ilg\u0101kai uzglab\u0101\u0161anai.","og_url":"https:\/\/miumjau.ee\/lv\/produkts\/nutrolin-senior-ella-vecakiem-suniem-990-ml\/","og_site_name":"MiuMjau","article_publisher":"https:\/\/www.facebook.com\/miumjaupood\/","og_image":[{"width":600,"height":800,"url":"https:\/\/miumjau.ee\/wp-content\/uploads\/2026\/02\/Nutrolin\u00aeSENIOR990ml.jpg","type":"image\/jpeg"}],"twitter_card":"summary_large_image","schema":{"@context":"https:\/\/schema.org","@graph":[{"@type":"WebPage","@id":"https:\/\/miumjau.ee\/lv\/produkts\/nutrolin-senior-ella-vecakiem-suniem-990-ml\/","url":"https:\/\/miumjau.ee\/lv\/produkts\/nutrolin-senior-ella-vecakiem-suniem-990-ml\/","name":"Nutrolin Senior e\u013c\u013ca vec\u0101kiem su\u0146iem 990 ml - MiuMjau","isPartOf":{"@id":"https:\/\/miumjau.ee\/#website"},"primaryImageOfPage":{"@id":"https:\/\/miumjau.ee\/lv\/produkts\/nutrolin-senior-ella-vecakiem-suniem-990-ml\/#primaryimage"},"image":{"@id":"https:\/\/miumjau.ee\/lv\/produkts\/nutrolin-senior-ella-vecakiem-suniem-990-ml\/#primaryimage"},"thumbnailUrl":"https:\/\/miumjau.ee\/wp-content\/uploads\/2026\/02\/Nutrolin\u00aeSENIOR990ml.jpg","datePublished":"2026-02-03T11:21:33+00:00","breadcrumb":{"@id":"https:\/\/miumjau.ee\/lv\/produkts\/nutrolin-senior-ella-vecakiem-suniem-990-ml\/#breadcrumb"},"inLanguage":"lv-LV","potentialAction":[{"@type":"ReadAction","target":["https:\/\/miumjau.ee\/lv\/produkts\/nutrolin-senior-ella-vecakiem-suniem-990-ml\/"]}]},{"@type":"ImageObject","inLanguage":"lv-LV","@id":"https:\/\/miumjau.ee\/lv\/produkts\/nutrolin-senior-ella-vecakiem-suniem-990-ml\/#primaryimage","url":"https:\/\/miumjau.ee\/wp-content\/uploads\/2026\/02\/Nutrolin\u00aeSENIOR990ml.jpg","contentUrl":"https:\/\/miumjau.ee\/wp-content\/uploads\/2026\/02\/Nutrolin\u00aeSENIOR990ml.jpg","width":600,"height":800,"caption":"Nutrolin Senior \u00f5li eakatele koertele 990ml"},{"@type":"BreadcrumbList","@id":"https:\/\/miumjau.ee\/lv\/produkts\/nutrolin-senior-ella-vecakiem-suniem-990-ml\/#breadcrumb","itemListElement":[{"@type":"ListItem","position":1,"name":"Home","item":"https:\/\/miumjau.ee\/lv\/"},{"@type":"ListItem","position":2,"name":"Veikals","item":"https:\/\/miumjau.ee\/lv\/veikals\/"},{"@type":"ListItem","position":3,"name":"Nutrolin Senior e\u013c\u013ca vec\u0101kiem su\u0146iem 990 ml"}]},{"@type":"WebSite","@id":"https:\/\/miumjau.ee\/#website","url":"https:\/\/miumjau.ee\/","name":"MiuMjau","description":"Kraapimispuud kassidele","publisher":{"@id":"https:\/\/miumjau.ee\/#organization"},"potentialAction":[{"@type":"SearchAction","target":{"@type":"EntryPoint","urlTemplate":"https:\/\/miumjau.ee\/?s={search_term_string}"},"query-input":{"@type":"PropertyValueSpecification","valueRequired":true,"valueName":"search_term_string"}}],"inLanguage":"lv-LV"},{"@type":"Organization","@id":"https:\/\/miumjau.ee\/#organization","name":"MiuMjau O\u00dc","url":"https:\/\/miumjau.ee\/","logo":{"@type":"ImageObject","inLanguage":"lv-LV","@id":"https:\/\/miumjau.ee\/#\/schema\/logo\/image\/","url":"https:\/\/miumjau.ee\/wp-content\/uploads\/2022\/04\/MiuMjau-logo-kollane.png","contentUrl":"https:\/\/miumjau.ee\/wp-content\/uploads\/2022\/04\/MiuMjau-logo-kollane.png","width":219,"height":100,"caption":"MiuMjau O\u00dc"},"image":{"@id":"https:\/\/miumjau.ee\/#\/schema\/logo\/image\/"},"sameAs":["https:\/\/www.facebook.com\/miumjaupood\/"]}]}},"_links":{"self":[{"href":"https:\/\/miumjau.ee\/lv\/wp-json\/wp\/v2\/product\/53530","targetHints":{"allow":["GET"]}}],"collection":[{"href":"https:\/\/miumjau.ee\/lv\/wp-json\/wp\/v2\/product"}],"about":[{"href":"https:\/\/miumjau.ee\/lv\/wp-json\/wp\/v2\/types\/product"}],"wp:featuredmedia":[{"embeddable":true,"href":"https:\/\/miumjau.ee\/lv\/wp-json\/wp\/v2\/media\/53435"}],"wp:attachment":[{"href":"https:\/\/miumjau.ee\/lv\/wp-json\/wp\/v2\/media?parent=53530"}],"wp:term":[{"taxonomy":"product_brand","embeddable":true,"href":"https:\/\/miumjau.ee\/lv\/wp-json\/wp\/v2\/product_brand?post=53530"},{"taxonomy":"product_cat","embeddable":true,"href":"https:\/\/miumjau.ee\/lv\/wp-json\/wp\/v2\/product_cat?post=53530"},{"taxonomy":"product_tag","embeddable":true,"href":"https:\/\/miumjau.ee\/lv\/wp-json\/wp\/v2\/product_tag?post=53530"}],"curies":[{"name":"wp","href":"https:\/\/api.w.org\/{rel}","templated":true}]}}