{"id":53190,"date":"2026-01-27T13:07:49","date_gmt":"2026-01-27T11:07:49","guid":{"rendered":"https:\/\/miumjau.ee\/toode\/aatas-cat-tantalizing-mix-galas-konservi-24-x-80g\/"},"modified":"2026-01-27T13:07:49","modified_gmt":"2026-01-27T11:07:49","slug":"aatas-cat-tantalizing-mix-galas-konservi-24-x-80g","status":"publish","type":"product","link":"https:\/\/miumjau.ee\/lv\/produkts\/aatas-cat-tantalizing-mix-galas-konservi-24-x-80g\/","title":{"rendered":"Aatas Cat Tantalizing Mix ga\u013cas konservi 24 x 80g"},"content":{"rendered":"","protected":false},"excerpt":{"rendered":"<p data-path-to-node=\"20\"><b data-path-to-node=\"20\" data-index-in-node=\"0\">MIUMJAU VISVAIR\u0100K P\u0100RDOTAIS PRODUKTS 2025<\/b> Garda papildbar\u012bba ka\u0137iem, izgatavota ar lielu daudzumu ga\u013cas. \u0160aj\u0101 komplekt\u0101 ir MIX gar\u0161as no Tantalizing s\u0113rijas, vismaz 3 da\u017e\u0101das gar\u0161as. Ka\u0137iem pat\u012bk daudzveid\u012bba!<\/p>\n<p data-path-to-node=\"21\"><b data-path-to-node=\"21\" data-index-in-node=\"0\">Kast\u0113 varat atrast \u0161\u0101das gar\u0161as:<\/b> <b data-path-to-node=\"21\" data-index-in-node=\"33\">Tunzivs un liellops.<\/b> Sast\u0101vs: tunzivs buljons, tunzivs, liellopu ga\u013ca, \u017eel\u0113jo\u0161as vielas (j\u016brasz\u0101les, kasijas sve\u0137i, gu\u0101ra sve\u0137i, ceratoniju aug\u013cu milti, k\u0101lija hlor\u012bds un karbon\u0101ti). Anal\u012btiskais sast\u0101vs: kopprote\u012bns 10,0%, koptauki 0,4%, kop\u0161\u0137iedra 1,0%, koppelni 3,0%, mitrums 89,0%. <b data-path-to-node=\"21\" data-index-in-node=\"319\">Tunzivs un garneles.<\/b> Sast\u0101vs: tunzivs buljons, tunzivs, garneles, \u017eel\u0113jo\u0161as vielas (j\u016brasz\u0101les, kasijas sve\u0137i, gu\u0101ra sve\u0137i, ceratoniju aug\u013cu milti, k\u0101lija hlor\u012bds un karbon\u0101ti). Anal\u012btiskais sast\u0101vs: kopprote\u012bns 10,0%, koptauki 0,4%, kop\u0161\u0137iedra 1,0%, koppelni 2,0%, mitrums 89,0%. <b data-path-to-node=\"21\" data-index-in-node=\"600\">Tunzivs un surimi.<\/b> Sast\u0101vs: tunzivs buljons, tunzivs, surimi, \u017eel\u0113jo\u0161as vielas (j\u016brasz\u0101les, kasijas sve\u0137i, gu\u0101ra sve\u0137i, ceratoniju aug\u013cu milti, k\u0101lija hlor\u012bds un karbon\u0101ti). Anal\u012btiskais sast\u0101vs: kopprote\u012bns 10,0%, koptauki 0,4%, kop\u0161\u0137iedra 1,0%, koppelni 2,0%, mitrums 89,0%. <b data-path-to-node=\"21\" data-index-in-node=\"877\">Tunzivs un tilapija.<\/b> Sast\u0101vs: tunzivs buljons, tunzivs, tilapija, \u017eel\u0113jo\u0161as vielas (j\u016brasz\u0101les, kasijas sve\u0137i, gu\u0101ra sve\u0137i, ceratoniju aug\u013cu milti, k\u0101lija hlor\u012bds un karbon\u0101ti). Anal\u012btiskais sast\u0101vs: kopprote\u012bns 10,0%, koptauki 0,4%, kop\u0161\u0137iedra 1,0%, koppelni 2,0%, mitrums 89,0%. <b data-path-to-node=\"21\" data-index-in-node=\"1158\">Tunzivs un lasis.<\/b> Sast\u0101vs: tunzivs buljons, tunzivs, lasis, \u017eel\u0113jo\u0161as vielas (j\u016brasz\u0101les, kasijas sve\u0137i, gu\u0101ra sve\u0137i, ceratoniju aug\u013cu milti, k\u0101lija hlor\u012bds un karbon\u0101ti). Anal\u012btiskais sast\u0101vs: kopprote\u012bns 10,0%, koptauki 0,3%, kop\u0161\u0137iedra 1,0%, koppelni 3,0%, mitrums 89,0%. <b data-path-to-node=\"21\" data-index-in-node=\"1433\">Tunzivs un makrele.<\/b> Sast\u0101vs: tunzivs buljons, tunzivs, makrele (aste), \u017eel\u0113jo\u0161as vielas (j\u016brasz\u0101les, kasijas sve\u0137i, gu\u0101ra sve\u0137i, ceratoniju aug\u013cu milti, k\u0101lija hlor\u012bds un karbon\u0101ti). Anal\u012btiskais sast\u0101vs: kopprote\u012bns 10,0%, koptauki 0,4%, kop\u0161\u0137iedra 1,0%, koppelni 2,0%, mitrums 89,0%.<\/p>\n<p data-path-to-node=\"22\"><b data-path-to-node=\"22\" data-index-in-node=\"0\">\u012apa\u0161\u012bbas:<\/b><\/p>\n<ul data-path-to-node=\"23\">\n<li>\n<p data-path-to-node=\"23,0,0\">Dab\u012bga ga\u013ca<\/p>\n<\/li>\n<li>\n<p data-path-to-node=\"23,1,0\">Maz tauku un kaloriju<\/p>\n<\/li>\n<li>\n<p data-path-to-node=\"23,2,0\">Gar\u0161o gandr\u012bz visiem ka\u0137iem<\/p>\n<\/li>\n<li>\n<p data-path-to-node=\"23,3,0\">Sast\u0101v\u0101 nav graudaugu<\/p>\n<\/li>\n<li>\n<p data-path-to-node=\"23,4,0\">Bez konservantiem<\/p>\n<\/li>\n<li>\n<p data-path-to-node=\"23,5,0\">Bez \u0122MO<\/p>\n<\/li>\n<li>\n<p data-path-to-node=\"23,6,0\">Kop\u0101 24 konservu k\u0101rbas, katra ar svaru 80g \/ gab.<\/p>\n<\/li>\n<\/ul>\n<p data-path-to-node=\"24\"><b data-path-to-node=\"24\" data-index-in-node=\"0\">Lieto\u0161anas nor\u0101d\u012bjumi:<\/b> Neatv\u0113rtus konservus uzglab\u0101t istabas temperat\u016br\u0101. Nesasald\u0113t. Atliku\u0161o bar\u012bbas da\u013cu uzglab\u0101t ledusskap\u012b. Paredz\u0113ts tikai ka\u0137u baro\u0161anai. Padoms: ja bar\u012bba ir p\u0101r\u0101k auksta, to var pat\u012bkami sasild\u012bt b\u013cod\u0101 ar siltu \u016bdeni.<\/p>\n","protected":false},"featured_media":53160,"template":"","meta":[],"product_brand":[],"product_cat":[571],"product_tag":[],"class_list":{"0":"post-53190","1":"product","2":"type-product","3":"status-publish","4":"has-post-thumbnail","6":"product_cat-mitra-bariba","8":"first","9":"instock","10":"taxable","11":"shipping-taxable","12":"purchasable","13":"product-type-simple"},"yoast_head":"<!-- This site is optimized with the Yoast SEO plugin v27.4 - https:\/\/yoast.com\/product\/yoast-seo-wordpress\/ -->\n<title>Aatas Cat Tantalizing Mix ga\u013cas konservi 24 x 80g - MiuMjau<\/title>\n<meta name=\"robots\" content=\"index, follow, max-snippet:-1, max-image-preview:large, max-video-preview:-1\" \/>\n<link rel=\"canonical\" href=\"https:\/\/miumjau.ee\/lv\/produkts\/aatas-cat-tantalizing-mix-galas-konservi-24-x-80g\/\" \/>\n<meta property=\"og:locale\" content=\"lv_LV\" \/>\n<meta property=\"og:type\" content=\"article\" \/>\n<meta property=\"og:title\" content=\"Aatas Cat Tantalizing Mix ga\u013cas konservi 24 x 80g - MiuMjau\" \/>\n<meta property=\"og:description\" content=\"MIUMJAU VISVAIR\u0100K P\u0100RDOTAIS PRODUKTS 2025 Garda papildbar\u012bba ka\u0137iem, izgatavota ar lielu daudzumu ga\u013cas. \u0160aj\u0101 komplekt\u0101 ir MIX gar\u0161as no Tantalizing s\u0113rijas, vismaz 3 da\u017e\u0101das gar\u0161as. Ka\u0137iem pat\u012bk daudzveid\u012bba! Kast\u0113 varat atrast \u0161\u0101das gar\u0161as: Tunzivs un liellops. Sast\u0101vs: tunzivs buljons, tunzivs, liellopu ga\u013ca, \u017eel\u0113jo\u0161as vielas (j\u016brasz\u0101les, kasijas sve\u0137i, gu\u0101ra sve\u0137i, ceratoniju aug\u013cu milti, k\u0101lija hlor\u012bds un karbon\u0101ti). Anal\u012btiskais sast\u0101vs: kopprote\u012bns 10,0%, koptauki 0,4%, kop\u0161\u0137iedra 1,0%, koppelni 3,0%, mitrums 89,0%. Tunzivs un garneles. Sast\u0101vs: tunzivs buljons, tunzivs, garneles, \u017eel\u0113jo\u0161as vielas (j\u016brasz\u0101les, kasijas sve\u0137i, gu\u0101ra sve\u0137i, ceratoniju aug\u013cu milti, k\u0101lija hlor\u012bds un karbon\u0101ti). Anal\u012btiskais sast\u0101vs: kopprote\u012bns 10,0%, koptauki 0,4%, kop\u0161\u0137iedra 1,0%, koppelni 2,0%, mitrums 89,0%. Tunzivs un surimi. Sast\u0101vs: tunzivs buljons, tunzivs, surimi, \u017eel\u0113jo\u0161as vielas (j\u016brasz\u0101les, kasijas sve\u0137i, gu\u0101ra sve\u0137i, ceratoniju aug\u013cu milti, k\u0101lija hlor\u012bds un karbon\u0101ti). Anal\u012btiskais sast\u0101vs: kopprote\u012bns 10,0%, koptauki 0,4%, kop\u0161\u0137iedra 1,0%, koppelni 2,0%, mitrums 89,0%. Tunzivs un tilapija. Sast\u0101vs: tunzivs buljons, tunzivs, tilapija, \u017eel\u0113jo\u0161as vielas (j\u016brasz\u0101les, kasijas sve\u0137i, gu\u0101ra sve\u0137i, ceratoniju aug\u013cu milti, k\u0101lija hlor\u012bds un karbon\u0101ti). Anal\u012btiskais sast\u0101vs: kopprote\u012bns 10,0%, koptauki 0,4%, kop\u0161\u0137iedra 1,0%, koppelni 2,0%, mitrums 89,0%. Tunzivs un lasis. Sast\u0101vs: tunzivs buljons, tunzivs, lasis, \u017eel\u0113jo\u0161as vielas (j\u016brasz\u0101les, kasijas sve\u0137i, gu\u0101ra sve\u0137i, ceratoniju aug\u013cu milti, k\u0101lija hlor\u012bds un karbon\u0101ti). Anal\u012btiskais sast\u0101vs: kopprote\u012bns 10,0%, koptauki 0,3%, kop\u0161\u0137iedra 1,0%, koppelni 3,0%, mitrums 89,0%. Tunzivs un makrele. Sast\u0101vs: tunzivs buljons, tunzivs, makrele (aste), \u017eel\u0113jo\u0161as vielas (j\u016brasz\u0101les, kasijas sve\u0137i, gu\u0101ra sve\u0137i, ceratoniju aug\u013cu milti, k\u0101lija hlor\u012bds un karbon\u0101ti). Anal\u012btiskais sast\u0101vs: kopprote\u012bns 10,0%, koptauki 0,4%, kop\u0161\u0137iedra 1,0%, koppelni 2,0%, mitrums 89,0%. \u012apa\u0161\u012bbas:     Dab\u012bga ga\u013ca    Maz tauku un kaloriju    Gar\u0161o gandr\u012bz visiem ka\u0137iem    Sast\u0101v\u0101 nav graudaugu    Bez konservantiem    Bez \u0122MO    Kop\u0101 24 konservu k\u0101rbas, katra ar svaru 80g \/ gab.   Lieto\u0161anas nor\u0101d\u012bjumi: Neatv\u0113rtus konservus uzglab\u0101t istabas temperat\u016br\u0101. Nesasald\u0113t. Atliku\u0161o bar\u012bbas da\u013cu uzglab\u0101t ledusskap\u012b. Paredz\u0113ts tikai ka\u0137u baro\u0161anai. Padoms: ja bar\u012bba ir p\u0101r\u0101k auksta, to var pat\u012bkami sasild\u012bt b\u013cod\u0101 ar siltu \u016bdeni.\" \/>\n<meta property=\"og:url\" content=\"https:\/\/miumjau.ee\/lv\/produkts\/aatas-cat-tantalizing-mix-galas-konservi-24-x-80g\/\" \/>\n<meta property=\"og:site_name\" content=\"MiuMjau\" \/>\n<meta property=\"article:publisher\" content=\"https:\/\/www.facebook.com\/miumjaupood\/\" \/>\n<meta property=\"og:image\" content=\"https:\/\/miumjau.ee\/wp-content\/uploads\/2026\/01\/aatas-cat-tantalizing-mix.png\" \/>\n\t<meta property=\"og:image:width\" content=\"600\" \/>\n\t<meta property=\"og:image:height\" content=\"800\" \/>\n\t<meta property=\"og:image:type\" content=\"image\/png\" \/>\n<meta name=\"twitter:card\" content=\"summary_large_image\" \/>\n<script type=\"application\/ld+json\" class=\"yoast-schema-graph\">{\"@context\":\"https:\\\/\\\/schema.org\",\"@graph\":[{\"@type\":\"WebPage\",\"@id\":\"https:\\\/\\\/miumjau.ee\\\/lv\\\/produkts\\\/aatas-cat-tantalizing-mix-galas-konservi-24-x-80g\\\/\",\"url\":\"https:\\\/\\\/miumjau.ee\\\/lv\\\/produkts\\\/aatas-cat-tantalizing-mix-galas-konservi-24-x-80g\\\/\",\"name\":\"Aatas Cat Tantalizing Mix ga\u013cas konservi 24 x 80g - MiuMjau\",\"isPartOf\":{\"@id\":\"https:\\\/\\\/miumjau.ee\\\/#website\"},\"primaryImageOfPage\":{\"@id\":\"https:\\\/\\\/miumjau.ee\\\/lv\\\/produkts\\\/aatas-cat-tantalizing-mix-galas-konservi-24-x-80g\\\/#primaryimage\"},\"image\":{\"@id\":\"https:\\\/\\\/miumjau.ee\\\/lv\\\/produkts\\\/aatas-cat-tantalizing-mix-galas-konservi-24-x-80g\\\/#primaryimage\"},\"thumbnailUrl\":\"https:\\\/\\\/miumjau.ee\\\/wp-content\\\/uploads\\\/2026\\\/01\\\/aatas-cat-tantalizing-mix.png\",\"datePublished\":\"2026-01-27T11:07:49+00:00\",\"breadcrumb\":{\"@id\":\"https:\\\/\\\/miumjau.ee\\\/lv\\\/produkts\\\/aatas-cat-tantalizing-mix-galas-konservi-24-x-80g\\\/#breadcrumb\"},\"inLanguage\":\"lv-LV\",\"potentialAction\":[{\"@type\":\"ReadAction\",\"target\":[\"https:\\\/\\\/miumjau.ee\\\/lv\\\/produkts\\\/aatas-cat-tantalizing-mix-galas-konservi-24-x-80g\\\/\"]}]},{\"@type\":\"ImageObject\",\"inLanguage\":\"lv-LV\",\"@id\":\"https:\\\/\\\/miumjau.ee\\\/lv\\\/produkts\\\/aatas-cat-tantalizing-mix-galas-konservi-24-x-80g\\\/#primaryimage\",\"url\":\"https:\\\/\\\/miumjau.ee\\\/wp-content\\\/uploads\\\/2026\\\/01\\\/aatas-cat-tantalizing-mix.png\",\"contentUrl\":\"https:\\\/\\\/miumjau.ee\\\/wp-content\\\/uploads\\\/2026\\\/01\\\/aatas-cat-tantalizing-mix.png\",\"width\":600,\"height\":800,\"caption\":\"Aatas Cat Tantalizing Mix liharohked konservid 24 x 80g\"},{\"@type\":\"BreadcrumbList\",\"@id\":\"https:\\\/\\\/miumjau.ee\\\/lv\\\/produkts\\\/aatas-cat-tantalizing-mix-galas-konservi-24-x-80g\\\/#breadcrumb\",\"itemListElement\":[{\"@type\":\"ListItem\",\"position\":1,\"name\":\"Home\",\"item\":\"https:\\\/\\\/miumjau.ee\\\/lv\\\/\"},{\"@type\":\"ListItem\",\"position\":2,\"name\":\"Veikals\",\"item\":\"https:\\\/\\\/miumjau.ee\\\/lv\\\/veikals\\\/\"},{\"@type\":\"ListItem\",\"position\":3,\"name\":\"Aatas Cat Tantalizing Mix ga\u013cas konservi 24 x 80g\"}]},{\"@type\":\"WebSite\",\"@id\":\"https:\\\/\\\/miumjau.ee\\\/#website\",\"url\":\"https:\\\/\\\/miumjau.ee\\\/\",\"name\":\"MiuMjau\",\"description\":\"Kraapimispuud kassidele\",\"publisher\":{\"@id\":\"https:\\\/\\\/miumjau.ee\\\/#organization\"},\"potentialAction\":[{\"@type\":\"SearchAction\",\"target\":{\"@type\":\"EntryPoint\",\"urlTemplate\":\"https:\\\/\\\/miumjau.ee\\\/?s={search_term_string}\"},\"query-input\":{\"@type\":\"PropertyValueSpecification\",\"valueRequired\":true,\"valueName\":\"search_term_string\"}}],\"inLanguage\":\"lv-LV\"},{\"@type\":\"Organization\",\"@id\":\"https:\\\/\\\/miumjau.ee\\\/#organization\",\"name\":\"MiuMjau O\u00dc\",\"url\":\"https:\\\/\\\/miumjau.ee\\\/\",\"logo\":{\"@type\":\"ImageObject\",\"inLanguage\":\"lv-LV\",\"@id\":\"https:\\\/\\\/miumjau.ee\\\/#\\\/schema\\\/logo\\\/image\\\/\",\"url\":\"https:\\\/\\\/miumjau.ee\\\/wp-content\\\/uploads\\\/2022\\\/04\\\/MiuMjau-logo-kollane.png\",\"contentUrl\":\"https:\\\/\\\/miumjau.ee\\\/wp-content\\\/uploads\\\/2022\\\/04\\\/MiuMjau-logo-kollane.png\",\"width\":219,\"height\":100,\"caption\":\"MiuMjau O\u00dc\"},\"image\":{\"@id\":\"https:\\\/\\\/miumjau.ee\\\/#\\\/schema\\\/logo\\\/image\\\/\"},\"sameAs\":[\"https:\\\/\\\/www.facebook.com\\\/miumjaupood\\\/\"]}]}<\/script>\n<!-- \/ Yoast SEO plugin. -->","yoast_head_json":{"title":"Aatas Cat Tantalizing Mix ga\u013cas konservi 24 x 80g - MiuMjau","robots":{"index":"index","follow":"follow","max-snippet":"max-snippet:-1","max-image-preview":"max-image-preview:large","max-video-preview":"max-video-preview:-1"},"canonical":"https:\/\/miumjau.ee\/lv\/produkts\/aatas-cat-tantalizing-mix-galas-konservi-24-x-80g\/","og_locale":"lv_LV","og_type":"article","og_title":"Aatas Cat Tantalizing Mix ga\u013cas konservi 24 x 80g - MiuMjau","og_description":"MIUMJAU VISVAIR\u0100K P\u0100RDOTAIS PRODUKTS 2025 Garda papildbar\u012bba ka\u0137iem, izgatavota ar lielu daudzumu ga\u013cas. \u0160aj\u0101 komplekt\u0101 ir MIX gar\u0161as no Tantalizing s\u0113rijas, vismaz 3 da\u017e\u0101das gar\u0161as. Ka\u0137iem pat\u012bk daudzveid\u012bba! Kast\u0113 varat atrast \u0161\u0101das gar\u0161as: Tunzivs un liellops. Sast\u0101vs: tunzivs buljons, tunzivs, liellopu ga\u013ca, \u017eel\u0113jo\u0161as vielas (j\u016brasz\u0101les, kasijas sve\u0137i, gu\u0101ra sve\u0137i, ceratoniju aug\u013cu milti, k\u0101lija hlor\u012bds un karbon\u0101ti). Anal\u012btiskais sast\u0101vs: kopprote\u012bns 10,0%, koptauki 0,4%, kop\u0161\u0137iedra 1,0%, koppelni 3,0%, mitrums 89,0%. Tunzivs un garneles. Sast\u0101vs: tunzivs buljons, tunzivs, garneles, \u017eel\u0113jo\u0161as vielas (j\u016brasz\u0101les, kasijas sve\u0137i, gu\u0101ra sve\u0137i, ceratoniju aug\u013cu milti, k\u0101lija hlor\u012bds un karbon\u0101ti). Anal\u012btiskais sast\u0101vs: kopprote\u012bns 10,0%, koptauki 0,4%, kop\u0161\u0137iedra 1,0%, koppelni 2,0%, mitrums 89,0%. Tunzivs un surimi. Sast\u0101vs: tunzivs buljons, tunzivs, surimi, \u017eel\u0113jo\u0161as vielas (j\u016brasz\u0101les, kasijas sve\u0137i, gu\u0101ra sve\u0137i, ceratoniju aug\u013cu milti, k\u0101lija hlor\u012bds un karbon\u0101ti). Anal\u012btiskais sast\u0101vs: kopprote\u012bns 10,0%, koptauki 0,4%, kop\u0161\u0137iedra 1,0%, koppelni 2,0%, mitrums 89,0%. Tunzivs un tilapija. Sast\u0101vs: tunzivs buljons, tunzivs, tilapija, \u017eel\u0113jo\u0161as vielas (j\u016brasz\u0101les, kasijas sve\u0137i, gu\u0101ra sve\u0137i, ceratoniju aug\u013cu milti, k\u0101lija hlor\u012bds un karbon\u0101ti). Anal\u012btiskais sast\u0101vs: kopprote\u012bns 10,0%, koptauki 0,4%, kop\u0161\u0137iedra 1,0%, koppelni 2,0%, mitrums 89,0%. Tunzivs un lasis. Sast\u0101vs: tunzivs buljons, tunzivs, lasis, \u017eel\u0113jo\u0161as vielas (j\u016brasz\u0101les, kasijas sve\u0137i, gu\u0101ra sve\u0137i, ceratoniju aug\u013cu milti, k\u0101lija hlor\u012bds un karbon\u0101ti). Anal\u012btiskais sast\u0101vs: kopprote\u012bns 10,0%, koptauki 0,3%, kop\u0161\u0137iedra 1,0%, koppelni 3,0%, mitrums 89,0%. Tunzivs un makrele. Sast\u0101vs: tunzivs buljons, tunzivs, makrele (aste), \u017eel\u0113jo\u0161as vielas (j\u016brasz\u0101les, kasijas sve\u0137i, gu\u0101ra sve\u0137i, ceratoniju aug\u013cu milti, k\u0101lija hlor\u012bds un karbon\u0101ti). Anal\u012btiskais sast\u0101vs: kopprote\u012bns 10,0%, koptauki 0,4%, kop\u0161\u0137iedra 1,0%, koppelni 2,0%, mitrums 89,0%. \u012apa\u0161\u012bbas:     Dab\u012bga ga\u013ca    Maz tauku un kaloriju    Gar\u0161o gandr\u012bz visiem ka\u0137iem    Sast\u0101v\u0101 nav graudaugu    Bez konservantiem    Bez \u0122MO    Kop\u0101 24 konservu k\u0101rbas, katra ar svaru 80g \/ gab.   Lieto\u0161anas nor\u0101d\u012bjumi: Neatv\u0113rtus konservus uzglab\u0101t istabas temperat\u016br\u0101. Nesasald\u0113t. Atliku\u0161o bar\u012bbas da\u013cu uzglab\u0101t ledusskap\u012b. Paredz\u0113ts tikai ka\u0137u baro\u0161anai. Padoms: ja bar\u012bba ir p\u0101r\u0101k auksta, to var pat\u012bkami sasild\u012bt b\u013cod\u0101 ar siltu \u016bdeni.","og_url":"https:\/\/miumjau.ee\/lv\/produkts\/aatas-cat-tantalizing-mix-galas-konservi-24-x-80g\/","og_site_name":"MiuMjau","article_publisher":"https:\/\/www.facebook.com\/miumjaupood\/","og_image":[{"width":600,"height":800,"url":"https:\/\/miumjau.ee\/wp-content\/uploads\/2026\/01\/aatas-cat-tantalizing-mix.png","type":"image\/png"}],"twitter_card":"summary_large_image","schema":{"@context":"https:\/\/schema.org","@graph":[{"@type":"WebPage","@id":"https:\/\/miumjau.ee\/lv\/produkts\/aatas-cat-tantalizing-mix-galas-konservi-24-x-80g\/","url":"https:\/\/miumjau.ee\/lv\/produkts\/aatas-cat-tantalizing-mix-galas-konservi-24-x-80g\/","name":"Aatas Cat Tantalizing Mix ga\u013cas konservi 24 x 80g - MiuMjau","isPartOf":{"@id":"https:\/\/miumjau.ee\/#website"},"primaryImageOfPage":{"@id":"https:\/\/miumjau.ee\/lv\/produkts\/aatas-cat-tantalizing-mix-galas-konservi-24-x-80g\/#primaryimage"},"image":{"@id":"https:\/\/miumjau.ee\/lv\/produkts\/aatas-cat-tantalizing-mix-galas-konservi-24-x-80g\/#primaryimage"},"thumbnailUrl":"https:\/\/miumjau.ee\/wp-content\/uploads\/2026\/01\/aatas-cat-tantalizing-mix.png","datePublished":"2026-01-27T11:07:49+00:00","breadcrumb":{"@id":"https:\/\/miumjau.ee\/lv\/produkts\/aatas-cat-tantalizing-mix-galas-konservi-24-x-80g\/#breadcrumb"},"inLanguage":"lv-LV","potentialAction":[{"@type":"ReadAction","target":["https:\/\/miumjau.ee\/lv\/produkts\/aatas-cat-tantalizing-mix-galas-konservi-24-x-80g\/"]}]},{"@type":"ImageObject","inLanguage":"lv-LV","@id":"https:\/\/miumjau.ee\/lv\/produkts\/aatas-cat-tantalizing-mix-galas-konservi-24-x-80g\/#primaryimage","url":"https:\/\/miumjau.ee\/wp-content\/uploads\/2026\/01\/aatas-cat-tantalizing-mix.png","contentUrl":"https:\/\/miumjau.ee\/wp-content\/uploads\/2026\/01\/aatas-cat-tantalizing-mix.png","width":600,"height":800,"caption":"Aatas Cat Tantalizing Mix liharohked konservid 24 x 80g"},{"@type":"BreadcrumbList","@id":"https:\/\/miumjau.ee\/lv\/produkts\/aatas-cat-tantalizing-mix-galas-konservi-24-x-80g\/#breadcrumb","itemListElement":[{"@type":"ListItem","position":1,"name":"Home","item":"https:\/\/miumjau.ee\/lv\/"},{"@type":"ListItem","position":2,"name":"Veikals","item":"https:\/\/miumjau.ee\/lv\/veikals\/"},{"@type":"ListItem","position":3,"name":"Aatas Cat Tantalizing Mix ga\u013cas konservi 24 x 80g"}]},{"@type":"WebSite","@id":"https:\/\/miumjau.ee\/#website","url":"https:\/\/miumjau.ee\/","name":"MiuMjau","description":"Kraapimispuud kassidele","publisher":{"@id":"https:\/\/miumjau.ee\/#organization"},"potentialAction":[{"@type":"SearchAction","target":{"@type":"EntryPoint","urlTemplate":"https:\/\/miumjau.ee\/?s={search_term_string}"},"query-input":{"@type":"PropertyValueSpecification","valueRequired":true,"valueName":"search_term_string"}}],"inLanguage":"lv-LV"},{"@type":"Organization","@id":"https:\/\/miumjau.ee\/#organization","name":"MiuMjau O\u00dc","url":"https:\/\/miumjau.ee\/","logo":{"@type":"ImageObject","inLanguage":"lv-LV","@id":"https:\/\/miumjau.ee\/#\/schema\/logo\/image\/","url":"https:\/\/miumjau.ee\/wp-content\/uploads\/2022\/04\/MiuMjau-logo-kollane.png","contentUrl":"https:\/\/miumjau.ee\/wp-content\/uploads\/2022\/04\/MiuMjau-logo-kollane.png","width":219,"height":100,"caption":"MiuMjau O\u00dc"},"image":{"@id":"https:\/\/miumjau.ee\/#\/schema\/logo\/image\/"},"sameAs":["https:\/\/www.facebook.com\/miumjaupood\/"]}]}},"_links":{"self":[{"href":"https:\/\/miumjau.ee\/lv\/wp-json\/wp\/v2\/product\/53190","targetHints":{"allow":["GET"]}}],"collection":[{"href":"https:\/\/miumjau.ee\/lv\/wp-json\/wp\/v2\/product"}],"about":[{"href":"https:\/\/miumjau.ee\/lv\/wp-json\/wp\/v2\/types\/product"}],"wp:featuredmedia":[{"embeddable":true,"href":"https:\/\/miumjau.ee\/lv\/wp-json\/wp\/v2\/media\/53160"}],"wp:attachment":[{"href":"https:\/\/miumjau.ee\/lv\/wp-json\/wp\/v2\/media?parent=53190"}],"wp:term":[{"taxonomy":"product_brand","embeddable":true,"href":"https:\/\/miumjau.ee\/lv\/wp-json\/wp\/v2\/product_brand?post=53190"},{"taxonomy":"product_cat","embeddable":true,"href":"https:\/\/miumjau.ee\/lv\/wp-json\/wp\/v2\/product_cat?post=53190"},{"taxonomy":"product_tag","embeddable":true,"href":"https:\/\/miumjau.ee\/lv\/wp-json\/wp\/v2\/product_tag?post=53190"}],"curies":[{"name":"wp","href":"https:\/\/api.w.org\/{rel}","templated":true}]}}