{"id":53185,"date":"2026-01-26T16:05:32","date_gmt":"2026-01-26T14:05:32","guid":{"rendered":"https:\/\/miumjau.ee\/toode\/dr-malou-liofilizetas-vistas-vafeles-suniem-120g\/"},"modified":"2026-01-26T16:05:32","modified_gmt":"2026-01-26T14:05:32","slug":"dr-malou-liofilizetas-vistas-vafeles-suniem-120g","status":"publish","type":"product","link":"https:\/\/miumjau.ee\/lv\/produkts\/dr-malou-liofilizetas-vistas-vafeles-suniem-120g\/","title":{"rendered":"Dr Malou liofiliz\u0113tas vistas vafeles su\u0146iem 120g"},"content":{"rendered":"","protected":false},"excerpt":{"rendered":"<p data-path-to-node=\"26\"><b data-path-to-node=\"26\" data-index-in-node=\"0\">Dr. Malou liofiliz\u0113tas vistas vafeles su\u0146iem \u2013 garda un barojo\u0161a dab\u012bga papildbar\u012bba<\/b> \u0160\u012bs su\u0146u vafeles ir izgatavotas no <b data-path-to-node=\"26\" data-index-in-node=\"120\">84% vistas ga\u013cas un 10% vistas aknu<\/b>, kas padara t\u0101s par <b data-path-to-node=\"26\" data-index-in-node=\"176\">gardu un vesel\u012bgu uzkodu<\/b> starp \u0113dienreiz\u0113m vai <b data-path-to-node=\"26\" data-index-in-node=\"223\">atl\u012bdz\u012bbu treni\u0146u laik\u0101<\/b>. Katr\u0101 iepakojum\u0101 ir <b data-path-to-node=\"26\" data-index-in-node=\"268\">gar\u0161u mais\u012bjums<\/b>, kas j\u016bsu sunim noteikti patiks.<\/p>\n<p data-path-to-node=\"27\"><b data-path-to-node=\"27\" data-index-in-node=\"0\">Vesel\u012bgas un v\u0113rt\u012bgas sast\u0101vda\u013cas \u2013 izv\u0113lieties savam sunim lab\u0101ko k\u0101rumu<\/b> <b data-path-to-node=\"27\" data-index-in-node=\"74\">Vistas ga\u013ca un aknas<\/b> ir viegli sagremojamas, bag\u0101tas ar <b data-path-to-node=\"27\" data-index-in-node=\"130\">olbaltumviel\u0101m, B grupas vitam\u012bniem, A vitam\u012bnu un sel\u0113nu<\/b>. Tie ir <b data-path-to-node=\"27\" data-index-in-node=\"196\">lielisks ener\u0123ijas avots un satur sast\u0101vda\u013cas, kas atbalsta im\u016bnsist\u0113mu<\/b>. <b data-path-to-node=\"27\" data-index-in-node=\"269\">Jamsa pulverim<\/b> ir gremo\u0161anas sist\u0113mu regul\u0113jo\u0161a iedarb\u012bba, un tas atbalsta gremo\u0161anu un zarnu peristaltiku. <b data-path-to-node=\"27\" data-index-in-node=\"377\">\u0136irbis<\/b> ir <b data-path-to-node=\"27\" data-index-in-node=\"387\">E vitam\u012bna, \u0161\u0137iedrvielu un B grupas vitam\u012bnu<\/b> avots. Tas atbalsta zarnu vesel\u012bbu un dabisko imunit\u0101ti. <b data-path-to-node=\"27\" data-index-in-node=\"489\">Mellenes<\/b> ir <b data-path-to-node=\"27\" data-index-in-node=\"501\">dab\u012bgi antioksidanti<\/b>, bag\u0101tas ar <b data-path-to-node=\"27\" data-index-in-node=\"534\">C un K vitam\u012bnu un mang\u0101nu<\/b>, kas atbalsta redzi un neitraliz\u0113 br\u012bvos radik\u0101\u013cus. <b data-path-to-node=\"27\" data-index-in-node=\"613\">Dz\u0113rvenes<\/b> tiek nov\u0113rt\u0113tas to <b data-path-to-node=\"27\" data-index-in-node=\"642\">ur\u012bnce\u013cu stimul\u0113jo\u0161o<\/b> \u012bpa\u0161\u012bbu d\u0113\u013c, un t\u0101s ir bag\u0101tas ar\u012b ar <b data-path-to-node=\"27\" data-index-in-node=\"701\">C vitam\u012bnu<\/b>. \u0160\u012bs vafeles <b data-path-to-node=\"27\" data-index-in-node=\"725\">nesatur m\u0101ksl\u012bgos konservantus, kr\u0101svielas vai nevajadz\u012bgas pildvielas<\/b>. T\u0101s ir <b data-path-to-node=\"27\" data-index-in-node=\"804\">dro\u0161a izv\u0113le visiem su\u0146iem<\/b>, pat tiem, kuriem ir jut\u012bga gremo\u0161anas sist\u0113ma.<\/p>\n<p data-path-to-node=\"28\"><b data-path-to-node=\"28\" data-index-in-node=\"0\">Liofiliz\u0101cija \u2013 inovat\u012bva metode maksim\u0101las uzturv\u0113rt\u012bbas saglab\u0101\u0161anai<\/b> Liofiliz\u0101cijas proces\u0101 sast\u0101vda\u013cas tiek \u017e\u0101v\u0113tas zem\u0101 temperat\u016br\u0101, kas saglab\u0101 to piln\u012bgu gar\u0161u, arom\u0101tu un uzturv\u0113rt\u012bbu. Tas noz\u012bm\u0113, ka Dr. Malou liofiliz\u0113t\u0101s ga\u013cas vafeles <b data-path-to-node=\"28\" data-index-in-node=\"244\">ne tikai smar\u017eo un gar\u0161o p\u0113c svaigas ga\u013cas<\/b>, bet ar\u012b satur visus <b data-path-to-node=\"28\" data-index-in-node=\"308\">svar\u012bg\u0101kos mikro- un makroelementus<\/b>.<\/p>\n<p data-path-to-node=\"29\"><b data-path-to-node=\"29\" data-index-in-node=\"0\">Ne tikai vesel\u012bba \u2013 Dr. Malou vafeles ir jautras un nodro\u0161ina j\u016bsu sunim aktivit\u0101tes<\/b> Dr. Malou vafeles su\u0146iem ir kas vair\u0101k nek\u0101 tikai vesel\u012bgs k\u0101rums \u2013 t\u0101s ir <b data-path-to-node=\"29\" data-index-in-node=\"160\">ikdienas bag\u0101tin\u0101jums j\u016bsu m\u012blulim<\/b>, kas uzlabo vi\u0146a dz\u012bvi. To tekst\u016bra un forma <b data-path-to-node=\"29\" data-index-in-node=\"240\">stimul\u0113 j\u016bsu su\u0146a ma\u0146as<\/b> un <b data-path-to-node=\"29\" data-index-in-node=\"267\">apmierina vi\u0146a dabisko vajadz\u012bbu ko\u0161\u013c\u0101t un p\u0113t\u012bt<\/b>.<\/p>\n<p data-path-to-node=\"30\"><b data-path-to-node=\"30\" data-index-in-node=\"0\">\u0136irbju vafe\u013cu sast\u0101vs:<\/b> sald\u0113ta vistas ga\u013ca 84%, sald\u0113tas vistas aknas 10%, kalt\u0113ts \u0137irbis 2,5%, jamsa pulveris 3%, celuloze 0,5% <b data-path-to-node=\"30\" data-index-in-node=\"129\">Vafe\u013cu ar mellen\u0113m sast\u0101vs:<\/b> sald\u0113ta vistas ga\u013ca 84%, sald\u0113tas vistas aknas 10%, kalt\u0113tas mellenes 2,5%, jamsa pulveris 3%, celuloze 0,5% <b data-path-to-node=\"30\" data-index-in-node=\"266\">Vafe\u013cu ar dz\u0113rven\u0113m sast\u0101vs:<\/b> sald\u0113ta vistas ga\u013ca 84%, sald\u0113tas vistas aknas 10%, kalt\u0113tas dz\u0113rvenes 2,5%, jamsa saknes pulveris 3%, celuloze 0,5% <b data-path-to-node=\"30\" data-index-in-node=\"412\">Anal\u012btiskie komponenti:<\/b> kopprote\u012bns 72%, koptauki 10%, kop\u0161\u0137iedra 2%, koppelni 6%, mitrums 6%. <b data-path-to-node=\"30\" data-index-in-node=\"507\">Tehnolo\u0123isk\u0101s piedevas:<\/b> dab\u012bgs rozmar\u012bna ekstrakts.<\/p>\n<p data-path-to-node=\"31\"><b data-path-to-node=\"31\" data-index-in-node=\"0\">Lieto\u0161anas veids un doz\u0113\u0161ana<\/b> <b data-path-to-node=\"31\" data-index-in-node=\"29\">Ener\u0123\u0113tisk\u0101 v\u0113rt\u012bba:<\/b> 351 kcal\/100 g <b data-path-to-node=\"31\" data-index-in-node=\"65\">1 gabala (2 g) ener\u0123\u0113tisk\u0101 v\u0113rt\u012bba:<\/b> 7 kcal <b data-path-to-node=\"31\" data-index-in-node=\"108\">Ieteicamais dienas daudzums<\/b><\/p>\n<ul data-path-to-node=\"32\">\n<li>\n<p data-path-to-node=\"32,0,0\">Su\u0146a svars (kg): 1\u20135 | 5\u201310 | 10\u201320 | virs 20<\/p>\n<\/li>\n<li>\n<p data-path-to-node=\"32,1,0\">Daudzums (g\/dien\u0101): 1\u20137 | 5\u201310 | 8\u201315 | 12\u201320<\/p>\n<\/li>\n<\/ul>\n<p data-path-to-node=\"33\"><b data-path-to-node=\"33\" data-index-in-node=\"0\">Baro\u0161anas nor\u0101d\u012bjumi:<\/b> \u0160\u012bs vafeles ir gardi un krauk\u0161\u0137\u012bgi k\u0101rumi, kas ir gatavi t\u016bl\u012bt\u0113jai \u0113\u0161anai. Ja v\u0113laties, varat m\u0113\u0123in\u0101t t\u0101s m\u0113rc\u0113t \u016bden\u012b, lai sunim t\u0101s b\u016btu viegl\u0101k ap\u0113st. Nodro\u0161iniet, lai sunim vienm\u0113r b\u016btu br\u012bva pieeja svaigam un t\u012bram dzeramajam \u016bdenim.<\/p>\n","protected":false},"featured_media":52938,"template":"","meta":[],"product_brand":[],"product_cat":[576],"product_tag":[],"class_list":{"0":"post-53185","1":"product","2":"type-product","3":"status-publish","4":"has-post-thumbnail","6":"product_cat-naski-suniem","8":"first","9":"instock","10":"taxable","11":"shipping-taxable","12":"purchasable","13":"product-type-simple"},"yoast_head":"<!-- This site is optimized with the Yoast SEO plugin v27.4 - https:\/\/yoast.com\/product\/yoast-seo-wordpress\/ -->\n<title>Dr Malou liofiliz\u0113tas vistas vafeles su\u0146iem 120g - MiuMjau<\/title>\n<meta name=\"robots\" content=\"index, follow, max-snippet:-1, max-image-preview:large, max-video-preview:-1\" \/>\n<link rel=\"canonical\" href=\"https:\/\/miumjau.ee\/lv\/produkts\/dr-malou-liofilizetas-vistas-vafeles-suniem-120g\/\" \/>\n<meta property=\"og:locale\" content=\"lv_LV\" \/>\n<meta property=\"og:type\" content=\"article\" \/>\n<meta property=\"og:title\" content=\"Dr Malou liofiliz\u0113tas vistas vafeles su\u0146iem 120g - MiuMjau\" \/>\n<meta property=\"og:description\" content=\"Dr. Malou liofiliz\u0113tas vistas vafeles su\u0146iem \u2013 garda un barojo\u0161a dab\u012bga papildbar\u012bba \u0160\u012bs su\u0146u vafeles ir izgatavotas no 84% vistas ga\u013cas un 10% vistas aknu, kas padara t\u0101s par gardu un vesel\u012bgu uzkodu starp \u0113dienreiz\u0113m vai atl\u012bdz\u012bbu treni\u0146u laik\u0101. Katr\u0101 iepakojum\u0101 ir gar\u0161u mais\u012bjums, kas j\u016bsu sunim noteikti patiks. Vesel\u012bgas un v\u0113rt\u012bgas sast\u0101vda\u013cas \u2013 izv\u0113lieties savam sunim lab\u0101ko k\u0101rumu Vistas ga\u013ca un aknas ir viegli sagremojamas, bag\u0101tas ar olbaltumviel\u0101m, B grupas vitam\u012bniem, A vitam\u012bnu un sel\u0113nu. Tie ir lielisks ener\u0123ijas avots un satur sast\u0101vda\u013cas, kas atbalsta im\u016bnsist\u0113mu. Jamsa pulverim ir gremo\u0161anas sist\u0113mu regul\u0113jo\u0161a iedarb\u012bba, un tas atbalsta gremo\u0161anu un zarnu peristaltiku. \u0136irbis ir E vitam\u012bna, \u0161\u0137iedrvielu un B grupas vitam\u012bnu avots. Tas atbalsta zarnu vesel\u012bbu un dabisko imunit\u0101ti. Mellenes ir dab\u012bgi antioksidanti, bag\u0101tas ar C un K vitam\u012bnu un mang\u0101nu, kas atbalsta redzi un neitraliz\u0113 br\u012bvos radik\u0101\u013cus. Dz\u0113rvenes tiek nov\u0113rt\u0113tas to ur\u012bnce\u013cu stimul\u0113jo\u0161o \u012bpa\u0161\u012bbu d\u0113\u013c, un t\u0101s ir bag\u0101tas ar\u012b ar C vitam\u012bnu. \u0160\u012bs vafeles nesatur m\u0101ksl\u012bgos konservantus, kr\u0101svielas vai nevajadz\u012bgas pildvielas. T\u0101s ir dro\u0161a izv\u0113le visiem su\u0146iem, pat tiem, kuriem ir jut\u012bga gremo\u0161anas sist\u0113ma. Liofiliz\u0101cija \u2013 inovat\u012bva metode maksim\u0101las uzturv\u0113rt\u012bbas saglab\u0101\u0161anai Liofiliz\u0101cijas proces\u0101 sast\u0101vda\u013cas tiek \u017e\u0101v\u0113tas zem\u0101 temperat\u016br\u0101, kas saglab\u0101 to piln\u012bgu gar\u0161u, arom\u0101tu un uzturv\u0113rt\u012bbu. Tas noz\u012bm\u0113, ka Dr. Malou liofiliz\u0113t\u0101s ga\u013cas vafeles ne tikai smar\u017eo un gar\u0161o p\u0113c svaigas ga\u013cas, bet ar\u012b satur visus svar\u012bg\u0101kos mikro- un makroelementus. Ne tikai vesel\u012bba \u2013 Dr. Malou vafeles ir jautras un nodro\u0161ina j\u016bsu sunim aktivit\u0101tes Dr. Malou vafeles su\u0146iem ir kas vair\u0101k nek\u0101 tikai vesel\u012bgs k\u0101rums \u2013 t\u0101s ir ikdienas bag\u0101tin\u0101jums j\u016bsu m\u012blulim, kas uzlabo vi\u0146a dz\u012bvi. To tekst\u016bra un forma stimul\u0113 j\u016bsu su\u0146a ma\u0146as un apmierina vi\u0146a dabisko vajadz\u012bbu ko\u0161\u013c\u0101t un p\u0113t\u012bt. \u0136irbju vafe\u013cu sast\u0101vs: sald\u0113ta vistas ga\u013ca 84%, sald\u0113tas vistas aknas 10%, kalt\u0113ts \u0137irbis 2,5%, jamsa pulveris 3%, celuloze 0,5% Vafe\u013cu ar mellen\u0113m sast\u0101vs: sald\u0113ta vistas ga\u013ca 84%, sald\u0113tas vistas aknas 10%, kalt\u0113tas mellenes 2,5%, jamsa pulveris 3%, celuloze 0,5% Vafe\u013cu ar dz\u0113rven\u0113m sast\u0101vs: sald\u0113ta vistas ga\u013ca 84%, sald\u0113tas vistas aknas 10%, kalt\u0113tas dz\u0113rvenes 2,5%, jamsa saknes pulveris 3%, celuloze 0,5% Anal\u012btiskie komponenti: kopprote\u012bns 72%, koptauki 10%, kop\u0161\u0137iedra 2%, koppelni 6%, mitrums 6%. Tehnolo\u0123isk\u0101s piedevas: dab\u012bgs rozmar\u012bna ekstrakts. Lieto\u0161anas veids un doz\u0113\u0161ana Ener\u0123\u0113tisk\u0101 v\u0113rt\u012bba: 351 kcal\/100 g 1 gabala (2 g) ener\u0123\u0113tisk\u0101 v\u0113rt\u012bba: 7 kcal Ieteicamais dienas daudzums     Su\u0146a svars (kg): 1\u20135 | 5\u201310 | 10\u201320 | virs 20    Daudzums (g\/dien\u0101): 1\u20137 | 5\u201310 | 8\u201315 | 12\u201320   Baro\u0161anas nor\u0101d\u012bjumi: \u0160\u012bs vafeles ir gardi un krauk\u0161\u0137\u012bgi k\u0101rumi, kas ir gatavi t\u016bl\u012bt\u0113jai \u0113\u0161anai. Ja v\u0113laties, varat m\u0113\u0123in\u0101t t\u0101s m\u0113rc\u0113t \u016bden\u012b, lai sunim t\u0101s b\u016btu viegl\u0101k ap\u0113st. Nodro\u0161iniet, lai sunim vienm\u0113r b\u016btu br\u012bva pieeja svaigam un t\u012bram dzeramajam \u016bdenim.\" \/>\n<meta property=\"og:url\" content=\"https:\/\/miumjau.ee\/lv\/produkts\/dr-malou-liofilizetas-vistas-vafeles-suniem-120g\/\" \/>\n<meta property=\"og:site_name\" content=\"MiuMjau\" \/>\n<meta property=\"article:publisher\" content=\"https:\/\/www.facebook.com\/miumjaupood\/\" \/>\n<meta property=\"og:image\" content=\"https:\/\/miumjau.ee\/wp-content\/uploads\/2026\/01\/dr-malou-vahvlid-koertele1.jpg\" \/>\n\t<meta property=\"og:image:width\" content=\"600\" \/>\n\t<meta property=\"og:image:height\" content=\"800\" \/>\n\t<meta property=\"og:image:type\" content=\"image\/jpeg\" \/>\n<meta name=\"twitter:card\" content=\"summary_large_image\" \/>\n<script type=\"application\/ld+json\" class=\"yoast-schema-graph\">{\"@context\":\"https:\\\/\\\/schema.org\",\"@graph\":[{\"@type\":\"WebPage\",\"@id\":\"https:\\\/\\\/miumjau.ee\\\/lv\\\/produkts\\\/dr-malou-liofilizetas-vistas-vafeles-suniem-120g\\\/\",\"url\":\"https:\\\/\\\/miumjau.ee\\\/lv\\\/produkts\\\/dr-malou-liofilizetas-vistas-vafeles-suniem-120g\\\/\",\"name\":\"Dr Malou liofiliz\u0113tas vistas vafeles su\u0146iem 120g - MiuMjau\",\"isPartOf\":{\"@id\":\"https:\\\/\\\/miumjau.ee\\\/#website\"},\"primaryImageOfPage\":{\"@id\":\"https:\\\/\\\/miumjau.ee\\\/lv\\\/produkts\\\/dr-malou-liofilizetas-vistas-vafeles-suniem-120g\\\/#primaryimage\"},\"image\":{\"@id\":\"https:\\\/\\\/miumjau.ee\\\/lv\\\/produkts\\\/dr-malou-liofilizetas-vistas-vafeles-suniem-120g\\\/#primaryimage\"},\"thumbnailUrl\":\"https:\\\/\\\/miumjau.ee\\\/wp-content\\\/uploads\\\/2026\\\/01\\\/dr-malou-vahvlid-koertele1.jpg\",\"datePublished\":\"2026-01-26T14:05:32+00:00\",\"breadcrumb\":{\"@id\":\"https:\\\/\\\/miumjau.ee\\\/lv\\\/produkts\\\/dr-malou-liofilizetas-vistas-vafeles-suniem-120g\\\/#breadcrumb\"},\"inLanguage\":\"lv-LV\",\"potentialAction\":[{\"@type\":\"ReadAction\",\"target\":[\"https:\\\/\\\/miumjau.ee\\\/lv\\\/produkts\\\/dr-malou-liofilizetas-vistas-vafeles-suniem-120g\\\/\"]}]},{\"@type\":\"ImageObject\",\"inLanguage\":\"lv-LV\",\"@id\":\"https:\\\/\\\/miumjau.ee\\\/lv\\\/produkts\\\/dr-malou-liofilizetas-vistas-vafeles-suniem-120g\\\/#primaryimage\",\"url\":\"https:\\\/\\\/miumjau.ee\\\/wp-content\\\/uploads\\\/2026\\\/01\\\/dr-malou-vahvlid-koertele1.jpg\",\"contentUrl\":\"https:\\\/\\\/miumjau.ee\\\/wp-content\\\/uploads\\\/2026\\\/01\\\/dr-malou-vahvlid-koertele1.jpg\",\"width\":600,\"height\":800,\"caption\":\"Dr Malou k\u00fclmkuivatatud kanavahvlid koertele 120g\"},{\"@type\":\"BreadcrumbList\",\"@id\":\"https:\\\/\\\/miumjau.ee\\\/lv\\\/produkts\\\/dr-malou-liofilizetas-vistas-vafeles-suniem-120g\\\/#breadcrumb\",\"itemListElement\":[{\"@type\":\"ListItem\",\"position\":1,\"name\":\"Home\",\"item\":\"https:\\\/\\\/miumjau.ee\\\/lv\\\/\"},{\"@type\":\"ListItem\",\"position\":2,\"name\":\"Veikals\",\"item\":\"https:\\\/\\\/miumjau.ee\\\/lv\\\/veikals\\\/\"},{\"@type\":\"ListItem\",\"position\":3,\"name\":\"Dr Malou liofiliz\u0113tas vistas vafeles su\u0146iem 120g\"}]},{\"@type\":\"WebSite\",\"@id\":\"https:\\\/\\\/miumjau.ee\\\/#website\",\"url\":\"https:\\\/\\\/miumjau.ee\\\/\",\"name\":\"MiuMjau\",\"description\":\"Kraapimispuud kassidele\",\"publisher\":{\"@id\":\"https:\\\/\\\/miumjau.ee\\\/#organization\"},\"potentialAction\":[{\"@type\":\"SearchAction\",\"target\":{\"@type\":\"EntryPoint\",\"urlTemplate\":\"https:\\\/\\\/miumjau.ee\\\/?s={search_term_string}\"},\"query-input\":{\"@type\":\"PropertyValueSpecification\",\"valueRequired\":true,\"valueName\":\"search_term_string\"}}],\"inLanguage\":\"lv-LV\"},{\"@type\":\"Organization\",\"@id\":\"https:\\\/\\\/miumjau.ee\\\/#organization\",\"name\":\"MiuMjau O\u00dc\",\"url\":\"https:\\\/\\\/miumjau.ee\\\/\",\"logo\":{\"@type\":\"ImageObject\",\"inLanguage\":\"lv-LV\",\"@id\":\"https:\\\/\\\/miumjau.ee\\\/#\\\/schema\\\/logo\\\/image\\\/\",\"url\":\"https:\\\/\\\/miumjau.ee\\\/wp-content\\\/uploads\\\/2022\\\/04\\\/MiuMjau-logo-kollane.png\",\"contentUrl\":\"https:\\\/\\\/miumjau.ee\\\/wp-content\\\/uploads\\\/2022\\\/04\\\/MiuMjau-logo-kollane.png\",\"width\":219,\"height\":100,\"caption\":\"MiuMjau O\u00dc\"},\"image\":{\"@id\":\"https:\\\/\\\/miumjau.ee\\\/#\\\/schema\\\/logo\\\/image\\\/\"},\"sameAs\":[\"https:\\\/\\\/www.facebook.com\\\/miumjaupood\\\/\"]}]}<\/script>\n<!-- \/ Yoast SEO plugin. -->","yoast_head_json":{"title":"Dr Malou liofiliz\u0113tas vistas vafeles su\u0146iem 120g - MiuMjau","robots":{"index":"index","follow":"follow","max-snippet":"max-snippet:-1","max-image-preview":"max-image-preview:large","max-video-preview":"max-video-preview:-1"},"canonical":"https:\/\/miumjau.ee\/lv\/produkts\/dr-malou-liofilizetas-vistas-vafeles-suniem-120g\/","og_locale":"lv_LV","og_type":"article","og_title":"Dr Malou liofiliz\u0113tas vistas vafeles su\u0146iem 120g - MiuMjau","og_description":"Dr. Malou liofiliz\u0113tas vistas vafeles su\u0146iem \u2013 garda un barojo\u0161a dab\u012bga papildbar\u012bba \u0160\u012bs su\u0146u vafeles ir izgatavotas no 84% vistas ga\u013cas un 10% vistas aknu, kas padara t\u0101s par gardu un vesel\u012bgu uzkodu starp \u0113dienreiz\u0113m vai atl\u012bdz\u012bbu treni\u0146u laik\u0101. Katr\u0101 iepakojum\u0101 ir gar\u0161u mais\u012bjums, kas j\u016bsu sunim noteikti patiks. Vesel\u012bgas un v\u0113rt\u012bgas sast\u0101vda\u013cas \u2013 izv\u0113lieties savam sunim lab\u0101ko k\u0101rumu Vistas ga\u013ca un aknas ir viegli sagremojamas, bag\u0101tas ar olbaltumviel\u0101m, B grupas vitam\u012bniem, A vitam\u012bnu un sel\u0113nu. Tie ir lielisks ener\u0123ijas avots un satur sast\u0101vda\u013cas, kas atbalsta im\u016bnsist\u0113mu. Jamsa pulverim ir gremo\u0161anas sist\u0113mu regul\u0113jo\u0161a iedarb\u012bba, un tas atbalsta gremo\u0161anu un zarnu peristaltiku. \u0136irbis ir E vitam\u012bna, \u0161\u0137iedrvielu un B grupas vitam\u012bnu avots. Tas atbalsta zarnu vesel\u012bbu un dabisko imunit\u0101ti. Mellenes ir dab\u012bgi antioksidanti, bag\u0101tas ar C un K vitam\u012bnu un mang\u0101nu, kas atbalsta redzi un neitraliz\u0113 br\u012bvos radik\u0101\u013cus. Dz\u0113rvenes tiek nov\u0113rt\u0113tas to ur\u012bnce\u013cu stimul\u0113jo\u0161o \u012bpa\u0161\u012bbu d\u0113\u013c, un t\u0101s ir bag\u0101tas ar\u012b ar C vitam\u012bnu. \u0160\u012bs vafeles nesatur m\u0101ksl\u012bgos konservantus, kr\u0101svielas vai nevajadz\u012bgas pildvielas. T\u0101s ir dro\u0161a izv\u0113le visiem su\u0146iem, pat tiem, kuriem ir jut\u012bga gremo\u0161anas sist\u0113ma. Liofiliz\u0101cija \u2013 inovat\u012bva metode maksim\u0101las uzturv\u0113rt\u012bbas saglab\u0101\u0161anai Liofiliz\u0101cijas proces\u0101 sast\u0101vda\u013cas tiek \u017e\u0101v\u0113tas zem\u0101 temperat\u016br\u0101, kas saglab\u0101 to piln\u012bgu gar\u0161u, arom\u0101tu un uzturv\u0113rt\u012bbu. Tas noz\u012bm\u0113, ka Dr. Malou liofiliz\u0113t\u0101s ga\u013cas vafeles ne tikai smar\u017eo un gar\u0161o p\u0113c svaigas ga\u013cas, bet ar\u012b satur visus svar\u012bg\u0101kos mikro- un makroelementus. Ne tikai vesel\u012bba \u2013 Dr. Malou vafeles ir jautras un nodro\u0161ina j\u016bsu sunim aktivit\u0101tes Dr. Malou vafeles su\u0146iem ir kas vair\u0101k nek\u0101 tikai vesel\u012bgs k\u0101rums \u2013 t\u0101s ir ikdienas bag\u0101tin\u0101jums j\u016bsu m\u012blulim, kas uzlabo vi\u0146a dz\u012bvi. To tekst\u016bra un forma stimul\u0113 j\u016bsu su\u0146a ma\u0146as un apmierina vi\u0146a dabisko vajadz\u012bbu ko\u0161\u013c\u0101t un p\u0113t\u012bt. \u0136irbju vafe\u013cu sast\u0101vs: sald\u0113ta vistas ga\u013ca 84%, sald\u0113tas vistas aknas 10%, kalt\u0113ts \u0137irbis 2,5%, jamsa pulveris 3%, celuloze 0,5% Vafe\u013cu ar mellen\u0113m sast\u0101vs: sald\u0113ta vistas ga\u013ca 84%, sald\u0113tas vistas aknas 10%, kalt\u0113tas mellenes 2,5%, jamsa pulveris 3%, celuloze 0,5% Vafe\u013cu ar dz\u0113rven\u0113m sast\u0101vs: sald\u0113ta vistas ga\u013ca 84%, sald\u0113tas vistas aknas 10%, kalt\u0113tas dz\u0113rvenes 2,5%, jamsa saknes pulveris 3%, celuloze 0,5% Anal\u012btiskie komponenti: kopprote\u012bns 72%, koptauki 10%, kop\u0161\u0137iedra 2%, koppelni 6%, mitrums 6%. Tehnolo\u0123isk\u0101s piedevas: dab\u012bgs rozmar\u012bna ekstrakts. Lieto\u0161anas veids un doz\u0113\u0161ana Ener\u0123\u0113tisk\u0101 v\u0113rt\u012bba: 351 kcal\/100 g 1 gabala (2 g) ener\u0123\u0113tisk\u0101 v\u0113rt\u012bba: 7 kcal Ieteicamais dienas daudzums     Su\u0146a svars (kg): 1\u20135 | 5\u201310 | 10\u201320 | virs 20    Daudzums (g\/dien\u0101): 1\u20137 | 5\u201310 | 8\u201315 | 12\u201320   Baro\u0161anas nor\u0101d\u012bjumi: \u0160\u012bs vafeles ir gardi un krauk\u0161\u0137\u012bgi k\u0101rumi, kas ir gatavi t\u016bl\u012bt\u0113jai \u0113\u0161anai. Ja v\u0113laties, varat m\u0113\u0123in\u0101t t\u0101s m\u0113rc\u0113t \u016bden\u012b, lai sunim t\u0101s b\u016btu viegl\u0101k ap\u0113st. Nodro\u0161iniet, lai sunim vienm\u0113r b\u016btu br\u012bva pieeja svaigam un t\u012bram dzeramajam \u016bdenim.","og_url":"https:\/\/miumjau.ee\/lv\/produkts\/dr-malou-liofilizetas-vistas-vafeles-suniem-120g\/","og_site_name":"MiuMjau","article_publisher":"https:\/\/www.facebook.com\/miumjaupood\/","og_image":[{"width":600,"height":800,"url":"https:\/\/miumjau.ee\/wp-content\/uploads\/2026\/01\/dr-malou-vahvlid-koertele1.jpg","type":"image\/jpeg"}],"twitter_card":"summary_large_image","schema":{"@context":"https:\/\/schema.org","@graph":[{"@type":"WebPage","@id":"https:\/\/miumjau.ee\/lv\/produkts\/dr-malou-liofilizetas-vistas-vafeles-suniem-120g\/","url":"https:\/\/miumjau.ee\/lv\/produkts\/dr-malou-liofilizetas-vistas-vafeles-suniem-120g\/","name":"Dr Malou liofiliz\u0113tas vistas vafeles su\u0146iem 120g - MiuMjau","isPartOf":{"@id":"https:\/\/miumjau.ee\/#website"},"primaryImageOfPage":{"@id":"https:\/\/miumjau.ee\/lv\/produkts\/dr-malou-liofilizetas-vistas-vafeles-suniem-120g\/#primaryimage"},"image":{"@id":"https:\/\/miumjau.ee\/lv\/produkts\/dr-malou-liofilizetas-vistas-vafeles-suniem-120g\/#primaryimage"},"thumbnailUrl":"https:\/\/miumjau.ee\/wp-content\/uploads\/2026\/01\/dr-malou-vahvlid-koertele1.jpg","datePublished":"2026-01-26T14:05:32+00:00","breadcrumb":{"@id":"https:\/\/miumjau.ee\/lv\/produkts\/dr-malou-liofilizetas-vistas-vafeles-suniem-120g\/#breadcrumb"},"inLanguage":"lv-LV","potentialAction":[{"@type":"ReadAction","target":["https:\/\/miumjau.ee\/lv\/produkts\/dr-malou-liofilizetas-vistas-vafeles-suniem-120g\/"]}]},{"@type":"ImageObject","inLanguage":"lv-LV","@id":"https:\/\/miumjau.ee\/lv\/produkts\/dr-malou-liofilizetas-vistas-vafeles-suniem-120g\/#primaryimage","url":"https:\/\/miumjau.ee\/wp-content\/uploads\/2026\/01\/dr-malou-vahvlid-koertele1.jpg","contentUrl":"https:\/\/miumjau.ee\/wp-content\/uploads\/2026\/01\/dr-malou-vahvlid-koertele1.jpg","width":600,"height":800,"caption":"Dr Malou k\u00fclmkuivatatud kanavahvlid koertele 120g"},{"@type":"BreadcrumbList","@id":"https:\/\/miumjau.ee\/lv\/produkts\/dr-malou-liofilizetas-vistas-vafeles-suniem-120g\/#breadcrumb","itemListElement":[{"@type":"ListItem","position":1,"name":"Home","item":"https:\/\/miumjau.ee\/lv\/"},{"@type":"ListItem","position":2,"name":"Veikals","item":"https:\/\/miumjau.ee\/lv\/veikals\/"},{"@type":"ListItem","position":3,"name":"Dr Malou liofiliz\u0113tas vistas vafeles su\u0146iem 120g"}]},{"@type":"WebSite","@id":"https:\/\/miumjau.ee\/#website","url":"https:\/\/miumjau.ee\/","name":"MiuMjau","description":"Kraapimispuud kassidele","publisher":{"@id":"https:\/\/miumjau.ee\/#organization"},"potentialAction":[{"@type":"SearchAction","target":{"@type":"EntryPoint","urlTemplate":"https:\/\/miumjau.ee\/?s={search_term_string}"},"query-input":{"@type":"PropertyValueSpecification","valueRequired":true,"valueName":"search_term_string"}}],"inLanguage":"lv-LV"},{"@type":"Organization","@id":"https:\/\/miumjau.ee\/#organization","name":"MiuMjau O\u00dc","url":"https:\/\/miumjau.ee\/","logo":{"@type":"ImageObject","inLanguage":"lv-LV","@id":"https:\/\/miumjau.ee\/#\/schema\/logo\/image\/","url":"https:\/\/miumjau.ee\/wp-content\/uploads\/2022\/04\/MiuMjau-logo-kollane.png","contentUrl":"https:\/\/miumjau.ee\/wp-content\/uploads\/2022\/04\/MiuMjau-logo-kollane.png","width":219,"height":100,"caption":"MiuMjau O\u00dc"},"image":{"@id":"https:\/\/miumjau.ee\/#\/schema\/logo\/image\/"},"sameAs":["https:\/\/www.facebook.com\/miumjaupood\/"]}]}},"_links":{"self":[{"href":"https:\/\/miumjau.ee\/lv\/wp-json\/wp\/v2\/product\/53185","targetHints":{"allow":["GET"]}}],"collection":[{"href":"https:\/\/miumjau.ee\/lv\/wp-json\/wp\/v2\/product"}],"about":[{"href":"https:\/\/miumjau.ee\/lv\/wp-json\/wp\/v2\/types\/product"}],"wp:featuredmedia":[{"embeddable":true,"href":"https:\/\/miumjau.ee\/lv\/wp-json\/wp\/v2\/media\/52938"}],"wp:attachment":[{"href":"https:\/\/miumjau.ee\/lv\/wp-json\/wp\/v2\/media?parent=53185"}],"wp:term":[{"taxonomy":"product_brand","embeddable":true,"href":"https:\/\/miumjau.ee\/lv\/wp-json\/wp\/v2\/product_brand?post=53185"},{"taxonomy":"product_cat","embeddable":true,"href":"https:\/\/miumjau.ee\/lv\/wp-json\/wp\/v2\/product_cat?post=53185"},{"taxonomy":"product_tag","embeddable":true,"href":"https:\/\/miumjau.ee\/lv\/wp-json\/wp\/v2\/product_tag?post=53185"}],"curies":[{"name":"wp","href":"https:\/\/api.w.org\/{rel}","templated":true}]}}