{"id":53179,"date":"2026-01-26T16:05:31","date_gmt":"2026-01-26T14:05:31","guid":{"rendered":"https:\/\/miumjau.ee\/toode\/dr-malou-liofilizetas-vistas-vafeles-kakiem-60g\/"},"modified":"2026-01-26T16:05:31","modified_gmt":"2026-01-26T14:05:31","slug":"dr-malou-liofilizetas-vistas-vafeles-kakiem-60g","status":"publish","type":"product","link":"https:\/\/miumjau.ee\/lv\/produkts\/dr-malou-liofilizetas-vistas-vafeles-kakiem-60g\/","title":{"rendered":"Dr Malou liofiliz\u0113tas vistas vafeles ka\u0137iem 60g"},"content":{"rendered":"","protected":false},"excerpt":{"rendered":"<p data-path-to-node=\"5\"><b data-path-to-node=\"5\" data-index-in-node=\"0\">Vistas vafeles ka\u0137iem \u2013 dabisks k\u0101rums, kas atbalsta ka\u0137u vesel\u012bbu un instinktus<\/b> Vai mekl\u0113jat savam m\u012blulim \u0113rtu, bet gardu uzkodu? Dr. Malou ka\u0137iem paredz\u0113t\u0101s liofiliz\u0113t\u0101s ga\u013cas vafeles ir inovat\u012bvi k\u0101rumi, kas apvieno augstas kvalit\u0101tes sast\u0101vda\u013cas ar krauk\u0161\u0137in\u0101\u0161anas prieku. Ga\u013cas bag\u0101tas, dro\u0161as un dabiskas \u2013 ide\u0101li piem\u0113rotas ikdienas lieto\u0161anai. Atkl\u0101jiet \u0161\u012bs vafeles, kuras j\u016bsu ka\u0137im patiks un no kur\u0101m vi\u0146\u0161 nekad nesp\u0113s atteikties!<\/p>\n<p data-path-to-node=\"6\">Katr\u0101 iepakojum\u0101 ir <b data-path-to-node=\"6\" data-index-in-node=\"20\">da\u017e\u0101du gar\u0161u mais\u012bjums<\/b>, lai da\u017e\u0101dotu j\u016bsu ka\u0137a \u0113dienkarti un pied\u0101v\u0101tu tam da\u017e\u0101das uzturvielas. Dr. Malou ka\u0137u vafeles ir pieejamas \u0161\u0101dos variantos:<\/p>\n<ul data-path-to-node=\"7\">\n<li>\n<p data-path-to-node=\"7,0,0\"><b data-path-to-node=\"7,0,0\" data-index-in-node=\"0\">Vista ar \u0137irbi<\/b> \u2013 atbalsta gremo\u0161anu un nodro\u0161ina \u0161\u0137iedrvielas.<\/p>\n<\/li>\n<li>\n<p data-path-to-node=\"7,1,0\"><b data-path-to-node=\"7,1,0\" data-index-in-node=\"0\">Vista ar mellen\u0113m<\/b> \u2013 dabisks antioksidants, C un K vitam\u012bna avots.<\/p>\n<\/li>\n<li>\n<p data-path-to-node=\"7,2,0\"><b data-path-to-node=\"7,2,0\" data-index-in-node=\"0\">Vista ar dz\u0113rven\u0113m<\/b> \u2013 atbalsta ur\u012bnce\u013cu vesel\u012bbu.<\/p>\n<\/li>\n<li>\n<p data-path-to-node=\"7,3,0\"><b data-path-to-node=\"7,3,0\" data-index-in-node=\"0\">Vista ar mie\u017eu z\u0101li<\/b> \u2013 folsk\u0101bes un k\u0101lija avots.<\/p>\n<\/li>\n<li>\n<p data-path-to-node=\"7,4,0\"><b data-path-to-node=\"7,4,0\" data-index-in-node=\"0\">Vista ar olas dzeltenumu<\/b> \u2013 dabisks multivitam\u012bns \u0101dai, ka\u017eokam un ac\u012bm.<\/p>\n<\/li>\n<\/ul>\n<p data-path-to-node=\"8\"><b data-path-to-node=\"8\" data-index-in-node=\"0\">Kas ir sast\u0101v\u0101? Tikai pats svar\u012bg\u0101kais.<\/b> Dr. Malou ka\u0137u vafeles sast\u0101v no <b data-path-to-node=\"8\" data-index-in-node=\"73\">88% vistas ga\u013cas<\/b> un ir bag\u0101tin\u0101tas tikai ar izv\u0113l\u0113t\u0101m funkcion\u0101l\u0101m piedev\u0101m:<\/p>\n<ul data-path-to-node=\"9\">\n<li>\n<p data-path-to-node=\"9,0,0\"><b data-path-to-node=\"9,0,0\" data-index-in-node=\"0\">Vistas aknas<\/b> \u2013 A un B grupas vitam\u012bnu un sel\u0113na avots.<\/p>\n<\/li>\n<li>\n<p data-path-to-node=\"9,1,0\"><b data-path-to-node=\"9,1,0\" data-index-in-node=\"0\">Mellenes un dz\u0113rvenes<\/b>, kur\u0101m piem\u012bt antioksidanta un diur\u0113tiskas \u012bpa\u0161\u012bbas.<\/p>\n<\/li>\n<li>\n<p data-path-to-node=\"9,2,0\"><b data-path-to-node=\"9,2,0\" data-index-in-node=\"0\">Mie\u017eu z\u0101le<\/b>, kas nodro\u0161ina b\u016btiskus mikroelementus un atbalsta gremo\u0161anu.<\/p>\n<\/li>\n<li>\n<p data-path-to-node=\"9,3,0\"><b data-path-to-node=\"9,3,0\" data-index-in-node=\"0\">Olas dzeltenums<\/b>, kas bag\u0101ts ar biot\u012bnu un lute\u012bnu, veselam ka\u017eokam un ac\u012bm.<\/p>\n<\/li>\n<li>\n<p data-path-to-node=\"9,4,0\"><b data-path-to-node=\"9,4,0\" data-index-in-node=\"0\">Jamsa pulveris<\/b>, kas atbalsta zarnu mikrofloru un gremo\u0161anas trakta darb\u012bbu.<\/p>\n<\/li>\n<\/ul>\n<p data-path-to-node=\"10\">Svar\u012bgi zin\u0101t, ka pied\u0101v\u0101t\u0101s ka\u0137u vafeles <b data-path-to-node=\"10\" data-index-in-node=\"42\">nesatur m\u0101ksl\u012bgos konservantus, kr\u0101svielas vai nevajadz\u012bgas pildvielas<\/b> \u2013 t\u0101s ir dabiski saglab\u0101tas, pateicoties rozmar\u012bna ekstraktam.<\/p>\n<p data-path-to-node=\"11\"><b data-path-to-node=\"11\" data-index-in-node=\"0\">Augst\u0101k\u0101 kvalit\u0101te dabisk\u0101 veid\u0101<\/b> M\u0113s izv\u0113l\u0113j\u0101mies liofiliz\u0113tas uzkodas, jo liofiliz\u0101cijas process saglab\u0101 visu sast\u0101vda\u013cu uzturv\u0113rt\u012bbu, piln\u012bgu ga\u013cas gar\u0161u un arom\u0101tu, k\u0101 ar\u012b nodro\u0161ina ilgu glab\u0101\u0161anas laiku praktiski nemain\u012bg\u0101 veid\u0101. Tas padara katru ka\u0137u vafeli ne tikai gar\u0161\u012bgu, bet ar\u012b vesel\u012bgu. \u0160ie k\u0101rumi sniedz uzved\u012bbas un saj\u016btu priek\u0161roc\u012bbas, kas ir svar\u012bgas j\u016bsu m\u012blu\u013ca labsaj\u016btai. Sensor\u0101 stimul\u0101cija pal\u012bdz vi\u0146iem tikt gal\u0101 ar stresu un uzlabo vi\u0146u uzved\u012bbu. Tas pal\u012bdz ka\u0137iem k\u013c\u016bt mier\u012bg\u0101kiem un p\u0101rliecin\u0101t\u0101kiem.<\/p>\n<ul data-path-to-node=\"12\">\n<li>\n<p data-path-to-node=\"12,0,0\"><b data-path-to-node=\"12,0,0\" data-index-in-node=\"0\">Krauk\u0161\u0137\u012bgas vafeles<\/b> atbalsta mutes dobuma higi\u0113nu un apmierina dabisko grau\u0161anas vajadz\u012bbu.<\/p>\n<\/li>\n<li>\n<p data-path-to-node=\"12,1,0\"><b data-path-to-node=\"12,1,0\" data-index-in-node=\"0\">Var pasniegt ar\u012b samitrin\u0101tas<\/b> \u2013 vienk\u0101r\u0161i iem\u0113rciet \u016bden\u012b, lai t\u0101s k\u013c\u016btu m\u012bkstas.<\/p>\n<\/li>\n<li>\n<p data-path-to-node=\"12,2,0\"><b data-path-to-node=\"12,2,0\" data-index-in-node=\"0\">Atl\u012bdz\u012bba<\/b> \u2013 ide\u0101li piem\u0113rota treni\u0146iem, rota\u013c\u0101m vai k\u0101 uzkoda starp \u0113dienreiz\u0113m.<\/p>\n<\/li>\n<\/ul>\n<p data-path-to-node=\"13\"><b data-path-to-node=\"13\" data-index-in-node=\"0\">Anal\u012btiskie komponenti:<\/b> kopprote\u012bns 74%, koptauki 10%, kop\u0161\u0137iedra 2%, koppelni 6%, mitrums 6%. <b data-path-to-node=\"13\" data-index-in-node=\"95\">Ener\u0123ija:<\/b> 351 kcal\/100 g (1 vafele = 7 kcal).<\/p>\n<p data-path-to-node=\"14\"><b data-path-to-node=\"14\" data-index-in-node=\"0\">Ieteicam\u0101 deva:<\/b><\/p>\n<ul data-path-to-node=\"15\">\n<li>\n<p data-path-to-node=\"15,0,0\">Dz\u012bvnieka svars (kg): 0,5\u20132 | 2\u20134 | 4\u20136 | virs 6<\/p>\n<\/li>\n<li>\n<p data-path-to-node=\"15,1,0\">Daudzums (gab.\/dien\u0101): 1\u20132 | 2\u20134 | 3\u20135 | 4\u20137<\/p>\n<\/li>\n<\/ul>\n","protected":false},"featured_media":52920,"template":"","meta":[],"product_brand":[],"product_cat":[570],"product_tag":[],"class_list":{"0":"post-53179","1":"product","2":"type-product","3":"status-publish","4":"has-post-thumbnail","6":"product_cat-naski","8":"first","9":"instock","10":"taxable","11":"shipping-taxable","12":"purchasable","13":"product-type-simple"},"yoast_head":"<!-- This site is optimized with the Yoast SEO plugin v27.4 - https:\/\/yoast.com\/product\/yoast-seo-wordpress\/ -->\n<title>Dr Malou liofiliz\u0113tas vistas vafeles ka\u0137iem 60g - MiuMjau<\/title>\n<meta name=\"robots\" content=\"index, follow, max-snippet:-1, max-image-preview:large, max-video-preview:-1\" \/>\n<link rel=\"canonical\" href=\"https:\/\/miumjau.ee\/lv\/produkts\/dr-malou-liofilizetas-vistas-vafeles-kakiem-60g\/\" \/>\n<meta property=\"og:locale\" content=\"lv_LV\" \/>\n<meta property=\"og:type\" content=\"article\" \/>\n<meta property=\"og:title\" content=\"Dr Malou liofiliz\u0113tas vistas vafeles ka\u0137iem 60g - MiuMjau\" \/>\n<meta property=\"og:description\" content=\"Vistas vafeles ka\u0137iem \u2013 dabisks k\u0101rums, kas atbalsta ka\u0137u vesel\u012bbu un instinktus Vai mekl\u0113jat savam m\u012blulim \u0113rtu, bet gardu uzkodu? Dr. Malou ka\u0137iem paredz\u0113t\u0101s liofiliz\u0113t\u0101s ga\u013cas vafeles ir inovat\u012bvi k\u0101rumi, kas apvieno augstas kvalit\u0101tes sast\u0101vda\u013cas ar krauk\u0161\u0137in\u0101\u0161anas prieku. Ga\u013cas bag\u0101tas, dro\u0161as un dabiskas \u2013 ide\u0101li piem\u0113rotas ikdienas lieto\u0161anai. Atkl\u0101jiet \u0161\u012bs vafeles, kuras j\u016bsu ka\u0137im patiks un no kur\u0101m vi\u0146\u0161 nekad nesp\u0113s atteikties! Katr\u0101 iepakojum\u0101 ir da\u017e\u0101du gar\u0161u mais\u012bjums, lai da\u017e\u0101dotu j\u016bsu ka\u0137a \u0113dienkarti un pied\u0101v\u0101tu tam da\u017e\u0101das uzturvielas. Dr. Malou ka\u0137u vafeles ir pieejamas \u0161\u0101dos variantos:     Vista ar \u0137irbi \u2013 atbalsta gremo\u0161anu un nodro\u0161ina \u0161\u0137iedrvielas.    Vista ar mellen\u0113m \u2013 dabisks antioksidants, C un K vitam\u012bna avots.    Vista ar dz\u0113rven\u0113m \u2013 atbalsta ur\u012bnce\u013cu vesel\u012bbu.    Vista ar mie\u017eu z\u0101li \u2013 folsk\u0101bes un k\u0101lija avots.    Vista ar olas dzeltenumu \u2013 dabisks multivitam\u012bns \u0101dai, ka\u017eokam un ac\u012bm.   Kas ir sast\u0101v\u0101? Tikai pats svar\u012bg\u0101kais. Dr. Malou ka\u0137u vafeles sast\u0101v no 88% vistas ga\u013cas un ir bag\u0101tin\u0101tas tikai ar izv\u0113l\u0113t\u0101m funkcion\u0101l\u0101m piedev\u0101m:     Vistas aknas \u2013 A un B grupas vitam\u012bnu un sel\u0113na avots.    Mellenes un dz\u0113rvenes, kur\u0101m piem\u012bt antioksidanta un diur\u0113tiskas \u012bpa\u0161\u012bbas.    Mie\u017eu z\u0101le, kas nodro\u0161ina b\u016btiskus mikroelementus un atbalsta gremo\u0161anu.    Olas dzeltenums, kas bag\u0101ts ar biot\u012bnu un lute\u012bnu, veselam ka\u017eokam un ac\u012bm.    Jamsa pulveris, kas atbalsta zarnu mikrofloru un gremo\u0161anas trakta darb\u012bbu.   Svar\u012bgi zin\u0101t, ka pied\u0101v\u0101t\u0101s ka\u0137u vafeles nesatur m\u0101ksl\u012bgos konservantus, kr\u0101svielas vai nevajadz\u012bgas pildvielas \u2013 t\u0101s ir dabiski saglab\u0101tas, pateicoties rozmar\u012bna ekstraktam. Augst\u0101k\u0101 kvalit\u0101te dabisk\u0101 veid\u0101 M\u0113s izv\u0113l\u0113j\u0101mies liofiliz\u0113tas uzkodas, jo liofiliz\u0101cijas process saglab\u0101 visu sast\u0101vda\u013cu uzturv\u0113rt\u012bbu, piln\u012bgu ga\u013cas gar\u0161u un arom\u0101tu, k\u0101 ar\u012b nodro\u0161ina ilgu glab\u0101\u0161anas laiku praktiski nemain\u012bg\u0101 veid\u0101. Tas padara katru ka\u0137u vafeli ne tikai gar\u0161\u012bgu, bet ar\u012b vesel\u012bgu. \u0160ie k\u0101rumi sniedz uzved\u012bbas un saj\u016btu priek\u0161roc\u012bbas, kas ir svar\u012bgas j\u016bsu m\u012blu\u013ca labsaj\u016btai. Sensor\u0101 stimul\u0101cija pal\u012bdz vi\u0146iem tikt gal\u0101 ar stresu un uzlabo vi\u0146u uzved\u012bbu. Tas pal\u012bdz ka\u0137iem k\u013c\u016bt mier\u012bg\u0101kiem un p\u0101rliecin\u0101t\u0101kiem.     Krauk\u0161\u0137\u012bgas vafeles atbalsta mutes dobuma higi\u0113nu un apmierina dabisko grau\u0161anas vajadz\u012bbu.    Var pasniegt ar\u012b samitrin\u0101tas \u2013 vienk\u0101r\u0161i iem\u0113rciet \u016bden\u012b, lai t\u0101s k\u013c\u016btu m\u012bkstas.    Atl\u012bdz\u012bba \u2013 ide\u0101li piem\u0113rota treni\u0146iem, rota\u013c\u0101m vai k\u0101 uzkoda starp \u0113dienreiz\u0113m.   Anal\u012btiskie komponenti: kopprote\u012bns 74%, koptauki 10%, kop\u0161\u0137iedra 2%, koppelni 6%, mitrums 6%. Ener\u0123ija: 351 kcal\/100 g (1 vafele = 7 kcal). Ieteicam\u0101 deva:     Dz\u012bvnieka svars (kg): 0,5\u20132 | 2\u20134 | 4\u20136 | virs 6    Daudzums (gab.\/dien\u0101): 1\u20132 | 2\u20134 | 3\u20135 | 4\u20137\" \/>\n<meta property=\"og:url\" content=\"https:\/\/miumjau.ee\/lv\/produkts\/dr-malou-liofilizetas-vistas-vafeles-kakiem-60g\/\" \/>\n<meta property=\"og:site_name\" content=\"MiuMjau\" \/>\n<meta property=\"article:publisher\" content=\"https:\/\/www.facebook.com\/miumjaupood\/\" \/>\n<meta property=\"og:image\" content=\"https:\/\/miumjau.ee\/wp-content\/uploads\/2026\/01\/dr-malou-vahvlid-kassidele1.jpg\" \/>\n\t<meta property=\"og:image:width\" content=\"600\" \/>\n\t<meta property=\"og:image:height\" content=\"800\" \/>\n\t<meta property=\"og:image:type\" content=\"image\/jpeg\" \/>\n<meta name=\"twitter:card\" content=\"summary_large_image\" \/>\n<script type=\"application\/ld+json\" class=\"yoast-schema-graph\">{\"@context\":\"https:\\\/\\\/schema.org\",\"@graph\":[{\"@type\":\"WebPage\",\"@id\":\"https:\\\/\\\/miumjau.ee\\\/lv\\\/produkts\\\/dr-malou-liofilizetas-vistas-vafeles-kakiem-60g\\\/\",\"url\":\"https:\\\/\\\/miumjau.ee\\\/lv\\\/produkts\\\/dr-malou-liofilizetas-vistas-vafeles-kakiem-60g\\\/\",\"name\":\"Dr Malou liofiliz\u0113tas vistas vafeles ka\u0137iem 60g - MiuMjau\",\"isPartOf\":{\"@id\":\"https:\\\/\\\/miumjau.ee\\\/#website\"},\"primaryImageOfPage\":{\"@id\":\"https:\\\/\\\/miumjau.ee\\\/lv\\\/produkts\\\/dr-malou-liofilizetas-vistas-vafeles-kakiem-60g\\\/#primaryimage\"},\"image\":{\"@id\":\"https:\\\/\\\/miumjau.ee\\\/lv\\\/produkts\\\/dr-malou-liofilizetas-vistas-vafeles-kakiem-60g\\\/#primaryimage\"},\"thumbnailUrl\":\"https:\\\/\\\/miumjau.ee\\\/wp-content\\\/uploads\\\/2026\\\/01\\\/dr-malou-vahvlid-kassidele1.jpg\",\"datePublished\":\"2026-01-26T14:05:31+00:00\",\"breadcrumb\":{\"@id\":\"https:\\\/\\\/miumjau.ee\\\/lv\\\/produkts\\\/dr-malou-liofilizetas-vistas-vafeles-kakiem-60g\\\/#breadcrumb\"},\"inLanguage\":\"lv-LV\",\"potentialAction\":[{\"@type\":\"ReadAction\",\"target\":[\"https:\\\/\\\/miumjau.ee\\\/lv\\\/produkts\\\/dr-malou-liofilizetas-vistas-vafeles-kakiem-60g\\\/\"]}]},{\"@type\":\"ImageObject\",\"inLanguage\":\"lv-LV\",\"@id\":\"https:\\\/\\\/miumjau.ee\\\/lv\\\/produkts\\\/dr-malou-liofilizetas-vistas-vafeles-kakiem-60g\\\/#primaryimage\",\"url\":\"https:\\\/\\\/miumjau.ee\\\/wp-content\\\/uploads\\\/2026\\\/01\\\/dr-malou-vahvlid-kassidele1.jpg\",\"contentUrl\":\"https:\\\/\\\/miumjau.ee\\\/wp-content\\\/uploads\\\/2026\\\/01\\\/dr-malou-vahvlid-kassidele1.jpg\",\"width\":600,\"height\":800,\"caption\":\"Dr Malou k\u00fclmkuivatatud kanavahvlid kassidele 60g\"},{\"@type\":\"BreadcrumbList\",\"@id\":\"https:\\\/\\\/miumjau.ee\\\/lv\\\/produkts\\\/dr-malou-liofilizetas-vistas-vafeles-kakiem-60g\\\/#breadcrumb\",\"itemListElement\":[{\"@type\":\"ListItem\",\"position\":1,\"name\":\"Home\",\"item\":\"https:\\\/\\\/miumjau.ee\\\/lv\\\/\"},{\"@type\":\"ListItem\",\"position\":2,\"name\":\"Veikals\",\"item\":\"https:\\\/\\\/miumjau.ee\\\/lv\\\/veikals\\\/\"},{\"@type\":\"ListItem\",\"position\":3,\"name\":\"Dr Malou liofiliz\u0113tas vistas vafeles ka\u0137iem 60g\"}]},{\"@type\":\"WebSite\",\"@id\":\"https:\\\/\\\/miumjau.ee\\\/#website\",\"url\":\"https:\\\/\\\/miumjau.ee\\\/\",\"name\":\"MiuMjau\",\"description\":\"Kraapimispuud kassidele\",\"publisher\":{\"@id\":\"https:\\\/\\\/miumjau.ee\\\/#organization\"},\"potentialAction\":[{\"@type\":\"SearchAction\",\"target\":{\"@type\":\"EntryPoint\",\"urlTemplate\":\"https:\\\/\\\/miumjau.ee\\\/?s={search_term_string}\"},\"query-input\":{\"@type\":\"PropertyValueSpecification\",\"valueRequired\":true,\"valueName\":\"search_term_string\"}}],\"inLanguage\":\"lv-LV\"},{\"@type\":\"Organization\",\"@id\":\"https:\\\/\\\/miumjau.ee\\\/#organization\",\"name\":\"MiuMjau O\u00dc\",\"url\":\"https:\\\/\\\/miumjau.ee\\\/\",\"logo\":{\"@type\":\"ImageObject\",\"inLanguage\":\"lv-LV\",\"@id\":\"https:\\\/\\\/miumjau.ee\\\/#\\\/schema\\\/logo\\\/image\\\/\",\"url\":\"https:\\\/\\\/miumjau.ee\\\/wp-content\\\/uploads\\\/2022\\\/04\\\/MiuMjau-logo-kollane.png\",\"contentUrl\":\"https:\\\/\\\/miumjau.ee\\\/wp-content\\\/uploads\\\/2022\\\/04\\\/MiuMjau-logo-kollane.png\",\"width\":219,\"height\":100,\"caption\":\"MiuMjau O\u00dc\"},\"image\":{\"@id\":\"https:\\\/\\\/miumjau.ee\\\/#\\\/schema\\\/logo\\\/image\\\/\"},\"sameAs\":[\"https:\\\/\\\/www.facebook.com\\\/miumjaupood\\\/\"]}]}<\/script>\n<!-- \/ Yoast SEO plugin. -->","yoast_head_json":{"title":"Dr Malou liofiliz\u0113tas vistas vafeles ka\u0137iem 60g - MiuMjau","robots":{"index":"index","follow":"follow","max-snippet":"max-snippet:-1","max-image-preview":"max-image-preview:large","max-video-preview":"max-video-preview:-1"},"canonical":"https:\/\/miumjau.ee\/lv\/produkts\/dr-malou-liofilizetas-vistas-vafeles-kakiem-60g\/","og_locale":"lv_LV","og_type":"article","og_title":"Dr Malou liofiliz\u0113tas vistas vafeles ka\u0137iem 60g - MiuMjau","og_description":"Vistas vafeles ka\u0137iem \u2013 dabisks k\u0101rums, kas atbalsta ka\u0137u vesel\u012bbu un instinktus Vai mekl\u0113jat savam m\u012blulim \u0113rtu, bet gardu uzkodu? Dr. Malou ka\u0137iem paredz\u0113t\u0101s liofiliz\u0113t\u0101s ga\u013cas vafeles ir inovat\u012bvi k\u0101rumi, kas apvieno augstas kvalit\u0101tes sast\u0101vda\u013cas ar krauk\u0161\u0137in\u0101\u0161anas prieku. Ga\u013cas bag\u0101tas, dro\u0161as un dabiskas \u2013 ide\u0101li piem\u0113rotas ikdienas lieto\u0161anai. Atkl\u0101jiet \u0161\u012bs vafeles, kuras j\u016bsu ka\u0137im patiks un no kur\u0101m vi\u0146\u0161 nekad nesp\u0113s atteikties! Katr\u0101 iepakojum\u0101 ir da\u017e\u0101du gar\u0161u mais\u012bjums, lai da\u017e\u0101dotu j\u016bsu ka\u0137a \u0113dienkarti un pied\u0101v\u0101tu tam da\u017e\u0101das uzturvielas. Dr. Malou ka\u0137u vafeles ir pieejamas \u0161\u0101dos variantos:     Vista ar \u0137irbi \u2013 atbalsta gremo\u0161anu un nodro\u0161ina \u0161\u0137iedrvielas.    Vista ar mellen\u0113m \u2013 dabisks antioksidants, C un K vitam\u012bna avots.    Vista ar dz\u0113rven\u0113m \u2013 atbalsta ur\u012bnce\u013cu vesel\u012bbu.    Vista ar mie\u017eu z\u0101li \u2013 folsk\u0101bes un k\u0101lija avots.    Vista ar olas dzeltenumu \u2013 dabisks multivitam\u012bns \u0101dai, ka\u017eokam un ac\u012bm.   Kas ir sast\u0101v\u0101? Tikai pats svar\u012bg\u0101kais. Dr. Malou ka\u0137u vafeles sast\u0101v no 88% vistas ga\u013cas un ir bag\u0101tin\u0101tas tikai ar izv\u0113l\u0113t\u0101m funkcion\u0101l\u0101m piedev\u0101m:     Vistas aknas \u2013 A un B grupas vitam\u012bnu un sel\u0113na avots.    Mellenes un dz\u0113rvenes, kur\u0101m piem\u012bt antioksidanta un diur\u0113tiskas \u012bpa\u0161\u012bbas.    Mie\u017eu z\u0101le, kas nodro\u0161ina b\u016btiskus mikroelementus un atbalsta gremo\u0161anu.    Olas dzeltenums, kas bag\u0101ts ar biot\u012bnu un lute\u012bnu, veselam ka\u017eokam un ac\u012bm.    Jamsa pulveris, kas atbalsta zarnu mikrofloru un gremo\u0161anas trakta darb\u012bbu.   Svar\u012bgi zin\u0101t, ka pied\u0101v\u0101t\u0101s ka\u0137u vafeles nesatur m\u0101ksl\u012bgos konservantus, kr\u0101svielas vai nevajadz\u012bgas pildvielas \u2013 t\u0101s ir dabiski saglab\u0101tas, pateicoties rozmar\u012bna ekstraktam. Augst\u0101k\u0101 kvalit\u0101te dabisk\u0101 veid\u0101 M\u0113s izv\u0113l\u0113j\u0101mies liofiliz\u0113tas uzkodas, jo liofiliz\u0101cijas process saglab\u0101 visu sast\u0101vda\u013cu uzturv\u0113rt\u012bbu, piln\u012bgu ga\u013cas gar\u0161u un arom\u0101tu, k\u0101 ar\u012b nodro\u0161ina ilgu glab\u0101\u0161anas laiku praktiski nemain\u012bg\u0101 veid\u0101. Tas padara katru ka\u0137u vafeli ne tikai gar\u0161\u012bgu, bet ar\u012b vesel\u012bgu. \u0160ie k\u0101rumi sniedz uzved\u012bbas un saj\u016btu priek\u0161roc\u012bbas, kas ir svar\u012bgas j\u016bsu m\u012blu\u013ca labsaj\u016btai. Sensor\u0101 stimul\u0101cija pal\u012bdz vi\u0146iem tikt gal\u0101 ar stresu un uzlabo vi\u0146u uzved\u012bbu. Tas pal\u012bdz ka\u0137iem k\u013c\u016bt mier\u012bg\u0101kiem un p\u0101rliecin\u0101t\u0101kiem.     Krauk\u0161\u0137\u012bgas vafeles atbalsta mutes dobuma higi\u0113nu un apmierina dabisko grau\u0161anas vajadz\u012bbu.    Var pasniegt ar\u012b samitrin\u0101tas \u2013 vienk\u0101r\u0161i iem\u0113rciet \u016bden\u012b, lai t\u0101s k\u013c\u016btu m\u012bkstas.    Atl\u012bdz\u012bba \u2013 ide\u0101li piem\u0113rota treni\u0146iem, rota\u013c\u0101m vai k\u0101 uzkoda starp \u0113dienreiz\u0113m.   Anal\u012btiskie komponenti: kopprote\u012bns 74%, koptauki 10%, kop\u0161\u0137iedra 2%, koppelni 6%, mitrums 6%. Ener\u0123ija: 351 kcal\/100 g (1 vafele = 7 kcal). Ieteicam\u0101 deva:     Dz\u012bvnieka svars (kg): 0,5\u20132 | 2\u20134 | 4\u20136 | virs 6    Daudzums (gab.\/dien\u0101): 1\u20132 | 2\u20134 | 3\u20135 | 4\u20137","og_url":"https:\/\/miumjau.ee\/lv\/produkts\/dr-malou-liofilizetas-vistas-vafeles-kakiem-60g\/","og_site_name":"MiuMjau","article_publisher":"https:\/\/www.facebook.com\/miumjaupood\/","og_image":[{"width":600,"height":800,"url":"https:\/\/miumjau.ee\/wp-content\/uploads\/2026\/01\/dr-malou-vahvlid-kassidele1.jpg","type":"image\/jpeg"}],"twitter_card":"summary_large_image","schema":{"@context":"https:\/\/schema.org","@graph":[{"@type":"WebPage","@id":"https:\/\/miumjau.ee\/lv\/produkts\/dr-malou-liofilizetas-vistas-vafeles-kakiem-60g\/","url":"https:\/\/miumjau.ee\/lv\/produkts\/dr-malou-liofilizetas-vistas-vafeles-kakiem-60g\/","name":"Dr Malou liofiliz\u0113tas vistas vafeles ka\u0137iem 60g - MiuMjau","isPartOf":{"@id":"https:\/\/miumjau.ee\/#website"},"primaryImageOfPage":{"@id":"https:\/\/miumjau.ee\/lv\/produkts\/dr-malou-liofilizetas-vistas-vafeles-kakiem-60g\/#primaryimage"},"image":{"@id":"https:\/\/miumjau.ee\/lv\/produkts\/dr-malou-liofilizetas-vistas-vafeles-kakiem-60g\/#primaryimage"},"thumbnailUrl":"https:\/\/miumjau.ee\/wp-content\/uploads\/2026\/01\/dr-malou-vahvlid-kassidele1.jpg","datePublished":"2026-01-26T14:05:31+00:00","breadcrumb":{"@id":"https:\/\/miumjau.ee\/lv\/produkts\/dr-malou-liofilizetas-vistas-vafeles-kakiem-60g\/#breadcrumb"},"inLanguage":"lv-LV","potentialAction":[{"@type":"ReadAction","target":["https:\/\/miumjau.ee\/lv\/produkts\/dr-malou-liofilizetas-vistas-vafeles-kakiem-60g\/"]}]},{"@type":"ImageObject","inLanguage":"lv-LV","@id":"https:\/\/miumjau.ee\/lv\/produkts\/dr-malou-liofilizetas-vistas-vafeles-kakiem-60g\/#primaryimage","url":"https:\/\/miumjau.ee\/wp-content\/uploads\/2026\/01\/dr-malou-vahvlid-kassidele1.jpg","contentUrl":"https:\/\/miumjau.ee\/wp-content\/uploads\/2026\/01\/dr-malou-vahvlid-kassidele1.jpg","width":600,"height":800,"caption":"Dr Malou k\u00fclmkuivatatud kanavahvlid kassidele 60g"},{"@type":"BreadcrumbList","@id":"https:\/\/miumjau.ee\/lv\/produkts\/dr-malou-liofilizetas-vistas-vafeles-kakiem-60g\/#breadcrumb","itemListElement":[{"@type":"ListItem","position":1,"name":"Home","item":"https:\/\/miumjau.ee\/lv\/"},{"@type":"ListItem","position":2,"name":"Veikals","item":"https:\/\/miumjau.ee\/lv\/veikals\/"},{"@type":"ListItem","position":3,"name":"Dr Malou liofiliz\u0113tas vistas vafeles ka\u0137iem 60g"}]},{"@type":"WebSite","@id":"https:\/\/miumjau.ee\/#website","url":"https:\/\/miumjau.ee\/","name":"MiuMjau","description":"Kraapimispuud kassidele","publisher":{"@id":"https:\/\/miumjau.ee\/#organization"},"potentialAction":[{"@type":"SearchAction","target":{"@type":"EntryPoint","urlTemplate":"https:\/\/miumjau.ee\/?s={search_term_string}"},"query-input":{"@type":"PropertyValueSpecification","valueRequired":true,"valueName":"search_term_string"}}],"inLanguage":"lv-LV"},{"@type":"Organization","@id":"https:\/\/miumjau.ee\/#organization","name":"MiuMjau O\u00dc","url":"https:\/\/miumjau.ee\/","logo":{"@type":"ImageObject","inLanguage":"lv-LV","@id":"https:\/\/miumjau.ee\/#\/schema\/logo\/image\/","url":"https:\/\/miumjau.ee\/wp-content\/uploads\/2022\/04\/MiuMjau-logo-kollane.png","contentUrl":"https:\/\/miumjau.ee\/wp-content\/uploads\/2022\/04\/MiuMjau-logo-kollane.png","width":219,"height":100,"caption":"MiuMjau O\u00dc"},"image":{"@id":"https:\/\/miumjau.ee\/#\/schema\/logo\/image\/"},"sameAs":["https:\/\/www.facebook.com\/miumjaupood\/"]}]}},"_links":{"self":[{"href":"https:\/\/miumjau.ee\/lv\/wp-json\/wp\/v2\/product\/53179","targetHints":{"allow":["GET"]}}],"collection":[{"href":"https:\/\/miumjau.ee\/lv\/wp-json\/wp\/v2\/product"}],"about":[{"href":"https:\/\/miumjau.ee\/lv\/wp-json\/wp\/v2\/types\/product"}],"wp:featuredmedia":[{"embeddable":true,"href":"https:\/\/miumjau.ee\/lv\/wp-json\/wp\/v2\/media\/52920"}],"wp:attachment":[{"href":"https:\/\/miumjau.ee\/lv\/wp-json\/wp\/v2\/media?parent=53179"}],"wp:term":[{"taxonomy":"product_brand","embeddable":true,"href":"https:\/\/miumjau.ee\/lv\/wp-json\/wp\/v2\/product_brand?post=53179"},{"taxonomy":"product_cat","embeddable":true,"href":"https:\/\/miumjau.ee\/lv\/wp-json\/wp\/v2\/product_cat?post=53179"},{"taxonomy":"product_tag","embeddable":true,"href":"https:\/\/miumjau.ee\/lv\/wp-json\/wp\/v2\/product_tag?post=53179"}],"curies":[{"name":"wp","href":"https:\/\/api.w.org\/{rel}","templated":true}]}}