{"id":53176,"date":"2026-01-26T15:59:09","date_gmt":"2026-01-26T13:59:09","guid":{"rendered":"https:\/\/miumjau.ee\/toode\/dr-malou-liofilizetas-aukstuma-zavetas-100-vistas-aknas\/"},"modified":"2026-01-26T15:59:09","modified_gmt":"2026-01-26T13:59:09","slug":"dr-malou-liofilizetas-aukstuma-zavetas-100-vistas-aknas","status":"publish","type":"product","link":"https:\/\/miumjau.ee\/lv\/produkts\/dr-malou-liofilizetas-aukstuma-zavetas-100-vistas-aknas\/","title":{"rendered":"Dr Malou liofiliz\u0113tas (aukstum\u0101 \u017e\u0101v\u0113tas) 100% vistas aknas"},"content":{"rendered":"","protected":false},"excerpt":{"rendered":"<p data-path-to-node=\"5\"><span class=\"\">Dr Malou liofiliz\u0113tas 100% vistas aknas ir lielisks k\u0101rums gan ka\u0137iem,<\/span><span class=\"\"> gan su\u0146iem.<\/span><span class=\"\"> Delikatese su\u0146iem un ka\u0137iem,<\/span><span class=\"\"> kuri ir peln\u012bju\u0161i t\u012bru,<\/span><span class=\"\"> dabisku un pilnv\u0113rt\u012bgu uzturu.<\/span><\/p>\n<p data-path-to-node=\"6\"><b class=\"\" data-path-to-node=\"6\" data-index-in-node=\"0\">K\u0101p\u0113c tie\u0161i vistas aknas?<\/b><span class=\"\"> T\u0101s nodro\u0161ina lielu A vitam\u012bna devu,<\/span><span class=\"\"> kas atbalsta redzi,<\/span><span class=\"\"> aug\u0161anu un vesel\u012bgu im\u016bnsist\u0113mu.<\/span><span class=\"\"> K\u0101 taur\u012bna un folsk\u0101bes avots t\u0101m ir pozit\u012bva ietekme uz sirds vesel\u012bbu,<\/span><span class=\"\"> nervu sist\u0113mu un vielmai\u0146u,<\/span><span class=\"\"> kas ir \u012bpa\u0161i svar\u012bgi ka\u0137iem.<\/span><span class=\"\"> Bag\u0101tas ar B12 vitam\u012bnu un dzelzi,<\/span><span class=\"\"> t\u0101s ir b\u016btiskas sarkano asins\u0137ermen\u012b\u0161u veido\u0161anai un akt\u012bvi veicina dz\u012bvessparu,<\/span><span class=\"\"> ener\u0123iju un labsaj\u016btu.<\/span><span class=\"\"> To intens\u012bv\u0101 un dab\u012bg\u0101 gar\u0161a padara t\u0101s par ide\u0101lu augstas kvalit\u0101tes k\u0101rumu un lielisku papildin\u0101jumu jebkura su\u0146a vai ka\u0137a \u0113dienkartei.<\/span><\/p>\n<p data-path-to-node=\"7\"><b class=\"\" data-path-to-node=\"7\" data-index-in-node=\"0\">Svaigums un uzturv\u0113rt\u012bba, pateicoties liofiliz\u0101cijai<\/b><span class=\"\"> Liofiliz\u0101cija,<\/span><span class=\"\"> kas paz\u012bstama ar\u012b k\u0101 saudz\u012bga sasald\u0113\u0161ana,<\/span><span class=\"\"> saglab\u0101 l\u012bdz pat 98% ga\u013cas biolo\u0123isk\u0101s v\u0113rt\u012bbas.<\/span><span class=\"\"> Tas noz\u012bm\u0113,<\/span><span class=\"\"> ka produktam nav nepiecie\u0161ami konservanti vai \u0137\u012bmiski fiksatori,<\/span><span class=\"\"> tom\u0113r tas paliek svaigs,<\/span><span class=\"\"> viegls un gar\u0161\u012bgs.<\/span><span class=\"\"> \u0160\u012b modern\u0101,<\/span><span class=\"\"> dabas iedvesmot\u0101 tehnolo\u0123ija apvieno dro\u0161\u012bbu un \u0113rt\u012bbas.<\/span><span class=\"\"> Aknas saglab\u0101 savu dabisko arom\u0101tu,<\/span><span class=\"\"> kas rosina apet\u012bti un piesaista pat izv\u0113l\u012bgus m\u0101jdz\u012bvniekus.<\/span><span class=\"\"> Katrs gabali\u0146\u0161 ir koncentr\u0113ts ener\u0123ijas un vesel\u012bbas avots \u2013 gatavs pasnieg\u0161anai jebkur\u0101 laik\u0101.<\/span><\/p>\n<p data-path-to-node=\"8\"><b class=\"\" data-path-to-node=\"8\" data-index-in-node=\"0\">Vesel\u012bba tie\u0161i no dabas \u2013 vitam\u012bni un miner\u0101lvielas katr\u0101 kubi\u0146\u0101<\/b><span class=\"\"> T\u0101 ir ide\u0101la izv\u0113le visu vecumu su\u0146iem un ka\u0137iem,<\/span><span class=\"\"> no kuc\u0113niem un ka\u0137\u0113niem l\u012bdz pat senioriem.<\/span><span class=\"\"> Augstais olbaltumvielu saturs (67%) un vesel\u012bgie tauki (23,<\/span><span class=\"\">1%) atbalsta sp\u0113ku un atjauno\u0161anos,<\/span><span class=\"\"> savuk\u0101rt zemais mitruma l\u012bmenis (3%) nodro\u0161ina ilgsto\u0161u efektivit\u0101ti bez dzes\u0113\u0161anas.<\/span><\/p>\n<ul data-path-to-node=\"9\">\n<li>\n<p data-path-to-node=\"9,0,0\"><b class=\"\" data-path-to-node=\"9,0,0\" data-index-in-node=\"0\">A vitam\u012bns<\/b><span class=\"\"> atbalsta redzi,<\/span><span class=\"\"> audu re\u0123ener\u0101ciju un \u0101das st\u0101vokli.<\/span><\/p>\n<\/li>\n<li>\n<p data-path-to-node=\"9,1,0\"><b class=\"\" data-path-to-node=\"9,1,0\" data-index-in-node=\"0\">B grupas vitam\u012bni<\/b><span class=\"\"> veicina nervu sist\u0113mas un vielmai\u0146as pareizu darb\u012bbu.<\/span><\/p>\n<\/li>\n<li>\n<p data-path-to-node=\"9,2,0\"><b class=\"\" data-path-to-node=\"9,2,0\" data-index-in-node=\"0\">Dzelzs un cinks<\/b><span class=\"\"> stiprina im\u016bnsist\u0113mu,<\/span><span class=\"\"> atbalsta sarkano asins\u0137ermen\u012b\u0161u ra\u017eo\u0161anu un nodro\u0161ina vesel\u012bgu ka\u017eoku.<\/span><\/p>\n<\/li>\n<li>\n<p data-path-to-node=\"9,3,0\"><b class=\"\" data-path-to-node=\"9,3,0\" data-index-in-node=\"0\">Fosfors un var\u0161<\/b><span class=\"\"> ir atbild\u012bgi par veseliem kauliem,<\/span><span class=\"\"> musku\u013ciem un pareizu \u0161\u016bnu darb\u012bbu.<\/span><\/p>\n<\/li>\n<\/ul>\n<p data-path-to-node=\"10\"><span class=\"\">Regul\u0101ra Dr.<\/span><span class=\"\"> Malou k\u0101rumu lieto\u0161ana stiprina j\u016bsu m\u0101jdz\u012bvnieka dabisko aizsargsp\u0113ju,<\/span><span class=\"\"> sniedz ener\u0123iju un uzlabo labsaj\u016btu.<\/span><span class=\"\"> T\u0101 ir vienk\u0101r\u0161a iesp\u0113ja nodro\u0161in\u0101t,<\/span><span class=\"\"> ka j\u016bsu m\u012blulis katru dienu sa\u0146em gar\u0161\u012bgu,<\/span><span class=\"\"> barojo\u0161u un vesel\u012bbu veicino\u0161u atl\u012bdz\u012bbu.<\/span><\/p>\n<p data-path-to-node=\"11\"><b class=\"\" data-path-to-node=\"11\" data-index-in-node=\"0\">K\u0101 pasniegt?<\/b><\/p>\n<ul data-path-to-node=\"12\">\n<li>\n<p data-path-to-node=\"12,0,0\"><span class=\"\">sausu,<\/span><span class=\"\"> k\u0101 dabisku atl\u012bdz\u012bbu,<\/span><\/p>\n<\/li>\n<li>\n<p data-path-to-node=\"12,1,0\"><span class=\"\">p\u0113c m\u0113rc\u0113\u0161anas,<\/span><span class=\"\"> lai ieg\u016btu m\u012bkstu un arom\u0101tisku konsistenci,<\/span><\/p>\n<\/li>\n<li>\n<p data-path-to-node=\"12,2,0\"><span class=\"\">sasmalcin\u0101tu un uzkais\u012btu bar\u012bbai,<\/span><span class=\"\"> lai padar\u012btu ikdienas malt\u012bti pievilc\u012bg\u0101ku.<\/span><\/p>\n<\/li>\n<\/ul>\n<p data-path-to-node=\"13\"><span class=\"\">\u0160is baro\u0161anas veids stimul\u0113 ma\u0146u uztveri un mudina j\u016bsu suni vai ka\u0137i p\u0113t\u012bt,<\/span><span class=\"\"> ko\u0161\u013c\u0101t un laiz\u012bt,<\/span><span class=\"\"> kas ir svar\u012bgi vi\u0146u emocion\u0101lajai labsaj\u016btai.<\/span><span class=\"\"> K\u0101rumus var izmantot ar\u012b k\u0101 m\u0101c\u012bbu l\u012bdzekli vai saiknes stiprin\u0101\u0161anai kop\u012bgos br\u012b\u017eos.<\/span><\/p>\n<p data-path-to-node=\"14\"><b class=\"\" data-path-to-node=\"14\" data-index-in-node=\"0\">Produkta svars:<\/b><span class=\"\"> 50 g <\/span><b class=\"\" data-path-to-node=\"14\" data-index-in-node=\"21\">Sast\u0101vs:<\/b><span class=\"\"> 100% vistas aknas <\/span><b class=\"\" data-path-to-node=\"14\" data-index-in-node=\"48\">Anal\u012btiskie komponenti:<\/b><span class=\"\"> kopprote\u012bns 67%,<\/span><span class=\"\"> koptauki 23,<\/span><span class=\"\">1%,<\/span><span class=\"\"> koppelni 4,<\/span><span class=\"\">5%,<\/span><span class=\"\"> kop\u0161\u0137iedra 0%,<\/span><span class=\"\"> mitrums 3% <\/span><b class=\"\" data-path-to-node=\"14\" data-index-in-node=\"146\">Ener\u0123\u0113tisk\u0101 v\u0113rt\u012bba:<\/b><span class=\"\"> 439,<\/span><span class=\"\">3 kcal \/ 100 g<\/span><\/p>\n","protected":false},"featured_media":52962,"template":"","meta":[],"product_brand":[],"product_cat":[570,576],"product_tag":[],"class_list":{"0":"post-53176","1":"product","2":"type-product","3":"status-publish","4":"has-post-thumbnail","6":"product_cat-naski","7":"product_cat-naski-suniem","9":"first","10":"instock","11":"taxable","12":"shipping-taxable","13":"purchasable","14":"product-type-simple"},"yoast_head":"<!-- This site is optimized with the Yoast SEO plugin v27.4 - https:\/\/yoast.com\/product\/yoast-seo-wordpress\/ -->\n<title>Dr Malou liofiliz\u0113tas (aukstum\u0101 \u017e\u0101v\u0113tas) 100% vistas aknas - MiuMjau<\/title>\n<meta name=\"robots\" content=\"index, follow, max-snippet:-1, max-image-preview:large, max-video-preview:-1\" \/>\n<link rel=\"canonical\" href=\"https:\/\/miumjau.ee\/lv\/produkts\/dr-malou-liofilizetas-aukstuma-zavetas-100-vistas-aknas\/\" \/>\n<meta property=\"og:locale\" content=\"lv_LV\" \/>\n<meta property=\"og:type\" content=\"article\" \/>\n<meta property=\"og:title\" content=\"Dr Malou liofiliz\u0113tas (aukstum\u0101 \u017e\u0101v\u0113tas) 100% vistas aknas - MiuMjau\" \/>\n<meta property=\"og:description\" content=\"Dr Malou liofiliz\u0113tas 100% vistas aknas ir lielisks k\u0101rums gan ka\u0137iem, gan su\u0146iem. Delikatese su\u0146iem un ka\u0137iem, kuri ir peln\u012bju\u0161i t\u012bru, dabisku un pilnv\u0113rt\u012bgu uzturu. K\u0101p\u0113c tie\u0161i vistas aknas? T\u0101s nodro\u0161ina lielu A vitam\u012bna devu, kas atbalsta redzi, aug\u0161anu un vesel\u012bgu im\u016bnsist\u0113mu. K\u0101 taur\u012bna un folsk\u0101bes avots t\u0101m ir pozit\u012bva ietekme uz sirds vesel\u012bbu, nervu sist\u0113mu un vielmai\u0146u, kas ir \u012bpa\u0161i svar\u012bgi ka\u0137iem. Bag\u0101tas ar B12 vitam\u012bnu un dzelzi, t\u0101s ir b\u016btiskas sarkano asins\u0137ermen\u012b\u0161u veido\u0161anai un akt\u012bvi veicina dz\u012bvessparu, ener\u0123iju un labsaj\u016btu. To intens\u012bv\u0101 un dab\u012bg\u0101 gar\u0161a padara t\u0101s par ide\u0101lu augstas kvalit\u0101tes k\u0101rumu un lielisku papildin\u0101jumu jebkura su\u0146a vai ka\u0137a \u0113dienkartei. Svaigums un uzturv\u0113rt\u012bba, pateicoties liofiliz\u0101cijai Liofiliz\u0101cija, kas paz\u012bstama ar\u012b k\u0101 saudz\u012bga sasald\u0113\u0161ana, saglab\u0101 l\u012bdz pat 98% ga\u013cas biolo\u0123isk\u0101s v\u0113rt\u012bbas. Tas noz\u012bm\u0113, ka produktam nav nepiecie\u0161ami konservanti vai \u0137\u012bmiski fiksatori, tom\u0113r tas paliek svaigs, viegls un gar\u0161\u012bgs. \u0160\u012b modern\u0101, dabas iedvesmot\u0101 tehnolo\u0123ija apvieno dro\u0161\u012bbu un \u0113rt\u012bbas. Aknas saglab\u0101 savu dabisko arom\u0101tu, kas rosina apet\u012bti un piesaista pat izv\u0113l\u012bgus m\u0101jdz\u012bvniekus. Katrs gabali\u0146\u0161 ir koncentr\u0113ts ener\u0123ijas un vesel\u012bbas avots \u2013 gatavs pasnieg\u0161anai jebkur\u0101 laik\u0101. Vesel\u012bba tie\u0161i no dabas \u2013 vitam\u012bni un miner\u0101lvielas katr\u0101 kubi\u0146\u0101 T\u0101 ir ide\u0101la izv\u0113le visu vecumu su\u0146iem un ka\u0137iem, no kuc\u0113niem un ka\u0137\u0113niem l\u012bdz pat senioriem. Augstais olbaltumvielu saturs (67%) un vesel\u012bgie tauki (23,1%) atbalsta sp\u0113ku un atjauno\u0161anos, savuk\u0101rt zemais mitruma l\u012bmenis (3%) nodro\u0161ina ilgsto\u0161u efektivit\u0101ti bez dzes\u0113\u0161anas.     A vitam\u012bns atbalsta redzi, audu re\u0123ener\u0101ciju un \u0101das st\u0101vokli.    B grupas vitam\u012bni veicina nervu sist\u0113mas un vielmai\u0146as pareizu darb\u012bbu.    Dzelzs un cinks stiprina im\u016bnsist\u0113mu, atbalsta sarkano asins\u0137ermen\u012b\u0161u ra\u017eo\u0161anu un nodro\u0161ina vesel\u012bgu ka\u017eoku.    Fosfors un var\u0161 ir atbild\u012bgi par veseliem kauliem, musku\u013ciem un pareizu \u0161\u016bnu darb\u012bbu.   Regul\u0101ra Dr. Malou k\u0101rumu lieto\u0161ana stiprina j\u016bsu m\u0101jdz\u012bvnieka dabisko aizsargsp\u0113ju, sniedz ener\u0123iju un uzlabo labsaj\u016btu. T\u0101 ir vienk\u0101r\u0161a iesp\u0113ja nodro\u0161in\u0101t, ka j\u016bsu m\u012blulis katru dienu sa\u0146em gar\u0161\u012bgu, barojo\u0161u un vesel\u012bbu veicino\u0161u atl\u012bdz\u012bbu. K\u0101 pasniegt?     sausu, k\u0101 dabisku atl\u012bdz\u012bbu,    p\u0113c m\u0113rc\u0113\u0161anas, lai ieg\u016btu m\u012bkstu un arom\u0101tisku konsistenci,    sasmalcin\u0101tu un uzkais\u012btu bar\u012bbai, lai padar\u012btu ikdienas malt\u012bti pievilc\u012bg\u0101ku.   \u0160is baro\u0161anas veids stimul\u0113 ma\u0146u uztveri un mudina j\u016bsu suni vai ka\u0137i p\u0113t\u012bt, ko\u0161\u013c\u0101t un laiz\u012bt, kas ir svar\u012bgi vi\u0146u emocion\u0101lajai labsaj\u016btai. K\u0101rumus var izmantot ar\u012b k\u0101 m\u0101c\u012bbu l\u012bdzekli vai saiknes stiprin\u0101\u0161anai kop\u012bgos br\u012b\u017eos. Produkta svars: 50 g Sast\u0101vs: 100% vistas aknas Anal\u012btiskie komponenti: kopprote\u012bns 67%, koptauki 23,1%, koppelni 4,5%, kop\u0161\u0137iedra 0%, mitrums 3% Ener\u0123\u0113tisk\u0101 v\u0113rt\u012bba: 439,3 kcal \/ 100 g\" \/>\n<meta property=\"og:url\" content=\"https:\/\/miumjau.ee\/lv\/produkts\/dr-malou-liofilizetas-aukstuma-zavetas-100-vistas-aknas\/\" \/>\n<meta property=\"og:site_name\" content=\"MiuMjau\" \/>\n<meta property=\"article:publisher\" content=\"https:\/\/www.facebook.com\/miumjaupood\/\" \/>\n<meta property=\"og:image\" content=\"https:\/\/miumjau.ee\/wp-content\/uploads\/2026\/01\/dr-malou-kanamaks-original1.jpg\" \/>\n\t<meta property=\"og:image:width\" content=\"600\" \/>\n\t<meta property=\"og:image:height\" content=\"800\" \/>\n\t<meta property=\"og:image:type\" content=\"image\/jpeg\" \/>\n<meta name=\"twitter:card\" content=\"summary_large_image\" \/>\n<script type=\"application\/ld+json\" class=\"yoast-schema-graph\">{\"@context\":\"https:\\\/\\\/schema.org\",\"@graph\":[{\"@type\":\"WebPage\",\"@id\":\"https:\\\/\\\/miumjau.ee\\\/lv\\\/produkts\\\/dr-malou-liofilizetas-aukstuma-zavetas-100-vistas-aknas\\\/\",\"url\":\"https:\\\/\\\/miumjau.ee\\\/lv\\\/produkts\\\/dr-malou-liofilizetas-aukstuma-zavetas-100-vistas-aknas\\\/\",\"name\":\"Dr Malou liofiliz\u0113tas (aukstum\u0101 \u017e\u0101v\u0113tas) 100% vistas aknas - MiuMjau\",\"isPartOf\":{\"@id\":\"https:\\\/\\\/miumjau.ee\\\/#website\"},\"primaryImageOfPage\":{\"@id\":\"https:\\\/\\\/miumjau.ee\\\/lv\\\/produkts\\\/dr-malou-liofilizetas-aukstuma-zavetas-100-vistas-aknas\\\/#primaryimage\"},\"image\":{\"@id\":\"https:\\\/\\\/miumjau.ee\\\/lv\\\/produkts\\\/dr-malou-liofilizetas-aukstuma-zavetas-100-vistas-aknas\\\/#primaryimage\"},\"thumbnailUrl\":\"https:\\\/\\\/miumjau.ee\\\/wp-content\\\/uploads\\\/2026\\\/01\\\/dr-malou-kanamaks-original1.jpg\",\"datePublished\":\"2026-01-26T13:59:09+00:00\",\"breadcrumb\":{\"@id\":\"https:\\\/\\\/miumjau.ee\\\/lv\\\/produkts\\\/dr-malou-liofilizetas-aukstuma-zavetas-100-vistas-aknas\\\/#breadcrumb\"},\"inLanguage\":\"lv-LV\",\"potentialAction\":[{\"@type\":\"ReadAction\",\"target\":[\"https:\\\/\\\/miumjau.ee\\\/lv\\\/produkts\\\/dr-malou-liofilizetas-aukstuma-zavetas-100-vistas-aknas\\\/\"]}]},{\"@type\":\"ImageObject\",\"inLanguage\":\"lv-LV\",\"@id\":\"https:\\\/\\\/miumjau.ee\\\/lv\\\/produkts\\\/dr-malou-liofilizetas-aukstuma-zavetas-100-vistas-aknas\\\/#primaryimage\",\"url\":\"https:\\\/\\\/miumjau.ee\\\/wp-content\\\/uploads\\\/2026\\\/01\\\/dr-malou-kanamaks-original1.jpg\",\"contentUrl\":\"https:\\\/\\\/miumjau.ee\\\/wp-content\\\/uploads\\\/2026\\\/01\\\/dr-malou-kanamaks-original1.jpg\",\"width\":600,\"height\":800,\"caption\":\"Dr Malou k\u00fclmkuivatatud 100% kanamaks\"},{\"@type\":\"BreadcrumbList\",\"@id\":\"https:\\\/\\\/miumjau.ee\\\/lv\\\/produkts\\\/dr-malou-liofilizetas-aukstuma-zavetas-100-vistas-aknas\\\/#breadcrumb\",\"itemListElement\":[{\"@type\":\"ListItem\",\"position\":1,\"name\":\"Home\",\"item\":\"https:\\\/\\\/miumjau.ee\\\/lv\\\/\"},{\"@type\":\"ListItem\",\"position\":2,\"name\":\"Veikals\",\"item\":\"https:\\\/\\\/miumjau.ee\\\/lv\\\/veikals\\\/\"},{\"@type\":\"ListItem\",\"position\":3,\"name\":\"Dr Malou liofiliz\u0113tas (aukstum\u0101 \u017e\u0101v\u0113tas) 100% vistas aknas\"}]},{\"@type\":\"WebSite\",\"@id\":\"https:\\\/\\\/miumjau.ee\\\/#website\",\"url\":\"https:\\\/\\\/miumjau.ee\\\/\",\"name\":\"MiuMjau\",\"description\":\"Kraapimispuud kassidele\",\"publisher\":{\"@id\":\"https:\\\/\\\/miumjau.ee\\\/#organization\"},\"potentialAction\":[{\"@type\":\"SearchAction\",\"target\":{\"@type\":\"EntryPoint\",\"urlTemplate\":\"https:\\\/\\\/miumjau.ee\\\/?s={search_term_string}\"},\"query-input\":{\"@type\":\"PropertyValueSpecification\",\"valueRequired\":true,\"valueName\":\"search_term_string\"}}],\"inLanguage\":\"lv-LV\"},{\"@type\":\"Organization\",\"@id\":\"https:\\\/\\\/miumjau.ee\\\/#organization\",\"name\":\"MiuMjau O\u00dc\",\"url\":\"https:\\\/\\\/miumjau.ee\\\/\",\"logo\":{\"@type\":\"ImageObject\",\"inLanguage\":\"lv-LV\",\"@id\":\"https:\\\/\\\/miumjau.ee\\\/#\\\/schema\\\/logo\\\/image\\\/\",\"url\":\"https:\\\/\\\/miumjau.ee\\\/wp-content\\\/uploads\\\/2022\\\/04\\\/MiuMjau-logo-kollane.png\",\"contentUrl\":\"https:\\\/\\\/miumjau.ee\\\/wp-content\\\/uploads\\\/2022\\\/04\\\/MiuMjau-logo-kollane.png\",\"width\":219,\"height\":100,\"caption\":\"MiuMjau O\u00dc\"},\"image\":{\"@id\":\"https:\\\/\\\/miumjau.ee\\\/#\\\/schema\\\/logo\\\/image\\\/\"},\"sameAs\":[\"https:\\\/\\\/www.facebook.com\\\/miumjaupood\\\/\"]}]}<\/script>\n<!-- \/ Yoast SEO plugin. -->","yoast_head_json":{"title":"Dr Malou liofiliz\u0113tas (aukstum\u0101 \u017e\u0101v\u0113tas) 100% vistas aknas - MiuMjau","robots":{"index":"index","follow":"follow","max-snippet":"max-snippet:-1","max-image-preview":"max-image-preview:large","max-video-preview":"max-video-preview:-1"},"canonical":"https:\/\/miumjau.ee\/lv\/produkts\/dr-malou-liofilizetas-aukstuma-zavetas-100-vistas-aknas\/","og_locale":"lv_LV","og_type":"article","og_title":"Dr Malou liofiliz\u0113tas (aukstum\u0101 \u017e\u0101v\u0113tas) 100% vistas aknas - MiuMjau","og_description":"Dr Malou liofiliz\u0113tas 100% vistas aknas ir lielisks k\u0101rums gan ka\u0137iem, gan su\u0146iem. Delikatese su\u0146iem un ka\u0137iem, kuri ir peln\u012bju\u0161i t\u012bru, dabisku un pilnv\u0113rt\u012bgu uzturu. K\u0101p\u0113c tie\u0161i vistas aknas? T\u0101s nodro\u0161ina lielu A vitam\u012bna devu, kas atbalsta redzi, aug\u0161anu un vesel\u012bgu im\u016bnsist\u0113mu. K\u0101 taur\u012bna un folsk\u0101bes avots t\u0101m ir pozit\u012bva ietekme uz sirds vesel\u012bbu, nervu sist\u0113mu un vielmai\u0146u, kas ir \u012bpa\u0161i svar\u012bgi ka\u0137iem. Bag\u0101tas ar B12 vitam\u012bnu un dzelzi, t\u0101s ir b\u016btiskas sarkano asins\u0137ermen\u012b\u0161u veido\u0161anai un akt\u012bvi veicina dz\u012bvessparu, ener\u0123iju un labsaj\u016btu. To intens\u012bv\u0101 un dab\u012bg\u0101 gar\u0161a padara t\u0101s par ide\u0101lu augstas kvalit\u0101tes k\u0101rumu un lielisku papildin\u0101jumu jebkura su\u0146a vai ka\u0137a \u0113dienkartei. Svaigums un uzturv\u0113rt\u012bba, pateicoties liofiliz\u0101cijai Liofiliz\u0101cija, kas paz\u012bstama ar\u012b k\u0101 saudz\u012bga sasald\u0113\u0161ana, saglab\u0101 l\u012bdz pat 98% ga\u013cas biolo\u0123isk\u0101s v\u0113rt\u012bbas. Tas noz\u012bm\u0113, ka produktam nav nepiecie\u0161ami konservanti vai \u0137\u012bmiski fiksatori, tom\u0113r tas paliek svaigs, viegls un gar\u0161\u012bgs. \u0160\u012b modern\u0101, dabas iedvesmot\u0101 tehnolo\u0123ija apvieno dro\u0161\u012bbu un \u0113rt\u012bbas. Aknas saglab\u0101 savu dabisko arom\u0101tu, kas rosina apet\u012bti un piesaista pat izv\u0113l\u012bgus m\u0101jdz\u012bvniekus. Katrs gabali\u0146\u0161 ir koncentr\u0113ts ener\u0123ijas un vesel\u012bbas avots \u2013 gatavs pasnieg\u0161anai jebkur\u0101 laik\u0101. Vesel\u012bba tie\u0161i no dabas \u2013 vitam\u012bni un miner\u0101lvielas katr\u0101 kubi\u0146\u0101 T\u0101 ir ide\u0101la izv\u0113le visu vecumu su\u0146iem un ka\u0137iem, no kuc\u0113niem un ka\u0137\u0113niem l\u012bdz pat senioriem. Augstais olbaltumvielu saturs (67%) un vesel\u012bgie tauki (23,1%) atbalsta sp\u0113ku un atjauno\u0161anos, savuk\u0101rt zemais mitruma l\u012bmenis (3%) nodro\u0161ina ilgsto\u0161u efektivit\u0101ti bez dzes\u0113\u0161anas.     A vitam\u012bns atbalsta redzi, audu re\u0123ener\u0101ciju un \u0101das st\u0101vokli.    B grupas vitam\u012bni veicina nervu sist\u0113mas un vielmai\u0146as pareizu darb\u012bbu.    Dzelzs un cinks stiprina im\u016bnsist\u0113mu, atbalsta sarkano asins\u0137ermen\u012b\u0161u ra\u017eo\u0161anu un nodro\u0161ina vesel\u012bgu ka\u017eoku.    Fosfors un var\u0161 ir atbild\u012bgi par veseliem kauliem, musku\u013ciem un pareizu \u0161\u016bnu darb\u012bbu.   Regul\u0101ra Dr. Malou k\u0101rumu lieto\u0161ana stiprina j\u016bsu m\u0101jdz\u012bvnieka dabisko aizsargsp\u0113ju, sniedz ener\u0123iju un uzlabo labsaj\u016btu. T\u0101 ir vienk\u0101r\u0161a iesp\u0113ja nodro\u0161in\u0101t, ka j\u016bsu m\u012blulis katru dienu sa\u0146em gar\u0161\u012bgu, barojo\u0161u un vesel\u012bbu veicino\u0161u atl\u012bdz\u012bbu. K\u0101 pasniegt?     sausu, k\u0101 dabisku atl\u012bdz\u012bbu,    p\u0113c m\u0113rc\u0113\u0161anas, lai ieg\u016btu m\u012bkstu un arom\u0101tisku konsistenci,    sasmalcin\u0101tu un uzkais\u012btu bar\u012bbai, lai padar\u012btu ikdienas malt\u012bti pievilc\u012bg\u0101ku.   \u0160is baro\u0161anas veids stimul\u0113 ma\u0146u uztveri un mudina j\u016bsu suni vai ka\u0137i p\u0113t\u012bt, ko\u0161\u013c\u0101t un laiz\u012bt, kas ir svar\u012bgi vi\u0146u emocion\u0101lajai labsaj\u016btai. K\u0101rumus var izmantot ar\u012b k\u0101 m\u0101c\u012bbu l\u012bdzekli vai saiknes stiprin\u0101\u0161anai kop\u012bgos br\u012b\u017eos. Produkta svars: 50 g Sast\u0101vs: 100% vistas aknas Anal\u012btiskie komponenti: kopprote\u012bns 67%, koptauki 23,1%, koppelni 4,5%, kop\u0161\u0137iedra 0%, mitrums 3% Ener\u0123\u0113tisk\u0101 v\u0113rt\u012bba: 439,3 kcal \/ 100 g","og_url":"https:\/\/miumjau.ee\/lv\/produkts\/dr-malou-liofilizetas-aukstuma-zavetas-100-vistas-aknas\/","og_site_name":"MiuMjau","article_publisher":"https:\/\/www.facebook.com\/miumjaupood\/","og_image":[{"width":600,"height":800,"url":"https:\/\/miumjau.ee\/wp-content\/uploads\/2026\/01\/dr-malou-kanamaks-original1.jpg","type":"image\/jpeg"}],"twitter_card":"summary_large_image","schema":{"@context":"https:\/\/schema.org","@graph":[{"@type":"WebPage","@id":"https:\/\/miumjau.ee\/lv\/produkts\/dr-malou-liofilizetas-aukstuma-zavetas-100-vistas-aknas\/","url":"https:\/\/miumjau.ee\/lv\/produkts\/dr-malou-liofilizetas-aukstuma-zavetas-100-vistas-aknas\/","name":"Dr Malou liofiliz\u0113tas (aukstum\u0101 \u017e\u0101v\u0113tas) 100% vistas aknas - MiuMjau","isPartOf":{"@id":"https:\/\/miumjau.ee\/#website"},"primaryImageOfPage":{"@id":"https:\/\/miumjau.ee\/lv\/produkts\/dr-malou-liofilizetas-aukstuma-zavetas-100-vistas-aknas\/#primaryimage"},"image":{"@id":"https:\/\/miumjau.ee\/lv\/produkts\/dr-malou-liofilizetas-aukstuma-zavetas-100-vistas-aknas\/#primaryimage"},"thumbnailUrl":"https:\/\/miumjau.ee\/wp-content\/uploads\/2026\/01\/dr-malou-kanamaks-original1.jpg","datePublished":"2026-01-26T13:59:09+00:00","breadcrumb":{"@id":"https:\/\/miumjau.ee\/lv\/produkts\/dr-malou-liofilizetas-aukstuma-zavetas-100-vistas-aknas\/#breadcrumb"},"inLanguage":"lv-LV","potentialAction":[{"@type":"ReadAction","target":["https:\/\/miumjau.ee\/lv\/produkts\/dr-malou-liofilizetas-aukstuma-zavetas-100-vistas-aknas\/"]}]},{"@type":"ImageObject","inLanguage":"lv-LV","@id":"https:\/\/miumjau.ee\/lv\/produkts\/dr-malou-liofilizetas-aukstuma-zavetas-100-vistas-aknas\/#primaryimage","url":"https:\/\/miumjau.ee\/wp-content\/uploads\/2026\/01\/dr-malou-kanamaks-original1.jpg","contentUrl":"https:\/\/miumjau.ee\/wp-content\/uploads\/2026\/01\/dr-malou-kanamaks-original1.jpg","width":600,"height":800,"caption":"Dr Malou k\u00fclmkuivatatud 100% kanamaks"},{"@type":"BreadcrumbList","@id":"https:\/\/miumjau.ee\/lv\/produkts\/dr-malou-liofilizetas-aukstuma-zavetas-100-vistas-aknas\/#breadcrumb","itemListElement":[{"@type":"ListItem","position":1,"name":"Home","item":"https:\/\/miumjau.ee\/lv\/"},{"@type":"ListItem","position":2,"name":"Veikals","item":"https:\/\/miumjau.ee\/lv\/veikals\/"},{"@type":"ListItem","position":3,"name":"Dr Malou liofiliz\u0113tas (aukstum\u0101 \u017e\u0101v\u0113tas) 100% vistas aknas"}]},{"@type":"WebSite","@id":"https:\/\/miumjau.ee\/#website","url":"https:\/\/miumjau.ee\/","name":"MiuMjau","description":"Kraapimispuud kassidele","publisher":{"@id":"https:\/\/miumjau.ee\/#organization"},"potentialAction":[{"@type":"SearchAction","target":{"@type":"EntryPoint","urlTemplate":"https:\/\/miumjau.ee\/?s={search_term_string}"},"query-input":{"@type":"PropertyValueSpecification","valueRequired":true,"valueName":"search_term_string"}}],"inLanguage":"lv-LV"},{"@type":"Organization","@id":"https:\/\/miumjau.ee\/#organization","name":"MiuMjau O\u00dc","url":"https:\/\/miumjau.ee\/","logo":{"@type":"ImageObject","inLanguage":"lv-LV","@id":"https:\/\/miumjau.ee\/#\/schema\/logo\/image\/","url":"https:\/\/miumjau.ee\/wp-content\/uploads\/2022\/04\/MiuMjau-logo-kollane.png","contentUrl":"https:\/\/miumjau.ee\/wp-content\/uploads\/2022\/04\/MiuMjau-logo-kollane.png","width":219,"height":100,"caption":"MiuMjau O\u00dc"},"image":{"@id":"https:\/\/miumjau.ee\/#\/schema\/logo\/image\/"},"sameAs":["https:\/\/www.facebook.com\/miumjaupood\/"]}]}},"_links":{"self":[{"href":"https:\/\/miumjau.ee\/lv\/wp-json\/wp\/v2\/product\/53176","targetHints":{"allow":["GET"]}}],"collection":[{"href":"https:\/\/miumjau.ee\/lv\/wp-json\/wp\/v2\/product"}],"about":[{"href":"https:\/\/miumjau.ee\/lv\/wp-json\/wp\/v2\/types\/product"}],"wp:featuredmedia":[{"embeddable":true,"href":"https:\/\/miumjau.ee\/lv\/wp-json\/wp\/v2\/media\/52962"}],"wp:attachment":[{"href":"https:\/\/miumjau.ee\/lv\/wp-json\/wp\/v2\/media?parent=53176"}],"wp:term":[{"taxonomy":"product_brand","embeddable":true,"href":"https:\/\/miumjau.ee\/lv\/wp-json\/wp\/v2\/product_brand?post=53176"},{"taxonomy":"product_cat","embeddable":true,"href":"https:\/\/miumjau.ee\/lv\/wp-json\/wp\/v2\/product_cat?post=53176"},{"taxonomy":"product_tag","embeddable":true,"href":"https:\/\/miumjau.ee\/lv\/wp-json\/wp\/v2\/product_tag?post=53176"}],"curies":[{"name":"wp","href":"https:\/\/api.w.org\/{rel}","templated":true}]}}