{"id":52697,"date":"2025-03-26T13:46:58","date_gmt":"2025-03-26T11:46:58","guid":{"rendered":"https:\/\/miumjau.ee\/toode\/brit-care-mini-kucenu-baribas-maisins-kuceniem-jera-gala-merce-85g\/"},"modified":"2025-03-26T13:46:58","modified_gmt":"2025-03-26T11:46:58","slug":"brit-care-mini-kucenu-baribas-maisins-kuceniem-jera-gala-merce-85g","status":"publish","type":"product","link":"https:\/\/miumjau.ee\/lv\/produkts\/brit-care-mini-kucenu-baribas-maisins-kuceniem-jera-gala-merce-85g\/","title":{"rendered":"Brit Care mini kuc\u0113nu bar\u012bbas maisi\u0146\u0161 kuc\u0113niem, j\u0113ra ga\u013ca m\u0113rc\u0113 85g"},"content":{"rendered":"","protected":false},"excerpt":{"rendered":"<p>Brit Care Mini s\u0113rija pied\u0101v\u0101 ga\u013cas gabali\u0146us gard\u0101 m\u0113rc\u0113, \u012bpa\u0161i mazo \u0161\u0137ir\u0146u su\u0146iem. T\u0101 ir ide\u0101la piedeva sausajai bar\u012bbai un nodro\u0161ina daudzveid\u012bbu mazo un miniat\u016bro \u0161\u0137ir\u0146u su\u0146iem. Pilnv\u0113rt\u012bga super premium bar\u012bba pieaugu\u0161iem miniat\u016bro \u0161\u0137ir\u0146u su\u0146iem.<\/p>\n<p>Lieliska gar\u0161a<br \/>\nBag\u0101tin\u0101ta ar prebiotik\u0101m, lai nodro\u0161in\u0101tu labu gremo\u0161anu<br \/>\nSatur rozmar\u012bnu, kurkumu, krustnagli\u0146as, citrusaug\u013cus un mellenes<br \/>\nIde\u0101la izv\u0113le izv\u0113l\u012bgiem su\u0146iem<br \/>\nSast\u0101vda\u013cas: 85% ga\u013cas un dz\u012bvnieku izcelsmes produkti (8% j\u0113ra ga\u013ca), 2,7% zir\u0146u milti, 1,5% \u017e\u0101v\u0113tas mellenes, 0,9% lignoceluloze, 0,4% \u017e\u0101v\u0113tas krustnagli\u0146as, 0,4% \u017e\u0101v\u0113ti citrusaug\u013ci, 0,4% \u017e\u0101v\u0113ts rozmar\u012bns, 0,4% \u017e\u0101v\u0113ta kurkuma, 0,2% kalcija karbon\u0101ts.<\/p>\n<p>Anal\u012btisk\u0101s sast\u0101vda\u013cas: Neapstr\u0101d\u0101tas olbaltumvielas 6,5%, neapstr\u0101d\u0101ti tauki 4,5%, neapstr\u0101d\u0101ti pelni 1,2%, neapstr\u0101d\u0101ta \u0161\u0137iedra 0,4%, mitrums 83%, kalcijs 0,3%, fosfors 0,2%, n\u0101trijs 0,3%.<\/p>\n<p>Uzturvielu sast\u0101vs: A vitam\u012bns (3a672a) 300 SV, D3 vitam\u012bns (3a671) 65 SV, E vitam\u012bns (3a700) 35 mg, biot\u012bns (3a880) 0,1 mg, cinks (3b606) 3 mg, dzelzs (3b106) 2,4 mg, mang\u0101ns (3b504) 0,7 mg, jods (3b201) 0,2 mg, var\u0161 (3b406) 1 mg, taur\u012bns (3a370) 240 mg.<\/p>\n<p>Metabolis\u0113jam\u0101 ener\u0123ija: 830 kcal\/kg<\/p>\n","protected":false},"featured_media":52698,"template":"","meta":[],"product_brand":[],"product_cat":[577],"product_tag":[],"class_list":{"0":"post-52697","1":"product","2":"type-product","3":"status-publish","4":"has-post-thumbnail","6":"product_cat-mitra-bariba-suniem","8":"first","9":"instock","10":"sale","11":"taxable","12":"shipping-taxable","13":"purchasable","14":"product-type-simple"},"yoast_head":"<!-- This site is optimized with the Yoast SEO plugin v27.2 - https:\/\/yoast.com\/product\/yoast-seo-wordpress\/ -->\n<title>Brit Care mini kuc\u0113nu bar\u012bbas maisi\u0146\u0161 kuc\u0113niem, j\u0113ra ga\u013ca m\u0113rc\u0113 85g - MiuMjau<\/title>\n<meta name=\"description\" content=\"Brit Care Mini s\u0113rija pied\u0101v\u0101 ga\u013cas gabali\u0146us gard\u0101 m\u0113rc\u0113, \u012bpa\u0161i mazo \u0161\u0137ir\u0146u su\u0146iem. T\u0101 ir lieliska piedeva sausajai bar\u012bbai un nodro\u0161ina da\u017e\u0101d\u012bbu.\" \/>\n<meta name=\"robots\" content=\"index, follow, max-snippet:-1, max-image-preview:large, max-video-preview:-1\" \/>\n<link rel=\"canonical\" href=\"https:\/\/miumjau.ee\/lv\/produkts\/brit-care-mini-kucenu-baribas-maisins-kuceniem-jera-gala-merce-85g\/\" \/>\n<meta property=\"og:locale\" content=\"lv_LV\" \/>\n<meta property=\"og:type\" content=\"article\" \/>\n<meta property=\"og:title\" content=\"Brit Care mini kuc\u0113nu bar\u012bbas maisi\u0146\u0161 kuc\u0113niem, j\u0113ra ga\u013ca m\u0113rc\u0113 85g - MiuMjau\" \/>\n<meta property=\"og:description\" content=\"Brit Care Mini s\u0113rija pied\u0101v\u0101 ga\u013cas gabali\u0146us gard\u0101 m\u0113rc\u0113, \u012bpa\u0161i mazo \u0161\u0137ir\u0146u su\u0146iem. T\u0101 ir lieliska piedeva sausajai bar\u012bbai un nodro\u0161ina da\u017e\u0101d\u012bbu.\" \/>\n<meta property=\"og:url\" content=\"https:\/\/miumjau.ee\/lv\/produkts\/brit-care-mini-kucenu-baribas-maisins-kuceniem-jera-gala-merce-85g\/\" \/>\n<meta property=\"og:site_name\" content=\"MiuMjau\" \/>\n<meta property=\"article:publisher\" content=\"https:\/\/www.facebook.com\/miumjaupood\/\" \/>\n<meta property=\"og:image\" content=\"https:\/\/miumjau.ee\/wp-content\/uploads\/2025\/03\/brit-care-mini-koeratoit-85g4-Photoroom-1.webp\" \/>\n\t<meta property=\"og:image:width\" content=\"600\" \/>\n\t<meta property=\"og:image:height\" content=\"800\" \/>\n\t<meta property=\"og:image:type\" content=\"image\/webp\" \/>\n<meta name=\"twitter:card\" content=\"summary_large_image\" \/>\n<script type=\"application\/ld+json\" class=\"yoast-schema-graph\">{\"@context\":\"https:\/\/schema.org\",\"@graph\":[{\"@type\":\"WebPage\",\"@id\":\"https:\/\/miumjau.ee\/lv\/produkts\/brit-care-mini-kucenu-baribas-maisins-kuceniem-jera-gala-merce-85g\/\",\"url\":\"https:\/\/miumjau.ee\/lv\/produkts\/brit-care-mini-kucenu-baribas-maisins-kuceniem-jera-gala-merce-85g\/\",\"name\":\"Brit Care mini kuc\u0113nu bar\u012bbas maisi\u0146\u0161 kuc\u0113niem, j\u0113ra ga\u013ca m\u0113rc\u0113 85g - MiuMjau\",\"isPartOf\":{\"@id\":\"https:\/\/miumjau.ee\/#website\"},\"primaryImageOfPage\":{\"@id\":\"https:\/\/miumjau.ee\/lv\/produkts\/brit-care-mini-kucenu-baribas-maisins-kuceniem-jera-gala-merce-85g\/#primaryimage\"},\"image\":{\"@id\":\"https:\/\/miumjau.ee\/lv\/produkts\/brit-care-mini-kucenu-baribas-maisins-kuceniem-jera-gala-merce-85g\/#primaryimage\"},\"thumbnailUrl\":\"https:\/\/miumjau.ee\/wp-content\/uploads\/2025\/03\/brit-care-mini-koeratoit-85g4-Photoroom-1.webp\",\"datePublished\":\"2025-03-26T11:46:58+00:00\",\"description\":\"Brit Care Mini s\u0113rija pied\u0101v\u0101 ga\u013cas gabali\u0146us gard\u0101 m\u0113rc\u0113, \u012bpa\u0161i mazo \u0161\u0137ir\u0146u su\u0146iem. T\u0101 ir lieliska piedeva sausajai bar\u012bbai un nodro\u0161ina da\u017e\u0101d\u012bbu.\",\"breadcrumb\":{\"@id\":\"https:\/\/miumjau.ee\/lv\/produkts\/brit-care-mini-kucenu-baribas-maisins-kuceniem-jera-gala-merce-85g\/#breadcrumb\"},\"inLanguage\":\"lv-LV\",\"potentialAction\":[{\"@type\":\"ReadAction\",\"target\":[\"https:\/\/miumjau.ee\/lv\/produkts\/brit-care-mini-kucenu-baribas-maisins-kuceniem-jera-gala-merce-85g\/\"]}]},{\"@type\":\"ImageObject\",\"inLanguage\":\"lv-LV\",\"@id\":\"https:\/\/miumjau.ee\/lv\/produkts\/brit-care-mini-kucenu-baribas-maisins-kuceniem-jera-gala-merce-85g\/#primaryimage\",\"url\":\"https:\/\/miumjau.ee\/wp-content\/uploads\/2025\/03\/brit-care-mini-koeratoit-85g4-Photoroom-1.webp\",\"contentUrl\":\"https:\/\/miumjau.ee\/wp-content\/uploads\/2025\/03\/brit-care-mini-koeratoit-85g4-Photoroom-1.webp\",\"width\":600,\"height\":800},{\"@type\":\"BreadcrumbList\",\"@id\":\"https:\/\/miumjau.ee\/lv\/produkts\/brit-care-mini-kucenu-baribas-maisins-kuceniem-jera-gala-merce-85g\/#breadcrumb\",\"itemListElement\":[{\"@type\":\"ListItem\",\"position\":1,\"name\":\"Home\",\"item\":\"https:\/\/miumjau.ee\/lv\/\"},{\"@type\":\"ListItem\",\"position\":2,\"name\":\"Veikals\",\"item\":\"https:\/\/miumjau.ee\/lv\/veikals\/\"},{\"@type\":\"ListItem\",\"position\":3,\"name\":\"Brit Care mini kuc\u0113nu bar\u012bbas maisi\u0146\u0161 kuc\u0113niem, j\u0113ra ga\u013ca m\u0113rc\u0113 85g\"}]},{\"@type\":\"WebSite\",\"@id\":\"https:\/\/miumjau.ee\/#website\",\"url\":\"https:\/\/miumjau.ee\/\",\"name\":\"MiuMjau\",\"description\":\"Kraapimispuud kassidele\",\"publisher\":{\"@id\":\"https:\/\/miumjau.ee\/#organization\"},\"potentialAction\":[{\"@type\":\"SearchAction\",\"target\":{\"@type\":\"EntryPoint\",\"urlTemplate\":\"https:\/\/miumjau.ee\/?s={search_term_string}\"},\"query-input\":{\"@type\":\"PropertyValueSpecification\",\"valueRequired\":true,\"valueName\":\"search_term_string\"}}],\"inLanguage\":\"lv-LV\"},{\"@type\":\"Organization\",\"@id\":\"https:\/\/miumjau.ee\/#organization\",\"name\":\"MiuMjau O\u00dc\",\"url\":\"https:\/\/miumjau.ee\/\",\"logo\":{\"@type\":\"ImageObject\",\"inLanguage\":\"lv-LV\",\"@id\":\"https:\/\/miumjau.ee\/#\/schema\/logo\/image\/\",\"url\":\"https:\/\/miumjau.ee\/wp-content\/uploads\/2022\/04\/MiuMjau-logo-kollane.png\",\"contentUrl\":\"https:\/\/miumjau.ee\/wp-content\/uploads\/2022\/04\/MiuMjau-logo-kollane.png\",\"width\":219,\"height\":100,\"caption\":\"MiuMjau O\u00dc\"},\"image\":{\"@id\":\"https:\/\/miumjau.ee\/#\/schema\/logo\/image\/\"},\"sameAs\":[\"https:\/\/www.facebook.com\/miumjaupood\/\"]}]}<\/script>\n<!-- \/ Yoast SEO plugin. -->","yoast_head_json":{"title":"Brit Care mini kuc\u0113nu bar\u012bbas maisi\u0146\u0161 kuc\u0113niem, j\u0113ra ga\u013ca m\u0113rc\u0113 85g - MiuMjau","description":"Brit Care Mini s\u0113rija pied\u0101v\u0101 ga\u013cas gabali\u0146us gard\u0101 m\u0113rc\u0113, \u012bpa\u0161i mazo \u0161\u0137ir\u0146u su\u0146iem. T\u0101 ir lieliska piedeva sausajai bar\u012bbai un nodro\u0161ina da\u017e\u0101d\u012bbu.","robots":{"index":"index","follow":"follow","max-snippet":"max-snippet:-1","max-image-preview":"max-image-preview:large","max-video-preview":"max-video-preview:-1"},"canonical":"https:\/\/miumjau.ee\/lv\/produkts\/brit-care-mini-kucenu-baribas-maisins-kuceniem-jera-gala-merce-85g\/","og_locale":"lv_LV","og_type":"article","og_title":"Brit Care mini kuc\u0113nu bar\u012bbas maisi\u0146\u0161 kuc\u0113niem, j\u0113ra ga\u013ca m\u0113rc\u0113 85g - MiuMjau","og_description":"Brit Care Mini s\u0113rija pied\u0101v\u0101 ga\u013cas gabali\u0146us gard\u0101 m\u0113rc\u0113, \u012bpa\u0161i mazo \u0161\u0137ir\u0146u su\u0146iem. T\u0101 ir lieliska piedeva sausajai bar\u012bbai un nodro\u0161ina da\u017e\u0101d\u012bbu.","og_url":"https:\/\/miumjau.ee\/lv\/produkts\/brit-care-mini-kucenu-baribas-maisins-kuceniem-jera-gala-merce-85g\/","og_site_name":"MiuMjau","article_publisher":"https:\/\/www.facebook.com\/miumjaupood\/","og_image":[{"width":600,"height":800,"url":"https:\/\/miumjau.ee\/wp-content\/uploads\/2025\/03\/brit-care-mini-koeratoit-85g4-Photoroom-1.webp","type":"image\/webp"}],"twitter_card":"summary_large_image","schema":{"@context":"https:\/\/schema.org","@graph":[{"@type":"WebPage","@id":"https:\/\/miumjau.ee\/lv\/produkts\/brit-care-mini-kucenu-baribas-maisins-kuceniem-jera-gala-merce-85g\/","url":"https:\/\/miumjau.ee\/lv\/produkts\/brit-care-mini-kucenu-baribas-maisins-kuceniem-jera-gala-merce-85g\/","name":"Brit Care mini kuc\u0113nu bar\u012bbas maisi\u0146\u0161 kuc\u0113niem, j\u0113ra ga\u013ca m\u0113rc\u0113 85g - MiuMjau","isPartOf":{"@id":"https:\/\/miumjau.ee\/#website"},"primaryImageOfPage":{"@id":"https:\/\/miumjau.ee\/lv\/produkts\/brit-care-mini-kucenu-baribas-maisins-kuceniem-jera-gala-merce-85g\/#primaryimage"},"image":{"@id":"https:\/\/miumjau.ee\/lv\/produkts\/brit-care-mini-kucenu-baribas-maisins-kuceniem-jera-gala-merce-85g\/#primaryimage"},"thumbnailUrl":"https:\/\/miumjau.ee\/wp-content\/uploads\/2025\/03\/brit-care-mini-koeratoit-85g4-Photoroom-1.webp","datePublished":"2025-03-26T11:46:58+00:00","description":"Brit Care Mini s\u0113rija pied\u0101v\u0101 ga\u013cas gabali\u0146us gard\u0101 m\u0113rc\u0113, \u012bpa\u0161i mazo \u0161\u0137ir\u0146u su\u0146iem. T\u0101 ir lieliska piedeva sausajai bar\u012bbai un nodro\u0161ina da\u017e\u0101d\u012bbu.","breadcrumb":{"@id":"https:\/\/miumjau.ee\/lv\/produkts\/brit-care-mini-kucenu-baribas-maisins-kuceniem-jera-gala-merce-85g\/#breadcrumb"},"inLanguage":"lv-LV","potentialAction":[{"@type":"ReadAction","target":["https:\/\/miumjau.ee\/lv\/produkts\/brit-care-mini-kucenu-baribas-maisins-kuceniem-jera-gala-merce-85g\/"]}]},{"@type":"ImageObject","inLanguage":"lv-LV","@id":"https:\/\/miumjau.ee\/lv\/produkts\/brit-care-mini-kucenu-baribas-maisins-kuceniem-jera-gala-merce-85g\/#primaryimage","url":"https:\/\/miumjau.ee\/wp-content\/uploads\/2025\/03\/brit-care-mini-koeratoit-85g4-Photoroom-1.webp","contentUrl":"https:\/\/miumjau.ee\/wp-content\/uploads\/2025\/03\/brit-care-mini-koeratoit-85g4-Photoroom-1.webp","width":600,"height":800},{"@type":"BreadcrumbList","@id":"https:\/\/miumjau.ee\/lv\/produkts\/brit-care-mini-kucenu-baribas-maisins-kuceniem-jera-gala-merce-85g\/#breadcrumb","itemListElement":[{"@type":"ListItem","position":1,"name":"Home","item":"https:\/\/miumjau.ee\/lv\/"},{"@type":"ListItem","position":2,"name":"Veikals","item":"https:\/\/miumjau.ee\/lv\/veikals\/"},{"@type":"ListItem","position":3,"name":"Brit Care mini kuc\u0113nu bar\u012bbas maisi\u0146\u0161 kuc\u0113niem, j\u0113ra ga\u013ca m\u0113rc\u0113 85g"}]},{"@type":"WebSite","@id":"https:\/\/miumjau.ee\/#website","url":"https:\/\/miumjau.ee\/","name":"MiuMjau","description":"Kraapimispuud kassidele","publisher":{"@id":"https:\/\/miumjau.ee\/#organization"},"potentialAction":[{"@type":"SearchAction","target":{"@type":"EntryPoint","urlTemplate":"https:\/\/miumjau.ee\/?s={search_term_string}"},"query-input":{"@type":"PropertyValueSpecification","valueRequired":true,"valueName":"search_term_string"}}],"inLanguage":"lv-LV"},{"@type":"Organization","@id":"https:\/\/miumjau.ee\/#organization","name":"MiuMjau O\u00dc","url":"https:\/\/miumjau.ee\/","logo":{"@type":"ImageObject","inLanguage":"lv-LV","@id":"https:\/\/miumjau.ee\/#\/schema\/logo\/image\/","url":"https:\/\/miumjau.ee\/wp-content\/uploads\/2022\/04\/MiuMjau-logo-kollane.png","contentUrl":"https:\/\/miumjau.ee\/wp-content\/uploads\/2022\/04\/MiuMjau-logo-kollane.png","width":219,"height":100,"caption":"MiuMjau O\u00dc"},"image":{"@id":"https:\/\/miumjau.ee\/#\/schema\/logo\/image\/"},"sameAs":["https:\/\/www.facebook.com\/miumjaupood\/"]}]}},"_links":{"self":[{"href":"https:\/\/miumjau.ee\/lv\/wp-json\/wp\/v2\/product\/52697","targetHints":{"allow":["GET"]}}],"collection":[{"href":"https:\/\/miumjau.ee\/lv\/wp-json\/wp\/v2\/product"}],"about":[{"href":"https:\/\/miumjau.ee\/lv\/wp-json\/wp\/v2\/types\/product"}],"wp:featuredmedia":[{"embeddable":true,"href":"https:\/\/miumjau.ee\/lv\/wp-json\/wp\/v2\/media\/52698"}],"wp:attachment":[{"href":"https:\/\/miumjau.ee\/lv\/wp-json\/wp\/v2\/media?parent=52697"}],"wp:term":[{"taxonomy":"product_brand","embeddable":true,"href":"https:\/\/miumjau.ee\/lv\/wp-json\/wp\/v2\/product_brand?post=52697"},{"taxonomy":"product_cat","embeddable":true,"href":"https:\/\/miumjau.ee\/lv\/wp-json\/wp\/v2\/product_cat?post=52697"},{"taxonomy":"product_tag","embeddable":true,"href":"https:\/\/miumjau.ee\/lv\/wp-json\/wp\/v2\/product_tag?post=52697"}],"curies":[{"name":"wp","href":"https:\/\/api.w.org\/{rel}","templated":true}]}}