{"id":52647,"date":"2024-07-31T09:56:43","date_gmt":"2024-07-31T06:56:43","guid":{"rendered":"https:\/\/miumjau.ee\/toode\/kaka-pavadas-un-kedite-pawise-l-zils\/"},"modified":"2024-07-31T09:56:43","modified_gmt":"2024-07-31T06:56:43","slug":"kaka-pavadas-un-kedite-pawise-l-zils","status":"publish","type":"product","link":"https:\/\/miumjau.ee\/lv\/produkts\/kaka-pavadas-un-kedite-pawise-l-zils\/","title":{"rendered":"Ka\u0137a pavadas un \u0137\u0113d\u012bte Pawise L, zils"},"content":{"rendered":"","protected":false},"excerpt":{"rendered":"<p data-start=\"478\" data-end=\"531\">Dro\u0161s pavada un \u0137\u0113d\u012bte j\u016bsu ka\u0137im no z\u012bmola Pawise.<\/p>\n<p data-start=\"533\" data-end=\"664\">Tagad j\u016bs varat pastaig\u0101ties ar savu ka\u0137i. Pareiza izm\u0113ra pavadas ir \u013coti svar\u012bgas dro\u0161\u012bbai. Atrodiet sava ka\u0137a piem\u0113roto izm\u0113ru!<\/p>\n<p data-start=\"666\" data-end=\"804\">Regul\u0113jams<br data-start=\"676\" data-end=\"679\" \/>Piestiprin\u0101ms ar spr\u0101dz\u0113m<br data-start=\"704\" data-end=\"707\" \/>Ar karab\u012bni<br data-start=\"718\" data-end=\"721\" \/>Izm\u0113rs L<br data-start=\"729\" data-end=\"732\" \/>Apm\u0113ram kakla apk\u0101rtm\u0113rs 22\u201335 cm<br data-start=\"765\" data-end=\"768\" \/>Apm\u0113ram v\u0113dera apk\u0101rtm\u0113rs 30\u201352 cm<\/p>\n<p data-start=\"806\" data-end=\"822\" data-is-last-node=\"\" data-is-only-node=\"\">Pieejams uzreiz!<\/p>\n","protected":false},"featured_media":45367,"template":"","meta":[],"product_brand":[],"product_cat":[561],"product_tag":[],"class_list":{"0":"post-52647","1":"product","2":"type-product","3":"status-publish","4":"has-post-thumbnail","6":"product_cat-pavadas-un-kaklasiksnas","8":"first","9":"instock","10":"taxable","11":"shipping-taxable","12":"purchasable","13":"product-type-simple"},"yoast_head":"<!-- This site is optimized with the Yoast SEO plugin v27.2 - https:\/\/yoast.com\/product\/yoast-seo-wordpress\/ -->\n<title>Ka\u0137a pavadas un \u0137\u0113d\u012bte Pawise L, zils - MiuMjau<\/title>\n<meta name=\"robots\" content=\"index, follow, max-snippet:-1, max-image-preview:large, max-video-preview:-1\" \/>\n<link rel=\"canonical\" href=\"https:\/\/miumjau.ee\/lv\/produkts\/kaka-pavadas-un-kedite-pawise-l-zils\/\" \/>\n<meta property=\"og:locale\" content=\"lv_LV\" \/>\n<meta property=\"og:type\" content=\"article\" \/>\n<meta property=\"og:title\" content=\"Ka\u0137a pavadas un \u0137\u0113d\u012bte Pawise L, zils - MiuMjau\" \/>\n<meta property=\"og:description\" content=\"Dro\u0161s pavada un \u0137\u0113d\u012bte j\u016bsu ka\u0137im no z\u012bmola Pawise. Tagad j\u016bs varat pastaig\u0101ties ar savu ka\u0137i. Pareiza izm\u0113ra pavadas ir \u013coti svar\u012bgas dro\u0161\u012bbai. Atrodiet sava ka\u0137a piem\u0113roto izm\u0113ru! Regul\u0113jamsPiestiprin\u0101ms ar spr\u0101dz\u0113mAr karab\u012bniIzm\u0113rs LApm\u0113ram kakla apk\u0101rtm\u0113rs 22\u201335 cmApm\u0113ram v\u0113dera apk\u0101rtm\u0113rs 30\u201352 cm Pieejams uzreiz!\" \/>\n<meta property=\"og:url\" content=\"https:\/\/miumjau.ee\/lv\/produkts\/kaka-pavadas-un-kedite-pawise-l-zils\/\" \/>\n<meta property=\"og:site_name\" content=\"MiuMjau\" \/>\n<meta property=\"article:publisher\" content=\"https:\/\/www.facebook.com\/miumjaupood\/\" \/>\n<meta property=\"og:image\" content=\"https:\/\/miumjau.ee\/wp-content\/uploads\/2024\/07\/kassi-traksid-L3-Photoroom.jpg\" \/>\n\t<meta property=\"og:image:width\" content=\"600\" \/>\n\t<meta property=\"og:image:height\" content=\"800\" \/>\n\t<meta property=\"og:image:type\" content=\"image\/jpeg\" \/>\n<meta name=\"twitter:card\" content=\"summary_large_image\" \/>\n<script type=\"application\/ld+json\" class=\"yoast-schema-graph\">{\"@context\":\"https:\/\/schema.org\",\"@graph\":[{\"@type\":\"WebPage\",\"@id\":\"https:\/\/miumjau.ee\/lv\/produkts\/kaka-pavadas-un-kedite-pawise-l-zils\/\",\"url\":\"https:\/\/miumjau.ee\/lv\/produkts\/kaka-pavadas-un-kedite-pawise-l-zils\/\",\"name\":\"Ka\u0137a pavadas un \u0137\u0113d\u012bte Pawise L, zils - MiuMjau\",\"isPartOf\":{\"@id\":\"https:\/\/miumjau.ee\/#website\"},\"primaryImageOfPage\":{\"@id\":\"https:\/\/miumjau.ee\/lv\/produkts\/kaka-pavadas-un-kedite-pawise-l-zils\/#primaryimage\"},\"image\":{\"@id\":\"https:\/\/miumjau.ee\/lv\/produkts\/kaka-pavadas-un-kedite-pawise-l-zils\/#primaryimage\"},\"thumbnailUrl\":\"https:\/\/miumjau.ee\/wp-content\/uploads\/2024\/07\/kassi-traksid-L3-Photoroom.jpg\",\"datePublished\":\"2024-07-31T06:56:43+00:00\",\"breadcrumb\":{\"@id\":\"https:\/\/miumjau.ee\/lv\/produkts\/kaka-pavadas-un-kedite-pawise-l-zils\/#breadcrumb\"},\"inLanguage\":\"lv-LV\",\"potentialAction\":[{\"@type\":\"ReadAction\",\"target\":[\"https:\/\/miumjau.ee\/lv\/produkts\/kaka-pavadas-un-kedite-pawise-l-zils\/\"]}]},{\"@type\":\"ImageObject\",\"inLanguage\":\"lv-LV\",\"@id\":\"https:\/\/miumjau.ee\/lv\/produkts\/kaka-pavadas-un-kedite-pawise-l-zils\/#primaryimage\",\"url\":\"https:\/\/miumjau.ee\/wp-content\/uploads\/2024\/07\/kassi-traksid-L3-Photoroom.jpg\",\"contentUrl\":\"https:\/\/miumjau.ee\/wp-content\/uploads\/2024\/07\/kassi-traksid-L3-Photoroom.jpg\",\"width\":600,\"height\":800,\"caption\":\"Pawise kassi rihm traksid\"},{\"@type\":\"BreadcrumbList\",\"@id\":\"https:\/\/miumjau.ee\/lv\/produkts\/kaka-pavadas-un-kedite-pawise-l-zils\/#breadcrumb\",\"itemListElement\":[{\"@type\":\"ListItem\",\"position\":1,\"name\":\"Home\",\"item\":\"https:\/\/miumjau.ee\/lv\/\"},{\"@type\":\"ListItem\",\"position\":2,\"name\":\"Veikals\",\"item\":\"https:\/\/miumjau.ee\/lv\/veikals\/\"},{\"@type\":\"ListItem\",\"position\":3,\"name\":\"Ka\u0137a pavadas un \u0137\u0113d\u012bte Pawise L, zils\"}]},{\"@type\":\"WebSite\",\"@id\":\"https:\/\/miumjau.ee\/#website\",\"url\":\"https:\/\/miumjau.ee\/\",\"name\":\"MiuMjau\",\"description\":\"Kraapimispuud kassidele\",\"publisher\":{\"@id\":\"https:\/\/miumjau.ee\/#organization\"},\"potentialAction\":[{\"@type\":\"SearchAction\",\"target\":{\"@type\":\"EntryPoint\",\"urlTemplate\":\"https:\/\/miumjau.ee\/?s={search_term_string}\"},\"query-input\":{\"@type\":\"PropertyValueSpecification\",\"valueRequired\":true,\"valueName\":\"search_term_string\"}}],\"inLanguage\":\"lv-LV\"},{\"@type\":\"Organization\",\"@id\":\"https:\/\/miumjau.ee\/#organization\",\"name\":\"MiuMjau O\u00dc\",\"url\":\"https:\/\/miumjau.ee\/\",\"logo\":{\"@type\":\"ImageObject\",\"inLanguage\":\"lv-LV\",\"@id\":\"https:\/\/miumjau.ee\/#\/schema\/logo\/image\/\",\"url\":\"https:\/\/miumjau.ee\/wp-content\/uploads\/2022\/04\/MiuMjau-logo-kollane.png\",\"contentUrl\":\"https:\/\/miumjau.ee\/wp-content\/uploads\/2022\/04\/MiuMjau-logo-kollane.png\",\"width\":219,\"height\":100,\"caption\":\"MiuMjau O\u00dc\"},\"image\":{\"@id\":\"https:\/\/miumjau.ee\/#\/schema\/logo\/image\/\"},\"sameAs\":[\"https:\/\/www.facebook.com\/miumjaupood\/\"]}]}<\/script>\n<!-- \/ Yoast SEO plugin. -->","yoast_head_json":{"title":"Ka\u0137a pavadas un \u0137\u0113d\u012bte Pawise L, zils - MiuMjau","robots":{"index":"index","follow":"follow","max-snippet":"max-snippet:-1","max-image-preview":"max-image-preview:large","max-video-preview":"max-video-preview:-1"},"canonical":"https:\/\/miumjau.ee\/lv\/produkts\/kaka-pavadas-un-kedite-pawise-l-zils\/","og_locale":"lv_LV","og_type":"article","og_title":"Ka\u0137a pavadas un \u0137\u0113d\u012bte Pawise L, zils - MiuMjau","og_description":"Dro\u0161s pavada un \u0137\u0113d\u012bte j\u016bsu ka\u0137im no z\u012bmola Pawise. Tagad j\u016bs varat pastaig\u0101ties ar savu ka\u0137i. Pareiza izm\u0113ra pavadas ir \u013coti svar\u012bgas dro\u0161\u012bbai. Atrodiet sava ka\u0137a piem\u0113roto izm\u0113ru! Regul\u0113jamsPiestiprin\u0101ms ar spr\u0101dz\u0113mAr karab\u012bniIzm\u0113rs LApm\u0113ram kakla apk\u0101rtm\u0113rs 22\u201335 cmApm\u0113ram v\u0113dera apk\u0101rtm\u0113rs 30\u201352 cm Pieejams uzreiz!","og_url":"https:\/\/miumjau.ee\/lv\/produkts\/kaka-pavadas-un-kedite-pawise-l-zils\/","og_site_name":"MiuMjau","article_publisher":"https:\/\/www.facebook.com\/miumjaupood\/","og_image":[{"width":600,"height":800,"url":"https:\/\/miumjau.ee\/wp-content\/uploads\/2024\/07\/kassi-traksid-L3-Photoroom.jpg","type":"image\/jpeg"}],"twitter_card":"summary_large_image","schema":{"@context":"https:\/\/schema.org","@graph":[{"@type":"WebPage","@id":"https:\/\/miumjau.ee\/lv\/produkts\/kaka-pavadas-un-kedite-pawise-l-zils\/","url":"https:\/\/miumjau.ee\/lv\/produkts\/kaka-pavadas-un-kedite-pawise-l-zils\/","name":"Ka\u0137a pavadas un \u0137\u0113d\u012bte Pawise L, zils - MiuMjau","isPartOf":{"@id":"https:\/\/miumjau.ee\/#website"},"primaryImageOfPage":{"@id":"https:\/\/miumjau.ee\/lv\/produkts\/kaka-pavadas-un-kedite-pawise-l-zils\/#primaryimage"},"image":{"@id":"https:\/\/miumjau.ee\/lv\/produkts\/kaka-pavadas-un-kedite-pawise-l-zils\/#primaryimage"},"thumbnailUrl":"https:\/\/miumjau.ee\/wp-content\/uploads\/2024\/07\/kassi-traksid-L3-Photoroom.jpg","datePublished":"2024-07-31T06:56:43+00:00","breadcrumb":{"@id":"https:\/\/miumjau.ee\/lv\/produkts\/kaka-pavadas-un-kedite-pawise-l-zils\/#breadcrumb"},"inLanguage":"lv-LV","potentialAction":[{"@type":"ReadAction","target":["https:\/\/miumjau.ee\/lv\/produkts\/kaka-pavadas-un-kedite-pawise-l-zils\/"]}]},{"@type":"ImageObject","inLanguage":"lv-LV","@id":"https:\/\/miumjau.ee\/lv\/produkts\/kaka-pavadas-un-kedite-pawise-l-zils\/#primaryimage","url":"https:\/\/miumjau.ee\/wp-content\/uploads\/2024\/07\/kassi-traksid-L3-Photoroom.jpg","contentUrl":"https:\/\/miumjau.ee\/wp-content\/uploads\/2024\/07\/kassi-traksid-L3-Photoroom.jpg","width":600,"height":800,"caption":"Pawise kassi rihm traksid"},{"@type":"BreadcrumbList","@id":"https:\/\/miumjau.ee\/lv\/produkts\/kaka-pavadas-un-kedite-pawise-l-zils\/#breadcrumb","itemListElement":[{"@type":"ListItem","position":1,"name":"Home","item":"https:\/\/miumjau.ee\/lv\/"},{"@type":"ListItem","position":2,"name":"Veikals","item":"https:\/\/miumjau.ee\/lv\/veikals\/"},{"@type":"ListItem","position":3,"name":"Ka\u0137a pavadas un \u0137\u0113d\u012bte Pawise L, zils"}]},{"@type":"WebSite","@id":"https:\/\/miumjau.ee\/#website","url":"https:\/\/miumjau.ee\/","name":"MiuMjau","description":"Kraapimispuud kassidele","publisher":{"@id":"https:\/\/miumjau.ee\/#organization"},"potentialAction":[{"@type":"SearchAction","target":{"@type":"EntryPoint","urlTemplate":"https:\/\/miumjau.ee\/?s={search_term_string}"},"query-input":{"@type":"PropertyValueSpecification","valueRequired":true,"valueName":"search_term_string"}}],"inLanguage":"lv-LV"},{"@type":"Organization","@id":"https:\/\/miumjau.ee\/#organization","name":"MiuMjau O\u00dc","url":"https:\/\/miumjau.ee\/","logo":{"@type":"ImageObject","inLanguage":"lv-LV","@id":"https:\/\/miumjau.ee\/#\/schema\/logo\/image\/","url":"https:\/\/miumjau.ee\/wp-content\/uploads\/2022\/04\/MiuMjau-logo-kollane.png","contentUrl":"https:\/\/miumjau.ee\/wp-content\/uploads\/2022\/04\/MiuMjau-logo-kollane.png","width":219,"height":100,"caption":"MiuMjau O\u00dc"},"image":{"@id":"https:\/\/miumjau.ee\/#\/schema\/logo\/image\/"},"sameAs":["https:\/\/www.facebook.com\/miumjaupood\/"]}]}},"_links":{"self":[{"href":"https:\/\/miumjau.ee\/lv\/wp-json\/wp\/v2\/product\/52647","targetHints":{"allow":["GET"]}}],"collection":[{"href":"https:\/\/miumjau.ee\/lv\/wp-json\/wp\/v2\/product"}],"about":[{"href":"https:\/\/miumjau.ee\/lv\/wp-json\/wp\/v2\/types\/product"}],"wp:featuredmedia":[{"embeddable":true,"href":"https:\/\/miumjau.ee\/lv\/wp-json\/wp\/v2\/media\/45367"}],"wp:attachment":[{"href":"https:\/\/miumjau.ee\/lv\/wp-json\/wp\/v2\/media?parent=52647"}],"wp:term":[{"taxonomy":"product_brand","embeddable":true,"href":"https:\/\/miumjau.ee\/lv\/wp-json\/wp\/v2\/product_brand?post=52647"},{"taxonomy":"product_cat","embeddable":true,"href":"https:\/\/miumjau.ee\/lv\/wp-json\/wp\/v2\/product_cat?post=52647"},{"taxonomy":"product_tag","embeddable":true,"href":"https:\/\/miumjau.ee\/lv\/wp-json\/wp\/v2\/product_tag?post=52647"}],"curies":[{"name":"wp","href":"https:\/\/api.w.org\/{rel}","templated":true}]}}