{"id":52642,"date":"2024-07-31T09:47:46","date_gmt":"2024-07-31T06:47:46","guid":{"rendered":"https:\/\/miumjau.ee\/toode\/kaka-pavadas-un-kedite-pawise-s-zils\/"},"modified":"2024-07-31T09:47:46","modified_gmt":"2024-07-31T06:47:46","slug":"kaka-pavadas-un-kedite-pawise-s-zils","status":"publish","type":"product","link":"https:\/\/miumjau.ee\/lv\/produkts\/kaka-pavadas-un-kedite-pawise-s-zils\/","title":{"rendered":"Ka\u0137a pavadas un \u0137\u0113d\u012bte Pawise S, zils"},"content":{"rendered":"","protected":false},"excerpt":{"rendered":"<div class=\"flex max-w-full flex-col grow\">\n<div class=\"min-h-8 text-message relative flex w-full flex-col items-end gap-2 text-start break-words whitespace-normal [.text-message+&amp;]:mt-1\" dir=\"auto\" data-message-author-role=\"assistant\" data-message-id=\"557ab7e0-2b31-4e41-b8a2-765a7fc128cb\" data-message-model-slug=\"gpt-5-mini\">\n<div class=\"flex w-full flex-col gap-1 empty:hidden first:pt-[1px]\">\n<div class=\"markdown prose dark:prose-invert w-full break-words light markdown-new-styling\">\n<p data-start=\"480\" data-end=\"533\">Dro\u0161s pavada un \u0137\u0113d\u012bte j\u016bsu ka\u0137im no z\u012bmola Pawise.<\/p>\n<p data-start=\"535\" data-end=\"666\">Tagad j\u016bs varat pastaig\u0101ties ar savu ka\u0137i. Pareiza izm\u0113ra pavadas ir \u013coti svar\u012bgas dro\u0161\u012bbai. Atrodiet sava ka\u0137a piem\u0113roto izm\u0113ru!<\/p>\n<p data-start=\"668\" data-end=\"808\">Regul\u0113jams<br data-start=\"678\" data-end=\"681\" \/>Piestiprin\u0101ms ar spr\u0101dz\u0113m<br data-start=\"706\" data-end=\"709\" \/>Ar karab\u012bni<br data-start=\"720\" data-end=\"723\" \/>Izm\u0113rs S<br data-start=\"731\" data-end=\"734\" \/>Apm\u0113ram kakla apk\u0101rtm\u0113rs 14,5\u201325 cm<br data-start=\"769\" data-end=\"772\" \/>Apm\u0113ram v\u0113dera apk\u0101rtm\u0113rs 18\u201330 cm<\/p>\n<p data-start=\"810\" data-end=\"826\" data-is-last-node=\"\" data-is-only-node=\"\">Pieejams uzreiz!<\/p>\n<\/div>\n<\/div>\n<\/div>\n<\/div>\n<div class=\"z-0 flex min-h-[46px] justify-start\"><\/div>\n<div class=\"border-token-border-light my-2 flex gap-10 border-t pt-4\">\n<div class=\"flex items-center justify-center overflow-hidden h-12 w-12 rounded-lg\"><\/div>\n<\/div>\n","protected":false},"featured_media":45371,"template":"","meta":[],"product_brand":[],"product_cat":[561],"product_tag":[],"class_list":{"0":"post-52642","1":"product","2":"type-product","3":"status-publish","4":"has-post-thumbnail","6":"product_cat-pavadas-un-kaklasiksnas","8":"first","9":"instock","10":"taxable","11":"shipping-taxable","12":"purchasable","13":"product-type-simple"},"yoast_head":"<!-- This site is optimized with the Yoast SEO plugin v27.4 - https:\/\/yoast.com\/product\/yoast-seo-wordpress\/ -->\n<title>Ka\u0137a pavadas un \u0137\u0113d\u012bte Pawise S, zils - MiuMjau<\/title>\n<meta name=\"robots\" content=\"index, follow, max-snippet:-1, max-image-preview:large, max-video-preview:-1\" \/>\n<link rel=\"canonical\" href=\"https:\/\/miumjau.ee\/lv\/produkts\/kaka-pavadas-un-kedite-pawise-s-zils\/\" \/>\n<meta property=\"og:locale\" content=\"lv_LV\" \/>\n<meta property=\"og:type\" content=\"article\" \/>\n<meta property=\"og:title\" content=\"Ka\u0137a pavadas un \u0137\u0113d\u012bte Pawise S, zils - MiuMjau\" \/>\n<meta property=\"og:description\" content=\"Dro\u0161s pavada un \u0137\u0113d\u012bte j\u016bsu ka\u0137im no z\u012bmola Pawise. Tagad j\u016bs varat pastaig\u0101ties ar savu ka\u0137i. Pareiza izm\u0113ra pavadas ir \u013coti svar\u012bgas dro\u0161\u012bbai. Atrodiet sava ka\u0137a piem\u0113roto izm\u0113ru! Regul\u0113jamsPiestiprin\u0101ms ar spr\u0101dz\u0113mAr karab\u012bniIzm\u0113rs SApm\u0113ram kakla apk\u0101rtm\u0113rs 14,5\u201325 cmApm\u0113ram v\u0113dera apk\u0101rtm\u0113rs 18\u201330 cm Pieejams uzreiz!\" \/>\n<meta property=\"og:url\" content=\"https:\/\/miumjau.ee\/lv\/produkts\/kaka-pavadas-un-kedite-pawise-s-zils\/\" \/>\n<meta property=\"og:site_name\" content=\"MiuMjau\" \/>\n<meta property=\"article:publisher\" content=\"https:\/\/www.facebook.com\/miumjaupood\/\" \/>\n<meta property=\"og:image\" content=\"https:\/\/miumjau.ee\/wp-content\/uploads\/2024\/07\/kassi-traksid-S-suurus3-Photoroom.jpg\" \/>\n\t<meta property=\"og:image:width\" content=\"600\" \/>\n\t<meta property=\"og:image:height\" content=\"800\" \/>\n\t<meta property=\"og:image:type\" content=\"image\/jpeg\" \/>\n<meta name=\"twitter:card\" content=\"summary_large_image\" \/>\n<script type=\"application\/ld+json\" class=\"yoast-schema-graph\">{\"@context\":\"https:\\\/\\\/schema.org\",\"@graph\":[{\"@type\":\"WebPage\",\"@id\":\"https:\\\/\\\/miumjau.ee\\\/lv\\\/produkts\\\/kaka-pavadas-un-kedite-pawise-s-zils\\\/\",\"url\":\"https:\\\/\\\/miumjau.ee\\\/lv\\\/produkts\\\/kaka-pavadas-un-kedite-pawise-s-zils\\\/\",\"name\":\"Ka\u0137a pavadas un \u0137\u0113d\u012bte Pawise S, zils - MiuMjau\",\"isPartOf\":{\"@id\":\"https:\\\/\\\/miumjau.ee\\\/#website\"},\"primaryImageOfPage\":{\"@id\":\"https:\\\/\\\/miumjau.ee\\\/lv\\\/produkts\\\/kaka-pavadas-un-kedite-pawise-s-zils\\\/#primaryimage\"},\"image\":{\"@id\":\"https:\\\/\\\/miumjau.ee\\\/lv\\\/produkts\\\/kaka-pavadas-un-kedite-pawise-s-zils\\\/#primaryimage\"},\"thumbnailUrl\":\"https:\\\/\\\/miumjau.ee\\\/wp-content\\\/uploads\\\/2024\\\/07\\\/kassi-traksid-S-suurus3-Photoroom.jpg\",\"datePublished\":\"2024-07-31T06:47:46+00:00\",\"breadcrumb\":{\"@id\":\"https:\\\/\\\/miumjau.ee\\\/lv\\\/produkts\\\/kaka-pavadas-un-kedite-pawise-s-zils\\\/#breadcrumb\"},\"inLanguage\":\"lv-LV\",\"potentialAction\":[{\"@type\":\"ReadAction\",\"target\":[\"https:\\\/\\\/miumjau.ee\\\/lv\\\/produkts\\\/kaka-pavadas-un-kedite-pawise-s-zils\\\/\"]}]},{\"@type\":\"ImageObject\",\"inLanguage\":\"lv-LV\",\"@id\":\"https:\\\/\\\/miumjau.ee\\\/lv\\\/produkts\\\/kaka-pavadas-un-kedite-pawise-s-zils\\\/#primaryimage\",\"url\":\"https:\\\/\\\/miumjau.ee\\\/wp-content\\\/uploads\\\/2024\\\/07\\\/kassi-traksid-S-suurus3-Photoroom.jpg\",\"contentUrl\":\"https:\\\/\\\/miumjau.ee\\\/wp-content\\\/uploads\\\/2024\\\/07\\\/kassi-traksid-S-suurus3-Photoroom.jpg\",\"width\":600,\"height\":800,\"caption\":\"Pawise kassi rihm traksid\"},{\"@type\":\"BreadcrumbList\",\"@id\":\"https:\\\/\\\/miumjau.ee\\\/lv\\\/produkts\\\/kaka-pavadas-un-kedite-pawise-s-zils\\\/#breadcrumb\",\"itemListElement\":[{\"@type\":\"ListItem\",\"position\":1,\"name\":\"Home\",\"item\":\"https:\\\/\\\/miumjau.ee\\\/lv\\\/\"},{\"@type\":\"ListItem\",\"position\":2,\"name\":\"Veikals\",\"item\":\"https:\\\/\\\/miumjau.ee\\\/lv\\\/veikals\\\/\"},{\"@type\":\"ListItem\",\"position\":3,\"name\":\"Ka\u0137a pavadas un \u0137\u0113d\u012bte Pawise S, zils\"}]},{\"@type\":\"WebSite\",\"@id\":\"https:\\\/\\\/miumjau.ee\\\/#website\",\"url\":\"https:\\\/\\\/miumjau.ee\\\/\",\"name\":\"MiuMjau\",\"description\":\"Kraapimispuud kassidele\",\"publisher\":{\"@id\":\"https:\\\/\\\/miumjau.ee\\\/#organization\"},\"potentialAction\":[{\"@type\":\"SearchAction\",\"target\":{\"@type\":\"EntryPoint\",\"urlTemplate\":\"https:\\\/\\\/miumjau.ee\\\/?s={search_term_string}\"},\"query-input\":{\"@type\":\"PropertyValueSpecification\",\"valueRequired\":true,\"valueName\":\"search_term_string\"}}],\"inLanguage\":\"lv-LV\"},{\"@type\":\"Organization\",\"@id\":\"https:\\\/\\\/miumjau.ee\\\/#organization\",\"name\":\"MiuMjau O\u00dc\",\"url\":\"https:\\\/\\\/miumjau.ee\\\/\",\"logo\":{\"@type\":\"ImageObject\",\"inLanguage\":\"lv-LV\",\"@id\":\"https:\\\/\\\/miumjau.ee\\\/#\\\/schema\\\/logo\\\/image\\\/\",\"url\":\"https:\\\/\\\/miumjau.ee\\\/wp-content\\\/uploads\\\/2022\\\/04\\\/MiuMjau-logo-kollane.png\",\"contentUrl\":\"https:\\\/\\\/miumjau.ee\\\/wp-content\\\/uploads\\\/2022\\\/04\\\/MiuMjau-logo-kollane.png\",\"width\":219,\"height\":100,\"caption\":\"MiuMjau O\u00dc\"},\"image\":{\"@id\":\"https:\\\/\\\/miumjau.ee\\\/#\\\/schema\\\/logo\\\/image\\\/\"},\"sameAs\":[\"https:\\\/\\\/www.facebook.com\\\/miumjaupood\\\/\"]}]}<\/script>\n<!-- \/ Yoast SEO plugin. -->","yoast_head_json":{"title":"Ka\u0137a pavadas un \u0137\u0113d\u012bte Pawise S, zils - MiuMjau","robots":{"index":"index","follow":"follow","max-snippet":"max-snippet:-1","max-image-preview":"max-image-preview:large","max-video-preview":"max-video-preview:-1"},"canonical":"https:\/\/miumjau.ee\/lv\/produkts\/kaka-pavadas-un-kedite-pawise-s-zils\/","og_locale":"lv_LV","og_type":"article","og_title":"Ka\u0137a pavadas un \u0137\u0113d\u012bte Pawise S, zils - MiuMjau","og_description":"Dro\u0161s pavada un \u0137\u0113d\u012bte j\u016bsu ka\u0137im no z\u012bmola Pawise. Tagad j\u016bs varat pastaig\u0101ties ar savu ka\u0137i. Pareiza izm\u0113ra pavadas ir \u013coti svar\u012bgas dro\u0161\u012bbai. Atrodiet sava ka\u0137a piem\u0113roto izm\u0113ru! Regul\u0113jamsPiestiprin\u0101ms ar spr\u0101dz\u0113mAr karab\u012bniIzm\u0113rs SApm\u0113ram kakla apk\u0101rtm\u0113rs 14,5\u201325 cmApm\u0113ram v\u0113dera apk\u0101rtm\u0113rs 18\u201330 cm Pieejams uzreiz!","og_url":"https:\/\/miumjau.ee\/lv\/produkts\/kaka-pavadas-un-kedite-pawise-s-zils\/","og_site_name":"MiuMjau","article_publisher":"https:\/\/www.facebook.com\/miumjaupood\/","og_image":[{"width":600,"height":800,"url":"https:\/\/miumjau.ee\/wp-content\/uploads\/2024\/07\/kassi-traksid-S-suurus3-Photoroom.jpg","type":"image\/jpeg"}],"twitter_card":"summary_large_image","schema":{"@context":"https:\/\/schema.org","@graph":[{"@type":"WebPage","@id":"https:\/\/miumjau.ee\/lv\/produkts\/kaka-pavadas-un-kedite-pawise-s-zils\/","url":"https:\/\/miumjau.ee\/lv\/produkts\/kaka-pavadas-un-kedite-pawise-s-zils\/","name":"Ka\u0137a pavadas un \u0137\u0113d\u012bte Pawise S, zils - MiuMjau","isPartOf":{"@id":"https:\/\/miumjau.ee\/#website"},"primaryImageOfPage":{"@id":"https:\/\/miumjau.ee\/lv\/produkts\/kaka-pavadas-un-kedite-pawise-s-zils\/#primaryimage"},"image":{"@id":"https:\/\/miumjau.ee\/lv\/produkts\/kaka-pavadas-un-kedite-pawise-s-zils\/#primaryimage"},"thumbnailUrl":"https:\/\/miumjau.ee\/wp-content\/uploads\/2024\/07\/kassi-traksid-S-suurus3-Photoroom.jpg","datePublished":"2024-07-31T06:47:46+00:00","breadcrumb":{"@id":"https:\/\/miumjau.ee\/lv\/produkts\/kaka-pavadas-un-kedite-pawise-s-zils\/#breadcrumb"},"inLanguage":"lv-LV","potentialAction":[{"@type":"ReadAction","target":["https:\/\/miumjau.ee\/lv\/produkts\/kaka-pavadas-un-kedite-pawise-s-zils\/"]}]},{"@type":"ImageObject","inLanguage":"lv-LV","@id":"https:\/\/miumjau.ee\/lv\/produkts\/kaka-pavadas-un-kedite-pawise-s-zils\/#primaryimage","url":"https:\/\/miumjau.ee\/wp-content\/uploads\/2024\/07\/kassi-traksid-S-suurus3-Photoroom.jpg","contentUrl":"https:\/\/miumjau.ee\/wp-content\/uploads\/2024\/07\/kassi-traksid-S-suurus3-Photoroom.jpg","width":600,"height":800,"caption":"Pawise kassi rihm traksid"},{"@type":"BreadcrumbList","@id":"https:\/\/miumjau.ee\/lv\/produkts\/kaka-pavadas-un-kedite-pawise-s-zils\/#breadcrumb","itemListElement":[{"@type":"ListItem","position":1,"name":"Home","item":"https:\/\/miumjau.ee\/lv\/"},{"@type":"ListItem","position":2,"name":"Veikals","item":"https:\/\/miumjau.ee\/lv\/veikals\/"},{"@type":"ListItem","position":3,"name":"Ka\u0137a pavadas un \u0137\u0113d\u012bte Pawise S, zils"}]},{"@type":"WebSite","@id":"https:\/\/miumjau.ee\/#website","url":"https:\/\/miumjau.ee\/","name":"MiuMjau","description":"Kraapimispuud kassidele","publisher":{"@id":"https:\/\/miumjau.ee\/#organization"},"potentialAction":[{"@type":"SearchAction","target":{"@type":"EntryPoint","urlTemplate":"https:\/\/miumjau.ee\/?s={search_term_string}"},"query-input":{"@type":"PropertyValueSpecification","valueRequired":true,"valueName":"search_term_string"}}],"inLanguage":"lv-LV"},{"@type":"Organization","@id":"https:\/\/miumjau.ee\/#organization","name":"MiuMjau O\u00dc","url":"https:\/\/miumjau.ee\/","logo":{"@type":"ImageObject","inLanguage":"lv-LV","@id":"https:\/\/miumjau.ee\/#\/schema\/logo\/image\/","url":"https:\/\/miumjau.ee\/wp-content\/uploads\/2022\/04\/MiuMjau-logo-kollane.png","contentUrl":"https:\/\/miumjau.ee\/wp-content\/uploads\/2022\/04\/MiuMjau-logo-kollane.png","width":219,"height":100,"caption":"MiuMjau O\u00dc"},"image":{"@id":"https:\/\/miumjau.ee\/#\/schema\/logo\/image\/"},"sameAs":["https:\/\/www.facebook.com\/miumjaupood\/"]}]}},"_links":{"self":[{"href":"https:\/\/miumjau.ee\/lv\/wp-json\/wp\/v2\/product\/52642","targetHints":{"allow":["GET"]}}],"collection":[{"href":"https:\/\/miumjau.ee\/lv\/wp-json\/wp\/v2\/product"}],"about":[{"href":"https:\/\/miumjau.ee\/lv\/wp-json\/wp\/v2\/types\/product"}],"wp:featuredmedia":[{"embeddable":true,"href":"https:\/\/miumjau.ee\/lv\/wp-json\/wp\/v2\/media\/45371"}],"wp:attachment":[{"href":"https:\/\/miumjau.ee\/lv\/wp-json\/wp\/v2\/media?parent=52642"}],"wp:term":[{"taxonomy":"product_brand","embeddable":true,"href":"https:\/\/miumjau.ee\/lv\/wp-json\/wp\/v2\/product_brand?post=52642"},{"taxonomy":"product_cat","embeddable":true,"href":"https:\/\/miumjau.ee\/lv\/wp-json\/wp\/v2\/product_cat?post=52642"},{"taxonomy":"product_tag","embeddable":true,"href":"https:\/\/miumjau.ee\/lv\/wp-json\/wp\/v2\/product_tag?post=52642"}],"curies":[{"name":"wp","href":"https:\/\/api.w.org\/{rel}","templated":true}]}}