{"id":52637,"date":"2024-08-01T16:32:25","date_gmt":"2024-08-01T13:32:25","guid":{"rendered":"https:\/\/miumjau.ee\/toode\/kaku-rotallieta-yeowww-banana-ar-kakumetru\/"},"modified":"2024-08-01T16:32:25","modified_gmt":"2024-08-01T13:32:25","slug":"kaku-rotallieta-yeowww-banana-ar-kakumetru","status":"publish","type":"product","link":"https:\/\/miumjau.ee\/lv\/produkts\/kaku-rotallieta-yeowww-banana-ar-kakumetru\/","title":{"rendered":"Ka\u0137u rota\u013clieta Yeowww Banana ar ka\u0137um\u0113tru"},"content":{"rendered":"","protected":false},"excerpt":{"rendered":"<p data-start=\"50\" data-end=\"302\">Rota\u013clieta Yeowww Banana ir pild\u012bta ar dab\u012bgu ka\u0137um\u0113tru, kas nodro\u0161ina ka\u0137iem jautru un stimul\u0113jo\u0161u rota\u013cu. T\u0101 ir dabiska un dro\u0161a rota\u013clieta. Ka\u0137iem \u013coti pat\u012bk to satvert ar vis\u0101m \u0137ep\u0101m, kost un traki sp\u0101rd\u012bt ar paka\u013ck\u0101j\u0101m \u2014 tas sag\u0101d\u0101 daudz prieka!<\/p>\n<p data-start=\"304\" data-end=\"337\">Rota\u013clietas garums apm. 17,5 cm<\/p>\n<p data-start=\"339\" data-end=\"355\" data-is-last-node=\"\" data-is-only-node=\"\">Pieejams uzreiz!<\/p>\n","protected":false},"featured_media":52638,"template":"","meta":[],"product_brand":[],"product_cat":[590],"product_tag":[],"class_list":{"0":"post-52637","1":"product","2":"type-product","3":"status-publish","4":"has-post-thumbnail","6":"product_cat-kaku-rotallietas","8":"first","9":"instock","10":"taxable","11":"shipping-taxable","12":"purchasable","13":"product-type-simple"},"yoast_head":"<!-- This site is optimized with the Yoast SEO plugin v27.2 - https:\/\/yoast.com\/product\/yoast-seo-wordpress\/ -->\n<title>Ka\u0137u rota\u013clieta Yeowww Banana ar ka\u0137um\u0113tru - MiuMjau<\/title>\n<meta name=\"robots\" content=\"index, follow, max-snippet:-1, max-image-preview:large, max-video-preview:-1\" \/>\n<link rel=\"canonical\" href=\"https:\/\/miumjau.ee\/lv\/produkts\/kaku-rotallieta-yeowww-banana-ar-kakumetru\/\" \/>\n<meta property=\"og:locale\" content=\"lv_LV\" \/>\n<meta property=\"og:type\" content=\"article\" \/>\n<meta property=\"og:title\" content=\"Ka\u0137u rota\u013clieta Yeowww Banana ar ka\u0137um\u0113tru - MiuMjau\" \/>\n<meta property=\"og:description\" content=\"Rota\u013clieta Yeowww Banana ir pild\u012bta ar dab\u012bgu ka\u0137um\u0113tru, kas nodro\u0161ina ka\u0137iem jautru un stimul\u0113jo\u0161u rota\u013cu. T\u0101 ir dabiska un dro\u0161a rota\u013clieta. Ka\u0137iem \u013coti pat\u012bk to satvert ar vis\u0101m \u0137ep\u0101m, kost un traki sp\u0101rd\u012bt ar paka\u013ck\u0101j\u0101m \u2014 tas sag\u0101d\u0101 daudz prieka! Rota\u013clietas garums apm. 17,5 cm Pieejams uzreiz!\" \/>\n<meta property=\"og:url\" content=\"https:\/\/miumjau.ee\/lv\/produkts\/kaku-rotallieta-yeowww-banana-ar-kakumetru\/\" \/>\n<meta property=\"og:site_name\" content=\"MiuMjau\" \/>\n<meta property=\"article:publisher\" content=\"https:\/\/www.facebook.com\/miumjaupood\/\" \/>\n<meta property=\"og:image\" content=\"https:\/\/miumjau.ee\/wp-content\/uploads\/2024\/07\/YEOWWW-banaan-1-tk-Photoroom.jpg\" \/>\n\t<meta property=\"og:image:width\" content=\"600\" \/>\n\t<meta property=\"og:image:height\" content=\"800\" \/>\n\t<meta property=\"og:image:type\" content=\"image\/jpeg\" \/>\n<meta name=\"twitter:card\" content=\"summary_large_image\" \/>\n<script type=\"application\/ld+json\" class=\"yoast-schema-graph\">{\"@context\":\"https:\/\/schema.org\",\"@graph\":[{\"@type\":\"WebPage\",\"@id\":\"https:\/\/miumjau.ee\/lv\/produkts\/kaku-rotallieta-yeowww-banana-ar-kakumetru\/\",\"url\":\"https:\/\/miumjau.ee\/lv\/produkts\/kaku-rotallieta-yeowww-banana-ar-kakumetru\/\",\"name\":\"Ka\u0137u rota\u013clieta Yeowww Banana ar ka\u0137um\u0113tru - MiuMjau\",\"isPartOf\":{\"@id\":\"https:\/\/miumjau.ee\/#website\"},\"primaryImageOfPage\":{\"@id\":\"https:\/\/miumjau.ee\/lv\/produkts\/kaku-rotallieta-yeowww-banana-ar-kakumetru\/#primaryimage\"},\"image\":{\"@id\":\"https:\/\/miumjau.ee\/lv\/produkts\/kaku-rotallieta-yeowww-banana-ar-kakumetru\/#primaryimage\"},\"thumbnailUrl\":\"https:\/\/miumjau.ee\/wp-content\/uploads\/2024\/07\/YEOWWW-banaan-1-tk-Photoroom.jpg\",\"datePublished\":\"2024-08-01T13:32:25+00:00\",\"breadcrumb\":{\"@id\":\"https:\/\/miumjau.ee\/lv\/produkts\/kaku-rotallieta-yeowww-banana-ar-kakumetru\/#breadcrumb\"},\"inLanguage\":\"lv-LV\",\"potentialAction\":[{\"@type\":\"ReadAction\",\"target\":[\"https:\/\/miumjau.ee\/lv\/produkts\/kaku-rotallieta-yeowww-banana-ar-kakumetru\/\"]}]},{\"@type\":\"ImageObject\",\"inLanguage\":\"lv-LV\",\"@id\":\"https:\/\/miumjau.ee\/lv\/produkts\/kaku-rotallieta-yeowww-banana-ar-kakumetru\/#primaryimage\",\"url\":\"https:\/\/miumjau.ee\/wp-content\/uploads\/2024\/07\/YEOWWW-banaan-1-tk-Photoroom.jpg\",\"contentUrl\":\"https:\/\/miumjau.ee\/wp-content\/uploads\/2024\/07\/YEOWWW-banaan-1-tk-Photoroom.jpg\",\"width\":600,\"height\":800},{\"@type\":\"BreadcrumbList\",\"@id\":\"https:\/\/miumjau.ee\/lv\/produkts\/kaku-rotallieta-yeowww-banana-ar-kakumetru\/#breadcrumb\",\"itemListElement\":[{\"@type\":\"ListItem\",\"position\":1,\"name\":\"Home\",\"item\":\"https:\/\/miumjau.ee\/lv\/\"},{\"@type\":\"ListItem\",\"position\":2,\"name\":\"Veikals\",\"item\":\"https:\/\/miumjau.ee\/lv\/veikals\/\"},{\"@type\":\"ListItem\",\"position\":3,\"name\":\"Ka\u0137u rota\u013clieta Yeowww Banana ar ka\u0137um\u0113tru\"}]},{\"@type\":\"WebSite\",\"@id\":\"https:\/\/miumjau.ee\/#website\",\"url\":\"https:\/\/miumjau.ee\/\",\"name\":\"MiuMjau\",\"description\":\"Kraapimispuud kassidele\",\"publisher\":{\"@id\":\"https:\/\/miumjau.ee\/#organization\"},\"potentialAction\":[{\"@type\":\"SearchAction\",\"target\":{\"@type\":\"EntryPoint\",\"urlTemplate\":\"https:\/\/miumjau.ee\/?s={search_term_string}\"},\"query-input\":{\"@type\":\"PropertyValueSpecification\",\"valueRequired\":true,\"valueName\":\"search_term_string\"}}],\"inLanguage\":\"lv-LV\"},{\"@type\":\"Organization\",\"@id\":\"https:\/\/miumjau.ee\/#organization\",\"name\":\"MiuMjau O\u00dc\",\"url\":\"https:\/\/miumjau.ee\/\",\"logo\":{\"@type\":\"ImageObject\",\"inLanguage\":\"lv-LV\",\"@id\":\"https:\/\/miumjau.ee\/#\/schema\/logo\/image\/\",\"url\":\"https:\/\/miumjau.ee\/wp-content\/uploads\/2022\/04\/MiuMjau-logo-kollane.png\",\"contentUrl\":\"https:\/\/miumjau.ee\/wp-content\/uploads\/2022\/04\/MiuMjau-logo-kollane.png\",\"width\":219,\"height\":100,\"caption\":\"MiuMjau O\u00dc\"},\"image\":{\"@id\":\"https:\/\/miumjau.ee\/#\/schema\/logo\/image\/\"},\"sameAs\":[\"https:\/\/www.facebook.com\/miumjaupood\/\"]}]}<\/script>\n<!-- \/ Yoast SEO plugin. -->","yoast_head_json":{"title":"Ka\u0137u rota\u013clieta Yeowww Banana ar ka\u0137um\u0113tru - MiuMjau","robots":{"index":"index","follow":"follow","max-snippet":"max-snippet:-1","max-image-preview":"max-image-preview:large","max-video-preview":"max-video-preview:-1"},"canonical":"https:\/\/miumjau.ee\/lv\/produkts\/kaku-rotallieta-yeowww-banana-ar-kakumetru\/","og_locale":"lv_LV","og_type":"article","og_title":"Ka\u0137u rota\u013clieta Yeowww Banana ar ka\u0137um\u0113tru - MiuMjau","og_description":"Rota\u013clieta Yeowww Banana ir pild\u012bta ar dab\u012bgu ka\u0137um\u0113tru, kas nodro\u0161ina ka\u0137iem jautru un stimul\u0113jo\u0161u rota\u013cu. T\u0101 ir dabiska un dro\u0161a rota\u013clieta. Ka\u0137iem \u013coti pat\u012bk to satvert ar vis\u0101m \u0137ep\u0101m, kost un traki sp\u0101rd\u012bt ar paka\u013ck\u0101j\u0101m \u2014 tas sag\u0101d\u0101 daudz prieka! Rota\u013clietas garums apm. 17,5 cm Pieejams uzreiz!","og_url":"https:\/\/miumjau.ee\/lv\/produkts\/kaku-rotallieta-yeowww-banana-ar-kakumetru\/","og_site_name":"MiuMjau","article_publisher":"https:\/\/www.facebook.com\/miumjaupood\/","og_image":[{"width":600,"height":800,"url":"https:\/\/miumjau.ee\/wp-content\/uploads\/2024\/07\/YEOWWW-banaan-1-tk-Photoroom.jpg","type":"image\/jpeg"}],"twitter_card":"summary_large_image","schema":{"@context":"https:\/\/schema.org","@graph":[{"@type":"WebPage","@id":"https:\/\/miumjau.ee\/lv\/produkts\/kaku-rotallieta-yeowww-banana-ar-kakumetru\/","url":"https:\/\/miumjau.ee\/lv\/produkts\/kaku-rotallieta-yeowww-banana-ar-kakumetru\/","name":"Ka\u0137u rota\u013clieta Yeowww Banana ar ka\u0137um\u0113tru - MiuMjau","isPartOf":{"@id":"https:\/\/miumjau.ee\/#website"},"primaryImageOfPage":{"@id":"https:\/\/miumjau.ee\/lv\/produkts\/kaku-rotallieta-yeowww-banana-ar-kakumetru\/#primaryimage"},"image":{"@id":"https:\/\/miumjau.ee\/lv\/produkts\/kaku-rotallieta-yeowww-banana-ar-kakumetru\/#primaryimage"},"thumbnailUrl":"https:\/\/miumjau.ee\/wp-content\/uploads\/2024\/07\/YEOWWW-banaan-1-tk-Photoroom.jpg","datePublished":"2024-08-01T13:32:25+00:00","breadcrumb":{"@id":"https:\/\/miumjau.ee\/lv\/produkts\/kaku-rotallieta-yeowww-banana-ar-kakumetru\/#breadcrumb"},"inLanguage":"lv-LV","potentialAction":[{"@type":"ReadAction","target":["https:\/\/miumjau.ee\/lv\/produkts\/kaku-rotallieta-yeowww-banana-ar-kakumetru\/"]}]},{"@type":"ImageObject","inLanguage":"lv-LV","@id":"https:\/\/miumjau.ee\/lv\/produkts\/kaku-rotallieta-yeowww-banana-ar-kakumetru\/#primaryimage","url":"https:\/\/miumjau.ee\/wp-content\/uploads\/2024\/07\/YEOWWW-banaan-1-tk-Photoroom.jpg","contentUrl":"https:\/\/miumjau.ee\/wp-content\/uploads\/2024\/07\/YEOWWW-banaan-1-tk-Photoroom.jpg","width":600,"height":800},{"@type":"BreadcrumbList","@id":"https:\/\/miumjau.ee\/lv\/produkts\/kaku-rotallieta-yeowww-banana-ar-kakumetru\/#breadcrumb","itemListElement":[{"@type":"ListItem","position":1,"name":"Home","item":"https:\/\/miumjau.ee\/lv\/"},{"@type":"ListItem","position":2,"name":"Veikals","item":"https:\/\/miumjau.ee\/lv\/veikals\/"},{"@type":"ListItem","position":3,"name":"Ka\u0137u rota\u013clieta Yeowww Banana ar ka\u0137um\u0113tru"}]},{"@type":"WebSite","@id":"https:\/\/miumjau.ee\/#website","url":"https:\/\/miumjau.ee\/","name":"MiuMjau","description":"Kraapimispuud kassidele","publisher":{"@id":"https:\/\/miumjau.ee\/#organization"},"potentialAction":[{"@type":"SearchAction","target":{"@type":"EntryPoint","urlTemplate":"https:\/\/miumjau.ee\/?s={search_term_string}"},"query-input":{"@type":"PropertyValueSpecification","valueRequired":true,"valueName":"search_term_string"}}],"inLanguage":"lv-LV"},{"@type":"Organization","@id":"https:\/\/miumjau.ee\/#organization","name":"MiuMjau O\u00dc","url":"https:\/\/miumjau.ee\/","logo":{"@type":"ImageObject","inLanguage":"lv-LV","@id":"https:\/\/miumjau.ee\/#\/schema\/logo\/image\/","url":"https:\/\/miumjau.ee\/wp-content\/uploads\/2022\/04\/MiuMjau-logo-kollane.png","contentUrl":"https:\/\/miumjau.ee\/wp-content\/uploads\/2022\/04\/MiuMjau-logo-kollane.png","width":219,"height":100,"caption":"MiuMjau O\u00dc"},"image":{"@id":"https:\/\/miumjau.ee\/#\/schema\/logo\/image\/"},"sameAs":["https:\/\/www.facebook.com\/miumjaupood\/"]}]}},"_links":{"self":[{"href":"https:\/\/miumjau.ee\/lv\/wp-json\/wp\/v2\/product\/52637","targetHints":{"allow":["GET"]}}],"collection":[{"href":"https:\/\/miumjau.ee\/lv\/wp-json\/wp\/v2\/product"}],"about":[{"href":"https:\/\/miumjau.ee\/lv\/wp-json\/wp\/v2\/types\/product"}],"wp:featuredmedia":[{"embeddable":true,"href":"https:\/\/miumjau.ee\/lv\/wp-json\/wp\/v2\/media\/52638"}],"wp:attachment":[{"href":"https:\/\/miumjau.ee\/lv\/wp-json\/wp\/v2\/media?parent=52637"}],"wp:term":[{"taxonomy":"product_brand","embeddable":true,"href":"https:\/\/miumjau.ee\/lv\/wp-json\/wp\/v2\/product_brand?post=52637"},{"taxonomy":"product_cat","embeddable":true,"href":"https:\/\/miumjau.ee\/lv\/wp-json\/wp\/v2\/product_cat?post=52637"},{"taxonomy":"product_tag","embeddable":true,"href":"https:\/\/miumjau.ee\/lv\/wp-json\/wp\/v2\/product_tag?post=52637"}],"curies":[{"name":"wp","href":"https:\/\/api.w.org\/{rel}","templated":true}]}}