{"id":52633,"date":"2024-08-01T16:29:13","date_gmt":"2024-08-01T13:29:13","guid":{"rendered":"https:\/\/miumjau.ee\/toode\/rotallieta-vee-toys-purrfect-bouncer\/"},"modified":"2024-08-01T16:29:13","modified_gmt":"2024-08-01T13:29:13","slug":"rotallieta-vee-toys-purrfect-bouncer","status":"publish","type":"product","link":"https:\/\/miumjau.ee\/lv\/produkts\/rotallieta-vee-toys-purrfect-bouncer\/","title":{"rendered":"Rota\u013clieta Vee-Toys Purrfect Bouncer"},"content":{"rendered":"","protected":false},"excerpt":{"rendered":"<p data-start=\"44\" data-end=\"144\">Vai mekl\u0113jat kaut ko \u012bpa\u0161i greznu un kvalitat\u012bvu? ASV rota\u013clietu z\u012bmols Vee-Toys pied\u0101v\u0101 tie\u0161i to!<\/p>\n<p data-start=\"146\" data-end=\"388\">Caursp\u012bd\u012bgs k\u0101ts<br data-start=\"162\" data-end=\"165\" \/>\u0100das lente<br data-start=\"175\" data-end=\"178\" \/>Dab\u012bgu vistas un gailu spalvu mais\u012bjums<br data-start=\"217\" data-end=\"220\" \/>Visas spalvas ir dab\u012bgas un dab\u012bgi apstr\u0101d\u0101tas<br data-start=\"266\" data-end=\"269\" \/>Rota\u013clietas uzgalis simul\u0113 \u012bstas upura smar\u017eu un saj\u016btu<br data-start=\"324\" data-end=\"327\" \/>Bez met\u0101la deta\u013c\u0101m!<br data-start=\"346\" data-end=\"349\" \/>Lutiniet savu m\u012bluli tikai ar lab\u0101ko!<\/p>\n<p data-start=\"390\" data-end=\"406\" data-is-last-node=\"\" data-is-only-node=\"\">Pieejams uzreiz!<\/p>\n","protected":false},"featured_media":52634,"template":"","meta":[],"product_brand":[],"product_cat":[590],"product_tag":[],"class_list":{"0":"post-52633","1":"product","2":"type-product","3":"status-publish","4":"has-post-thumbnail","6":"product_cat-kaku-rotallietas","8":"first","9":"outofstock","10":"taxable","11":"shipping-taxable","12":"purchasable","13":"product-type-simple"},"yoast_head":"<!-- This site is optimized with the Yoast SEO plugin v27.2 - https:\/\/yoast.com\/product\/yoast-seo-wordpress\/ -->\n<title>Rota\u013clieta Vee-Toys Purrfect Bouncer - MiuMjau<\/title>\n<meta name=\"robots\" content=\"index, follow, max-snippet:-1, max-image-preview:large, max-video-preview:-1\" \/>\n<link rel=\"canonical\" href=\"https:\/\/miumjau.ee\/lv\/produkts\/rotallieta-vee-toys-purrfect-bouncer\/\" \/>\n<meta property=\"og:locale\" content=\"lv_LV\" \/>\n<meta property=\"og:type\" content=\"article\" \/>\n<meta property=\"og:title\" content=\"Rota\u013clieta Vee-Toys Purrfect Bouncer - MiuMjau\" \/>\n<meta property=\"og:description\" content=\"Vai mekl\u0113jat kaut ko \u012bpa\u0161i greznu un kvalitat\u012bvu? ASV rota\u013clietu z\u012bmols Vee-Toys pied\u0101v\u0101 tie\u0161i to! Caursp\u012bd\u012bgs k\u0101ts\u0100das lenteDab\u012bgu vistas un gailu spalvu mais\u012bjumsVisas spalvas ir dab\u012bgas un dab\u012bgi apstr\u0101d\u0101tasRota\u013clietas uzgalis simul\u0113 \u012bstas upura smar\u017eu un saj\u016btuBez met\u0101la deta\u013c\u0101m!Lutiniet savu m\u012bluli tikai ar lab\u0101ko! Pieejams uzreiz!\" \/>\n<meta property=\"og:url\" content=\"https:\/\/miumjau.ee\/lv\/produkts\/rotallieta-vee-toys-purrfect-bouncer\/\" \/>\n<meta property=\"og:site_name\" content=\"MiuMjau\" \/>\n<meta property=\"article:publisher\" content=\"https:\/\/www.facebook.com\/miumjaupood\/\" \/>\n<meta property=\"og:image\" content=\"https:\/\/miumjau.ee\/wp-content\/uploads\/2024\/07\/vee-toys-purrfect-bouncer-Photoroom.jpg\" \/>\n\t<meta property=\"og:image:width\" content=\"600\" \/>\n\t<meta property=\"og:image:height\" content=\"800\" \/>\n\t<meta property=\"og:image:type\" content=\"image\/jpeg\" \/>\n<meta name=\"twitter:card\" content=\"summary_large_image\" \/>\n<script type=\"application\/ld+json\" class=\"yoast-schema-graph\">{\"@context\":\"https:\/\/schema.org\",\"@graph\":[{\"@type\":\"WebPage\",\"@id\":\"https:\/\/miumjau.ee\/lv\/produkts\/rotallieta-vee-toys-purrfect-bouncer\/\",\"url\":\"https:\/\/miumjau.ee\/lv\/produkts\/rotallieta-vee-toys-purrfect-bouncer\/\",\"name\":\"Rota\u013clieta Vee-Toys Purrfect Bouncer - MiuMjau\",\"isPartOf\":{\"@id\":\"https:\/\/miumjau.ee\/#website\"},\"primaryImageOfPage\":{\"@id\":\"https:\/\/miumjau.ee\/lv\/produkts\/rotallieta-vee-toys-purrfect-bouncer\/#primaryimage\"},\"image\":{\"@id\":\"https:\/\/miumjau.ee\/lv\/produkts\/rotallieta-vee-toys-purrfect-bouncer\/#primaryimage\"},\"thumbnailUrl\":\"https:\/\/miumjau.ee\/wp-content\/uploads\/2024\/07\/vee-toys-purrfect-bouncer-Photoroom.jpg\",\"datePublished\":\"2024-08-01T13:29:13+00:00\",\"breadcrumb\":{\"@id\":\"https:\/\/miumjau.ee\/lv\/produkts\/rotallieta-vee-toys-purrfect-bouncer\/#breadcrumb\"},\"inLanguage\":\"lv-LV\",\"potentialAction\":[{\"@type\":\"ReadAction\",\"target\":[\"https:\/\/miumjau.ee\/lv\/produkts\/rotallieta-vee-toys-purrfect-bouncer\/\"]}]},{\"@type\":\"ImageObject\",\"inLanguage\":\"lv-LV\",\"@id\":\"https:\/\/miumjau.ee\/lv\/produkts\/rotallieta-vee-toys-purrfect-bouncer\/#primaryimage\",\"url\":\"https:\/\/miumjau.ee\/wp-content\/uploads\/2024\/07\/vee-toys-purrfect-bouncer-Photoroom.jpg\",\"contentUrl\":\"https:\/\/miumjau.ee\/wp-content\/uploads\/2024\/07\/vee-toys-purrfect-bouncer-Photoroom.jpg\",\"width\":600,\"height\":800},{\"@type\":\"BreadcrumbList\",\"@id\":\"https:\/\/miumjau.ee\/lv\/produkts\/rotallieta-vee-toys-purrfect-bouncer\/#breadcrumb\",\"itemListElement\":[{\"@type\":\"ListItem\",\"position\":1,\"name\":\"Home\",\"item\":\"https:\/\/miumjau.ee\/lv\/\"},{\"@type\":\"ListItem\",\"position\":2,\"name\":\"Veikals\",\"item\":\"https:\/\/miumjau.ee\/lv\/veikals\/\"},{\"@type\":\"ListItem\",\"position\":3,\"name\":\"Rota\u013clieta Vee-Toys Purrfect Bouncer\"}]},{\"@type\":\"WebSite\",\"@id\":\"https:\/\/miumjau.ee\/#website\",\"url\":\"https:\/\/miumjau.ee\/\",\"name\":\"MiuMjau\",\"description\":\"Kraapimispuud kassidele\",\"publisher\":{\"@id\":\"https:\/\/miumjau.ee\/#organization\"},\"potentialAction\":[{\"@type\":\"SearchAction\",\"target\":{\"@type\":\"EntryPoint\",\"urlTemplate\":\"https:\/\/miumjau.ee\/?s={search_term_string}\"},\"query-input\":{\"@type\":\"PropertyValueSpecification\",\"valueRequired\":true,\"valueName\":\"search_term_string\"}}],\"inLanguage\":\"lv-LV\"},{\"@type\":\"Organization\",\"@id\":\"https:\/\/miumjau.ee\/#organization\",\"name\":\"MiuMjau O\u00dc\",\"url\":\"https:\/\/miumjau.ee\/\",\"logo\":{\"@type\":\"ImageObject\",\"inLanguage\":\"lv-LV\",\"@id\":\"https:\/\/miumjau.ee\/#\/schema\/logo\/image\/\",\"url\":\"https:\/\/miumjau.ee\/wp-content\/uploads\/2022\/04\/MiuMjau-logo-kollane.png\",\"contentUrl\":\"https:\/\/miumjau.ee\/wp-content\/uploads\/2022\/04\/MiuMjau-logo-kollane.png\",\"width\":219,\"height\":100,\"caption\":\"MiuMjau O\u00dc\"},\"image\":{\"@id\":\"https:\/\/miumjau.ee\/#\/schema\/logo\/image\/\"},\"sameAs\":[\"https:\/\/www.facebook.com\/miumjaupood\/\"]}]}<\/script>\n<!-- \/ Yoast SEO plugin. -->","yoast_head_json":{"title":"Rota\u013clieta Vee-Toys Purrfect Bouncer - MiuMjau","robots":{"index":"index","follow":"follow","max-snippet":"max-snippet:-1","max-image-preview":"max-image-preview:large","max-video-preview":"max-video-preview:-1"},"canonical":"https:\/\/miumjau.ee\/lv\/produkts\/rotallieta-vee-toys-purrfect-bouncer\/","og_locale":"lv_LV","og_type":"article","og_title":"Rota\u013clieta Vee-Toys Purrfect Bouncer - MiuMjau","og_description":"Vai mekl\u0113jat kaut ko \u012bpa\u0161i greznu un kvalitat\u012bvu? ASV rota\u013clietu z\u012bmols Vee-Toys pied\u0101v\u0101 tie\u0161i to! Caursp\u012bd\u012bgs k\u0101ts\u0100das lenteDab\u012bgu vistas un gailu spalvu mais\u012bjumsVisas spalvas ir dab\u012bgas un dab\u012bgi apstr\u0101d\u0101tasRota\u013clietas uzgalis simul\u0113 \u012bstas upura smar\u017eu un saj\u016btuBez met\u0101la deta\u013c\u0101m!Lutiniet savu m\u012bluli tikai ar lab\u0101ko! Pieejams uzreiz!","og_url":"https:\/\/miumjau.ee\/lv\/produkts\/rotallieta-vee-toys-purrfect-bouncer\/","og_site_name":"MiuMjau","article_publisher":"https:\/\/www.facebook.com\/miumjaupood\/","og_image":[{"width":600,"height":800,"url":"https:\/\/miumjau.ee\/wp-content\/uploads\/2024\/07\/vee-toys-purrfect-bouncer-Photoroom.jpg","type":"image\/jpeg"}],"twitter_card":"summary_large_image","schema":{"@context":"https:\/\/schema.org","@graph":[{"@type":"WebPage","@id":"https:\/\/miumjau.ee\/lv\/produkts\/rotallieta-vee-toys-purrfect-bouncer\/","url":"https:\/\/miumjau.ee\/lv\/produkts\/rotallieta-vee-toys-purrfect-bouncer\/","name":"Rota\u013clieta Vee-Toys Purrfect Bouncer - MiuMjau","isPartOf":{"@id":"https:\/\/miumjau.ee\/#website"},"primaryImageOfPage":{"@id":"https:\/\/miumjau.ee\/lv\/produkts\/rotallieta-vee-toys-purrfect-bouncer\/#primaryimage"},"image":{"@id":"https:\/\/miumjau.ee\/lv\/produkts\/rotallieta-vee-toys-purrfect-bouncer\/#primaryimage"},"thumbnailUrl":"https:\/\/miumjau.ee\/wp-content\/uploads\/2024\/07\/vee-toys-purrfect-bouncer-Photoroom.jpg","datePublished":"2024-08-01T13:29:13+00:00","breadcrumb":{"@id":"https:\/\/miumjau.ee\/lv\/produkts\/rotallieta-vee-toys-purrfect-bouncer\/#breadcrumb"},"inLanguage":"lv-LV","potentialAction":[{"@type":"ReadAction","target":["https:\/\/miumjau.ee\/lv\/produkts\/rotallieta-vee-toys-purrfect-bouncer\/"]}]},{"@type":"ImageObject","inLanguage":"lv-LV","@id":"https:\/\/miumjau.ee\/lv\/produkts\/rotallieta-vee-toys-purrfect-bouncer\/#primaryimage","url":"https:\/\/miumjau.ee\/wp-content\/uploads\/2024\/07\/vee-toys-purrfect-bouncer-Photoroom.jpg","contentUrl":"https:\/\/miumjau.ee\/wp-content\/uploads\/2024\/07\/vee-toys-purrfect-bouncer-Photoroom.jpg","width":600,"height":800},{"@type":"BreadcrumbList","@id":"https:\/\/miumjau.ee\/lv\/produkts\/rotallieta-vee-toys-purrfect-bouncer\/#breadcrumb","itemListElement":[{"@type":"ListItem","position":1,"name":"Home","item":"https:\/\/miumjau.ee\/lv\/"},{"@type":"ListItem","position":2,"name":"Veikals","item":"https:\/\/miumjau.ee\/lv\/veikals\/"},{"@type":"ListItem","position":3,"name":"Rota\u013clieta Vee-Toys Purrfect Bouncer"}]},{"@type":"WebSite","@id":"https:\/\/miumjau.ee\/#website","url":"https:\/\/miumjau.ee\/","name":"MiuMjau","description":"Kraapimispuud kassidele","publisher":{"@id":"https:\/\/miumjau.ee\/#organization"},"potentialAction":[{"@type":"SearchAction","target":{"@type":"EntryPoint","urlTemplate":"https:\/\/miumjau.ee\/?s={search_term_string}"},"query-input":{"@type":"PropertyValueSpecification","valueRequired":true,"valueName":"search_term_string"}}],"inLanguage":"lv-LV"},{"@type":"Organization","@id":"https:\/\/miumjau.ee\/#organization","name":"MiuMjau O\u00dc","url":"https:\/\/miumjau.ee\/","logo":{"@type":"ImageObject","inLanguage":"lv-LV","@id":"https:\/\/miumjau.ee\/#\/schema\/logo\/image\/","url":"https:\/\/miumjau.ee\/wp-content\/uploads\/2022\/04\/MiuMjau-logo-kollane.png","contentUrl":"https:\/\/miumjau.ee\/wp-content\/uploads\/2022\/04\/MiuMjau-logo-kollane.png","width":219,"height":100,"caption":"MiuMjau O\u00dc"},"image":{"@id":"https:\/\/miumjau.ee\/#\/schema\/logo\/image\/"},"sameAs":["https:\/\/www.facebook.com\/miumjaupood\/"]}]}},"_links":{"self":[{"href":"https:\/\/miumjau.ee\/lv\/wp-json\/wp\/v2\/product\/52633","targetHints":{"allow":["GET"]}}],"collection":[{"href":"https:\/\/miumjau.ee\/lv\/wp-json\/wp\/v2\/product"}],"about":[{"href":"https:\/\/miumjau.ee\/lv\/wp-json\/wp\/v2\/types\/product"}],"wp:featuredmedia":[{"embeddable":true,"href":"https:\/\/miumjau.ee\/lv\/wp-json\/wp\/v2\/media\/52634"}],"wp:attachment":[{"href":"https:\/\/miumjau.ee\/lv\/wp-json\/wp\/v2\/media?parent=52633"}],"wp:term":[{"taxonomy":"product_brand","embeddable":true,"href":"https:\/\/miumjau.ee\/lv\/wp-json\/wp\/v2\/product_brand?post=52633"},{"taxonomy":"product_cat","embeddable":true,"href":"https:\/\/miumjau.ee\/lv\/wp-json\/wp\/v2\/product_cat?post=52633"},{"taxonomy":"product_tag","embeddable":true,"href":"https:\/\/miumjau.ee\/lv\/wp-json\/wp\/v2\/product_tag?post=52633"}],"curies":[{"name":"wp","href":"https:\/\/api.w.org\/{rel}","templated":true}]}}