{"id":52624,"date":"2024-08-01T12:51:06","date_gmt":"2024-08-01T09:51:06","guid":{"rendered":"https:\/\/miumjau.ee\/toode\/kaku-rotallieta-yeowww-stinkie-ar-kakumetru\/"},"modified":"2024-08-01T12:51:06","modified_gmt":"2024-08-01T09:51:06","slug":"kaku-rotallieta-yeowww-stinkie-ar-kakumetru","status":"publish","type":"product","link":"https:\/\/miumjau.ee\/lv\/produkts\/kaku-rotallieta-yeowww-stinkie-ar-kakumetru\/","title":{"rendered":"Ka\u0137u rota\u013clieta Yeowww Stinkie ar ka\u0137um\u0113tru"},"content":{"rendered":"","protected":false},"excerpt":{"rendered":"<p data-start=\"49\" data-end=\"90\">Vai j\u016bsu ka\u0137is ir \u012bsts ka\u0137um\u0113tras fans?<\/p>\n<p data-start=\"92\" data-end=\"420\">Yeowww rota\u013clieta ir pild\u012bta ar 100% dab\u012bgu ka\u0137um\u0113tru (catnip). Arom\u0101ts ilgsto\u0161i saglab\u0101jas! T\u0101 nodro\u0161ina ka\u0137iem jautru un stimul\u0113jo\u0161u rota\u013cu. Papildus ka\u0137um\u0113tras sniegtajai prieka devai sp\u0101rnos ir ar\u012b krauk\u0161\u0137\u012bgs materi\u0101ls, kas daudziem ka\u0137iem izraisa \u012bstu saj\u016bsmu. Dabiska un dro\u0161a rota\u013clieta. J\u016bsu ka\u0137is to noteikti iem\u012bl\u0113s!<\/p>\n<p data-start=\"422\" data-end=\"536\">PS: Rota\u013clietas ar ka\u0137um\u0113tru ir neaizvietojamas prieka avots ka\u0137iem, kuriem ir redzes trauc\u0113jumi vai pat aklums.<\/p>\n<p data-start=\"538\" data-end=\"605\">Rota\u013clietas garums apm. 7,5 cm<br data-start=\"568\" data-end=\"571\" \/>Daudzums: 1 gab. (kr\u0101sa nejau\u0161a)<\/p>\n<p data-start=\"607\" data-end=\"623\" data-is-last-node=\"\" data-is-only-node=\"\">Pieejams uzreiz!<\/p>\n","protected":false},"featured_media":52625,"template":"","meta":[],"product_brand":[],"product_cat":[590],"product_tag":[],"class_list":{"0":"post-52624","1":"product","2":"type-product","3":"status-publish","4":"has-post-thumbnail","6":"product_cat-kaku-rotallietas","8":"first","9":"instock","10":"sale","11":"taxable","12":"shipping-taxable","13":"purchasable","14":"product-type-simple"},"yoast_head":"<!-- This site is optimized with the Yoast SEO plugin v27.2 - https:\/\/yoast.com\/product\/yoast-seo-wordpress\/ -->\n<title>Ka\u0137u rota\u013clieta Yeowww Stinkie ar ka\u0137um\u0113tru - MiuMjau<\/title>\n<meta name=\"robots\" content=\"index, follow, max-snippet:-1, max-image-preview:large, max-video-preview:-1\" \/>\n<link rel=\"canonical\" href=\"https:\/\/miumjau.ee\/lv\/produkts\/kaku-rotallieta-yeowww-stinkie-ar-kakumetru\/\" \/>\n<meta property=\"og:locale\" content=\"lv_LV\" \/>\n<meta property=\"og:type\" content=\"article\" \/>\n<meta property=\"og:title\" content=\"Ka\u0137u rota\u013clieta Yeowww Stinkie ar ka\u0137um\u0113tru - MiuMjau\" \/>\n<meta property=\"og:description\" content=\"Vai j\u016bsu ka\u0137is ir \u012bsts ka\u0137um\u0113tras fans? Yeowww rota\u013clieta ir pild\u012bta ar 100% dab\u012bgu ka\u0137um\u0113tru (catnip). Arom\u0101ts ilgsto\u0161i saglab\u0101jas! T\u0101 nodro\u0161ina ka\u0137iem jautru un stimul\u0113jo\u0161u rota\u013cu. Papildus ka\u0137um\u0113tras sniegtajai prieka devai sp\u0101rnos ir ar\u012b krauk\u0161\u0137\u012bgs materi\u0101ls, kas daudziem ka\u0137iem izraisa \u012bstu saj\u016bsmu. Dabiska un dro\u0161a rota\u013clieta. J\u016bsu ka\u0137is to noteikti iem\u012bl\u0113s! PS: Rota\u013clietas ar ka\u0137um\u0113tru ir neaizvietojamas prieka avots ka\u0137iem, kuriem ir redzes trauc\u0113jumi vai pat aklums. Rota\u013clietas garums apm. 7,5 cmDaudzums: 1 gab. (kr\u0101sa nejau\u0161a) Pieejams uzreiz!\" \/>\n<meta property=\"og:url\" content=\"https:\/\/miumjau.ee\/lv\/produkts\/kaku-rotallieta-yeowww-stinkie-ar-kakumetru\/\" \/>\n<meta property=\"og:site_name\" content=\"MiuMjau\" \/>\n<meta property=\"article:publisher\" content=\"https:\/\/www.facebook.com\/miumjaupood\/\" \/>\n<meta property=\"og:image\" content=\"https:\/\/miumjau.ee\/wp-content\/uploads\/2024\/07\/StinkiesTrio_1_1000px__31609-Photoroom.jpg\" \/>\n\t<meta property=\"og:image:width\" content=\"600\" \/>\n\t<meta property=\"og:image:height\" content=\"800\" \/>\n\t<meta property=\"og:image:type\" content=\"image\/jpeg\" \/>\n<meta name=\"twitter:card\" content=\"summary_large_image\" \/>\n<script type=\"application\/ld+json\" class=\"yoast-schema-graph\">{\"@context\":\"https:\/\/schema.org\",\"@graph\":[{\"@type\":\"WebPage\",\"@id\":\"https:\/\/miumjau.ee\/lv\/produkts\/kaku-rotallieta-yeowww-stinkie-ar-kakumetru\/\",\"url\":\"https:\/\/miumjau.ee\/lv\/produkts\/kaku-rotallieta-yeowww-stinkie-ar-kakumetru\/\",\"name\":\"Ka\u0137u rota\u013clieta Yeowww Stinkie ar ka\u0137um\u0113tru - MiuMjau\",\"isPartOf\":{\"@id\":\"https:\/\/miumjau.ee\/#website\"},\"primaryImageOfPage\":{\"@id\":\"https:\/\/miumjau.ee\/lv\/produkts\/kaku-rotallieta-yeowww-stinkie-ar-kakumetru\/#primaryimage\"},\"image\":{\"@id\":\"https:\/\/miumjau.ee\/lv\/produkts\/kaku-rotallieta-yeowww-stinkie-ar-kakumetru\/#primaryimage\"},\"thumbnailUrl\":\"https:\/\/miumjau.ee\/wp-content\/uploads\/2024\/07\/StinkiesTrio_1_1000px__31609-Photoroom.jpg\",\"datePublished\":\"2024-08-01T09:51:06+00:00\",\"breadcrumb\":{\"@id\":\"https:\/\/miumjau.ee\/lv\/produkts\/kaku-rotallieta-yeowww-stinkie-ar-kakumetru\/#breadcrumb\"},\"inLanguage\":\"lv-LV\",\"potentialAction\":[{\"@type\":\"ReadAction\",\"target\":[\"https:\/\/miumjau.ee\/lv\/produkts\/kaku-rotallieta-yeowww-stinkie-ar-kakumetru\/\"]}]},{\"@type\":\"ImageObject\",\"inLanguage\":\"lv-LV\",\"@id\":\"https:\/\/miumjau.ee\/lv\/produkts\/kaku-rotallieta-yeowww-stinkie-ar-kakumetru\/#primaryimage\",\"url\":\"https:\/\/miumjau.ee\/wp-content\/uploads\/2024\/07\/StinkiesTrio_1_1000px__31609-Photoroom.jpg\",\"contentUrl\":\"https:\/\/miumjau.ee\/wp-content\/uploads\/2024\/07\/StinkiesTrio_1_1000px__31609-Photoroom.jpg\",\"width\":600,\"height\":800},{\"@type\":\"BreadcrumbList\",\"@id\":\"https:\/\/miumjau.ee\/lv\/produkts\/kaku-rotallieta-yeowww-stinkie-ar-kakumetru\/#breadcrumb\",\"itemListElement\":[{\"@type\":\"ListItem\",\"position\":1,\"name\":\"Home\",\"item\":\"https:\/\/miumjau.ee\/lv\/\"},{\"@type\":\"ListItem\",\"position\":2,\"name\":\"Veikals\",\"item\":\"https:\/\/miumjau.ee\/lv\/veikals\/\"},{\"@type\":\"ListItem\",\"position\":3,\"name\":\"Ka\u0137u rota\u013clieta Yeowww Stinkie ar ka\u0137um\u0113tru\"}]},{\"@type\":\"WebSite\",\"@id\":\"https:\/\/miumjau.ee\/#website\",\"url\":\"https:\/\/miumjau.ee\/\",\"name\":\"MiuMjau\",\"description\":\"Kraapimispuud kassidele\",\"publisher\":{\"@id\":\"https:\/\/miumjau.ee\/#organization\"},\"potentialAction\":[{\"@type\":\"SearchAction\",\"target\":{\"@type\":\"EntryPoint\",\"urlTemplate\":\"https:\/\/miumjau.ee\/?s={search_term_string}\"},\"query-input\":{\"@type\":\"PropertyValueSpecification\",\"valueRequired\":true,\"valueName\":\"search_term_string\"}}],\"inLanguage\":\"lv-LV\"},{\"@type\":\"Organization\",\"@id\":\"https:\/\/miumjau.ee\/#organization\",\"name\":\"MiuMjau O\u00dc\",\"url\":\"https:\/\/miumjau.ee\/\",\"logo\":{\"@type\":\"ImageObject\",\"inLanguage\":\"lv-LV\",\"@id\":\"https:\/\/miumjau.ee\/#\/schema\/logo\/image\/\",\"url\":\"https:\/\/miumjau.ee\/wp-content\/uploads\/2022\/04\/MiuMjau-logo-kollane.png\",\"contentUrl\":\"https:\/\/miumjau.ee\/wp-content\/uploads\/2022\/04\/MiuMjau-logo-kollane.png\",\"width\":219,\"height\":100,\"caption\":\"MiuMjau O\u00dc\"},\"image\":{\"@id\":\"https:\/\/miumjau.ee\/#\/schema\/logo\/image\/\"},\"sameAs\":[\"https:\/\/www.facebook.com\/miumjaupood\/\"]}]}<\/script>\n<!-- \/ Yoast SEO plugin. -->","yoast_head_json":{"title":"Ka\u0137u rota\u013clieta Yeowww Stinkie ar ka\u0137um\u0113tru - MiuMjau","robots":{"index":"index","follow":"follow","max-snippet":"max-snippet:-1","max-image-preview":"max-image-preview:large","max-video-preview":"max-video-preview:-1"},"canonical":"https:\/\/miumjau.ee\/lv\/produkts\/kaku-rotallieta-yeowww-stinkie-ar-kakumetru\/","og_locale":"lv_LV","og_type":"article","og_title":"Ka\u0137u rota\u013clieta Yeowww Stinkie ar ka\u0137um\u0113tru - MiuMjau","og_description":"Vai j\u016bsu ka\u0137is ir \u012bsts ka\u0137um\u0113tras fans? Yeowww rota\u013clieta ir pild\u012bta ar 100% dab\u012bgu ka\u0137um\u0113tru (catnip). Arom\u0101ts ilgsto\u0161i saglab\u0101jas! T\u0101 nodro\u0161ina ka\u0137iem jautru un stimul\u0113jo\u0161u rota\u013cu. Papildus ka\u0137um\u0113tras sniegtajai prieka devai sp\u0101rnos ir ar\u012b krauk\u0161\u0137\u012bgs materi\u0101ls, kas daudziem ka\u0137iem izraisa \u012bstu saj\u016bsmu. Dabiska un dro\u0161a rota\u013clieta. J\u016bsu ka\u0137is to noteikti iem\u012bl\u0113s! PS: Rota\u013clietas ar ka\u0137um\u0113tru ir neaizvietojamas prieka avots ka\u0137iem, kuriem ir redzes trauc\u0113jumi vai pat aklums. Rota\u013clietas garums apm. 7,5 cmDaudzums: 1 gab. (kr\u0101sa nejau\u0161a) Pieejams uzreiz!","og_url":"https:\/\/miumjau.ee\/lv\/produkts\/kaku-rotallieta-yeowww-stinkie-ar-kakumetru\/","og_site_name":"MiuMjau","article_publisher":"https:\/\/www.facebook.com\/miumjaupood\/","og_image":[{"width":600,"height":800,"url":"https:\/\/miumjau.ee\/wp-content\/uploads\/2024\/07\/StinkiesTrio_1_1000px__31609-Photoroom.jpg","type":"image\/jpeg"}],"twitter_card":"summary_large_image","schema":{"@context":"https:\/\/schema.org","@graph":[{"@type":"WebPage","@id":"https:\/\/miumjau.ee\/lv\/produkts\/kaku-rotallieta-yeowww-stinkie-ar-kakumetru\/","url":"https:\/\/miumjau.ee\/lv\/produkts\/kaku-rotallieta-yeowww-stinkie-ar-kakumetru\/","name":"Ka\u0137u rota\u013clieta Yeowww Stinkie ar ka\u0137um\u0113tru - MiuMjau","isPartOf":{"@id":"https:\/\/miumjau.ee\/#website"},"primaryImageOfPage":{"@id":"https:\/\/miumjau.ee\/lv\/produkts\/kaku-rotallieta-yeowww-stinkie-ar-kakumetru\/#primaryimage"},"image":{"@id":"https:\/\/miumjau.ee\/lv\/produkts\/kaku-rotallieta-yeowww-stinkie-ar-kakumetru\/#primaryimage"},"thumbnailUrl":"https:\/\/miumjau.ee\/wp-content\/uploads\/2024\/07\/StinkiesTrio_1_1000px__31609-Photoroom.jpg","datePublished":"2024-08-01T09:51:06+00:00","breadcrumb":{"@id":"https:\/\/miumjau.ee\/lv\/produkts\/kaku-rotallieta-yeowww-stinkie-ar-kakumetru\/#breadcrumb"},"inLanguage":"lv-LV","potentialAction":[{"@type":"ReadAction","target":["https:\/\/miumjau.ee\/lv\/produkts\/kaku-rotallieta-yeowww-stinkie-ar-kakumetru\/"]}]},{"@type":"ImageObject","inLanguage":"lv-LV","@id":"https:\/\/miumjau.ee\/lv\/produkts\/kaku-rotallieta-yeowww-stinkie-ar-kakumetru\/#primaryimage","url":"https:\/\/miumjau.ee\/wp-content\/uploads\/2024\/07\/StinkiesTrio_1_1000px__31609-Photoroom.jpg","contentUrl":"https:\/\/miumjau.ee\/wp-content\/uploads\/2024\/07\/StinkiesTrio_1_1000px__31609-Photoroom.jpg","width":600,"height":800},{"@type":"BreadcrumbList","@id":"https:\/\/miumjau.ee\/lv\/produkts\/kaku-rotallieta-yeowww-stinkie-ar-kakumetru\/#breadcrumb","itemListElement":[{"@type":"ListItem","position":1,"name":"Home","item":"https:\/\/miumjau.ee\/lv\/"},{"@type":"ListItem","position":2,"name":"Veikals","item":"https:\/\/miumjau.ee\/lv\/veikals\/"},{"@type":"ListItem","position":3,"name":"Ka\u0137u rota\u013clieta Yeowww Stinkie ar ka\u0137um\u0113tru"}]},{"@type":"WebSite","@id":"https:\/\/miumjau.ee\/#website","url":"https:\/\/miumjau.ee\/","name":"MiuMjau","description":"Kraapimispuud kassidele","publisher":{"@id":"https:\/\/miumjau.ee\/#organization"},"potentialAction":[{"@type":"SearchAction","target":{"@type":"EntryPoint","urlTemplate":"https:\/\/miumjau.ee\/?s={search_term_string}"},"query-input":{"@type":"PropertyValueSpecification","valueRequired":true,"valueName":"search_term_string"}}],"inLanguage":"lv-LV"},{"@type":"Organization","@id":"https:\/\/miumjau.ee\/#organization","name":"MiuMjau O\u00dc","url":"https:\/\/miumjau.ee\/","logo":{"@type":"ImageObject","inLanguage":"lv-LV","@id":"https:\/\/miumjau.ee\/#\/schema\/logo\/image\/","url":"https:\/\/miumjau.ee\/wp-content\/uploads\/2022\/04\/MiuMjau-logo-kollane.png","contentUrl":"https:\/\/miumjau.ee\/wp-content\/uploads\/2022\/04\/MiuMjau-logo-kollane.png","width":219,"height":100,"caption":"MiuMjau O\u00dc"},"image":{"@id":"https:\/\/miumjau.ee\/#\/schema\/logo\/image\/"},"sameAs":["https:\/\/www.facebook.com\/miumjaupood\/"]}]}},"_links":{"self":[{"href":"https:\/\/miumjau.ee\/lv\/wp-json\/wp\/v2\/product\/52624","targetHints":{"allow":["GET"]}}],"collection":[{"href":"https:\/\/miumjau.ee\/lv\/wp-json\/wp\/v2\/product"}],"about":[{"href":"https:\/\/miumjau.ee\/lv\/wp-json\/wp\/v2\/types\/product"}],"wp:featuredmedia":[{"embeddable":true,"href":"https:\/\/miumjau.ee\/lv\/wp-json\/wp\/v2\/media\/52625"}],"wp:attachment":[{"href":"https:\/\/miumjau.ee\/lv\/wp-json\/wp\/v2\/media?parent=52624"}],"wp:term":[{"taxonomy":"product_brand","embeddable":true,"href":"https:\/\/miumjau.ee\/lv\/wp-json\/wp\/v2\/product_brand?post=52624"},{"taxonomy":"product_cat","embeddable":true,"href":"https:\/\/miumjau.ee\/lv\/wp-json\/wp\/v2\/product_cat?post=52624"},{"taxonomy":"product_tag","embeddable":true,"href":"https:\/\/miumjau.ee\/lv\/wp-json\/wp\/v2\/product_tag?post=52624"}],"curies":[{"name":"wp","href":"https:\/\/api.w.org\/{rel}","templated":true}]}}