{"id":52603,"date":"2024-04-11T16:16:47","date_gmt":"2024-04-11T13:16:47","guid":{"rendered":"https:\/\/miumjau.ee\/toode\/kaku-rotallieta-funky-rebels-3-gab-cappuccino\/"},"modified":"2024-04-11T16:16:47","modified_gmt":"2024-04-11T13:16:47","slug":"kaku-rotallieta-funky-rebels-3-gab-cappuccino","status":"publish","type":"product","link":"https:\/\/miumjau.ee\/lv\/produkts\/kaku-rotallieta-funky-rebels-3-gab-cappuccino\/","title":{"rendered":"Ka\u0137u rota\u013clieta Funky Rebels \u2013 3 gab., cappuccino"},"content":{"rendered":"","protected":false},"excerpt":{"rendered":"<p data-start=\"55\" data-end=\"469\">Ka\u0137u rota\u013clieta Funky Rebels ir piestiprin\u0101ma ar aukli\u0146u, t\u0101p\u0113c to var izmantot k\u0101 aizvietot\u0101jrota\u013clietu Petrebels skr\u0101p\u0113\u0161anas kokos, ja iepriek\u0161\u0113j\u0101 rota\u013clieta ir sal\u016bzusi. T\u0101pat to var izmantot ar\u012b citu z\u012bmolu skr\u0101p\u0113\u0161anas kokos, ja tiem ir atbilsto\u0161a stiprin\u0101juma vieta. M\u0113s visi zin\u0101m, ka pie skr\u0101p\u0113\u0161anas kokiem piestiprin\u0101m\u0101s rota\u013clietas ir \u012bsti hiti \u2013 t\u0101s tiek visvair\u0101k lietotas un laiku pa laikam ir j\u0101maina.<\/p>\n<p data-start=\"471\" data-end=\"511\">Funky Rebels komplekt\u0101 ir 3 rota\u013clietas.<\/p>\n<p data-start=\"513\" data-end=\"581\">\u012aPA\u0160I M\u012aKSTA BUMBI\u0145A AR SPALV\u0100M uzreiz piesaista j\u016bsu ka\u0137a uzman\u012bbu!<\/p>\n<p data-start=\"583\" data-end=\"882\">Tas ir kvalitat\u012bvs produkts, kuru ir pat\u012bkami apl\u016bkot. Rota\u013clietas ir \u013coti svar\u012bgas ka\u0137iem, jo rota\u013c\u0101\u0161an\u0101s uztur vi\u0146us akt\u012bvus un priec\u012bgus. Katrs ka\u0137u m\u012b\u013cot\u0101js zina, ka ka\u0137i m\u012bl gan spalvas, gan m\u012bkstas bumbi\u0146as \u2013 \u0161eit t\u0101s ir apvienotas vien\u0101. \u012apa\u0161i jautra rota\u013clieta, kuru var rado\u0161i piestiprin\u0101t.<\/p>\n<p data-start=\"884\" data-end=\"908\">Izm\u0113ri apm\u0113ram 6 \u00d7 6 cm.<\/p>\n<p data-start=\"910\" data-end=\"926\" data-is-last-node=\"\" data-is-only-node=\"\">Pieejams uzreiz!<\/p>\n","protected":false},"featured_media":52604,"template":"","meta":[],"product_brand":[],"product_cat":[590],"product_tag":[],"class_list":{"0":"post-52603","1":"product","2":"type-product","3":"status-publish","4":"has-post-thumbnail","6":"product_cat-kaku-rotallietas","8":"first","9":"outofstock","10":"taxable","11":"shipping-taxable","12":"purchasable","13":"product-type-simple"},"yoast_head":"<!-- This site is optimized with the Yoast SEO plugin v27.2 - https:\/\/yoast.com\/product\/yoast-seo-wordpress\/ -->\n<title>Ka\u0137u rota\u013clieta Funky Rebels \u2013 3 gab., cappuccino - MiuMjau<\/title>\n<meta name=\"robots\" content=\"index, follow, max-snippet:-1, max-image-preview:large, max-video-preview:-1\" \/>\n<link rel=\"canonical\" href=\"https:\/\/miumjau.ee\/lv\/produkts\/kaku-rotallieta-funky-rebels-3-gab-cappuccino\/\" \/>\n<meta property=\"og:locale\" content=\"lv_LV\" \/>\n<meta property=\"og:type\" content=\"article\" \/>\n<meta property=\"og:title\" content=\"Ka\u0137u rota\u013clieta Funky Rebels \u2013 3 gab., cappuccino - MiuMjau\" \/>\n<meta property=\"og:description\" content=\"Ka\u0137u rota\u013clieta Funky Rebels ir piestiprin\u0101ma ar aukli\u0146u, t\u0101p\u0113c to var izmantot k\u0101 aizvietot\u0101jrota\u013clietu Petrebels skr\u0101p\u0113\u0161anas kokos, ja iepriek\u0161\u0113j\u0101 rota\u013clieta ir sal\u016bzusi. T\u0101pat to var izmantot ar\u012b citu z\u012bmolu skr\u0101p\u0113\u0161anas kokos, ja tiem ir atbilsto\u0161a stiprin\u0101juma vieta. M\u0113s visi zin\u0101m, ka pie skr\u0101p\u0113\u0161anas kokiem piestiprin\u0101m\u0101s rota\u013clietas ir \u012bsti hiti \u2013 t\u0101s tiek visvair\u0101k lietotas un laiku pa laikam ir j\u0101maina. Funky Rebels komplekt\u0101 ir 3 rota\u013clietas. \u012aPA\u0160I M\u012aKSTA BUMBI\u0145A AR SPALV\u0100M uzreiz piesaista j\u016bsu ka\u0137a uzman\u012bbu! Tas ir kvalitat\u012bvs produkts, kuru ir pat\u012bkami apl\u016bkot. Rota\u013clietas ir \u013coti svar\u012bgas ka\u0137iem, jo rota\u013c\u0101\u0161an\u0101s uztur vi\u0146us akt\u012bvus un priec\u012bgus. Katrs ka\u0137u m\u012b\u013cot\u0101js zina, ka ka\u0137i m\u012bl gan spalvas, gan m\u012bkstas bumbi\u0146as \u2013 \u0161eit t\u0101s ir apvienotas vien\u0101. \u012apa\u0161i jautra rota\u013clieta, kuru var rado\u0161i piestiprin\u0101t. Izm\u0113ri apm\u0113ram 6 \u00d7 6 cm. Pieejams uzreiz!\" \/>\n<meta property=\"og:url\" content=\"https:\/\/miumjau.ee\/lv\/produkts\/kaku-rotallieta-funky-rebels-3-gab-cappuccino\/\" \/>\n<meta property=\"og:site_name\" content=\"MiuMjau\" \/>\n<meta property=\"article:publisher\" content=\"https:\/\/www.facebook.com\/miumjaupood\/\" \/>\n<meta property=\"og:image\" content=\"https:\/\/miumjau.ee\/wp-content\/uploads\/2024\/04\/kassi-manguasi-funky-rebels2-1.jpg\" \/>\n\t<meta property=\"og:image:width\" content=\"900\" \/>\n\t<meta property=\"og:image:height\" content=\"1200\" \/>\n\t<meta property=\"og:image:type\" content=\"image\/jpeg\" \/>\n<meta name=\"twitter:card\" content=\"summary_large_image\" \/>\n<script type=\"application\/ld+json\" class=\"yoast-schema-graph\">{\"@context\":\"https:\/\/schema.org\",\"@graph\":[{\"@type\":\"WebPage\",\"@id\":\"https:\/\/miumjau.ee\/lv\/produkts\/kaku-rotallieta-funky-rebels-3-gab-cappuccino\/\",\"url\":\"https:\/\/miumjau.ee\/lv\/produkts\/kaku-rotallieta-funky-rebels-3-gab-cappuccino\/\",\"name\":\"Ka\u0137u rota\u013clieta Funky Rebels \u2013 3 gab., cappuccino - MiuMjau\",\"isPartOf\":{\"@id\":\"https:\/\/miumjau.ee\/#website\"},\"primaryImageOfPage\":{\"@id\":\"https:\/\/miumjau.ee\/lv\/produkts\/kaku-rotallieta-funky-rebels-3-gab-cappuccino\/#primaryimage\"},\"image\":{\"@id\":\"https:\/\/miumjau.ee\/lv\/produkts\/kaku-rotallieta-funky-rebels-3-gab-cappuccino\/#primaryimage\"},\"thumbnailUrl\":\"https:\/\/miumjau.ee\/wp-content\/uploads\/2024\/04\/kassi-manguasi-funky-rebels2-1.jpg\",\"datePublished\":\"2024-04-11T13:16:47+00:00\",\"breadcrumb\":{\"@id\":\"https:\/\/miumjau.ee\/lv\/produkts\/kaku-rotallieta-funky-rebels-3-gab-cappuccino\/#breadcrumb\"},\"inLanguage\":\"lv-LV\",\"potentialAction\":[{\"@type\":\"ReadAction\",\"target\":[\"https:\/\/miumjau.ee\/lv\/produkts\/kaku-rotallieta-funky-rebels-3-gab-cappuccino\/\"]}]},{\"@type\":\"ImageObject\",\"inLanguage\":\"lv-LV\",\"@id\":\"https:\/\/miumjau.ee\/lv\/produkts\/kaku-rotallieta-funky-rebels-3-gab-cappuccino\/#primaryimage\",\"url\":\"https:\/\/miumjau.ee\/wp-content\/uploads\/2024\/04\/kassi-manguasi-funky-rebels2-1.jpg\",\"contentUrl\":\"https:\/\/miumjau.ee\/wp-content\/uploads\/2024\/04\/kassi-manguasi-funky-rebels2-1.jpg\",\"width\":900,\"height\":1200},{\"@type\":\"BreadcrumbList\",\"@id\":\"https:\/\/miumjau.ee\/lv\/produkts\/kaku-rotallieta-funky-rebels-3-gab-cappuccino\/#breadcrumb\",\"itemListElement\":[{\"@type\":\"ListItem\",\"position\":1,\"name\":\"Home\",\"item\":\"https:\/\/miumjau.ee\/lv\/\"},{\"@type\":\"ListItem\",\"position\":2,\"name\":\"Veikals\",\"item\":\"https:\/\/miumjau.ee\/lv\/veikals\/\"},{\"@type\":\"ListItem\",\"position\":3,\"name\":\"Ka\u0137u rota\u013clieta Funky Rebels \u2013 3 gab., cappuccino\"}]},{\"@type\":\"WebSite\",\"@id\":\"https:\/\/miumjau.ee\/#website\",\"url\":\"https:\/\/miumjau.ee\/\",\"name\":\"MiuMjau\",\"description\":\"Kraapimispuud kassidele\",\"publisher\":{\"@id\":\"https:\/\/miumjau.ee\/#organization\"},\"potentialAction\":[{\"@type\":\"SearchAction\",\"target\":{\"@type\":\"EntryPoint\",\"urlTemplate\":\"https:\/\/miumjau.ee\/?s={search_term_string}\"},\"query-input\":{\"@type\":\"PropertyValueSpecification\",\"valueRequired\":true,\"valueName\":\"search_term_string\"}}],\"inLanguage\":\"lv-LV\"},{\"@type\":\"Organization\",\"@id\":\"https:\/\/miumjau.ee\/#organization\",\"name\":\"MiuMjau O\u00dc\",\"url\":\"https:\/\/miumjau.ee\/\",\"logo\":{\"@type\":\"ImageObject\",\"inLanguage\":\"lv-LV\",\"@id\":\"https:\/\/miumjau.ee\/#\/schema\/logo\/image\/\",\"url\":\"https:\/\/miumjau.ee\/wp-content\/uploads\/2022\/04\/MiuMjau-logo-kollane.png\",\"contentUrl\":\"https:\/\/miumjau.ee\/wp-content\/uploads\/2022\/04\/MiuMjau-logo-kollane.png\",\"width\":219,\"height\":100,\"caption\":\"MiuMjau O\u00dc\"},\"image\":{\"@id\":\"https:\/\/miumjau.ee\/#\/schema\/logo\/image\/\"},\"sameAs\":[\"https:\/\/www.facebook.com\/miumjaupood\/\"]}]}<\/script>\n<!-- \/ Yoast SEO plugin. -->","yoast_head_json":{"title":"Ka\u0137u rota\u013clieta Funky Rebels \u2013 3 gab., cappuccino - MiuMjau","robots":{"index":"index","follow":"follow","max-snippet":"max-snippet:-1","max-image-preview":"max-image-preview:large","max-video-preview":"max-video-preview:-1"},"canonical":"https:\/\/miumjau.ee\/lv\/produkts\/kaku-rotallieta-funky-rebels-3-gab-cappuccino\/","og_locale":"lv_LV","og_type":"article","og_title":"Ka\u0137u rota\u013clieta Funky Rebels \u2013 3 gab., cappuccino - MiuMjau","og_description":"Ka\u0137u rota\u013clieta Funky Rebels ir piestiprin\u0101ma ar aukli\u0146u, t\u0101p\u0113c to var izmantot k\u0101 aizvietot\u0101jrota\u013clietu Petrebels skr\u0101p\u0113\u0161anas kokos, ja iepriek\u0161\u0113j\u0101 rota\u013clieta ir sal\u016bzusi. T\u0101pat to var izmantot ar\u012b citu z\u012bmolu skr\u0101p\u0113\u0161anas kokos, ja tiem ir atbilsto\u0161a stiprin\u0101juma vieta. M\u0113s visi zin\u0101m, ka pie skr\u0101p\u0113\u0161anas kokiem piestiprin\u0101m\u0101s rota\u013clietas ir \u012bsti hiti \u2013 t\u0101s tiek visvair\u0101k lietotas un laiku pa laikam ir j\u0101maina. Funky Rebels komplekt\u0101 ir 3 rota\u013clietas. \u012aPA\u0160I M\u012aKSTA BUMBI\u0145A AR SPALV\u0100M uzreiz piesaista j\u016bsu ka\u0137a uzman\u012bbu! Tas ir kvalitat\u012bvs produkts, kuru ir pat\u012bkami apl\u016bkot. Rota\u013clietas ir \u013coti svar\u012bgas ka\u0137iem, jo rota\u013c\u0101\u0161an\u0101s uztur vi\u0146us akt\u012bvus un priec\u012bgus. Katrs ka\u0137u m\u012b\u013cot\u0101js zina, ka ka\u0137i m\u012bl gan spalvas, gan m\u012bkstas bumbi\u0146as \u2013 \u0161eit t\u0101s ir apvienotas vien\u0101. \u012apa\u0161i jautra rota\u013clieta, kuru var rado\u0161i piestiprin\u0101t. Izm\u0113ri apm\u0113ram 6 \u00d7 6 cm. Pieejams uzreiz!","og_url":"https:\/\/miumjau.ee\/lv\/produkts\/kaku-rotallieta-funky-rebels-3-gab-cappuccino\/","og_site_name":"MiuMjau","article_publisher":"https:\/\/www.facebook.com\/miumjaupood\/","og_image":[{"width":900,"height":1200,"url":"https:\/\/miumjau.ee\/wp-content\/uploads\/2024\/04\/kassi-manguasi-funky-rebels2-1.jpg","type":"image\/jpeg"}],"twitter_card":"summary_large_image","schema":{"@context":"https:\/\/schema.org","@graph":[{"@type":"WebPage","@id":"https:\/\/miumjau.ee\/lv\/produkts\/kaku-rotallieta-funky-rebels-3-gab-cappuccino\/","url":"https:\/\/miumjau.ee\/lv\/produkts\/kaku-rotallieta-funky-rebels-3-gab-cappuccino\/","name":"Ka\u0137u rota\u013clieta Funky Rebels \u2013 3 gab., cappuccino - MiuMjau","isPartOf":{"@id":"https:\/\/miumjau.ee\/#website"},"primaryImageOfPage":{"@id":"https:\/\/miumjau.ee\/lv\/produkts\/kaku-rotallieta-funky-rebels-3-gab-cappuccino\/#primaryimage"},"image":{"@id":"https:\/\/miumjau.ee\/lv\/produkts\/kaku-rotallieta-funky-rebels-3-gab-cappuccino\/#primaryimage"},"thumbnailUrl":"https:\/\/miumjau.ee\/wp-content\/uploads\/2024\/04\/kassi-manguasi-funky-rebels2-1.jpg","datePublished":"2024-04-11T13:16:47+00:00","breadcrumb":{"@id":"https:\/\/miumjau.ee\/lv\/produkts\/kaku-rotallieta-funky-rebels-3-gab-cappuccino\/#breadcrumb"},"inLanguage":"lv-LV","potentialAction":[{"@type":"ReadAction","target":["https:\/\/miumjau.ee\/lv\/produkts\/kaku-rotallieta-funky-rebels-3-gab-cappuccino\/"]}]},{"@type":"ImageObject","inLanguage":"lv-LV","@id":"https:\/\/miumjau.ee\/lv\/produkts\/kaku-rotallieta-funky-rebels-3-gab-cappuccino\/#primaryimage","url":"https:\/\/miumjau.ee\/wp-content\/uploads\/2024\/04\/kassi-manguasi-funky-rebels2-1.jpg","contentUrl":"https:\/\/miumjau.ee\/wp-content\/uploads\/2024\/04\/kassi-manguasi-funky-rebels2-1.jpg","width":900,"height":1200},{"@type":"BreadcrumbList","@id":"https:\/\/miumjau.ee\/lv\/produkts\/kaku-rotallieta-funky-rebels-3-gab-cappuccino\/#breadcrumb","itemListElement":[{"@type":"ListItem","position":1,"name":"Home","item":"https:\/\/miumjau.ee\/lv\/"},{"@type":"ListItem","position":2,"name":"Veikals","item":"https:\/\/miumjau.ee\/lv\/veikals\/"},{"@type":"ListItem","position":3,"name":"Ka\u0137u rota\u013clieta Funky Rebels \u2013 3 gab., cappuccino"}]},{"@type":"WebSite","@id":"https:\/\/miumjau.ee\/#website","url":"https:\/\/miumjau.ee\/","name":"MiuMjau","description":"Kraapimispuud kassidele","publisher":{"@id":"https:\/\/miumjau.ee\/#organization"},"potentialAction":[{"@type":"SearchAction","target":{"@type":"EntryPoint","urlTemplate":"https:\/\/miumjau.ee\/?s={search_term_string}"},"query-input":{"@type":"PropertyValueSpecification","valueRequired":true,"valueName":"search_term_string"}}],"inLanguage":"lv-LV"},{"@type":"Organization","@id":"https:\/\/miumjau.ee\/#organization","name":"MiuMjau O\u00dc","url":"https:\/\/miumjau.ee\/","logo":{"@type":"ImageObject","inLanguage":"lv-LV","@id":"https:\/\/miumjau.ee\/#\/schema\/logo\/image\/","url":"https:\/\/miumjau.ee\/wp-content\/uploads\/2022\/04\/MiuMjau-logo-kollane.png","contentUrl":"https:\/\/miumjau.ee\/wp-content\/uploads\/2022\/04\/MiuMjau-logo-kollane.png","width":219,"height":100,"caption":"MiuMjau O\u00dc"},"image":{"@id":"https:\/\/miumjau.ee\/#\/schema\/logo\/image\/"},"sameAs":["https:\/\/www.facebook.com\/miumjaupood\/"]}]}},"_links":{"self":[{"href":"https:\/\/miumjau.ee\/lv\/wp-json\/wp\/v2\/product\/52603","targetHints":{"allow":["GET"]}}],"collection":[{"href":"https:\/\/miumjau.ee\/lv\/wp-json\/wp\/v2\/product"}],"about":[{"href":"https:\/\/miumjau.ee\/lv\/wp-json\/wp\/v2\/types\/product"}],"wp:featuredmedia":[{"embeddable":true,"href":"https:\/\/miumjau.ee\/lv\/wp-json\/wp\/v2\/media\/52604"}],"wp:attachment":[{"href":"https:\/\/miumjau.ee\/lv\/wp-json\/wp\/v2\/media?parent=52603"}],"wp:term":[{"taxonomy":"product_brand","embeddable":true,"href":"https:\/\/miumjau.ee\/lv\/wp-json\/wp\/v2\/product_brand?post=52603"},{"taxonomy":"product_cat","embeddable":true,"href":"https:\/\/miumjau.ee\/lv\/wp-json\/wp\/v2\/product_cat?post=52603"},{"taxonomy":"product_tag","embeddable":true,"href":"https:\/\/miumjau.ee\/lv\/wp-json\/wp\/v2\/product_tag?post=52603"}],"curies":[{"name":"wp","href":"https:\/\/api.w.org\/{rel}","templated":true}]}}