{"id":52597,"date":"2024-03-24T19:54:20","date_gmt":"2024-03-24T17:54:20","guid":{"rendered":"https:\/\/miumjau.ee\/toode\/piekaramais-supulis-petrebels-l-40-cm-cappuccino\/"},"modified":"2024-03-24T19:54:20","modified_gmt":"2024-03-24T17:54:20","slug":"piekaramais-supulis-petrebels-l-40-cm-cappuccino","status":"publish","type":"product","link":"https:\/\/miumjau.ee\/lv\/produkts\/piekaramais-supulis-petrebels-l-40-cm-cappuccino\/","title":{"rendered":"Piekaramais \u0161\u016bpulis Petrebels L 40 cm, cappuccino"},"content":{"rendered":"","protected":false},"excerpt":{"rendered":"<p data-start=\"55\" data-end=\"111\"><strong data-start=\"55\" data-end=\"111\">PETREBELS piekaramais \u0161\u016bpulis Luxury Sleeper L 40 cm<\/strong><\/p>\n<p data-start=\"113\" data-end=\"599\">\u0160is lielais Luxury Sleeper \u0161\u016bpulis ir izgatavots no \u012bpa\u0161i m\u012bksta, augstas kvalit\u0101tes pl\u012b\u0161a un tam ir perfekta apa\u013ca forma. Ide\u0101la vieta ka\u0137u atp\u016btai! Iesp\u0113jams, j\u016bsu ka\u0137is to katru dienu izv\u0113l\u0113sies p\u0113cpusdienas snaudai vai r\u016bp\u012bgai mazg\u0101\u0161an\u0101s reizei. Var gad\u012bties, ka p\u0113c k\u0101da laika jums b\u016bs nepiecie\u0161ama jauna gu\u013cvieta, kam\u0113r skr\u0101p\u0113jamais koks joproj\u0101m b\u016bs piln\u012bgi k\u0101rt\u012bb\u0101. T\u0101p\u0113c m\u0113s vienm\u0113r p\u0101rdodam katru deta\u013cu atsevi\u0161\u0137i. Tas ir labs risin\u0101jums j\u016bsu makam un lab\u0101ks risin\u0101jums videi.<\/p>\n<p data-start=\"601\" data-end=\"990\" data-is-last-node=\"\" data-is-only-node=\"\">Kr\u0101sa: cappuccino<br data-start=\"618\" data-end=\"621\" \/>Svars: 3 kg<br data-start=\"632\" data-end=\"635\" \/>Izm\u0113ri: 40 \u00d7 40 \u00d7 2 cm<br data-start=\"657\" data-end=\"660\" \/>Iepakojuma izm\u0113rs: 51 \u00d7 42 \u00d7 4 cm<br data-start=\"693\" data-end=\"696\" \/>Maksim\u0101lais ka\u0137a svars: 15 kg<br data-start=\"725\" data-end=\"728\" \/>Ide\u0101li piem\u0113rots lieliem ka\u0137iem, bet, protams, ar\u012b maz\u0101kiem!<br data-start=\"788\" data-end=\"791\" \/>Skaisti gai\u0161i to\u0146i<br data-start=\"809\" data-end=\"812\" \/>Paredz\u0113ts lieto\u0161anai kop\u0101 ar skr\u0101p\u0113\u0161anas stabiem \u00d8 9 cm un \u00d8 12 cm<br data-start=\"878\" data-end=\"881\" \/>Padoms: \u0146emiet v\u0113r\u0101, ka met\u0101la r\u0101mja biezuma d\u0113\u013c skr\u0101p\u0113\u0161anas stabs p\u0113c pievieno\u0161anas nest\u0101v\u0113s piln\u012bgi taisni.<\/p>\n","protected":false},"featured_media":52598,"template":"","meta":[],"product_brand":[],"product_cat":[591],"product_tag":[],"class_list":{"0":"post-52597","1":"product","2":"type-product","3":"status-publish","4":"has-post-thumbnail","6":"product_cat-rezerves-dalas","7":"product_shipping_class-pakiautomaati-sobimatu-lv","9":"first","10":"outofstock","11":"taxable","12":"shipping-taxable","13":"purchasable","14":"product-type-simple"},"yoast_head":"<!-- This site is optimized with the Yoast SEO plugin v27.4 - https:\/\/yoast.com\/product\/yoast-seo-wordpress\/ -->\n<title>Piekaramais \u0161\u016bpulis Petrebels L 40 cm, cappuccino - MiuMjau<\/title>\n<meta name=\"robots\" content=\"index, follow, max-snippet:-1, max-image-preview:large, max-video-preview:-1\" \/>\n<link rel=\"canonical\" href=\"https:\/\/miumjau.ee\/lv\/produkts\/piekaramais-supulis-petrebels-l-40-cm-cappuccino\/\" \/>\n<meta property=\"og:locale\" content=\"lv_LV\" \/>\n<meta property=\"og:type\" content=\"article\" \/>\n<meta property=\"og:title\" content=\"Piekaramais \u0161\u016bpulis Petrebels L 40 cm, cappuccino - MiuMjau\" \/>\n<meta property=\"og:description\" content=\"PETREBELS piekaramais \u0161\u016bpulis Luxury Sleeper L 40 cm \u0160is lielais Luxury Sleeper \u0161\u016bpulis ir izgatavots no \u012bpa\u0161i m\u012bksta, augstas kvalit\u0101tes pl\u012b\u0161a un tam ir perfekta apa\u013ca forma. Ide\u0101la vieta ka\u0137u atp\u016btai! Iesp\u0113jams, j\u016bsu ka\u0137is to katru dienu izv\u0113l\u0113sies p\u0113cpusdienas snaudai vai r\u016bp\u012bgai mazg\u0101\u0161an\u0101s reizei. Var gad\u012bties, ka p\u0113c k\u0101da laika jums b\u016bs nepiecie\u0161ama jauna gu\u013cvieta, kam\u0113r skr\u0101p\u0113jamais koks joproj\u0101m b\u016bs piln\u012bgi k\u0101rt\u012bb\u0101. T\u0101p\u0113c m\u0113s vienm\u0113r p\u0101rdodam katru deta\u013cu atsevi\u0161\u0137i. Tas ir labs risin\u0101jums j\u016bsu makam un lab\u0101ks risin\u0101jums videi. Kr\u0101sa: cappuccinoSvars: 3 kgIzm\u0113ri: 40 \u00d7 40 \u00d7 2 cmIepakojuma izm\u0113rs: 51 \u00d7 42 \u00d7 4 cmMaksim\u0101lais ka\u0137a svars: 15 kgIde\u0101li piem\u0113rots lieliem ka\u0137iem, bet, protams, ar\u012b maz\u0101kiem!Skaisti gai\u0161i to\u0146iParedz\u0113ts lieto\u0161anai kop\u0101 ar skr\u0101p\u0113\u0161anas stabiem \u00d8 9 cm un \u00d8 12 cmPadoms: \u0146emiet v\u0113r\u0101, ka met\u0101la r\u0101mja biezuma d\u0113\u013c skr\u0101p\u0113\u0161anas stabs p\u0113c pievieno\u0161anas nest\u0101v\u0113s piln\u012bgi taisni.\" \/>\n<meta property=\"og:url\" content=\"https:\/\/miumjau.ee\/lv\/produkts\/piekaramais-supulis-petrebels-l-40-cm-cappuccino\/\" \/>\n<meta property=\"og:site_name\" content=\"MiuMjau\" \/>\n<meta property=\"article:publisher\" content=\"https:\/\/www.facebook.com\/miumjaupood\/\" \/>\n<meta property=\"og:image\" content=\"https:\/\/miumjau.ee\/wp-content\/uploads\/2024\/03\/petrebels-rippkiik-luxury-sleeper-l-cappuccino-1.jpg\" \/>\n\t<meta property=\"og:image:width\" content=\"600\" \/>\n\t<meta property=\"og:image:height\" content=\"800\" \/>\n\t<meta property=\"og:image:type\" content=\"image\/jpeg\" \/>\n<meta name=\"twitter:card\" content=\"summary_large_image\" \/>\n<script type=\"application\/ld+json\" class=\"yoast-schema-graph\">{\"@context\":\"https:\\\/\\\/schema.org\",\"@graph\":[{\"@type\":\"WebPage\",\"@id\":\"https:\\\/\\\/miumjau.ee\\\/lv\\\/produkts\\\/piekaramais-supulis-petrebels-l-40-cm-cappuccino\\\/\",\"url\":\"https:\\\/\\\/miumjau.ee\\\/lv\\\/produkts\\\/piekaramais-supulis-petrebels-l-40-cm-cappuccino\\\/\",\"name\":\"Piekaramais \u0161\u016bpulis Petrebels L 40 cm, cappuccino - MiuMjau\",\"isPartOf\":{\"@id\":\"https:\\\/\\\/miumjau.ee\\\/#website\"},\"primaryImageOfPage\":{\"@id\":\"https:\\\/\\\/miumjau.ee\\\/lv\\\/produkts\\\/piekaramais-supulis-petrebels-l-40-cm-cappuccino\\\/#primaryimage\"},\"image\":{\"@id\":\"https:\\\/\\\/miumjau.ee\\\/lv\\\/produkts\\\/piekaramais-supulis-petrebels-l-40-cm-cappuccino\\\/#primaryimage\"},\"thumbnailUrl\":\"https:\\\/\\\/miumjau.ee\\\/wp-content\\\/uploads\\\/2024\\\/03\\\/petrebels-rippkiik-luxury-sleeper-l-cappuccino-1.jpg\",\"datePublished\":\"2024-03-24T17:54:20+00:00\",\"breadcrumb\":{\"@id\":\"https:\\\/\\\/miumjau.ee\\\/lv\\\/produkts\\\/piekaramais-supulis-petrebels-l-40-cm-cappuccino\\\/#breadcrumb\"},\"inLanguage\":\"lv-LV\",\"potentialAction\":[{\"@type\":\"ReadAction\",\"target\":[\"https:\\\/\\\/miumjau.ee\\\/lv\\\/produkts\\\/piekaramais-supulis-petrebels-l-40-cm-cappuccino\\\/\"]}]},{\"@type\":\"ImageObject\",\"inLanguage\":\"lv-LV\",\"@id\":\"https:\\\/\\\/miumjau.ee\\\/lv\\\/produkts\\\/piekaramais-supulis-petrebels-l-40-cm-cappuccino\\\/#primaryimage\",\"url\":\"https:\\\/\\\/miumjau.ee\\\/wp-content\\\/uploads\\\/2024\\\/03\\\/petrebels-rippkiik-luxury-sleeper-l-cappuccino-1.jpg\",\"contentUrl\":\"https:\\\/\\\/miumjau.ee\\\/wp-content\\\/uploads\\\/2024\\\/03\\\/petrebels-rippkiik-luxury-sleeper-l-cappuccino-1.jpg\",\"width\":600,\"height\":800},{\"@type\":\"BreadcrumbList\",\"@id\":\"https:\\\/\\\/miumjau.ee\\\/lv\\\/produkts\\\/piekaramais-supulis-petrebels-l-40-cm-cappuccino\\\/#breadcrumb\",\"itemListElement\":[{\"@type\":\"ListItem\",\"position\":1,\"name\":\"Home\",\"item\":\"https:\\\/\\\/miumjau.ee\\\/lv\\\/\"},{\"@type\":\"ListItem\",\"position\":2,\"name\":\"Veikals\",\"item\":\"https:\\\/\\\/miumjau.ee\\\/lv\\\/veikals\\\/\"},{\"@type\":\"ListItem\",\"position\":3,\"name\":\"Piekaramais \u0161\u016bpulis Petrebels L 40 cm, cappuccino\"}]},{\"@type\":\"WebSite\",\"@id\":\"https:\\\/\\\/miumjau.ee\\\/#website\",\"url\":\"https:\\\/\\\/miumjau.ee\\\/\",\"name\":\"MiuMjau\",\"description\":\"Kraapimispuud kassidele\",\"publisher\":{\"@id\":\"https:\\\/\\\/miumjau.ee\\\/#organization\"},\"potentialAction\":[{\"@type\":\"SearchAction\",\"target\":{\"@type\":\"EntryPoint\",\"urlTemplate\":\"https:\\\/\\\/miumjau.ee\\\/?s={search_term_string}\"},\"query-input\":{\"@type\":\"PropertyValueSpecification\",\"valueRequired\":true,\"valueName\":\"search_term_string\"}}],\"inLanguage\":\"lv-LV\"},{\"@type\":\"Organization\",\"@id\":\"https:\\\/\\\/miumjau.ee\\\/#organization\",\"name\":\"MiuMjau O\u00dc\",\"url\":\"https:\\\/\\\/miumjau.ee\\\/\",\"logo\":{\"@type\":\"ImageObject\",\"inLanguage\":\"lv-LV\",\"@id\":\"https:\\\/\\\/miumjau.ee\\\/#\\\/schema\\\/logo\\\/image\\\/\",\"url\":\"https:\\\/\\\/miumjau.ee\\\/wp-content\\\/uploads\\\/2022\\\/04\\\/MiuMjau-logo-kollane.png\",\"contentUrl\":\"https:\\\/\\\/miumjau.ee\\\/wp-content\\\/uploads\\\/2022\\\/04\\\/MiuMjau-logo-kollane.png\",\"width\":219,\"height\":100,\"caption\":\"MiuMjau O\u00dc\"},\"image\":{\"@id\":\"https:\\\/\\\/miumjau.ee\\\/#\\\/schema\\\/logo\\\/image\\\/\"},\"sameAs\":[\"https:\\\/\\\/www.facebook.com\\\/miumjaupood\\\/\"]}]}<\/script>\n<!-- \/ Yoast SEO plugin. -->","yoast_head_json":{"title":"Piekaramais \u0161\u016bpulis Petrebels L 40 cm, cappuccino - MiuMjau","robots":{"index":"index","follow":"follow","max-snippet":"max-snippet:-1","max-image-preview":"max-image-preview:large","max-video-preview":"max-video-preview:-1"},"canonical":"https:\/\/miumjau.ee\/lv\/produkts\/piekaramais-supulis-petrebels-l-40-cm-cappuccino\/","og_locale":"lv_LV","og_type":"article","og_title":"Piekaramais \u0161\u016bpulis Petrebels L 40 cm, cappuccino - MiuMjau","og_description":"PETREBELS piekaramais \u0161\u016bpulis Luxury Sleeper L 40 cm \u0160is lielais Luxury Sleeper \u0161\u016bpulis ir izgatavots no \u012bpa\u0161i m\u012bksta, augstas kvalit\u0101tes pl\u012b\u0161a un tam ir perfekta apa\u013ca forma. Ide\u0101la vieta ka\u0137u atp\u016btai! Iesp\u0113jams, j\u016bsu ka\u0137is to katru dienu izv\u0113l\u0113sies p\u0113cpusdienas snaudai vai r\u016bp\u012bgai mazg\u0101\u0161an\u0101s reizei. Var gad\u012bties, ka p\u0113c k\u0101da laika jums b\u016bs nepiecie\u0161ama jauna gu\u013cvieta, kam\u0113r skr\u0101p\u0113jamais koks joproj\u0101m b\u016bs piln\u012bgi k\u0101rt\u012bb\u0101. T\u0101p\u0113c m\u0113s vienm\u0113r p\u0101rdodam katru deta\u013cu atsevi\u0161\u0137i. Tas ir labs risin\u0101jums j\u016bsu makam un lab\u0101ks risin\u0101jums videi. Kr\u0101sa: cappuccinoSvars: 3 kgIzm\u0113ri: 40 \u00d7 40 \u00d7 2 cmIepakojuma izm\u0113rs: 51 \u00d7 42 \u00d7 4 cmMaksim\u0101lais ka\u0137a svars: 15 kgIde\u0101li piem\u0113rots lieliem ka\u0137iem, bet, protams, ar\u012b maz\u0101kiem!Skaisti gai\u0161i to\u0146iParedz\u0113ts lieto\u0161anai kop\u0101 ar skr\u0101p\u0113\u0161anas stabiem \u00d8 9 cm un \u00d8 12 cmPadoms: \u0146emiet v\u0113r\u0101, ka met\u0101la r\u0101mja biezuma d\u0113\u013c skr\u0101p\u0113\u0161anas stabs p\u0113c pievieno\u0161anas nest\u0101v\u0113s piln\u012bgi taisni.","og_url":"https:\/\/miumjau.ee\/lv\/produkts\/piekaramais-supulis-petrebels-l-40-cm-cappuccino\/","og_site_name":"MiuMjau","article_publisher":"https:\/\/www.facebook.com\/miumjaupood\/","og_image":[{"width":600,"height":800,"url":"https:\/\/miumjau.ee\/wp-content\/uploads\/2024\/03\/petrebels-rippkiik-luxury-sleeper-l-cappuccino-1.jpg","type":"image\/jpeg"}],"twitter_card":"summary_large_image","schema":{"@context":"https:\/\/schema.org","@graph":[{"@type":"WebPage","@id":"https:\/\/miumjau.ee\/lv\/produkts\/piekaramais-supulis-petrebels-l-40-cm-cappuccino\/","url":"https:\/\/miumjau.ee\/lv\/produkts\/piekaramais-supulis-petrebels-l-40-cm-cappuccino\/","name":"Piekaramais \u0161\u016bpulis Petrebels L 40 cm, cappuccino - MiuMjau","isPartOf":{"@id":"https:\/\/miumjau.ee\/#website"},"primaryImageOfPage":{"@id":"https:\/\/miumjau.ee\/lv\/produkts\/piekaramais-supulis-petrebels-l-40-cm-cappuccino\/#primaryimage"},"image":{"@id":"https:\/\/miumjau.ee\/lv\/produkts\/piekaramais-supulis-petrebels-l-40-cm-cappuccino\/#primaryimage"},"thumbnailUrl":"https:\/\/miumjau.ee\/wp-content\/uploads\/2024\/03\/petrebels-rippkiik-luxury-sleeper-l-cappuccino-1.jpg","datePublished":"2024-03-24T17:54:20+00:00","breadcrumb":{"@id":"https:\/\/miumjau.ee\/lv\/produkts\/piekaramais-supulis-petrebels-l-40-cm-cappuccino\/#breadcrumb"},"inLanguage":"lv-LV","potentialAction":[{"@type":"ReadAction","target":["https:\/\/miumjau.ee\/lv\/produkts\/piekaramais-supulis-petrebels-l-40-cm-cappuccino\/"]}]},{"@type":"ImageObject","inLanguage":"lv-LV","@id":"https:\/\/miumjau.ee\/lv\/produkts\/piekaramais-supulis-petrebels-l-40-cm-cappuccino\/#primaryimage","url":"https:\/\/miumjau.ee\/wp-content\/uploads\/2024\/03\/petrebels-rippkiik-luxury-sleeper-l-cappuccino-1.jpg","contentUrl":"https:\/\/miumjau.ee\/wp-content\/uploads\/2024\/03\/petrebels-rippkiik-luxury-sleeper-l-cappuccino-1.jpg","width":600,"height":800},{"@type":"BreadcrumbList","@id":"https:\/\/miumjau.ee\/lv\/produkts\/piekaramais-supulis-petrebels-l-40-cm-cappuccino\/#breadcrumb","itemListElement":[{"@type":"ListItem","position":1,"name":"Home","item":"https:\/\/miumjau.ee\/lv\/"},{"@type":"ListItem","position":2,"name":"Veikals","item":"https:\/\/miumjau.ee\/lv\/veikals\/"},{"@type":"ListItem","position":3,"name":"Piekaramais \u0161\u016bpulis Petrebels L 40 cm, cappuccino"}]},{"@type":"WebSite","@id":"https:\/\/miumjau.ee\/#website","url":"https:\/\/miumjau.ee\/","name":"MiuMjau","description":"Kraapimispuud kassidele","publisher":{"@id":"https:\/\/miumjau.ee\/#organization"},"potentialAction":[{"@type":"SearchAction","target":{"@type":"EntryPoint","urlTemplate":"https:\/\/miumjau.ee\/?s={search_term_string}"},"query-input":{"@type":"PropertyValueSpecification","valueRequired":true,"valueName":"search_term_string"}}],"inLanguage":"lv-LV"},{"@type":"Organization","@id":"https:\/\/miumjau.ee\/#organization","name":"MiuMjau O\u00dc","url":"https:\/\/miumjau.ee\/","logo":{"@type":"ImageObject","inLanguage":"lv-LV","@id":"https:\/\/miumjau.ee\/#\/schema\/logo\/image\/","url":"https:\/\/miumjau.ee\/wp-content\/uploads\/2022\/04\/MiuMjau-logo-kollane.png","contentUrl":"https:\/\/miumjau.ee\/wp-content\/uploads\/2022\/04\/MiuMjau-logo-kollane.png","width":219,"height":100,"caption":"MiuMjau O\u00dc"},"image":{"@id":"https:\/\/miumjau.ee\/#\/schema\/logo\/image\/"},"sameAs":["https:\/\/www.facebook.com\/miumjaupood\/"]}]}},"_links":{"self":[{"href":"https:\/\/miumjau.ee\/lv\/wp-json\/wp\/v2\/product\/52597","targetHints":{"allow":["GET"]}}],"collection":[{"href":"https:\/\/miumjau.ee\/lv\/wp-json\/wp\/v2\/product"}],"about":[{"href":"https:\/\/miumjau.ee\/lv\/wp-json\/wp\/v2\/types\/product"}],"wp:featuredmedia":[{"embeddable":true,"href":"https:\/\/miumjau.ee\/lv\/wp-json\/wp\/v2\/media\/52598"}],"wp:attachment":[{"href":"https:\/\/miumjau.ee\/lv\/wp-json\/wp\/v2\/media?parent=52597"}],"wp:term":[{"taxonomy":"product_brand","embeddable":true,"href":"https:\/\/miumjau.ee\/lv\/wp-json\/wp\/v2\/product_brand?post=52597"},{"taxonomy":"product_cat","embeddable":true,"href":"https:\/\/miumjau.ee\/lv\/wp-json\/wp\/v2\/product_cat?post=52597"},{"taxonomy":"product_tag","embeddable":true,"href":"https:\/\/miumjau.ee\/lv\/wp-json\/wp\/v2\/product_tag?post=52597"}],"curies":[{"name":"wp","href":"https:\/\/api.w.org\/{rel}","templated":true}]}}