{"id":52590,"date":"2024-01-07T15:51:12","date_gmt":"2024-01-07T13:51:12","guid":{"rendered":"https:\/\/miumjau.ee\/toode\/sienas-pakapieni-petrebels-horizon-0930-komplekts-rusty-oak\/"},"modified":"2024-01-07T15:51:12","modified_gmt":"2024-01-07T13:51:12","slug":"sienas-pakapieni-petrebels-horizon-0930-komplekts-rusty-oak","status":"publish","type":"product","link":"https:\/\/miumjau.ee\/lv\/produkts\/sienas-pakapieni-petrebels-horizon-0930-komplekts-rusty-oak\/","title":{"rendered":"Sienas pak\u0101pieni Petrebels Horizon 0930 komplekts, rusty oak"},"content":{"rendered":"","protected":false},"excerpt":{"rendered":"<p data-start=\"66\" data-end=\"94\"><strong data-start=\"66\" data-end=\"94\">Papildu pak\u0101pieni sienai<\/strong><\/p>\n<p data-start=\"96\" data-end=\"518\">Papildu pak\u0101pieni galvenok\u0101rt ir paredz\u0113ti, lai izveidotu ce\u013cu uz galam\u0113r\u0137i ka\u0137u k\u0101p\u0161anas sien\u0101. \u0160ie horizont\u0101lie pak\u0101pieni tiek piestiprin\u0101ti pie sienas. Pak\u0101pieni ir piln\u012bb\u0101 p\u0101rkl\u0101ti ar skr\u0101p\u0113jamu sizalu un nav slideni ka\u0137a p\u0101rvieto\u0161an\u0101s laik\u0101. Izveidojiet sava ka\u0137a vajadz\u012bb\u0101m atbilsto\u0161u k\u0101p\u0161anas sienu un ietaupiet gr\u012bdas plat\u012bbu! Visa Petrebels Wall of Rebels kolekcija ir savstarp\u0113ji kombin\u0113jama un r\u016bp\u012bgi p\u0101rdom\u0101ta.<\/p>\n<p data-start=\"520\" data-end=\"665\" data-is-last-node=\"\" data-is-only-node=\"\">Komplekt\u0101 3 gab.<br data-start=\"536\" data-end=\"539\" \/>Izm\u0113ri \u2013 staba diametrs 9 cm un garums 30 cm<br data-start=\"583\" data-end=\"586\" \/>Izgatavots no eikalipta koka<br data-start=\"614\" data-end=\"617\" \/>Komplekt\u0101 ietilpst sienas stiprin\u0101juma materi\u0101li<\/p>\n","protected":false},"featured_media":52591,"template":"","meta":[],"product_brand":[],"product_cat":[593,573],"product_tag":[],"class_list":{"0":"post-52590","1":"product","2":"type-product","3":"status-publish","4":"has-post-thumbnail","6":"product_cat-kapelesanas-siena-kakiem","7":"product_cat-kaup24-lv","9":"first","10":"instock","11":"sale","12":"taxable","13":"shipping-taxable","14":"purchasable","15":"product-type-simple"},"yoast_head":"<!-- This site is optimized with the Yoast SEO plugin v27.2 - https:\/\/yoast.com\/product\/yoast-seo-wordpress\/ -->\n<title>Sienas pak\u0101pieni Petrebels Horizon 0930 komplekts, rusty oak - MiuMjau<\/title>\n<meta name=\"robots\" content=\"index, follow, max-snippet:-1, max-image-preview:large, max-video-preview:-1\" \/>\n<link rel=\"canonical\" href=\"https:\/\/miumjau.ee\/lv\/produkts\/sienas-pakapieni-petrebels-horizon-0930-komplekts-rusty-oak\/\" \/>\n<meta property=\"og:locale\" content=\"lv_LV\" \/>\n<meta property=\"og:type\" content=\"article\" \/>\n<meta property=\"og:title\" content=\"Sienas pak\u0101pieni Petrebels Horizon 0930 komplekts, rusty oak - MiuMjau\" \/>\n<meta property=\"og:description\" content=\"Papildu pak\u0101pieni sienai Papildu pak\u0101pieni galvenok\u0101rt ir paredz\u0113ti, lai izveidotu ce\u013cu uz galam\u0113r\u0137i ka\u0137u k\u0101p\u0161anas sien\u0101. \u0160ie horizont\u0101lie pak\u0101pieni tiek piestiprin\u0101ti pie sienas. Pak\u0101pieni ir piln\u012bb\u0101 p\u0101rkl\u0101ti ar skr\u0101p\u0113jamu sizalu un nav slideni ka\u0137a p\u0101rvieto\u0161an\u0101s laik\u0101. Izveidojiet sava ka\u0137a vajadz\u012bb\u0101m atbilsto\u0161u k\u0101p\u0161anas sienu un ietaupiet gr\u012bdas plat\u012bbu! Visa Petrebels Wall of Rebels kolekcija ir savstarp\u0113ji kombin\u0113jama un r\u016bp\u012bgi p\u0101rdom\u0101ta. Komplekt\u0101 3 gab.Izm\u0113ri \u2013 staba diametrs 9 cm un garums 30 cmIzgatavots no eikalipta kokaKomplekt\u0101 ietilpst sienas stiprin\u0101juma materi\u0101li\" \/>\n<meta property=\"og:url\" content=\"https:\/\/miumjau.ee\/lv\/produkts\/sienas-pakapieni-petrebels-horizon-0930-komplekts-rusty-oak\/\" \/>\n<meta property=\"og:site_name\" content=\"MiuMjau\" \/>\n<meta property=\"article:publisher\" content=\"https:\/\/www.facebook.com\/miumjaupood\/\" \/>\n<meta property=\"og:image\" content=\"https:\/\/miumjau.ee\/wp-content\/uploads\/2024\/01\/lisaasted-3tk-horizon-0930-set-rusty-oak-1.jpeg\" \/>\n\t<meta property=\"og:image:width\" content=\"600\" \/>\n\t<meta property=\"og:image:height\" content=\"800\" \/>\n\t<meta property=\"og:image:type\" content=\"image\/jpeg\" \/>\n<meta name=\"twitter:card\" content=\"summary_large_image\" \/>\n<script type=\"application\/ld+json\" class=\"yoast-schema-graph\">{\"@context\":\"https:\/\/schema.org\",\"@graph\":[{\"@type\":\"WebPage\",\"@id\":\"https:\/\/miumjau.ee\/lv\/produkts\/sienas-pakapieni-petrebels-horizon-0930-komplekts-rusty-oak\/\",\"url\":\"https:\/\/miumjau.ee\/lv\/produkts\/sienas-pakapieni-petrebels-horizon-0930-komplekts-rusty-oak\/\",\"name\":\"Sienas pak\u0101pieni Petrebels Horizon 0930 komplekts, rusty oak - MiuMjau\",\"isPartOf\":{\"@id\":\"https:\/\/miumjau.ee\/#website\"},\"primaryImageOfPage\":{\"@id\":\"https:\/\/miumjau.ee\/lv\/produkts\/sienas-pakapieni-petrebels-horizon-0930-komplekts-rusty-oak\/#primaryimage\"},\"image\":{\"@id\":\"https:\/\/miumjau.ee\/lv\/produkts\/sienas-pakapieni-petrebels-horizon-0930-komplekts-rusty-oak\/#primaryimage\"},\"thumbnailUrl\":\"https:\/\/miumjau.ee\/wp-content\/uploads\/2024\/01\/lisaasted-3tk-horizon-0930-set-rusty-oak-1.jpeg\",\"datePublished\":\"2024-01-07T13:51:12+00:00\",\"breadcrumb\":{\"@id\":\"https:\/\/miumjau.ee\/lv\/produkts\/sienas-pakapieni-petrebels-horizon-0930-komplekts-rusty-oak\/#breadcrumb\"},\"inLanguage\":\"lv-LV\",\"potentialAction\":[{\"@type\":\"ReadAction\",\"target\":[\"https:\/\/miumjau.ee\/lv\/produkts\/sienas-pakapieni-petrebels-horizon-0930-komplekts-rusty-oak\/\"]}]},{\"@type\":\"ImageObject\",\"inLanguage\":\"lv-LV\",\"@id\":\"https:\/\/miumjau.ee\/lv\/produkts\/sienas-pakapieni-petrebels-horizon-0930-komplekts-rusty-oak\/#primaryimage\",\"url\":\"https:\/\/miumjau.ee\/wp-content\/uploads\/2024\/01\/lisaasted-3tk-horizon-0930-set-rusty-oak-1.jpeg\",\"contentUrl\":\"https:\/\/miumjau.ee\/wp-content\/uploads\/2024\/01\/lisaasted-3tk-horizon-0930-set-rusty-oak-1.jpeg\",\"width\":600,\"height\":800},{\"@type\":\"BreadcrumbList\",\"@id\":\"https:\/\/miumjau.ee\/lv\/produkts\/sienas-pakapieni-petrebels-horizon-0930-komplekts-rusty-oak\/#breadcrumb\",\"itemListElement\":[{\"@type\":\"ListItem\",\"position\":1,\"name\":\"Home\",\"item\":\"https:\/\/miumjau.ee\/lv\/\"},{\"@type\":\"ListItem\",\"position\":2,\"name\":\"Veikals\",\"item\":\"https:\/\/miumjau.ee\/lv\/veikals\/\"},{\"@type\":\"ListItem\",\"position\":3,\"name\":\"Sienas pak\u0101pieni Petrebels Horizon 0930 komplekts, rusty oak\"}]},{\"@type\":\"WebSite\",\"@id\":\"https:\/\/miumjau.ee\/#website\",\"url\":\"https:\/\/miumjau.ee\/\",\"name\":\"MiuMjau\",\"description\":\"Kraapimispuud kassidele\",\"publisher\":{\"@id\":\"https:\/\/miumjau.ee\/#organization\"},\"potentialAction\":[{\"@type\":\"SearchAction\",\"target\":{\"@type\":\"EntryPoint\",\"urlTemplate\":\"https:\/\/miumjau.ee\/?s={search_term_string}\"},\"query-input\":{\"@type\":\"PropertyValueSpecification\",\"valueRequired\":true,\"valueName\":\"search_term_string\"}}],\"inLanguage\":\"lv-LV\"},{\"@type\":\"Organization\",\"@id\":\"https:\/\/miumjau.ee\/#organization\",\"name\":\"MiuMjau O\u00dc\",\"url\":\"https:\/\/miumjau.ee\/\",\"logo\":{\"@type\":\"ImageObject\",\"inLanguage\":\"lv-LV\",\"@id\":\"https:\/\/miumjau.ee\/#\/schema\/logo\/image\/\",\"url\":\"https:\/\/miumjau.ee\/wp-content\/uploads\/2022\/04\/MiuMjau-logo-kollane.png\",\"contentUrl\":\"https:\/\/miumjau.ee\/wp-content\/uploads\/2022\/04\/MiuMjau-logo-kollane.png\",\"width\":219,\"height\":100,\"caption\":\"MiuMjau O\u00dc\"},\"image\":{\"@id\":\"https:\/\/miumjau.ee\/#\/schema\/logo\/image\/\"},\"sameAs\":[\"https:\/\/www.facebook.com\/miumjaupood\/\"]}]}<\/script>\n<!-- \/ Yoast SEO plugin. -->","yoast_head_json":{"title":"Sienas pak\u0101pieni Petrebels Horizon 0930 komplekts, rusty oak - MiuMjau","robots":{"index":"index","follow":"follow","max-snippet":"max-snippet:-1","max-image-preview":"max-image-preview:large","max-video-preview":"max-video-preview:-1"},"canonical":"https:\/\/miumjau.ee\/lv\/produkts\/sienas-pakapieni-petrebels-horizon-0930-komplekts-rusty-oak\/","og_locale":"lv_LV","og_type":"article","og_title":"Sienas pak\u0101pieni Petrebels Horizon 0930 komplekts, rusty oak - MiuMjau","og_description":"Papildu pak\u0101pieni sienai Papildu pak\u0101pieni galvenok\u0101rt ir paredz\u0113ti, lai izveidotu ce\u013cu uz galam\u0113r\u0137i ka\u0137u k\u0101p\u0161anas sien\u0101. \u0160ie horizont\u0101lie pak\u0101pieni tiek piestiprin\u0101ti pie sienas. Pak\u0101pieni ir piln\u012bb\u0101 p\u0101rkl\u0101ti ar skr\u0101p\u0113jamu sizalu un nav slideni ka\u0137a p\u0101rvieto\u0161an\u0101s laik\u0101. Izveidojiet sava ka\u0137a vajadz\u012bb\u0101m atbilsto\u0161u k\u0101p\u0161anas sienu un ietaupiet gr\u012bdas plat\u012bbu! Visa Petrebels Wall of Rebels kolekcija ir savstarp\u0113ji kombin\u0113jama un r\u016bp\u012bgi p\u0101rdom\u0101ta. Komplekt\u0101 3 gab.Izm\u0113ri \u2013 staba diametrs 9 cm un garums 30 cmIzgatavots no eikalipta kokaKomplekt\u0101 ietilpst sienas stiprin\u0101juma materi\u0101li","og_url":"https:\/\/miumjau.ee\/lv\/produkts\/sienas-pakapieni-petrebels-horizon-0930-komplekts-rusty-oak\/","og_site_name":"MiuMjau","article_publisher":"https:\/\/www.facebook.com\/miumjaupood\/","og_image":[{"width":600,"height":800,"url":"https:\/\/miumjau.ee\/wp-content\/uploads\/2024\/01\/lisaasted-3tk-horizon-0930-set-rusty-oak-1.jpeg","type":"image\/jpeg"}],"twitter_card":"summary_large_image","schema":{"@context":"https:\/\/schema.org","@graph":[{"@type":"WebPage","@id":"https:\/\/miumjau.ee\/lv\/produkts\/sienas-pakapieni-petrebels-horizon-0930-komplekts-rusty-oak\/","url":"https:\/\/miumjau.ee\/lv\/produkts\/sienas-pakapieni-petrebels-horizon-0930-komplekts-rusty-oak\/","name":"Sienas pak\u0101pieni Petrebels Horizon 0930 komplekts, rusty oak - MiuMjau","isPartOf":{"@id":"https:\/\/miumjau.ee\/#website"},"primaryImageOfPage":{"@id":"https:\/\/miumjau.ee\/lv\/produkts\/sienas-pakapieni-petrebels-horizon-0930-komplekts-rusty-oak\/#primaryimage"},"image":{"@id":"https:\/\/miumjau.ee\/lv\/produkts\/sienas-pakapieni-petrebels-horizon-0930-komplekts-rusty-oak\/#primaryimage"},"thumbnailUrl":"https:\/\/miumjau.ee\/wp-content\/uploads\/2024\/01\/lisaasted-3tk-horizon-0930-set-rusty-oak-1.jpeg","datePublished":"2024-01-07T13:51:12+00:00","breadcrumb":{"@id":"https:\/\/miumjau.ee\/lv\/produkts\/sienas-pakapieni-petrebels-horizon-0930-komplekts-rusty-oak\/#breadcrumb"},"inLanguage":"lv-LV","potentialAction":[{"@type":"ReadAction","target":["https:\/\/miumjau.ee\/lv\/produkts\/sienas-pakapieni-petrebels-horizon-0930-komplekts-rusty-oak\/"]}]},{"@type":"ImageObject","inLanguage":"lv-LV","@id":"https:\/\/miumjau.ee\/lv\/produkts\/sienas-pakapieni-petrebels-horizon-0930-komplekts-rusty-oak\/#primaryimage","url":"https:\/\/miumjau.ee\/wp-content\/uploads\/2024\/01\/lisaasted-3tk-horizon-0930-set-rusty-oak-1.jpeg","contentUrl":"https:\/\/miumjau.ee\/wp-content\/uploads\/2024\/01\/lisaasted-3tk-horizon-0930-set-rusty-oak-1.jpeg","width":600,"height":800},{"@type":"BreadcrumbList","@id":"https:\/\/miumjau.ee\/lv\/produkts\/sienas-pakapieni-petrebels-horizon-0930-komplekts-rusty-oak\/#breadcrumb","itemListElement":[{"@type":"ListItem","position":1,"name":"Home","item":"https:\/\/miumjau.ee\/lv\/"},{"@type":"ListItem","position":2,"name":"Veikals","item":"https:\/\/miumjau.ee\/lv\/veikals\/"},{"@type":"ListItem","position":3,"name":"Sienas pak\u0101pieni Petrebels Horizon 0930 komplekts, rusty oak"}]},{"@type":"WebSite","@id":"https:\/\/miumjau.ee\/#website","url":"https:\/\/miumjau.ee\/","name":"MiuMjau","description":"Kraapimispuud kassidele","publisher":{"@id":"https:\/\/miumjau.ee\/#organization"},"potentialAction":[{"@type":"SearchAction","target":{"@type":"EntryPoint","urlTemplate":"https:\/\/miumjau.ee\/?s={search_term_string}"},"query-input":{"@type":"PropertyValueSpecification","valueRequired":true,"valueName":"search_term_string"}}],"inLanguage":"lv-LV"},{"@type":"Organization","@id":"https:\/\/miumjau.ee\/#organization","name":"MiuMjau O\u00dc","url":"https:\/\/miumjau.ee\/","logo":{"@type":"ImageObject","inLanguage":"lv-LV","@id":"https:\/\/miumjau.ee\/#\/schema\/logo\/image\/","url":"https:\/\/miumjau.ee\/wp-content\/uploads\/2022\/04\/MiuMjau-logo-kollane.png","contentUrl":"https:\/\/miumjau.ee\/wp-content\/uploads\/2022\/04\/MiuMjau-logo-kollane.png","width":219,"height":100,"caption":"MiuMjau O\u00dc"},"image":{"@id":"https:\/\/miumjau.ee\/#\/schema\/logo\/image\/"},"sameAs":["https:\/\/www.facebook.com\/miumjaupood\/"]}]}},"_links":{"self":[{"href":"https:\/\/miumjau.ee\/lv\/wp-json\/wp\/v2\/product\/52590","targetHints":{"allow":["GET"]}}],"collection":[{"href":"https:\/\/miumjau.ee\/lv\/wp-json\/wp\/v2\/product"}],"about":[{"href":"https:\/\/miumjau.ee\/lv\/wp-json\/wp\/v2\/types\/product"}],"wp:featuredmedia":[{"embeddable":true,"href":"https:\/\/miumjau.ee\/lv\/wp-json\/wp\/v2\/media\/52591"}],"wp:attachment":[{"href":"https:\/\/miumjau.ee\/lv\/wp-json\/wp\/v2\/media?parent=52590"}],"wp:term":[{"taxonomy":"product_brand","embeddable":true,"href":"https:\/\/miumjau.ee\/lv\/wp-json\/wp\/v2\/product_brand?post=52590"},{"taxonomy":"product_cat","embeddable":true,"href":"https:\/\/miumjau.ee\/lv\/wp-json\/wp\/v2\/product_cat?post=52590"},{"taxonomy":"product_tag","embeddable":true,"href":"https:\/\/miumjau.ee\/lv\/wp-json\/wp\/v2\/product_tag?post=52590"}],"curies":[{"name":"wp","href":"https:\/\/api.w.org\/{rel}","templated":true}]}}