{"id":52580,"date":"2024-01-07T11:29:42","date_gmt":"2024-01-07T09:29:42","guid":{"rendered":"https:\/\/miumjau.ee\/toode\/kaku-plaukts-pakapieni-petrebels-step-25-komplekts-wenge\/"},"modified":"2024-01-07T11:29:42","modified_gmt":"2024-01-07T09:29:42","slug":"kaku-plaukts-pakapieni-petrebels-step-25-komplekts-wenge","status":"publish","type":"product","link":"https:\/\/miumjau.ee\/lv\/produkts\/kaku-plaukts-pakapieni-petrebels-step-25-komplekts-wenge\/","title":{"rendered":"Ka\u0137u plaukts, pak\u0101pieni Petrebels Step 25 komplekts, wenge"},"content":{"rendered":"","protected":false},"excerpt":{"rendered":"<p data-start=\"67\" data-end=\"113\"><strong data-start=\"67\" data-end=\"113\">Ka\u0137u plaukts, pak\u0101pieni \u2013 3 gab. komplekts<\/strong><\/p>\n<p data-start=\"115\" data-end=\"535\">Step 25 komplekt\u0101 ir 3 pak\u0101pieni. \u0160ie horizont\u0101lie pak\u0101pieni tiek piestiprin\u0101ti pie sienas un ir paredz\u0113ti, lai izveidotu vieglu ce\u013cu uz galam\u0113r\u0137i, piem\u0113ram, gu\u013cvietu pie griestiem. Vai jums ir vair\u0101k nek\u0101 viens ka\u0137is? Tad papla\u0161iniet savu ka\u0137u sienu ar sienas plauktu Wave 70 vai stil\u012bgu skr\u0101p\u0113\u0161anas d\u0113li Scratch, padariet savu ka\u0137u sienu v\u0113l piedz\u012bvojumiem bag\u0101t\u0101ku ar citiem pak\u0101pieniem, k\u0101pn\u0113m vai iztur\u012bgu gu\u013cvietu.<\/p>\n<p data-start=\"537\" data-end=\"779\" data-is-last-node=\"\" data-is-only-node=\"\">Komplekt\u0101 3 gab.<br data-start=\"553\" data-end=\"556\" \/>Izm\u0113ri \u2013 garums 25 cm, platums 15 cm, augstums 10 cm<br data-start=\"608\" data-end=\"611\" \/>Izgatavots no eikalipta koka<br data-start=\"639\" data-end=\"642\" \/>Sizala p\u0101rkl\u0101jums ir \u012bpa\u0161i iztur\u012bgs un piestiprin\u0101ms pie pamatnes ar l\u012bplenti (Velcro)<br data-start=\"728\" data-end=\"731\" \/>Komplekt\u0101 ietilpst sienas stiprin\u0101juma materi\u0101li<\/p>\n","protected":false},"featured_media":52581,"template":"","meta":[],"product_brand":[],"product_cat":[593,573],"product_tag":[],"class_list":{"0":"post-52580","1":"product","2":"type-product","3":"status-publish","4":"has-post-thumbnail","6":"product_cat-kapelesanas-siena-kakiem","7":"product_cat-kaup24-lv","9":"first","10":"instock","11":"sale","12":"taxable","13":"shipping-taxable","14":"purchasable","15":"product-type-simple"},"yoast_head":"<!-- This site is optimized with the Yoast SEO plugin v27.2 - https:\/\/yoast.com\/product\/yoast-seo-wordpress\/ -->\n<title>Ka\u0137u plaukts, pak\u0101pieni Petrebels Step 25 komplekts, wenge - MiuMjau<\/title>\n<meta name=\"robots\" content=\"index, follow, max-snippet:-1, max-image-preview:large, max-video-preview:-1\" \/>\n<link rel=\"canonical\" href=\"https:\/\/miumjau.ee\/lv\/produkts\/kaku-plaukts-pakapieni-petrebels-step-25-komplekts-wenge\/\" \/>\n<meta property=\"og:locale\" content=\"lv_LV\" \/>\n<meta property=\"og:type\" content=\"article\" \/>\n<meta property=\"og:title\" content=\"Ka\u0137u plaukts, pak\u0101pieni Petrebels Step 25 komplekts, wenge - MiuMjau\" \/>\n<meta property=\"og:description\" content=\"Ka\u0137u plaukts, pak\u0101pieni \u2013 3 gab. komplekts Step 25 komplekt\u0101 ir 3 pak\u0101pieni. \u0160ie horizont\u0101lie pak\u0101pieni tiek piestiprin\u0101ti pie sienas un ir paredz\u0113ti, lai izveidotu vieglu ce\u013cu uz galam\u0113r\u0137i, piem\u0113ram, gu\u013cvietu pie griestiem. Vai jums ir vair\u0101k nek\u0101 viens ka\u0137is? Tad papla\u0161iniet savu ka\u0137u sienu ar sienas plauktu Wave 70 vai stil\u012bgu skr\u0101p\u0113\u0161anas d\u0113li Scratch, padariet savu ka\u0137u sienu v\u0113l piedz\u012bvojumiem bag\u0101t\u0101ku ar citiem pak\u0101pieniem, k\u0101pn\u0113m vai iztur\u012bgu gu\u013cvietu. Komplekt\u0101 3 gab.Izm\u0113ri \u2013 garums 25 cm, platums 15 cm, augstums 10 cmIzgatavots no eikalipta kokaSizala p\u0101rkl\u0101jums ir \u012bpa\u0161i iztur\u012bgs un piestiprin\u0101ms pie pamatnes ar l\u012bplenti (Velcro)Komplekt\u0101 ietilpst sienas stiprin\u0101juma materi\u0101li\" \/>\n<meta property=\"og:url\" content=\"https:\/\/miumjau.ee\/lv\/produkts\/kaku-plaukts-pakapieni-petrebels-step-25-komplekts-wenge\/\" \/>\n<meta property=\"og:site_name\" content=\"MiuMjau\" \/>\n<meta property=\"article:publisher\" content=\"https:\/\/www.facebook.com\/miumjaupood\/\" \/>\n<meta property=\"og:image\" content=\"https:\/\/miumjau.ee\/wp-content\/uploads\/2024\/01\/kassi-riiul-step-25-set-wenge-1.jpeg\" \/>\n\t<meta property=\"og:image:width\" content=\"600\" \/>\n\t<meta property=\"og:image:height\" content=\"795\" \/>\n\t<meta property=\"og:image:type\" content=\"image\/jpeg\" \/>\n<meta name=\"twitter:card\" content=\"summary_large_image\" \/>\n<script type=\"application\/ld+json\" class=\"yoast-schema-graph\">{\"@context\":\"https:\/\/schema.org\",\"@graph\":[{\"@type\":\"WebPage\",\"@id\":\"https:\/\/miumjau.ee\/lv\/produkts\/kaku-plaukts-pakapieni-petrebels-step-25-komplekts-wenge\/\",\"url\":\"https:\/\/miumjau.ee\/lv\/produkts\/kaku-plaukts-pakapieni-petrebels-step-25-komplekts-wenge\/\",\"name\":\"Ka\u0137u plaukts, pak\u0101pieni Petrebels Step 25 komplekts, wenge - MiuMjau\",\"isPartOf\":{\"@id\":\"https:\/\/miumjau.ee\/#website\"},\"primaryImageOfPage\":{\"@id\":\"https:\/\/miumjau.ee\/lv\/produkts\/kaku-plaukts-pakapieni-petrebels-step-25-komplekts-wenge\/#primaryimage\"},\"image\":{\"@id\":\"https:\/\/miumjau.ee\/lv\/produkts\/kaku-plaukts-pakapieni-petrebels-step-25-komplekts-wenge\/#primaryimage\"},\"thumbnailUrl\":\"https:\/\/miumjau.ee\/wp-content\/uploads\/2024\/01\/kassi-riiul-step-25-set-wenge-1.jpeg\",\"datePublished\":\"2024-01-07T09:29:42+00:00\",\"breadcrumb\":{\"@id\":\"https:\/\/miumjau.ee\/lv\/produkts\/kaku-plaukts-pakapieni-petrebels-step-25-komplekts-wenge\/#breadcrumb\"},\"inLanguage\":\"lv-LV\",\"potentialAction\":[{\"@type\":\"ReadAction\",\"target\":[\"https:\/\/miumjau.ee\/lv\/produkts\/kaku-plaukts-pakapieni-petrebels-step-25-komplekts-wenge\/\"]}]},{\"@type\":\"ImageObject\",\"inLanguage\":\"lv-LV\",\"@id\":\"https:\/\/miumjau.ee\/lv\/produkts\/kaku-plaukts-pakapieni-petrebels-step-25-komplekts-wenge\/#primaryimage\",\"url\":\"https:\/\/miumjau.ee\/wp-content\/uploads\/2024\/01\/kassi-riiul-step-25-set-wenge-1.jpeg\",\"contentUrl\":\"https:\/\/miumjau.ee\/wp-content\/uploads\/2024\/01\/kassi-riiul-step-25-set-wenge-1.jpeg\",\"width\":600,\"height\":795},{\"@type\":\"BreadcrumbList\",\"@id\":\"https:\/\/miumjau.ee\/lv\/produkts\/kaku-plaukts-pakapieni-petrebels-step-25-komplekts-wenge\/#breadcrumb\",\"itemListElement\":[{\"@type\":\"ListItem\",\"position\":1,\"name\":\"Home\",\"item\":\"https:\/\/miumjau.ee\/lv\/\"},{\"@type\":\"ListItem\",\"position\":2,\"name\":\"Veikals\",\"item\":\"https:\/\/miumjau.ee\/lv\/veikals\/\"},{\"@type\":\"ListItem\",\"position\":3,\"name\":\"Ka\u0137u plaukts, pak\u0101pieni Petrebels Step 25 komplekts, wenge\"}]},{\"@type\":\"WebSite\",\"@id\":\"https:\/\/miumjau.ee\/#website\",\"url\":\"https:\/\/miumjau.ee\/\",\"name\":\"MiuMjau\",\"description\":\"Kraapimispuud kassidele\",\"publisher\":{\"@id\":\"https:\/\/miumjau.ee\/#organization\"},\"potentialAction\":[{\"@type\":\"SearchAction\",\"target\":{\"@type\":\"EntryPoint\",\"urlTemplate\":\"https:\/\/miumjau.ee\/?s={search_term_string}\"},\"query-input\":{\"@type\":\"PropertyValueSpecification\",\"valueRequired\":true,\"valueName\":\"search_term_string\"}}],\"inLanguage\":\"lv-LV\"},{\"@type\":\"Organization\",\"@id\":\"https:\/\/miumjau.ee\/#organization\",\"name\":\"MiuMjau O\u00dc\",\"url\":\"https:\/\/miumjau.ee\/\",\"logo\":{\"@type\":\"ImageObject\",\"inLanguage\":\"lv-LV\",\"@id\":\"https:\/\/miumjau.ee\/#\/schema\/logo\/image\/\",\"url\":\"https:\/\/miumjau.ee\/wp-content\/uploads\/2022\/04\/MiuMjau-logo-kollane.png\",\"contentUrl\":\"https:\/\/miumjau.ee\/wp-content\/uploads\/2022\/04\/MiuMjau-logo-kollane.png\",\"width\":219,\"height\":100,\"caption\":\"MiuMjau O\u00dc\"},\"image\":{\"@id\":\"https:\/\/miumjau.ee\/#\/schema\/logo\/image\/\"},\"sameAs\":[\"https:\/\/www.facebook.com\/miumjaupood\/\"]}]}<\/script>\n<!-- \/ Yoast SEO plugin. -->","yoast_head_json":{"title":"Ka\u0137u plaukts, pak\u0101pieni Petrebels Step 25 komplekts, wenge - MiuMjau","robots":{"index":"index","follow":"follow","max-snippet":"max-snippet:-1","max-image-preview":"max-image-preview:large","max-video-preview":"max-video-preview:-1"},"canonical":"https:\/\/miumjau.ee\/lv\/produkts\/kaku-plaukts-pakapieni-petrebels-step-25-komplekts-wenge\/","og_locale":"lv_LV","og_type":"article","og_title":"Ka\u0137u plaukts, pak\u0101pieni Petrebels Step 25 komplekts, wenge - MiuMjau","og_description":"Ka\u0137u plaukts, pak\u0101pieni \u2013 3 gab. komplekts Step 25 komplekt\u0101 ir 3 pak\u0101pieni. \u0160ie horizont\u0101lie pak\u0101pieni tiek piestiprin\u0101ti pie sienas un ir paredz\u0113ti, lai izveidotu vieglu ce\u013cu uz galam\u0113r\u0137i, piem\u0113ram, gu\u013cvietu pie griestiem. Vai jums ir vair\u0101k nek\u0101 viens ka\u0137is? Tad papla\u0161iniet savu ka\u0137u sienu ar sienas plauktu Wave 70 vai stil\u012bgu skr\u0101p\u0113\u0161anas d\u0113li Scratch, padariet savu ka\u0137u sienu v\u0113l piedz\u012bvojumiem bag\u0101t\u0101ku ar citiem pak\u0101pieniem, k\u0101pn\u0113m vai iztur\u012bgu gu\u013cvietu. Komplekt\u0101 3 gab.Izm\u0113ri \u2013 garums 25 cm, platums 15 cm, augstums 10 cmIzgatavots no eikalipta kokaSizala p\u0101rkl\u0101jums ir \u012bpa\u0161i iztur\u012bgs un piestiprin\u0101ms pie pamatnes ar l\u012bplenti (Velcro)Komplekt\u0101 ietilpst sienas stiprin\u0101juma materi\u0101li","og_url":"https:\/\/miumjau.ee\/lv\/produkts\/kaku-plaukts-pakapieni-petrebels-step-25-komplekts-wenge\/","og_site_name":"MiuMjau","article_publisher":"https:\/\/www.facebook.com\/miumjaupood\/","og_image":[{"width":600,"height":795,"url":"https:\/\/miumjau.ee\/wp-content\/uploads\/2024\/01\/kassi-riiul-step-25-set-wenge-1.jpeg","type":"image\/jpeg"}],"twitter_card":"summary_large_image","schema":{"@context":"https:\/\/schema.org","@graph":[{"@type":"WebPage","@id":"https:\/\/miumjau.ee\/lv\/produkts\/kaku-plaukts-pakapieni-petrebels-step-25-komplekts-wenge\/","url":"https:\/\/miumjau.ee\/lv\/produkts\/kaku-plaukts-pakapieni-petrebels-step-25-komplekts-wenge\/","name":"Ka\u0137u plaukts, pak\u0101pieni Petrebels Step 25 komplekts, wenge - MiuMjau","isPartOf":{"@id":"https:\/\/miumjau.ee\/#website"},"primaryImageOfPage":{"@id":"https:\/\/miumjau.ee\/lv\/produkts\/kaku-plaukts-pakapieni-petrebels-step-25-komplekts-wenge\/#primaryimage"},"image":{"@id":"https:\/\/miumjau.ee\/lv\/produkts\/kaku-plaukts-pakapieni-petrebels-step-25-komplekts-wenge\/#primaryimage"},"thumbnailUrl":"https:\/\/miumjau.ee\/wp-content\/uploads\/2024\/01\/kassi-riiul-step-25-set-wenge-1.jpeg","datePublished":"2024-01-07T09:29:42+00:00","breadcrumb":{"@id":"https:\/\/miumjau.ee\/lv\/produkts\/kaku-plaukts-pakapieni-petrebels-step-25-komplekts-wenge\/#breadcrumb"},"inLanguage":"lv-LV","potentialAction":[{"@type":"ReadAction","target":["https:\/\/miumjau.ee\/lv\/produkts\/kaku-plaukts-pakapieni-petrebels-step-25-komplekts-wenge\/"]}]},{"@type":"ImageObject","inLanguage":"lv-LV","@id":"https:\/\/miumjau.ee\/lv\/produkts\/kaku-plaukts-pakapieni-petrebels-step-25-komplekts-wenge\/#primaryimage","url":"https:\/\/miumjau.ee\/wp-content\/uploads\/2024\/01\/kassi-riiul-step-25-set-wenge-1.jpeg","contentUrl":"https:\/\/miumjau.ee\/wp-content\/uploads\/2024\/01\/kassi-riiul-step-25-set-wenge-1.jpeg","width":600,"height":795},{"@type":"BreadcrumbList","@id":"https:\/\/miumjau.ee\/lv\/produkts\/kaku-plaukts-pakapieni-petrebels-step-25-komplekts-wenge\/#breadcrumb","itemListElement":[{"@type":"ListItem","position":1,"name":"Home","item":"https:\/\/miumjau.ee\/lv\/"},{"@type":"ListItem","position":2,"name":"Veikals","item":"https:\/\/miumjau.ee\/lv\/veikals\/"},{"@type":"ListItem","position":3,"name":"Ka\u0137u plaukts, pak\u0101pieni Petrebels Step 25 komplekts, wenge"}]},{"@type":"WebSite","@id":"https:\/\/miumjau.ee\/#website","url":"https:\/\/miumjau.ee\/","name":"MiuMjau","description":"Kraapimispuud kassidele","publisher":{"@id":"https:\/\/miumjau.ee\/#organization"},"potentialAction":[{"@type":"SearchAction","target":{"@type":"EntryPoint","urlTemplate":"https:\/\/miumjau.ee\/?s={search_term_string}"},"query-input":{"@type":"PropertyValueSpecification","valueRequired":true,"valueName":"search_term_string"}}],"inLanguage":"lv-LV"},{"@type":"Organization","@id":"https:\/\/miumjau.ee\/#organization","name":"MiuMjau O\u00dc","url":"https:\/\/miumjau.ee\/","logo":{"@type":"ImageObject","inLanguage":"lv-LV","@id":"https:\/\/miumjau.ee\/#\/schema\/logo\/image\/","url":"https:\/\/miumjau.ee\/wp-content\/uploads\/2022\/04\/MiuMjau-logo-kollane.png","contentUrl":"https:\/\/miumjau.ee\/wp-content\/uploads\/2022\/04\/MiuMjau-logo-kollane.png","width":219,"height":100,"caption":"MiuMjau O\u00dc"},"image":{"@id":"https:\/\/miumjau.ee\/#\/schema\/logo\/image\/"},"sameAs":["https:\/\/www.facebook.com\/miumjaupood\/"]}]}},"_links":{"self":[{"href":"https:\/\/miumjau.ee\/lv\/wp-json\/wp\/v2\/product\/52580","targetHints":{"allow":["GET"]}}],"collection":[{"href":"https:\/\/miumjau.ee\/lv\/wp-json\/wp\/v2\/product"}],"about":[{"href":"https:\/\/miumjau.ee\/lv\/wp-json\/wp\/v2\/types\/product"}],"wp:featuredmedia":[{"embeddable":true,"href":"https:\/\/miumjau.ee\/lv\/wp-json\/wp\/v2\/media\/52581"}],"wp:attachment":[{"href":"https:\/\/miumjau.ee\/lv\/wp-json\/wp\/v2\/media?parent=52580"}],"wp:term":[{"taxonomy":"product_brand","embeddable":true,"href":"https:\/\/miumjau.ee\/lv\/wp-json\/wp\/v2\/product_brand?post=52580"},{"taxonomy":"product_cat","embeddable":true,"href":"https:\/\/miumjau.ee\/lv\/wp-json\/wp\/v2\/product_cat?post=52580"},{"taxonomy":"product_tag","embeddable":true,"href":"https:\/\/miumjau.ee\/lv\/wp-json\/wp\/v2\/product_tag?post=52580"}],"curies":[{"name":"wp","href":"https:\/\/api.w.org\/{rel}","templated":true}]}}