{"id":52504,"date":"2025-02-18T09:20:14","date_gmt":"2025-02-18T07:20:14","guid":{"rendered":"https:\/\/miumjau.ee\/toode\/ontario-koslajamie-gardumi-kakiem-vista-un-pile-3x5-g\/"},"modified":"2025-02-18T09:20:14","modified_gmt":"2025-02-18T07:20:14","slug":"ontario-koslajamie-gardumi-kakiem-vista-un-pile-3x5-g","status":"publish","type":"product","link":"https:\/\/miumjau.ee\/lv\/produkts\/ontario-koslajamie-gardumi-kakiem-vista-un-pile-3x5-g\/","title":{"rendered":"Ontario ko\u0161\u013c\u0101jamie gardumi ka\u0137iem, vista un p\u012ble 3\u00d75 g"},"content":{"rendered":"","protected":false},"excerpt":{"rendered":"<p data-start=\"132\" data-end=\"214\">Papildbar\u012bba ka\u0137iem. Iepakojum\u0101 ir 3 atsevi\u0161\u0137i iesai\u0146oti koci\u0146i \u2013 ide\u0101la uzkoda!<\/p>\n<p data-start=\"216\" data-end=\"327\"><strong data-start=\"216\" data-end=\"228\">Sast\u0101vs:<\/strong> 90 % ga\u013ca un dz\u012bvnieku izcelsmes produkti (vista 33 %, p\u012ble 15 %), raugs, cukurs, miner\u0101lvielas.<\/p>\n<p data-start=\"329\" data-end=\"470\"><strong data-start=\"329\" data-end=\"349\">Bar\u012bbas v\u0113rt\u012bba:<\/strong> neapstr\u0101d\u0101ts prote\u012bns 38 %, mitrums 27 %, neapstr\u0101d\u0101ti tauki 19 %, neapstr\u0101d\u0101ti pelni 9 %, neapstr\u0101d\u0101tas \u0161\u0137iedras 1 %.<\/p>\n<p data-start=\"472\" data-end=\"593\"><strong data-start=\"472\" data-end=\"515\">Pievienotie uzturvielu daudzumi (1 kg):<\/strong> A vitam\u012bns 5 000 SV, D3 vitam\u012bns 500 SV, E vitam\u012bns 5 SV, taur\u012bns 1 000 mg.<\/p>\n<p data-start=\"595\" data-end=\"636\">Gar\u0161\u012bgs un noder\u012bgs gardums j\u016bsu ka\u0137im!<\/p>\n","protected":false},"featured_media":52505,"template":"","meta":[],"product_brand":[],"product_cat":[570],"product_tag":[],"class_list":{"0":"post-52504","1":"product","2":"type-product","3":"status-publish","4":"has-post-thumbnail","6":"product_cat-naski","8":"first","9":"instock","10":"taxable","11":"shipping-taxable","12":"purchasable","13":"product-type-simple"},"yoast_head":"<!-- This site is optimized with the Yoast SEO plugin v27.2 - https:\/\/yoast.com\/product\/yoast-seo-wordpress\/ -->\n<title>Ontario ko\u0161\u013c\u0101jamie gardumi ka\u0137iem, vista un p\u012ble 3\u00d75 g - MiuMjau<\/title>\n<meta name=\"robots\" content=\"index, follow, max-snippet:-1, max-image-preview:large, max-video-preview:-1\" \/>\n<link rel=\"canonical\" href=\"https:\/\/miumjau.ee\/lv\/produkts\/ontario-koslajamie-gardumi-kakiem-vista-un-pile-3x5-g\/\" \/>\n<meta property=\"og:locale\" content=\"lv_LV\" \/>\n<meta property=\"og:type\" content=\"article\" \/>\n<meta property=\"og:title\" content=\"Ontario ko\u0161\u013c\u0101jamie gardumi ka\u0137iem, vista un p\u012ble 3\u00d75 g - MiuMjau\" \/>\n<meta property=\"og:description\" content=\"Papildbar\u012bba ka\u0137iem. Iepakojum\u0101 ir 3 atsevi\u0161\u0137i iesai\u0146oti koci\u0146i \u2013 ide\u0101la uzkoda! Sast\u0101vs: 90 % ga\u013ca un dz\u012bvnieku izcelsmes produkti (vista 33 %, p\u012ble 15 %), raugs, cukurs, miner\u0101lvielas. Bar\u012bbas v\u0113rt\u012bba: neapstr\u0101d\u0101ts prote\u012bns 38 %, mitrums 27 %, neapstr\u0101d\u0101ti tauki 19 %, neapstr\u0101d\u0101ti pelni 9 %, neapstr\u0101d\u0101tas \u0161\u0137iedras 1 %. Pievienotie uzturvielu daudzumi (1 kg): A vitam\u012bns 5 000 SV, D3 vitam\u012bns 500 SV, E vitam\u012bns 5 SV, taur\u012bns 1 000 mg. Gar\u0161\u012bgs un noder\u012bgs gardums j\u016bsu ka\u0137im!\" \/>\n<meta property=\"og:url\" content=\"https:\/\/miumjau.ee\/lv\/produkts\/ontario-koslajamie-gardumi-kakiem-vista-un-pile-3x5-g\/\" \/>\n<meta property=\"og:site_name\" content=\"MiuMjau\" \/>\n<meta property=\"article:publisher\" content=\"https:\/\/www.facebook.com\/miumjaupood\/\" \/>\n<meta property=\"og:image\" content=\"https:\/\/miumjau.ee\/wp-content\/uploads\/2025\/02\/maius-kassidele-ontario5.jpg\" \/>\n\t<meta property=\"og:image:width\" content=\"600\" \/>\n\t<meta property=\"og:image:height\" content=\"800\" \/>\n\t<meta property=\"og:image:type\" content=\"image\/jpeg\" \/>\n<meta name=\"twitter:card\" content=\"summary_large_image\" \/>\n<script type=\"application\/ld+json\" class=\"yoast-schema-graph\">{\"@context\":\"https:\/\/schema.org\",\"@graph\":[{\"@type\":\"WebPage\",\"@id\":\"https:\/\/miumjau.ee\/lv\/produkts\/ontario-koslajamie-gardumi-kakiem-vista-un-pile-3x5-g\/\",\"url\":\"https:\/\/miumjau.ee\/lv\/produkts\/ontario-koslajamie-gardumi-kakiem-vista-un-pile-3x5-g\/\",\"name\":\"Ontario ko\u0161\u013c\u0101jamie gardumi ka\u0137iem, vista un p\u012ble 3\u00d75 g - MiuMjau\",\"isPartOf\":{\"@id\":\"https:\/\/miumjau.ee\/#website\"},\"primaryImageOfPage\":{\"@id\":\"https:\/\/miumjau.ee\/lv\/produkts\/ontario-koslajamie-gardumi-kakiem-vista-un-pile-3x5-g\/#primaryimage\"},\"image\":{\"@id\":\"https:\/\/miumjau.ee\/lv\/produkts\/ontario-koslajamie-gardumi-kakiem-vista-un-pile-3x5-g\/#primaryimage\"},\"thumbnailUrl\":\"https:\/\/miumjau.ee\/wp-content\/uploads\/2025\/02\/maius-kassidele-ontario5.jpg\",\"datePublished\":\"2025-02-18T07:20:14+00:00\",\"breadcrumb\":{\"@id\":\"https:\/\/miumjau.ee\/lv\/produkts\/ontario-koslajamie-gardumi-kakiem-vista-un-pile-3x5-g\/#breadcrumb\"},\"inLanguage\":\"lv-LV\",\"potentialAction\":[{\"@type\":\"ReadAction\",\"target\":[\"https:\/\/miumjau.ee\/lv\/produkts\/ontario-koslajamie-gardumi-kakiem-vista-un-pile-3x5-g\/\"]}]},{\"@type\":\"ImageObject\",\"inLanguage\":\"lv-LV\",\"@id\":\"https:\/\/miumjau.ee\/lv\/produkts\/ontario-koslajamie-gardumi-kakiem-vista-un-pile-3x5-g\/#primaryimage\",\"url\":\"https:\/\/miumjau.ee\/wp-content\/uploads\/2025\/02\/maius-kassidele-ontario5.jpg\",\"contentUrl\":\"https:\/\/miumjau.ee\/wp-content\/uploads\/2025\/02\/maius-kassidele-ontario5.jpg\",\"width\":600,\"height\":800},{\"@type\":\"BreadcrumbList\",\"@id\":\"https:\/\/miumjau.ee\/lv\/produkts\/ontario-koslajamie-gardumi-kakiem-vista-un-pile-3x5-g\/#breadcrumb\",\"itemListElement\":[{\"@type\":\"ListItem\",\"position\":1,\"name\":\"Home\",\"item\":\"https:\/\/miumjau.ee\/lv\/\"},{\"@type\":\"ListItem\",\"position\":2,\"name\":\"Veikals\",\"item\":\"https:\/\/miumjau.ee\/lv\/veikals\/\"},{\"@type\":\"ListItem\",\"position\":3,\"name\":\"Ontario ko\u0161\u013c\u0101jamie gardumi ka\u0137iem, vista un p\u012ble 3\u00d75 g\"}]},{\"@type\":\"WebSite\",\"@id\":\"https:\/\/miumjau.ee\/#website\",\"url\":\"https:\/\/miumjau.ee\/\",\"name\":\"MiuMjau\",\"description\":\"Kraapimispuud kassidele\",\"publisher\":{\"@id\":\"https:\/\/miumjau.ee\/#organization\"},\"potentialAction\":[{\"@type\":\"SearchAction\",\"target\":{\"@type\":\"EntryPoint\",\"urlTemplate\":\"https:\/\/miumjau.ee\/?s={search_term_string}\"},\"query-input\":{\"@type\":\"PropertyValueSpecification\",\"valueRequired\":true,\"valueName\":\"search_term_string\"}}],\"inLanguage\":\"lv-LV\"},{\"@type\":\"Organization\",\"@id\":\"https:\/\/miumjau.ee\/#organization\",\"name\":\"MiuMjau O\u00dc\",\"url\":\"https:\/\/miumjau.ee\/\",\"logo\":{\"@type\":\"ImageObject\",\"inLanguage\":\"lv-LV\",\"@id\":\"https:\/\/miumjau.ee\/#\/schema\/logo\/image\/\",\"url\":\"https:\/\/miumjau.ee\/wp-content\/uploads\/2022\/04\/MiuMjau-logo-kollane.png\",\"contentUrl\":\"https:\/\/miumjau.ee\/wp-content\/uploads\/2022\/04\/MiuMjau-logo-kollane.png\",\"width\":219,\"height\":100,\"caption\":\"MiuMjau O\u00dc\"},\"image\":{\"@id\":\"https:\/\/miumjau.ee\/#\/schema\/logo\/image\/\"},\"sameAs\":[\"https:\/\/www.facebook.com\/miumjaupood\/\"]}]}<\/script>\n<!-- \/ Yoast SEO plugin. -->","yoast_head_json":{"title":"Ontario ko\u0161\u013c\u0101jamie gardumi ka\u0137iem, vista un p\u012ble 3\u00d75 g - MiuMjau","robots":{"index":"index","follow":"follow","max-snippet":"max-snippet:-1","max-image-preview":"max-image-preview:large","max-video-preview":"max-video-preview:-1"},"canonical":"https:\/\/miumjau.ee\/lv\/produkts\/ontario-koslajamie-gardumi-kakiem-vista-un-pile-3x5-g\/","og_locale":"lv_LV","og_type":"article","og_title":"Ontario ko\u0161\u013c\u0101jamie gardumi ka\u0137iem, vista un p\u012ble 3\u00d75 g - MiuMjau","og_description":"Papildbar\u012bba ka\u0137iem. Iepakojum\u0101 ir 3 atsevi\u0161\u0137i iesai\u0146oti koci\u0146i \u2013 ide\u0101la uzkoda! Sast\u0101vs: 90 % ga\u013ca un dz\u012bvnieku izcelsmes produkti (vista 33 %, p\u012ble 15 %), raugs, cukurs, miner\u0101lvielas. Bar\u012bbas v\u0113rt\u012bba: neapstr\u0101d\u0101ts prote\u012bns 38 %, mitrums 27 %, neapstr\u0101d\u0101ti tauki 19 %, neapstr\u0101d\u0101ti pelni 9 %, neapstr\u0101d\u0101tas \u0161\u0137iedras 1 %. Pievienotie uzturvielu daudzumi (1 kg): A vitam\u012bns 5 000 SV, D3 vitam\u012bns 500 SV, E vitam\u012bns 5 SV, taur\u012bns 1 000 mg. Gar\u0161\u012bgs un noder\u012bgs gardums j\u016bsu ka\u0137im!","og_url":"https:\/\/miumjau.ee\/lv\/produkts\/ontario-koslajamie-gardumi-kakiem-vista-un-pile-3x5-g\/","og_site_name":"MiuMjau","article_publisher":"https:\/\/www.facebook.com\/miumjaupood\/","og_image":[{"width":600,"height":800,"url":"https:\/\/miumjau.ee\/wp-content\/uploads\/2025\/02\/maius-kassidele-ontario5.jpg","type":"image\/jpeg"}],"twitter_card":"summary_large_image","schema":{"@context":"https:\/\/schema.org","@graph":[{"@type":"WebPage","@id":"https:\/\/miumjau.ee\/lv\/produkts\/ontario-koslajamie-gardumi-kakiem-vista-un-pile-3x5-g\/","url":"https:\/\/miumjau.ee\/lv\/produkts\/ontario-koslajamie-gardumi-kakiem-vista-un-pile-3x5-g\/","name":"Ontario ko\u0161\u013c\u0101jamie gardumi ka\u0137iem, vista un p\u012ble 3\u00d75 g - MiuMjau","isPartOf":{"@id":"https:\/\/miumjau.ee\/#website"},"primaryImageOfPage":{"@id":"https:\/\/miumjau.ee\/lv\/produkts\/ontario-koslajamie-gardumi-kakiem-vista-un-pile-3x5-g\/#primaryimage"},"image":{"@id":"https:\/\/miumjau.ee\/lv\/produkts\/ontario-koslajamie-gardumi-kakiem-vista-un-pile-3x5-g\/#primaryimage"},"thumbnailUrl":"https:\/\/miumjau.ee\/wp-content\/uploads\/2025\/02\/maius-kassidele-ontario5.jpg","datePublished":"2025-02-18T07:20:14+00:00","breadcrumb":{"@id":"https:\/\/miumjau.ee\/lv\/produkts\/ontario-koslajamie-gardumi-kakiem-vista-un-pile-3x5-g\/#breadcrumb"},"inLanguage":"lv-LV","potentialAction":[{"@type":"ReadAction","target":["https:\/\/miumjau.ee\/lv\/produkts\/ontario-koslajamie-gardumi-kakiem-vista-un-pile-3x5-g\/"]}]},{"@type":"ImageObject","inLanguage":"lv-LV","@id":"https:\/\/miumjau.ee\/lv\/produkts\/ontario-koslajamie-gardumi-kakiem-vista-un-pile-3x5-g\/#primaryimage","url":"https:\/\/miumjau.ee\/wp-content\/uploads\/2025\/02\/maius-kassidele-ontario5.jpg","contentUrl":"https:\/\/miumjau.ee\/wp-content\/uploads\/2025\/02\/maius-kassidele-ontario5.jpg","width":600,"height":800},{"@type":"BreadcrumbList","@id":"https:\/\/miumjau.ee\/lv\/produkts\/ontario-koslajamie-gardumi-kakiem-vista-un-pile-3x5-g\/#breadcrumb","itemListElement":[{"@type":"ListItem","position":1,"name":"Home","item":"https:\/\/miumjau.ee\/lv\/"},{"@type":"ListItem","position":2,"name":"Veikals","item":"https:\/\/miumjau.ee\/lv\/veikals\/"},{"@type":"ListItem","position":3,"name":"Ontario ko\u0161\u013c\u0101jamie gardumi ka\u0137iem, vista un p\u012ble 3\u00d75 g"}]},{"@type":"WebSite","@id":"https:\/\/miumjau.ee\/#website","url":"https:\/\/miumjau.ee\/","name":"MiuMjau","description":"Kraapimispuud kassidele","publisher":{"@id":"https:\/\/miumjau.ee\/#organization"},"potentialAction":[{"@type":"SearchAction","target":{"@type":"EntryPoint","urlTemplate":"https:\/\/miumjau.ee\/?s={search_term_string}"},"query-input":{"@type":"PropertyValueSpecification","valueRequired":true,"valueName":"search_term_string"}}],"inLanguage":"lv-LV"},{"@type":"Organization","@id":"https:\/\/miumjau.ee\/#organization","name":"MiuMjau O\u00dc","url":"https:\/\/miumjau.ee\/","logo":{"@type":"ImageObject","inLanguage":"lv-LV","@id":"https:\/\/miumjau.ee\/#\/schema\/logo\/image\/","url":"https:\/\/miumjau.ee\/wp-content\/uploads\/2022\/04\/MiuMjau-logo-kollane.png","contentUrl":"https:\/\/miumjau.ee\/wp-content\/uploads\/2022\/04\/MiuMjau-logo-kollane.png","width":219,"height":100,"caption":"MiuMjau O\u00dc"},"image":{"@id":"https:\/\/miumjau.ee\/#\/schema\/logo\/image\/"},"sameAs":["https:\/\/www.facebook.com\/miumjaupood\/"]}]}},"_links":{"self":[{"href":"https:\/\/miumjau.ee\/lv\/wp-json\/wp\/v2\/product\/52504","targetHints":{"allow":["GET"]}}],"collection":[{"href":"https:\/\/miumjau.ee\/lv\/wp-json\/wp\/v2\/product"}],"about":[{"href":"https:\/\/miumjau.ee\/lv\/wp-json\/wp\/v2\/types\/product"}],"wp:featuredmedia":[{"embeddable":true,"href":"https:\/\/miumjau.ee\/lv\/wp-json\/wp\/v2\/media\/52505"}],"wp:attachment":[{"href":"https:\/\/miumjau.ee\/lv\/wp-json\/wp\/v2\/media?parent=52504"}],"wp:term":[{"taxonomy":"product_brand","embeddable":true,"href":"https:\/\/miumjau.ee\/lv\/wp-json\/wp\/v2\/product_brand?post=52504"},{"taxonomy":"product_cat","embeddable":true,"href":"https:\/\/miumjau.ee\/lv\/wp-json\/wp\/v2\/product_cat?post=52504"},{"taxonomy":"product_tag","embeddable":true,"href":"https:\/\/miumjau.ee\/lv\/wp-json\/wp\/v2\/product_tag?post=52504"}],"curies":[{"name":"wp","href":"https:\/\/api.w.org\/{rel}","templated":true}]}}