{"id":52500,"date":"2025-02-18T09:09:50","date_gmt":"2025-02-18T07:09:50","guid":{"rendered":"https:\/\/miumjau.ee\/toode\/ontario-koslajamie-gardumi-kakiem-pile-un-trusis-3x5-g\/"},"modified":"2025-02-18T09:09:50","modified_gmt":"2025-02-18T07:09:50","slug":"ontario-koslajamie-gardumi-kakiem-pile-un-trusis-3x5-g","status":"publish","type":"product","link":"https:\/\/miumjau.ee\/lv\/produkts\/ontario-koslajamie-gardumi-kakiem-pile-un-trusis-3x5-g\/","title":{"rendered":"Ontario ko\u0161\u013c\u0101jamie gardumi ka\u0137iem, p\u012ble un trusis 3\u00d75 g"},"content":{"rendered":"","protected":false},"excerpt":{"rendered":"<p data-start=\"133\" data-end=\"289\">Gar\u0161\u012bgs, m\u012bksts un ga\u013c\u012bgs gardums, kas ir ide\u0101la uzkoda j\u016bsu ka\u0137im! Satur 90 % dz\u012bvnieku izcelsmes sast\u0101vda\u013cu, tostarp gar\u0161\u012bgu p\u012bli (15 %) un trusi (5 %).<\/p>\n<p data-start=\"291\" data-end=\"539\"><strong data-start=\"291\" data-end=\"316\">Baro\u0161anas nor\u0101d\u012bjumi:<\/strong> Dodiet ka\u0137im 1\u20132 koci\u0146us dien\u0101, atkar\u012bb\u0101 no izm\u0113ra un aktivit\u0101tes l\u012bme\u0146a. Pied\u0101v\u0101jiet k\u0101 uzkodu starp \u0113dienreiz\u0113m un piel\u0101gojiet daudzumu, lai uztur\u0113tu vesel\u012bgu \u0137erme\u0146a svaru. Vienm\u0113r nodro\u0161iniet piek\u013cuvi svaigam \u016bdenim.<\/p>\n<p data-start=\"541\" data-end=\"652\"><strong data-start=\"541\" data-end=\"553\">Sast\u0101vs:<\/strong> ga\u013ca un dz\u012bvnieku izcelsmes produkti 90 % (p\u012ble 15 %, trusis 5 %), raugs, cukurs, miner\u0101lvielas.<\/p>\n<p data-start=\"654\" data-end=\"795\"><strong data-start=\"654\" data-end=\"674\">Bar\u012bbas v\u0113rt\u012bba:<\/strong> neapstr\u0101d\u0101ts prote\u012bns 38 %, neapstr\u0101d\u0101ti tauki 19 %, neapstr\u0101d\u0101tas \u0161\u0137iedras 1 %, neapstr\u0101d\u0101ti pelni 9 %, mitrums 27 %.<\/p>\n<p data-start=\"797\" data-end=\"918\"><strong data-start=\"797\" data-end=\"840\">Pievienotie uzturvielu daudzumi (1 kg):<\/strong> A vitam\u012bns 5 000 SV, D3 vitam\u012bns 500 SV, E vitam\u012bns 5 mg, taur\u012bns 1 000 mg.<\/p>\n<p data-start=\"920\" data-end=\"971\">Gar\u0161\u012bgs un barojo\u0161s gardums, ko j\u016bsu ka\u0137is m\u012bl\u0113s!<\/p>\n","protected":false},"featured_media":52501,"template":"","meta":[],"product_brand":[],"product_cat":[570],"product_tag":[],"class_list":{"0":"post-52500","1":"product","2":"type-product","3":"status-publish","4":"has-post-thumbnail","6":"product_cat-naski","8":"first","9":"instock","10":"taxable","11":"shipping-taxable","12":"purchasable","13":"product-type-simple"},"yoast_head":"<!-- This site is optimized with the Yoast SEO plugin v27.2 - https:\/\/yoast.com\/product\/yoast-seo-wordpress\/ -->\n<title>Ontario ko\u0161\u013c\u0101jamie gardumi ka\u0137iem, p\u012ble un trusis 3\u00d75 g - MiuMjau<\/title>\n<meta name=\"robots\" content=\"index, follow, max-snippet:-1, max-image-preview:large, max-video-preview:-1\" \/>\n<link rel=\"canonical\" href=\"https:\/\/miumjau.ee\/lv\/produkts\/ontario-koslajamie-gardumi-kakiem-pile-un-trusis-3x5-g\/\" \/>\n<meta property=\"og:locale\" content=\"lv_LV\" \/>\n<meta property=\"og:type\" content=\"article\" \/>\n<meta property=\"og:title\" content=\"Ontario ko\u0161\u013c\u0101jamie gardumi ka\u0137iem, p\u012ble un trusis 3\u00d75 g - MiuMjau\" \/>\n<meta property=\"og:description\" content=\"Gar\u0161\u012bgs, m\u012bksts un ga\u013c\u012bgs gardums, kas ir ide\u0101la uzkoda j\u016bsu ka\u0137im! Satur 90 % dz\u012bvnieku izcelsmes sast\u0101vda\u013cu, tostarp gar\u0161\u012bgu p\u012bli (15 %) un trusi (5 %). Baro\u0161anas nor\u0101d\u012bjumi: Dodiet ka\u0137im 1\u20132 koci\u0146us dien\u0101, atkar\u012bb\u0101 no izm\u0113ra un aktivit\u0101tes l\u012bme\u0146a. Pied\u0101v\u0101jiet k\u0101 uzkodu starp \u0113dienreiz\u0113m un piel\u0101gojiet daudzumu, lai uztur\u0113tu vesel\u012bgu \u0137erme\u0146a svaru. Vienm\u0113r nodro\u0161iniet piek\u013cuvi svaigam \u016bdenim. Sast\u0101vs: ga\u013ca un dz\u012bvnieku izcelsmes produkti 90 % (p\u012ble 15 %, trusis 5 %), raugs, cukurs, miner\u0101lvielas. Bar\u012bbas v\u0113rt\u012bba: neapstr\u0101d\u0101ts prote\u012bns 38 %, neapstr\u0101d\u0101ti tauki 19 %, neapstr\u0101d\u0101tas \u0161\u0137iedras 1 %, neapstr\u0101d\u0101ti pelni 9 %, mitrums 27 %. Pievienotie uzturvielu daudzumi (1 kg): A vitam\u012bns 5 000 SV, D3 vitam\u012bns 500 SV, E vitam\u012bns 5 mg, taur\u012bns 1 000 mg. Gar\u0161\u012bgs un barojo\u0161s gardums, ko j\u016bsu ka\u0137is m\u012bl\u0113s!\" \/>\n<meta property=\"og:url\" content=\"https:\/\/miumjau.ee\/lv\/produkts\/ontario-koslajamie-gardumi-kakiem-pile-un-trusis-3x5-g\/\" \/>\n<meta property=\"og:site_name\" content=\"MiuMjau\" \/>\n<meta property=\"article:publisher\" content=\"https:\/\/www.facebook.com\/miumjaupood\/\" \/>\n<meta property=\"og:image\" content=\"https:\/\/miumjau.ee\/wp-content\/uploads\/2025\/02\/maius-kassidele-ontario2.jpg\" \/>\n\t<meta property=\"og:image:width\" content=\"600\" \/>\n\t<meta property=\"og:image:height\" content=\"800\" \/>\n\t<meta property=\"og:image:type\" content=\"image\/jpeg\" \/>\n<meta name=\"twitter:card\" content=\"summary_large_image\" \/>\n<script type=\"application\/ld+json\" class=\"yoast-schema-graph\">{\"@context\":\"https:\/\/schema.org\",\"@graph\":[{\"@type\":\"WebPage\",\"@id\":\"https:\/\/miumjau.ee\/lv\/produkts\/ontario-koslajamie-gardumi-kakiem-pile-un-trusis-3x5-g\/\",\"url\":\"https:\/\/miumjau.ee\/lv\/produkts\/ontario-koslajamie-gardumi-kakiem-pile-un-trusis-3x5-g\/\",\"name\":\"Ontario ko\u0161\u013c\u0101jamie gardumi ka\u0137iem, p\u012ble un trusis 3\u00d75 g - MiuMjau\",\"isPartOf\":{\"@id\":\"https:\/\/miumjau.ee\/#website\"},\"primaryImageOfPage\":{\"@id\":\"https:\/\/miumjau.ee\/lv\/produkts\/ontario-koslajamie-gardumi-kakiem-pile-un-trusis-3x5-g\/#primaryimage\"},\"image\":{\"@id\":\"https:\/\/miumjau.ee\/lv\/produkts\/ontario-koslajamie-gardumi-kakiem-pile-un-trusis-3x5-g\/#primaryimage\"},\"thumbnailUrl\":\"https:\/\/miumjau.ee\/wp-content\/uploads\/2025\/02\/maius-kassidele-ontario2.jpg\",\"datePublished\":\"2025-02-18T07:09:50+00:00\",\"breadcrumb\":{\"@id\":\"https:\/\/miumjau.ee\/lv\/produkts\/ontario-koslajamie-gardumi-kakiem-pile-un-trusis-3x5-g\/#breadcrumb\"},\"inLanguage\":\"lv-LV\",\"potentialAction\":[{\"@type\":\"ReadAction\",\"target\":[\"https:\/\/miumjau.ee\/lv\/produkts\/ontario-koslajamie-gardumi-kakiem-pile-un-trusis-3x5-g\/\"]}]},{\"@type\":\"ImageObject\",\"inLanguage\":\"lv-LV\",\"@id\":\"https:\/\/miumjau.ee\/lv\/produkts\/ontario-koslajamie-gardumi-kakiem-pile-un-trusis-3x5-g\/#primaryimage\",\"url\":\"https:\/\/miumjau.ee\/wp-content\/uploads\/2025\/02\/maius-kassidele-ontario2.jpg\",\"contentUrl\":\"https:\/\/miumjau.ee\/wp-content\/uploads\/2025\/02\/maius-kassidele-ontario2.jpg\",\"width\":600,\"height\":800},{\"@type\":\"BreadcrumbList\",\"@id\":\"https:\/\/miumjau.ee\/lv\/produkts\/ontario-koslajamie-gardumi-kakiem-pile-un-trusis-3x5-g\/#breadcrumb\",\"itemListElement\":[{\"@type\":\"ListItem\",\"position\":1,\"name\":\"Home\",\"item\":\"https:\/\/miumjau.ee\/lv\/\"},{\"@type\":\"ListItem\",\"position\":2,\"name\":\"Veikals\",\"item\":\"https:\/\/miumjau.ee\/lv\/veikals\/\"},{\"@type\":\"ListItem\",\"position\":3,\"name\":\"Ontario ko\u0161\u013c\u0101jamie gardumi ka\u0137iem, p\u012ble un trusis 3\u00d75 g\"}]},{\"@type\":\"WebSite\",\"@id\":\"https:\/\/miumjau.ee\/#website\",\"url\":\"https:\/\/miumjau.ee\/\",\"name\":\"MiuMjau\",\"description\":\"Kraapimispuud kassidele\",\"publisher\":{\"@id\":\"https:\/\/miumjau.ee\/#organization\"},\"potentialAction\":[{\"@type\":\"SearchAction\",\"target\":{\"@type\":\"EntryPoint\",\"urlTemplate\":\"https:\/\/miumjau.ee\/?s={search_term_string}\"},\"query-input\":{\"@type\":\"PropertyValueSpecification\",\"valueRequired\":true,\"valueName\":\"search_term_string\"}}],\"inLanguage\":\"lv-LV\"},{\"@type\":\"Organization\",\"@id\":\"https:\/\/miumjau.ee\/#organization\",\"name\":\"MiuMjau O\u00dc\",\"url\":\"https:\/\/miumjau.ee\/\",\"logo\":{\"@type\":\"ImageObject\",\"inLanguage\":\"lv-LV\",\"@id\":\"https:\/\/miumjau.ee\/#\/schema\/logo\/image\/\",\"url\":\"https:\/\/miumjau.ee\/wp-content\/uploads\/2022\/04\/MiuMjau-logo-kollane.png\",\"contentUrl\":\"https:\/\/miumjau.ee\/wp-content\/uploads\/2022\/04\/MiuMjau-logo-kollane.png\",\"width\":219,\"height\":100,\"caption\":\"MiuMjau O\u00dc\"},\"image\":{\"@id\":\"https:\/\/miumjau.ee\/#\/schema\/logo\/image\/\"},\"sameAs\":[\"https:\/\/www.facebook.com\/miumjaupood\/\"]}]}<\/script>\n<!-- \/ Yoast SEO plugin. -->","yoast_head_json":{"title":"Ontario ko\u0161\u013c\u0101jamie gardumi ka\u0137iem, p\u012ble un trusis 3\u00d75 g - MiuMjau","robots":{"index":"index","follow":"follow","max-snippet":"max-snippet:-1","max-image-preview":"max-image-preview:large","max-video-preview":"max-video-preview:-1"},"canonical":"https:\/\/miumjau.ee\/lv\/produkts\/ontario-koslajamie-gardumi-kakiem-pile-un-trusis-3x5-g\/","og_locale":"lv_LV","og_type":"article","og_title":"Ontario ko\u0161\u013c\u0101jamie gardumi ka\u0137iem, p\u012ble un trusis 3\u00d75 g - MiuMjau","og_description":"Gar\u0161\u012bgs, m\u012bksts un ga\u013c\u012bgs gardums, kas ir ide\u0101la uzkoda j\u016bsu ka\u0137im! Satur 90 % dz\u012bvnieku izcelsmes sast\u0101vda\u013cu, tostarp gar\u0161\u012bgu p\u012bli (15 %) un trusi (5 %). Baro\u0161anas nor\u0101d\u012bjumi: Dodiet ka\u0137im 1\u20132 koci\u0146us dien\u0101, atkar\u012bb\u0101 no izm\u0113ra un aktivit\u0101tes l\u012bme\u0146a. Pied\u0101v\u0101jiet k\u0101 uzkodu starp \u0113dienreiz\u0113m un piel\u0101gojiet daudzumu, lai uztur\u0113tu vesel\u012bgu \u0137erme\u0146a svaru. Vienm\u0113r nodro\u0161iniet piek\u013cuvi svaigam \u016bdenim. Sast\u0101vs: ga\u013ca un dz\u012bvnieku izcelsmes produkti 90 % (p\u012ble 15 %, trusis 5 %), raugs, cukurs, miner\u0101lvielas. Bar\u012bbas v\u0113rt\u012bba: neapstr\u0101d\u0101ts prote\u012bns 38 %, neapstr\u0101d\u0101ti tauki 19 %, neapstr\u0101d\u0101tas \u0161\u0137iedras 1 %, neapstr\u0101d\u0101ti pelni 9 %, mitrums 27 %. Pievienotie uzturvielu daudzumi (1 kg): A vitam\u012bns 5 000 SV, D3 vitam\u012bns 500 SV, E vitam\u012bns 5 mg, taur\u012bns 1 000 mg. Gar\u0161\u012bgs un barojo\u0161s gardums, ko j\u016bsu ka\u0137is m\u012bl\u0113s!","og_url":"https:\/\/miumjau.ee\/lv\/produkts\/ontario-koslajamie-gardumi-kakiem-pile-un-trusis-3x5-g\/","og_site_name":"MiuMjau","article_publisher":"https:\/\/www.facebook.com\/miumjaupood\/","og_image":[{"width":600,"height":800,"url":"https:\/\/miumjau.ee\/wp-content\/uploads\/2025\/02\/maius-kassidele-ontario2.jpg","type":"image\/jpeg"}],"twitter_card":"summary_large_image","schema":{"@context":"https:\/\/schema.org","@graph":[{"@type":"WebPage","@id":"https:\/\/miumjau.ee\/lv\/produkts\/ontario-koslajamie-gardumi-kakiem-pile-un-trusis-3x5-g\/","url":"https:\/\/miumjau.ee\/lv\/produkts\/ontario-koslajamie-gardumi-kakiem-pile-un-trusis-3x5-g\/","name":"Ontario ko\u0161\u013c\u0101jamie gardumi ka\u0137iem, p\u012ble un trusis 3\u00d75 g - MiuMjau","isPartOf":{"@id":"https:\/\/miumjau.ee\/#website"},"primaryImageOfPage":{"@id":"https:\/\/miumjau.ee\/lv\/produkts\/ontario-koslajamie-gardumi-kakiem-pile-un-trusis-3x5-g\/#primaryimage"},"image":{"@id":"https:\/\/miumjau.ee\/lv\/produkts\/ontario-koslajamie-gardumi-kakiem-pile-un-trusis-3x5-g\/#primaryimage"},"thumbnailUrl":"https:\/\/miumjau.ee\/wp-content\/uploads\/2025\/02\/maius-kassidele-ontario2.jpg","datePublished":"2025-02-18T07:09:50+00:00","breadcrumb":{"@id":"https:\/\/miumjau.ee\/lv\/produkts\/ontario-koslajamie-gardumi-kakiem-pile-un-trusis-3x5-g\/#breadcrumb"},"inLanguage":"lv-LV","potentialAction":[{"@type":"ReadAction","target":["https:\/\/miumjau.ee\/lv\/produkts\/ontario-koslajamie-gardumi-kakiem-pile-un-trusis-3x5-g\/"]}]},{"@type":"ImageObject","inLanguage":"lv-LV","@id":"https:\/\/miumjau.ee\/lv\/produkts\/ontario-koslajamie-gardumi-kakiem-pile-un-trusis-3x5-g\/#primaryimage","url":"https:\/\/miumjau.ee\/wp-content\/uploads\/2025\/02\/maius-kassidele-ontario2.jpg","contentUrl":"https:\/\/miumjau.ee\/wp-content\/uploads\/2025\/02\/maius-kassidele-ontario2.jpg","width":600,"height":800},{"@type":"BreadcrumbList","@id":"https:\/\/miumjau.ee\/lv\/produkts\/ontario-koslajamie-gardumi-kakiem-pile-un-trusis-3x5-g\/#breadcrumb","itemListElement":[{"@type":"ListItem","position":1,"name":"Home","item":"https:\/\/miumjau.ee\/lv\/"},{"@type":"ListItem","position":2,"name":"Veikals","item":"https:\/\/miumjau.ee\/lv\/veikals\/"},{"@type":"ListItem","position":3,"name":"Ontario ko\u0161\u013c\u0101jamie gardumi ka\u0137iem, p\u012ble un trusis 3\u00d75 g"}]},{"@type":"WebSite","@id":"https:\/\/miumjau.ee\/#website","url":"https:\/\/miumjau.ee\/","name":"MiuMjau","description":"Kraapimispuud kassidele","publisher":{"@id":"https:\/\/miumjau.ee\/#organization"},"potentialAction":[{"@type":"SearchAction","target":{"@type":"EntryPoint","urlTemplate":"https:\/\/miumjau.ee\/?s={search_term_string}"},"query-input":{"@type":"PropertyValueSpecification","valueRequired":true,"valueName":"search_term_string"}}],"inLanguage":"lv-LV"},{"@type":"Organization","@id":"https:\/\/miumjau.ee\/#organization","name":"MiuMjau O\u00dc","url":"https:\/\/miumjau.ee\/","logo":{"@type":"ImageObject","inLanguage":"lv-LV","@id":"https:\/\/miumjau.ee\/#\/schema\/logo\/image\/","url":"https:\/\/miumjau.ee\/wp-content\/uploads\/2022\/04\/MiuMjau-logo-kollane.png","contentUrl":"https:\/\/miumjau.ee\/wp-content\/uploads\/2022\/04\/MiuMjau-logo-kollane.png","width":219,"height":100,"caption":"MiuMjau O\u00dc"},"image":{"@id":"https:\/\/miumjau.ee\/#\/schema\/logo\/image\/"},"sameAs":["https:\/\/www.facebook.com\/miumjaupood\/"]}]}},"_links":{"self":[{"href":"https:\/\/miumjau.ee\/lv\/wp-json\/wp\/v2\/product\/52500","targetHints":{"allow":["GET"]}}],"collection":[{"href":"https:\/\/miumjau.ee\/lv\/wp-json\/wp\/v2\/product"}],"about":[{"href":"https:\/\/miumjau.ee\/lv\/wp-json\/wp\/v2\/types\/product"}],"wp:featuredmedia":[{"embeddable":true,"href":"https:\/\/miumjau.ee\/lv\/wp-json\/wp\/v2\/media\/52501"}],"wp:attachment":[{"href":"https:\/\/miumjau.ee\/lv\/wp-json\/wp\/v2\/media?parent=52500"}],"wp:term":[{"taxonomy":"product_brand","embeddable":true,"href":"https:\/\/miumjau.ee\/lv\/wp-json\/wp\/v2\/product_brand?post=52500"},{"taxonomy":"product_cat","embeddable":true,"href":"https:\/\/miumjau.ee\/lv\/wp-json\/wp\/v2\/product_cat?post=52500"},{"taxonomy":"product_tag","embeddable":true,"href":"https:\/\/miumjau.ee\/lv\/wp-json\/wp\/v2\/product_tag?post=52500"}],"curies":[{"name":"wp","href":"https:\/\/api.w.org\/{rel}","templated":true}]}}