{"id":52496,"date":"2025-02-18T09:05:28","date_gmt":"2025-02-18T07:05:28","guid":{"rendered":"https:\/\/miumjau.ee\/toode\/ontario-hairball-gardumi-kakiem-ar-maltozi-75-g\/"},"modified":"2025-02-18T09:05:28","modified_gmt":"2025-02-18T07:05:28","slug":"ontario-hairball-gardumi-kakiem-ar-maltozi-75-g","status":"publish","type":"product","link":"https:\/\/miumjau.ee\/lv\/produkts\/ontario-hairball-gardumi-kakiem-ar-maltozi-75-g\/","title":{"rendered":"Ontario Hairball gardumi ka\u0137iem ar maltozi 75 g"},"content":{"rendered":"","protected":false},"excerpt":{"rendered":"<p data-start=\"125\" data-end=\"278\">\u0160ie viegli porainie spilventi\u0146u formas gardumi satur A, D3 un E vitam\u012bnus un ir speci\u0101li izstr\u0101d\u0101ti, lai pal\u012bdz\u0113tu nov\u0113rst ka\u0137a matu kamolu veido\u0161anos.<\/p>\n<p data-start=\"280\" data-end=\"630\"><strong data-start=\"280\" data-end=\"292\">Sast\u0101vs:<\/strong> graudaugi 31,9 % (tai skait\u0101 mie\u017ei 4 %), ga\u013ca un dz\u012bvnieku izcelsmes produkti 20,5 % (tai skait\u0101 liellopa ga\u013ca 4 %), e\u013c\u013cas un tauki 15,1 %, augu olbaltumvielu ekstrakti 15,1 %, zivis un zivju produkti 11 %, augu blakusprodukti 5 % (tai skait\u0101 auzu \u0161\u0137iedras 4 %), miner\u0101lvielas 0,5 %, piena produkti 0,3 %, ES at\u013caut\u0101s kr\u0101svielas 0,3 %.<\/p>\n<p data-start=\"632\" data-end=\"774\"><strong data-start=\"632\" data-end=\"652\">Bar\u012bbas v\u0113rt\u012bba:<\/strong> neapstr\u0101d\u0101ts prote\u012bns 31 %, neapstr\u0101d\u0101ti tauki 20 %, neapstr\u0101d\u0101tas \u0161\u0137iedras 4 %, neapstr\u0101d\u0101ti pelni 5 %, mitrums &lt;10 %.<\/p>\n<p data-start=\"776\" data-end=\"871\"><strong data-start=\"776\" data-end=\"808\">Vitam\u012bni un piedevas (1 kg):<\/strong><br data-start=\"808\" data-end=\"811\" \/>A vitam\u012bns 9 000 SV, D3 vitam\u012bns 630 SV, E vitam\u012bns 90 mg.<\/p>\n<p data-start=\"873\" data-end=\"1081\"><strong data-start=\"873\" data-end=\"884\">K\u0101 dot:<\/strong><br data-start=\"884\" data-end=\"887\" \/>Dodiet ka\u0137im 5\u201315 gardumus dien\u0101. Piel\u0101gojiet daudzumu atbilsto\u0161i ka\u0137a vecumam, aktivit\u0101tei un vesel\u012bbas st\u0101voklim. Nepalaidiet gar\u0101m \u2013 ka\u0137im vienm\u0113r j\u0101b\u016bt pieejamam svaigam dzeramajam \u016bdenim.<\/p>\n<p data-start=\"1083\" data-end=\"1133\"><strong data-start=\"1083\" data-end=\"1099\">Uzglab\u0101\u0161ana:<\/strong><br data-start=\"1099\" data-end=\"1102\" \/>Uzglab\u0101t saus\u0101 un v\u0113s\u0101 viet\u0101.<\/p>\n<p data-start=\"1135\" data-end=\"1183\">\ud83d\udc95 Padariet sava ka\u0137a dienu gardu un vesel\u012bgu!<\/p>\n","protected":false},"featured_media":52497,"template":"","meta":[],"product_brand":[],"product_cat":[570,878],"product_tag":[],"class_list":{"0":"post-52496","1":"product","2":"type-product","3":"status-publish","4":"has-post-thumbnail","6":"product_cat-naski","7":"product_cat-vitamini-uztura-bagatinataji-kakiem","9":"first","10":"instock","11":"taxable","12":"shipping-taxable","13":"purchasable","14":"product-type-simple"},"yoast_head":"<!-- This site is optimized with the Yoast SEO plugin v27.2 - https:\/\/yoast.com\/product\/yoast-seo-wordpress\/ -->\n<title>Ontario Hairball gardumi ka\u0137iem ar maltozi 75 g - MiuMjau<\/title>\n<meta name=\"robots\" content=\"index, follow, max-snippet:-1, max-image-preview:large, max-video-preview:-1\" \/>\n<link rel=\"canonical\" href=\"https:\/\/miumjau.ee\/lv\/produkts\/ontario-hairball-gardumi-kakiem-ar-maltozi-75-g\/\" \/>\n<meta property=\"og:locale\" content=\"lv_LV\" \/>\n<meta property=\"og:type\" content=\"article\" \/>\n<meta property=\"og:title\" content=\"Ontario Hairball gardumi ka\u0137iem ar maltozi 75 g - MiuMjau\" \/>\n<meta property=\"og:description\" content=\"\u0160ie viegli porainie spilventi\u0146u formas gardumi satur A, D3 un E vitam\u012bnus un ir speci\u0101li izstr\u0101d\u0101ti, lai pal\u012bdz\u0113tu nov\u0113rst ka\u0137a matu kamolu veido\u0161anos. Sast\u0101vs: graudaugi 31,9 % (tai skait\u0101 mie\u017ei 4 %), ga\u013ca un dz\u012bvnieku izcelsmes produkti 20,5 % (tai skait\u0101 liellopa ga\u013ca 4 %), e\u013c\u013cas un tauki 15,1 %, augu olbaltumvielu ekstrakti 15,1 %, zivis un zivju produkti 11 %, augu blakusprodukti 5 % (tai skait\u0101 auzu \u0161\u0137iedras 4 %), miner\u0101lvielas 0,5 %, piena produkti 0,3 %, ES at\u013caut\u0101s kr\u0101svielas 0,3 %. Bar\u012bbas v\u0113rt\u012bba: neapstr\u0101d\u0101ts prote\u012bns 31 %, neapstr\u0101d\u0101ti tauki 20 %, neapstr\u0101d\u0101tas \u0161\u0137iedras 4 %, neapstr\u0101d\u0101ti pelni 5 %, mitrums &lt;10 %. Vitam\u012bni un piedevas (1 kg):A vitam\u012bns 9 000 SV, D3 vitam\u012bns 630 SV, E vitam\u012bns 90 mg. K\u0101 dot:Dodiet ka\u0137im 5\u201315 gardumus dien\u0101. Piel\u0101gojiet daudzumu atbilsto\u0161i ka\u0137a vecumam, aktivit\u0101tei un vesel\u012bbas st\u0101voklim. Nepalaidiet gar\u0101m \u2013 ka\u0137im vienm\u0113r j\u0101b\u016bt pieejamam svaigam dzeramajam \u016bdenim. Uzglab\u0101\u0161ana:Uzglab\u0101t saus\u0101 un v\u0113s\u0101 viet\u0101. \ud83d\udc95 Padariet sava ka\u0137a dienu gardu un vesel\u012bgu!\" \/>\n<meta property=\"og:url\" content=\"https:\/\/miumjau.ee\/lv\/produkts\/ontario-hairball-gardumi-kakiem-ar-maltozi-75-g\/\" \/>\n<meta property=\"og:site_name\" content=\"MiuMjau\" \/>\n<meta property=\"article:publisher\" content=\"https:\/\/www.facebook.com\/miumjaupood\/\" \/>\n<meta property=\"og:image\" content=\"https:\/\/miumjau.ee\/wp-content\/uploads\/2025\/02\/maius-kassidele-ontario3.jpg\" \/>\n\t<meta property=\"og:image:width\" content=\"600\" \/>\n\t<meta property=\"og:image:height\" content=\"800\" \/>\n\t<meta property=\"og:image:type\" content=\"image\/jpeg\" \/>\n<meta name=\"twitter:card\" content=\"summary_large_image\" \/>\n<script type=\"application\/ld+json\" class=\"yoast-schema-graph\">{\"@context\":\"https:\/\/schema.org\",\"@graph\":[{\"@type\":\"WebPage\",\"@id\":\"https:\/\/miumjau.ee\/lv\/produkts\/ontario-hairball-gardumi-kakiem-ar-maltozi-75-g\/\",\"url\":\"https:\/\/miumjau.ee\/lv\/produkts\/ontario-hairball-gardumi-kakiem-ar-maltozi-75-g\/\",\"name\":\"Ontario Hairball gardumi ka\u0137iem ar maltozi 75 g - MiuMjau\",\"isPartOf\":{\"@id\":\"https:\/\/miumjau.ee\/#website\"},\"primaryImageOfPage\":{\"@id\":\"https:\/\/miumjau.ee\/lv\/produkts\/ontario-hairball-gardumi-kakiem-ar-maltozi-75-g\/#primaryimage\"},\"image\":{\"@id\":\"https:\/\/miumjau.ee\/lv\/produkts\/ontario-hairball-gardumi-kakiem-ar-maltozi-75-g\/#primaryimage\"},\"thumbnailUrl\":\"https:\/\/miumjau.ee\/wp-content\/uploads\/2025\/02\/maius-kassidele-ontario3.jpg\",\"datePublished\":\"2025-02-18T07:05:28+00:00\",\"breadcrumb\":{\"@id\":\"https:\/\/miumjau.ee\/lv\/produkts\/ontario-hairball-gardumi-kakiem-ar-maltozi-75-g\/#breadcrumb\"},\"inLanguage\":\"lv-LV\",\"potentialAction\":[{\"@type\":\"ReadAction\",\"target\":[\"https:\/\/miumjau.ee\/lv\/produkts\/ontario-hairball-gardumi-kakiem-ar-maltozi-75-g\/\"]}]},{\"@type\":\"ImageObject\",\"inLanguage\":\"lv-LV\",\"@id\":\"https:\/\/miumjau.ee\/lv\/produkts\/ontario-hairball-gardumi-kakiem-ar-maltozi-75-g\/#primaryimage\",\"url\":\"https:\/\/miumjau.ee\/wp-content\/uploads\/2025\/02\/maius-kassidele-ontario3.jpg\",\"contentUrl\":\"https:\/\/miumjau.ee\/wp-content\/uploads\/2025\/02\/maius-kassidele-ontario3.jpg\",\"width\":600,\"height\":800},{\"@type\":\"BreadcrumbList\",\"@id\":\"https:\/\/miumjau.ee\/lv\/produkts\/ontario-hairball-gardumi-kakiem-ar-maltozi-75-g\/#breadcrumb\",\"itemListElement\":[{\"@type\":\"ListItem\",\"position\":1,\"name\":\"Home\",\"item\":\"https:\/\/miumjau.ee\/lv\/\"},{\"@type\":\"ListItem\",\"position\":2,\"name\":\"Veikals\",\"item\":\"https:\/\/miumjau.ee\/lv\/veikals\/\"},{\"@type\":\"ListItem\",\"position\":3,\"name\":\"Ontario Hairball gardumi ka\u0137iem ar maltozi 75 g\"}]},{\"@type\":\"WebSite\",\"@id\":\"https:\/\/miumjau.ee\/#website\",\"url\":\"https:\/\/miumjau.ee\/\",\"name\":\"MiuMjau\",\"description\":\"Kraapimispuud kassidele\",\"publisher\":{\"@id\":\"https:\/\/miumjau.ee\/#organization\"},\"potentialAction\":[{\"@type\":\"SearchAction\",\"target\":{\"@type\":\"EntryPoint\",\"urlTemplate\":\"https:\/\/miumjau.ee\/?s={search_term_string}\"},\"query-input\":{\"@type\":\"PropertyValueSpecification\",\"valueRequired\":true,\"valueName\":\"search_term_string\"}}],\"inLanguage\":\"lv-LV\"},{\"@type\":\"Organization\",\"@id\":\"https:\/\/miumjau.ee\/#organization\",\"name\":\"MiuMjau O\u00dc\",\"url\":\"https:\/\/miumjau.ee\/\",\"logo\":{\"@type\":\"ImageObject\",\"inLanguage\":\"lv-LV\",\"@id\":\"https:\/\/miumjau.ee\/#\/schema\/logo\/image\/\",\"url\":\"https:\/\/miumjau.ee\/wp-content\/uploads\/2022\/04\/MiuMjau-logo-kollane.png\",\"contentUrl\":\"https:\/\/miumjau.ee\/wp-content\/uploads\/2022\/04\/MiuMjau-logo-kollane.png\",\"width\":219,\"height\":100,\"caption\":\"MiuMjau O\u00dc\"},\"image\":{\"@id\":\"https:\/\/miumjau.ee\/#\/schema\/logo\/image\/\"},\"sameAs\":[\"https:\/\/www.facebook.com\/miumjaupood\/\"]}]}<\/script>\n<!-- \/ Yoast SEO plugin. -->","yoast_head_json":{"title":"Ontario Hairball gardumi ka\u0137iem ar maltozi 75 g - MiuMjau","robots":{"index":"index","follow":"follow","max-snippet":"max-snippet:-1","max-image-preview":"max-image-preview:large","max-video-preview":"max-video-preview:-1"},"canonical":"https:\/\/miumjau.ee\/lv\/produkts\/ontario-hairball-gardumi-kakiem-ar-maltozi-75-g\/","og_locale":"lv_LV","og_type":"article","og_title":"Ontario Hairball gardumi ka\u0137iem ar maltozi 75 g - MiuMjau","og_description":"\u0160ie viegli porainie spilventi\u0146u formas gardumi satur A, D3 un E vitam\u012bnus un ir speci\u0101li izstr\u0101d\u0101ti, lai pal\u012bdz\u0113tu nov\u0113rst ka\u0137a matu kamolu veido\u0161anos. Sast\u0101vs: graudaugi 31,9 % (tai skait\u0101 mie\u017ei 4 %), ga\u013ca un dz\u012bvnieku izcelsmes produkti 20,5 % (tai skait\u0101 liellopa ga\u013ca 4 %), e\u013c\u013cas un tauki 15,1 %, augu olbaltumvielu ekstrakti 15,1 %, zivis un zivju produkti 11 %, augu blakusprodukti 5 % (tai skait\u0101 auzu \u0161\u0137iedras 4 %), miner\u0101lvielas 0,5 %, piena produkti 0,3 %, ES at\u013caut\u0101s kr\u0101svielas 0,3 %. Bar\u012bbas v\u0113rt\u012bba: neapstr\u0101d\u0101ts prote\u012bns 31 %, neapstr\u0101d\u0101ti tauki 20 %, neapstr\u0101d\u0101tas \u0161\u0137iedras 4 %, neapstr\u0101d\u0101ti pelni 5 %, mitrums &lt;10 %. Vitam\u012bni un piedevas (1 kg):A vitam\u012bns 9 000 SV, D3 vitam\u012bns 630 SV, E vitam\u012bns 90 mg. K\u0101 dot:Dodiet ka\u0137im 5\u201315 gardumus dien\u0101. Piel\u0101gojiet daudzumu atbilsto\u0161i ka\u0137a vecumam, aktivit\u0101tei un vesel\u012bbas st\u0101voklim. Nepalaidiet gar\u0101m \u2013 ka\u0137im vienm\u0113r j\u0101b\u016bt pieejamam svaigam dzeramajam \u016bdenim. Uzglab\u0101\u0161ana:Uzglab\u0101t saus\u0101 un v\u0113s\u0101 viet\u0101. \ud83d\udc95 Padariet sava ka\u0137a dienu gardu un vesel\u012bgu!","og_url":"https:\/\/miumjau.ee\/lv\/produkts\/ontario-hairball-gardumi-kakiem-ar-maltozi-75-g\/","og_site_name":"MiuMjau","article_publisher":"https:\/\/www.facebook.com\/miumjaupood\/","og_image":[{"width":600,"height":800,"url":"https:\/\/miumjau.ee\/wp-content\/uploads\/2025\/02\/maius-kassidele-ontario3.jpg","type":"image\/jpeg"}],"twitter_card":"summary_large_image","schema":{"@context":"https:\/\/schema.org","@graph":[{"@type":"WebPage","@id":"https:\/\/miumjau.ee\/lv\/produkts\/ontario-hairball-gardumi-kakiem-ar-maltozi-75-g\/","url":"https:\/\/miumjau.ee\/lv\/produkts\/ontario-hairball-gardumi-kakiem-ar-maltozi-75-g\/","name":"Ontario Hairball gardumi ka\u0137iem ar maltozi 75 g - MiuMjau","isPartOf":{"@id":"https:\/\/miumjau.ee\/#website"},"primaryImageOfPage":{"@id":"https:\/\/miumjau.ee\/lv\/produkts\/ontario-hairball-gardumi-kakiem-ar-maltozi-75-g\/#primaryimage"},"image":{"@id":"https:\/\/miumjau.ee\/lv\/produkts\/ontario-hairball-gardumi-kakiem-ar-maltozi-75-g\/#primaryimage"},"thumbnailUrl":"https:\/\/miumjau.ee\/wp-content\/uploads\/2025\/02\/maius-kassidele-ontario3.jpg","datePublished":"2025-02-18T07:05:28+00:00","breadcrumb":{"@id":"https:\/\/miumjau.ee\/lv\/produkts\/ontario-hairball-gardumi-kakiem-ar-maltozi-75-g\/#breadcrumb"},"inLanguage":"lv-LV","potentialAction":[{"@type":"ReadAction","target":["https:\/\/miumjau.ee\/lv\/produkts\/ontario-hairball-gardumi-kakiem-ar-maltozi-75-g\/"]}]},{"@type":"ImageObject","inLanguage":"lv-LV","@id":"https:\/\/miumjau.ee\/lv\/produkts\/ontario-hairball-gardumi-kakiem-ar-maltozi-75-g\/#primaryimage","url":"https:\/\/miumjau.ee\/wp-content\/uploads\/2025\/02\/maius-kassidele-ontario3.jpg","contentUrl":"https:\/\/miumjau.ee\/wp-content\/uploads\/2025\/02\/maius-kassidele-ontario3.jpg","width":600,"height":800},{"@type":"BreadcrumbList","@id":"https:\/\/miumjau.ee\/lv\/produkts\/ontario-hairball-gardumi-kakiem-ar-maltozi-75-g\/#breadcrumb","itemListElement":[{"@type":"ListItem","position":1,"name":"Home","item":"https:\/\/miumjau.ee\/lv\/"},{"@type":"ListItem","position":2,"name":"Veikals","item":"https:\/\/miumjau.ee\/lv\/veikals\/"},{"@type":"ListItem","position":3,"name":"Ontario Hairball gardumi ka\u0137iem ar maltozi 75 g"}]},{"@type":"WebSite","@id":"https:\/\/miumjau.ee\/#website","url":"https:\/\/miumjau.ee\/","name":"MiuMjau","description":"Kraapimispuud kassidele","publisher":{"@id":"https:\/\/miumjau.ee\/#organization"},"potentialAction":[{"@type":"SearchAction","target":{"@type":"EntryPoint","urlTemplate":"https:\/\/miumjau.ee\/?s={search_term_string}"},"query-input":{"@type":"PropertyValueSpecification","valueRequired":true,"valueName":"search_term_string"}}],"inLanguage":"lv-LV"},{"@type":"Organization","@id":"https:\/\/miumjau.ee\/#organization","name":"MiuMjau O\u00dc","url":"https:\/\/miumjau.ee\/","logo":{"@type":"ImageObject","inLanguage":"lv-LV","@id":"https:\/\/miumjau.ee\/#\/schema\/logo\/image\/","url":"https:\/\/miumjau.ee\/wp-content\/uploads\/2022\/04\/MiuMjau-logo-kollane.png","contentUrl":"https:\/\/miumjau.ee\/wp-content\/uploads\/2022\/04\/MiuMjau-logo-kollane.png","width":219,"height":100,"caption":"MiuMjau O\u00dc"},"image":{"@id":"https:\/\/miumjau.ee\/#\/schema\/logo\/image\/"},"sameAs":["https:\/\/www.facebook.com\/miumjaupood\/"]}]}},"_links":{"self":[{"href":"https:\/\/miumjau.ee\/lv\/wp-json\/wp\/v2\/product\/52496","targetHints":{"allow":["GET"]}}],"collection":[{"href":"https:\/\/miumjau.ee\/lv\/wp-json\/wp\/v2\/product"}],"about":[{"href":"https:\/\/miumjau.ee\/lv\/wp-json\/wp\/v2\/types\/product"}],"wp:featuredmedia":[{"embeddable":true,"href":"https:\/\/miumjau.ee\/lv\/wp-json\/wp\/v2\/media\/52497"}],"wp:attachment":[{"href":"https:\/\/miumjau.ee\/lv\/wp-json\/wp\/v2\/media?parent=52496"}],"wp:term":[{"taxonomy":"product_brand","embeddable":true,"href":"https:\/\/miumjau.ee\/lv\/wp-json\/wp\/v2\/product_brand?post=52496"},{"taxonomy":"product_cat","embeddable":true,"href":"https:\/\/miumjau.ee\/lv\/wp-json\/wp\/v2\/product_cat?post=52496"},{"taxonomy":"product_tag","embeddable":true,"href":"https:\/\/miumjau.ee\/lv\/wp-json\/wp\/v2\/product_tag?post=52496"}],"curies":[{"name":"wp","href":"https:\/\/api.w.org\/{rel}","templated":true}]}}