{"id":52492,"date":"2025-02-18T09:03:48","date_gmt":"2025-02-18T07:03:48","guid":{"rendered":"https:\/\/miumjau.ee\/toode\/ontario-dental-gardumi-kakiem-ar-zobu-higienas-atbalstu-75-g\/"},"modified":"2025-02-18T09:03:48","modified_gmt":"2025-02-18T07:03:48","slug":"ontario-dental-gardumi-kakiem-ar-zobu-higienas-atbalstu-75-g","status":"publish","type":"product","link":"https:\/\/miumjau.ee\/lv\/produkts\/ontario-dental-gardumi-kakiem-ar-zobu-higienas-atbalstu-75-g\/","title":{"rendered":"Ontario Dental gardumi ka\u0137iem ar zobu higi\u0113nas atbalstu 75 g"},"content":{"rendered":"","protected":false},"excerpt":{"rendered":"<p data-start=\"136\" data-end=\"211\">Vistas gar\u0161as gardumi ka\u0137iem \u2013 r\u016bp\u0113jies par sava ka\u0137a zobiem un smagan\u0101m!<\/p>\n<p data-start=\"213\" data-end=\"384\">Pabaro savu ka\u0137i ar gardu un noder\u012bgu gardumu! \u0160ie \u012bpa\u0161as formas gardumi pal\u012bdz uztur\u0113t ka\u0137a zobus un smaganas vesel\u012bgas, vienlaikus pied\u0101v\u0101jot neatvair\u0101mu vistas gar\u0161u.<\/p>\n<p data-start=\"386\" data-end=\"611\"><strong data-start=\"386\" data-end=\"398\">Sast\u0101vs:<\/strong> graudaugi 50,1 %, ga\u013ca un dz\u012bvnieku izcelsmes produkti 24,8 %, zivis un zivju produkti 10,7 %, e\u013c\u013cas un tauki 8,1 %, miner\u0101lvielas 2,1 %, augu olbaltumvielu ekstrakti 1,8 %, olas un olu produkti 1 %, raugs 1 %.<\/p>\n<p data-start=\"613\" data-end=\"757\"><strong data-start=\"613\" data-end=\"633\">Bar\u012bbas v\u0113rt\u012bba:<\/strong> neapstr\u0101d\u0101ts prote\u012bns 28 %, neapstr\u0101d\u0101ti tauki 14 %, neapstr\u0101d\u0101tas \u0161\u0137iedras 1 %, neapstr\u0101d\u0101ti pelni 7,5 %, mitrums &lt;10 %.<\/p>\n<p data-start=\"759\" data-end=\"856\"><strong data-start=\"759\" data-end=\"791\">Vitam\u012bni un piedevas (1 kg):<\/strong><br data-start=\"791\" data-end=\"794\" \/>A vitam\u012bns 12 000 SV, D3 vitam\u012bns 840 SV, E vitam\u012bns 120 mg.<\/p>\n<p data-start=\"858\" data-end=\"1065\"><strong data-start=\"858\" data-end=\"869\">K\u0101 dot:<\/strong><br data-start=\"869\" data-end=\"872\" \/>Dodiet ka\u0137im 5\u201310 gardumus dien\u0101. Piel\u0101gojiet daudzumu atkar\u012bb\u0101 no ka\u0137a vecuma, aktivit\u0101tes un vesel\u012bbas st\u0101vok\u013ca. Nepalaidiet gar\u0101m \u2013 ka\u0137im vienm\u0113r j\u0101b\u016bt pieejamam svaigam dzeramajam \u016bdenim.<\/p>\n<p data-start=\"1067\" data-end=\"1117\"><strong data-start=\"1067\" data-end=\"1083\">Uzglab\u0101\u0161ana:<\/strong><br data-start=\"1083\" data-end=\"1086\" \/>Uzglab\u0101t saus\u0101 un v\u0113s\u0101 viet\u0101.<\/p>\n<p data-start=\"1119\" data-end=\"1165\">\ud83d\udc95 Padari sava ka\u0137a dienu gardu un vesel\u012bgu!<\/p>\n","protected":false},"featured_media":52493,"template":"","meta":[],"product_brand":[],"product_cat":[570,878],"product_tag":[],"class_list":{"0":"post-52492","1":"product","2":"type-product","3":"status-publish","4":"has-post-thumbnail","6":"product_cat-naski","7":"product_cat-vitamini-uztura-bagatinataji-kakiem","9":"first","10":"instock","11":"taxable","12":"shipping-taxable","13":"purchasable","14":"product-type-simple"},"yoast_head":"<!-- This site is optimized with the Yoast SEO plugin v27.2 - https:\/\/yoast.com\/product\/yoast-seo-wordpress\/ -->\n<title>Ontario Dental gardumi ka\u0137iem ar zobu higi\u0113nas atbalstu 75 g - MiuMjau<\/title>\n<meta name=\"robots\" content=\"index, follow, max-snippet:-1, max-image-preview:large, max-video-preview:-1\" \/>\n<link rel=\"canonical\" href=\"https:\/\/miumjau.ee\/lv\/produkts\/ontario-dental-gardumi-kakiem-ar-zobu-higienas-atbalstu-75-g\/\" \/>\n<meta property=\"og:locale\" content=\"lv_LV\" \/>\n<meta property=\"og:type\" content=\"article\" \/>\n<meta property=\"og:title\" content=\"Ontario Dental gardumi ka\u0137iem ar zobu higi\u0113nas atbalstu 75 g - MiuMjau\" \/>\n<meta property=\"og:description\" content=\"Vistas gar\u0161as gardumi ka\u0137iem \u2013 r\u016bp\u0113jies par sava ka\u0137a zobiem un smagan\u0101m! Pabaro savu ka\u0137i ar gardu un noder\u012bgu gardumu! \u0160ie \u012bpa\u0161as formas gardumi pal\u012bdz uztur\u0113t ka\u0137a zobus un smaganas vesel\u012bgas, vienlaikus pied\u0101v\u0101jot neatvair\u0101mu vistas gar\u0161u. Sast\u0101vs: graudaugi 50,1 %, ga\u013ca un dz\u012bvnieku izcelsmes produkti 24,8 %, zivis un zivju produkti 10,7 %, e\u013c\u013cas un tauki 8,1 %, miner\u0101lvielas 2,1 %, augu olbaltumvielu ekstrakti 1,8 %, olas un olu produkti 1 %, raugs 1 %. Bar\u012bbas v\u0113rt\u012bba: neapstr\u0101d\u0101ts prote\u012bns 28 %, neapstr\u0101d\u0101ti tauki 14 %, neapstr\u0101d\u0101tas \u0161\u0137iedras 1 %, neapstr\u0101d\u0101ti pelni 7,5 %, mitrums &lt;10 %. Vitam\u012bni un piedevas (1 kg):A vitam\u012bns 12 000 SV, D3 vitam\u012bns 840 SV, E vitam\u012bns 120 mg. K\u0101 dot:Dodiet ka\u0137im 5\u201310 gardumus dien\u0101. Piel\u0101gojiet daudzumu atkar\u012bb\u0101 no ka\u0137a vecuma, aktivit\u0101tes un vesel\u012bbas st\u0101vok\u013ca. Nepalaidiet gar\u0101m \u2013 ka\u0137im vienm\u0113r j\u0101b\u016bt pieejamam svaigam dzeramajam \u016bdenim. Uzglab\u0101\u0161ana:Uzglab\u0101t saus\u0101 un v\u0113s\u0101 viet\u0101. \ud83d\udc95 Padari sava ka\u0137a dienu gardu un vesel\u012bgu!\" \/>\n<meta property=\"og:url\" content=\"https:\/\/miumjau.ee\/lv\/produkts\/ontario-dental-gardumi-kakiem-ar-zobu-higienas-atbalstu-75-g\/\" \/>\n<meta property=\"og:site_name\" content=\"MiuMjau\" \/>\n<meta property=\"article:publisher\" content=\"https:\/\/www.facebook.com\/miumjaupood\/\" \/>\n<meta property=\"og:image\" content=\"https:\/\/miumjau.ee\/wp-content\/uploads\/2025\/02\/maius-kassidele-ontario4.jpg\" \/>\n\t<meta property=\"og:image:width\" content=\"600\" \/>\n\t<meta property=\"og:image:height\" content=\"800\" \/>\n\t<meta property=\"og:image:type\" content=\"image\/jpeg\" \/>\n<meta name=\"twitter:card\" content=\"summary_large_image\" \/>\n<script type=\"application\/ld+json\" class=\"yoast-schema-graph\">{\"@context\":\"https:\/\/schema.org\",\"@graph\":[{\"@type\":\"WebPage\",\"@id\":\"https:\/\/miumjau.ee\/lv\/produkts\/ontario-dental-gardumi-kakiem-ar-zobu-higienas-atbalstu-75-g\/\",\"url\":\"https:\/\/miumjau.ee\/lv\/produkts\/ontario-dental-gardumi-kakiem-ar-zobu-higienas-atbalstu-75-g\/\",\"name\":\"Ontario Dental gardumi ka\u0137iem ar zobu higi\u0113nas atbalstu 75 g - MiuMjau\",\"isPartOf\":{\"@id\":\"https:\/\/miumjau.ee\/#website\"},\"primaryImageOfPage\":{\"@id\":\"https:\/\/miumjau.ee\/lv\/produkts\/ontario-dental-gardumi-kakiem-ar-zobu-higienas-atbalstu-75-g\/#primaryimage\"},\"image\":{\"@id\":\"https:\/\/miumjau.ee\/lv\/produkts\/ontario-dental-gardumi-kakiem-ar-zobu-higienas-atbalstu-75-g\/#primaryimage\"},\"thumbnailUrl\":\"https:\/\/miumjau.ee\/wp-content\/uploads\/2025\/02\/maius-kassidele-ontario4.jpg\",\"datePublished\":\"2025-02-18T07:03:48+00:00\",\"breadcrumb\":{\"@id\":\"https:\/\/miumjau.ee\/lv\/produkts\/ontario-dental-gardumi-kakiem-ar-zobu-higienas-atbalstu-75-g\/#breadcrumb\"},\"inLanguage\":\"lv-LV\",\"potentialAction\":[{\"@type\":\"ReadAction\",\"target\":[\"https:\/\/miumjau.ee\/lv\/produkts\/ontario-dental-gardumi-kakiem-ar-zobu-higienas-atbalstu-75-g\/\"]}]},{\"@type\":\"ImageObject\",\"inLanguage\":\"lv-LV\",\"@id\":\"https:\/\/miumjau.ee\/lv\/produkts\/ontario-dental-gardumi-kakiem-ar-zobu-higienas-atbalstu-75-g\/#primaryimage\",\"url\":\"https:\/\/miumjau.ee\/wp-content\/uploads\/2025\/02\/maius-kassidele-ontario4.jpg\",\"contentUrl\":\"https:\/\/miumjau.ee\/wp-content\/uploads\/2025\/02\/maius-kassidele-ontario4.jpg\",\"width\":600,\"height\":800},{\"@type\":\"BreadcrumbList\",\"@id\":\"https:\/\/miumjau.ee\/lv\/produkts\/ontario-dental-gardumi-kakiem-ar-zobu-higienas-atbalstu-75-g\/#breadcrumb\",\"itemListElement\":[{\"@type\":\"ListItem\",\"position\":1,\"name\":\"Home\",\"item\":\"https:\/\/miumjau.ee\/lv\/\"},{\"@type\":\"ListItem\",\"position\":2,\"name\":\"Veikals\",\"item\":\"https:\/\/miumjau.ee\/lv\/veikals\/\"},{\"@type\":\"ListItem\",\"position\":3,\"name\":\"Ontario Dental gardumi ka\u0137iem ar zobu higi\u0113nas atbalstu 75 g\"}]},{\"@type\":\"WebSite\",\"@id\":\"https:\/\/miumjau.ee\/#website\",\"url\":\"https:\/\/miumjau.ee\/\",\"name\":\"MiuMjau\",\"description\":\"Kraapimispuud kassidele\",\"publisher\":{\"@id\":\"https:\/\/miumjau.ee\/#organization\"},\"potentialAction\":[{\"@type\":\"SearchAction\",\"target\":{\"@type\":\"EntryPoint\",\"urlTemplate\":\"https:\/\/miumjau.ee\/?s={search_term_string}\"},\"query-input\":{\"@type\":\"PropertyValueSpecification\",\"valueRequired\":true,\"valueName\":\"search_term_string\"}}],\"inLanguage\":\"lv-LV\"},{\"@type\":\"Organization\",\"@id\":\"https:\/\/miumjau.ee\/#organization\",\"name\":\"MiuMjau O\u00dc\",\"url\":\"https:\/\/miumjau.ee\/\",\"logo\":{\"@type\":\"ImageObject\",\"inLanguage\":\"lv-LV\",\"@id\":\"https:\/\/miumjau.ee\/#\/schema\/logo\/image\/\",\"url\":\"https:\/\/miumjau.ee\/wp-content\/uploads\/2022\/04\/MiuMjau-logo-kollane.png\",\"contentUrl\":\"https:\/\/miumjau.ee\/wp-content\/uploads\/2022\/04\/MiuMjau-logo-kollane.png\",\"width\":219,\"height\":100,\"caption\":\"MiuMjau O\u00dc\"},\"image\":{\"@id\":\"https:\/\/miumjau.ee\/#\/schema\/logo\/image\/\"},\"sameAs\":[\"https:\/\/www.facebook.com\/miumjaupood\/\"]}]}<\/script>\n<!-- \/ Yoast SEO plugin. -->","yoast_head_json":{"title":"Ontario Dental gardumi ka\u0137iem ar zobu higi\u0113nas atbalstu 75 g - MiuMjau","robots":{"index":"index","follow":"follow","max-snippet":"max-snippet:-1","max-image-preview":"max-image-preview:large","max-video-preview":"max-video-preview:-1"},"canonical":"https:\/\/miumjau.ee\/lv\/produkts\/ontario-dental-gardumi-kakiem-ar-zobu-higienas-atbalstu-75-g\/","og_locale":"lv_LV","og_type":"article","og_title":"Ontario Dental gardumi ka\u0137iem ar zobu higi\u0113nas atbalstu 75 g - MiuMjau","og_description":"Vistas gar\u0161as gardumi ka\u0137iem \u2013 r\u016bp\u0113jies par sava ka\u0137a zobiem un smagan\u0101m! Pabaro savu ka\u0137i ar gardu un noder\u012bgu gardumu! \u0160ie \u012bpa\u0161as formas gardumi pal\u012bdz uztur\u0113t ka\u0137a zobus un smaganas vesel\u012bgas, vienlaikus pied\u0101v\u0101jot neatvair\u0101mu vistas gar\u0161u. Sast\u0101vs: graudaugi 50,1 %, ga\u013ca un dz\u012bvnieku izcelsmes produkti 24,8 %, zivis un zivju produkti 10,7 %, e\u013c\u013cas un tauki 8,1 %, miner\u0101lvielas 2,1 %, augu olbaltumvielu ekstrakti 1,8 %, olas un olu produkti 1 %, raugs 1 %. Bar\u012bbas v\u0113rt\u012bba: neapstr\u0101d\u0101ts prote\u012bns 28 %, neapstr\u0101d\u0101ti tauki 14 %, neapstr\u0101d\u0101tas \u0161\u0137iedras 1 %, neapstr\u0101d\u0101ti pelni 7,5 %, mitrums &lt;10 %. Vitam\u012bni un piedevas (1 kg):A vitam\u012bns 12 000 SV, D3 vitam\u012bns 840 SV, E vitam\u012bns 120 mg. K\u0101 dot:Dodiet ka\u0137im 5\u201310 gardumus dien\u0101. Piel\u0101gojiet daudzumu atkar\u012bb\u0101 no ka\u0137a vecuma, aktivit\u0101tes un vesel\u012bbas st\u0101vok\u013ca. Nepalaidiet gar\u0101m \u2013 ka\u0137im vienm\u0113r j\u0101b\u016bt pieejamam svaigam dzeramajam \u016bdenim. Uzglab\u0101\u0161ana:Uzglab\u0101t saus\u0101 un v\u0113s\u0101 viet\u0101. \ud83d\udc95 Padari sava ka\u0137a dienu gardu un vesel\u012bgu!","og_url":"https:\/\/miumjau.ee\/lv\/produkts\/ontario-dental-gardumi-kakiem-ar-zobu-higienas-atbalstu-75-g\/","og_site_name":"MiuMjau","article_publisher":"https:\/\/www.facebook.com\/miumjaupood\/","og_image":[{"width":600,"height":800,"url":"https:\/\/miumjau.ee\/wp-content\/uploads\/2025\/02\/maius-kassidele-ontario4.jpg","type":"image\/jpeg"}],"twitter_card":"summary_large_image","schema":{"@context":"https:\/\/schema.org","@graph":[{"@type":"WebPage","@id":"https:\/\/miumjau.ee\/lv\/produkts\/ontario-dental-gardumi-kakiem-ar-zobu-higienas-atbalstu-75-g\/","url":"https:\/\/miumjau.ee\/lv\/produkts\/ontario-dental-gardumi-kakiem-ar-zobu-higienas-atbalstu-75-g\/","name":"Ontario Dental gardumi ka\u0137iem ar zobu higi\u0113nas atbalstu 75 g - MiuMjau","isPartOf":{"@id":"https:\/\/miumjau.ee\/#website"},"primaryImageOfPage":{"@id":"https:\/\/miumjau.ee\/lv\/produkts\/ontario-dental-gardumi-kakiem-ar-zobu-higienas-atbalstu-75-g\/#primaryimage"},"image":{"@id":"https:\/\/miumjau.ee\/lv\/produkts\/ontario-dental-gardumi-kakiem-ar-zobu-higienas-atbalstu-75-g\/#primaryimage"},"thumbnailUrl":"https:\/\/miumjau.ee\/wp-content\/uploads\/2025\/02\/maius-kassidele-ontario4.jpg","datePublished":"2025-02-18T07:03:48+00:00","breadcrumb":{"@id":"https:\/\/miumjau.ee\/lv\/produkts\/ontario-dental-gardumi-kakiem-ar-zobu-higienas-atbalstu-75-g\/#breadcrumb"},"inLanguage":"lv-LV","potentialAction":[{"@type":"ReadAction","target":["https:\/\/miumjau.ee\/lv\/produkts\/ontario-dental-gardumi-kakiem-ar-zobu-higienas-atbalstu-75-g\/"]}]},{"@type":"ImageObject","inLanguage":"lv-LV","@id":"https:\/\/miumjau.ee\/lv\/produkts\/ontario-dental-gardumi-kakiem-ar-zobu-higienas-atbalstu-75-g\/#primaryimage","url":"https:\/\/miumjau.ee\/wp-content\/uploads\/2025\/02\/maius-kassidele-ontario4.jpg","contentUrl":"https:\/\/miumjau.ee\/wp-content\/uploads\/2025\/02\/maius-kassidele-ontario4.jpg","width":600,"height":800},{"@type":"BreadcrumbList","@id":"https:\/\/miumjau.ee\/lv\/produkts\/ontario-dental-gardumi-kakiem-ar-zobu-higienas-atbalstu-75-g\/#breadcrumb","itemListElement":[{"@type":"ListItem","position":1,"name":"Home","item":"https:\/\/miumjau.ee\/lv\/"},{"@type":"ListItem","position":2,"name":"Veikals","item":"https:\/\/miumjau.ee\/lv\/veikals\/"},{"@type":"ListItem","position":3,"name":"Ontario Dental gardumi ka\u0137iem ar zobu higi\u0113nas atbalstu 75 g"}]},{"@type":"WebSite","@id":"https:\/\/miumjau.ee\/#website","url":"https:\/\/miumjau.ee\/","name":"MiuMjau","description":"Kraapimispuud kassidele","publisher":{"@id":"https:\/\/miumjau.ee\/#organization"},"potentialAction":[{"@type":"SearchAction","target":{"@type":"EntryPoint","urlTemplate":"https:\/\/miumjau.ee\/?s={search_term_string}"},"query-input":{"@type":"PropertyValueSpecification","valueRequired":true,"valueName":"search_term_string"}}],"inLanguage":"lv-LV"},{"@type":"Organization","@id":"https:\/\/miumjau.ee\/#organization","name":"MiuMjau O\u00dc","url":"https:\/\/miumjau.ee\/","logo":{"@type":"ImageObject","inLanguage":"lv-LV","@id":"https:\/\/miumjau.ee\/#\/schema\/logo\/image\/","url":"https:\/\/miumjau.ee\/wp-content\/uploads\/2022\/04\/MiuMjau-logo-kollane.png","contentUrl":"https:\/\/miumjau.ee\/wp-content\/uploads\/2022\/04\/MiuMjau-logo-kollane.png","width":219,"height":100,"caption":"MiuMjau O\u00dc"},"image":{"@id":"https:\/\/miumjau.ee\/#\/schema\/logo\/image\/"},"sameAs":["https:\/\/www.facebook.com\/miumjaupood\/"]}]}},"_links":{"self":[{"href":"https:\/\/miumjau.ee\/lv\/wp-json\/wp\/v2\/product\/52492","targetHints":{"allow":["GET"]}}],"collection":[{"href":"https:\/\/miumjau.ee\/lv\/wp-json\/wp\/v2\/product"}],"about":[{"href":"https:\/\/miumjau.ee\/lv\/wp-json\/wp\/v2\/types\/product"}],"wp:featuredmedia":[{"embeddable":true,"href":"https:\/\/miumjau.ee\/lv\/wp-json\/wp\/v2\/media\/52493"}],"wp:attachment":[{"href":"https:\/\/miumjau.ee\/lv\/wp-json\/wp\/v2\/media?parent=52492"}],"wp:term":[{"taxonomy":"product_brand","embeddable":true,"href":"https:\/\/miumjau.ee\/lv\/wp-json\/wp\/v2\/product_brand?post=52492"},{"taxonomy":"product_cat","embeddable":true,"href":"https:\/\/miumjau.ee\/lv\/wp-json\/wp\/v2\/product_cat?post=52492"},{"taxonomy":"product_tag","embeddable":true,"href":"https:\/\/miumjau.ee\/lv\/wp-json\/wp\/v2\/product_tag?post=52492"}],"curies":[{"name":"wp","href":"https:\/\/api.w.org\/{rel}","templated":true}]}}