{"id":52490,"date":"2025-02-17T21:19:17","date_gmt":"2025-02-17T19:19:17","guid":{"rendered":"https:\/\/miumjau.ee\/toode\/ontario-herb-kitten-chicken-herbs-liver-80-g\/"},"modified":"2025-02-17T21:19:17","modified_gmt":"2025-02-17T19:19:17","slug":"ontario-herb-kitten-chicken-herbs-liver-80-g","status":"publish","type":"product","link":"https:\/\/miumjau.ee\/lv\/produkts\/ontario-herb-kitten-chicken-herbs-liver-80-g\/","title":{"rendered":"Ontario Herb Kitten chicken, herbs, liver 80 g"},"content":{"rendered":"","protected":false},"excerpt":{"rendered":"<p data-start=\"149\" data-end=\"486\">Papildbar\u012bba ka\u0137\u0113niem no 1 m\u0113ne\u0161a vecuma. Gardeni vistas gabali\u0146i ar akn\u0101m un saldajiem kartupe\u013ciem izsmalcin\u0101t\u0101 m\u0113rc\u0113, kas veicina \u0161\u0137idruma uz\u0146em\u0161anu. Ide\u0101la izv\u0113le augo\u0161am ka\u0137\u0113nam, nodro\u0161inot barojo\u0161as sast\u0101vda\u013cas vesel\u012bgai att\u012bst\u012bbai un vitalit\u0101tei. Dab\u012bga un r\u016bp\u012bgi sabalans\u0113ta recepte nodro\u0161ina j\u016bsu ka\u0137\u0113nam vislab\u0101ko dz\u012bves s\u0101kumu.<\/p>\n<p data-start=\"488\" data-end=\"928\">\u2714 <strong data-start=\"490\" data-end=\"508\">Dab\u012bgs sast\u0101vs<\/strong> \u2013 42 % vista, vistas aknas, saldie kartupe\u013ci, dz\u0113rvenes un r\u012bsi.<br data-start=\"573\" data-end=\"576\" \/>\u2714 <strong data-start=\"578\" data-end=\"599\">Vesel\u012bgi gar\u0161augi<\/strong> \u2013 rozmar\u012bns atbalsta gremo\u0161anu un darbojas k\u0101 dab\u012bgs antioksidants.<br data-start=\"667\" data-end=\"670\" \/>\u2714 <strong data-start=\"672\" data-end=\"699\">Superprodukts dz\u0113rvenes<\/strong> \u2013 bag\u0101ts antioksidantu un vitam\u012bnu avots.<br data-start=\"741\" data-end=\"744\" \/>\u2714 <strong data-start=\"746\" data-end=\"772\">Bez m\u0101ksl\u012bg\u0101m piedev\u0101m<\/strong> \u2013 nesatur kr\u0101svielas, konservantus un nevajadz\u012bgas piedevas.<br data-start=\"833\" data-end=\"836\" \/>\u2714 <strong data-start=\"838\" data-end=\"863\">Daudzpus\u012bga lieto\u0161ana<\/strong> \u2013 ide\u0101li piem\u0113rots k\u0101 uzkoda vai pievieno\u0161anai sausajai bar\u012bbai.<\/p>\n<p data-start=\"930\" data-end=\"1032\"><strong data-start=\"930\" data-end=\"942\">Sast\u0101vs:<\/strong> 42 % vista, 5 % vistas aknas, 2 % saldie kartupe\u013ci, 1,2 % dz\u0113rvenes, r\u012bsi, rozmar\u012bns u.c.<\/p>\n<p data-start=\"1034\" data-end=\"1134\"><strong data-start=\"1034\" data-end=\"1062\">Anal\u012btisk\u0101s sast\u0101vda\u013cas:<\/strong> Prote\u012bns 9,5 %, tauki 1 %, \u0161\u0137iedrvielas 0,5 %, pelni 2 %, mitrums 86 %.<\/p>\n<p data-start=\"1136\" data-end=\"1278\"><strong data-start=\"1136\" data-end=\"1152\">Uzglab\u0101\u0161ana:<\/strong> Uzglab\u0101t saus\u0101 un v\u0113s\u0101 viet\u0101. P\u0113c atv\u0113r\u0161anas glab\u0101t ledusskap\u012b un izlietot 3 dienu laik\u0101. Nodro\u0161in\u0101t piek\u013cuvi svaigam \u016bdenim.<\/p>\n","protected":false},"featured_media":52479,"template":"","meta":[],"product_brand":[],"product_cat":[571],"product_tag":[],"class_list":{"0":"post-52490","1":"product","2":"type-product","3":"status-publish","4":"has-post-thumbnail","6":"product_cat-mitra-bariba","8":"first","9":"instock","10":"sale","11":"taxable","12":"shipping-taxable","13":"purchasable","14":"product-type-simple"},"yoast_head":"<!-- This site is optimized with the Yoast SEO plugin v27.2 - https:\/\/yoast.com\/product\/yoast-seo-wordpress\/ -->\n<title>Ontario Herb Kitten chicken, herbs, liver 80 g - MiuMjau<\/title>\n<meta name=\"robots\" content=\"index, follow, max-snippet:-1, max-image-preview:large, max-video-preview:-1\" \/>\n<link rel=\"canonical\" href=\"https:\/\/miumjau.ee\/lv\/produkts\/ontario-herb-kitten-chicken-herbs-liver-80-g\/\" \/>\n<meta property=\"og:locale\" content=\"lv_LV\" \/>\n<meta property=\"og:type\" content=\"article\" \/>\n<meta property=\"og:title\" content=\"Ontario Herb Kitten chicken, herbs, liver 80 g - MiuMjau\" \/>\n<meta property=\"og:description\" content=\"Papildbar\u012bba ka\u0137\u0113niem no 1 m\u0113ne\u0161a vecuma. Gardeni vistas gabali\u0146i ar akn\u0101m un saldajiem kartupe\u013ciem izsmalcin\u0101t\u0101 m\u0113rc\u0113, kas veicina \u0161\u0137idruma uz\u0146em\u0161anu. Ide\u0101la izv\u0113le augo\u0161am ka\u0137\u0113nam, nodro\u0161inot barojo\u0161as sast\u0101vda\u013cas vesel\u012bgai att\u012bst\u012bbai un vitalit\u0101tei. Dab\u012bga un r\u016bp\u012bgi sabalans\u0113ta recepte nodro\u0161ina j\u016bsu ka\u0137\u0113nam vislab\u0101ko dz\u012bves s\u0101kumu. \u2714 Dab\u012bgs sast\u0101vs \u2013 42 % vista, vistas aknas, saldie kartupe\u013ci, dz\u0113rvenes un r\u012bsi.\u2714 Vesel\u012bgi gar\u0161augi \u2013 rozmar\u012bns atbalsta gremo\u0161anu un darbojas k\u0101 dab\u012bgs antioksidants.\u2714 Superprodukts dz\u0113rvenes \u2013 bag\u0101ts antioksidantu un vitam\u012bnu avots.\u2714 Bez m\u0101ksl\u012bg\u0101m piedev\u0101m \u2013 nesatur kr\u0101svielas, konservantus un nevajadz\u012bgas piedevas.\u2714 Daudzpus\u012bga lieto\u0161ana \u2013 ide\u0101li piem\u0113rots k\u0101 uzkoda vai pievieno\u0161anai sausajai bar\u012bbai. Sast\u0101vs: 42 % vista, 5 % vistas aknas, 2 % saldie kartupe\u013ci, 1,2 % dz\u0113rvenes, r\u012bsi, rozmar\u012bns u.c. Anal\u012btisk\u0101s sast\u0101vda\u013cas: Prote\u012bns 9,5 %, tauki 1 %, \u0161\u0137iedrvielas 0,5 %, pelni 2 %, mitrums 86 %. Uzglab\u0101\u0161ana: Uzglab\u0101t saus\u0101 un v\u0113s\u0101 viet\u0101. P\u0113c atv\u0113r\u0161anas glab\u0101t ledusskap\u012b un izlietot 3 dienu laik\u0101. Nodro\u0161in\u0101t piek\u013cuvi svaigam \u016bdenim.\" \/>\n<meta property=\"og:url\" content=\"https:\/\/miumjau.ee\/lv\/produkts\/ontario-herb-kitten-chicken-herbs-liver-80-g\/\" \/>\n<meta property=\"og:site_name\" content=\"MiuMjau\" \/>\n<meta property=\"article:publisher\" content=\"https:\/\/www.facebook.com\/miumjaupood\/\" \/>\n<meta property=\"og:image\" content=\"https:\/\/miumjau.ee\/wp-content\/uploads\/2025\/02\/ontario-herb-margtoit-kassile1.jpg\" \/>\n\t<meta property=\"og:image:width\" content=\"600\" \/>\n\t<meta property=\"og:image:height\" content=\"800\" \/>\n\t<meta property=\"og:image:type\" content=\"image\/jpeg\" \/>\n<meta name=\"twitter:card\" content=\"summary_large_image\" \/>\n<script type=\"application\/ld+json\" class=\"yoast-schema-graph\">{\"@context\":\"https:\/\/schema.org\",\"@graph\":[{\"@type\":\"WebPage\",\"@id\":\"https:\/\/miumjau.ee\/lv\/produkts\/ontario-herb-kitten-chicken-herbs-liver-80-g\/\",\"url\":\"https:\/\/miumjau.ee\/lv\/produkts\/ontario-herb-kitten-chicken-herbs-liver-80-g\/\",\"name\":\"Ontario Herb Kitten chicken, herbs, liver 80 g - MiuMjau\",\"isPartOf\":{\"@id\":\"https:\/\/miumjau.ee\/#website\"},\"primaryImageOfPage\":{\"@id\":\"https:\/\/miumjau.ee\/lv\/produkts\/ontario-herb-kitten-chicken-herbs-liver-80-g\/#primaryimage\"},\"image\":{\"@id\":\"https:\/\/miumjau.ee\/lv\/produkts\/ontario-herb-kitten-chicken-herbs-liver-80-g\/#primaryimage\"},\"thumbnailUrl\":\"https:\/\/miumjau.ee\/wp-content\/uploads\/2025\/02\/ontario-herb-margtoit-kassile1.jpg\",\"datePublished\":\"2025-02-17T19:19:17+00:00\",\"breadcrumb\":{\"@id\":\"https:\/\/miumjau.ee\/lv\/produkts\/ontario-herb-kitten-chicken-herbs-liver-80-g\/#breadcrumb\"},\"inLanguage\":\"lv-LV\",\"potentialAction\":[{\"@type\":\"ReadAction\",\"target\":[\"https:\/\/miumjau.ee\/lv\/produkts\/ontario-herb-kitten-chicken-herbs-liver-80-g\/\"]}]},{\"@type\":\"ImageObject\",\"inLanguage\":\"lv-LV\",\"@id\":\"https:\/\/miumjau.ee\/lv\/produkts\/ontario-herb-kitten-chicken-herbs-liver-80-g\/#primaryimage\",\"url\":\"https:\/\/miumjau.ee\/wp-content\/uploads\/2025\/02\/ontario-herb-margtoit-kassile1.jpg\",\"contentUrl\":\"https:\/\/miumjau.ee\/wp-content\/uploads\/2025\/02\/ontario-herb-margtoit-kassile1.jpg\",\"width\":600,\"height\":800},{\"@type\":\"BreadcrumbList\",\"@id\":\"https:\/\/miumjau.ee\/lv\/produkts\/ontario-herb-kitten-chicken-herbs-liver-80-g\/#breadcrumb\",\"itemListElement\":[{\"@type\":\"ListItem\",\"position\":1,\"name\":\"Home\",\"item\":\"https:\/\/miumjau.ee\/lv\/\"},{\"@type\":\"ListItem\",\"position\":2,\"name\":\"Veikals\",\"item\":\"https:\/\/miumjau.ee\/lv\/veikals\/\"},{\"@type\":\"ListItem\",\"position\":3,\"name\":\"Ontario Herb Kitten chicken, herbs, liver 80 g\"}]},{\"@type\":\"WebSite\",\"@id\":\"https:\/\/miumjau.ee\/#website\",\"url\":\"https:\/\/miumjau.ee\/\",\"name\":\"MiuMjau\",\"description\":\"Kraapimispuud kassidele\",\"publisher\":{\"@id\":\"https:\/\/miumjau.ee\/#organization\"},\"potentialAction\":[{\"@type\":\"SearchAction\",\"target\":{\"@type\":\"EntryPoint\",\"urlTemplate\":\"https:\/\/miumjau.ee\/?s={search_term_string}\"},\"query-input\":{\"@type\":\"PropertyValueSpecification\",\"valueRequired\":true,\"valueName\":\"search_term_string\"}}],\"inLanguage\":\"lv-LV\"},{\"@type\":\"Organization\",\"@id\":\"https:\/\/miumjau.ee\/#organization\",\"name\":\"MiuMjau O\u00dc\",\"url\":\"https:\/\/miumjau.ee\/\",\"logo\":{\"@type\":\"ImageObject\",\"inLanguage\":\"lv-LV\",\"@id\":\"https:\/\/miumjau.ee\/#\/schema\/logo\/image\/\",\"url\":\"https:\/\/miumjau.ee\/wp-content\/uploads\/2022\/04\/MiuMjau-logo-kollane.png\",\"contentUrl\":\"https:\/\/miumjau.ee\/wp-content\/uploads\/2022\/04\/MiuMjau-logo-kollane.png\",\"width\":219,\"height\":100,\"caption\":\"MiuMjau O\u00dc\"},\"image\":{\"@id\":\"https:\/\/miumjau.ee\/#\/schema\/logo\/image\/\"},\"sameAs\":[\"https:\/\/www.facebook.com\/miumjaupood\/\"]}]}<\/script>\n<!-- \/ Yoast SEO plugin. -->","yoast_head_json":{"title":"Ontario Herb Kitten chicken, herbs, liver 80 g - MiuMjau","robots":{"index":"index","follow":"follow","max-snippet":"max-snippet:-1","max-image-preview":"max-image-preview:large","max-video-preview":"max-video-preview:-1"},"canonical":"https:\/\/miumjau.ee\/lv\/produkts\/ontario-herb-kitten-chicken-herbs-liver-80-g\/","og_locale":"lv_LV","og_type":"article","og_title":"Ontario Herb Kitten chicken, herbs, liver 80 g - MiuMjau","og_description":"Papildbar\u012bba ka\u0137\u0113niem no 1 m\u0113ne\u0161a vecuma. Gardeni vistas gabali\u0146i ar akn\u0101m un saldajiem kartupe\u013ciem izsmalcin\u0101t\u0101 m\u0113rc\u0113, kas veicina \u0161\u0137idruma uz\u0146em\u0161anu. Ide\u0101la izv\u0113le augo\u0161am ka\u0137\u0113nam, nodro\u0161inot barojo\u0161as sast\u0101vda\u013cas vesel\u012bgai att\u012bst\u012bbai un vitalit\u0101tei. Dab\u012bga un r\u016bp\u012bgi sabalans\u0113ta recepte nodro\u0161ina j\u016bsu ka\u0137\u0113nam vislab\u0101ko dz\u012bves s\u0101kumu. \u2714 Dab\u012bgs sast\u0101vs \u2013 42 % vista, vistas aknas, saldie kartupe\u013ci, dz\u0113rvenes un r\u012bsi.\u2714 Vesel\u012bgi gar\u0161augi \u2013 rozmar\u012bns atbalsta gremo\u0161anu un darbojas k\u0101 dab\u012bgs antioksidants.\u2714 Superprodukts dz\u0113rvenes \u2013 bag\u0101ts antioksidantu un vitam\u012bnu avots.\u2714 Bez m\u0101ksl\u012bg\u0101m piedev\u0101m \u2013 nesatur kr\u0101svielas, konservantus un nevajadz\u012bgas piedevas.\u2714 Daudzpus\u012bga lieto\u0161ana \u2013 ide\u0101li piem\u0113rots k\u0101 uzkoda vai pievieno\u0161anai sausajai bar\u012bbai. Sast\u0101vs: 42 % vista, 5 % vistas aknas, 2 % saldie kartupe\u013ci, 1,2 % dz\u0113rvenes, r\u012bsi, rozmar\u012bns u.c. Anal\u012btisk\u0101s sast\u0101vda\u013cas: Prote\u012bns 9,5 %, tauki 1 %, \u0161\u0137iedrvielas 0,5 %, pelni 2 %, mitrums 86 %. Uzglab\u0101\u0161ana: Uzglab\u0101t saus\u0101 un v\u0113s\u0101 viet\u0101. P\u0113c atv\u0113r\u0161anas glab\u0101t ledusskap\u012b un izlietot 3 dienu laik\u0101. Nodro\u0161in\u0101t piek\u013cuvi svaigam \u016bdenim.","og_url":"https:\/\/miumjau.ee\/lv\/produkts\/ontario-herb-kitten-chicken-herbs-liver-80-g\/","og_site_name":"MiuMjau","article_publisher":"https:\/\/www.facebook.com\/miumjaupood\/","og_image":[{"width":600,"height":800,"url":"https:\/\/miumjau.ee\/wp-content\/uploads\/2025\/02\/ontario-herb-margtoit-kassile1.jpg","type":"image\/jpeg"}],"twitter_card":"summary_large_image","schema":{"@context":"https:\/\/schema.org","@graph":[{"@type":"WebPage","@id":"https:\/\/miumjau.ee\/lv\/produkts\/ontario-herb-kitten-chicken-herbs-liver-80-g\/","url":"https:\/\/miumjau.ee\/lv\/produkts\/ontario-herb-kitten-chicken-herbs-liver-80-g\/","name":"Ontario Herb Kitten chicken, herbs, liver 80 g - MiuMjau","isPartOf":{"@id":"https:\/\/miumjau.ee\/#website"},"primaryImageOfPage":{"@id":"https:\/\/miumjau.ee\/lv\/produkts\/ontario-herb-kitten-chicken-herbs-liver-80-g\/#primaryimage"},"image":{"@id":"https:\/\/miumjau.ee\/lv\/produkts\/ontario-herb-kitten-chicken-herbs-liver-80-g\/#primaryimage"},"thumbnailUrl":"https:\/\/miumjau.ee\/wp-content\/uploads\/2025\/02\/ontario-herb-margtoit-kassile1.jpg","datePublished":"2025-02-17T19:19:17+00:00","breadcrumb":{"@id":"https:\/\/miumjau.ee\/lv\/produkts\/ontario-herb-kitten-chicken-herbs-liver-80-g\/#breadcrumb"},"inLanguage":"lv-LV","potentialAction":[{"@type":"ReadAction","target":["https:\/\/miumjau.ee\/lv\/produkts\/ontario-herb-kitten-chicken-herbs-liver-80-g\/"]}]},{"@type":"ImageObject","inLanguage":"lv-LV","@id":"https:\/\/miumjau.ee\/lv\/produkts\/ontario-herb-kitten-chicken-herbs-liver-80-g\/#primaryimage","url":"https:\/\/miumjau.ee\/wp-content\/uploads\/2025\/02\/ontario-herb-margtoit-kassile1.jpg","contentUrl":"https:\/\/miumjau.ee\/wp-content\/uploads\/2025\/02\/ontario-herb-margtoit-kassile1.jpg","width":600,"height":800},{"@type":"BreadcrumbList","@id":"https:\/\/miumjau.ee\/lv\/produkts\/ontario-herb-kitten-chicken-herbs-liver-80-g\/#breadcrumb","itemListElement":[{"@type":"ListItem","position":1,"name":"Home","item":"https:\/\/miumjau.ee\/lv\/"},{"@type":"ListItem","position":2,"name":"Veikals","item":"https:\/\/miumjau.ee\/lv\/veikals\/"},{"@type":"ListItem","position":3,"name":"Ontario Herb Kitten chicken, herbs, liver 80 g"}]},{"@type":"WebSite","@id":"https:\/\/miumjau.ee\/#website","url":"https:\/\/miumjau.ee\/","name":"MiuMjau","description":"Kraapimispuud kassidele","publisher":{"@id":"https:\/\/miumjau.ee\/#organization"},"potentialAction":[{"@type":"SearchAction","target":{"@type":"EntryPoint","urlTemplate":"https:\/\/miumjau.ee\/?s={search_term_string}"},"query-input":{"@type":"PropertyValueSpecification","valueRequired":true,"valueName":"search_term_string"}}],"inLanguage":"lv-LV"},{"@type":"Organization","@id":"https:\/\/miumjau.ee\/#organization","name":"MiuMjau O\u00dc","url":"https:\/\/miumjau.ee\/","logo":{"@type":"ImageObject","inLanguage":"lv-LV","@id":"https:\/\/miumjau.ee\/#\/schema\/logo\/image\/","url":"https:\/\/miumjau.ee\/wp-content\/uploads\/2022\/04\/MiuMjau-logo-kollane.png","contentUrl":"https:\/\/miumjau.ee\/wp-content\/uploads\/2022\/04\/MiuMjau-logo-kollane.png","width":219,"height":100,"caption":"MiuMjau O\u00dc"},"image":{"@id":"https:\/\/miumjau.ee\/#\/schema\/logo\/image\/"},"sameAs":["https:\/\/www.facebook.com\/miumjaupood\/"]}]}},"_links":{"self":[{"href":"https:\/\/miumjau.ee\/lv\/wp-json\/wp\/v2\/product\/52490","targetHints":{"allow":["GET"]}}],"collection":[{"href":"https:\/\/miumjau.ee\/lv\/wp-json\/wp\/v2\/product"}],"about":[{"href":"https:\/\/miumjau.ee\/lv\/wp-json\/wp\/v2\/types\/product"}],"wp:featuredmedia":[{"embeddable":true,"href":"https:\/\/miumjau.ee\/lv\/wp-json\/wp\/v2\/media\/52479"}],"wp:attachment":[{"href":"https:\/\/miumjau.ee\/lv\/wp-json\/wp\/v2\/media?parent=52490"}],"wp:term":[{"taxonomy":"product_brand","embeddable":true,"href":"https:\/\/miumjau.ee\/lv\/wp-json\/wp\/v2\/product_brand?post=52490"},{"taxonomy":"product_cat","embeddable":true,"href":"https:\/\/miumjau.ee\/lv\/wp-json\/wp\/v2\/product_cat?post=52490"},{"taxonomy":"product_tag","embeddable":true,"href":"https:\/\/miumjau.ee\/lv\/wp-json\/wp\/v2\/product_tag?post=52490"}],"curies":[{"name":"wp","href":"https:\/\/api.w.org\/{rel}","templated":true}]}}