{"id":52478,"date":"2025-02-17T21:18:19","date_gmt":"2025-02-17T19:18:19","guid":{"rendered":"https:\/\/miumjau.ee\/toode\/ontario-herb-mitra-bariba-kakiem-vistas-gala-ar-makreli-80-g\/"},"modified":"2025-02-17T21:18:19","modified_gmt":"2025-02-17T19:18:19","slug":"ontario-herb-mitra-bariba-kakiem-vistas-gala-ar-makreli-80-g","status":"publish","type":"product","link":"https:\/\/miumjau.ee\/lv\/produkts\/ontario-herb-mitra-bariba-kakiem-vistas-gala-ar-makreli-80-g\/","title":{"rendered":"Ontario Herb mitr\u0101 bar\u012bba ka\u0137iem, vistas ga\u013ca ar makreli 80 g"},"content":{"rendered":"","protected":false},"excerpt":{"rendered":"<p data-start=\"135\" data-end=\"493\">Dab\u012bga un gar\u0161\u012bga papildbar\u012bba pieaugu\u0161iem ka\u0137iem, kas apmierin\u0101s pat visizv\u0113l\u012bg\u0101ko gar\u0161u. \u012apa\u0161ais rozmar\u012bna papildin\u0101jums atbalsta gremo\u0161anu un nodro\u0161ina vesel\u012bgu izv\u0113li ikdienas baro\u0161anai vai k\u0101 uzkodu. Augstais vistas saturs nodro\u0161ina izcilu olbaltumvielu avotu, savuk\u0101rt makrele satur vesel\u012bgus taukus, olbaltumvielas, omega-3 tauksk\u0101bes un B12 vitam\u012bnu.<\/p>\n<p data-start=\"495\" data-end=\"631\">Pagatavots no r\u016bp\u012bgi atlas\u012bt\u0101m sast\u0101vda\u013c\u0101m bez m\u0101ksl\u012bg\u0101m piedev\u0101m, kr\u0101sviel\u0101m un konservantiem \u2013 tie\u0161i tas, kas nepiecie\u0161ams j\u016bsu ka\u0137im.<\/p>\n<p data-start=\"633\" data-end=\"772\"><strong data-start=\"633\" data-end=\"645\">Sast\u0101vs:<\/strong> Vista 51 %, \u016bdens 41,8 %, makrele 4 %, r\u012bsi 1 %, r\u012bsu milti 1 %, kartupe\u013cu ciete 0,8 %, guar\u0101na gumija 0,3 %, rozmar\u012bns 0,1 %.<\/p>\n","protected":false},"featured_media":52480,"template":"","meta":[],"product_brand":[],"product_cat":[571],"product_tag":[],"class_list":{"0":"post-52478","1":"product","2":"type-product","3":"status-publish","4":"has-post-thumbnail","6":"product_cat-mitra-bariba","8":"first","9":"instock","10":"sale","11":"taxable","12":"shipping-taxable","13":"purchasable","14":"product-type-simple"},"yoast_head":"<!-- This site is optimized with the Yoast SEO plugin v27.2 - https:\/\/yoast.com\/product\/yoast-seo-wordpress\/ -->\n<title>Ontario Herb mitr\u0101 bar\u012bba ka\u0137iem, vistas ga\u013ca ar makreli 80 g - MiuMjau<\/title>\n<meta name=\"robots\" content=\"index, follow, max-snippet:-1, max-image-preview:large, max-video-preview:-1\" \/>\n<link rel=\"canonical\" href=\"https:\/\/miumjau.ee\/lv\/produkts\/ontario-herb-mitra-bariba-kakiem-vistas-gala-ar-makreli-80-g\/\" \/>\n<meta property=\"og:locale\" content=\"lv_LV\" \/>\n<meta property=\"og:type\" content=\"article\" \/>\n<meta property=\"og:title\" content=\"Ontario Herb mitr\u0101 bar\u012bba ka\u0137iem, vistas ga\u013ca ar makreli 80 g - MiuMjau\" \/>\n<meta property=\"og:description\" content=\"Dab\u012bga un gar\u0161\u012bga papildbar\u012bba pieaugu\u0161iem ka\u0137iem, kas apmierin\u0101s pat visizv\u0113l\u012bg\u0101ko gar\u0161u. \u012apa\u0161ais rozmar\u012bna papildin\u0101jums atbalsta gremo\u0161anu un nodro\u0161ina vesel\u012bgu izv\u0113li ikdienas baro\u0161anai vai k\u0101 uzkodu. Augstais vistas saturs nodro\u0161ina izcilu olbaltumvielu avotu, savuk\u0101rt makrele satur vesel\u012bgus taukus, olbaltumvielas, omega-3 tauksk\u0101bes un B12 vitam\u012bnu. Pagatavots no r\u016bp\u012bgi atlas\u012bt\u0101m sast\u0101vda\u013c\u0101m bez m\u0101ksl\u012bg\u0101m piedev\u0101m, kr\u0101sviel\u0101m un konservantiem \u2013 tie\u0161i tas, kas nepiecie\u0161ams j\u016bsu ka\u0137im. Sast\u0101vs: Vista 51 %, \u016bdens 41,8 %, makrele 4 %, r\u012bsi 1 %, r\u012bsu milti 1 %, kartupe\u013cu ciete 0,8 %, guar\u0101na gumija 0,3 %, rozmar\u012bns 0,1 %.\" \/>\n<meta property=\"og:url\" content=\"https:\/\/miumjau.ee\/lv\/produkts\/ontario-herb-mitra-bariba-kakiem-vistas-gala-ar-makreli-80-g\/\" \/>\n<meta property=\"og:site_name\" content=\"MiuMjau\" \/>\n<meta property=\"article:publisher\" content=\"https:\/\/www.facebook.com\/miumjaupood\/\" \/>\n<meta property=\"og:image\" content=\"https:\/\/miumjau.ee\/wp-content\/uploads\/2025\/02\/ontario-herb-margtoit-kassile2.jpg\" \/>\n\t<meta property=\"og:image:width\" content=\"600\" \/>\n\t<meta property=\"og:image:height\" content=\"800\" \/>\n\t<meta property=\"og:image:type\" content=\"image\/jpeg\" \/>\n<meta name=\"twitter:card\" content=\"summary_large_image\" \/>\n<script type=\"application\/ld+json\" class=\"yoast-schema-graph\">{\"@context\":\"https:\/\/schema.org\",\"@graph\":[{\"@type\":\"WebPage\",\"@id\":\"https:\/\/miumjau.ee\/lv\/produkts\/ontario-herb-mitra-bariba-kakiem-vistas-gala-ar-makreli-80-g\/\",\"url\":\"https:\/\/miumjau.ee\/lv\/produkts\/ontario-herb-mitra-bariba-kakiem-vistas-gala-ar-makreli-80-g\/\",\"name\":\"Ontario Herb mitr\u0101 bar\u012bba ka\u0137iem, vistas ga\u013ca ar makreli 80 g - MiuMjau\",\"isPartOf\":{\"@id\":\"https:\/\/miumjau.ee\/#website\"},\"primaryImageOfPage\":{\"@id\":\"https:\/\/miumjau.ee\/lv\/produkts\/ontario-herb-mitra-bariba-kakiem-vistas-gala-ar-makreli-80-g\/#primaryimage\"},\"image\":{\"@id\":\"https:\/\/miumjau.ee\/lv\/produkts\/ontario-herb-mitra-bariba-kakiem-vistas-gala-ar-makreli-80-g\/#primaryimage\"},\"thumbnailUrl\":\"https:\/\/miumjau.ee\/wp-content\/uploads\/2025\/02\/ontario-herb-margtoit-kassile2.jpg\",\"datePublished\":\"2025-02-17T19:18:19+00:00\",\"breadcrumb\":{\"@id\":\"https:\/\/miumjau.ee\/lv\/produkts\/ontario-herb-mitra-bariba-kakiem-vistas-gala-ar-makreli-80-g\/#breadcrumb\"},\"inLanguage\":\"lv-LV\",\"potentialAction\":[{\"@type\":\"ReadAction\",\"target\":[\"https:\/\/miumjau.ee\/lv\/produkts\/ontario-herb-mitra-bariba-kakiem-vistas-gala-ar-makreli-80-g\/\"]}]},{\"@type\":\"ImageObject\",\"inLanguage\":\"lv-LV\",\"@id\":\"https:\/\/miumjau.ee\/lv\/produkts\/ontario-herb-mitra-bariba-kakiem-vistas-gala-ar-makreli-80-g\/#primaryimage\",\"url\":\"https:\/\/miumjau.ee\/wp-content\/uploads\/2025\/02\/ontario-herb-margtoit-kassile2.jpg\",\"contentUrl\":\"https:\/\/miumjau.ee\/wp-content\/uploads\/2025\/02\/ontario-herb-margtoit-kassile2.jpg\",\"width\":600,\"height\":800},{\"@type\":\"BreadcrumbList\",\"@id\":\"https:\/\/miumjau.ee\/lv\/produkts\/ontario-herb-mitra-bariba-kakiem-vistas-gala-ar-makreli-80-g\/#breadcrumb\",\"itemListElement\":[{\"@type\":\"ListItem\",\"position\":1,\"name\":\"Home\",\"item\":\"https:\/\/miumjau.ee\/lv\/\"},{\"@type\":\"ListItem\",\"position\":2,\"name\":\"Veikals\",\"item\":\"https:\/\/miumjau.ee\/lv\/veikals\/\"},{\"@type\":\"ListItem\",\"position\":3,\"name\":\"Ontario Herb mitr\u0101 bar\u012bba ka\u0137iem, vistas ga\u013ca ar makreli 80 g\"}]},{\"@type\":\"WebSite\",\"@id\":\"https:\/\/miumjau.ee\/#website\",\"url\":\"https:\/\/miumjau.ee\/\",\"name\":\"MiuMjau\",\"description\":\"Kraapimispuud kassidele\",\"publisher\":{\"@id\":\"https:\/\/miumjau.ee\/#organization\"},\"potentialAction\":[{\"@type\":\"SearchAction\",\"target\":{\"@type\":\"EntryPoint\",\"urlTemplate\":\"https:\/\/miumjau.ee\/?s={search_term_string}\"},\"query-input\":{\"@type\":\"PropertyValueSpecification\",\"valueRequired\":true,\"valueName\":\"search_term_string\"}}],\"inLanguage\":\"lv-LV\"},{\"@type\":\"Organization\",\"@id\":\"https:\/\/miumjau.ee\/#organization\",\"name\":\"MiuMjau O\u00dc\",\"url\":\"https:\/\/miumjau.ee\/\",\"logo\":{\"@type\":\"ImageObject\",\"inLanguage\":\"lv-LV\",\"@id\":\"https:\/\/miumjau.ee\/#\/schema\/logo\/image\/\",\"url\":\"https:\/\/miumjau.ee\/wp-content\/uploads\/2022\/04\/MiuMjau-logo-kollane.png\",\"contentUrl\":\"https:\/\/miumjau.ee\/wp-content\/uploads\/2022\/04\/MiuMjau-logo-kollane.png\",\"width\":219,\"height\":100,\"caption\":\"MiuMjau O\u00dc\"},\"image\":{\"@id\":\"https:\/\/miumjau.ee\/#\/schema\/logo\/image\/\"},\"sameAs\":[\"https:\/\/www.facebook.com\/miumjaupood\/\"]}]}<\/script>\n<!-- \/ Yoast SEO plugin. -->","yoast_head_json":{"title":"Ontario Herb mitr\u0101 bar\u012bba ka\u0137iem, vistas ga\u013ca ar makreli 80 g - MiuMjau","robots":{"index":"index","follow":"follow","max-snippet":"max-snippet:-1","max-image-preview":"max-image-preview:large","max-video-preview":"max-video-preview:-1"},"canonical":"https:\/\/miumjau.ee\/lv\/produkts\/ontario-herb-mitra-bariba-kakiem-vistas-gala-ar-makreli-80-g\/","og_locale":"lv_LV","og_type":"article","og_title":"Ontario Herb mitr\u0101 bar\u012bba ka\u0137iem, vistas ga\u013ca ar makreli 80 g - MiuMjau","og_description":"Dab\u012bga un gar\u0161\u012bga papildbar\u012bba pieaugu\u0161iem ka\u0137iem, kas apmierin\u0101s pat visizv\u0113l\u012bg\u0101ko gar\u0161u. \u012apa\u0161ais rozmar\u012bna papildin\u0101jums atbalsta gremo\u0161anu un nodro\u0161ina vesel\u012bgu izv\u0113li ikdienas baro\u0161anai vai k\u0101 uzkodu. Augstais vistas saturs nodro\u0161ina izcilu olbaltumvielu avotu, savuk\u0101rt makrele satur vesel\u012bgus taukus, olbaltumvielas, omega-3 tauksk\u0101bes un B12 vitam\u012bnu. Pagatavots no r\u016bp\u012bgi atlas\u012bt\u0101m sast\u0101vda\u013c\u0101m bez m\u0101ksl\u012bg\u0101m piedev\u0101m, kr\u0101sviel\u0101m un konservantiem \u2013 tie\u0161i tas, kas nepiecie\u0161ams j\u016bsu ka\u0137im. Sast\u0101vs: Vista 51 %, \u016bdens 41,8 %, makrele 4 %, r\u012bsi 1 %, r\u012bsu milti 1 %, kartupe\u013cu ciete 0,8 %, guar\u0101na gumija 0,3 %, rozmar\u012bns 0,1 %.","og_url":"https:\/\/miumjau.ee\/lv\/produkts\/ontario-herb-mitra-bariba-kakiem-vistas-gala-ar-makreli-80-g\/","og_site_name":"MiuMjau","article_publisher":"https:\/\/www.facebook.com\/miumjaupood\/","og_image":[{"width":600,"height":800,"url":"https:\/\/miumjau.ee\/wp-content\/uploads\/2025\/02\/ontario-herb-margtoit-kassile2.jpg","type":"image\/jpeg"}],"twitter_card":"summary_large_image","schema":{"@context":"https:\/\/schema.org","@graph":[{"@type":"WebPage","@id":"https:\/\/miumjau.ee\/lv\/produkts\/ontario-herb-mitra-bariba-kakiem-vistas-gala-ar-makreli-80-g\/","url":"https:\/\/miumjau.ee\/lv\/produkts\/ontario-herb-mitra-bariba-kakiem-vistas-gala-ar-makreli-80-g\/","name":"Ontario Herb mitr\u0101 bar\u012bba ka\u0137iem, vistas ga\u013ca ar makreli 80 g - MiuMjau","isPartOf":{"@id":"https:\/\/miumjau.ee\/#website"},"primaryImageOfPage":{"@id":"https:\/\/miumjau.ee\/lv\/produkts\/ontario-herb-mitra-bariba-kakiem-vistas-gala-ar-makreli-80-g\/#primaryimage"},"image":{"@id":"https:\/\/miumjau.ee\/lv\/produkts\/ontario-herb-mitra-bariba-kakiem-vistas-gala-ar-makreli-80-g\/#primaryimage"},"thumbnailUrl":"https:\/\/miumjau.ee\/wp-content\/uploads\/2025\/02\/ontario-herb-margtoit-kassile2.jpg","datePublished":"2025-02-17T19:18:19+00:00","breadcrumb":{"@id":"https:\/\/miumjau.ee\/lv\/produkts\/ontario-herb-mitra-bariba-kakiem-vistas-gala-ar-makreli-80-g\/#breadcrumb"},"inLanguage":"lv-LV","potentialAction":[{"@type":"ReadAction","target":["https:\/\/miumjau.ee\/lv\/produkts\/ontario-herb-mitra-bariba-kakiem-vistas-gala-ar-makreli-80-g\/"]}]},{"@type":"ImageObject","inLanguage":"lv-LV","@id":"https:\/\/miumjau.ee\/lv\/produkts\/ontario-herb-mitra-bariba-kakiem-vistas-gala-ar-makreli-80-g\/#primaryimage","url":"https:\/\/miumjau.ee\/wp-content\/uploads\/2025\/02\/ontario-herb-margtoit-kassile2.jpg","contentUrl":"https:\/\/miumjau.ee\/wp-content\/uploads\/2025\/02\/ontario-herb-margtoit-kassile2.jpg","width":600,"height":800},{"@type":"BreadcrumbList","@id":"https:\/\/miumjau.ee\/lv\/produkts\/ontario-herb-mitra-bariba-kakiem-vistas-gala-ar-makreli-80-g\/#breadcrumb","itemListElement":[{"@type":"ListItem","position":1,"name":"Home","item":"https:\/\/miumjau.ee\/lv\/"},{"@type":"ListItem","position":2,"name":"Veikals","item":"https:\/\/miumjau.ee\/lv\/veikals\/"},{"@type":"ListItem","position":3,"name":"Ontario Herb mitr\u0101 bar\u012bba ka\u0137iem, vistas ga\u013ca ar makreli 80 g"}]},{"@type":"WebSite","@id":"https:\/\/miumjau.ee\/#website","url":"https:\/\/miumjau.ee\/","name":"MiuMjau","description":"Kraapimispuud kassidele","publisher":{"@id":"https:\/\/miumjau.ee\/#organization"},"potentialAction":[{"@type":"SearchAction","target":{"@type":"EntryPoint","urlTemplate":"https:\/\/miumjau.ee\/?s={search_term_string}"},"query-input":{"@type":"PropertyValueSpecification","valueRequired":true,"valueName":"search_term_string"}}],"inLanguage":"lv-LV"},{"@type":"Organization","@id":"https:\/\/miumjau.ee\/#organization","name":"MiuMjau O\u00dc","url":"https:\/\/miumjau.ee\/","logo":{"@type":"ImageObject","inLanguage":"lv-LV","@id":"https:\/\/miumjau.ee\/#\/schema\/logo\/image\/","url":"https:\/\/miumjau.ee\/wp-content\/uploads\/2022\/04\/MiuMjau-logo-kollane.png","contentUrl":"https:\/\/miumjau.ee\/wp-content\/uploads\/2022\/04\/MiuMjau-logo-kollane.png","width":219,"height":100,"caption":"MiuMjau O\u00dc"},"image":{"@id":"https:\/\/miumjau.ee\/#\/schema\/logo\/image\/"},"sameAs":["https:\/\/www.facebook.com\/miumjaupood\/"]}]}},"_links":{"self":[{"href":"https:\/\/miumjau.ee\/lv\/wp-json\/wp\/v2\/product\/52478","targetHints":{"allow":["GET"]}}],"collection":[{"href":"https:\/\/miumjau.ee\/lv\/wp-json\/wp\/v2\/product"}],"about":[{"href":"https:\/\/miumjau.ee\/lv\/wp-json\/wp\/v2\/types\/product"}],"wp:featuredmedia":[{"embeddable":true,"href":"https:\/\/miumjau.ee\/lv\/wp-json\/wp\/v2\/media\/52480"}],"wp:attachment":[{"href":"https:\/\/miumjau.ee\/lv\/wp-json\/wp\/v2\/media?parent=52478"}],"wp:term":[{"taxonomy":"product_brand","embeddable":true,"href":"https:\/\/miumjau.ee\/lv\/wp-json\/wp\/v2\/product_brand?post=52478"},{"taxonomy":"product_cat","embeddable":true,"href":"https:\/\/miumjau.ee\/lv\/wp-json\/wp\/v2\/product_cat?post=52478"},{"taxonomy":"product_tag","embeddable":true,"href":"https:\/\/miumjau.ee\/lv\/wp-json\/wp\/v2\/product_tag?post=52478"}],"curies":[{"name":"wp","href":"https:\/\/api.w.org\/{rel}","templated":true}]}}