{"id":52470,"date":"2025-03-17T22:50:25","date_gmt":"2025-03-17T20:50:25","guid":{"rendered":"https:\/\/miumjau.ee\/toode\/magic-cat-fish-bone-bloda-kakiem\/"},"modified":"2025-03-17T22:50:25","modified_gmt":"2025-03-17T20:50:25","slug":"magic-cat-fish-bone-bloda-kakiem","status":"publish","type":"product","link":"https:\/\/miumjau.ee\/lv\/produkts\/magic-cat-fish-bone-bloda-kakiem\/","title":{"rendered":"Magic Cat Fish Bone b\u013coda ka\u0137iem"},"content":{"rendered":"","protected":false},"excerpt":{"rendered":"<p data-start=\"106\" data-end=\"155\">Magic Cat Fish Bone keramikas b\u013coda ka\u0137iem 170 ml<\/p>\n<p data-start=\"157\" data-end=\"417\">Magic Cat Fish Bone ir stil\u012bga un praktiska keramikas b\u013coda, kas ir ide\u0101li piem\u0113rota gan bar\u012bbai, gan \u016bdenim. Augstas kvalit\u0101tes materi\u0101ls nodro\u0161ina iztur\u012bbu un ilgu kalpo\u0161anas laiku, savuk\u0101rt elegantais zivju asaku dizains pie\u0161\u0137ir j\u016bsu m\u0101jas interjeram stilu.<\/p>\n<p data-start=\"419\" data-end=\"822\"><strong data-start=\"419\" data-end=\"446\">Galven\u0101s priek\u0161roc\u012bbas:<\/strong><br data-start=\"446\" data-end=\"449\" \/>\u2714 Stil\u012bga un praktiska \u2013 unik\u0101ls dizains izdai\u013co interjeru un atspogu\u013co j\u016bsu r\u016bpes par m\u0101jdz\u012bvnieku.<br data-start=\"549\" data-end=\"552\" \/>\u2714 Iztur\u012bgs materi\u0101ls \u2013 skr\u0101p\u0113jumnotur\u012bga un viegli t\u012br\u0101ma keramika nodro\u0161ina ilgsto\u0161u lieto\u0161anu.<br data-start=\"648\" data-end=\"651\" \/>\u2714 Higi\u0113niska \u2013 keramikas virsma neuzs\u016bc smakas un ne\u013cauj uzkr\u0101ties bakt\u0113rij\u0101m.<br data-start=\"729\" data-end=\"732\" \/>\u2714 \u0112rts izm\u0113rs \u2013 170 ml ietilp\u012bba ir piem\u0113rota ikdienas lieto\u0161anai gan bar\u012bbai, gan \u016bdenim.<\/p>\n<p data-start=\"824\" data-end=\"968\">B\u013codu ir viegli t\u012br\u012bt \u2013 pietiek noskalot ar siltu \u016bdeni. Stabil\u0101 forma nov\u0113r\u0161 apg\u0101\u0161anos, padarot \u0113\u0161anu \u0113rtu. Var mazg\u0101t trauku mazg\u0101jam\u0101 ma\u0161\u012bn\u0101.<\/p>\n<p data-start=\"970\" data-end=\"1012\"><strong data-start=\"970\" data-end=\"981\">Izm\u0113ri:<\/strong> 13,4 \u00d7 4 cm, ietilp\u012bba 170 ml.<\/p>\n","protected":false},"featured_media":52471,"template":"","meta":[],"product_brand":[],"product_cat":[572],"product_tag":[],"class_list":{"0":"post-52470","1":"product","2":"type-product","3":"status-publish","4":"has-post-thumbnail","6":"product_cat-ediena-trauki-kakiem","8":"first","9":"instock","10":"taxable","11":"shipping-taxable","12":"purchasable","13":"product-type-simple"},"yoast_head":"<!-- This site is optimized with the Yoast SEO plugin v27.2 - https:\/\/yoast.com\/product\/yoast-seo-wordpress\/ -->\n<title>Magic Cat Fish Bone b\u013coda ka\u0137iem - MiuMjau<\/title>\n<meta name=\"robots\" content=\"index, follow, max-snippet:-1, max-image-preview:large, max-video-preview:-1\" \/>\n<link rel=\"canonical\" href=\"https:\/\/miumjau.ee\/lv\/produkts\/magic-cat-fish-bone-bloda-kakiem\/\" \/>\n<meta property=\"og:locale\" content=\"lv_LV\" \/>\n<meta property=\"og:type\" content=\"article\" \/>\n<meta property=\"og:title\" content=\"Magic Cat Fish Bone b\u013coda ka\u0137iem - MiuMjau\" \/>\n<meta property=\"og:description\" content=\"Magic Cat Fish Bone keramikas b\u013coda ka\u0137iem 170 ml Magic Cat Fish Bone ir stil\u012bga un praktiska keramikas b\u013coda, kas ir ide\u0101li piem\u0113rota gan bar\u012bbai, gan \u016bdenim. Augstas kvalit\u0101tes materi\u0101ls nodro\u0161ina iztur\u012bbu un ilgu kalpo\u0161anas laiku, savuk\u0101rt elegantais zivju asaku dizains pie\u0161\u0137ir j\u016bsu m\u0101jas interjeram stilu. Galven\u0101s priek\u0161roc\u012bbas:\u2714 Stil\u012bga un praktiska \u2013 unik\u0101ls dizains izdai\u013co interjeru un atspogu\u013co j\u016bsu r\u016bpes par m\u0101jdz\u012bvnieku.\u2714 Iztur\u012bgs materi\u0101ls \u2013 skr\u0101p\u0113jumnotur\u012bga un viegli t\u012br\u0101ma keramika nodro\u0161ina ilgsto\u0161u lieto\u0161anu.\u2714 Higi\u0113niska \u2013 keramikas virsma neuzs\u016bc smakas un ne\u013cauj uzkr\u0101ties bakt\u0113rij\u0101m.\u2714 \u0112rts izm\u0113rs \u2013 170 ml ietilp\u012bba ir piem\u0113rota ikdienas lieto\u0161anai gan bar\u012bbai, gan \u016bdenim. B\u013codu ir viegli t\u012br\u012bt \u2013 pietiek noskalot ar siltu \u016bdeni. Stabil\u0101 forma nov\u0113r\u0161 apg\u0101\u0161anos, padarot \u0113\u0161anu \u0113rtu. Var mazg\u0101t trauku mazg\u0101jam\u0101 ma\u0161\u012bn\u0101. Izm\u0113ri: 13,4 \u00d7 4 cm, ietilp\u012bba 170 ml.\" \/>\n<meta property=\"og:url\" content=\"https:\/\/miumjau.ee\/lv\/produkts\/magic-cat-fish-bone-bloda-kakiem\/\" \/>\n<meta property=\"og:site_name\" content=\"MiuMjau\" \/>\n<meta property=\"article:publisher\" content=\"https:\/\/www.facebook.com\/miumjaupood\/\" \/>\n<meta property=\"og:image\" content=\"https:\/\/miumjau.ee\/wp-content\/uploads\/2025\/03\/kauss-kassidele-magic-cat-fish-bone.jpg\" \/>\n\t<meta property=\"og:image:width\" content=\"600\" \/>\n\t<meta property=\"og:image:height\" content=\"800\" \/>\n\t<meta property=\"og:image:type\" content=\"image\/jpeg\" \/>\n<meta name=\"twitter:card\" content=\"summary_large_image\" \/>\n<script type=\"application\/ld+json\" class=\"yoast-schema-graph\">{\"@context\":\"https:\/\/schema.org\",\"@graph\":[{\"@type\":\"WebPage\",\"@id\":\"https:\/\/miumjau.ee\/lv\/produkts\/magic-cat-fish-bone-bloda-kakiem\/\",\"url\":\"https:\/\/miumjau.ee\/lv\/produkts\/magic-cat-fish-bone-bloda-kakiem\/\",\"name\":\"Magic Cat Fish Bone b\u013coda ka\u0137iem - MiuMjau\",\"isPartOf\":{\"@id\":\"https:\/\/miumjau.ee\/#website\"},\"primaryImageOfPage\":{\"@id\":\"https:\/\/miumjau.ee\/lv\/produkts\/magic-cat-fish-bone-bloda-kakiem\/#primaryimage\"},\"image\":{\"@id\":\"https:\/\/miumjau.ee\/lv\/produkts\/magic-cat-fish-bone-bloda-kakiem\/#primaryimage\"},\"thumbnailUrl\":\"https:\/\/miumjau.ee\/wp-content\/uploads\/2025\/03\/kauss-kassidele-magic-cat-fish-bone.jpg\",\"datePublished\":\"2025-03-17T20:50:25+00:00\",\"breadcrumb\":{\"@id\":\"https:\/\/miumjau.ee\/lv\/produkts\/magic-cat-fish-bone-bloda-kakiem\/#breadcrumb\"},\"inLanguage\":\"lv-LV\",\"potentialAction\":[{\"@type\":\"ReadAction\",\"target\":[\"https:\/\/miumjau.ee\/lv\/produkts\/magic-cat-fish-bone-bloda-kakiem\/\"]}]},{\"@type\":\"ImageObject\",\"inLanguage\":\"lv-LV\",\"@id\":\"https:\/\/miumjau.ee\/lv\/produkts\/magic-cat-fish-bone-bloda-kakiem\/#primaryimage\",\"url\":\"https:\/\/miumjau.ee\/wp-content\/uploads\/2025\/03\/kauss-kassidele-magic-cat-fish-bone.jpg\",\"contentUrl\":\"https:\/\/miumjau.ee\/wp-content\/uploads\/2025\/03\/kauss-kassidele-magic-cat-fish-bone.jpg\",\"width\":600,\"height\":800},{\"@type\":\"BreadcrumbList\",\"@id\":\"https:\/\/miumjau.ee\/lv\/produkts\/magic-cat-fish-bone-bloda-kakiem\/#breadcrumb\",\"itemListElement\":[{\"@type\":\"ListItem\",\"position\":1,\"name\":\"Home\",\"item\":\"https:\/\/miumjau.ee\/lv\/\"},{\"@type\":\"ListItem\",\"position\":2,\"name\":\"Veikals\",\"item\":\"https:\/\/miumjau.ee\/lv\/veikals\/\"},{\"@type\":\"ListItem\",\"position\":3,\"name\":\"Magic Cat Fish Bone b\u013coda ka\u0137iem\"}]},{\"@type\":\"WebSite\",\"@id\":\"https:\/\/miumjau.ee\/#website\",\"url\":\"https:\/\/miumjau.ee\/\",\"name\":\"MiuMjau\",\"description\":\"Kraapimispuud kassidele\",\"publisher\":{\"@id\":\"https:\/\/miumjau.ee\/#organization\"},\"potentialAction\":[{\"@type\":\"SearchAction\",\"target\":{\"@type\":\"EntryPoint\",\"urlTemplate\":\"https:\/\/miumjau.ee\/?s={search_term_string}\"},\"query-input\":{\"@type\":\"PropertyValueSpecification\",\"valueRequired\":true,\"valueName\":\"search_term_string\"}}],\"inLanguage\":\"lv-LV\"},{\"@type\":\"Organization\",\"@id\":\"https:\/\/miumjau.ee\/#organization\",\"name\":\"MiuMjau O\u00dc\",\"url\":\"https:\/\/miumjau.ee\/\",\"logo\":{\"@type\":\"ImageObject\",\"inLanguage\":\"lv-LV\",\"@id\":\"https:\/\/miumjau.ee\/#\/schema\/logo\/image\/\",\"url\":\"https:\/\/miumjau.ee\/wp-content\/uploads\/2022\/04\/MiuMjau-logo-kollane.png\",\"contentUrl\":\"https:\/\/miumjau.ee\/wp-content\/uploads\/2022\/04\/MiuMjau-logo-kollane.png\",\"width\":219,\"height\":100,\"caption\":\"MiuMjau O\u00dc\"},\"image\":{\"@id\":\"https:\/\/miumjau.ee\/#\/schema\/logo\/image\/\"},\"sameAs\":[\"https:\/\/www.facebook.com\/miumjaupood\/\"]}]}<\/script>\n<!-- \/ Yoast SEO plugin. -->","yoast_head_json":{"title":"Magic Cat Fish Bone b\u013coda ka\u0137iem - MiuMjau","robots":{"index":"index","follow":"follow","max-snippet":"max-snippet:-1","max-image-preview":"max-image-preview:large","max-video-preview":"max-video-preview:-1"},"canonical":"https:\/\/miumjau.ee\/lv\/produkts\/magic-cat-fish-bone-bloda-kakiem\/","og_locale":"lv_LV","og_type":"article","og_title":"Magic Cat Fish Bone b\u013coda ka\u0137iem - MiuMjau","og_description":"Magic Cat Fish Bone keramikas b\u013coda ka\u0137iem 170 ml Magic Cat Fish Bone ir stil\u012bga un praktiska keramikas b\u013coda, kas ir ide\u0101li piem\u0113rota gan bar\u012bbai, gan \u016bdenim. Augstas kvalit\u0101tes materi\u0101ls nodro\u0161ina iztur\u012bbu un ilgu kalpo\u0161anas laiku, savuk\u0101rt elegantais zivju asaku dizains pie\u0161\u0137ir j\u016bsu m\u0101jas interjeram stilu. Galven\u0101s priek\u0161roc\u012bbas:\u2714 Stil\u012bga un praktiska \u2013 unik\u0101ls dizains izdai\u013co interjeru un atspogu\u013co j\u016bsu r\u016bpes par m\u0101jdz\u012bvnieku.\u2714 Iztur\u012bgs materi\u0101ls \u2013 skr\u0101p\u0113jumnotur\u012bga un viegli t\u012br\u0101ma keramika nodro\u0161ina ilgsto\u0161u lieto\u0161anu.\u2714 Higi\u0113niska \u2013 keramikas virsma neuzs\u016bc smakas un ne\u013cauj uzkr\u0101ties bakt\u0113rij\u0101m.\u2714 \u0112rts izm\u0113rs \u2013 170 ml ietilp\u012bba ir piem\u0113rota ikdienas lieto\u0161anai gan bar\u012bbai, gan \u016bdenim. B\u013codu ir viegli t\u012br\u012bt \u2013 pietiek noskalot ar siltu \u016bdeni. Stabil\u0101 forma nov\u0113r\u0161 apg\u0101\u0161anos, padarot \u0113\u0161anu \u0113rtu. Var mazg\u0101t trauku mazg\u0101jam\u0101 ma\u0161\u012bn\u0101. Izm\u0113ri: 13,4 \u00d7 4 cm, ietilp\u012bba 170 ml.","og_url":"https:\/\/miumjau.ee\/lv\/produkts\/magic-cat-fish-bone-bloda-kakiem\/","og_site_name":"MiuMjau","article_publisher":"https:\/\/www.facebook.com\/miumjaupood\/","og_image":[{"width":600,"height":800,"url":"https:\/\/miumjau.ee\/wp-content\/uploads\/2025\/03\/kauss-kassidele-magic-cat-fish-bone.jpg","type":"image\/jpeg"}],"twitter_card":"summary_large_image","schema":{"@context":"https:\/\/schema.org","@graph":[{"@type":"WebPage","@id":"https:\/\/miumjau.ee\/lv\/produkts\/magic-cat-fish-bone-bloda-kakiem\/","url":"https:\/\/miumjau.ee\/lv\/produkts\/magic-cat-fish-bone-bloda-kakiem\/","name":"Magic Cat Fish Bone b\u013coda ka\u0137iem - MiuMjau","isPartOf":{"@id":"https:\/\/miumjau.ee\/#website"},"primaryImageOfPage":{"@id":"https:\/\/miumjau.ee\/lv\/produkts\/magic-cat-fish-bone-bloda-kakiem\/#primaryimage"},"image":{"@id":"https:\/\/miumjau.ee\/lv\/produkts\/magic-cat-fish-bone-bloda-kakiem\/#primaryimage"},"thumbnailUrl":"https:\/\/miumjau.ee\/wp-content\/uploads\/2025\/03\/kauss-kassidele-magic-cat-fish-bone.jpg","datePublished":"2025-03-17T20:50:25+00:00","breadcrumb":{"@id":"https:\/\/miumjau.ee\/lv\/produkts\/magic-cat-fish-bone-bloda-kakiem\/#breadcrumb"},"inLanguage":"lv-LV","potentialAction":[{"@type":"ReadAction","target":["https:\/\/miumjau.ee\/lv\/produkts\/magic-cat-fish-bone-bloda-kakiem\/"]}]},{"@type":"ImageObject","inLanguage":"lv-LV","@id":"https:\/\/miumjau.ee\/lv\/produkts\/magic-cat-fish-bone-bloda-kakiem\/#primaryimage","url":"https:\/\/miumjau.ee\/wp-content\/uploads\/2025\/03\/kauss-kassidele-magic-cat-fish-bone.jpg","contentUrl":"https:\/\/miumjau.ee\/wp-content\/uploads\/2025\/03\/kauss-kassidele-magic-cat-fish-bone.jpg","width":600,"height":800},{"@type":"BreadcrumbList","@id":"https:\/\/miumjau.ee\/lv\/produkts\/magic-cat-fish-bone-bloda-kakiem\/#breadcrumb","itemListElement":[{"@type":"ListItem","position":1,"name":"Home","item":"https:\/\/miumjau.ee\/lv\/"},{"@type":"ListItem","position":2,"name":"Veikals","item":"https:\/\/miumjau.ee\/lv\/veikals\/"},{"@type":"ListItem","position":3,"name":"Magic Cat Fish Bone b\u013coda ka\u0137iem"}]},{"@type":"WebSite","@id":"https:\/\/miumjau.ee\/#website","url":"https:\/\/miumjau.ee\/","name":"MiuMjau","description":"Kraapimispuud kassidele","publisher":{"@id":"https:\/\/miumjau.ee\/#organization"},"potentialAction":[{"@type":"SearchAction","target":{"@type":"EntryPoint","urlTemplate":"https:\/\/miumjau.ee\/?s={search_term_string}"},"query-input":{"@type":"PropertyValueSpecification","valueRequired":true,"valueName":"search_term_string"}}],"inLanguage":"lv-LV"},{"@type":"Organization","@id":"https:\/\/miumjau.ee\/#organization","name":"MiuMjau O\u00dc","url":"https:\/\/miumjau.ee\/","logo":{"@type":"ImageObject","inLanguage":"lv-LV","@id":"https:\/\/miumjau.ee\/#\/schema\/logo\/image\/","url":"https:\/\/miumjau.ee\/wp-content\/uploads\/2022\/04\/MiuMjau-logo-kollane.png","contentUrl":"https:\/\/miumjau.ee\/wp-content\/uploads\/2022\/04\/MiuMjau-logo-kollane.png","width":219,"height":100,"caption":"MiuMjau O\u00dc"},"image":{"@id":"https:\/\/miumjau.ee\/#\/schema\/logo\/image\/"},"sameAs":["https:\/\/www.facebook.com\/miumjaupood\/"]}]}},"_links":{"self":[{"href":"https:\/\/miumjau.ee\/lv\/wp-json\/wp\/v2\/product\/52470","targetHints":{"allow":["GET"]}}],"collection":[{"href":"https:\/\/miumjau.ee\/lv\/wp-json\/wp\/v2\/product"}],"about":[{"href":"https:\/\/miumjau.ee\/lv\/wp-json\/wp\/v2\/types\/product"}],"wp:featuredmedia":[{"embeddable":true,"href":"https:\/\/miumjau.ee\/lv\/wp-json\/wp\/v2\/media\/52471"}],"wp:attachment":[{"href":"https:\/\/miumjau.ee\/lv\/wp-json\/wp\/v2\/media?parent=52470"}],"wp:term":[{"taxonomy":"product_brand","embeddable":true,"href":"https:\/\/miumjau.ee\/lv\/wp-json\/wp\/v2\/product_brand?post=52470"},{"taxonomy":"product_cat","embeddable":true,"href":"https:\/\/miumjau.ee\/lv\/wp-json\/wp\/v2\/product_cat?post=52470"},{"taxonomy":"product_tag","embeddable":true,"href":"https:\/\/miumjau.ee\/lv\/wp-json\/wp\/v2\/product_tag?post=52470"}],"curies":[{"name":"wp","href":"https:\/\/api.w.org\/{rel}","templated":true}]}}