{"id":52462,"date":"2025-03-17T22:34:52","date_gmt":"2025-03-17T20:34:52","guid":{"rendered":"https:\/\/miumjau.ee\/toode\/ontario-garda-piles-pasta-kakiem-90-g\/"},"modified":"2025-03-17T22:34:52","modified_gmt":"2025-03-17T20:34:52","slug":"ontario-garda-piles-pasta-kakiem-90-g","status":"publish","type":"product","link":"https:\/\/miumjau.ee\/lv\/produkts\/ontario-garda-piles-pasta-kakiem-90-g\/","title":{"rendered":"Ontario gard\u0101 p\u012bles pasta ka\u0137iem, 90 g"},"content":{"rendered":"","protected":false},"excerpt":{"rendered":"<p data-start=\"122\" data-end=\"312\">ONTARIO Duck Fresh Meat Paste \u2013 papildbar\u012bbas pasta ka\u0137iem ar p\u012bli. 90 g. \u0112rta doz\u0113\u0161ana un uzglab\u0101\u0161ana ledusskap\u012b. Kaut kas jauns un aizraujo\u0161s j\u016bsu ka\u0137im! Da\u017e\u0101d\u012bba ir nepiecie\u0161ama ikvienam.<\/p>\n<p data-start=\"314\" data-end=\"408\"><strong data-start=\"314\" data-end=\"339\">Baro\u0161anas nor\u0101d\u012bjumi:<\/strong> Dienas deva ir atkar\u012bga no j\u016bsu ka\u0137a aktivit\u0101tes, vecuma un \u0161\u0137irnes.<\/p>\n<p data-start=\"410\" data-end=\"680\"><strong data-start=\"410\" data-end=\"422\">Sast\u0101vs:<\/strong> Vistas buljons 80,52 %, p\u012ble 12,386 %, vista 3,48 %, ciete 2 %, ksant\u0101na gumija 0,91 %, s\u0101ls 0,4 %, bonito zivju arom\u0101ts 0,1 %, izomaltoze 0,08 %, taur\u012bns 0,08 %, ES apstiprin\u0101tas kr\u0101svielas 0,03 %, B8 vitam\u012bni 0,03 %, vitam\u012bni D3, E, polidekstroze 0,006 %.<\/p>\n<p data-start=\"682\" data-end=\"829\"><strong data-start=\"682\" data-end=\"710\">Anal\u012btisk\u0101s sast\u0101vda\u013cas:<\/strong><br data-start=\"710\" data-end=\"713\" \/>Neapstr\u0101d\u0101ts prote\u012bns 3 %, e\u013c\u013cas un tauki 0,1 %, neapstr\u0101d\u0101tas \u0161\u0137iedras 1 %, neapstr\u0101d\u0101ti pelni 1,2 %, mitrums 92 %.<\/p>\n","protected":false},"featured_media":52463,"template":"","meta":[],"product_brand":[],"product_cat":[570],"product_tag":[],"class_list":{"0":"post-52462","1":"product","2":"type-product","3":"status-publish","4":"has-post-thumbnail","6":"product_cat-naski","8":"first","9":"instock","10":"taxable","11":"shipping-taxable","12":"purchasable","13":"product-type-simple"},"yoast_head":"<!-- This site is optimized with the Yoast SEO plugin v27.2 - https:\/\/yoast.com\/product\/yoast-seo-wordpress\/ -->\n<title>Ontario gard\u0101 p\u012bles pasta ka\u0137iem, 90 g - MiuMjau<\/title>\n<meta name=\"robots\" content=\"index, follow, max-snippet:-1, max-image-preview:large, max-video-preview:-1\" \/>\n<link rel=\"canonical\" href=\"https:\/\/miumjau.ee\/lv\/produkts\/ontario-garda-piles-pasta-kakiem-90-g\/\" \/>\n<meta property=\"og:locale\" content=\"lv_LV\" \/>\n<meta property=\"og:type\" content=\"article\" \/>\n<meta property=\"og:title\" content=\"Ontario gard\u0101 p\u012bles pasta ka\u0137iem, 90 g - MiuMjau\" \/>\n<meta property=\"og:description\" content=\"ONTARIO Duck Fresh Meat Paste \u2013 papildbar\u012bbas pasta ka\u0137iem ar p\u012bli. 90 g. \u0112rta doz\u0113\u0161ana un uzglab\u0101\u0161ana ledusskap\u012b. Kaut kas jauns un aizraujo\u0161s j\u016bsu ka\u0137im! Da\u017e\u0101d\u012bba ir nepiecie\u0161ama ikvienam. Baro\u0161anas nor\u0101d\u012bjumi: Dienas deva ir atkar\u012bga no j\u016bsu ka\u0137a aktivit\u0101tes, vecuma un \u0161\u0137irnes. Sast\u0101vs: Vistas buljons 80,52 %, p\u012ble 12,386 %, vista 3,48 %, ciete 2 %, ksant\u0101na gumija 0,91 %, s\u0101ls 0,4 %, bonito zivju arom\u0101ts 0,1 %, izomaltoze 0,08 %, taur\u012bns 0,08 %, ES apstiprin\u0101tas kr\u0101svielas 0,03 %, B8 vitam\u012bni 0,03 %, vitam\u012bni D3, E, polidekstroze 0,006 %. Anal\u012btisk\u0101s sast\u0101vda\u013cas:Neapstr\u0101d\u0101ts prote\u012bns 3 %, e\u013c\u013cas un tauki 0,1 %, neapstr\u0101d\u0101tas \u0161\u0137iedras 1 %, neapstr\u0101d\u0101ti pelni 1,2 %, mitrums 92 %.\" \/>\n<meta property=\"og:url\" content=\"https:\/\/miumjau.ee\/lv\/produkts\/ontario-garda-piles-pasta-kakiem-90-g\/\" \/>\n<meta property=\"og:site_name\" content=\"MiuMjau\" \/>\n<meta property=\"article:publisher\" content=\"https:\/\/www.facebook.com\/miumjaupood\/\" \/>\n<meta property=\"og:image\" content=\"https:\/\/miumjau.ee\/wp-content\/uploads\/2025\/03\/ontario-maitsev-pardipasta-kassidele-90g.jpg\" \/>\n\t<meta property=\"og:image:width\" content=\"600\" \/>\n\t<meta property=\"og:image:height\" content=\"800\" \/>\n\t<meta property=\"og:image:type\" content=\"image\/jpeg\" \/>\n<meta name=\"twitter:card\" content=\"summary_large_image\" \/>\n<script type=\"application\/ld+json\" class=\"yoast-schema-graph\">{\"@context\":\"https:\/\/schema.org\",\"@graph\":[{\"@type\":\"WebPage\",\"@id\":\"https:\/\/miumjau.ee\/lv\/produkts\/ontario-garda-piles-pasta-kakiem-90-g\/\",\"url\":\"https:\/\/miumjau.ee\/lv\/produkts\/ontario-garda-piles-pasta-kakiem-90-g\/\",\"name\":\"Ontario gard\u0101 p\u012bles pasta ka\u0137iem, 90 g - MiuMjau\",\"isPartOf\":{\"@id\":\"https:\/\/miumjau.ee\/#website\"},\"primaryImageOfPage\":{\"@id\":\"https:\/\/miumjau.ee\/lv\/produkts\/ontario-garda-piles-pasta-kakiem-90-g\/#primaryimage\"},\"image\":{\"@id\":\"https:\/\/miumjau.ee\/lv\/produkts\/ontario-garda-piles-pasta-kakiem-90-g\/#primaryimage\"},\"thumbnailUrl\":\"https:\/\/miumjau.ee\/wp-content\/uploads\/2025\/03\/ontario-maitsev-pardipasta-kassidele-90g.jpg\",\"datePublished\":\"2025-03-17T20:34:52+00:00\",\"breadcrumb\":{\"@id\":\"https:\/\/miumjau.ee\/lv\/produkts\/ontario-garda-piles-pasta-kakiem-90-g\/#breadcrumb\"},\"inLanguage\":\"lv-LV\",\"potentialAction\":[{\"@type\":\"ReadAction\",\"target\":[\"https:\/\/miumjau.ee\/lv\/produkts\/ontario-garda-piles-pasta-kakiem-90-g\/\"]}]},{\"@type\":\"ImageObject\",\"inLanguage\":\"lv-LV\",\"@id\":\"https:\/\/miumjau.ee\/lv\/produkts\/ontario-garda-piles-pasta-kakiem-90-g\/#primaryimage\",\"url\":\"https:\/\/miumjau.ee\/wp-content\/uploads\/2025\/03\/ontario-maitsev-pardipasta-kassidele-90g.jpg\",\"contentUrl\":\"https:\/\/miumjau.ee\/wp-content\/uploads\/2025\/03\/ontario-maitsev-pardipasta-kassidele-90g.jpg\",\"width\":600,\"height\":800},{\"@type\":\"BreadcrumbList\",\"@id\":\"https:\/\/miumjau.ee\/lv\/produkts\/ontario-garda-piles-pasta-kakiem-90-g\/#breadcrumb\",\"itemListElement\":[{\"@type\":\"ListItem\",\"position\":1,\"name\":\"Home\",\"item\":\"https:\/\/miumjau.ee\/lv\/\"},{\"@type\":\"ListItem\",\"position\":2,\"name\":\"Veikals\",\"item\":\"https:\/\/miumjau.ee\/lv\/veikals\/\"},{\"@type\":\"ListItem\",\"position\":3,\"name\":\"Ontario gard\u0101 p\u012bles pasta ka\u0137iem, 90 g\"}]},{\"@type\":\"WebSite\",\"@id\":\"https:\/\/miumjau.ee\/#website\",\"url\":\"https:\/\/miumjau.ee\/\",\"name\":\"MiuMjau\",\"description\":\"Kraapimispuud kassidele\",\"publisher\":{\"@id\":\"https:\/\/miumjau.ee\/#organization\"},\"potentialAction\":[{\"@type\":\"SearchAction\",\"target\":{\"@type\":\"EntryPoint\",\"urlTemplate\":\"https:\/\/miumjau.ee\/?s={search_term_string}\"},\"query-input\":{\"@type\":\"PropertyValueSpecification\",\"valueRequired\":true,\"valueName\":\"search_term_string\"}}],\"inLanguage\":\"lv-LV\"},{\"@type\":\"Organization\",\"@id\":\"https:\/\/miumjau.ee\/#organization\",\"name\":\"MiuMjau O\u00dc\",\"url\":\"https:\/\/miumjau.ee\/\",\"logo\":{\"@type\":\"ImageObject\",\"inLanguage\":\"lv-LV\",\"@id\":\"https:\/\/miumjau.ee\/#\/schema\/logo\/image\/\",\"url\":\"https:\/\/miumjau.ee\/wp-content\/uploads\/2022\/04\/MiuMjau-logo-kollane.png\",\"contentUrl\":\"https:\/\/miumjau.ee\/wp-content\/uploads\/2022\/04\/MiuMjau-logo-kollane.png\",\"width\":219,\"height\":100,\"caption\":\"MiuMjau O\u00dc\"},\"image\":{\"@id\":\"https:\/\/miumjau.ee\/#\/schema\/logo\/image\/\"},\"sameAs\":[\"https:\/\/www.facebook.com\/miumjaupood\/\"]}]}<\/script>\n<!-- \/ Yoast SEO plugin. -->","yoast_head_json":{"title":"Ontario gard\u0101 p\u012bles pasta ka\u0137iem, 90 g - MiuMjau","robots":{"index":"index","follow":"follow","max-snippet":"max-snippet:-1","max-image-preview":"max-image-preview:large","max-video-preview":"max-video-preview:-1"},"canonical":"https:\/\/miumjau.ee\/lv\/produkts\/ontario-garda-piles-pasta-kakiem-90-g\/","og_locale":"lv_LV","og_type":"article","og_title":"Ontario gard\u0101 p\u012bles pasta ka\u0137iem, 90 g - MiuMjau","og_description":"ONTARIO Duck Fresh Meat Paste \u2013 papildbar\u012bbas pasta ka\u0137iem ar p\u012bli. 90 g. \u0112rta doz\u0113\u0161ana un uzglab\u0101\u0161ana ledusskap\u012b. Kaut kas jauns un aizraujo\u0161s j\u016bsu ka\u0137im! Da\u017e\u0101d\u012bba ir nepiecie\u0161ama ikvienam. Baro\u0161anas nor\u0101d\u012bjumi: Dienas deva ir atkar\u012bga no j\u016bsu ka\u0137a aktivit\u0101tes, vecuma un \u0161\u0137irnes. Sast\u0101vs: Vistas buljons 80,52 %, p\u012ble 12,386 %, vista 3,48 %, ciete 2 %, ksant\u0101na gumija 0,91 %, s\u0101ls 0,4 %, bonito zivju arom\u0101ts 0,1 %, izomaltoze 0,08 %, taur\u012bns 0,08 %, ES apstiprin\u0101tas kr\u0101svielas 0,03 %, B8 vitam\u012bni 0,03 %, vitam\u012bni D3, E, polidekstroze 0,006 %. Anal\u012btisk\u0101s sast\u0101vda\u013cas:Neapstr\u0101d\u0101ts prote\u012bns 3 %, e\u013c\u013cas un tauki 0,1 %, neapstr\u0101d\u0101tas \u0161\u0137iedras 1 %, neapstr\u0101d\u0101ti pelni 1,2 %, mitrums 92 %.","og_url":"https:\/\/miumjau.ee\/lv\/produkts\/ontario-garda-piles-pasta-kakiem-90-g\/","og_site_name":"MiuMjau","article_publisher":"https:\/\/www.facebook.com\/miumjaupood\/","og_image":[{"width":600,"height":800,"url":"https:\/\/miumjau.ee\/wp-content\/uploads\/2025\/03\/ontario-maitsev-pardipasta-kassidele-90g.jpg","type":"image\/jpeg"}],"twitter_card":"summary_large_image","schema":{"@context":"https:\/\/schema.org","@graph":[{"@type":"WebPage","@id":"https:\/\/miumjau.ee\/lv\/produkts\/ontario-garda-piles-pasta-kakiem-90-g\/","url":"https:\/\/miumjau.ee\/lv\/produkts\/ontario-garda-piles-pasta-kakiem-90-g\/","name":"Ontario gard\u0101 p\u012bles pasta ka\u0137iem, 90 g - MiuMjau","isPartOf":{"@id":"https:\/\/miumjau.ee\/#website"},"primaryImageOfPage":{"@id":"https:\/\/miumjau.ee\/lv\/produkts\/ontario-garda-piles-pasta-kakiem-90-g\/#primaryimage"},"image":{"@id":"https:\/\/miumjau.ee\/lv\/produkts\/ontario-garda-piles-pasta-kakiem-90-g\/#primaryimage"},"thumbnailUrl":"https:\/\/miumjau.ee\/wp-content\/uploads\/2025\/03\/ontario-maitsev-pardipasta-kassidele-90g.jpg","datePublished":"2025-03-17T20:34:52+00:00","breadcrumb":{"@id":"https:\/\/miumjau.ee\/lv\/produkts\/ontario-garda-piles-pasta-kakiem-90-g\/#breadcrumb"},"inLanguage":"lv-LV","potentialAction":[{"@type":"ReadAction","target":["https:\/\/miumjau.ee\/lv\/produkts\/ontario-garda-piles-pasta-kakiem-90-g\/"]}]},{"@type":"ImageObject","inLanguage":"lv-LV","@id":"https:\/\/miumjau.ee\/lv\/produkts\/ontario-garda-piles-pasta-kakiem-90-g\/#primaryimage","url":"https:\/\/miumjau.ee\/wp-content\/uploads\/2025\/03\/ontario-maitsev-pardipasta-kassidele-90g.jpg","contentUrl":"https:\/\/miumjau.ee\/wp-content\/uploads\/2025\/03\/ontario-maitsev-pardipasta-kassidele-90g.jpg","width":600,"height":800},{"@type":"BreadcrumbList","@id":"https:\/\/miumjau.ee\/lv\/produkts\/ontario-garda-piles-pasta-kakiem-90-g\/#breadcrumb","itemListElement":[{"@type":"ListItem","position":1,"name":"Home","item":"https:\/\/miumjau.ee\/lv\/"},{"@type":"ListItem","position":2,"name":"Veikals","item":"https:\/\/miumjau.ee\/lv\/veikals\/"},{"@type":"ListItem","position":3,"name":"Ontario gard\u0101 p\u012bles pasta ka\u0137iem, 90 g"}]},{"@type":"WebSite","@id":"https:\/\/miumjau.ee\/#website","url":"https:\/\/miumjau.ee\/","name":"MiuMjau","description":"Kraapimispuud kassidele","publisher":{"@id":"https:\/\/miumjau.ee\/#organization"},"potentialAction":[{"@type":"SearchAction","target":{"@type":"EntryPoint","urlTemplate":"https:\/\/miumjau.ee\/?s={search_term_string}"},"query-input":{"@type":"PropertyValueSpecification","valueRequired":true,"valueName":"search_term_string"}}],"inLanguage":"lv-LV"},{"@type":"Organization","@id":"https:\/\/miumjau.ee\/#organization","name":"MiuMjau O\u00dc","url":"https:\/\/miumjau.ee\/","logo":{"@type":"ImageObject","inLanguage":"lv-LV","@id":"https:\/\/miumjau.ee\/#\/schema\/logo\/image\/","url":"https:\/\/miumjau.ee\/wp-content\/uploads\/2022\/04\/MiuMjau-logo-kollane.png","contentUrl":"https:\/\/miumjau.ee\/wp-content\/uploads\/2022\/04\/MiuMjau-logo-kollane.png","width":219,"height":100,"caption":"MiuMjau O\u00dc"},"image":{"@id":"https:\/\/miumjau.ee\/#\/schema\/logo\/image\/"},"sameAs":["https:\/\/www.facebook.com\/miumjaupood\/"]}]}},"_links":{"self":[{"href":"https:\/\/miumjau.ee\/lv\/wp-json\/wp\/v2\/product\/52462","targetHints":{"allow":["GET"]}}],"collection":[{"href":"https:\/\/miumjau.ee\/lv\/wp-json\/wp\/v2\/product"}],"about":[{"href":"https:\/\/miumjau.ee\/lv\/wp-json\/wp\/v2\/types\/product"}],"wp:featuredmedia":[{"embeddable":true,"href":"https:\/\/miumjau.ee\/lv\/wp-json\/wp\/v2\/media\/52463"}],"wp:attachment":[{"href":"https:\/\/miumjau.ee\/lv\/wp-json\/wp\/v2\/media?parent=52462"}],"wp:term":[{"taxonomy":"product_brand","embeddable":true,"href":"https:\/\/miumjau.ee\/lv\/wp-json\/wp\/v2\/product_brand?post=52462"},{"taxonomy":"product_cat","embeddable":true,"href":"https:\/\/miumjau.ee\/lv\/wp-json\/wp\/v2\/product_cat?post=52462"},{"taxonomy":"product_tag","embeddable":true,"href":"https:\/\/miumjau.ee\/lv\/wp-json\/wp\/v2\/product_tag?post=52462"}],"curies":[{"name":"wp","href":"https:\/\/api.w.org\/{rel}","templated":true}]}}