{"id":52433,"date":"2025-03-23T13:45:24","date_gmt":"2025-03-23T11:45:24","guid":{"rendered":"https:\/\/miumjau.ee\/toode\/sana-mini-treninu-gardumi-ar-titara-galu-batati-un-granatabolu-1-kg\/"},"modified":"2025-03-23T13:45:24","modified_gmt":"2025-03-23T11:45:24","slug":"sana-mini-treninu-gardumi-ar-titara-galu-batati-un-granatabolu-1-kg","status":"publish","type":"product","link":"https:\/\/miumjau.ee\/lv\/produkts\/sana-mini-treninu-gardumi-ar-titara-galu-batati-un-granatabolu-1-kg\/","title":{"rendered":"Sana Mini treni\u0146u gardumi ar t\u012btara ga\u013cu, bat\u0101ti un gran\u0101t\u0101bolu 1 kg"},"content":{"rendered":"","protected":false},"excerpt":{"rendered":"<p data-start=\"2764\" data-end=\"3031\">SANADOG treni\u0146u gardumi no t\u012bras ga\u013cas un superproduktiem ir vesel\u012bgi un m\u012bkstas konsistences, t\u0101p\u0113c ide\u0101li piem\u0113roti ikdienas apm\u0101c\u012bbai un motiv\u0113\u0161anai. Tie lieliski atbilst pozit\u012bv\u0101s pastiprin\u0101\u0161anas treni\u0146u metod\u0113m, apbalvojot v\u0113lamo uzved\u012bbu ar uzslavu vai gardumu.<\/p>\n<p data-start=\"3033\" data-end=\"3204\">Izejvielas ir no viet\u0113jiem ra\u017eot\u0101jiem un ir 100 % izsekojamas. Saudz\u012bgais ra\u017eo\u0161anas process saglab\u0101 uzturvielas, pal\u012bdzot sunim saglab\u0101t vesel\u012bbu un vitalit\u0101ti ilgtermi\u0146\u0101.<\/p>\n<p data-start=\"3206\" data-end=\"3360\">SANADOG gardumi ir neatvair\u0101mi gar\u0161\u012bga un vesel\u012bga balva. Tie nesadr\u016bp un nek\u013c\u016bst taukaini, t\u0101p\u0113c tos var \u0113rti n\u0113s\u0101t kabat\u0101 un izmantot ar\u012b treni\u0146iem \u0101r\u0101.<\/p>\n<p data-start=\"3362\" data-end=\"3576\"><strong data-start=\"3362\" data-end=\"3374\">Sast\u0101vs:<\/strong> 90 % t\u012btars, 4 % bat\u0101te, 4 % gran\u0101t\u0101bols, 2 % dab\u012bgs augu glicer\u012bns.<br data-start=\"3443\" data-end=\"3446\" \/><strong data-start=\"3446\" data-end=\"3474\">Anal\u012btisk\u0101s sast\u0101vda\u013cas:<\/strong> Olbaltumvielas 36 %, Tauki 16 %, Mitrums 8 %, Pelni 6 %, \u0160\u0137iedrvielas 2 %.<br data-start=\"3549\" data-end=\"3552\" \/><strong data-start=\"3552\" data-end=\"3576\">Papildbar\u012bba su\u0146iem.<\/strong><\/p>\n<p data-start=\"3578\" data-end=\"3658\"><strong data-start=\"3578\" data-end=\"3594\">Uzglab\u0101\u0161ana:<\/strong> Uzglab\u0101t v\u0113s\u0101 un saus\u0101 viet\u0101, sarg\u0101t no tie\u0161iem saules stariem.<\/p>\n<p data-start=\"3660\" data-end=\"3810\"><strong data-start=\"3660\" data-end=\"3684\">Baro\u0161anas ieteikums:<\/strong> Piem\u0113rots kuc\u0113niem no 12 ned\u0113\u013cu vecuma.<br data-start=\"3724\" data-end=\"3727\" \/>Baro\u0161anas laik\u0101 uzraugiet suni un vienm\u0113r nodro\u0161iniet svaigu un t\u012bru dzeramo \u016bdeni.<\/p>\n","protected":false},"featured_media":52434,"template":"","meta":[],"product_brand":[],"product_cat":[576],"product_tag":[],"class_list":{"0":"post-52433","1":"product","2":"type-product","3":"status-publish","4":"has-post-thumbnail","6":"product_cat-naski-suniem","8":"first","9":"outofstock","10":"taxable","11":"shipping-taxable","12":"purchasable","13":"product-type-simple"},"yoast_head":"<!-- This site is optimized with the Yoast SEO plugin v27.2 - https:\/\/yoast.com\/product\/yoast-seo-wordpress\/ -->\n<title>Sana Mini treni\u0146u gardumi ar t\u012btara ga\u013cu, bat\u0101ti un gran\u0101t\u0101bolu 1 kg - MiuMjau<\/title>\n<meta name=\"robots\" content=\"index, follow, max-snippet:-1, max-image-preview:large, max-video-preview:-1\" \/>\n<link rel=\"canonical\" href=\"https:\/\/miumjau.ee\/lv\/produkts\/sana-mini-treninu-gardumi-ar-titara-galu-batati-un-granatabolu-1-kg\/\" \/>\n<meta property=\"og:locale\" content=\"lv_LV\" \/>\n<meta property=\"og:type\" content=\"article\" \/>\n<meta property=\"og:title\" content=\"Sana Mini treni\u0146u gardumi ar t\u012btara ga\u013cu, bat\u0101ti un gran\u0101t\u0101bolu 1 kg - MiuMjau\" \/>\n<meta property=\"og:description\" content=\"SANADOG treni\u0146u gardumi no t\u012bras ga\u013cas un superproduktiem ir vesel\u012bgi un m\u012bkstas konsistences, t\u0101p\u0113c ide\u0101li piem\u0113roti ikdienas apm\u0101c\u012bbai un motiv\u0113\u0161anai. Tie lieliski atbilst pozit\u012bv\u0101s pastiprin\u0101\u0161anas treni\u0146u metod\u0113m, apbalvojot v\u0113lamo uzved\u012bbu ar uzslavu vai gardumu. Izejvielas ir no viet\u0113jiem ra\u017eot\u0101jiem un ir 100 % izsekojamas. Saudz\u012bgais ra\u017eo\u0161anas process saglab\u0101 uzturvielas, pal\u012bdzot sunim saglab\u0101t vesel\u012bbu un vitalit\u0101ti ilgtermi\u0146\u0101. SANADOG gardumi ir neatvair\u0101mi gar\u0161\u012bga un vesel\u012bga balva. Tie nesadr\u016bp un nek\u013c\u016bst taukaini, t\u0101p\u0113c tos var \u0113rti n\u0113s\u0101t kabat\u0101 un izmantot ar\u012b treni\u0146iem \u0101r\u0101. Sast\u0101vs: 90 % t\u012btars, 4 % bat\u0101te, 4 % gran\u0101t\u0101bols, 2 % dab\u012bgs augu glicer\u012bns.Anal\u012btisk\u0101s sast\u0101vda\u013cas: Olbaltumvielas 36 %, Tauki 16 %, Mitrums 8 %, Pelni 6 %, \u0160\u0137iedrvielas 2 %.Papildbar\u012bba su\u0146iem. Uzglab\u0101\u0161ana: Uzglab\u0101t v\u0113s\u0101 un saus\u0101 viet\u0101, sarg\u0101t no tie\u0161iem saules stariem. Baro\u0161anas ieteikums: Piem\u0113rots kuc\u0113niem no 12 ned\u0113\u013cu vecuma.Baro\u0161anas laik\u0101 uzraugiet suni un vienm\u0113r nodro\u0161iniet svaigu un t\u012bru dzeramo \u016bdeni.\" \/>\n<meta property=\"og:url\" content=\"https:\/\/miumjau.ee\/lv\/produkts\/sana-mini-treninu-gardumi-ar-titara-galu-batati-un-granatabolu-1-kg\/\" \/>\n<meta property=\"og:site_name\" content=\"MiuMjau\" \/>\n<meta property=\"article:publisher\" content=\"https:\/\/www.facebook.com\/miumjaupood\/\" \/>\n<meta property=\"og:image\" content=\"https:\/\/miumjau.ee\/wp-content\/uploads\/2025\/03\/treeningmaius-kalkun-superfoods-1kg.webp\" \/>\n\t<meta property=\"og:image:width\" content=\"600\" \/>\n\t<meta property=\"og:image:height\" content=\"800\" \/>\n\t<meta property=\"og:image:type\" content=\"image\/webp\" \/>\n<meta name=\"twitter:card\" content=\"summary_large_image\" \/>\n<script type=\"application\/ld+json\" class=\"yoast-schema-graph\">{\"@context\":\"https:\/\/schema.org\",\"@graph\":[{\"@type\":\"WebPage\",\"@id\":\"https:\/\/miumjau.ee\/lv\/produkts\/sana-mini-treninu-gardumi-ar-titara-galu-batati-un-granatabolu-1-kg\/\",\"url\":\"https:\/\/miumjau.ee\/lv\/produkts\/sana-mini-treninu-gardumi-ar-titara-galu-batati-un-granatabolu-1-kg\/\",\"name\":\"Sana Mini treni\u0146u gardumi ar t\u012btara ga\u013cu, bat\u0101ti un gran\u0101t\u0101bolu 1 kg - MiuMjau\",\"isPartOf\":{\"@id\":\"https:\/\/miumjau.ee\/#website\"},\"primaryImageOfPage\":{\"@id\":\"https:\/\/miumjau.ee\/lv\/produkts\/sana-mini-treninu-gardumi-ar-titara-galu-batati-un-granatabolu-1-kg\/#primaryimage\"},\"image\":{\"@id\":\"https:\/\/miumjau.ee\/lv\/produkts\/sana-mini-treninu-gardumi-ar-titara-galu-batati-un-granatabolu-1-kg\/#primaryimage\"},\"thumbnailUrl\":\"https:\/\/miumjau.ee\/wp-content\/uploads\/2025\/03\/treeningmaius-kalkun-superfoods-1kg.webp\",\"datePublished\":\"2025-03-23T11:45:24+00:00\",\"breadcrumb\":{\"@id\":\"https:\/\/miumjau.ee\/lv\/produkts\/sana-mini-treninu-gardumi-ar-titara-galu-batati-un-granatabolu-1-kg\/#breadcrumb\"},\"inLanguage\":\"lv-LV\",\"potentialAction\":[{\"@type\":\"ReadAction\",\"target\":[\"https:\/\/miumjau.ee\/lv\/produkts\/sana-mini-treninu-gardumi-ar-titara-galu-batati-un-granatabolu-1-kg\/\"]}]},{\"@type\":\"ImageObject\",\"inLanguage\":\"lv-LV\",\"@id\":\"https:\/\/miumjau.ee\/lv\/produkts\/sana-mini-treninu-gardumi-ar-titara-galu-batati-un-granatabolu-1-kg\/#primaryimage\",\"url\":\"https:\/\/miumjau.ee\/wp-content\/uploads\/2025\/03\/treeningmaius-kalkun-superfoods-1kg.webp\",\"contentUrl\":\"https:\/\/miumjau.ee\/wp-content\/uploads\/2025\/03\/treeningmaius-kalkun-superfoods-1kg.webp\",\"width\":600,\"height\":800},{\"@type\":\"BreadcrumbList\",\"@id\":\"https:\/\/miumjau.ee\/lv\/produkts\/sana-mini-treninu-gardumi-ar-titara-galu-batati-un-granatabolu-1-kg\/#breadcrumb\",\"itemListElement\":[{\"@type\":\"ListItem\",\"position\":1,\"name\":\"Home\",\"item\":\"https:\/\/miumjau.ee\/lv\/\"},{\"@type\":\"ListItem\",\"position\":2,\"name\":\"Veikals\",\"item\":\"https:\/\/miumjau.ee\/lv\/veikals\/\"},{\"@type\":\"ListItem\",\"position\":3,\"name\":\"Sana Mini treni\u0146u gardumi ar t\u012btara ga\u013cu, bat\u0101ti un gran\u0101t\u0101bolu 1 kg\"}]},{\"@type\":\"WebSite\",\"@id\":\"https:\/\/miumjau.ee\/#website\",\"url\":\"https:\/\/miumjau.ee\/\",\"name\":\"MiuMjau\",\"description\":\"Kraapimispuud kassidele\",\"publisher\":{\"@id\":\"https:\/\/miumjau.ee\/#organization\"},\"potentialAction\":[{\"@type\":\"SearchAction\",\"target\":{\"@type\":\"EntryPoint\",\"urlTemplate\":\"https:\/\/miumjau.ee\/?s={search_term_string}\"},\"query-input\":{\"@type\":\"PropertyValueSpecification\",\"valueRequired\":true,\"valueName\":\"search_term_string\"}}],\"inLanguage\":\"lv-LV\"},{\"@type\":\"Organization\",\"@id\":\"https:\/\/miumjau.ee\/#organization\",\"name\":\"MiuMjau O\u00dc\",\"url\":\"https:\/\/miumjau.ee\/\",\"logo\":{\"@type\":\"ImageObject\",\"inLanguage\":\"lv-LV\",\"@id\":\"https:\/\/miumjau.ee\/#\/schema\/logo\/image\/\",\"url\":\"https:\/\/miumjau.ee\/wp-content\/uploads\/2022\/04\/MiuMjau-logo-kollane.png\",\"contentUrl\":\"https:\/\/miumjau.ee\/wp-content\/uploads\/2022\/04\/MiuMjau-logo-kollane.png\",\"width\":219,\"height\":100,\"caption\":\"MiuMjau O\u00dc\"},\"image\":{\"@id\":\"https:\/\/miumjau.ee\/#\/schema\/logo\/image\/\"},\"sameAs\":[\"https:\/\/www.facebook.com\/miumjaupood\/\"]}]}<\/script>\n<!-- \/ Yoast SEO plugin. -->","yoast_head_json":{"title":"Sana Mini treni\u0146u gardumi ar t\u012btara ga\u013cu, bat\u0101ti un gran\u0101t\u0101bolu 1 kg - MiuMjau","robots":{"index":"index","follow":"follow","max-snippet":"max-snippet:-1","max-image-preview":"max-image-preview:large","max-video-preview":"max-video-preview:-1"},"canonical":"https:\/\/miumjau.ee\/lv\/produkts\/sana-mini-treninu-gardumi-ar-titara-galu-batati-un-granatabolu-1-kg\/","og_locale":"lv_LV","og_type":"article","og_title":"Sana Mini treni\u0146u gardumi ar t\u012btara ga\u013cu, bat\u0101ti un gran\u0101t\u0101bolu 1 kg - MiuMjau","og_description":"SANADOG treni\u0146u gardumi no t\u012bras ga\u013cas un superproduktiem ir vesel\u012bgi un m\u012bkstas konsistences, t\u0101p\u0113c ide\u0101li piem\u0113roti ikdienas apm\u0101c\u012bbai un motiv\u0113\u0161anai. Tie lieliski atbilst pozit\u012bv\u0101s pastiprin\u0101\u0161anas treni\u0146u metod\u0113m, apbalvojot v\u0113lamo uzved\u012bbu ar uzslavu vai gardumu. Izejvielas ir no viet\u0113jiem ra\u017eot\u0101jiem un ir 100 % izsekojamas. Saudz\u012bgais ra\u017eo\u0161anas process saglab\u0101 uzturvielas, pal\u012bdzot sunim saglab\u0101t vesel\u012bbu un vitalit\u0101ti ilgtermi\u0146\u0101. SANADOG gardumi ir neatvair\u0101mi gar\u0161\u012bga un vesel\u012bga balva. Tie nesadr\u016bp un nek\u013c\u016bst taukaini, t\u0101p\u0113c tos var \u0113rti n\u0113s\u0101t kabat\u0101 un izmantot ar\u012b treni\u0146iem \u0101r\u0101. Sast\u0101vs: 90 % t\u012btars, 4 % bat\u0101te, 4 % gran\u0101t\u0101bols, 2 % dab\u012bgs augu glicer\u012bns.Anal\u012btisk\u0101s sast\u0101vda\u013cas: Olbaltumvielas 36 %, Tauki 16 %, Mitrums 8 %, Pelni 6 %, \u0160\u0137iedrvielas 2 %.Papildbar\u012bba su\u0146iem. Uzglab\u0101\u0161ana: Uzglab\u0101t v\u0113s\u0101 un saus\u0101 viet\u0101, sarg\u0101t no tie\u0161iem saules stariem. Baro\u0161anas ieteikums: Piem\u0113rots kuc\u0113niem no 12 ned\u0113\u013cu vecuma.Baro\u0161anas laik\u0101 uzraugiet suni un vienm\u0113r nodro\u0161iniet svaigu un t\u012bru dzeramo \u016bdeni.","og_url":"https:\/\/miumjau.ee\/lv\/produkts\/sana-mini-treninu-gardumi-ar-titara-galu-batati-un-granatabolu-1-kg\/","og_site_name":"MiuMjau","article_publisher":"https:\/\/www.facebook.com\/miumjaupood\/","og_image":[{"width":600,"height":800,"url":"https:\/\/miumjau.ee\/wp-content\/uploads\/2025\/03\/treeningmaius-kalkun-superfoods-1kg.webp","type":"image\/webp"}],"twitter_card":"summary_large_image","schema":{"@context":"https:\/\/schema.org","@graph":[{"@type":"WebPage","@id":"https:\/\/miumjau.ee\/lv\/produkts\/sana-mini-treninu-gardumi-ar-titara-galu-batati-un-granatabolu-1-kg\/","url":"https:\/\/miumjau.ee\/lv\/produkts\/sana-mini-treninu-gardumi-ar-titara-galu-batati-un-granatabolu-1-kg\/","name":"Sana Mini treni\u0146u gardumi ar t\u012btara ga\u013cu, bat\u0101ti un gran\u0101t\u0101bolu 1 kg - MiuMjau","isPartOf":{"@id":"https:\/\/miumjau.ee\/#website"},"primaryImageOfPage":{"@id":"https:\/\/miumjau.ee\/lv\/produkts\/sana-mini-treninu-gardumi-ar-titara-galu-batati-un-granatabolu-1-kg\/#primaryimage"},"image":{"@id":"https:\/\/miumjau.ee\/lv\/produkts\/sana-mini-treninu-gardumi-ar-titara-galu-batati-un-granatabolu-1-kg\/#primaryimage"},"thumbnailUrl":"https:\/\/miumjau.ee\/wp-content\/uploads\/2025\/03\/treeningmaius-kalkun-superfoods-1kg.webp","datePublished":"2025-03-23T11:45:24+00:00","breadcrumb":{"@id":"https:\/\/miumjau.ee\/lv\/produkts\/sana-mini-treninu-gardumi-ar-titara-galu-batati-un-granatabolu-1-kg\/#breadcrumb"},"inLanguage":"lv-LV","potentialAction":[{"@type":"ReadAction","target":["https:\/\/miumjau.ee\/lv\/produkts\/sana-mini-treninu-gardumi-ar-titara-galu-batati-un-granatabolu-1-kg\/"]}]},{"@type":"ImageObject","inLanguage":"lv-LV","@id":"https:\/\/miumjau.ee\/lv\/produkts\/sana-mini-treninu-gardumi-ar-titara-galu-batati-un-granatabolu-1-kg\/#primaryimage","url":"https:\/\/miumjau.ee\/wp-content\/uploads\/2025\/03\/treeningmaius-kalkun-superfoods-1kg.webp","contentUrl":"https:\/\/miumjau.ee\/wp-content\/uploads\/2025\/03\/treeningmaius-kalkun-superfoods-1kg.webp","width":600,"height":800},{"@type":"BreadcrumbList","@id":"https:\/\/miumjau.ee\/lv\/produkts\/sana-mini-treninu-gardumi-ar-titara-galu-batati-un-granatabolu-1-kg\/#breadcrumb","itemListElement":[{"@type":"ListItem","position":1,"name":"Home","item":"https:\/\/miumjau.ee\/lv\/"},{"@type":"ListItem","position":2,"name":"Veikals","item":"https:\/\/miumjau.ee\/lv\/veikals\/"},{"@type":"ListItem","position":3,"name":"Sana Mini treni\u0146u gardumi ar t\u012btara ga\u013cu, bat\u0101ti un gran\u0101t\u0101bolu 1 kg"}]},{"@type":"WebSite","@id":"https:\/\/miumjau.ee\/#website","url":"https:\/\/miumjau.ee\/","name":"MiuMjau","description":"Kraapimispuud kassidele","publisher":{"@id":"https:\/\/miumjau.ee\/#organization"},"potentialAction":[{"@type":"SearchAction","target":{"@type":"EntryPoint","urlTemplate":"https:\/\/miumjau.ee\/?s={search_term_string}"},"query-input":{"@type":"PropertyValueSpecification","valueRequired":true,"valueName":"search_term_string"}}],"inLanguage":"lv-LV"},{"@type":"Organization","@id":"https:\/\/miumjau.ee\/#organization","name":"MiuMjau O\u00dc","url":"https:\/\/miumjau.ee\/","logo":{"@type":"ImageObject","inLanguage":"lv-LV","@id":"https:\/\/miumjau.ee\/#\/schema\/logo\/image\/","url":"https:\/\/miumjau.ee\/wp-content\/uploads\/2022\/04\/MiuMjau-logo-kollane.png","contentUrl":"https:\/\/miumjau.ee\/wp-content\/uploads\/2022\/04\/MiuMjau-logo-kollane.png","width":219,"height":100,"caption":"MiuMjau O\u00dc"},"image":{"@id":"https:\/\/miumjau.ee\/#\/schema\/logo\/image\/"},"sameAs":["https:\/\/www.facebook.com\/miumjaupood\/"]}]}},"_links":{"self":[{"href":"https:\/\/miumjau.ee\/lv\/wp-json\/wp\/v2\/product\/52433","targetHints":{"allow":["GET"]}}],"collection":[{"href":"https:\/\/miumjau.ee\/lv\/wp-json\/wp\/v2\/product"}],"about":[{"href":"https:\/\/miumjau.ee\/lv\/wp-json\/wp\/v2\/types\/product"}],"wp:featuredmedia":[{"embeddable":true,"href":"https:\/\/miumjau.ee\/lv\/wp-json\/wp\/v2\/media\/52434"}],"wp:attachment":[{"href":"https:\/\/miumjau.ee\/lv\/wp-json\/wp\/v2\/media?parent=52433"}],"wp:term":[{"taxonomy":"product_brand","embeddable":true,"href":"https:\/\/miumjau.ee\/lv\/wp-json\/wp\/v2\/product_brand?post=52433"},{"taxonomy":"product_cat","embeddable":true,"href":"https:\/\/miumjau.ee\/lv\/wp-json\/wp\/v2\/product_cat?post=52433"},{"taxonomy":"product_tag","embeddable":true,"href":"https:\/\/miumjau.ee\/lv\/wp-json\/wp\/v2\/product_tag?post=52433"}],"curies":[{"name":"wp","href":"https:\/\/api.w.org\/{rel}","templated":true}]}}