{"id":52386,"date":"2025-03-28T00:21:03","date_gmt":"2025-03-27T22:21:03","guid":{"rendered":"https:\/\/miumjau.ee\/toode\/brit-care-pilu-zupa-kakiem-75-g\/"},"modified":"2025-03-28T00:21:03","modified_gmt":"2025-03-27T22:21:03","slug":"brit-care-pilu-zupa-kakiem-75-g","status":"publish","type":"product","link":"https:\/\/miumjau.ee\/lv\/produkts\/brit-care-pilu-zupa-kakiem-75-g\/","title":{"rendered":"Brit Care p\u012b\u013cu zupa ka\u0137iem 75 g"},"content":{"rendered":"","protected":false},"excerpt":{"rendered":"<p data-start=\"1242\" data-end=\"1308\">Brit Care p\u012b\u013cu zupa ir graudaugu nesaturo\u0161a mitr\u0101 bar\u012bba ka\u0137iem.<\/p>\n<ul data-start=\"1310\" data-end=\"1662\">\n<li data-start=\"1310\" data-end=\"1379\">\n<p data-start=\"1312\" data-end=\"1379\">Satur probiotikas \u2013 inaktiv\u0113ts Lactobacillus atbalsta im\u016bnsist\u0113mu<\/p>\n<\/li>\n<li data-start=\"1380\" data-end=\"1450\">\n<p data-start=\"1382\" data-end=\"1450\">Satur prebiotikas \u2013 frukto-oligosahar\u012bdi atbalsta zarnu mikrofloru<\/p>\n<\/li>\n<li data-start=\"1451\" data-end=\"1523\">\n<p data-start=\"1453\" data-end=\"1523\">Pievilc\u012bga un nomierino\u0161a \u2013 satur n\u0101tru, kas pal\u012bdz mazin\u0101t trauksmi<\/p>\n<\/li>\n<li data-start=\"1524\" data-end=\"1541\">\n<p data-start=\"1526\" data-end=\"1541\">Satur taur\u012bnu<\/p>\n<\/li>\n<li data-start=\"1542\" data-end=\"1596\">\n<p data-start=\"1544\" data-end=\"1596\">Piem\u0113rota steriliz\u0113tiem ka\u0137iem \u2013 satur L-metion\u012bnu<\/p>\n<\/li>\n<li data-start=\"1597\" data-end=\"1616\">\n<p data-start=\"1599\" data-end=\"1616\">Nesatur graudus<\/p>\n<\/li>\n<li data-start=\"1617\" data-end=\"1662\">\n<p data-start=\"1619\" data-end=\"1662\">Nesatur \u0122MO, soju vai pievienotos cukurus<\/p>\n<\/li>\n<\/ul>\n<p data-start=\"1664\" data-end=\"1912\"><strong data-start=\"1664\" data-end=\"1676\">Sast\u0101vs:<\/strong> Dzeramais \u016bdens, 16 % vistas, 4 % p\u012ble, 0,5 % hidroliz\u0113ta akna, 0,5 % lignoceluloze, \u017e\u0101v\u0113ta n\u0101tre (100 mg\/kg), frukto-oligosahar\u012bdi (100 mg\/kg), inaktiv\u0113tas bakt\u0113rijas un to da\u013cas (Lactobacillus helveticus HA-122, 1,5 \u00d7 10\u2078 \u0161\u016bnas\/kg)<\/p>\n<p data-start=\"1914\" data-end=\"2076\"><strong data-start=\"1914\" data-end=\"1942\">Anal\u012btisk\u0101s sast\u0101vda\u013cas:<\/strong> J\u0113lprote\u012bns 2,0 %, j\u0113ltauki 1,0 %, j\u0113l\u0161\u0137iedra 0,2 %, j\u0113lpelni 0,5 %, mitrums 95,0 %, kalcijs 0,01 %, fosfors 0,02 %, n\u0101trijs 0,05 %<\/p>\n<p data-start=\"2078\" data-end=\"2152\"><strong data-start=\"2078\" data-end=\"2099\">Bar\u012bbas piedevas:<\/strong> L-metion\u012bns (3c305) 500 mg, taur\u012bns (3a370) 500 mg<\/p>\n<p data-start=\"2154\" data-end=\"2196\"><strong data-start=\"2154\" data-end=\"2182\">Metaboliz\u0113jam\u0101 ener\u0123ija:<\/strong> 225 kcal\/kg<\/p>\n","protected":false},"featured_media":52387,"template":"","meta":[],"product_brand":[],"product_cat":[571],"product_tag":[],"class_list":{"0":"post-52386","1":"product","2":"type-product","3":"status-publish","4":"has-post-thumbnail","6":"product_cat-mitra-bariba","8":"first","9":"instock","10":"taxable","11":"shipping-taxable","12":"purchasable","13":"product-type-simple"},"yoast_head":"<!-- This site is optimized with the Yoast SEO plugin v27.2 - https:\/\/yoast.com\/product\/yoast-seo-wordpress\/ -->\n<title>Brit Care p\u012b\u013cu zupa ka\u0137iem 75 g - MiuMjau<\/title>\n<meta name=\"robots\" content=\"index, follow, max-snippet:-1, max-image-preview:large, max-video-preview:-1\" \/>\n<link rel=\"canonical\" href=\"https:\/\/miumjau.ee\/lv\/produkts\/brit-care-pilu-zupa-kakiem-75-g\/\" \/>\n<meta property=\"og:locale\" content=\"lv_LV\" \/>\n<meta property=\"og:type\" content=\"article\" \/>\n<meta property=\"og:title\" content=\"Brit Care p\u012b\u013cu zupa ka\u0137iem 75 g - MiuMjau\" \/>\n<meta property=\"og:description\" content=\"Brit Care p\u012b\u013cu zupa ir graudaugu nesaturo\u0161a mitr\u0101 bar\u012bba ka\u0137iem.     Satur probiotikas \u2013 inaktiv\u0113ts Lactobacillus atbalsta im\u016bnsist\u0113mu    Satur prebiotikas \u2013 frukto-oligosahar\u012bdi atbalsta zarnu mikrofloru    Pievilc\u012bga un nomierino\u0161a \u2013 satur n\u0101tru, kas pal\u012bdz mazin\u0101t trauksmi    Satur taur\u012bnu    Piem\u0113rota steriliz\u0113tiem ka\u0137iem \u2013 satur L-metion\u012bnu    Nesatur graudus    Nesatur \u0122MO, soju vai pievienotos cukurus   Sast\u0101vs: Dzeramais \u016bdens, 16 % vistas, 4 % p\u012ble, 0,5 % hidroliz\u0113ta akna, 0,5 % lignoceluloze, \u017e\u0101v\u0113ta n\u0101tre (100 mg\/kg), frukto-oligosahar\u012bdi (100 mg\/kg), inaktiv\u0113tas bakt\u0113rijas un to da\u013cas (Lactobacillus helveticus HA-122, 1,5 \u00d7 10\u2078 \u0161\u016bnas\/kg) Anal\u012btisk\u0101s sast\u0101vda\u013cas: J\u0113lprote\u012bns 2,0 %, j\u0113ltauki 1,0 %, j\u0113l\u0161\u0137iedra 0,2 %, j\u0113lpelni 0,5 %, mitrums 95,0 %, kalcijs 0,01 %, fosfors 0,02 %, n\u0101trijs 0,05 % Bar\u012bbas piedevas: L-metion\u012bns (3c305) 500 mg, taur\u012bns (3a370) 500 mg Metaboliz\u0113jam\u0101 ener\u0123ija: 225 kcal\/kg\" \/>\n<meta property=\"og:url\" content=\"https:\/\/miumjau.ee\/lv\/produkts\/brit-care-pilu-zupa-kakiem-75-g\/\" \/>\n<meta property=\"og:site_name\" content=\"MiuMjau\" \/>\n<meta property=\"article:publisher\" content=\"https:\/\/www.facebook.com\/miumjaupood\/\" \/>\n<meta property=\"og:image\" content=\"https:\/\/miumjau.ee\/wp-content\/uploads\/2025\/03\/kassi-pardisupp-brit-care.jpg\" \/>\n\t<meta property=\"og:image:width\" content=\"600\" \/>\n\t<meta property=\"og:image:height\" content=\"800\" \/>\n\t<meta property=\"og:image:type\" content=\"image\/jpeg\" \/>\n<meta name=\"twitter:card\" content=\"summary_large_image\" \/>\n<script type=\"application\/ld+json\" class=\"yoast-schema-graph\">{\"@context\":\"https:\/\/schema.org\",\"@graph\":[{\"@type\":\"WebPage\",\"@id\":\"https:\/\/miumjau.ee\/lv\/produkts\/brit-care-pilu-zupa-kakiem-75-g\/\",\"url\":\"https:\/\/miumjau.ee\/lv\/produkts\/brit-care-pilu-zupa-kakiem-75-g\/\",\"name\":\"Brit Care p\u012b\u013cu zupa ka\u0137iem 75 g - MiuMjau\",\"isPartOf\":{\"@id\":\"https:\/\/miumjau.ee\/#website\"},\"primaryImageOfPage\":{\"@id\":\"https:\/\/miumjau.ee\/lv\/produkts\/brit-care-pilu-zupa-kakiem-75-g\/#primaryimage\"},\"image\":{\"@id\":\"https:\/\/miumjau.ee\/lv\/produkts\/brit-care-pilu-zupa-kakiem-75-g\/#primaryimage\"},\"thumbnailUrl\":\"https:\/\/miumjau.ee\/wp-content\/uploads\/2025\/03\/kassi-pardisupp-brit-care.jpg\",\"datePublished\":\"2025-03-27T22:21:03+00:00\",\"breadcrumb\":{\"@id\":\"https:\/\/miumjau.ee\/lv\/produkts\/brit-care-pilu-zupa-kakiem-75-g\/#breadcrumb\"},\"inLanguage\":\"lv-LV\",\"potentialAction\":[{\"@type\":\"ReadAction\",\"target\":[\"https:\/\/miumjau.ee\/lv\/produkts\/brit-care-pilu-zupa-kakiem-75-g\/\"]}]},{\"@type\":\"ImageObject\",\"inLanguage\":\"lv-LV\",\"@id\":\"https:\/\/miumjau.ee\/lv\/produkts\/brit-care-pilu-zupa-kakiem-75-g\/#primaryimage\",\"url\":\"https:\/\/miumjau.ee\/wp-content\/uploads\/2025\/03\/kassi-pardisupp-brit-care.jpg\",\"contentUrl\":\"https:\/\/miumjau.ee\/wp-content\/uploads\/2025\/03\/kassi-pardisupp-brit-care.jpg\",\"width\":600,\"height\":800},{\"@type\":\"BreadcrumbList\",\"@id\":\"https:\/\/miumjau.ee\/lv\/produkts\/brit-care-pilu-zupa-kakiem-75-g\/#breadcrumb\",\"itemListElement\":[{\"@type\":\"ListItem\",\"position\":1,\"name\":\"Home\",\"item\":\"https:\/\/miumjau.ee\/lv\/\"},{\"@type\":\"ListItem\",\"position\":2,\"name\":\"Veikals\",\"item\":\"https:\/\/miumjau.ee\/lv\/veikals\/\"},{\"@type\":\"ListItem\",\"position\":3,\"name\":\"Brit Care p\u012b\u013cu zupa ka\u0137iem 75 g\"}]},{\"@type\":\"WebSite\",\"@id\":\"https:\/\/miumjau.ee\/#website\",\"url\":\"https:\/\/miumjau.ee\/\",\"name\":\"MiuMjau\",\"description\":\"Kraapimispuud kassidele\",\"publisher\":{\"@id\":\"https:\/\/miumjau.ee\/#organization\"},\"potentialAction\":[{\"@type\":\"SearchAction\",\"target\":{\"@type\":\"EntryPoint\",\"urlTemplate\":\"https:\/\/miumjau.ee\/?s={search_term_string}\"},\"query-input\":{\"@type\":\"PropertyValueSpecification\",\"valueRequired\":true,\"valueName\":\"search_term_string\"}}],\"inLanguage\":\"lv-LV\"},{\"@type\":\"Organization\",\"@id\":\"https:\/\/miumjau.ee\/#organization\",\"name\":\"MiuMjau O\u00dc\",\"url\":\"https:\/\/miumjau.ee\/\",\"logo\":{\"@type\":\"ImageObject\",\"inLanguage\":\"lv-LV\",\"@id\":\"https:\/\/miumjau.ee\/#\/schema\/logo\/image\/\",\"url\":\"https:\/\/miumjau.ee\/wp-content\/uploads\/2022\/04\/MiuMjau-logo-kollane.png\",\"contentUrl\":\"https:\/\/miumjau.ee\/wp-content\/uploads\/2022\/04\/MiuMjau-logo-kollane.png\",\"width\":219,\"height\":100,\"caption\":\"MiuMjau O\u00dc\"},\"image\":{\"@id\":\"https:\/\/miumjau.ee\/#\/schema\/logo\/image\/\"},\"sameAs\":[\"https:\/\/www.facebook.com\/miumjaupood\/\"]}]}<\/script>\n<!-- \/ Yoast SEO plugin. -->","yoast_head_json":{"title":"Brit Care p\u012b\u013cu zupa ka\u0137iem 75 g - MiuMjau","robots":{"index":"index","follow":"follow","max-snippet":"max-snippet:-1","max-image-preview":"max-image-preview:large","max-video-preview":"max-video-preview:-1"},"canonical":"https:\/\/miumjau.ee\/lv\/produkts\/brit-care-pilu-zupa-kakiem-75-g\/","og_locale":"lv_LV","og_type":"article","og_title":"Brit Care p\u012b\u013cu zupa ka\u0137iem 75 g - MiuMjau","og_description":"Brit Care p\u012b\u013cu zupa ir graudaugu nesaturo\u0161a mitr\u0101 bar\u012bba ka\u0137iem.     Satur probiotikas \u2013 inaktiv\u0113ts Lactobacillus atbalsta im\u016bnsist\u0113mu    Satur prebiotikas \u2013 frukto-oligosahar\u012bdi atbalsta zarnu mikrofloru    Pievilc\u012bga un nomierino\u0161a \u2013 satur n\u0101tru, kas pal\u012bdz mazin\u0101t trauksmi    Satur taur\u012bnu    Piem\u0113rota steriliz\u0113tiem ka\u0137iem \u2013 satur L-metion\u012bnu    Nesatur graudus    Nesatur \u0122MO, soju vai pievienotos cukurus   Sast\u0101vs: Dzeramais \u016bdens, 16 % vistas, 4 % p\u012ble, 0,5 % hidroliz\u0113ta akna, 0,5 % lignoceluloze, \u017e\u0101v\u0113ta n\u0101tre (100 mg\/kg), frukto-oligosahar\u012bdi (100 mg\/kg), inaktiv\u0113tas bakt\u0113rijas un to da\u013cas (Lactobacillus helveticus HA-122, 1,5 \u00d7 10\u2078 \u0161\u016bnas\/kg) Anal\u012btisk\u0101s sast\u0101vda\u013cas: J\u0113lprote\u012bns 2,0 %, j\u0113ltauki 1,0 %, j\u0113l\u0161\u0137iedra 0,2 %, j\u0113lpelni 0,5 %, mitrums 95,0 %, kalcijs 0,01 %, fosfors 0,02 %, n\u0101trijs 0,05 % Bar\u012bbas piedevas: L-metion\u012bns (3c305) 500 mg, taur\u012bns (3a370) 500 mg Metaboliz\u0113jam\u0101 ener\u0123ija: 225 kcal\/kg","og_url":"https:\/\/miumjau.ee\/lv\/produkts\/brit-care-pilu-zupa-kakiem-75-g\/","og_site_name":"MiuMjau","article_publisher":"https:\/\/www.facebook.com\/miumjaupood\/","og_image":[{"width":600,"height":800,"url":"https:\/\/miumjau.ee\/wp-content\/uploads\/2025\/03\/kassi-pardisupp-brit-care.jpg","type":"image\/jpeg"}],"twitter_card":"summary_large_image","schema":{"@context":"https:\/\/schema.org","@graph":[{"@type":"WebPage","@id":"https:\/\/miumjau.ee\/lv\/produkts\/brit-care-pilu-zupa-kakiem-75-g\/","url":"https:\/\/miumjau.ee\/lv\/produkts\/brit-care-pilu-zupa-kakiem-75-g\/","name":"Brit Care p\u012b\u013cu zupa ka\u0137iem 75 g - MiuMjau","isPartOf":{"@id":"https:\/\/miumjau.ee\/#website"},"primaryImageOfPage":{"@id":"https:\/\/miumjau.ee\/lv\/produkts\/brit-care-pilu-zupa-kakiem-75-g\/#primaryimage"},"image":{"@id":"https:\/\/miumjau.ee\/lv\/produkts\/brit-care-pilu-zupa-kakiem-75-g\/#primaryimage"},"thumbnailUrl":"https:\/\/miumjau.ee\/wp-content\/uploads\/2025\/03\/kassi-pardisupp-brit-care.jpg","datePublished":"2025-03-27T22:21:03+00:00","breadcrumb":{"@id":"https:\/\/miumjau.ee\/lv\/produkts\/brit-care-pilu-zupa-kakiem-75-g\/#breadcrumb"},"inLanguage":"lv-LV","potentialAction":[{"@type":"ReadAction","target":["https:\/\/miumjau.ee\/lv\/produkts\/brit-care-pilu-zupa-kakiem-75-g\/"]}]},{"@type":"ImageObject","inLanguage":"lv-LV","@id":"https:\/\/miumjau.ee\/lv\/produkts\/brit-care-pilu-zupa-kakiem-75-g\/#primaryimage","url":"https:\/\/miumjau.ee\/wp-content\/uploads\/2025\/03\/kassi-pardisupp-brit-care.jpg","contentUrl":"https:\/\/miumjau.ee\/wp-content\/uploads\/2025\/03\/kassi-pardisupp-brit-care.jpg","width":600,"height":800},{"@type":"BreadcrumbList","@id":"https:\/\/miumjau.ee\/lv\/produkts\/brit-care-pilu-zupa-kakiem-75-g\/#breadcrumb","itemListElement":[{"@type":"ListItem","position":1,"name":"Home","item":"https:\/\/miumjau.ee\/lv\/"},{"@type":"ListItem","position":2,"name":"Veikals","item":"https:\/\/miumjau.ee\/lv\/veikals\/"},{"@type":"ListItem","position":3,"name":"Brit Care p\u012b\u013cu zupa ka\u0137iem 75 g"}]},{"@type":"WebSite","@id":"https:\/\/miumjau.ee\/#website","url":"https:\/\/miumjau.ee\/","name":"MiuMjau","description":"Kraapimispuud kassidele","publisher":{"@id":"https:\/\/miumjau.ee\/#organization"},"potentialAction":[{"@type":"SearchAction","target":{"@type":"EntryPoint","urlTemplate":"https:\/\/miumjau.ee\/?s={search_term_string}"},"query-input":{"@type":"PropertyValueSpecification","valueRequired":true,"valueName":"search_term_string"}}],"inLanguage":"lv-LV"},{"@type":"Organization","@id":"https:\/\/miumjau.ee\/#organization","name":"MiuMjau O\u00dc","url":"https:\/\/miumjau.ee\/","logo":{"@type":"ImageObject","inLanguage":"lv-LV","@id":"https:\/\/miumjau.ee\/#\/schema\/logo\/image\/","url":"https:\/\/miumjau.ee\/wp-content\/uploads\/2022\/04\/MiuMjau-logo-kollane.png","contentUrl":"https:\/\/miumjau.ee\/wp-content\/uploads\/2022\/04\/MiuMjau-logo-kollane.png","width":219,"height":100,"caption":"MiuMjau O\u00dc"},"image":{"@id":"https:\/\/miumjau.ee\/#\/schema\/logo\/image\/"},"sameAs":["https:\/\/www.facebook.com\/miumjaupood\/"]}]}},"_links":{"self":[{"href":"https:\/\/miumjau.ee\/lv\/wp-json\/wp\/v2\/product\/52386","targetHints":{"allow":["GET"]}}],"collection":[{"href":"https:\/\/miumjau.ee\/lv\/wp-json\/wp\/v2\/product"}],"about":[{"href":"https:\/\/miumjau.ee\/lv\/wp-json\/wp\/v2\/types\/product"}],"wp:featuredmedia":[{"embeddable":true,"href":"https:\/\/miumjau.ee\/lv\/wp-json\/wp\/v2\/media\/52387"}],"wp:attachment":[{"href":"https:\/\/miumjau.ee\/lv\/wp-json\/wp\/v2\/media?parent=52386"}],"wp:term":[{"taxonomy":"product_brand","embeddable":true,"href":"https:\/\/miumjau.ee\/lv\/wp-json\/wp\/v2\/product_brand?post=52386"},{"taxonomy":"product_cat","embeddable":true,"href":"https:\/\/miumjau.ee\/lv\/wp-json\/wp\/v2\/product_cat?post=52386"},{"taxonomy":"product_tag","embeddable":true,"href":"https:\/\/miumjau.ee\/lv\/wp-json\/wp\/v2\/product_tag?post=52386"}],"curies":[{"name":"wp","href":"https:\/\/api.w.org\/{rel}","templated":true}]}}