{"id":52379,"date":"2025-03-31T13:08:58","date_gmt":"2025-03-31T10:08:58","guid":{"rendered":"https:\/\/miumjau.ee\/toode\/brit-mono-protein-konservi-suniem-ar-jera-galu-un-risiem-400-g\/"},"modified":"2025-03-31T13:08:58","modified_gmt":"2025-03-31T10:08:58","slug":"brit-mono-protein-konservi-suniem-ar-jera-galu-un-risiem-400-g","status":"publish","type":"product","link":"https:\/\/miumjau.ee\/lv\/produkts\/brit-mono-protein-konservi-suniem-ar-jera-galu-un-risiem-400-g\/","title":{"rendered":"Brit Mono Protein \u2013 konservi su\u0146iem ar j\u0113ra ga\u013cu un r\u012bsiem, 400 g"},"content":{"rendered":"","protected":false},"excerpt":{"rendered":"<p data-start=\"1346\" data-end=\"1557\">100 % T\u012aRS J\u0112RA OLBALTUMS AR R\u012aSIEM. Brit Mono Protein pied\u0101v\u0101 pilnv\u0113rt\u012bgu un sabalans\u0113tu bar\u012bbu. Formula balst\u012bta uz vienu prote\u012bna veidu un ir ide\u0101la, lai samazin\u0101tu p\u0101rtikas aler\u0123iju un nepanesam\u012bbas risku.<\/p>\n<ul data-start=\"1559\" data-end=\"1809\">\n<li data-start=\"1559\" data-end=\"1640\">\n<p data-start=\"1561\" data-end=\"1640\">Ide\u0101li jut\u012bg\u0101m su\u0146u gremo\u0161anas sist\u0113m\u0101m, p\u0101rtikas aler\u0123ij\u0101m vai nepanesam\u012bbai<\/p>\n<\/li>\n<li data-start=\"1641\" data-end=\"1735\">\n<p data-start=\"1643\" data-end=\"1735\">Augstas kvalit\u0101tes ga\u013cas liels saturs un r\u016bp\u012bga apstr\u0101de nodro\u0161ina izcilu gar\u0161u un arom\u0101tu<\/p>\n<\/li>\n<li data-start=\"1736\" data-end=\"1809\">\n<p data-start=\"1738\" data-end=\"1809\">Ide\u0101ls papildin\u0101jums sausajai bar\u012bbai, uzlabo \u0113stgribu un hidrat\u0101ciju<\/p>\n<\/li>\n<\/ul>\n<p data-start=\"1811\" data-end=\"1850\"><strong data-start=\"1811\" data-end=\"1848\">BEZ GLUT\u0112NA \/ BEZ SOJAS \/ BEZ \u0122MO<\/strong><\/p>\n<p data-start=\"1852\" data-end=\"1939\"><strong data-start=\"1852\" data-end=\"1864\">Sast\u0101vs:<\/strong> 70 % j\u0113rs (ga\u013ca un org\u0101ni), 4 % r\u012bsi, 3 % zir\u0146u ciete, 1 % zir\u0146u \u0161\u0137iedra<\/p>\n<p data-start=\"1941\" data-end=\"2092\"><strong data-start=\"1941\" data-end=\"1969\">Anal\u012btisk\u0101s sast\u0101vda\u013cas:<\/strong> J\u0113lprote\u012bns 9 %, j\u0113ltauki 7 %, j\u0113lpelni 2 %, mitrums 78 %, j\u0113l\u0161\u0137iedra 0,7 %, kalcijs 0,2 %, fosfors 0,3 %, n\u0101trijs 0,4 %<\/p>\n<p data-start=\"2094\" data-end=\"2293\"><strong data-start=\"2094\" data-end=\"2115\">Bar\u012bbas piedevas:<\/strong> D3 vitam\u012bns (3a671) 250 SV, E vitam\u012bns (3a700) 100 mg, cinks (3b606) 15 mg, dzelzs (3b106) 10 mg, mang\u0101ns (3b504) 3 mg, k\u0101lija jod\u012bds (3b201) 0,5 mg, biot\u012bns (3a880) 0,2 mg\/kg<\/p>\n<p data-start=\"2295\" data-end=\"2351\"><strong data-start=\"2295\" data-end=\"2322\">Tehnolo\u0123iskie piedevas:<\/strong> karag\u0113ns (E410) 5000 mg\/kg<\/p>\n<p data-start=\"2353\" data-end=\"2397\"><strong data-start=\"2353\" data-end=\"2381\">Metaboliz\u0113jam\u0101 ener\u0123ija:<\/strong> 1 110 kcal\/kg<\/p>\n","protected":false},"featured_media":52380,"template":"","meta":[],"product_brand":[],"product_cat":[577],"product_tag":[],"class_list":{"0":"post-52379","1":"product","2":"type-product","3":"status-publish","4":"has-post-thumbnail","6":"product_cat-mitra-bariba-suniem","8":"first","9":"instock","10":"taxable","11":"shipping-taxable","12":"purchasable","13":"product-type-simple"},"yoast_head":"<!-- This site is optimized with the Yoast SEO plugin v27.2 - https:\/\/yoast.com\/product\/yoast-seo-wordpress\/ -->\n<title>Brit Mono Protein \u2013 konservi su\u0146iem ar j\u0113ra ga\u013cu un r\u012bsiem, 400 g - MiuMjau<\/title>\n<meta name=\"robots\" content=\"index, follow, max-snippet:-1, max-image-preview:large, max-video-preview:-1\" \/>\n<link rel=\"canonical\" href=\"https:\/\/miumjau.ee\/lv\/produkts\/brit-mono-protein-konservi-suniem-ar-jera-galu-un-risiem-400-g\/\" \/>\n<meta property=\"og:locale\" content=\"lv_LV\" \/>\n<meta property=\"og:type\" content=\"article\" \/>\n<meta property=\"og:title\" content=\"Brit Mono Protein \u2013 konservi su\u0146iem ar j\u0113ra ga\u013cu un r\u012bsiem, 400 g - MiuMjau\" \/>\n<meta property=\"og:description\" content=\"100 % T\u012aRS J\u0112RA OLBALTUMS AR R\u012aSIEM. Brit Mono Protein pied\u0101v\u0101 pilnv\u0113rt\u012bgu un sabalans\u0113tu bar\u012bbu. Formula balst\u012bta uz vienu prote\u012bna veidu un ir ide\u0101la, lai samazin\u0101tu p\u0101rtikas aler\u0123iju un nepanesam\u012bbas risku.     Ide\u0101li jut\u012bg\u0101m su\u0146u gremo\u0161anas sist\u0113m\u0101m, p\u0101rtikas aler\u0123ij\u0101m vai nepanesam\u012bbai    Augstas kvalit\u0101tes ga\u013cas liels saturs un r\u016bp\u012bga apstr\u0101de nodro\u0161ina izcilu gar\u0161u un arom\u0101tu    Ide\u0101ls papildin\u0101jums sausajai bar\u012bbai, uzlabo \u0113stgribu un hidrat\u0101ciju   BEZ GLUT\u0112NA \/ BEZ SOJAS \/ BEZ \u0122MO Sast\u0101vs: 70 % j\u0113rs (ga\u013ca un org\u0101ni), 4 % r\u012bsi, 3 % zir\u0146u ciete, 1 % zir\u0146u \u0161\u0137iedra Anal\u012btisk\u0101s sast\u0101vda\u013cas: J\u0113lprote\u012bns 9 %, j\u0113ltauki 7 %, j\u0113lpelni 2 %, mitrums 78 %, j\u0113l\u0161\u0137iedra 0,7 %, kalcijs 0,2 %, fosfors 0,3 %, n\u0101trijs 0,4 % Bar\u012bbas piedevas: D3 vitam\u012bns (3a671) 250 SV, E vitam\u012bns (3a700) 100 mg, cinks (3b606) 15 mg, dzelzs (3b106) 10 mg, mang\u0101ns (3b504) 3 mg, k\u0101lija jod\u012bds (3b201) 0,5 mg, biot\u012bns (3a880) 0,2 mg\/kg Tehnolo\u0123iskie piedevas: karag\u0113ns (E410) 5000 mg\/kg Metaboliz\u0113jam\u0101 ener\u0123ija: 1 110 kcal\/kg\" \/>\n<meta property=\"og:url\" content=\"https:\/\/miumjau.ee\/lv\/produkts\/brit-mono-protein-konservi-suniem-ar-jera-galu-un-risiem-400-g\/\" \/>\n<meta property=\"og:site_name\" content=\"MiuMjau\" \/>\n<meta property=\"article:publisher\" content=\"https:\/\/www.facebook.com\/miumjaupood\/\" \/>\n<meta property=\"og:image\" content=\"https:\/\/miumjau.ee\/wp-content\/uploads\/2025\/03\/brit-mono-konserv-koerale-lammas-riis2-Photoroom.webp\" \/>\n\t<meta property=\"og:image:width\" content=\"600\" \/>\n\t<meta property=\"og:image:height\" content=\"800\" \/>\n\t<meta property=\"og:image:type\" content=\"image\/webp\" \/>\n<meta name=\"twitter:card\" content=\"summary_large_image\" \/>\n<script type=\"application\/ld+json\" class=\"yoast-schema-graph\">{\"@context\":\"https:\/\/schema.org\",\"@graph\":[{\"@type\":\"WebPage\",\"@id\":\"https:\/\/miumjau.ee\/lv\/produkts\/brit-mono-protein-konservi-suniem-ar-jera-galu-un-risiem-400-g\/\",\"url\":\"https:\/\/miumjau.ee\/lv\/produkts\/brit-mono-protein-konservi-suniem-ar-jera-galu-un-risiem-400-g\/\",\"name\":\"Brit Mono Protein \u2013 konservi su\u0146iem ar j\u0113ra ga\u013cu un r\u012bsiem, 400 g - MiuMjau\",\"isPartOf\":{\"@id\":\"https:\/\/miumjau.ee\/#website\"},\"primaryImageOfPage\":{\"@id\":\"https:\/\/miumjau.ee\/lv\/produkts\/brit-mono-protein-konservi-suniem-ar-jera-galu-un-risiem-400-g\/#primaryimage\"},\"image\":{\"@id\":\"https:\/\/miumjau.ee\/lv\/produkts\/brit-mono-protein-konservi-suniem-ar-jera-galu-un-risiem-400-g\/#primaryimage\"},\"thumbnailUrl\":\"https:\/\/miumjau.ee\/wp-content\/uploads\/2025\/03\/brit-mono-konserv-koerale-lammas-riis2-Photoroom.webp\",\"datePublished\":\"2025-03-31T10:08:58+00:00\",\"breadcrumb\":{\"@id\":\"https:\/\/miumjau.ee\/lv\/produkts\/brit-mono-protein-konservi-suniem-ar-jera-galu-un-risiem-400-g\/#breadcrumb\"},\"inLanguage\":\"lv-LV\",\"potentialAction\":[{\"@type\":\"ReadAction\",\"target\":[\"https:\/\/miumjau.ee\/lv\/produkts\/brit-mono-protein-konservi-suniem-ar-jera-galu-un-risiem-400-g\/\"]}]},{\"@type\":\"ImageObject\",\"inLanguage\":\"lv-LV\",\"@id\":\"https:\/\/miumjau.ee\/lv\/produkts\/brit-mono-protein-konservi-suniem-ar-jera-galu-un-risiem-400-g\/#primaryimage\",\"url\":\"https:\/\/miumjau.ee\/wp-content\/uploads\/2025\/03\/brit-mono-konserv-koerale-lammas-riis2-Photoroom.webp\",\"contentUrl\":\"https:\/\/miumjau.ee\/wp-content\/uploads\/2025\/03\/brit-mono-konserv-koerale-lammas-riis2-Photoroom.webp\",\"width\":600,\"height\":800},{\"@type\":\"BreadcrumbList\",\"@id\":\"https:\/\/miumjau.ee\/lv\/produkts\/brit-mono-protein-konservi-suniem-ar-jera-galu-un-risiem-400-g\/#breadcrumb\",\"itemListElement\":[{\"@type\":\"ListItem\",\"position\":1,\"name\":\"Home\",\"item\":\"https:\/\/miumjau.ee\/lv\/\"},{\"@type\":\"ListItem\",\"position\":2,\"name\":\"Veikals\",\"item\":\"https:\/\/miumjau.ee\/lv\/veikals\/\"},{\"@type\":\"ListItem\",\"position\":3,\"name\":\"Brit Mono Protein \u2013 konservi su\u0146iem ar j\u0113ra ga\u013cu un r\u012bsiem, 400 g\"}]},{\"@type\":\"WebSite\",\"@id\":\"https:\/\/miumjau.ee\/#website\",\"url\":\"https:\/\/miumjau.ee\/\",\"name\":\"MiuMjau\",\"description\":\"Kraapimispuud kassidele\",\"publisher\":{\"@id\":\"https:\/\/miumjau.ee\/#organization\"},\"potentialAction\":[{\"@type\":\"SearchAction\",\"target\":{\"@type\":\"EntryPoint\",\"urlTemplate\":\"https:\/\/miumjau.ee\/?s={search_term_string}\"},\"query-input\":{\"@type\":\"PropertyValueSpecification\",\"valueRequired\":true,\"valueName\":\"search_term_string\"}}],\"inLanguage\":\"lv-LV\"},{\"@type\":\"Organization\",\"@id\":\"https:\/\/miumjau.ee\/#organization\",\"name\":\"MiuMjau O\u00dc\",\"url\":\"https:\/\/miumjau.ee\/\",\"logo\":{\"@type\":\"ImageObject\",\"inLanguage\":\"lv-LV\",\"@id\":\"https:\/\/miumjau.ee\/#\/schema\/logo\/image\/\",\"url\":\"https:\/\/miumjau.ee\/wp-content\/uploads\/2022\/04\/MiuMjau-logo-kollane.png\",\"contentUrl\":\"https:\/\/miumjau.ee\/wp-content\/uploads\/2022\/04\/MiuMjau-logo-kollane.png\",\"width\":219,\"height\":100,\"caption\":\"MiuMjau O\u00dc\"},\"image\":{\"@id\":\"https:\/\/miumjau.ee\/#\/schema\/logo\/image\/\"},\"sameAs\":[\"https:\/\/www.facebook.com\/miumjaupood\/\"]}]}<\/script>\n<!-- \/ Yoast SEO plugin. -->","yoast_head_json":{"title":"Brit Mono Protein \u2013 konservi su\u0146iem ar j\u0113ra ga\u013cu un r\u012bsiem, 400 g - MiuMjau","robots":{"index":"index","follow":"follow","max-snippet":"max-snippet:-1","max-image-preview":"max-image-preview:large","max-video-preview":"max-video-preview:-1"},"canonical":"https:\/\/miumjau.ee\/lv\/produkts\/brit-mono-protein-konservi-suniem-ar-jera-galu-un-risiem-400-g\/","og_locale":"lv_LV","og_type":"article","og_title":"Brit Mono Protein \u2013 konservi su\u0146iem ar j\u0113ra ga\u013cu un r\u012bsiem, 400 g - MiuMjau","og_description":"100 % T\u012aRS J\u0112RA OLBALTUMS AR R\u012aSIEM. Brit Mono Protein pied\u0101v\u0101 pilnv\u0113rt\u012bgu un sabalans\u0113tu bar\u012bbu. Formula balst\u012bta uz vienu prote\u012bna veidu un ir ide\u0101la, lai samazin\u0101tu p\u0101rtikas aler\u0123iju un nepanesam\u012bbas risku.     Ide\u0101li jut\u012bg\u0101m su\u0146u gremo\u0161anas sist\u0113m\u0101m, p\u0101rtikas aler\u0123ij\u0101m vai nepanesam\u012bbai    Augstas kvalit\u0101tes ga\u013cas liels saturs un r\u016bp\u012bga apstr\u0101de nodro\u0161ina izcilu gar\u0161u un arom\u0101tu    Ide\u0101ls papildin\u0101jums sausajai bar\u012bbai, uzlabo \u0113stgribu un hidrat\u0101ciju   BEZ GLUT\u0112NA \/ BEZ SOJAS \/ BEZ \u0122MO Sast\u0101vs: 70 % j\u0113rs (ga\u013ca un org\u0101ni), 4 % r\u012bsi, 3 % zir\u0146u ciete, 1 % zir\u0146u \u0161\u0137iedra Anal\u012btisk\u0101s sast\u0101vda\u013cas: J\u0113lprote\u012bns 9 %, j\u0113ltauki 7 %, j\u0113lpelni 2 %, mitrums 78 %, j\u0113l\u0161\u0137iedra 0,7 %, kalcijs 0,2 %, fosfors 0,3 %, n\u0101trijs 0,4 % Bar\u012bbas piedevas: D3 vitam\u012bns (3a671) 250 SV, E vitam\u012bns (3a700) 100 mg, cinks (3b606) 15 mg, dzelzs (3b106) 10 mg, mang\u0101ns (3b504) 3 mg, k\u0101lija jod\u012bds (3b201) 0,5 mg, biot\u012bns (3a880) 0,2 mg\/kg Tehnolo\u0123iskie piedevas: karag\u0113ns (E410) 5000 mg\/kg Metaboliz\u0113jam\u0101 ener\u0123ija: 1 110 kcal\/kg","og_url":"https:\/\/miumjau.ee\/lv\/produkts\/brit-mono-protein-konservi-suniem-ar-jera-galu-un-risiem-400-g\/","og_site_name":"MiuMjau","article_publisher":"https:\/\/www.facebook.com\/miumjaupood\/","og_image":[{"width":600,"height":800,"url":"https:\/\/miumjau.ee\/wp-content\/uploads\/2025\/03\/brit-mono-konserv-koerale-lammas-riis2-Photoroom.webp","type":"image\/webp"}],"twitter_card":"summary_large_image","schema":{"@context":"https:\/\/schema.org","@graph":[{"@type":"WebPage","@id":"https:\/\/miumjau.ee\/lv\/produkts\/brit-mono-protein-konservi-suniem-ar-jera-galu-un-risiem-400-g\/","url":"https:\/\/miumjau.ee\/lv\/produkts\/brit-mono-protein-konservi-suniem-ar-jera-galu-un-risiem-400-g\/","name":"Brit Mono Protein \u2013 konservi su\u0146iem ar j\u0113ra ga\u013cu un r\u012bsiem, 400 g - MiuMjau","isPartOf":{"@id":"https:\/\/miumjau.ee\/#website"},"primaryImageOfPage":{"@id":"https:\/\/miumjau.ee\/lv\/produkts\/brit-mono-protein-konservi-suniem-ar-jera-galu-un-risiem-400-g\/#primaryimage"},"image":{"@id":"https:\/\/miumjau.ee\/lv\/produkts\/brit-mono-protein-konservi-suniem-ar-jera-galu-un-risiem-400-g\/#primaryimage"},"thumbnailUrl":"https:\/\/miumjau.ee\/wp-content\/uploads\/2025\/03\/brit-mono-konserv-koerale-lammas-riis2-Photoroom.webp","datePublished":"2025-03-31T10:08:58+00:00","breadcrumb":{"@id":"https:\/\/miumjau.ee\/lv\/produkts\/brit-mono-protein-konservi-suniem-ar-jera-galu-un-risiem-400-g\/#breadcrumb"},"inLanguage":"lv-LV","potentialAction":[{"@type":"ReadAction","target":["https:\/\/miumjau.ee\/lv\/produkts\/brit-mono-protein-konservi-suniem-ar-jera-galu-un-risiem-400-g\/"]}]},{"@type":"ImageObject","inLanguage":"lv-LV","@id":"https:\/\/miumjau.ee\/lv\/produkts\/brit-mono-protein-konservi-suniem-ar-jera-galu-un-risiem-400-g\/#primaryimage","url":"https:\/\/miumjau.ee\/wp-content\/uploads\/2025\/03\/brit-mono-konserv-koerale-lammas-riis2-Photoroom.webp","contentUrl":"https:\/\/miumjau.ee\/wp-content\/uploads\/2025\/03\/brit-mono-konserv-koerale-lammas-riis2-Photoroom.webp","width":600,"height":800},{"@type":"BreadcrumbList","@id":"https:\/\/miumjau.ee\/lv\/produkts\/brit-mono-protein-konservi-suniem-ar-jera-galu-un-risiem-400-g\/#breadcrumb","itemListElement":[{"@type":"ListItem","position":1,"name":"Home","item":"https:\/\/miumjau.ee\/lv\/"},{"@type":"ListItem","position":2,"name":"Veikals","item":"https:\/\/miumjau.ee\/lv\/veikals\/"},{"@type":"ListItem","position":3,"name":"Brit Mono Protein \u2013 konservi su\u0146iem ar j\u0113ra ga\u013cu un r\u012bsiem, 400 g"}]},{"@type":"WebSite","@id":"https:\/\/miumjau.ee\/#website","url":"https:\/\/miumjau.ee\/","name":"MiuMjau","description":"Kraapimispuud kassidele","publisher":{"@id":"https:\/\/miumjau.ee\/#organization"},"potentialAction":[{"@type":"SearchAction","target":{"@type":"EntryPoint","urlTemplate":"https:\/\/miumjau.ee\/?s={search_term_string}"},"query-input":{"@type":"PropertyValueSpecification","valueRequired":true,"valueName":"search_term_string"}}],"inLanguage":"lv-LV"},{"@type":"Organization","@id":"https:\/\/miumjau.ee\/#organization","name":"MiuMjau O\u00dc","url":"https:\/\/miumjau.ee\/","logo":{"@type":"ImageObject","inLanguage":"lv-LV","@id":"https:\/\/miumjau.ee\/#\/schema\/logo\/image\/","url":"https:\/\/miumjau.ee\/wp-content\/uploads\/2022\/04\/MiuMjau-logo-kollane.png","contentUrl":"https:\/\/miumjau.ee\/wp-content\/uploads\/2022\/04\/MiuMjau-logo-kollane.png","width":219,"height":100,"caption":"MiuMjau O\u00dc"},"image":{"@id":"https:\/\/miumjau.ee\/#\/schema\/logo\/image\/"},"sameAs":["https:\/\/www.facebook.com\/miumjaupood\/"]}]}},"_links":{"self":[{"href":"https:\/\/miumjau.ee\/lv\/wp-json\/wp\/v2\/product\/52379","targetHints":{"allow":["GET"]}}],"collection":[{"href":"https:\/\/miumjau.ee\/lv\/wp-json\/wp\/v2\/product"}],"about":[{"href":"https:\/\/miumjau.ee\/lv\/wp-json\/wp\/v2\/types\/product"}],"wp:featuredmedia":[{"embeddable":true,"href":"https:\/\/miumjau.ee\/lv\/wp-json\/wp\/v2\/media\/52380"}],"wp:attachment":[{"href":"https:\/\/miumjau.ee\/lv\/wp-json\/wp\/v2\/media?parent=52379"}],"wp:term":[{"taxonomy":"product_brand","embeddable":true,"href":"https:\/\/miumjau.ee\/lv\/wp-json\/wp\/v2\/product_brand?post=52379"},{"taxonomy":"product_cat","embeddable":true,"href":"https:\/\/miumjau.ee\/lv\/wp-json\/wp\/v2\/product_cat?post=52379"},{"taxonomy":"product_tag","embeddable":true,"href":"https:\/\/miumjau.ee\/lv\/wp-json\/wp\/v2\/product_tag?post=52379"}],"curies":[{"name":"wp","href":"https:\/\/api.w.org\/{rel}","templated":true}]}}