{"id":52324,"date":"2025-03-31T13:18:28","date_gmt":"2025-03-31T10:18:28","guid":{"rendered":"https:\/\/miumjau.ee\/toode\/brit-pate-meat-konservi-suniem-ar-pili-400-g\/"},"modified":"2025-03-31T13:18:28","modified_gmt":"2025-03-31T10:18:28","slug":"brit-pate-meat-konservi-suniem-ar-pili-400-g","status":"publish","type":"product","link":"https:\/\/miumjau.ee\/lv\/produkts\/brit-pate-meat-konservi-suniem-ar-pili-400-g\/","title":{"rendered":"Brit P\u00e2t\u00e9 &#038; Meat \u2013 konservi su\u0146iem ar p\u012bli, 400 g"},"content":{"rendered":"","protected":false},"excerpt":{"rendered":"<p data-start=\"1269\" data-end=\"1352\">T\u012brs past\u0113te ar veseliem org\u0101niem un ga\u013cas gabali\u0146iem. Pilnv\u0113rt\u012bga bar\u012bba su\u0146iem.<\/p>\n<ul data-start=\"1354\" data-end=\"1700\">\n<li data-start=\"1354\" data-end=\"1401\">\n<p data-start=\"1356\" data-end=\"1401\">Patiesi ga\u013cas gabali\u0146i ar veseliem org\u0101niem<\/p>\n<\/li>\n<li data-start=\"1402\" data-end=\"1496\">\n<p data-start=\"1404\" data-end=\"1496\">Augstas kvalit\u0101tes ga\u013cas liels saturs un r\u016bp\u012bga apstr\u0101de nodro\u0161ina izcilu gar\u0161u un arom\u0101tu<\/p>\n<\/li>\n<li data-start=\"1497\" data-end=\"1606\">\n<p data-start=\"1499\" data-end=\"1606\">Gar\u0161\u012bga kombin\u0101cija no \u012bstiem ga\u013cas gabali\u0146iem un org\u0101niem past\u0113te apmierina ar\u012b pras\u012bg\u0101kos su\u0146u gard\u0113\u017eus<\/p>\n<\/li>\n<li data-start=\"1607\" data-end=\"1700\">\n<p data-start=\"1609\" data-end=\"1700\">Brit P\u00e2t\u00e9 &amp; Meat ir ide\u0101ls papildin\u0101jums sausajai bar\u012bbai, uzlabo \u0113stgribu un hidrat\u0101ciju<\/p>\n<\/li>\n<\/ul>\n<p data-start=\"1702\" data-end=\"1742\"><strong data-start=\"1702\" data-end=\"1740\">BEZ KVIE\u0160IEM \/ BEZ SOJAS \/ BEZ \u0122MO<\/strong><\/p>\n<p data-start=\"1744\" data-end=\"1868\"><strong data-start=\"1744\" data-end=\"1756\">Sast\u0101vs:<\/strong> 44 % vista (ga\u013ca un org\u0101ni), 26 % p\u012ble (ga\u013ca un org\u0101ni), 3 % zir\u0146u ciete, 1 % zir\u0146u \u0161\u0137iedra, 0,5 % lasis e\u013c\u013ca<\/p>\n<p data-start=\"1870\" data-end=\"2021\"><strong data-start=\"1870\" data-end=\"1898\">Anal\u012btisk\u0101s sast\u0101vda\u013cas:<\/strong> J\u0113lprote\u012bns 9 %, j\u0113ltauki 6 %, j\u0113lpelni 3 %, mitrums 78 %, j\u0113l\u0161\u0137iedra 0,5 %, kalcijs 0,1 %, fosfors 0,3 %, n\u0101trijs 0,2 %<\/p>\n<p data-start=\"2023\" data-end=\"2224\"><strong data-start=\"2023\" data-end=\"2044\">Bar\u012bbas piedevas:<\/strong><br data-start=\"2044\" data-end=\"2047\" \/>D3 vitam\u012bns (3a671) 250 SV, E vitam\u012bns (3a700) 100 mg, cinks (3b606) 15 mg, dzelzs (3b106) 10 mg, mang\u0101ns (3b504) 3 mg, k\u0101lija jod\u012bds (3b204) 0,5 mg, biot\u012bns (3a880) 0,2 mg\/kg<\/p>\n<p data-start=\"2226\" data-end=\"2282\"><strong data-start=\"2226\" data-end=\"2253\">Tehnolo\u0123iskie piedevas:<\/strong> karag\u0113ns (E410) 5000 mg\/kg<\/p>\n<p data-start=\"2284\" data-end=\"2327\"><strong data-start=\"2284\" data-end=\"2312\">Metaboliz\u0113jam\u0101 ener\u0123ija:<\/strong> 1029 kcal\/kg<\/p>\n","protected":false},"featured_media":52322,"template":"","meta":[],"product_brand":[],"product_cat":[577],"product_tag":[],"class_list":{"0":"post-52324","1":"product","2":"type-product","3":"status-publish","4":"has-post-thumbnail","6":"product_cat-mitra-bariba-suniem","8":"first","9":"outofstock","10":"sale","11":"taxable","12":"shipping-taxable","13":"purchasable","14":"product-type-simple"},"yoast_head":"<!-- This site is optimized with the Yoast SEO plugin v27.2 - https:\/\/yoast.com\/product\/yoast-seo-wordpress\/ -->\n<title>Brit P\u00e2t\u00e9 &amp; Meat \u2013 konservi su\u0146iem ar p\u012bli, 400 g - MiuMjau<\/title>\n<meta name=\"robots\" content=\"index, follow, max-snippet:-1, max-image-preview:large, max-video-preview:-1\" \/>\n<link rel=\"canonical\" href=\"https:\/\/miumjau.ee\/lv\/produkts\/brit-pate-meat-konservi-suniem-ar-pili-400-g\/\" \/>\n<meta property=\"og:locale\" content=\"lv_LV\" \/>\n<meta property=\"og:type\" content=\"article\" \/>\n<meta property=\"og:title\" content=\"Brit P\u00e2t\u00e9 &amp; Meat \u2013 konservi su\u0146iem ar p\u012bli, 400 g - MiuMjau\" \/>\n<meta property=\"og:description\" content=\"T\u012brs past\u0113te ar veseliem org\u0101niem un ga\u013cas gabali\u0146iem. Pilnv\u0113rt\u012bga bar\u012bba su\u0146iem.     Patiesi ga\u013cas gabali\u0146i ar veseliem org\u0101niem    Augstas kvalit\u0101tes ga\u013cas liels saturs un r\u016bp\u012bga apstr\u0101de nodro\u0161ina izcilu gar\u0161u un arom\u0101tu    Gar\u0161\u012bga kombin\u0101cija no \u012bstiem ga\u013cas gabali\u0146iem un org\u0101niem past\u0113te apmierina ar\u012b pras\u012bg\u0101kos su\u0146u gard\u0113\u017eus    Brit P\u00e2t\u00e9 &amp; Meat ir ide\u0101ls papildin\u0101jums sausajai bar\u012bbai, uzlabo \u0113stgribu un hidrat\u0101ciju   BEZ KVIE\u0160IEM \/ BEZ SOJAS \/ BEZ \u0122MO Sast\u0101vs: 44 % vista (ga\u013ca un org\u0101ni), 26 % p\u012ble (ga\u013ca un org\u0101ni), 3 % zir\u0146u ciete, 1 % zir\u0146u \u0161\u0137iedra, 0,5 % lasis e\u013c\u013ca Anal\u012btisk\u0101s sast\u0101vda\u013cas: J\u0113lprote\u012bns 9 %, j\u0113ltauki 6 %, j\u0113lpelni 3 %, mitrums 78 %, j\u0113l\u0161\u0137iedra 0,5 %, kalcijs 0,1 %, fosfors 0,3 %, n\u0101trijs 0,2 % Bar\u012bbas piedevas:D3 vitam\u012bns (3a671) 250 SV, E vitam\u012bns (3a700) 100 mg, cinks (3b606) 15 mg, dzelzs (3b106) 10 mg, mang\u0101ns (3b504) 3 mg, k\u0101lija jod\u012bds (3b204) 0,5 mg, biot\u012bns (3a880) 0,2 mg\/kg Tehnolo\u0123iskie piedevas: karag\u0113ns (E410) 5000 mg\/kg Metaboliz\u0113jam\u0101 ener\u0123ija: 1029 kcal\/kg\" \/>\n<meta property=\"og:url\" content=\"https:\/\/miumjau.ee\/lv\/produkts\/brit-pate-meat-konservi-suniem-ar-pili-400-g\/\" \/>\n<meta property=\"og:site_name\" content=\"MiuMjau\" \/>\n<meta property=\"article:publisher\" content=\"https:\/\/www.facebook.com\/miumjaupood\/\" \/>\n<meta property=\"og:image\" content=\"https:\/\/miumjau.ee\/wp-content\/uploads\/2025\/03\/brit-pate-meat-konserv-koerale-part2-Photoroom.webp\" \/>\n\t<meta property=\"og:image:width\" content=\"600\" \/>\n\t<meta property=\"og:image:height\" content=\"800\" \/>\n\t<meta property=\"og:image:type\" content=\"image\/webp\" \/>\n<meta name=\"twitter:card\" content=\"summary_large_image\" \/>\n<script type=\"application\/ld+json\" class=\"yoast-schema-graph\">{\"@context\":\"https:\/\/schema.org\",\"@graph\":[{\"@type\":\"WebPage\",\"@id\":\"https:\/\/miumjau.ee\/lv\/produkts\/brit-pate-meat-konservi-suniem-ar-pili-400-g\/\",\"url\":\"https:\/\/miumjau.ee\/lv\/produkts\/brit-pate-meat-konservi-suniem-ar-pili-400-g\/\",\"name\":\"Brit P\u00e2t\u00e9 & Meat \u2013 konservi su\u0146iem ar p\u012bli, 400 g - MiuMjau\",\"isPartOf\":{\"@id\":\"https:\/\/miumjau.ee\/#website\"},\"primaryImageOfPage\":{\"@id\":\"https:\/\/miumjau.ee\/lv\/produkts\/brit-pate-meat-konservi-suniem-ar-pili-400-g\/#primaryimage\"},\"image\":{\"@id\":\"https:\/\/miumjau.ee\/lv\/produkts\/brit-pate-meat-konservi-suniem-ar-pili-400-g\/#primaryimage\"},\"thumbnailUrl\":\"https:\/\/miumjau.ee\/wp-content\/uploads\/2025\/03\/brit-pate-meat-konserv-koerale-part2-Photoroom.webp\",\"datePublished\":\"2025-03-31T10:18:28+00:00\",\"breadcrumb\":{\"@id\":\"https:\/\/miumjau.ee\/lv\/produkts\/brit-pate-meat-konservi-suniem-ar-pili-400-g\/#breadcrumb\"},\"inLanguage\":\"lv-LV\",\"potentialAction\":[{\"@type\":\"ReadAction\",\"target\":[\"https:\/\/miumjau.ee\/lv\/produkts\/brit-pate-meat-konservi-suniem-ar-pili-400-g\/\"]}]},{\"@type\":\"ImageObject\",\"inLanguage\":\"lv-LV\",\"@id\":\"https:\/\/miumjau.ee\/lv\/produkts\/brit-pate-meat-konservi-suniem-ar-pili-400-g\/#primaryimage\",\"url\":\"https:\/\/miumjau.ee\/wp-content\/uploads\/2025\/03\/brit-pate-meat-konserv-koerale-part2-Photoroom.webp\",\"contentUrl\":\"https:\/\/miumjau.ee\/wp-content\/uploads\/2025\/03\/brit-pate-meat-konserv-koerale-part2-Photoroom.webp\",\"width\":600,\"height\":800},{\"@type\":\"BreadcrumbList\",\"@id\":\"https:\/\/miumjau.ee\/lv\/produkts\/brit-pate-meat-konservi-suniem-ar-pili-400-g\/#breadcrumb\",\"itemListElement\":[{\"@type\":\"ListItem\",\"position\":1,\"name\":\"Home\",\"item\":\"https:\/\/miumjau.ee\/lv\/\"},{\"@type\":\"ListItem\",\"position\":2,\"name\":\"Veikals\",\"item\":\"https:\/\/miumjau.ee\/lv\/veikals\/\"},{\"@type\":\"ListItem\",\"position\":3,\"name\":\"Brit P\u00e2t\u00e9 &#038; Meat \u2013 konservi su\u0146iem ar p\u012bli, 400 g\"}]},{\"@type\":\"WebSite\",\"@id\":\"https:\/\/miumjau.ee\/#website\",\"url\":\"https:\/\/miumjau.ee\/\",\"name\":\"MiuMjau\",\"description\":\"Kraapimispuud kassidele\",\"publisher\":{\"@id\":\"https:\/\/miumjau.ee\/#organization\"},\"potentialAction\":[{\"@type\":\"SearchAction\",\"target\":{\"@type\":\"EntryPoint\",\"urlTemplate\":\"https:\/\/miumjau.ee\/?s={search_term_string}\"},\"query-input\":{\"@type\":\"PropertyValueSpecification\",\"valueRequired\":true,\"valueName\":\"search_term_string\"}}],\"inLanguage\":\"lv-LV\"},{\"@type\":\"Organization\",\"@id\":\"https:\/\/miumjau.ee\/#organization\",\"name\":\"MiuMjau O\u00dc\",\"url\":\"https:\/\/miumjau.ee\/\",\"logo\":{\"@type\":\"ImageObject\",\"inLanguage\":\"lv-LV\",\"@id\":\"https:\/\/miumjau.ee\/#\/schema\/logo\/image\/\",\"url\":\"https:\/\/miumjau.ee\/wp-content\/uploads\/2022\/04\/MiuMjau-logo-kollane.png\",\"contentUrl\":\"https:\/\/miumjau.ee\/wp-content\/uploads\/2022\/04\/MiuMjau-logo-kollane.png\",\"width\":219,\"height\":100,\"caption\":\"MiuMjau O\u00dc\"},\"image\":{\"@id\":\"https:\/\/miumjau.ee\/#\/schema\/logo\/image\/\"},\"sameAs\":[\"https:\/\/www.facebook.com\/miumjaupood\/\"]}]}<\/script>\n<!-- \/ Yoast SEO plugin. -->","yoast_head_json":{"title":"Brit P\u00e2t\u00e9 & Meat \u2013 konservi su\u0146iem ar p\u012bli, 400 g - MiuMjau","robots":{"index":"index","follow":"follow","max-snippet":"max-snippet:-1","max-image-preview":"max-image-preview:large","max-video-preview":"max-video-preview:-1"},"canonical":"https:\/\/miumjau.ee\/lv\/produkts\/brit-pate-meat-konservi-suniem-ar-pili-400-g\/","og_locale":"lv_LV","og_type":"article","og_title":"Brit P\u00e2t\u00e9 & Meat \u2013 konservi su\u0146iem ar p\u012bli, 400 g - MiuMjau","og_description":"T\u012brs past\u0113te ar veseliem org\u0101niem un ga\u013cas gabali\u0146iem. Pilnv\u0113rt\u012bga bar\u012bba su\u0146iem.     Patiesi ga\u013cas gabali\u0146i ar veseliem org\u0101niem    Augstas kvalit\u0101tes ga\u013cas liels saturs un r\u016bp\u012bga apstr\u0101de nodro\u0161ina izcilu gar\u0161u un arom\u0101tu    Gar\u0161\u012bga kombin\u0101cija no \u012bstiem ga\u013cas gabali\u0146iem un org\u0101niem past\u0113te apmierina ar\u012b pras\u012bg\u0101kos su\u0146u gard\u0113\u017eus    Brit P\u00e2t\u00e9 &amp; Meat ir ide\u0101ls papildin\u0101jums sausajai bar\u012bbai, uzlabo \u0113stgribu un hidrat\u0101ciju   BEZ KVIE\u0160IEM \/ BEZ SOJAS \/ BEZ \u0122MO Sast\u0101vs: 44 % vista (ga\u013ca un org\u0101ni), 26 % p\u012ble (ga\u013ca un org\u0101ni), 3 % zir\u0146u ciete, 1 % zir\u0146u \u0161\u0137iedra, 0,5 % lasis e\u013c\u013ca Anal\u012btisk\u0101s sast\u0101vda\u013cas: J\u0113lprote\u012bns 9 %, j\u0113ltauki 6 %, j\u0113lpelni 3 %, mitrums 78 %, j\u0113l\u0161\u0137iedra 0,5 %, kalcijs 0,1 %, fosfors 0,3 %, n\u0101trijs 0,2 % Bar\u012bbas piedevas:D3 vitam\u012bns (3a671) 250 SV, E vitam\u012bns (3a700) 100 mg, cinks (3b606) 15 mg, dzelzs (3b106) 10 mg, mang\u0101ns (3b504) 3 mg, k\u0101lija jod\u012bds (3b204) 0,5 mg, biot\u012bns (3a880) 0,2 mg\/kg Tehnolo\u0123iskie piedevas: karag\u0113ns (E410) 5000 mg\/kg Metaboliz\u0113jam\u0101 ener\u0123ija: 1029 kcal\/kg","og_url":"https:\/\/miumjau.ee\/lv\/produkts\/brit-pate-meat-konservi-suniem-ar-pili-400-g\/","og_site_name":"MiuMjau","article_publisher":"https:\/\/www.facebook.com\/miumjaupood\/","og_image":[{"width":600,"height":800,"url":"https:\/\/miumjau.ee\/wp-content\/uploads\/2025\/03\/brit-pate-meat-konserv-koerale-part2-Photoroom.webp","type":"image\/webp"}],"twitter_card":"summary_large_image","schema":{"@context":"https:\/\/schema.org","@graph":[{"@type":"WebPage","@id":"https:\/\/miumjau.ee\/lv\/produkts\/brit-pate-meat-konservi-suniem-ar-pili-400-g\/","url":"https:\/\/miumjau.ee\/lv\/produkts\/brit-pate-meat-konservi-suniem-ar-pili-400-g\/","name":"Brit P\u00e2t\u00e9 & Meat \u2013 konservi su\u0146iem ar p\u012bli, 400 g - MiuMjau","isPartOf":{"@id":"https:\/\/miumjau.ee\/#website"},"primaryImageOfPage":{"@id":"https:\/\/miumjau.ee\/lv\/produkts\/brit-pate-meat-konservi-suniem-ar-pili-400-g\/#primaryimage"},"image":{"@id":"https:\/\/miumjau.ee\/lv\/produkts\/brit-pate-meat-konservi-suniem-ar-pili-400-g\/#primaryimage"},"thumbnailUrl":"https:\/\/miumjau.ee\/wp-content\/uploads\/2025\/03\/brit-pate-meat-konserv-koerale-part2-Photoroom.webp","datePublished":"2025-03-31T10:18:28+00:00","breadcrumb":{"@id":"https:\/\/miumjau.ee\/lv\/produkts\/brit-pate-meat-konservi-suniem-ar-pili-400-g\/#breadcrumb"},"inLanguage":"lv-LV","potentialAction":[{"@type":"ReadAction","target":["https:\/\/miumjau.ee\/lv\/produkts\/brit-pate-meat-konservi-suniem-ar-pili-400-g\/"]}]},{"@type":"ImageObject","inLanguage":"lv-LV","@id":"https:\/\/miumjau.ee\/lv\/produkts\/brit-pate-meat-konservi-suniem-ar-pili-400-g\/#primaryimage","url":"https:\/\/miumjau.ee\/wp-content\/uploads\/2025\/03\/brit-pate-meat-konserv-koerale-part2-Photoroom.webp","contentUrl":"https:\/\/miumjau.ee\/wp-content\/uploads\/2025\/03\/brit-pate-meat-konserv-koerale-part2-Photoroom.webp","width":600,"height":800},{"@type":"BreadcrumbList","@id":"https:\/\/miumjau.ee\/lv\/produkts\/brit-pate-meat-konservi-suniem-ar-pili-400-g\/#breadcrumb","itemListElement":[{"@type":"ListItem","position":1,"name":"Home","item":"https:\/\/miumjau.ee\/lv\/"},{"@type":"ListItem","position":2,"name":"Veikals","item":"https:\/\/miumjau.ee\/lv\/veikals\/"},{"@type":"ListItem","position":3,"name":"Brit P\u00e2t\u00e9 &#038; Meat \u2013 konservi su\u0146iem ar p\u012bli, 400 g"}]},{"@type":"WebSite","@id":"https:\/\/miumjau.ee\/#website","url":"https:\/\/miumjau.ee\/","name":"MiuMjau","description":"Kraapimispuud kassidele","publisher":{"@id":"https:\/\/miumjau.ee\/#organization"},"potentialAction":[{"@type":"SearchAction","target":{"@type":"EntryPoint","urlTemplate":"https:\/\/miumjau.ee\/?s={search_term_string}"},"query-input":{"@type":"PropertyValueSpecification","valueRequired":true,"valueName":"search_term_string"}}],"inLanguage":"lv-LV"},{"@type":"Organization","@id":"https:\/\/miumjau.ee\/#organization","name":"MiuMjau O\u00dc","url":"https:\/\/miumjau.ee\/","logo":{"@type":"ImageObject","inLanguage":"lv-LV","@id":"https:\/\/miumjau.ee\/#\/schema\/logo\/image\/","url":"https:\/\/miumjau.ee\/wp-content\/uploads\/2022\/04\/MiuMjau-logo-kollane.png","contentUrl":"https:\/\/miumjau.ee\/wp-content\/uploads\/2022\/04\/MiuMjau-logo-kollane.png","width":219,"height":100,"caption":"MiuMjau O\u00dc"},"image":{"@id":"https:\/\/miumjau.ee\/#\/schema\/logo\/image\/"},"sameAs":["https:\/\/www.facebook.com\/miumjaupood\/"]}]}},"_links":{"self":[{"href":"https:\/\/miumjau.ee\/lv\/wp-json\/wp\/v2\/product\/52324","targetHints":{"allow":["GET"]}}],"collection":[{"href":"https:\/\/miumjau.ee\/lv\/wp-json\/wp\/v2\/product"}],"about":[{"href":"https:\/\/miumjau.ee\/lv\/wp-json\/wp\/v2\/types\/product"}],"wp:featuredmedia":[{"embeddable":true,"href":"https:\/\/miumjau.ee\/lv\/wp-json\/wp\/v2\/media\/52322"}],"wp:attachment":[{"href":"https:\/\/miumjau.ee\/lv\/wp-json\/wp\/v2\/media?parent=52324"}],"wp:term":[{"taxonomy":"product_brand","embeddable":true,"href":"https:\/\/miumjau.ee\/lv\/wp-json\/wp\/v2\/product_brand?post=52324"},{"taxonomy":"product_cat","embeddable":true,"href":"https:\/\/miumjau.ee\/lv\/wp-json\/wp\/v2\/product_cat?post=52324"},{"taxonomy":"product_tag","embeddable":true,"href":"https:\/\/miumjau.ee\/lv\/wp-json\/wp\/v2\/product_tag?post=52324"}],"curies":[{"name":"wp","href":"https:\/\/api.w.org\/{rel}","templated":true}]}}