{"id":52310,"date":"2025-03-28T15:37:14","date_gmt":"2025-03-28T13:37:14","guid":{"rendered":"https:\/\/miumjau.ee\/toode\/brit-dental-teeth-gums-koslajamas-nujinas-suniem\/"},"modified":"2025-03-28T15:37:14","modified_gmt":"2025-03-28T13:37:14","slug":"brit-dental-teeth-gums-koslajamas-nujinas-suniem","status":"publish","type":"product","link":"https:\/\/miumjau.ee\/lv\/produkts\/brit-dental-teeth-gums-koslajamas-nujinas-suniem\/","title":{"rendered":"Brit Dental Teeth &#038; Gums \u2013 ko\u0161\u013c\u0101jamas n\u016bji\u0146as su\u0146iem"},"content":{"rendered":"","protected":false},"excerpt":{"rendered":"<p data-start=\"1254\" data-end=\"1361\"><strong data-start=\"1254\" data-end=\"1359\">Brit ko\u0161\u013c\u0101jamie koci\u0146i atbalsta zobu un smaganu vesel\u012bbu ar kumel\u012bti un salviju. Papildbar\u012bba su\u0146iem.<\/strong><\/p>\n<ul data-start=\"1363\" data-end=\"1608\">\n<li data-start=\"1363\" data-end=\"1401\">\n<p data-start=\"1365\" data-end=\"1401\"><strong data-start=\"1365\" data-end=\"1377\">Kumel\u012bte<\/strong> \u2013 antioksidantu avots<\/p>\n<\/li>\n<li data-start=\"1402\" data-end=\"1445\">\n<p data-start=\"1404\" data-end=\"1445\"><strong data-start=\"1404\" data-end=\"1415\">Salvija<\/strong> \u2013 atbalsta smaganu vesel\u012bbu<\/p>\n<\/li>\n<li data-start=\"1446\" data-end=\"1506\">\n<p data-start=\"1448\" data-end=\"1506\"><strong data-start=\"1448\" data-end=\"1457\">M\u0113tra<\/strong> \u2013 pretmikrobu \u012bpa\u0161\u012bbas un svaigs elpas arom\u0101ts<\/p>\n<\/li>\n<li data-start=\"1507\" data-end=\"1559\">\n<p data-start=\"1509\" data-end=\"1559\"><strong data-start=\"1509\" data-end=\"1517\">SHMP<\/strong> \u2013 zobu vesel\u012bbai, zobakmens profilaksei<\/p>\n<\/li>\n<li data-start=\"1560\" data-end=\"1608\">\n<p data-start=\"1562\" data-end=\"1608\">Nesatur glut\u0113nu, \u0122MO vai p\u0101rtikas kr\u0101svielas<\/p>\n<\/li>\n<\/ul>\n<p data-start=\"1610\" data-end=\"1888\"><strong data-start=\"1610\" data-end=\"1622\">Sast\u0101vs:<\/strong><br data-start=\"1622\" data-end=\"1625\" \/>Auzu milti, augu glicer\u012bns (14 %), kartupe\u013cu ciete (10 %), hidroliz\u0113tas rauga olbaltumvielas (5 %), dzelten\u0101s pupas (4 %), lignoceluloze (3 %), melase (3 %), kalt\u0113ta m\u0113tra (2 %), kalt\u0113ta kumel\u012bte (1 %), kalt\u0113ta salvija (0,5 %), n\u0101trija heksametafosf\u0101ts (0,3 %).<\/p>\n<p data-start=\"1890\" data-end=\"2053\"><strong data-start=\"1890\" data-end=\"1918\">Anal\u012btisk\u0101s sast\u0101vda\u013cas:<\/strong><br data-start=\"1918\" data-end=\"1921\" \/>J\u0113lprote\u012bns 9,0 %, j\u0113ltauki 3,5 %, j\u0113lpelni 2,4 %, j\u0113l\u0161\u0137iedra 4,1 %, mitrums 17,0 %, kalcijs 0,1 %, fosfors 0,2 %, n\u0101trijs 0,05 %.<\/p>\n<p data-start=\"2055\" data-end=\"2107\"><strong data-start=\"2055\" data-end=\"2075\">Uztura piedevas:<\/strong><br data-start=\"2075\" data-end=\"2078\" \/>C vitam\u012bns (3a312) 35 mg\/kg<\/p>\n<p data-start=\"2109\" data-end=\"2152\"><strong data-start=\"2109\" data-end=\"2137\">Metaboliz\u0113jam\u0101 ener\u0123ija:<\/strong> 3010 kcal\/kg<\/p>\n<p data-start=\"2154\" data-end=\"2279\"><strong data-start=\"2154\" data-end=\"2180\">Baro\u0161anas instrukcija:<\/strong> Dodiet sunim 1 gabali\u0146u dien\u0101 k\u0101 k\u0101rumu vai atl\u012bdz\u012bbu. Vienm\u0113r nodro\u0161iniet svaigu dzeramo \u016bdeni.<\/p>\n","protected":false},"featured_media":51816,"template":"","meta":[],"product_brand":[],"product_cat":[576],"product_tag":[],"class_list":{"0":"post-52310","1":"product","2":"type-product","3":"status-publish","4":"has-post-thumbnail","6":"product_cat-naski-suniem","8":"first","9":"instock","10":"taxable","11":"shipping-taxable","12":"purchasable","13":"product-type-simple"},"yoast_head":"<!-- This site is optimized with the Yoast SEO plugin v27.2 - https:\/\/yoast.com\/product\/yoast-seo-wordpress\/ -->\n<title>Brit Dental Teeth &amp; Gums \u2013 ko\u0161\u013c\u0101jamas n\u016bji\u0146as su\u0146iem - MiuMjau<\/title>\n<meta name=\"robots\" content=\"index, follow, max-snippet:-1, max-image-preview:large, max-video-preview:-1\" \/>\n<link rel=\"canonical\" href=\"https:\/\/miumjau.ee\/lv\/produkts\/brit-dental-teeth-gums-koslajamas-nujinas-suniem\/\" \/>\n<meta property=\"og:locale\" content=\"lv_LV\" \/>\n<meta property=\"og:type\" content=\"article\" \/>\n<meta property=\"og:title\" content=\"Brit Dental Teeth &amp; Gums \u2013 ko\u0161\u013c\u0101jamas n\u016bji\u0146as su\u0146iem - MiuMjau\" \/>\n<meta property=\"og:description\" content=\"Brit ko\u0161\u013c\u0101jamie koci\u0146i atbalsta zobu un smaganu vesel\u012bbu ar kumel\u012bti un salviju. Papildbar\u012bba su\u0146iem.     Kumel\u012bte \u2013 antioksidantu avots    Salvija \u2013 atbalsta smaganu vesel\u012bbu    M\u0113tra \u2013 pretmikrobu \u012bpa\u0161\u012bbas un svaigs elpas arom\u0101ts    SHMP \u2013 zobu vesel\u012bbai, zobakmens profilaksei    Nesatur glut\u0113nu, \u0122MO vai p\u0101rtikas kr\u0101svielas   Sast\u0101vs:Auzu milti, augu glicer\u012bns (14 %), kartupe\u013cu ciete (10 %), hidroliz\u0113tas rauga olbaltumvielas (5 %), dzelten\u0101s pupas (4 %), lignoceluloze (3 %), melase (3 %), kalt\u0113ta m\u0113tra (2 %), kalt\u0113ta kumel\u012bte (1 %), kalt\u0113ta salvija (0,5 %), n\u0101trija heksametafosf\u0101ts (0,3 %). Anal\u012btisk\u0101s sast\u0101vda\u013cas:J\u0113lprote\u012bns 9,0 %, j\u0113ltauki 3,5 %, j\u0113lpelni 2,4 %, j\u0113l\u0161\u0137iedra 4,1 %, mitrums 17,0 %, kalcijs 0,1 %, fosfors 0,2 %, n\u0101trijs 0,05 %. Uztura piedevas:C vitam\u012bns (3a312) 35 mg\/kg Metaboliz\u0113jam\u0101 ener\u0123ija: 3010 kcal\/kg Baro\u0161anas instrukcija: Dodiet sunim 1 gabali\u0146u dien\u0101 k\u0101 k\u0101rumu vai atl\u012bdz\u012bbu. Vienm\u0113r nodro\u0161iniet svaigu dzeramo \u016bdeni.\" \/>\n<meta property=\"og:url\" content=\"https:\/\/miumjau.ee\/lv\/produkts\/brit-dental-teeth-gums-koslajamas-nujinas-suniem\/\" \/>\n<meta property=\"og:site_name\" content=\"MiuMjau\" \/>\n<meta property=\"article:publisher\" content=\"https:\/\/www.facebook.com\/miumjaupood\/\" \/>\n<meta property=\"og:image\" content=\"https:\/\/miumjau.ee\/wp-content\/uploads\/2025\/03\/brit-narimispulgad-koertele4.webp\" \/>\n\t<meta property=\"og:image:width\" content=\"600\" \/>\n\t<meta property=\"og:image:height\" content=\"800\" \/>\n\t<meta property=\"og:image:type\" content=\"image\/webp\" \/>\n<meta name=\"twitter:card\" content=\"summary_large_image\" \/>\n<script type=\"application\/ld+json\" class=\"yoast-schema-graph\">{\"@context\":\"https:\/\/schema.org\",\"@graph\":[{\"@type\":\"WebPage\",\"@id\":\"https:\/\/miumjau.ee\/lv\/produkts\/brit-dental-teeth-gums-koslajamas-nujinas-suniem\/\",\"url\":\"https:\/\/miumjau.ee\/lv\/produkts\/brit-dental-teeth-gums-koslajamas-nujinas-suniem\/\",\"name\":\"Brit Dental Teeth & Gums \u2013 ko\u0161\u013c\u0101jamas n\u016bji\u0146as su\u0146iem - MiuMjau\",\"isPartOf\":{\"@id\":\"https:\/\/miumjau.ee\/#website\"},\"primaryImageOfPage\":{\"@id\":\"https:\/\/miumjau.ee\/lv\/produkts\/brit-dental-teeth-gums-koslajamas-nujinas-suniem\/#primaryimage\"},\"image\":{\"@id\":\"https:\/\/miumjau.ee\/lv\/produkts\/brit-dental-teeth-gums-koslajamas-nujinas-suniem\/#primaryimage\"},\"thumbnailUrl\":\"https:\/\/miumjau.ee\/wp-content\/uploads\/2025\/03\/brit-narimispulgad-koertele4.webp\",\"datePublished\":\"2025-03-28T13:37:14+00:00\",\"breadcrumb\":{\"@id\":\"https:\/\/miumjau.ee\/lv\/produkts\/brit-dental-teeth-gums-koslajamas-nujinas-suniem\/#breadcrumb\"},\"inLanguage\":\"lv-LV\",\"potentialAction\":[{\"@type\":\"ReadAction\",\"target\":[\"https:\/\/miumjau.ee\/lv\/produkts\/brit-dental-teeth-gums-koslajamas-nujinas-suniem\/\"]}]},{\"@type\":\"ImageObject\",\"inLanguage\":\"lv-LV\",\"@id\":\"https:\/\/miumjau.ee\/lv\/produkts\/brit-dental-teeth-gums-koslajamas-nujinas-suniem\/#primaryimage\",\"url\":\"https:\/\/miumjau.ee\/wp-content\/uploads\/2025\/03\/brit-narimispulgad-koertele4.webp\",\"contentUrl\":\"https:\/\/miumjau.ee\/wp-content\/uploads\/2025\/03\/brit-narimispulgad-koertele4.webp\",\"width\":600,\"height\":800,\"caption\":\"N\u00e4rimispulgad koertele Brit Dental\"},{\"@type\":\"BreadcrumbList\",\"@id\":\"https:\/\/miumjau.ee\/lv\/produkts\/brit-dental-teeth-gums-koslajamas-nujinas-suniem\/#breadcrumb\",\"itemListElement\":[{\"@type\":\"ListItem\",\"position\":1,\"name\":\"Home\",\"item\":\"https:\/\/miumjau.ee\/lv\/\"},{\"@type\":\"ListItem\",\"position\":2,\"name\":\"Veikals\",\"item\":\"https:\/\/miumjau.ee\/lv\/veikals\/\"},{\"@type\":\"ListItem\",\"position\":3,\"name\":\"Brit Dental Teeth &#038; Gums \u2013 ko\u0161\u013c\u0101jamas n\u016bji\u0146as su\u0146iem\"}]},{\"@type\":\"WebSite\",\"@id\":\"https:\/\/miumjau.ee\/#website\",\"url\":\"https:\/\/miumjau.ee\/\",\"name\":\"MiuMjau\",\"description\":\"Kraapimispuud kassidele\",\"publisher\":{\"@id\":\"https:\/\/miumjau.ee\/#organization\"},\"potentialAction\":[{\"@type\":\"SearchAction\",\"target\":{\"@type\":\"EntryPoint\",\"urlTemplate\":\"https:\/\/miumjau.ee\/?s={search_term_string}\"},\"query-input\":{\"@type\":\"PropertyValueSpecification\",\"valueRequired\":true,\"valueName\":\"search_term_string\"}}],\"inLanguage\":\"lv-LV\"},{\"@type\":\"Organization\",\"@id\":\"https:\/\/miumjau.ee\/#organization\",\"name\":\"MiuMjau O\u00dc\",\"url\":\"https:\/\/miumjau.ee\/\",\"logo\":{\"@type\":\"ImageObject\",\"inLanguage\":\"lv-LV\",\"@id\":\"https:\/\/miumjau.ee\/#\/schema\/logo\/image\/\",\"url\":\"https:\/\/miumjau.ee\/wp-content\/uploads\/2022\/04\/MiuMjau-logo-kollane.png\",\"contentUrl\":\"https:\/\/miumjau.ee\/wp-content\/uploads\/2022\/04\/MiuMjau-logo-kollane.png\",\"width\":219,\"height\":100,\"caption\":\"MiuMjau O\u00dc\"},\"image\":{\"@id\":\"https:\/\/miumjau.ee\/#\/schema\/logo\/image\/\"},\"sameAs\":[\"https:\/\/www.facebook.com\/miumjaupood\/\"]}]}<\/script>\n<!-- \/ Yoast SEO plugin. -->","yoast_head_json":{"title":"Brit Dental Teeth & Gums \u2013 ko\u0161\u013c\u0101jamas n\u016bji\u0146as su\u0146iem - MiuMjau","robots":{"index":"index","follow":"follow","max-snippet":"max-snippet:-1","max-image-preview":"max-image-preview:large","max-video-preview":"max-video-preview:-1"},"canonical":"https:\/\/miumjau.ee\/lv\/produkts\/brit-dental-teeth-gums-koslajamas-nujinas-suniem\/","og_locale":"lv_LV","og_type":"article","og_title":"Brit Dental Teeth & Gums \u2013 ko\u0161\u013c\u0101jamas n\u016bji\u0146as su\u0146iem - MiuMjau","og_description":"Brit ko\u0161\u013c\u0101jamie koci\u0146i atbalsta zobu un smaganu vesel\u012bbu ar kumel\u012bti un salviju. Papildbar\u012bba su\u0146iem.     Kumel\u012bte \u2013 antioksidantu avots    Salvija \u2013 atbalsta smaganu vesel\u012bbu    M\u0113tra \u2013 pretmikrobu \u012bpa\u0161\u012bbas un svaigs elpas arom\u0101ts    SHMP \u2013 zobu vesel\u012bbai, zobakmens profilaksei    Nesatur glut\u0113nu, \u0122MO vai p\u0101rtikas kr\u0101svielas   Sast\u0101vs:Auzu milti, augu glicer\u012bns (14 %), kartupe\u013cu ciete (10 %), hidroliz\u0113tas rauga olbaltumvielas (5 %), dzelten\u0101s pupas (4 %), lignoceluloze (3 %), melase (3 %), kalt\u0113ta m\u0113tra (2 %), kalt\u0113ta kumel\u012bte (1 %), kalt\u0113ta salvija (0,5 %), n\u0101trija heksametafosf\u0101ts (0,3 %). Anal\u012btisk\u0101s sast\u0101vda\u013cas:J\u0113lprote\u012bns 9,0 %, j\u0113ltauki 3,5 %, j\u0113lpelni 2,4 %, j\u0113l\u0161\u0137iedra 4,1 %, mitrums 17,0 %, kalcijs 0,1 %, fosfors 0,2 %, n\u0101trijs 0,05 %. Uztura piedevas:C vitam\u012bns (3a312) 35 mg\/kg Metaboliz\u0113jam\u0101 ener\u0123ija: 3010 kcal\/kg Baro\u0161anas instrukcija: Dodiet sunim 1 gabali\u0146u dien\u0101 k\u0101 k\u0101rumu vai atl\u012bdz\u012bbu. Vienm\u0113r nodro\u0161iniet svaigu dzeramo \u016bdeni.","og_url":"https:\/\/miumjau.ee\/lv\/produkts\/brit-dental-teeth-gums-koslajamas-nujinas-suniem\/","og_site_name":"MiuMjau","article_publisher":"https:\/\/www.facebook.com\/miumjaupood\/","og_image":[{"width":600,"height":800,"url":"https:\/\/miumjau.ee\/wp-content\/uploads\/2025\/03\/brit-narimispulgad-koertele4.webp","type":"image\/webp"}],"twitter_card":"summary_large_image","schema":{"@context":"https:\/\/schema.org","@graph":[{"@type":"WebPage","@id":"https:\/\/miumjau.ee\/lv\/produkts\/brit-dental-teeth-gums-koslajamas-nujinas-suniem\/","url":"https:\/\/miumjau.ee\/lv\/produkts\/brit-dental-teeth-gums-koslajamas-nujinas-suniem\/","name":"Brit Dental Teeth & Gums \u2013 ko\u0161\u013c\u0101jamas n\u016bji\u0146as su\u0146iem - MiuMjau","isPartOf":{"@id":"https:\/\/miumjau.ee\/#website"},"primaryImageOfPage":{"@id":"https:\/\/miumjau.ee\/lv\/produkts\/brit-dental-teeth-gums-koslajamas-nujinas-suniem\/#primaryimage"},"image":{"@id":"https:\/\/miumjau.ee\/lv\/produkts\/brit-dental-teeth-gums-koslajamas-nujinas-suniem\/#primaryimage"},"thumbnailUrl":"https:\/\/miumjau.ee\/wp-content\/uploads\/2025\/03\/brit-narimispulgad-koertele4.webp","datePublished":"2025-03-28T13:37:14+00:00","breadcrumb":{"@id":"https:\/\/miumjau.ee\/lv\/produkts\/brit-dental-teeth-gums-koslajamas-nujinas-suniem\/#breadcrumb"},"inLanguage":"lv-LV","potentialAction":[{"@type":"ReadAction","target":["https:\/\/miumjau.ee\/lv\/produkts\/brit-dental-teeth-gums-koslajamas-nujinas-suniem\/"]}]},{"@type":"ImageObject","inLanguage":"lv-LV","@id":"https:\/\/miumjau.ee\/lv\/produkts\/brit-dental-teeth-gums-koslajamas-nujinas-suniem\/#primaryimage","url":"https:\/\/miumjau.ee\/wp-content\/uploads\/2025\/03\/brit-narimispulgad-koertele4.webp","contentUrl":"https:\/\/miumjau.ee\/wp-content\/uploads\/2025\/03\/brit-narimispulgad-koertele4.webp","width":600,"height":800,"caption":"N\u00e4rimispulgad koertele Brit Dental"},{"@type":"BreadcrumbList","@id":"https:\/\/miumjau.ee\/lv\/produkts\/brit-dental-teeth-gums-koslajamas-nujinas-suniem\/#breadcrumb","itemListElement":[{"@type":"ListItem","position":1,"name":"Home","item":"https:\/\/miumjau.ee\/lv\/"},{"@type":"ListItem","position":2,"name":"Veikals","item":"https:\/\/miumjau.ee\/lv\/veikals\/"},{"@type":"ListItem","position":3,"name":"Brit Dental Teeth &#038; Gums \u2013 ko\u0161\u013c\u0101jamas n\u016bji\u0146as su\u0146iem"}]},{"@type":"WebSite","@id":"https:\/\/miumjau.ee\/#website","url":"https:\/\/miumjau.ee\/","name":"MiuMjau","description":"Kraapimispuud kassidele","publisher":{"@id":"https:\/\/miumjau.ee\/#organization"},"potentialAction":[{"@type":"SearchAction","target":{"@type":"EntryPoint","urlTemplate":"https:\/\/miumjau.ee\/?s={search_term_string}"},"query-input":{"@type":"PropertyValueSpecification","valueRequired":true,"valueName":"search_term_string"}}],"inLanguage":"lv-LV"},{"@type":"Organization","@id":"https:\/\/miumjau.ee\/#organization","name":"MiuMjau O\u00dc","url":"https:\/\/miumjau.ee\/","logo":{"@type":"ImageObject","inLanguage":"lv-LV","@id":"https:\/\/miumjau.ee\/#\/schema\/logo\/image\/","url":"https:\/\/miumjau.ee\/wp-content\/uploads\/2022\/04\/MiuMjau-logo-kollane.png","contentUrl":"https:\/\/miumjau.ee\/wp-content\/uploads\/2022\/04\/MiuMjau-logo-kollane.png","width":219,"height":100,"caption":"MiuMjau O\u00dc"},"image":{"@id":"https:\/\/miumjau.ee\/#\/schema\/logo\/image\/"},"sameAs":["https:\/\/www.facebook.com\/miumjaupood\/"]}]}},"_links":{"self":[{"href":"https:\/\/miumjau.ee\/lv\/wp-json\/wp\/v2\/product\/52310","targetHints":{"allow":["GET"]}}],"collection":[{"href":"https:\/\/miumjau.ee\/lv\/wp-json\/wp\/v2\/product"}],"about":[{"href":"https:\/\/miumjau.ee\/lv\/wp-json\/wp\/v2\/types\/product"}],"wp:featuredmedia":[{"embeddable":true,"href":"https:\/\/miumjau.ee\/lv\/wp-json\/wp\/v2\/media\/51816"}],"wp:attachment":[{"href":"https:\/\/miumjau.ee\/lv\/wp-json\/wp\/v2\/media?parent=52310"}],"wp:term":[{"taxonomy":"product_brand","embeddable":true,"href":"https:\/\/miumjau.ee\/lv\/wp-json\/wp\/v2\/product_brand?post=52310"},{"taxonomy":"product_cat","embeddable":true,"href":"https:\/\/miumjau.ee\/lv\/wp-json\/wp\/v2\/product_cat?post=52310"},{"taxonomy":"product_tag","embeddable":true,"href":"https:\/\/miumjau.ee\/lv\/wp-json\/wp\/v2\/product_tag?post=52310"}],"curies":[{"name":"wp","href":"https:\/\/api.w.org\/{rel}","templated":true}]}}