{"id":52307,"date":"2025-03-28T15:34:20","date_gmt":"2025-03-28T13:34:20","guid":{"rendered":"https:\/\/miumjau.ee\/toode\/brit-dental-stick-calm-koslajamas-nujinas-suniem-7-gab\/"},"modified":"2025-03-28T15:34:20","modified_gmt":"2025-03-28T13:34:20","slug":"brit-dental-stick-calm-koslajamas-nujinas-suniem-7-gab","status":"publish","type":"product","link":"https:\/\/miumjau.ee\/lv\/produkts\/brit-dental-stick-calm-koslajamas-nujinas-suniem-7-gab\/","title":{"rendered":"Brit Dental Stick Calm \u2013 ko\u0161\u013c\u0101jamas n\u016bji\u0146as su\u0146iem, 7 gab."},"content":{"rendered":"","protected":false},"excerpt":{"rendered":"<p data-start=\"1435\" data-end=\"1544\"><strong data-start=\"1435\" data-end=\"1542\">Brit ko\u0161\u013c\u0101jamie koci\u0146i pal\u012bdz mazin\u0101t stresu, jo satur ka\u0146epi un govju sirds z\u0101li. Papildbar\u012bba su\u0146iem.<\/strong><\/p>\n<ul data-start=\"1546\" data-end=\"1889\">\n<li data-start=\"1546\" data-end=\"1619\">\n<p data-start=\"1548\" data-end=\"1619\"><strong data-start=\"1548\" data-end=\"1574\">Ka\u0146eps un L-triptof\u0101ns<\/strong> \u2013 dabisk\u0101 stresa mazin\u0101\u0161ana un relaks\u0101cija<\/p>\n<\/li>\n<li data-start=\"1620\" data-end=\"1687\">\n<p data-start=\"1622\" data-end=\"1687\"><strong data-start=\"1622\" data-end=\"1642\">Govju sirds z\u0101le<\/strong> \u2013 kardioprotekt\u012bva un pretstresa iedarb\u012bba<\/p>\n<\/li>\n<li data-start=\"1688\" data-end=\"1748\">\n<p data-start=\"1690\" data-end=\"1748\"><strong data-start=\"1690\" data-end=\"1699\">M\u0113tra<\/strong> \u2013 pretmikrobu \u012bpa\u0161\u012bbas un svaigs elpas arom\u0101ts<\/p>\n<\/li>\n<li data-start=\"1749\" data-end=\"1787\">\n<p data-start=\"1751\" data-end=\"1787\"><strong data-start=\"1751\" data-end=\"1763\">Kumel\u012bte<\/strong> \u2013 antioksidantu avots<\/p>\n<\/li>\n<li data-start=\"1788\" data-end=\"1840\">\n<p data-start=\"1790\" data-end=\"1840\"><strong data-start=\"1790\" data-end=\"1798\">SHMP<\/strong> \u2013 zobu vesel\u012bbai, zobakmens profilaksei<\/p>\n<\/li>\n<li data-start=\"1841\" data-end=\"1889\">\n<p data-start=\"1843\" data-end=\"1889\">Nesatur glut\u0113nu, \u0122MO vai p\u0101rtikas kr\u0101svielas<\/p>\n<\/li>\n<\/ul>\n<p data-start=\"1891\" data-end=\"2176\"><strong data-start=\"1891\" data-end=\"1903\">Sast\u0101vs:<\/strong><br data-start=\"1903\" data-end=\"1906\" \/>Auzu milti, augu glicer\u012bns (14 %), kartupe\u013cu ciete (10 %), hidroliz\u0113tas rauga olbaltumvielas (5 %), ka\u0146epju milti (4 %), lignoceluloze (3 %), melase (3 %), kalt\u0113ta kumel\u012bte (2 %), kalt\u0113ta govju sirds z\u0101le (1 %), kalt\u0113ta m\u0113tra (0,5 %), n\u0101trija heksametafosf\u0101ts (0,3 %).<\/p>\n<p data-start=\"2178\" data-end=\"2341\"><strong data-start=\"2178\" data-end=\"2206\">Anal\u012btisk\u0101s sast\u0101vda\u013cas:<\/strong><br data-start=\"2206\" data-end=\"2209\" \/>J\u0113lprote\u012bns 9,0 %, j\u0113ltauki 3,5 %, j\u0113lpelni 2,4 %, j\u0113l\u0161\u0137iedra 4,1 %, mitrums 17,0 %, kalcijs 0,1 %, fosfors 0,2 %, n\u0101trijs 0,05 %.<\/p>\n<p data-start=\"2343\" data-end=\"2428\"><strong data-start=\"2343\" data-end=\"2363\">Uztura piedevas:<\/strong><br data-start=\"2363\" data-end=\"2366\" \/>C vitam\u012bns (3a312) 35 mg\/kg, L-triptof\u0101ns (3c440) 2000 mg\/kg<\/p>\n<p data-start=\"2430\" data-end=\"2473\"><strong data-start=\"2430\" data-end=\"2458\">Metaboliz\u0113jam\u0101 ener\u0123ija:<\/strong> 3010 kcal\/kg<\/p>\n<p data-start=\"2475\" data-end=\"2600\"><strong data-start=\"2475\" data-end=\"2501\">Baro\u0161anas instrukcija:<\/strong> Dodiet sunim 1 gabali\u0146u dien\u0101 k\u0101 k\u0101rumu vai atl\u012bdz\u012bbu. Vienm\u0113r nodro\u0161iniet svaigu dzeramo \u016bdeni.<\/p>\n","protected":false},"featured_media":51810,"template":"","meta":[],"product_brand":[],"product_cat":[576],"product_tag":[],"class_list":{"0":"post-52307","1":"product","2":"type-product","3":"status-publish","4":"has-post-thumbnail","6":"product_cat-naski-suniem","8":"first","9":"instock","10":"taxable","11":"shipping-taxable","12":"purchasable","13":"product-type-simple"},"yoast_head":"<!-- This site is optimized with the Yoast SEO plugin v27.2 - https:\/\/yoast.com\/product\/yoast-seo-wordpress\/ -->\n<title>Brit Dental Stick Calm \u2013 ko\u0161\u013c\u0101jamas n\u016bji\u0146as su\u0146iem, 7 gab. - MiuMjau<\/title>\n<meta name=\"robots\" content=\"index, follow, max-snippet:-1, max-image-preview:large, max-video-preview:-1\" \/>\n<link rel=\"canonical\" href=\"https:\/\/miumjau.ee\/lv\/produkts\/brit-dental-stick-calm-koslajamas-nujinas-suniem-7-gab\/\" \/>\n<meta property=\"og:locale\" content=\"lv_LV\" \/>\n<meta property=\"og:type\" content=\"article\" \/>\n<meta property=\"og:title\" content=\"Brit Dental Stick Calm \u2013 ko\u0161\u013c\u0101jamas n\u016bji\u0146as su\u0146iem, 7 gab. - MiuMjau\" \/>\n<meta property=\"og:description\" content=\"Brit ko\u0161\u013c\u0101jamie koci\u0146i pal\u012bdz mazin\u0101t stresu, jo satur ka\u0146epi un govju sirds z\u0101li. Papildbar\u012bba su\u0146iem.     Ka\u0146eps un L-triptof\u0101ns \u2013 dabisk\u0101 stresa mazin\u0101\u0161ana un relaks\u0101cija    Govju sirds z\u0101le \u2013 kardioprotekt\u012bva un pretstresa iedarb\u012bba    M\u0113tra \u2013 pretmikrobu \u012bpa\u0161\u012bbas un svaigs elpas arom\u0101ts    Kumel\u012bte \u2013 antioksidantu avots    SHMP \u2013 zobu vesel\u012bbai, zobakmens profilaksei    Nesatur glut\u0113nu, \u0122MO vai p\u0101rtikas kr\u0101svielas   Sast\u0101vs:Auzu milti, augu glicer\u012bns (14 %), kartupe\u013cu ciete (10 %), hidroliz\u0113tas rauga olbaltumvielas (5 %), ka\u0146epju milti (4 %), lignoceluloze (3 %), melase (3 %), kalt\u0113ta kumel\u012bte (2 %), kalt\u0113ta govju sirds z\u0101le (1 %), kalt\u0113ta m\u0113tra (0,5 %), n\u0101trija heksametafosf\u0101ts (0,3 %). Anal\u012btisk\u0101s sast\u0101vda\u013cas:J\u0113lprote\u012bns 9,0 %, j\u0113ltauki 3,5 %, j\u0113lpelni 2,4 %, j\u0113l\u0161\u0137iedra 4,1 %, mitrums 17,0 %, kalcijs 0,1 %, fosfors 0,2 %, n\u0101trijs 0,05 %. Uztura piedevas:C vitam\u012bns (3a312) 35 mg\/kg, L-triptof\u0101ns (3c440) 2000 mg\/kg Metaboliz\u0113jam\u0101 ener\u0123ija: 3010 kcal\/kg Baro\u0161anas instrukcija: Dodiet sunim 1 gabali\u0146u dien\u0101 k\u0101 k\u0101rumu vai atl\u012bdz\u012bbu. Vienm\u0113r nodro\u0161iniet svaigu dzeramo \u016bdeni.\" \/>\n<meta property=\"og:url\" content=\"https:\/\/miumjau.ee\/lv\/produkts\/brit-dental-stick-calm-koslajamas-nujinas-suniem-7-gab\/\" \/>\n<meta property=\"og:site_name\" content=\"MiuMjau\" \/>\n<meta property=\"article:publisher\" content=\"https:\/\/www.facebook.com\/miumjaupood\/\" \/>\n<meta property=\"og:image\" content=\"https:\/\/miumjau.ee\/wp-content\/uploads\/2025\/03\/brit-narimispulgad-koertele1.webp\" \/>\n\t<meta property=\"og:image:width\" content=\"600\" \/>\n\t<meta property=\"og:image:height\" content=\"800\" \/>\n\t<meta property=\"og:image:type\" content=\"image\/webp\" \/>\n<meta name=\"twitter:card\" content=\"summary_large_image\" \/>\n<script type=\"application\/ld+json\" class=\"yoast-schema-graph\">{\"@context\":\"https:\/\/schema.org\",\"@graph\":[{\"@type\":\"WebPage\",\"@id\":\"https:\/\/miumjau.ee\/lv\/produkts\/brit-dental-stick-calm-koslajamas-nujinas-suniem-7-gab\/\",\"url\":\"https:\/\/miumjau.ee\/lv\/produkts\/brit-dental-stick-calm-koslajamas-nujinas-suniem-7-gab\/\",\"name\":\"Brit Dental Stick Calm \u2013 ko\u0161\u013c\u0101jamas n\u016bji\u0146as su\u0146iem, 7 gab. - MiuMjau\",\"isPartOf\":{\"@id\":\"https:\/\/miumjau.ee\/#website\"},\"primaryImageOfPage\":{\"@id\":\"https:\/\/miumjau.ee\/lv\/produkts\/brit-dental-stick-calm-koslajamas-nujinas-suniem-7-gab\/#primaryimage\"},\"image\":{\"@id\":\"https:\/\/miumjau.ee\/lv\/produkts\/brit-dental-stick-calm-koslajamas-nujinas-suniem-7-gab\/#primaryimage\"},\"thumbnailUrl\":\"https:\/\/miumjau.ee\/wp-content\/uploads\/2025\/03\/brit-narimispulgad-koertele1.webp\",\"datePublished\":\"2025-03-28T13:34:20+00:00\",\"breadcrumb\":{\"@id\":\"https:\/\/miumjau.ee\/lv\/produkts\/brit-dental-stick-calm-koslajamas-nujinas-suniem-7-gab\/#breadcrumb\"},\"inLanguage\":\"lv-LV\",\"potentialAction\":[{\"@type\":\"ReadAction\",\"target\":[\"https:\/\/miumjau.ee\/lv\/produkts\/brit-dental-stick-calm-koslajamas-nujinas-suniem-7-gab\/\"]}]},{\"@type\":\"ImageObject\",\"inLanguage\":\"lv-LV\",\"@id\":\"https:\/\/miumjau.ee\/lv\/produkts\/brit-dental-stick-calm-koslajamas-nujinas-suniem-7-gab\/#primaryimage\",\"url\":\"https:\/\/miumjau.ee\/wp-content\/uploads\/2025\/03\/brit-narimispulgad-koertele1.webp\",\"contentUrl\":\"https:\/\/miumjau.ee\/wp-content\/uploads\/2025\/03\/brit-narimispulgad-koertele1.webp\",\"width\":600,\"height\":800,\"caption\":\"N\u00e4rimispulgad koertele Brit Dental\"},{\"@type\":\"BreadcrumbList\",\"@id\":\"https:\/\/miumjau.ee\/lv\/produkts\/brit-dental-stick-calm-koslajamas-nujinas-suniem-7-gab\/#breadcrumb\",\"itemListElement\":[{\"@type\":\"ListItem\",\"position\":1,\"name\":\"Home\",\"item\":\"https:\/\/miumjau.ee\/lv\/\"},{\"@type\":\"ListItem\",\"position\":2,\"name\":\"Veikals\",\"item\":\"https:\/\/miumjau.ee\/lv\/veikals\/\"},{\"@type\":\"ListItem\",\"position\":3,\"name\":\"Brit Dental Stick Calm \u2013 ko\u0161\u013c\u0101jamas n\u016bji\u0146as su\u0146iem, 7 gab.\"}]},{\"@type\":\"WebSite\",\"@id\":\"https:\/\/miumjau.ee\/#website\",\"url\":\"https:\/\/miumjau.ee\/\",\"name\":\"MiuMjau\",\"description\":\"Kraapimispuud kassidele\",\"publisher\":{\"@id\":\"https:\/\/miumjau.ee\/#organization\"},\"potentialAction\":[{\"@type\":\"SearchAction\",\"target\":{\"@type\":\"EntryPoint\",\"urlTemplate\":\"https:\/\/miumjau.ee\/?s={search_term_string}\"},\"query-input\":{\"@type\":\"PropertyValueSpecification\",\"valueRequired\":true,\"valueName\":\"search_term_string\"}}],\"inLanguage\":\"lv-LV\"},{\"@type\":\"Organization\",\"@id\":\"https:\/\/miumjau.ee\/#organization\",\"name\":\"MiuMjau O\u00dc\",\"url\":\"https:\/\/miumjau.ee\/\",\"logo\":{\"@type\":\"ImageObject\",\"inLanguage\":\"lv-LV\",\"@id\":\"https:\/\/miumjau.ee\/#\/schema\/logo\/image\/\",\"url\":\"https:\/\/miumjau.ee\/wp-content\/uploads\/2022\/04\/MiuMjau-logo-kollane.png\",\"contentUrl\":\"https:\/\/miumjau.ee\/wp-content\/uploads\/2022\/04\/MiuMjau-logo-kollane.png\",\"width\":219,\"height\":100,\"caption\":\"MiuMjau O\u00dc\"},\"image\":{\"@id\":\"https:\/\/miumjau.ee\/#\/schema\/logo\/image\/\"},\"sameAs\":[\"https:\/\/www.facebook.com\/miumjaupood\/\"]}]}<\/script>\n<!-- \/ Yoast SEO plugin. -->","yoast_head_json":{"title":"Brit Dental Stick Calm \u2013 ko\u0161\u013c\u0101jamas n\u016bji\u0146as su\u0146iem, 7 gab. - MiuMjau","robots":{"index":"index","follow":"follow","max-snippet":"max-snippet:-1","max-image-preview":"max-image-preview:large","max-video-preview":"max-video-preview:-1"},"canonical":"https:\/\/miumjau.ee\/lv\/produkts\/brit-dental-stick-calm-koslajamas-nujinas-suniem-7-gab\/","og_locale":"lv_LV","og_type":"article","og_title":"Brit Dental Stick Calm \u2013 ko\u0161\u013c\u0101jamas n\u016bji\u0146as su\u0146iem, 7 gab. - MiuMjau","og_description":"Brit ko\u0161\u013c\u0101jamie koci\u0146i pal\u012bdz mazin\u0101t stresu, jo satur ka\u0146epi un govju sirds z\u0101li. Papildbar\u012bba su\u0146iem.     Ka\u0146eps un L-triptof\u0101ns \u2013 dabisk\u0101 stresa mazin\u0101\u0161ana un relaks\u0101cija    Govju sirds z\u0101le \u2013 kardioprotekt\u012bva un pretstresa iedarb\u012bba    M\u0113tra \u2013 pretmikrobu \u012bpa\u0161\u012bbas un svaigs elpas arom\u0101ts    Kumel\u012bte \u2013 antioksidantu avots    SHMP \u2013 zobu vesel\u012bbai, zobakmens profilaksei    Nesatur glut\u0113nu, \u0122MO vai p\u0101rtikas kr\u0101svielas   Sast\u0101vs:Auzu milti, augu glicer\u012bns (14 %), kartupe\u013cu ciete (10 %), hidroliz\u0113tas rauga olbaltumvielas (5 %), ka\u0146epju milti (4 %), lignoceluloze (3 %), melase (3 %), kalt\u0113ta kumel\u012bte (2 %), kalt\u0113ta govju sirds z\u0101le (1 %), kalt\u0113ta m\u0113tra (0,5 %), n\u0101trija heksametafosf\u0101ts (0,3 %). Anal\u012btisk\u0101s sast\u0101vda\u013cas:J\u0113lprote\u012bns 9,0 %, j\u0113ltauki 3,5 %, j\u0113lpelni 2,4 %, j\u0113l\u0161\u0137iedra 4,1 %, mitrums 17,0 %, kalcijs 0,1 %, fosfors 0,2 %, n\u0101trijs 0,05 %. Uztura piedevas:C vitam\u012bns (3a312) 35 mg\/kg, L-triptof\u0101ns (3c440) 2000 mg\/kg Metaboliz\u0113jam\u0101 ener\u0123ija: 3010 kcal\/kg Baro\u0161anas instrukcija: Dodiet sunim 1 gabali\u0146u dien\u0101 k\u0101 k\u0101rumu vai atl\u012bdz\u012bbu. Vienm\u0113r nodro\u0161iniet svaigu dzeramo \u016bdeni.","og_url":"https:\/\/miumjau.ee\/lv\/produkts\/brit-dental-stick-calm-koslajamas-nujinas-suniem-7-gab\/","og_site_name":"MiuMjau","article_publisher":"https:\/\/www.facebook.com\/miumjaupood\/","og_image":[{"width":600,"height":800,"url":"https:\/\/miumjau.ee\/wp-content\/uploads\/2025\/03\/brit-narimispulgad-koertele1.webp","type":"image\/webp"}],"twitter_card":"summary_large_image","schema":{"@context":"https:\/\/schema.org","@graph":[{"@type":"WebPage","@id":"https:\/\/miumjau.ee\/lv\/produkts\/brit-dental-stick-calm-koslajamas-nujinas-suniem-7-gab\/","url":"https:\/\/miumjau.ee\/lv\/produkts\/brit-dental-stick-calm-koslajamas-nujinas-suniem-7-gab\/","name":"Brit Dental Stick Calm \u2013 ko\u0161\u013c\u0101jamas n\u016bji\u0146as su\u0146iem, 7 gab. - MiuMjau","isPartOf":{"@id":"https:\/\/miumjau.ee\/#website"},"primaryImageOfPage":{"@id":"https:\/\/miumjau.ee\/lv\/produkts\/brit-dental-stick-calm-koslajamas-nujinas-suniem-7-gab\/#primaryimage"},"image":{"@id":"https:\/\/miumjau.ee\/lv\/produkts\/brit-dental-stick-calm-koslajamas-nujinas-suniem-7-gab\/#primaryimage"},"thumbnailUrl":"https:\/\/miumjau.ee\/wp-content\/uploads\/2025\/03\/brit-narimispulgad-koertele1.webp","datePublished":"2025-03-28T13:34:20+00:00","breadcrumb":{"@id":"https:\/\/miumjau.ee\/lv\/produkts\/brit-dental-stick-calm-koslajamas-nujinas-suniem-7-gab\/#breadcrumb"},"inLanguage":"lv-LV","potentialAction":[{"@type":"ReadAction","target":["https:\/\/miumjau.ee\/lv\/produkts\/brit-dental-stick-calm-koslajamas-nujinas-suniem-7-gab\/"]}]},{"@type":"ImageObject","inLanguage":"lv-LV","@id":"https:\/\/miumjau.ee\/lv\/produkts\/brit-dental-stick-calm-koslajamas-nujinas-suniem-7-gab\/#primaryimage","url":"https:\/\/miumjau.ee\/wp-content\/uploads\/2025\/03\/brit-narimispulgad-koertele1.webp","contentUrl":"https:\/\/miumjau.ee\/wp-content\/uploads\/2025\/03\/brit-narimispulgad-koertele1.webp","width":600,"height":800,"caption":"N\u00e4rimispulgad koertele Brit Dental"},{"@type":"BreadcrumbList","@id":"https:\/\/miumjau.ee\/lv\/produkts\/brit-dental-stick-calm-koslajamas-nujinas-suniem-7-gab\/#breadcrumb","itemListElement":[{"@type":"ListItem","position":1,"name":"Home","item":"https:\/\/miumjau.ee\/lv\/"},{"@type":"ListItem","position":2,"name":"Veikals","item":"https:\/\/miumjau.ee\/lv\/veikals\/"},{"@type":"ListItem","position":3,"name":"Brit Dental Stick Calm \u2013 ko\u0161\u013c\u0101jamas n\u016bji\u0146as su\u0146iem, 7 gab."}]},{"@type":"WebSite","@id":"https:\/\/miumjau.ee\/#website","url":"https:\/\/miumjau.ee\/","name":"MiuMjau","description":"Kraapimispuud kassidele","publisher":{"@id":"https:\/\/miumjau.ee\/#organization"},"potentialAction":[{"@type":"SearchAction","target":{"@type":"EntryPoint","urlTemplate":"https:\/\/miumjau.ee\/?s={search_term_string}"},"query-input":{"@type":"PropertyValueSpecification","valueRequired":true,"valueName":"search_term_string"}}],"inLanguage":"lv-LV"},{"@type":"Organization","@id":"https:\/\/miumjau.ee\/#organization","name":"MiuMjau O\u00dc","url":"https:\/\/miumjau.ee\/","logo":{"@type":"ImageObject","inLanguage":"lv-LV","@id":"https:\/\/miumjau.ee\/#\/schema\/logo\/image\/","url":"https:\/\/miumjau.ee\/wp-content\/uploads\/2022\/04\/MiuMjau-logo-kollane.png","contentUrl":"https:\/\/miumjau.ee\/wp-content\/uploads\/2022\/04\/MiuMjau-logo-kollane.png","width":219,"height":100,"caption":"MiuMjau O\u00dc"},"image":{"@id":"https:\/\/miumjau.ee\/#\/schema\/logo\/image\/"},"sameAs":["https:\/\/www.facebook.com\/miumjaupood\/"]}]}},"_links":{"self":[{"href":"https:\/\/miumjau.ee\/lv\/wp-json\/wp\/v2\/product\/52307","targetHints":{"allow":["GET"]}}],"collection":[{"href":"https:\/\/miumjau.ee\/lv\/wp-json\/wp\/v2\/product"}],"about":[{"href":"https:\/\/miumjau.ee\/lv\/wp-json\/wp\/v2\/types\/product"}],"wp:featuredmedia":[{"embeddable":true,"href":"https:\/\/miumjau.ee\/lv\/wp-json\/wp\/v2\/media\/51810"}],"wp:attachment":[{"href":"https:\/\/miumjau.ee\/lv\/wp-json\/wp\/v2\/media?parent=52307"}],"wp:term":[{"taxonomy":"product_brand","embeddable":true,"href":"https:\/\/miumjau.ee\/lv\/wp-json\/wp\/v2\/product_brand?post=52307"},{"taxonomy":"product_cat","embeddable":true,"href":"https:\/\/miumjau.ee\/lv\/wp-json\/wp\/v2\/product_cat?post=52307"},{"taxonomy":"product_tag","embeddable":true,"href":"https:\/\/miumjau.ee\/lv\/wp-json\/wp\/v2\/product_tag?post=52307"}],"curies":[{"name":"wp","href":"https:\/\/api.w.org\/{rel}","templated":true}]}}