{"id":52304,"date":"2025-03-28T15:34:18","date_gmt":"2025-03-28T13:34:18","guid":{"rendered":"https:\/\/miumjau.ee\/toode\/brit-dental-immuno-koslajamas-nujinas-suniem-7-gab\/"},"modified":"2025-03-28T15:34:18","modified_gmt":"2025-03-28T13:34:18","slug":"brit-dental-immuno-koslajamas-nujinas-suniem-7-gab","status":"publish","type":"product","link":"https:\/\/miumjau.ee\/lv\/produkts\/brit-dental-immuno-koslajamas-nujinas-suniem-7-gab\/","title":{"rendered":"Brit Dental Immuno \u2013 ko\u0161\u013c\u0101jamas n\u016bji\u0146as su\u0146iem, 7 gab."},"content":{"rendered":"","protected":false},"excerpt":{"rendered":"<p data-start=\"1459\" data-end=\"1553\"><strong data-start=\"1459\" data-end=\"1551\">Brit ko\u0161\u013c\u0101jamie koci\u0146i atbalsta imunit\u0101ti ar probiotik\u0101m un kan\u0113li. Papildbar\u012bba su\u0146iem.<\/strong><\/p>\n<ul data-start=\"1555\" data-end=\"1868\">\n<li data-start=\"1555\" data-end=\"1596\">\n<p data-start=\"1557\" data-end=\"1596\"><strong data-start=\"1557\" data-end=\"1568\">Kan\u0113lis<\/strong> \u2013 pretiekaisuma iedarb\u012bba<\/p>\n<\/li>\n<li data-start=\"1597\" data-end=\"1653\">\n<p data-start=\"1599\" data-end=\"1653\"><strong data-start=\"1599\" data-end=\"1630\">Probiotikas (Lactobacillus)<\/strong> \u2013 atbalsta imunit\u0101ti<\/p>\n<\/li>\n<li data-start=\"1654\" data-end=\"1714\">\n<p data-start=\"1656\" data-end=\"1714\"><strong data-start=\"1656\" data-end=\"1665\">M\u0113tra<\/strong> \u2013 pretmikrobu \u012bpa\u0161\u012bbas un svaigs elpas arom\u0101ts<\/p>\n<\/li>\n<li data-start=\"1715\" data-end=\"1766\">\n<p data-start=\"1717\" data-end=\"1766\"><strong data-start=\"1717\" data-end=\"1733\">Beta-glik\u0101ni<\/strong> \u2013 zarnu vesel\u012bba un mikroflora<\/p>\n<\/li>\n<li data-start=\"1767\" data-end=\"1819\">\n<p data-start=\"1769\" data-end=\"1819\"><strong data-start=\"1769\" data-end=\"1777\">SHMP<\/strong> \u2013 zobu vesel\u012bbai, zobakmens profilaksei<\/p>\n<\/li>\n<li data-start=\"1820\" data-end=\"1868\">\n<p data-start=\"1822\" data-end=\"1868\">Nesatur glut\u0113nu, \u0122MO vai p\u0101rtikas kr\u0101svielas<\/p>\n<\/li>\n<\/ul>\n<p data-start=\"1870\" data-end=\"2256\"><strong data-start=\"1870\" data-end=\"1882\">Sast\u0101vs:<\/strong><br data-start=\"1882\" data-end=\"1885\" \/>Auzu milti, augu glicer\u012bns (14 %), kartupe\u013cu ciete (10 %), hidroliz\u0113tas rauga olbaltumvielas (5 %), sarkan\u0101s l\u0113cas (4 %), lignoceluloze (3 %), melase (3 %), kalt\u0113ts kan\u0113lis (2 %), kalt\u0113ts timi\u0101ns (1 %), kalt\u0113ta m\u0113tra (0,5 %), beta-glik\u0101ni (0,3 %), n\u0101trija heksametafosf\u0101ts (0,3 %), inaktiv\u0113tas bakt\u0113rijas un to da\u013cas (Lactobacillus helveticus HA-122, 15 x 10\u2079 \u0161\u016bnu\/kg).<\/p>\n<p data-start=\"2258\" data-end=\"2421\"><strong data-start=\"2258\" data-end=\"2286\">Anal\u012btisk\u0101s sast\u0101vda\u013cas:<\/strong><br data-start=\"2286\" data-end=\"2289\" \/>J\u0113lprote\u012bns 9,0 %, j\u0113ltauki 3,5 %, j\u0113lpelni 2,4 %, j\u0113l\u0161\u0137iedra 4,1 %, mitrums 17,0 %, kalcijs 0,1 %, fosfors 0,2 %, n\u0101trijs 0,05 %.<\/p>\n<p data-start=\"2423\" data-end=\"2475\"><strong data-start=\"2423\" data-end=\"2443\">Uztura piedevas:<\/strong><br data-start=\"2443\" data-end=\"2446\" \/>C vitam\u012bns (3a312) 35 mg\/kg<\/p>\n<p data-start=\"2477\" data-end=\"2520\"><strong data-start=\"2477\" data-end=\"2505\">Metaboliz\u0113jam\u0101 ener\u0123ija:<\/strong> 3010 kcal\/kg<\/p>\n<p data-start=\"2522\" data-end=\"2647\"><strong data-start=\"2522\" data-end=\"2548\">Baro\u0161anas instrukcija:<\/strong> Dodiet sunim 1 gabali\u0146u dien\u0101 k\u0101 k\u0101rumu vai atl\u012bdz\u012bbu. Vienm\u0113r nodro\u0161iniet svaigu dzeramo \u016bdeni.<\/p>\n","protected":false},"featured_media":51812,"template":"","meta":[],"product_brand":[],"product_cat":[576],"product_tag":[],"class_list":{"0":"post-52304","1":"product","2":"type-product","3":"status-publish","4":"has-post-thumbnail","6":"product_cat-naski-suniem","8":"first","9":"instock","10":"taxable","11":"shipping-taxable","12":"purchasable","13":"product-type-simple"},"yoast_head":"<!-- This site is optimized with the Yoast SEO plugin v27.2 - https:\/\/yoast.com\/product\/yoast-seo-wordpress\/ -->\n<title>Brit Dental Immuno \u2013 ko\u0161\u013c\u0101jamas n\u016bji\u0146as su\u0146iem, 7 gab. - MiuMjau<\/title>\n<meta name=\"robots\" content=\"index, follow, max-snippet:-1, max-image-preview:large, max-video-preview:-1\" \/>\n<link rel=\"canonical\" href=\"https:\/\/miumjau.ee\/lv\/produkts\/brit-dental-immuno-koslajamas-nujinas-suniem-7-gab\/\" \/>\n<meta property=\"og:locale\" content=\"lv_LV\" \/>\n<meta property=\"og:type\" content=\"article\" \/>\n<meta property=\"og:title\" content=\"Brit Dental Immuno \u2013 ko\u0161\u013c\u0101jamas n\u016bji\u0146as su\u0146iem, 7 gab. - MiuMjau\" \/>\n<meta property=\"og:description\" content=\"Brit ko\u0161\u013c\u0101jamie koci\u0146i atbalsta imunit\u0101ti ar probiotik\u0101m un kan\u0113li. Papildbar\u012bba su\u0146iem.     Kan\u0113lis \u2013 pretiekaisuma iedarb\u012bba    Probiotikas (Lactobacillus) \u2013 atbalsta imunit\u0101ti    M\u0113tra \u2013 pretmikrobu \u012bpa\u0161\u012bbas un svaigs elpas arom\u0101ts    Beta-glik\u0101ni \u2013 zarnu vesel\u012bba un mikroflora    SHMP \u2013 zobu vesel\u012bbai, zobakmens profilaksei    Nesatur glut\u0113nu, \u0122MO vai p\u0101rtikas kr\u0101svielas   Sast\u0101vs:Auzu milti, augu glicer\u012bns (14 %), kartupe\u013cu ciete (10 %), hidroliz\u0113tas rauga olbaltumvielas (5 %), sarkan\u0101s l\u0113cas (4 %), lignoceluloze (3 %), melase (3 %), kalt\u0113ts kan\u0113lis (2 %), kalt\u0113ts timi\u0101ns (1 %), kalt\u0113ta m\u0113tra (0,5 %), beta-glik\u0101ni (0,3 %), n\u0101trija heksametafosf\u0101ts (0,3 %), inaktiv\u0113tas bakt\u0113rijas un to da\u013cas (Lactobacillus helveticus HA-122, 15 x 10\u2079 \u0161\u016bnu\/kg). Anal\u012btisk\u0101s sast\u0101vda\u013cas:J\u0113lprote\u012bns 9,0 %, j\u0113ltauki 3,5 %, j\u0113lpelni 2,4 %, j\u0113l\u0161\u0137iedra 4,1 %, mitrums 17,0 %, kalcijs 0,1 %, fosfors 0,2 %, n\u0101trijs 0,05 %. Uztura piedevas:C vitam\u012bns (3a312) 35 mg\/kg Metaboliz\u0113jam\u0101 ener\u0123ija: 3010 kcal\/kg Baro\u0161anas instrukcija: Dodiet sunim 1 gabali\u0146u dien\u0101 k\u0101 k\u0101rumu vai atl\u012bdz\u012bbu. Vienm\u0113r nodro\u0161iniet svaigu dzeramo \u016bdeni.\" \/>\n<meta property=\"og:url\" content=\"https:\/\/miumjau.ee\/lv\/produkts\/brit-dental-immuno-koslajamas-nujinas-suniem-7-gab\/\" \/>\n<meta property=\"og:site_name\" content=\"MiuMjau\" \/>\n<meta property=\"article:publisher\" content=\"https:\/\/www.facebook.com\/miumjaupood\/\" \/>\n<meta property=\"og:image\" content=\"https:\/\/miumjau.ee\/wp-content\/uploads\/2025\/03\/brit-narimispulgad-koertele2.webp\" \/>\n\t<meta property=\"og:image:width\" content=\"600\" \/>\n\t<meta property=\"og:image:height\" content=\"800\" \/>\n\t<meta property=\"og:image:type\" content=\"image\/webp\" \/>\n<meta name=\"twitter:card\" content=\"summary_large_image\" \/>\n<script type=\"application\/ld+json\" class=\"yoast-schema-graph\">{\"@context\":\"https:\/\/schema.org\",\"@graph\":[{\"@type\":\"WebPage\",\"@id\":\"https:\/\/miumjau.ee\/lv\/produkts\/brit-dental-immuno-koslajamas-nujinas-suniem-7-gab\/\",\"url\":\"https:\/\/miumjau.ee\/lv\/produkts\/brit-dental-immuno-koslajamas-nujinas-suniem-7-gab\/\",\"name\":\"Brit Dental Immuno \u2013 ko\u0161\u013c\u0101jamas n\u016bji\u0146as su\u0146iem, 7 gab. - MiuMjau\",\"isPartOf\":{\"@id\":\"https:\/\/miumjau.ee\/#website\"},\"primaryImageOfPage\":{\"@id\":\"https:\/\/miumjau.ee\/lv\/produkts\/brit-dental-immuno-koslajamas-nujinas-suniem-7-gab\/#primaryimage\"},\"image\":{\"@id\":\"https:\/\/miumjau.ee\/lv\/produkts\/brit-dental-immuno-koslajamas-nujinas-suniem-7-gab\/#primaryimage\"},\"thumbnailUrl\":\"https:\/\/miumjau.ee\/wp-content\/uploads\/2025\/03\/brit-narimispulgad-koertele2.webp\",\"datePublished\":\"2025-03-28T13:34:18+00:00\",\"breadcrumb\":{\"@id\":\"https:\/\/miumjau.ee\/lv\/produkts\/brit-dental-immuno-koslajamas-nujinas-suniem-7-gab\/#breadcrumb\"},\"inLanguage\":\"lv-LV\",\"potentialAction\":[{\"@type\":\"ReadAction\",\"target\":[\"https:\/\/miumjau.ee\/lv\/produkts\/brit-dental-immuno-koslajamas-nujinas-suniem-7-gab\/\"]}]},{\"@type\":\"ImageObject\",\"inLanguage\":\"lv-LV\",\"@id\":\"https:\/\/miumjau.ee\/lv\/produkts\/brit-dental-immuno-koslajamas-nujinas-suniem-7-gab\/#primaryimage\",\"url\":\"https:\/\/miumjau.ee\/wp-content\/uploads\/2025\/03\/brit-narimispulgad-koertele2.webp\",\"contentUrl\":\"https:\/\/miumjau.ee\/wp-content\/uploads\/2025\/03\/brit-narimispulgad-koertele2.webp\",\"width\":600,\"height\":800,\"caption\":\"N\u00e4rimispulgad koertele Brit Dental\"},{\"@type\":\"BreadcrumbList\",\"@id\":\"https:\/\/miumjau.ee\/lv\/produkts\/brit-dental-immuno-koslajamas-nujinas-suniem-7-gab\/#breadcrumb\",\"itemListElement\":[{\"@type\":\"ListItem\",\"position\":1,\"name\":\"Home\",\"item\":\"https:\/\/miumjau.ee\/lv\/\"},{\"@type\":\"ListItem\",\"position\":2,\"name\":\"Veikals\",\"item\":\"https:\/\/miumjau.ee\/lv\/veikals\/\"},{\"@type\":\"ListItem\",\"position\":3,\"name\":\"Brit Dental Immuno \u2013 ko\u0161\u013c\u0101jamas n\u016bji\u0146as su\u0146iem, 7 gab.\"}]},{\"@type\":\"WebSite\",\"@id\":\"https:\/\/miumjau.ee\/#website\",\"url\":\"https:\/\/miumjau.ee\/\",\"name\":\"MiuMjau\",\"description\":\"Kraapimispuud kassidele\",\"publisher\":{\"@id\":\"https:\/\/miumjau.ee\/#organization\"},\"potentialAction\":[{\"@type\":\"SearchAction\",\"target\":{\"@type\":\"EntryPoint\",\"urlTemplate\":\"https:\/\/miumjau.ee\/?s={search_term_string}\"},\"query-input\":{\"@type\":\"PropertyValueSpecification\",\"valueRequired\":true,\"valueName\":\"search_term_string\"}}],\"inLanguage\":\"lv-LV\"},{\"@type\":\"Organization\",\"@id\":\"https:\/\/miumjau.ee\/#organization\",\"name\":\"MiuMjau O\u00dc\",\"url\":\"https:\/\/miumjau.ee\/\",\"logo\":{\"@type\":\"ImageObject\",\"inLanguage\":\"lv-LV\",\"@id\":\"https:\/\/miumjau.ee\/#\/schema\/logo\/image\/\",\"url\":\"https:\/\/miumjau.ee\/wp-content\/uploads\/2022\/04\/MiuMjau-logo-kollane.png\",\"contentUrl\":\"https:\/\/miumjau.ee\/wp-content\/uploads\/2022\/04\/MiuMjau-logo-kollane.png\",\"width\":219,\"height\":100,\"caption\":\"MiuMjau O\u00dc\"},\"image\":{\"@id\":\"https:\/\/miumjau.ee\/#\/schema\/logo\/image\/\"},\"sameAs\":[\"https:\/\/www.facebook.com\/miumjaupood\/\"]}]}<\/script>\n<!-- \/ Yoast SEO plugin. -->","yoast_head_json":{"title":"Brit Dental Immuno \u2013 ko\u0161\u013c\u0101jamas n\u016bji\u0146as su\u0146iem, 7 gab. - MiuMjau","robots":{"index":"index","follow":"follow","max-snippet":"max-snippet:-1","max-image-preview":"max-image-preview:large","max-video-preview":"max-video-preview:-1"},"canonical":"https:\/\/miumjau.ee\/lv\/produkts\/brit-dental-immuno-koslajamas-nujinas-suniem-7-gab\/","og_locale":"lv_LV","og_type":"article","og_title":"Brit Dental Immuno \u2013 ko\u0161\u013c\u0101jamas n\u016bji\u0146as su\u0146iem, 7 gab. - MiuMjau","og_description":"Brit ko\u0161\u013c\u0101jamie koci\u0146i atbalsta imunit\u0101ti ar probiotik\u0101m un kan\u0113li. Papildbar\u012bba su\u0146iem.     Kan\u0113lis \u2013 pretiekaisuma iedarb\u012bba    Probiotikas (Lactobacillus) \u2013 atbalsta imunit\u0101ti    M\u0113tra \u2013 pretmikrobu \u012bpa\u0161\u012bbas un svaigs elpas arom\u0101ts    Beta-glik\u0101ni \u2013 zarnu vesel\u012bba un mikroflora    SHMP \u2013 zobu vesel\u012bbai, zobakmens profilaksei    Nesatur glut\u0113nu, \u0122MO vai p\u0101rtikas kr\u0101svielas   Sast\u0101vs:Auzu milti, augu glicer\u012bns (14 %), kartupe\u013cu ciete (10 %), hidroliz\u0113tas rauga olbaltumvielas (5 %), sarkan\u0101s l\u0113cas (4 %), lignoceluloze (3 %), melase (3 %), kalt\u0113ts kan\u0113lis (2 %), kalt\u0113ts timi\u0101ns (1 %), kalt\u0113ta m\u0113tra (0,5 %), beta-glik\u0101ni (0,3 %), n\u0101trija heksametafosf\u0101ts (0,3 %), inaktiv\u0113tas bakt\u0113rijas un to da\u013cas (Lactobacillus helveticus HA-122, 15 x 10\u2079 \u0161\u016bnu\/kg). Anal\u012btisk\u0101s sast\u0101vda\u013cas:J\u0113lprote\u012bns 9,0 %, j\u0113ltauki 3,5 %, j\u0113lpelni 2,4 %, j\u0113l\u0161\u0137iedra 4,1 %, mitrums 17,0 %, kalcijs 0,1 %, fosfors 0,2 %, n\u0101trijs 0,05 %. Uztura piedevas:C vitam\u012bns (3a312) 35 mg\/kg Metaboliz\u0113jam\u0101 ener\u0123ija: 3010 kcal\/kg Baro\u0161anas instrukcija: Dodiet sunim 1 gabali\u0146u dien\u0101 k\u0101 k\u0101rumu vai atl\u012bdz\u012bbu. Vienm\u0113r nodro\u0161iniet svaigu dzeramo \u016bdeni.","og_url":"https:\/\/miumjau.ee\/lv\/produkts\/brit-dental-immuno-koslajamas-nujinas-suniem-7-gab\/","og_site_name":"MiuMjau","article_publisher":"https:\/\/www.facebook.com\/miumjaupood\/","og_image":[{"width":600,"height":800,"url":"https:\/\/miumjau.ee\/wp-content\/uploads\/2025\/03\/brit-narimispulgad-koertele2.webp","type":"image\/webp"}],"twitter_card":"summary_large_image","schema":{"@context":"https:\/\/schema.org","@graph":[{"@type":"WebPage","@id":"https:\/\/miumjau.ee\/lv\/produkts\/brit-dental-immuno-koslajamas-nujinas-suniem-7-gab\/","url":"https:\/\/miumjau.ee\/lv\/produkts\/brit-dental-immuno-koslajamas-nujinas-suniem-7-gab\/","name":"Brit Dental Immuno \u2013 ko\u0161\u013c\u0101jamas n\u016bji\u0146as su\u0146iem, 7 gab. - MiuMjau","isPartOf":{"@id":"https:\/\/miumjau.ee\/#website"},"primaryImageOfPage":{"@id":"https:\/\/miumjau.ee\/lv\/produkts\/brit-dental-immuno-koslajamas-nujinas-suniem-7-gab\/#primaryimage"},"image":{"@id":"https:\/\/miumjau.ee\/lv\/produkts\/brit-dental-immuno-koslajamas-nujinas-suniem-7-gab\/#primaryimage"},"thumbnailUrl":"https:\/\/miumjau.ee\/wp-content\/uploads\/2025\/03\/brit-narimispulgad-koertele2.webp","datePublished":"2025-03-28T13:34:18+00:00","breadcrumb":{"@id":"https:\/\/miumjau.ee\/lv\/produkts\/brit-dental-immuno-koslajamas-nujinas-suniem-7-gab\/#breadcrumb"},"inLanguage":"lv-LV","potentialAction":[{"@type":"ReadAction","target":["https:\/\/miumjau.ee\/lv\/produkts\/brit-dental-immuno-koslajamas-nujinas-suniem-7-gab\/"]}]},{"@type":"ImageObject","inLanguage":"lv-LV","@id":"https:\/\/miumjau.ee\/lv\/produkts\/brit-dental-immuno-koslajamas-nujinas-suniem-7-gab\/#primaryimage","url":"https:\/\/miumjau.ee\/wp-content\/uploads\/2025\/03\/brit-narimispulgad-koertele2.webp","contentUrl":"https:\/\/miumjau.ee\/wp-content\/uploads\/2025\/03\/brit-narimispulgad-koertele2.webp","width":600,"height":800,"caption":"N\u00e4rimispulgad koertele Brit Dental"},{"@type":"BreadcrumbList","@id":"https:\/\/miumjau.ee\/lv\/produkts\/brit-dental-immuno-koslajamas-nujinas-suniem-7-gab\/#breadcrumb","itemListElement":[{"@type":"ListItem","position":1,"name":"Home","item":"https:\/\/miumjau.ee\/lv\/"},{"@type":"ListItem","position":2,"name":"Veikals","item":"https:\/\/miumjau.ee\/lv\/veikals\/"},{"@type":"ListItem","position":3,"name":"Brit Dental Immuno \u2013 ko\u0161\u013c\u0101jamas n\u016bji\u0146as su\u0146iem, 7 gab."}]},{"@type":"WebSite","@id":"https:\/\/miumjau.ee\/#website","url":"https:\/\/miumjau.ee\/","name":"MiuMjau","description":"Kraapimispuud kassidele","publisher":{"@id":"https:\/\/miumjau.ee\/#organization"},"potentialAction":[{"@type":"SearchAction","target":{"@type":"EntryPoint","urlTemplate":"https:\/\/miumjau.ee\/?s={search_term_string}"},"query-input":{"@type":"PropertyValueSpecification","valueRequired":true,"valueName":"search_term_string"}}],"inLanguage":"lv-LV"},{"@type":"Organization","@id":"https:\/\/miumjau.ee\/#organization","name":"MiuMjau O\u00dc","url":"https:\/\/miumjau.ee\/","logo":{"@type":"ImageObject","inLanguage":"lv-LV","@id":"https:\/\/miumjau.ee\/#\/schema\/logo\/image\/","url":"https:\/\/miumjau.ee\/wp-content\/uploads\/2022\/04\/MiuMjau-logo-kollane.png","contentUrl":"https:\/\/miumjau.ee\/wp-content\/uploads\/2022\/04\/MiuMjau-logo-kollane.png","width":219,"height":100,"caption":"MiuMjau O\u00dc"},"image":{"@id":"https:\/\/miumjau.ee\/#\/schema\/logo\/image\/"},"sameAs":["https:\/\/www.facebook.com\/miumjaupood\/"]}]}},"_links":{"self":[{"href":"https:\/\/miumjau.ee\/lv\/wp-json\/wp\/v2\/product\/52304","targetHints":{"allow":["GET"]}}],"collection":[{"href":"https:\/\/miumjau.ee\/lv\/wp-json\/wp\/v2\/product"}],"about":[{"href":"https:\/\/miumjau.ee\/lv\/wp-json\/wp\/v2\/types\/product"}],"wp:featuredmedia":[{"embeddable":true,"href":"https:\/\/miumjau.ee\/lv\/wp-json\/wp\/v2\/media\/51812"}],"wp:attachment":[{"href":"https:\/\/miumjau.ee\/lv\/wp-json\/wp\/v2\/media?parent=52304"}],"wp:term":[{"taxonomy":"product_brand","embeddable":true,"href":"https:\/\/miumjau.ee\/lv\/wp-json\/wp\/v2\/product_brand?post=52304"},{"taxonomy":"product_cat","embeddable":true,"href":"https:\/\/miumjau.ee\/lv\/wp-json\/wp\/v2\/product_cat?post=52304"},{"taxonomy":"product_tag","embeddable":true,"href":"https:\/\/miumjau.ee\/lv\/wp-json\/wp\/v2\/product_tag?post=52304"}],"curies":[{"name":"wp","href":"https:\/\/api.w.org\/{rel}","templated":true}]}}