{"id":52301,"date":"2025-03-28T15:34:16","date_gmt":"2025-03-28T13:34:16","guid":{"rendered":"https:\/\/miumjau.ee\/toode\/brit-dental-stick-mobility-koslajamie-kocini-suniem\/"},"modified":"2025-03-28T15:34:16","modified_gmt":"2025-03-28T13:34:16","slug":"brit-dental-stick-mobility-koslajamie-kocini-suniem","status":"publish","type":"product","link":"https:\/\/miumjau.ee\/lv\/produkts\/brit-dental-stick-mobility-koslajamie-kocini-suniem\/","title":{"rendered":"Brit Dental Stick Mobility \u2013 ko\u0161\u013c\u0101jamie koci\u0146i su\u0146iem"},"content":{"rendered":"","protected":false},"excerpt":{"rendered":"<p data-start=\"1283\" data-end=\"1385\"><strong data-start=\"1283\" data-end=\"1383\">Brit ko\u0161\u013c\u0101jamas n\u016bji\u0146as, kas atbalsta kust\u012bgumu. Satur kolag\u0113nu un kurkumu. Papildbar\u012bba su\u0146iem.<\/strong><\/p>\n<ul data-start=\"1387\" data-end=\"1718\">\n<li data-start=\"1387\" data-end=\"1452\">\n<p data-start=\"1389\" data-end=\"1452\"><strong data-start=\"1389\" data-end=\"1401\">Kolag\u0113ns<\/strong> \u2013 atbalsta loc\u012btavas, c\u012bpslas un sai\u0161u vesel\u012bbu.<\/p>\n<\/li>\n<li data-start=\"1453\" data-end=\"1492\">\n<p data-start=\"1455\" data-end=\"1492\"><strong data-start=\"1455\" data-end=\"1466\">Kurkuma<\/strong> \u2013 iekaisumu profilakse.<\/p>\n<\/li>\n<li data-start=\"1493\" data-end=\"1554\">\n<p data-start=\"1495\" data-end=\"1554\"><strong data-start=\"1495\" data-end=\"1504\">M\u0113tra<\/strong> \u2013 pretmikrobu \u012bpa\u0161\u012bbas un svaigs elpas arom\u0101ts.<\/p>\n<\/li>\n<li data-start=\"1555\" data-end=\"1614\">\n<p data-start=\"1557\" data-end=\"1614\"><strong data-start=\"1557\" data-end=\"1572\">Glikozam\u012bns<\/strong> \u2013 hondroprotektors, atbalsta skrim\u0161\u013cus.<\/p>\n<\/li>\n<li data-start=\"1615\" data-end=\"1668\">\n<p data-start=\"1617\" data-end=\"1668\"><strong data-start=\"1617\" data-end=\"1625\">SHMP<\/strong> \u2013 zobu vesel\u012bbai, zobakmens profilaksei.<\/p>\n<\/li>\n<li data-start=\"1669\" data-end=\"1718\">\n<p data-start=\"1671\" data-end=\"1718\">Nesatur glut\u0113nu, \u0122MO vai p\u0101rtikas kr\u0101svielas.<\/p>\n<\/li>\n<\/ul>\n<p data-start=\"1720\" data-end=\"2035\"><strong data-start=\"1720\" data-end=\"1732\">Sast\u0101vs:<\/strong><br data-start=\"1732\" data-end=\"1735\" \/>Auzu milti, augu glicer\u012bns (14 %), kartupe\u013cu ciete (10 %), hidroliz\u0113tas rauga olbaltumvielas (5 %), lignoceluloze (3 %), melase (3 %), kolag\u0113ns (2 %), kalt\u0113ta kurkuma (2 %), glikozam\u012bns (0,5 %), kalt\u0113ta mikroa\u013c\u0123e (Schizochytrium sp., 0,5 %), kalt\u0113ta m\u0113tra (0,5 %), n\u0101trija heksametafosf\u0101ts (0,3 %).<\/p>\n<p data-start=\"2037\" data-end=\"2227\"><strong data-start=\"2037\" data-end=\"2065\">Anal\u012btisk\u0101s sast\u0101vda\u013cas:<\/strong><br data-start=\"2065\" data-end=\"2068\" \/>J\u0113lprote\u012bns 10,5 %, j\u0113ltauki 4,0 %, j\u0113lpelni 2,5 %, j\u0113l\u0161\u0137iedra 4,0 %, mitrums 17,0 %, kalcijs 0,1 %, fosfors 0,2 %, n\u0101trijs 0,05 %, Omega-3 tauksk\u0101bes 0,2 %.<\/p>\n<p data-start=\"2229\" data-end=\"2283\"><strong data-start=\"2229\" data-end=\"2249\">Uztura piedevas:<\/strong><br data-start=\"2249\" data-end=\"2252\" \/>C vitam\u012bns (3a312) 100 mg\/kg.<\/p>\n<p data-start=\"2285\" data-end=\"2328\"><strong data-start=\"2285\" data-end=\"2313\">Metaboliz\u0113jam\u0101 ener\u0123ija:<\/strong> 3035 kcal\/kg<\/p>\n<p data-start=\"2330\" data-end=\"2455\"><strong data-start=\"2330\" data-end=\"2356\">Baro\u0161anas instrukcija:<\/strong> Dodiet sunim 1 gabali\u0146u dien\u0101 k\u0101 k\u0101rumu vai atl\u012bdz\u012bbu. Vienm\u0113r nodro\u0161iniet svaigu dzeramo \u016bdeni.<\/p>\n","protected":false},"featured_media":51814,"template":"","meta":[],"product_brand":[],"product_cat":[576],"product_tag":[],"class_list":{"0":"post-52301","1":"product","2":"type-product","3":"status-publish","4":"has-post-thumbnail","6":"product_cat-naski-suniem","8":"first","9":"instock","10":"taxable","11":"shipping-taxable","12":"purchasable","13":"product-type-simple"},"yoast_head":"<!-- This site is optimized with the Yoast SEO plugin v27.2 - https:\/\/yoast.com\/product\/yoast-seo-wordpress\/ -->\n<title>Brit Dental Stick Mobility \u2013 ko\u0161\u013c\u0101jamie koci\u0146i su\u0146iem - MiuMjau<\/title>\n<meta name=\"robots\" content=\"index, follow, max-snippet:-1, max-image-preview:large, max-video-preview:-1\" \/>\n<link rel=\"canonical\" href=\"https:\/\/miumjau.ee\/lv\/produkts\/brit-dental-stick-mobility-koslajamie-kocini-suniem\/\" \/>\n<meta property=\"og:locale\" content=\"lv_LV\" \/>\n<meta property=\"og:type\" content=\"article\" \/>\n<meta property=\"og:title\" content=\"Brit Dental Stick Mobility \u2013 ko\u0161\u013c\u0101jamie koci\u0146i su\u0146iem - MiuMjau\" \/>\n<meta property=\"og:description\" content=\"Brit ko\u0161\u013c\u0101jamas n\u016bji\u0146as, kas atbalsta kust\u012bgumu. Satur kolag\u0113nu un kurkumu. Papildbar\u012bba su\u0146iem.     Kolag\u0113ns \u2013 atbalsta loc\u012btavas, c\u012bpslas un sai\u0161u vesel\u012bbu.    Kurkuma \u2013 iekaisumu profilakse.    M\u0113tra \u2013 pretmikrobu \u012bpa\u0161\u012bbas un svaigs elpas arom\u0101ts.    Glikozam\u012bns \u2013 hondroprotektors, atbalsta skrim\u0161\u013cus.    SHMP \u2013 zobu vesel\u012bbai, zobakmens profilaksei.    Nesatur glut\u0113nu, \u0122MO vai p\u0101rtikas kr\u0101svielas.   Sast\u0101vs:Auzu milti, augu glicer\u012bns (14 %), kartupe\u013cu ciete (10 %), hidroliz\u0113tas rauga olbaltumvielas (5 %), lignoceluloze (3 %), melase (3 %), kolag\u0113ns (2 %), kalt\u0113ta kurkuma (2 %), glikozam\u012bns (0,5 %), kalt\u0113ta mikroa\u013c\u0123e (Schizochytrium sp., 0,5 %), kalt\u0113ta m\u0113tra (0,5 %), n\u0101trija heksametafosf\u0101ts (0,3 %). Anal\u012btisk\u0101s sast\u0101vda\u013cas:J\u0113lprote\u012bns 10,5 %, j\u0113ltauki 4,0 %, j\u0113lpelni 2,5 %, j\u0113l\u0161\u0137iedra 4,0 %, mitrums 17,0 %, kalcijs 0,1 %, fosfors 0,2 %, n\u0101trijs 0,05 %, Omega-3 tauksk\u0101bes 0,2 %. Uztura piedevas:C vitam\u012bns (3a312) 100 mg\/kg. Metaboliz\u0113jam\u0101 ener\u0123ija: 3035 kcal\/kg Baro\u0161anas instrukcija: Dodiet sunim 1 gabali\u0146u dien\u0101 k\u0101 k\u0101rumu vai atl\u012bdz\u012bbu. Vienm\u0113r nodro\u0161iniet svaigu dzeramo \u016bdeni.\" \/>\n<meta property=\"og:url\" content=\"https:\/\/miumjau.ee\/lv\/produkts\/brit-dental-stick-mobility-koslajamie-kocini-suniem\/\" \/>\n<meta property=\"og:site_name\" content=\"MiuMjau\" \/>\n<meta property=\"article:publisher\" content=\"https:\/\/www.facebook.com\/miumjaupood\/\" \/>\n<meta property=\"og:image\" content=\"https:\/\/miumjau.ee\/wp-content\/uploads\/2025\/03\/brit-narimispulgad-koertele3.webp\" \/>\n\t<meta property=\"og:image:width\" content=\"600\" \/>\n\t<meta property=\"og:image:height\" content=\"800\" \/>\n\t<meta property=\"og:image:type\" content=\"image\/webp\" \/>\n<meta name=\"twitter:card\" content=\"summary_large_image\" \/>\n<script type=\"application\/ld+json\" class=\"yoast-schema-graph\">{\"@context\":\"https:\/\/schema.org\",\"@graph\":[{\"@type\":\"WebPage\",\"@id\":\"https:\/\/miumjau.ee\/lv\/produkts\/brit-dental-stick-mobility-koslajamie-kocini-suniem\/\",\"url\":\"https:\/\/miumjau.ee\/lv\/produkts\/brit-dental-stick-mobility-koslajamie-kocini-suniem\/\",\"name\":\"Brit Dental Stick Mobility \u2013 ko\u0161\u013c\u0101jamie koci\u0146i su\u0146iem - MiuMjau\",\"isPartOf\":{\"@id\":\"https:\/\/miumjau.ee\/#website\"},\"primaryImageOfPage\":{\"@id\":\"https:\/\/miumjau.ee\/lv\/produkts\/brit-dental-stick-mobility-koslajamie-kocini-suniem\/#primaryimage\"},\"image\":{\"@id\":\"https:\/\/miumjau.ee\/lv\/produkts\/brit-dental-stick-mobility-koslajamie-kocini-suniem\/#primaryimage\"},\"thumbnailUrl\":\"https:\/\/miumjau.ee\/wp-content\/uploads\/2025\/03\/brit-narimispulgad-koertele3.webp\",\"datePublished\":\"2025-03-28T13:34:16+00:00\",\"breadcrumb\":{\"@id\":\"https:\/\/miumjau.ee\/lv\/produkts\/brit-dental-stick-mobility-koslajamie-kocini-suniem\/#breadcrumb\"},\"inLanguage\":\"lv-LV\",\"potentialAction\":[{\"@type\":\"ReadAction\",\"target\":[\"https:\/\/miumjau.ee\/lv\/produkts\/brit-dental-stick-mobility-koslajamie-kocini-suniem\/\"]}]},{\"@type\":\"ImageObject\",\"inLanguage\":\"lv-LV\",\"@id\":\"https:\/\/miumjau.ee\/lv\/produkts\/brit-dental-stick-mobility-koslajamie-kocini-suniem\/#primaryimage\",\"url\":\"https:\/\/miumjau.ee\/wp-content\/uploads\/2025\/03\/brit-narimispulgad-koertele3.webp\",\"contentUrl\":\"https:\/\/miumjau.ee\/wp-content\/uploads\/2025\/03\/brit-narimispulgad-koertele3.webp\",\"width\":600,\"height\":800,\"caption\":\"N\u00e4rimispulgad koertele Brit Dental\"},{\"@type\":\"BreadcrumbList\",\"@id\":\"https:\/\/miumjau.ee\/lv\/produkts\/brit-dental-stick-mobility-koslajamie-kocini-suniem\/#breadcrumb\",\"itemListElement\":[{\"@type\":\"ListItem\",\"position\":1,\"name\":\"Home\",\"item\":\"https:\/\/miumjau.ee\/lv\/\"},{\"@type\":\"ListItem\",\"position\":2,\"name\":\"Veikals\",\"item\":\"https:\/\/miumjau.ee\/lv\/veikals\/\"},{\"@type\":\"ListItem\",\"position\":3,\"name\":\"Brit Dental Stick Mobility \u2013 ko\u0161\u013c\u0101jamie koci\u0146i su\u0146iem\"}]},{\"@type\":\"WebSite\",\"@id\":\"https:\/\/miumjau.ee\/#website\",\"url\":\"https:\/\/miumjau.ee\/\",\"name\":\"MiuMjau\",\"description\":\"Kraapimispuud kassidele\",\"publisher\":{\"@id\":\"https:\/\/miumjau.ee\/#organization\"},\"potentialAction\":[{\"@type\":\"SearchAction\",\"target\":{\"@type\":\"EntryPoint\",\"urlTemplate\":\"https:\/\/miumjau.ee\/?s={search_term_string}\"},\"query-input\":{\"@type\":\"PropertyValueSpecification\",\"valueRequired\":true,\"valueName\":\"search_term_string\"}}],\"inLanguage\":\"lv-LV\"},{\"@type\":\"Organization\",\"@id\":\"https:\/\/miumjau.ee\/#organization\",\"name\":\"MiuMjau O\u00dc\",\"url\":\"https:\/\/miumjau.ee\/\",\"logo\":{\"@type\":\"ImageObject\",\"inLanguage\":\"lv-LV\",\"@id\":\"https:\/\/miumjau.ee\/#\/schema\/logo\/image\/\",\"url\":\"https:\/\/miumjau.ee\/wp-content\/uploads\/2022\/04\/MiuMjau-logo-kollane.png\",\"contentUrl\":\"https:\/\/miumjau.ee\/wp-content\/uploads\/2022\/04\/MiuMjau-logo-kollane.png\",\"width\":219,\"height\":100,\"caption\":\"MiuMjau O\u00dc\"},\"image\":{\"@id\":\"https:\/\/miumjau.ee\/#\/schema\/logo\/image\/\"},\"sameAs\":[\"https:\/\/www.facebook.com\/miumjaupood\/\"]}]}<\/script>\n<!-- \/ Yoast SEO plugin. -->","yoast_head_json":{"title":"Brit Dental Stick Mobility \u2013 ko\u0161\u013c\u0101jamie koci\u0146i su\u0146iem - MiuMjau","robots":{"index":"index","follow":"follow","max-snippet":"max-snippet:-1","max-image-preview":"max-image-preview:large","max-video-preview":"max-video-preview:-1"},"canonical":"https:\/\/miumjau.ee\/lv\/produkts\/brit-dental-stick-mobility-koslajamie-kocini-suniem\/","og_locale":"lv_LV","og_type":"article","og_title":"Brit Dental Stick Mobility \u2013 ko\u0161\u013c\u0101jamie koci\u0146i su\u0146iem - MiuMjau","og_description":"Brit ko\u0161\u013c\u0101jamas n\u016bji\u0146as, kas atbalsta kust\u012bgumu. Satur kolag\u0113nu un kurkumu. Papildbar\u012bba su\u0146iem.     Kolag\u0113ns \u2013 atbalsta loc\u012btavas, c\u012bpslas un sai\u0161u vesel\u012bbu.    Kurkuma \u2013 iekaisumu profilakse.    M\u0113tra \u2013 pretmikrobu \u012bpa\u0161\u012bbas un svaigs elpas arom\u0101ts.    Glikozam\u012bns \u2013 hondroprotektors, atbalsta skrim\u0161\u013cus.    SHMP \u2013 zobu vesel\u012bbai, zobakmens profilaksei.    Nesatur glut\u0113nu, \u0122MO vai p\u0101rtikas kr\u0101svielas.   Sast\u0101vs:Auzu milti, augu glicer\u012bns (14 %), kartupe\u013cu ciete (10 %), hidroliz\u0113tas rauga olbaltumvielas (5 %), lignoceluloze (3 %), melase (3 %), kolag\u0113ns (2 %), kalt\u0113ta kurkuma (2 %), glikozam\u012bns (0,5 %), kalt\u0113ta mikroa\u013c\u0123e (Schizochytrium sp., 0,5 %), kalt\u0113ta m\u0113tra (0,5 %), n\u0101trija heksametafosf\u0101ts (0,3 %). Anal\u012btisk\u0101s sast\u0101vda\u013cas:J\u0113lprote\u012bns 10,5 %, j\u0113ltauki 4,0 %, j\u0113lpelni 2,5 %, j\u0113l\u0161\u0137iedra 4,0 %, mitrums 17,0 %, kalcijs 0,1 %, fosfors 0,2 %, n\u0101trijs 0,05 %, Omega-3 tauksk\u0101bes 0,2 %. Uztura piedevas:C vitam\u012bns (3a312) 100 mg\/kg. Metaboliz\u0113jam\u0101 ener\u0123ija: 3035 kcal\/kg Baro\u0161anas instrukcija: Dodiet sunim 1 gabali\u0146u dien\u0101 k\u0101 k\u0101rumu vai atl\u012bdz\u012bbu. Vienm\u0113r nodro\u0161iniet svaigu dzeramo \u016bdeni.","og_url":"https:\/\/miumjau.ee\/lv\/produkts\/brit-dental-stick-mobility-koslajamie-kocini-suniem\/","og_site_name":"MiuMjau","article_publisher":"https:\/\/www.facebook.com\/miumjaupood\/","og_image":[{"width":600,"height":800,"url":"https:\/\/miumjau.ee\/wp-content\/uploads\/2025\/03\/brit-narimispulgad-koertele3.webp","type":"image\/webp"}],"twitter_card":"summary_large_image","schema":{"@context":"https:\/\/schema.org","@graph":[{"@type":"WebPage","@id":"https:\/\/miumjau.ee\/lv\/produkts\/brit-dental-stick-mobility-koslajamie-kocini-suniem\/","url":"https:\/\/miumjau.ee\/lv\/produkts\/brit-dental-stick-mobility-koslajamie-kocini-suniem\/","name":"Brit Dental Stick Mobility \u2013 ko\u0161\u013c\u0101jamie koci\u0146i su\u0146iem - MiuMjau","isPartOf":{"@id":"https:\/\/miumjau.ee\/#website"},"primaryImageOfPage":{"@id":"https:\/\/miumjau.ee\/lv\/produkts\/brit-dental-stick-mobility-koslajamie-kocini-suniem\/#primaryimage"},"image":{"@id":"https:\/\/miumjau.ee\/lv\/produkts\/brit-dental-stick-mobility-koslajamie-kocini-suniem\/#primaryimage"},"thumbnailUrl":"https:\/\/miumjau.ee\/wp-content\/uploads\/2025\/03\/brit-narimispulgad-koertele3.webp","datePublished":"2025-03-28T13:34:16+00:00","breadcrumb":{"@id":"https:\/\/miumjau.ee\/lv\/produkts\/brit-dental-stick-mobility-koslajamie-kocini-suniem\/#breadcrumb"},"inLanguage":"lv-LV","potentialAction":[{"@type":"ReadAction","target":["https:\/\/miumjau.ee\/lv\/produkts\/brit-dental-stick-mobility-koslajamie-kocini-suniem\/"]}]},{"@type":"ImageObject","inLanguage":"lv-LV","@id":"https:\/\/miumjau.ee\/lv\/produkts\/brit-dental-stick-mobility-koslajamie-kocini-suniem\/#primaryimage","url":"https:\/\/miumjau.ee\/wp-content\/uploads\/2025\/03\/brit-narimispulgad-koertele3.webp","contentUrl":"https:\/\/miumjau.ee\/wp-content\/uploads\/2025\/03\/brit-narimispulgad-koertele3.webp","width":600,"height":800,"caption":"N\u00e4rimispulgad koertele Brit Dental"},{"@type":"BreadcrumbList","@id":"https:\/\/miumjau.ee\/lv\/produkts\/brit-dental-stick-mobility-koslajamie-kocini-suniem\/#breadcrumb","itemListElement":[{"@type":"ListItem","position":1,"name":"Home","item":"https:\/\/miumjau.ee\/lv\/"},{"@type":"ListItem","position":2,"name":"Veikals","item":"https:\/\/miumjau.ee\/lv\/veikals\/"},{"@type":"ListItem","position":3,"name":"Brit Dental Stick Mobility \u2013 ko\u0161\u013c\u0101jamie koci\u0146i su\u0146iem"}]},{"@type":"WebSite","@id":"https:\/\/miumjau.ee\/#website","url":"https:\/\/miumjau.ee\/","name":"MiuMjau","description":"Kraapimispuud kassidele","publisher":{"@id":"https:\/\/miumjau.ee\/#organization"},"potentialAction":[{"@type":"SearchAction","target":{"@type":"EntryPoint","urlTemplate":"https:\/\/miumjau.ee\/?s={search_term_string}"},"query-input":{"@type":"PropertyValueSpecification","valueRequired":true,"valueName":"search_term_string"}}],"inLanguage":"lv-LV"},{"@type":"Organization","@id":"https:\/\/miumjau.ee\/#organization","name":"MiuMjau O\u00dc","url":"https:\/\/miumjau.ee\/","logo":{"@type":"ImageObject","inLanguage":"lv-LV","@id":"https:\/\/miumjau.ee\/#\/schema\/logo\/image\/","url":"https:\/\/miumjau.ee\/wp-content\/uploads\/2022\/04\/MiuMjau-logo-kollane.png","contentUrl":"https:\/\/miumjau.ee\/wp-content\/uploads\/2022\/04\/MiuMjau-logo-kollane.png","width":219,"height":100,"caption":"MiuMjau O\u00dc"},"image":{"@id":"https:\/\/miumjau.ee\/#\/schema\/logo\/image\/"},"sameAs":["https:\/\/www.facebook.com\/miumjaupood\/"]}]}},"_links":{"self":[{"href":"https:\/\/miumjau.ee\/lv\/wp-json\/wp\/v2\/product\/52301","targetHints":{"allow":["GET"]}}],"collection":[{"href":"https:\/\/miumjau.ee\/lv\/wp-json\/wp\/v2\/product"}],"about":[{"href":"https:\/\/miumjau.ee\/lv\/wp-json\/wp\/v2\/types\/product"}],"wp:featuredmedia":[{"embeddable":true,"href":"https:\/\/miumjau.ee\/lv\/wp-json\/wp\/v2\/media\/51814"}],"wp:attachment":[{"href":"https:\/\/miumjau.ee\/lv\/wp-json\/wp\/v2\/media?parent=52301"}],"wp:term":[{"taxonomy":"product_brand","embeddable":true,"href":"https:\/\/miumjau.ee\/lv\/wp-json\/wp\/v2\/product_brand?post=52301"},{"taxonomy":"product_cat","embeddable":true,"href":"https:\/\/miumjau.ee\/lv\/wp-json\/wp\/v2\/product_cat?post=52301"},{"taxonomy":"product_tag","embeddable":true,"href":"https:\/\/miumjau.ee\/lv\/wp-json\/wp\/v2\/product_tag?post=52301"}],"curies":[{"name":"wp","href":"https:\/\/api.w.org\/{rel}","templated":true}]}}