{"id":52297,"date":"2025-05-20T17:09:17","date_gmt":"2025-05-20T14:09:17","guid":{"rendered":"https:\/\/miumjau.ee\/toode\/polaris-grainfree-adult-duckturkey-2-5-kg\/"},"modified":"2025-05-20T17:09:17","modified_gmt":"2025-05-20T14:09:17","slug":"polaris-grainfree-adult-duckturkey-2-5-kg","status":"publish","type":"product","link":"https:\/\/miumjau.ee\/lv\/produkts\/polaris-grainfree-adult-duckturkey-2-5-kg\/","title":{"rendered":"Polaris grainfree adult duck&#038;turkey 2.5 kg"},"content":{"rendered":"","protected":false},"excerpt":{"rendered":"<p data-start=\"4207\" data-end=\"4869\">Bezgraudu su\u0146u bar\u012bba ar \u012bstu ga\u013cu (bez ga\u013cas miltiem). Pilnv\u0113rt\u012bga bar\u012bba vislab\u0101kaj\u0101 form\u0101. Taur\u012bns atbalsta vesel\u012bgu sirds darb\u012bbu. Omega-3 un Omega-6 tauksk\u0101bes (no la\u0161a e\u013c\u013cas un lins\u0113kl\u0101m) veicina sirds, \u0101das un spalvas vesel\u012bbu. Glikozam\u012bns un hondroit\u012bns loc\u012btavu vesel\u012bbai. <strong data-start=\"4489\" data-end=\"4502\">MACROGARD<\/strong> superproduktu mais\u012bjums ar dab\u012bgiem antioksidantiem (beta-glik\u0101ni, spirul\u012bna, smilts\u0113rk\u0161\u0137i, augi: timi\u0101ns, p\u0113ters\u012b\u013ci un rozmar\u012bns) stiprina imunit\u0101ti. <strong data-start=\"4654\" data-end=\"4667\">ActiveMOS<\/strong> un <strong data-start=\"4671\" data-end=\"4682\">psilijs<\/strong> veicina vesel\u012bgu gremo\u0161anu.<br data-start=\"4710\" data-end=\"4713\" \/>65 % atlas\u012btu dz\u012bvnieku izcelsmes sast\u0101vda\u013cu \u2013 atkaul\u0113tas filejas un tauki.<br data-start=\"4788\" data-end=\"4791\" \/>35 % d\u0101rze\u0146i, dab\u012bgs superproduktu mais\u012bjums, augi, vitam\u012bni un miner\u0101lvielas.<\/p>\n<p data-start=\"4871\" data-end=\"5423\"><strong data-start=\"4871\" data-end=\"4883\">Sast\u0101vs:<\/strong><br data-start=\"4883\" data-end=\"4886\" \/>Atkaul\u0113ta p\u012ble (25 %), kartupe\u013cu p\u0101rslas (20 %), kalt\u0113ta t\u012btara ga\u013ca (18 %), zir\u0146i (12 %), kalt\u0113ta c\u016bkga\u013ca (11 %), kartupe\u013cu ciete, putnu tauki, kalt\u0113tas bie\u0161u izspaidas (4 %), hidroliz\u0113ts dz\u012bvnieku prote\u012bns, raugs (3 %), kalt\u0113ts cigori\u0146\u0161 (2,5 %), vitam\u012bni un miner\u0101lvielas, la\u0161a e\u013c\u013ca (0,5 %), psilijs (0,5 %), Yucca schidigera ekstrakts (0,2 %), spirul\u012bna (0,2 %), ActiveMOS (0,2 %), MACROGARD (0,1 %), smilts\u0113rk\u0161\u0137i (0,1 %), augi (rozmar\u012bns, timi\u0101ns, p\u0113ters\u012b\u013ci \u2013 0,1 %), hondroit\u012bna sulf\u0101ts (270 mg\/kg), glikozam\u012bna sulf\u0101ts (200 mg\/kg).<\/p>\n<p data-start=\"5425\" data-end=\"5561\"><strong data-start=\"5425\" data-end=\"5453\">Anal\u012btisk\u0101s sast\u0101vda\u013cas:<\/strong><br data-start=\"5453\" data-end=\"5456\" \/>J\u0113lprote\u012bns 26,0 %, j\u0113ltauki 14,0 %, j\u0113lpelni 8,0 %, j\u0113l\u0161\u0137iedra 2,5 %.<br data-start=\"5526\" data-end=\"5529\" \/>Omega-6 : Omega-3 attiec\u012bba 8:1.<\/p>\n<p data-start=\"5563\" data-end=\"5991\"><strong data-start=\"5563\" data-end=\"5588\">Uztura piedevas \/ kg:<\/strong><br data-start=\"5588\" data-end=\"5591\" \/>A vitam\u012bns 15 000 SV, D3 vitam\u012bns 1 000 SV, E vitam\u012bns 500 mg, C vitam\u012bns 140 mg, var\u0161 (vara(II) sulf\u0101ts, pentahidr\u0101ts) 10 mg, dzelzs (dzelzs(II) sulf\u0101ts, monohidr\u0101ts) 100 mg, jods (kalcija jod\u0101ts, bez\u016bdens) 2,0 mg, cinks (cinka sulf\u0101ts, monohidr\u0101ts) 110 mg, mang\u0101ns (mang\u0101na oks\u012bds (II)) 40 mg, sel\u0113ns (n\u0101trija selen\u012bts) 0,3 mg, glikozam\u012bns 200 mg, hondroit\u012bns 270 mg, taur\u012bns 200 mg, antioksidanti.<\/p>\n<p data-start=\"5993\" data-end=\"6208\"><strong data-start=\"5993\" data-end=\"6007\">Lieto\u0161ana:<\/strong><br data-start=\"6007\" data-end=\"6010\" \/>Bar\u012bbu var pasniegt sausu vai aplietu ar siltu \u016bdeni vai buljonu. Svaigam dzeramajam \u016bdenim vienm\u0113r j\u0101b\u016bt pieejamam. Baro\u0161anas nor\u0101des ir orient\u0113jo\u0161as \u2013 \u0146emiet v\u0113r\u0101 su\u0146a svaru, vecumu un aktivit\u0101ti.<\/p>\n","protected":false},"featured_media":52292,"template":"","meta":[],"product_brand":[],"product_cat":[575],"product_tag":[],"class_list":{"0":"post-52297","1":"product","2":"type-product","3":"status-publish","4":"has-post-thumbnail","6":"product_cat-sausa-bariba-suniem","8":"first","9":"instock","10":"taxable","11":"shipping-taxable","12":"purchasable","13":"product-type-simple"},"yoast_head":"<!-- This site is optimized with the Yoast SEO plugin v27.2 - https:\/\/yoast.com\/product\/yoast-seo-wordpress\/ -->\n<title>Polaris grainfree adult duck&amp;turkey 2.5 kg - MiuMjau<\/title>\n<meta name=\"robots\" content=\"index, follow, max-snippet:-1, max-image-preview:large, max-video-preview:-1\" \/>\n<link rel=\"canonical\" href=\"https:\/\/miumjau.ee\/lv\/produkts\/polaris-grainfree-adult-duckturkey-2-5-kg\/\" \/>\n<meta property=\"og:locale\" content=\"lv_LV\" \/>\n<meta property=\"og:type\" content=\"article\" \/>\n<meta property=\"og:title\" content=\"Polaris grainfree adult duck&amp;turkey 2.5 kg - MiuMjau\" \/>\n<meta property=\"og:description\" content=\"Bezgraudu su\u0146u bar\u012bba ar \u012bstu ga\u013cu (bez ga\u013cas miltiem). Pilnv\u0113rt\u012bga bar\u012bba vislab\u0101kaj\u0101 form\u0101. Taur\u012bns atbalsta vesel\u012bgu sirds darb\u012bbu. Omega-3 un Omega-6 tauksk\u0101bes (no la\u0161a e\u013c\u013cas un lins\u0113kl\u0101m) veicina sirds, \u0101das un spalvas vesel\u012bbu. Glikozam\u012bns un hondroit\u012bns loc\u012btavu vesel\u012bbai. MACROGARD superproduktu mais\u012bjums ar dab\u012bgiem antioksidantiem (beta-glik\u0101ni, spirul\u012bna, smilts\u0113rk\u0161\u0137i, augi: timi\u0101ns, p\u0113ters\u012b\u013ci un rozmar\u012bns) stiprina imunit\u0101ti. ActiveMOS un psilijs veicina vesel\u012bgu gremo\u0161anu.65 % atlas\u012btu dz\u012bvnieku izcelsmes sast\u0101vda\u013cu \u2013 atkaul\u0113tas filejas un tauki.35 % d\u0101rze\u0146i, dab\u012bgs superproduktu mais\u012bjums, augi, vitam\u012bni un miner\u0101lvielas. Sast\u0101vs:Atkaul\u0113ta p\u012ble (25 %), kartupe\u013cu p\u0101rslas (20 %), kalt\u0113ta t\u012btara ga\u013ca (18 %), zir\u0146i (12 %), kalt\u0113ta c\u016bkga\u013ca (11 %), kartupe\u013cu ciete, putnu tauki, kalt\u0113tas bie\u0161u izspaidas (4 %), hidroliz\u0113ts dz\u012bvnieku prote\u012bns, raugs (3 %), kalt\u0113ts cigori\u0146\u0161 (2,5 %), vitam\u012bni un miner\u0101lvielas, la\u0161a e\u013c\u013ca (0,5 %), psilijs (0,5 %), Yucca schidigera ekstrakts (0,2 %), spirul\u012bna (0,2 %), ActiveMOS (0,2 %), MACROGARD (0,1 %), smilts\u0113rk\u0161\u0137i (0,1 %), augi (rozmar\u012bns, timi\u0101ns, p\u0113ters\u012b\u013ci \u2013 0,1 %), hondroit\u012bna sulf\u0101ts (270 mg\/kg), glikozam\u012bna sulf\u0101ts (200 mg\/kg). Anal\u012btisk\u0101s sast\u0101vda\u013cas:J\u0113lprote\u012bns 26,0 %, j\u0113ltauki 14,0 %, j\u0113lpelni 8,0 %, j\u0113l\u0161\u0137iedra 2,5 %.Omega-6 : Omega-3 attiec\u012bba 8:1. Uztura piedevas \/ kg:A vitam\u012bns 15 000 SV, D3 vitam\u012bns 1 000 SV, E vitam\u012bns 500 mg, C vitam\u012bns 140 mg, var\u0161 (vara(II) sulf\u0101ts, pentahidr\u0101ts) 10 mg, dzelzs (dzelzs(II) sulf\u0101ts, monohidr\u0101ts) 100 mg, jods (kalcija jod\u0101ts, bez\u016bdens) 2,0 mg, cinks (cinka sulf\u0101ts, monohidr\u0101ts) 110 mg, mang\u0101ns (mang\u0101na oks\u012bds (II)) 40 mg, sel\u0113ns (n\u0101trija selen\u012bts) 0,3 mg, glikozam\u012bns 200 mg, hondroit\u012bns 270 mg, taur\u012bns 200 mg, antioksidanti. Lieto\u0161ana:Bar\u012bbu var pasniegt sausu vai aplietu ar siltu \u016bdeni vai buljonu. Svaigam dzeramajam \u016bdenim vienm\u0113r j\u0101b\u016bt pieejamam. Baro\u0161anas nor\u0101des ir orient\u0113jo\u0161as \u2013 \u0146emiet v\u0113r\u0101 su\u0146a svaru, vecumu un aktivit\u0101ti.\" \/>\n<meta property=\"og:url\" content=\"https:\/\/miumjau.ee\/lv\/produkts\/polaris-grainfree-adult-duckturkey-2-5-kg\/\" \/>\n<meta property=\"og:site_name\" content=\"MiuMjau\" \/>\n<meta property=\"article:publisher\" content=\"https:\/\/www.facebook.com\/miumjaupood\/\" \/>\n<meta property=\"og:image\" content=\"https:\/\/miumjau.ee\/wp-content\/uploads\/2025\/05\/polaris-koeratoit-2500g2-Photoroom.webp\" \/>\n\t<meta property=\"og:image:width\" content=\"600\" \/>\n\t<meta property=\"og:image:height\" content=\"800\" \/>\n\t<meta property=\"og:image:type\" content=\"image\/webp\" \/>\n<meta name=\"twitter:card\" content=\"summary_large_image\" \/>\n<script type=\"application\/ld+json\" class=\"yoast-schema-graph\">{\"@context\":\"https:\/\/schema.org\",\"@graph\":[{\"@type\":\"WebPage\",\"@id\":\"https:\/\/miumjau.ee\/lv\/produkts\/polaris-grainfree-adult-duckturkey-2-5-kg\/\",\"url\":\"https:\/\/miumjau.ee\/lv\/produkts\/polaris-grainfree-adult-duckturkey-2-5-kg\/\",\"name\":\"Polaris grainfree adult duck&turkey 2.5 kg - MiuMjau\",\"isPartOf\":{\"@id\":\"https:\/\/miumjau.ee\/#website\"},\"primaryImageOfPage\":{\"@id\":\"https:\/\/miumjau.ee\/lv\/produkts\/polaris-grainfree-adult-duckturkey-2-5-kg\/#primaryimage\"},\"image\":{\"@id\":\"https:\/\/miumjau.ee\/lv\/produkts\/polaris-grainfree-adult-duckturkey-2-5-kg\/#primaryimage\"},\"thumbnailUrl\":\"https:\/\/miumjau.ee\/wp-content\/uploads\/2025\/05\/polaris-koeratoit-2500g2-Photoroom.webp\",\"datePublished\":\"2025-05-20T14:09:17+00:00\",\"breadcrumb\":{\"@id\":\"https:\/\/miumjau.ee\/lv\/produkts\/polaris-grainfree-adult-duckturkey-2-5-kg\/#breadcrumb\"},\"inLanguage\":\"lv-LV\",\"potentialAction\":[{\"@type\":\"ReadAction\",\"target\":[\"https:\/\/miumjau.ee\/lv\/produkts\/polaris-grainfree-adult-duckturkey-2-5-kg\/\"]}]},{\"@type\":\"ImageObject\",\"inLanguage\":\"lv-LV\",\"@id\":\"https:\/\/miumjau.ee\/lv\/produkts\/polaris-grainfree-adult-duckturkey-2-5-kg\/#primaryimage\",\"url\":\"https:\/\/miumjau.ee\/wp-content\/uploads\/2025\/05\/polaris-koeratoit-2500g2-Photoroom.webp\",\"contentUrl\":\"https:\/\/miumjau.ee\/wp-content\/uploads\/2025\/05\/polaris-koeratoit-2500g2-Photoroom.webp\",\"width\":600,\"height\":800},{\"@type\":\"BreadcrumbList\",\"@id\":\"https:\/\/miumjau.ee\/lv\/produkts\/polaris-grainfree-adult-duckturkey-2-5-kg\/#breadcrumb\",\"itemListElement\":[{\"@type\":\"ListItem\",\"position\":1,\"name\":\"Home\",\"item\":\"https:\/\/miumjau.ee\/lv\/\"},{\"@type\":\"ListItem\",\"position\":2,\"name\":\"Veikals\",\"item\":\"https:\/\/miumjau.ee\/lv\/veikals\/\"},{\"@type\":\"ListItem\",\"position\":3,\"name\":\"Polaris grainfree adult duck&#038;turkey 2.5 kg\"}]},{\"@type\":\"WebSite\",\"@id\":\"https:\/\/miumjau.ee\/#website\",\"url\":\"https:\/\/miumjau.ee\/\",\"name\":\"MiuMjau\",\"description\":\"Kraapimispuud kassidele\",\"publisher\":{\"@id\":\"https:\/\/miumjau.ee\/#organization\"},\"potentialAction\":[{\"@type\":\"SearchAction\",\"target\":{\"@type\":\"EntryPoint\",\"urlTemplate\":\"https:\/\/miumjau.ee\/?s={search_term_string}\"},\"query-input\":{\"@type\":\"PropertyValueSpecification\",\"valueRequired\":true,\"valueName\":\"search_term_string\"}}],\"inLanguage\":\"lv-LV\"},{\"@type\":\"Organization\",\"@id\":\"https:\/\/miumjau.ee\/#organization\",\"name\":\"MiuMjau O\u00dc\",\"url\":\"https:\/\/miumjau.ee\/\",\"logo\":{\"@type\":\"ImageObject\",\"inLanguage\":\"lv-LV\",\"@id\":\"https:\/\/miumjau.ee\/#\/schema\/logo\/image\/\",\"url\":\"https:\/\/miumjau.ee\/wp-content\/uploads\/2022\/04\/MiuMjau-logo-kollane.png\",\"contentUrl\":\"https:\/\/miumjau.ee\/wp-content\/uploads\/2022\/04\/MiuMjau-logo-kollane.png\",\"width\":219,\"height\":100,\"caption\":\"MiuMjau O\u00dc\"},\"image\":{\"@id\":\"https:\/\/miumjau.ee\/#\/schema\/logo\/image\/\"},\"sameAs\":[\"https:\/\/www.facebook.com\/miumjaupood\/\"]}]}<\/script>\n<!-- \/ Yoast SEO plugin. -->","yoast_head_json":{"title":"Polaris grainfree adult duck&turkey 2.5 kg - MiuMjau","robots":{"index":"index","follow":"follow","max-snippet":"max-snippet:-1","max-image-preview":"max-image-preview:large","max-video-preview":"max-video-preview:-1"},"canonical":"https:\/\/miumjau.ee\/lv\/produkts\/polaris-grainfree-adult-duckturkey-2-5-kg\/","og_locale":"lv_LV","og_type":"article","og_title":"Polaris grainfree adult duck&turkey 2.5 kg - MiuMjau","og_description":"Bezgraudu su\u0146u bar\u012bba ar \u012bstu ga\u013cu (bez ga\u013cas miltiem). Pilnv\u0113rt\u012bga bar\u012bba vislab\u0101kaj\u0101 form\u0101. Taur\u012bns atbalsta vesel\u012bgu sirds darb\u012bbu. Omega-3 un Omega-6 tauksk\u0101bes (no la\u0161a e\u013c\u013cas un lins\u0113kl\u0101m) veicina sirds, \u0101das un spalvas vesel\u012bbu. Glikozam\u012bns un hondroit\u012bns loc\u012btavu vesel\u012bbai. MACROGARD superproduktu mais\u012bjums ar dab\u012bgiem antioksidantiem (beta-glik\u0101ni, spirul\u012bna, smilts\u0113rk\u0161\u0137i, augi: timi\u0101ns, p\u0113ters\u012b\u013ci un rozmar\u012bns) stiprina imunit\u0101ti. ActiveMOS un psilijs veicina vesel\u012bgu gremo\u0161anu.65 % atlas\u012btu dz\u012bvnieku izcelsmes sast\u0101vda\u013cu \u2013 atkaul\u0113tas filejas un tauki.35 % d\u0101rze\u0146i, dab\u012bgs superproduktu mais\u012bjums, augi, vitam\u012bni un miner\u0101lvielas. Sast\u0101vs:Atkaul\u0113ta p\u012ble (25 %), kartupe\u013cu p\u0101rslas (20 %), kalt\u0113ta t\u012btara ga\u013ca (18 %), zir\u0146i (12 %), kalt\u0113ta c\u016bkga\u013ca (11 %), kartupe\u013cu ciete, putnu tauki, kalt\u0113tas bie\u0161u izspaidas (4 %), hidroliz\u0113ts dz\u012bvnieku prote\u012bns, raugs (3 %), kalt\u0113ts cigori\u0146\u0161 (2,5 %), vitam\u012bni un miner\u0101lvielas, la\u0161a e\u013c\u013ca (0,5 %), psilijs (0,5 %), Yucca schidigera ekstrakts (0,2 %), spirul\u012bna (0,2 %), ActiveMOS (0,2 %), MACROGARD (0,1 %), smilts\u0113rk\u0161\u0137i (0,1 %), augi (rozmar\u012bns, timi\u0101ns, p\u0113ters\u012b\u013ci \u2013 0,1 %), hondroit\u012bna sulf\u0101ts (270 mg\/kg), glikozam\u012bna sulf\u0101ts (200 mg\/kg). Anal\u012btisk\u0101s sast\u0101vda\u013cas:J\u0113lprote\u012bns 26,0 %, j\u0113ltauki 14,0 %, j\u0113lpelni 8,0 %, j\u0113l\u0161\u0137iedra 2,5 %.Omega-6 : Omega-3 attiec\u012bba 8:1. Uztura piedevas \/ kg:A vitam\u012bns 15 000 SV, D3 vitam\u012bns 1 000 SV, E vitam\u012bns 500 mg, C vitam\u012bns 140 mg, var\u0161 (vara(II) sulf\u0101ts, pentahidr\u0101ts) 10 mg, dzelzs (dzelzs(II) sulf\u0101ts, monohidr\u0101ts) 100 mg, jods (kalcija jod\u0101ts, bez\u016bdens) 2,0 mg, cinks (cinka sulf\u0101ts, monohidr\u0101ts) 110 mg, mang\u0101ns (mang\u0101na oks\u012bds (II)) 40 mg, sel\u0113ns (n\u0101trija selen\u012bts) 0,3 mg, glikozam\u012bns 200 mg, hondroit\u012bns 270 mg, taur\u012bns 200 mg, antioksidanti. Lieto\u0161ana:Bar\u012bbu var pasniegt sausu vai aplietu ar siltu \u016bdeni vai buljonu. Svaigam dzeramajam \u016bdenim vienm\u0113r j\u0101b\u016bt pieejamam. Baro\u0161anas nor\u0101des ir orient\u0113jo\u0161as \u2013 \u0146emiet v\u0113r\u0101 su\u0146a svaru, vecumu un aktivit\u0101ti.","og_url":"https:\/\/miumjau.ee\/lv\/produkts\/polaris-grainfree-adult-duckturkey-2-5-kg\/","og_site_name":"MiuMjau","article_publisher":"https:\/\/www.facebook.com\/miumjaupood\/","og_image":[{"width":600,"height":800,"url":"https:\/\/miumjau.ee\/wp-content\/uploads\/2025\/05\/polaris-koeratoit-2500g2-Photoroom.webp","type":"image\/webp"}],"twitter_card":"summary_large_image","schema":{"@context":"https:\/\/schema.org","@graph":[{"@type":"WebPage","@id":"https:\/\/miumjau.ee\/lv\/produkts\/polaris-grainfree-adult-duckturkey-2-5-kg\/","url":"https:\/\/miumjau.ee\/lv\/produkts\/polaris-grainfree-adult-duckturkey-2-5-kg\/","name":"Polaris grainfree adult duck&turkey 2.5 kg - MiuMjau","isPartOf":{"@id":"https:\/\/miumjau.ee\/#website"},"primaryImageOfPage":{"@id":"https:\/\/miumjau.ee\/lv\/produkts\/polaris-grainfree-adult-duckturkey-2-5-kg\/#primaryimage"},"image":{"@id":"https:\/\/miumjau.ee\/lv\/produkts\/polaris-grainfree-adult-duckturkey-2-5-kg\/#primaryimage"},"thumbnailUrl":"https:\/\/miumjau.ee\/wp-content\/uploads\/2025\/05\/polaris-koeratoit-2500g2-Photoroom.webp","datePublished":"2025-05-20T14:09:17+00:00","breadcrumb":{"@id":"https:\/\/miumjau.ee\/lv\/produkts\/polaris-grainfree-adult-duckturkey-2-5-kg\/#breadcrumb"},"inLanguage":"lv-LV","potentialAction":[{"@type":"ReadAction","target":["https:\/\/miumjau.ee\/lv\/produkts\/polaris-grainfree-adult-duckturkey-2-5-kg\/"]}]},{"@type":"ImageObject","inLanguage":"lv-LV","@id":"https:\/\/miumjau.ee\/lv\/produkts\/polaris-grainfree-adult-duckturkey-2-5-kg\/#primaryimage","url":"https:\/\/miumjau.ee\/wp-content\/uploads\/2025\/05\/polaris-koeratoit-2500g2-Photoroom.webp","contentUrl":"https:\/\/miumjau.ee\/wp-content\/uploads\/2025\/05\/polaris-koeratoit-2500g2-Photoroom.webp","width":600,"height":800},{"@type":"BreadcrumbList","@id":"https:\/\/miumjau.ee\/lv\/produkts\/polaris-grainfree-adult-duckturkey-2-5-kg\/#breadcrumb","itemListElement":[{"@type":"ListItem","position":1,"name":"Home","item":"https:\/\/miumjau.ee\/lv\/"},{"@type":"ListItem","position":2,"name":"Veikals","item":"https:\/\/miumjau.ee\/lv\/veikals\/"},{"@type":"ListItem","position":3,"name":"Polaris grainfree adult duck&#038;turkey 2.5 kg"}]},{"@type":"WebSite","@id":"https:\/\/miumjau.ee\/#website","url":"https:\/\/miumjau.ee\/","name":"MiuMjau","description":"Kraapimispuud kassidele","publisher":{"@id":"https:\/\/miumjau.ee\/#organization"},"potentialAction":[{"@type":"SearchAction","target":{"@type":"EntryPoint","urlTemplate":"https:\/\/miumjau.ee\/?s={search_term_string}"},"query-input":{"@type":"PropertyValueSpecification","valueRequired":true,"valueName":"search_term_string"}}],"inLanguage":"lv-LV"},{"@type":"Organization","@id":"https:\/\/miumjau.ee\/#organization","name":"MiuMjau O\u00dc","url":"https:\/\/miumjau.ee\/","logo":{"@type":"ImageObject","inLanguage":"lv-LV","@id":"https:\/\/miumjau.ee\/#\/schema\/logo\/image\/","url":"https:\/\/miumjau.ee\/wp-content\/uploads\/2022\/04\/MiuMjau-logo-kollane.png","contentUrl":"https:\/\/miumjau.ee\/wp-content\/uploads\/2022\/04\/MiuMjau-logo-kollane.png","width":219,"height":100,"caption":"MiuMjau O\u00dc"},"image":{"@id":"https:\/\/miumjau.ee\/#\/schema\/logo\/image\/"},"sameAs":["https:\/\/www.facebook.com\/miumjaupood\/"]}]}},"_links":{"self":[{"href":"https:\/\/miumjau.ee\/lv\/wp-json\/wp\/v2\/product\/52297","targetHints":{"allow":["GET"]}}],"collection":[{"href":"https:\/\/miumjau.ee\/lv\/wp-json\/wp\/v2\/product"}],"about":[{"href":"https:\/\/miumjau.ee\/lv\/wp-json\/wp\/v2\/types\/product"}],"wp:featuredmedia":[{"embeddable":true,"href":"https:\/\/miumjau.ee\/lv\/wp-json\/wp\/v2\/media\/52292"}],"wp:attachment":[{"href":"https:\/\/miumjau.ee\/lv\/wp-json\/wp\/v2\/media?parent=52297"}],"wp:term":[{"taxonomy":"product_brand","embeddable":true,"href":"https:\/\/miumjau.ee\/lv\/wp-json\/wp\/v2\/product_brand?post=52297"},{"taxonomy":"product_cat","embeddable":true,"href":"https:\/\/miumjau.ee\/lv\/wp-json\/wp\/v2\/product_cat?post=52297"},{"taxonomy":"product_tag","embeddable":true,"href":"https:\/\/miumjau.ee\/lv\/wp-json\/wp\/v2\/product_tag?post=52297"}],"curies":[{"name":"wp","href":"https:\/\/api.w.org\/{rel}","templated":true}]}}