{"id":52234,"date":"2025-05-20T17:09:22","date_gmt":"2025-05-20T14:09:22","guid":{"rendered":"https:\/\/miumjau.ee\/toode\/polaris-grainfree-puppy-salmonturkey-12kg\/"},"modified":"2025-05-20T17:09:22","modified_gmt":"2025-05-20T14:09:22","slug":"polaris-grainfree-puppy-salmonturkey-12kg","status":"publish","type":"product","link":"https:\/\/miumjau.ee\/lv\/produkts\/polaris-grainfree-puppy-salmonturkey-12kg\/","title":{"rendered":"Polaris grainfree puppy salmon&#038;turkey   12kg"},"content":{"rendered":"","protected":false},"excerpt":{"rendered":"<p data-start=\"2436\" data-end=\"3023\"><strong data-start=\"2436\" data-end=\"2498\">Bezgraudu su\u0146u bar\u012bba ar \u012bstu ga\u013cu (nesatur ga\u013cas miltus).<\/strong><br data-start=\"2498\" data-end=\"2501\" \/>Pilnv\u0113rt\u012bga bar\u012bba, kas \u012bpa\u0161i piem\u0113rota v\u0101cu aitu su\u0146iem, lai atbalst\u012btu muskulat\u016bru un ka\u017eoka pigment\u0101ciju, kas m\u0113dz viegli izbal\u0113t. Taur\u012bns sirds vesel\u012bgai darb\u012bbai. Omega-3 un Omega-6 tauksk\u0101bes (no la\u0161a e\u013c\u013cas un lins\u0113kl\u0101m) sirdij, \u0101dai un apmatojumam. Glikozam\u012bns un hondroit\u012bns loc\u012btavu vesel\u012bbai. <strong data-start=\"2804\" data-end=\"2817\">MACROGARD<\/strong> superproduktu mais\u012bjums ar dab\u012bgiem antioksidantiem (beta-glik\u0101ni, spirul\u012bna, smilts\u0113rk\u0161\u0137i, augi: timi\u0101ns, p\u0113ters\u012b\u013ci un rozmar\u012bns) im\u016bnsist\u0113mas stiprin\u0101\u0161anai. <strong data-start=\"2977\" data-end=\"2990\">ActiveMOS<\/strong> un psilijs vesel\u012bgai gremo\u0161anai.<\/p>\n<p data-start=\"3025\" data-end=\"3171\">69 % atlas\u012btu dz\u012bvnieku izcelsmes sast\u0101vda\u013cu \u2013 atkaul\u0113tas filejas un tauki.<br data-start=\"3100\" data-end=\"3103\" \/>31 % d\u0101rze\u0146i, dab\u012bgi superprodukti, augi, vitam\u012bni un miner\u0101lvielas.<\/p>\n<p data-start=\"3173\" data-end=\"3695\"><strong data-start=\"3173\" data-end=\"3185\">Sast\u0101vs:<\/strong><br data-start=\"3185\" data-end=\"3188\" \/>Atkaul\u0113ts lasis (25 %), kartupe\u013cu p\u0101rslas (18 %), kalt\u0113ta c\u016bkga\u013ca (17 %), kalt\u0113ts t\u012btars (15 %), zir\u0146i (12 %), putnu tauki, kartupe\u013cu ciete, kalt\u0113tas bie\u0161u izspaidas (4 %), hidroliz\u0113ts dz\u012bvnieku prote\u012bns, raugs (3 %), vitam\u012bni un miner\u0101lvielas, la\u0161a e\u013c\u013ca (0,5 %), psilijs (0,5 %), Yucca schidigera ekstrakts (0,2 %), spirul\u012bna (0,2 %), ActiveMOS (0,2 %), MACROGARD (0,1 %), smilts\u0113rk\u0161\u0137i (0,1 %), augi (rozmar\u012bns, timi\u0101ns, p\u0113ters\u012b\u013ci \u2013 0,1 %), hondroit\u012bna sulf\u0101ts (270 mg\/kg), glikozam\u012bna sulf\u0101ts (200 mg\/kg).<\/p>\n<p data-start=\"3697\" data-end=\"3833\"><strong data-start=\"3697\" data-end=\"3725\">Anal\u012btisk\u0101s sast\u0101vda\u013cas:<\/strong><br data-start=\"3725\" data-end=\"3728\" \/>J\u0113lprote\u012bns 30,0 %, j\u0113ltauki 16,0 %, j\u0113lpelni 8,0 %, j\u0113l\u0161\u0137iedra 2,5 %.<br data-start=\"3798\" data-end=\"3801\" \/>Omega-6 : Omega-3 attiec\u012bba 8:1.<\/p>\n<p data-start=\"3835\" data-end=\"4248\"><strong data-start=\"3835\" data-end=\"3860\">Uztura piedevas \/ kg:<\/strong><br data-start=\"3860\" data-end=\"3863\" \/>A vitam\u012bns 15 000 SV, D3 vitam\u012bns 1 000 SV, E vitam\u012bns 500 mg, C vitam\u012bns 140 mg, var\u0161 (vara(II) sulf\u0101ts, pentahidr\u0101ts) 10 mg, dzelzs (dzelzs(II) sulf\u0101ts, monohidr\u0101ts) 100 mg, jods (kalcija jod\u0101ts, bez\u016bdens) 2,0 mg, cinks (cinka sulf\u0101ts, monohidr\u0101ts) 110 mg, mang\u0101ns (mang\u0101na oks\u012bds (II)) 40 mg, sel\u0113ns (n\u0101trija selen\u012bts) 0,3 mg, glikozam\u012bns 200 mg, hondroit\u012bns 270 mg, taur\u012bns 200 mg.<\/p>\n","protected":false},"featured_media":52235,"template":"","meta":[],"product_brand":[],"product_cat":[575],"product_tag":[],"class_list":{"0":"post-52234","1":"product","2":"type-product","3":"status-publish","4":"has-post-thumbnail","6":"product_cat-sausa-bariba-suniem","8":"first","9":"instock","10":"taxable","11":"shipping-taxable","12":"purchasable","13":"product-type-simple"},"yoast_head":"<!-- This site is optimized with the Yoast SEO plugin v27.2 - https:\/\/yoast.com\/product\/yoast-seo-wordpress\/ -->\n<title>Polaris grainfree puppy salmon&amp;turkey  12kg - MiuMjau<\/title>\n<meta name=\"robots\" content=\"index, follow, max-snippet:-1, max-image-preview:large, max-video-preview:-1\" \/>\n<link rel=\"canonical\" href=\"https:\/\/miumjau.ee\/lv\/produkts\/polaris-grainfree-puppy-salmonturkey-12kg\/\" \/>\n<meta property=\"og:locale\" content=\"lv_LV\" \/>\n<meta property=\"og:type\" content=\"article\" \/>\n<meta property=\"og:title\" content=\"Polaris grainfree puppy salmon&amp;turkey  12kg - MiuMjau\" \/>\n<meta property=\"og:description\" content=\"Bezgraudu su\u0146u bar\u012bba ar \u012bstu ga\u013cu (nesatur ga\u013cas miltus).Pilnv\u0113rt\u012bga bar\u012bba, kas \u012bpa\u0161i piem\u0113rota v\u0101cu aitu su\u0146iem, lai atbalst\u012btu muskulat\u016bru un ka\u017eoka pigment\u0101ciju, kas m\u0113dz viegli izbal\u0113t. Taur\u012bns sirds vesel\u012bgai darb\u012bbai. Omega-3 un Omega-6 tauksk\u0101bes (no la\u0161a e\u013c\u013cas un lins\u0113kl\u0101m) sirdij, \u0101dai un apmatojumam. Glikozam\u012bns un hondroit\u012bns loc\u012btavu vesel\u012bbai. MACROGARD superproduktu mais\u012bjums ar dab\u012bgiem antioksidantiem (beta-glik\u0101ni, spirul\u012bna, smilts\u0113rk\u0161\u0137i, augi: timi\u0101ns, p\u0113ters\u012b\u013ci un rozmar\u012bns) im\u016bnsist\u0113mas stiprin\u0101\u0161anai. ActiveMOS un psilijs vesel\u012bgai gremo\u0161anai. 69 % atlas\u012btu dz\u012bvnieku izcelsmes sast\u0101vda\u013cu \u2013 atkaul\u0113tas filejas un tauki.31 % d\u0101rze\u0146i, dab\u012bgi superprodukti, augi, vitam\u012bni un miner\u0101lvielas. Sast\u0101vs:Atkaul\u0113ts lasis (25 %), kartupe\u013cu p\u0101rslas (18 %), kalt\u0113ta c\u016bkga\u013ca (17 %), kalt\u0113ts t\u012btars (15 %), zir\u0146i (12 %), putnu tauki, kartupe\u013cu ciete, kalt\u0113tas bie\u0161u izspaidas (4 %), hidroliz\u0113ts dz\u012bvnieku prote\u012bns, raugs (3 %), vitam\u012bni un miner\u0101lvielas, la\u0161a e\u013c\u013ca (0,5 %), psilijs (0,5 %), Yucca schidigera ekstrakts (0,2 %), spirul\u012bna (0,2 %), ActiveMOS (0,2 %), MACROGARD (0,1 %), smilts\u0113rk\u0161\u0137i (0,1 %), augi (rozmar\u012bns, timi\u0101ns, p\u0113ters\u012b\u013ci \u2013 0,1 %), hondroit\u012bna sulf\u0101ts (270 mg\/kg), glikozam\u012bna sulf\u0101ts (200 mg\/kg). Anal\u012btisk\u0101s sast\u0101vda\u013cas:J\u0113lprote\u012bns 30,0 %, j\u0113ltauki 16,0 %, j\u0113lpelni 8,0 %, j\u0113l\u0161\u0137iedra 2,5 %.Omega-6 : Omega-3 attiec\u012bba 8:1. Uztura piedevas \/ kg:A vitam\u012bns 15 000 SV, D3 vitam\u012bns 1 000 SV, E vitam\u012bns 500 mg, C vitam\u012bns 140 mg, var\u0161 (vara(II) sulf\u0101ts, pentahidr\u0101ts) 10 mg, dzelzs (dzelzs(II) sulf\u0101ts, monohidr\u0101ts) 100 mg, jods (kalcija jod\u0101ts, bez\u016bdens) 2,0 mg, cinks (cinka sulf\u0101ts, monohidr\u0101ts) 110 mg, mang\u0101ns (mang\u0101na oks\u012bds (II)) 40 mg, sel\u0113ns (n\u0101trija selen\u012bts) 0,3 mg, glikozam\u012bns 200 mg, hondroit\u012bns 270 mg, taur\u012bns 200 mg.\" \/>\n<meta property=\"og:url\" content=\"https:\/\/miumjau.ee\/lv\/produkts\/polaris-grainfree-puppy-salmonturkey-12kg\/\" \/>\n<meta property=\"og:site_name\" content=\"MiuMjau\" \/>\n<meta property=\"article:publisher\" content=\"https:\/\/www.facebook.com\/miumjaupood\/\" \/>\n<meta property=\"og:image\" content=\"https:\/\/miumjau.ee\/wp-content\/uploads\/2025\/05\/polaris-koeratoit-12kg4.webp\" \/>\n\t<meta property=\"og:image:width\" content=\"600\" \/>\n\t<meta property=\"og:image:height\" content=\"800\" \/>\n\t<meta property=\"og:image:type\" content=\"image\/webp\" \/>\n<meta name=\"twitter:card\" content=\"summary_large_image\" \/>\n<script type=\"application\/ld+json\" class=\"yoast-schema-graph\">{\"@context\":\"https:\/\/schema.org\",\"@graph\":[{\"@type\":\"WebPage\",\"@id\":\"https:\/\/miumjau.ee\/lv\/produkts\/polaris-grainfree-puppy-salmonturkey-12kg\/\",\"url\":\"https:\/\/miumjau.ee\/lv\/produkts\/polaris-grainfree-puppy-salmonturkey-12kg\/\",\"name\":\"Polaris grainfree puppy salmon&turkey 12kg - MiuMjau\",\"isPartOf\":{\"@id\":\"https:\/\/miumjau.ee\/#website\"},\"primaryImageOfPage\":{\"@id\":\"https:\/\/miumjau.ee\/lv\/produkts\/polaris-grainfree-puppy-salmonturkey-12kg\/#primaryimage\"},\"image\":{\"@id\":\"https:\/\/miumjau.ee\/lv\/produkts\/polaris-grainfree-puppy-salmonturkey-12kg\/#primaryimage\"},\"thumbnailUrl\":\"https:\/\/miumjau.ee\/wp-content\/uploads\/2025\/05\/polaris-koeratoit-12kg4.webp\",\"datePublished\":\"2025-05-20T14:09:22+00:00\",\"breadcrumb\":{\"@id\":\"https:\/\/miumjau.ee\/lv\/produkts\/polaris-grainfree-puppy-salmonturkey-12kg\/#breadcrumb\"},\"inLanguage\":\"lv-LV\",\"potentialAction\":[{\"@type\":\"ReadAction\",\"target\":[\"https:\/\/miumjau.ee\/lv\/produkts\/polaris-grainfree-puppy-salmonturkey-12kg\/\"]}]},{\"@type\":\"ImageObject\",\"inLanguage\":\"lv-LV\",\"@id\":\"https:\/\/miumjau.ee\/lv\/produkts\/polaris-grainfree-puppy-salmonturkey-12kg\/#primaryimage\",\"url\":\"https:\/\/miumjau.ee\/wp-content\/uploads\/2025\/05\/polaris-koeratoit-12kg4.webp\",\"contentUrl\":\"https:\/\/miumjau.ee\/wp-content\/uploads\/2025\/05\/polaris-koeratoit-12kg4.webp\",\"width\":600,\"height\":800},{\"@type\":\"BreadcrumbList\",\"@id\":\"https:\/\/miumjau.ee\/lv\/produkts\/polaris-grainfree-puppy-salmonturkey-12kg\/#breadcrumb\",\"itemListElement\":[{\"@type\":\"ListItem\",\"position\":1,\"name\":\"Home\",\"item\":\"https:\/\/miumjau.ee\/lv\/\"},{\"@type\":\"ListItem\",\"position\":2,\"name\":\"Veikals\",\"item\":\"https:\/\/miumjau.ee\/lv\/veikals\/\"},{\"@type\":\"ListItem\",\"position\":3,\"name\":\"Polaris grainfree puppy salmon&#038;turkey 12kg\"}]},{\"@type\":\"WebSite\",\"@id\":\"https:\/\/miumjau.ee\/#website\",\"url\":\"https:\/\/miumjau.ee\/\",\"name\":\"MiuMjau\",\"description\":\"Kraapimispuud kassidele\",\"publisher\":{\"@id\":\"https:\/\/miumjau.ee\/#organization\"},\"potentialAction\":[{\"@type\":\"SearchAction\",\"target\":{\"@type\":\"EntryPoint\",\"urlTemplate\":\"https:\/\/miumjau.ee\/?s={search_term_string}\"},\"query-input\":{\"@type\":\"PropertyValueSpecification\",\"valueRequired\":true,\"valueName\":\"search_term_string\"}}],\"inLanguage\":\"lv-LV\"},{\"@type\":\"Organization\",\"@id\":\"https:\/\/miumjau.ee\/#organization\",\"name\":\"MiuMjau O\u00dc\",\"url\":\"https:\/\/miumjau.ee\/\",\"logo\":{\"@type\":\"ImageObject\",\"inLanguage\":\"lv-LV\",\"@id\":\"https:\/\/miumjau.ee\/#\/schema\/logo\/image\/\",\"url\":\"https:\/\/miumjau.ee\/wp-content\/uploads\/2022\/04\/MiuMjau-logo-kollane.png\",\"contentUrl\":\"https:\/\/miumjau.ee\/wp-content\/uploads\/2022\/04\/MiuMjau-logo-kollane.png\",\"width\":219,\"height\":100,\"caption\":\"MiuMjau O\u00dc\"},\"image\":{\"@id\":\"https:\/\/miumjau.ee\/#\/schema\/logo\/image\/\"},\"sameAs\":[\"https:\/\/www.facebook.com\/miumjaupood\/\"]}]}<\/script>\n<!-- \/ Yoast SEO plugin. -->","yoast_head_json":{"title":"Polaris grainfree puppy salmon&turkey  12kg - MiuMjau","robots":{"index":"index","follow":"follow","max-snippet":"max-snippet:-1","max-image-preview":"max-image-preview:large","max-video-preview":"max-video-preview:-1"},"canonical":"https:\/\/miumjau.ee\/lv\/produkts\/polaris-grainfree-puppy-salmonturkey-12kg\/","og_locale":"lv_LV","og_type":"article","og_title":"Polaris grainfree puppy salmon&turkey  12kg - MiuMjau","og_description":"Bezgraudu su\u0146u bar\u012bba ar \u012bstu ga\u013cu (nesatur ga\u013cas miltus).Pilnv\u0113rt\u012bga bar\u012bba, kas \u012bpa\u0161i piem\u0113rota v\u0101cu aitu su\u0146iem, lai atbalst\u012btu muskulat\u016bru un ka\u017eoka pigment\u0101ciju, kas m\u0113dz viegli izbal\u0113t. Taur\u012bns sirds vesel\u012bgai darb\u012bbai. Omega-3 un Omega-6 tauksk\u0101bes (no la\u0161a e\u013c\u013cas un lins\u0113kl\u0101m) sirdij, \u0101dai un apmatojumam. Glikozam\u012bns un hondroit\u012bns loc\u012btavu vesel\u012bbai. MACROGARD superproduktu mais\u012bjums ar dab\u012bgiem antioksidantiem (beta-glik\u0101ni, spirul\u012bna, smilts\u0113rk\u0161\u0137i, augi: timi\u0101ns, p\u0113ters\u012b\u013ci un rozmar\u012bns) im\u016bnsist\u0113mas stiprin\u0101\u0161anai. ActiveMOS un psilijs vesel\u012bgai gremo\u0161anai. 69 % atlas\u012btu dz\u012bvnieku izcelsmes sast\u0101vda\u013cu \u2013 atkaul\u0113tas filejas un tauki.31 % d\u0101rze\u0146i, dab\u012bgi superprodukti, augi, vitam\u012bni un miner\u0101lvielas. Sast\u0101vs:Atkaul\u0113ts lasis (25 %), kartupe\u013cu p\u0101rslas (18 %), kalt\u0113ta c\u016bkga\u013ca (17 %), kalt\u0113ts t\u012btars (15 %), zir\u0146i (12 %), putnu tauki, kartupe\u013cu ciete, kalt\u0113tas bie\u0161u izspaidas (4 %), hidroliz\u0113ts dz\u012bvnieku prote\u012bns, raugs (3 %), vitam\u012bni un miner\u0101lvielas, la\u0161a e\u013c\u013ca (0,5 %), psilijs (0,5 %), Yucca schidigera ekstrakts (0,2 %), spirul\u012bna (0,2 %), ActiveMOS (0,2 %), MACROGARD (0,1 %), smilts\u0113rk\u0161\u0137i (0,1 %), augi (rozmar\u012bns, timi\u0101ns, p\u0113ters\u012b\u013ci \u2013 0,1 %), hondroit\u012bna sulf\u0101ts (270 mg\/kg), glikozam\u012bna sulf\u0101ts (200 mg\/kg). Anal\u012btisk\u0101s sast\u0101vda\u013cas:J\u0113lprote\u012bns 30,0 %, j\u0113ltauki 16,0 %, j\u0113lpelni 8,0 %, j\u0113l\u0161\u0137iedra 2,5 %.Omega-6 : Omega-3 attiec\u012bba 8:1. Uztura piedevas \/ kg:A vitam\u012bns 15 000 SV, D3 vitam\u012bns 1 000 SV, E vitam\u012bns 500 mg, C vitam\u012bns 140 mg, var\u0161 (vara(II) sulf\u0101ts, pentahidr\u0101ts) 10 mg, dzelzs (dzelzs(II) sulf\u0101ts, monohidr\u0101ts) 100 mg, jods (kalcija jod\u0101ts, bez\u016bdens) 2,0 mg, cinks (cinka sulf\u0101ts, monohidr\u0101ts) 110 mg, mang\u0101ns (mang\u0101na oks\u012bds (II)) 40 mg, sel\u0113ns (n\u0101trija selen\u012bts) 0,3 mg, glikozam\u012bns 200 mg, hondroit\u012bns 270 mg, taur\u012bns 200 mg.","og_url":"https:\/\/miumjau.ee\/lv\/produkts\/polaris-grainfree-puppy-salmonturkey-12kg\/","og_site_name":"MiuMjau","article_publisher":"https:\/\/www.facebook.com\/miumjaupood\/","og_image":[{"width":600,"height":800,"url":"https:\/\/miumjau.ee\/wp-content\/uploads\/2025\/05\/polaris-koeratoit-12kg4.webp","type":"image\/webp"}],"twitter_card":"summary_large_image","schema":{"@context":"https:\/\/schema.org","@graph":[{"@type":"WebPage","@id":"https:\/\/miumjau.ee\/lv\/produkts\/polaris-grainfree-puppy-salmonturkey-12kg\/","url":"https:\/\/miumjau.ee\/lv\/produkts\/polaris-grainfree-puppy-salmonturkey-12kg\/","name":"Polaris grainfree puppy salmon&turkey 12kg - MiuMjau","isPartOf":{"@id":"https:\/\/miumjau.ee\/#website"},"primaryImageOfPage":{"@id":"https:\/\/miumjau.ee\/lv\/produkts\/polaris-grainfree-puppy-salmonturkey-12kg\/#primaryimage"},"image":{"@id":"https:\/\/miumjau.ee\/lv\/produkts\/polaris-grainfree-puppy-salmonturkey-12kg\/#primaryimage"},"thumbnailUrl":"https:\/\/miumjau.ee\/wp-content\/uploads\/2025\/05\/polaris-koeratoit-12kg4.webp","datePublished":"2025-05-20T14:09:22+00:00","breadcrumb":{"@id":"https:\/\/miumjau.ee\/lv\/produkts\/polaris-grainfree-puppy-salmonturkey-12kg\/#breadcrumb"},"inLanguage":"lv-LV","potentialAction":[{"@type":"ReadAction","target":["https:\/\/miumjau.ee\/lv\/produkts\/polaris-grainfree-puppy-salmonturkey-12kg\/"]}]},{"@type":"ImageObject","inLanguage":"lv-LV","@id":"https:\/\/miumjau.ee\/lv\/produkts\/polaris-grainfree-puppy-salmonturkey-12kg\/#primaryimage","url":"https:\/\/miumjau.ee\/wp-content\/uploads\/2025\/05\/polaris-koeratoit-12kg4.webp","contentUrl":"https:\/\/miumjau.ee\/wp-content\/uploads\/2025\/05\/polaris-koeratoit-12kg4.webp","width":600,"height":800},{"@type":"BreadcrumbList","@id":"https:\/\/miumjau.ee\/lv\/produkts\/polaris-grainfree-puppy-salmonturkey-12kg\/#breadcrumb","itemListElement":[{"@type":"ListItem","position":1,"name":"Home","item":"https:\/\/miumjau.ee\/lv\/"},{"@type":"ListItem","position":2,"name":"Veikals","item":"https:\/\/miumjau.ee\/lv\/veikals\/"},{"@type":"ListItem","position":3,"name":"Polaris grainfree puppy salmon&#038;turkey 12kg"}]},{"@type":"WebSite","@id":"https:\/\/miumjau.ee\/#website","url":"https:\/\/miumjau.ee\/","name":"MiuMjau","description":"Kraapimispuud kassidele","publisher":{"@id":"https:\/\/miumjau.ee\/#organization"},"potentialAction":[{"@type":"SearchAction","target":{"@type":"EntryPoint","urlTemplate":"https:\/\/miumjau.ee\/?s={search_term_string}"},"query-input":{"@type":"PropertyValueSpecification","valueRequired":true,"valueName":"search_term_string"}}],"inLanguage":"lv-LV"},{"@type":"Organization","@id":"https:\/\/miumjau.ee\/#organization","name":"MiuMjau O\u00dc","url":"https:\/\/miumjau.ee\/","logo":{"@type":"ImageObject","inLanguage":"lv-LV","@id":"https:\/\/miumjau.ee\/#\/schema\/logo\/image\/","url":"https:\/\/miumjau.ee\/wp-content\/uploads\/2022\/04\/MiuMjau-logo-kollane.png","contentUrl":"https:\/\/miumjau.ee\/wp-content\/uploads\/2022\/04\/MiuMjau-logo-kollane.png","width":219,"height":100,"caption":"MiuMjau O\u00dc"},"image":{"@id":"https:\/\/miumjau.ee\/#\/schema\/logo\/image\/"},"sameAs":["https:\/\/www.facebook.com\/miumjaupood\/"]}]}},"_links":{"self":[{"href":"https:\/\/miumjau.ee\/lv\/wp-json\/wp\/v2\/product\/52234","targetHints":{"allow":["GET"]}}],"collection":[{"href":"https:\/\/miumjau.ee\/lv\/wp-json\/wp\/v2\/product"}],"about":[{"href":"https:\/\/miumjau.ee\/lv\/wp-json\/wp\/v2\/types\/product"}],"wp:featuredmedia":[{"embeddable":true,"href":"https:\/\/miumjau.ee\/lv\/wp-json\/wp\/v2\/media\/52235"}],"wp:attachment":[{"href":"https:\/\/miumjau.ee\/lv\/wp-json\/wp\/v2\/media?parent=52234"}],"wp:term":[{"taxonomy":"product_brand","embeddable":true,"href":"https:\/\/miumjau.ee\/lv\/wp-json\/wp\/v2\/product_brand?post=52234"},{"taxonomy":"product_cat","embeddable":true,"href":"https:\/\/miumjau.ee\/lv\/wp-json\/wp\/v2\/product_cat?post=52234"},{"taxonomy":"product_tag","embeddable":true,"href":"https:\/\/miumjau.ee\/lv\/wp-json\/wp\/v2\/product_tag?post=52234"}],"curies":[{"name":"wp","href":"https:\/\/api.w.org\/{rel}","templated":true}]}}