{"id":52219,"date":"2024-11-07T14:52:43","date_gmt":"2024-11-07T12:52:43","guid":{"rendered":"https:\/\/miumjau.ee\/toode\/platinum-meatcrisp-sterilized-cat-fish-1-5-kg\/"},"modified":"2024-11-07T14:52:43","modified_gmt":"2024-11-07T12:52:43","slug":"platinum-meatcrisp-sterilized-cat-fish-1-5-kg","status":"publish","type":"product","link":"https:\/\/miumjau.ee\/lv\/produkts\/platinum-meatcrisp-sterilized-cat-fish-1-5-kg\/","title":{"rendered":"Platinum Meatcrisp Sterilized Cat, Fish 1.5 kg"},"content":{"rendered":"","protected":false},"excerpt":{"rendered":"<p data-start=\"147\" data-end=\"243\"><strong data-start=\"147\" data-end=\"241\">MeatCrisp \u2013 pirmais vesel\u012bgais ka\u0137u bar\u012bbas veids, kas izgatavots no \u017e\u0101v\u0113tas svaigas ga\u013cas<\/strong><\/p>\n<p data-start=\"245\" data-end=\"627\">MeatCrisp satur svaigas ga\u013cas dabiskos mikroelementus un aminosk\u0101bes, padarot to par lab\u0101ku alternat\u012bvu ka\u0137a dabiskajam med\u012bjumam nek\u0101 liel\u0101k\u0101 da\u013ca komerci\u0101lo ka\u0137u bar\u012bbu. Ka\u0137i, kas \u0113d MeatCrisp, j\u016btas mier\u012bg\u0101ki, stabil\u0101ki un laim\u012bg\u0101ki. Krauk\u0161\u0137\u012bgais gabali\u0146\u0161 un ga\u013c\u012bg\u0101 gar\u0161a padara MeatCrisp tik gardu, ka ka\u0137is nev\u0113las neko citu \u0113st. MeatCrisp nesatur smar\u017eas vai aromatiz\u0113t\u0101jus.<\/p>\n<p data-start=\"629\" data-end=\"653\"><strong data-start=\"629\" data-end=\"651\">Galvenie ieguvumi:<\/strong><\/p>\n<ul data-start=\"654\" data-end=\"868\">\n<li data-start=\"654\" data-end=\"701\">\n<p data-start=\"656\" data-end=\"701\">82% svaigas zivju ga\u013cas (bez ga\u013cas miltiem)<\/p>\n<\/li>\n<li data-start=\"702\" data-end=\"725\">\n<p data-start=\"704\" data-end=\"725\">Dab\u012bgas sast\u0101vda\u013cas<\/p>\n<\/li>\n<li data-start=\"726\" data-end=\"766\">\n<p data-start=\"728\" data-end=\"766\">Bez smar\u017eu un aromatiz\u0113t\u0101ju piedev\u0101m<\/p>\n<\/li>\n<li data-start=\"767\" data-end=\"802\">\n<p data-start=\"769\" data-end=\"802\">Bez glut\u0113nu saturo\u0161iem graudiem<\/p>\n<\/li>\n<li data-start=\"803\" data-end=\"837\">\n<p data-start=\"805\" data-end=\"837\">Barojo\u0161s un viegli sagremojams<\/p>\n<\/li>\n<li data-start=\"838\" data-end=\"868\">\n<p data-start=\"840\" data-end=\"868\">Optimiz\u0113ts taur\u012bna l\u012bmenis<\/p>\n<\/li>\n<\/ul>\n<p data-start=\"870\" data-end=\"1067\"><strong data-start=\"870\" data-end=\"882\">Sast\u0101vs:<\/strong> Svaiga zivju ga\u013ca 82%, Flor de Ma\u00edz* (kukur\u016bza), kokosriekstu e\u013c\u013ca** (60% laur\u012bnsk\u0101be), rap\u0161u e\u013c\u013ca**, zir\u0146i*, alus raugs*, augu \u0161\u0137iedra*. (*dehidr\u0113ts, **auksti spiesta, neapstr\u0101d\u0101ta)<\/p>\n<p data-start=\"1069\" data-end=\"1182\"><strong data-start=\"1069\" data-end=\"1097\">Anal\u012btisk\u0101s sast\u0101vda\u013cas:<\/strong> Olbaltumvielas 36%, \u0161\u0137iedrvielas 3%, tauki 11%, kalcijs 1,1%, pelni 6%, fosfors 1%<\/p>\n<p data-start=\"1184\" data-end=\"1227\"><strong data-start=\"1184\" data-end=\"1208\">Ener\u0123\u0113tisk\u0101 v\u0113rt\u012bba:<\/strong> 354 kcal \/ 100 g<\/p>\n","protected":false},"featured_media":52218,"template":"","meta":[],"product_brand":[],"product_cat":[569],"product_tag":[],"class_list":{"0":"post-52219","1":"product","2":"type-product","3":"status-publish","4":"has-post-thumbnail","6":"product_cat-sausa-bariba","8":"first","9":"instock","10":"taxable","11":"shipping-taxable","12":"purchasable","13":"product-type-simple"},"yoast_head":"<!-- This site is optimized with the Yoast SEO plugin v27.2 - https:\/\/yoast.com\/product\/yoast-seo-wordpress\/ -->\n<title>Platinum Meatcrisp Sterilized Cat, Fish 1.5 kg - MiuMjau<\/title>\n<meta name=\"robots\" content=\"index, follow, max-snippet:-1, max-image-preview:large, max-video-preview:-1\" \/>\n<link rel=\"canonical\" href=\"https:\/\/miumjau.ee\/lv\/produkts\/platinum-meatcrisp-sterilized-cat-fish-1-5-kg\/\" \/>\n<meta property=\"og:locale\" content=\"lv_LV\" \/>\n<meta property=\"og:type\" content=\"article\" \/>\n<meta property=\"og:title\" content=\"Platinum Meatcrisp Sterilized Cat, Fish 1.5 kg - MiuMjau\" \/>\n<meta property=\"og:description\" content=\"MeatCrisp \u2013 pirmais vesel\u012bgais ka\u0137u bar\u012bbas veids, kas izgatavots no \u017e\u0101v\u0113tas svaigas ga\u013cas MeatCrisp satur svaigas ga\u013cas dabiskos mikroelementus un aminosk\u0101bes, padarot to par lab\u0101ku alternat\u012bvu ka\u0137a dabiskajam med\u012bjumam nek\u0101 liel\u0101k\u0101 da\u013ca komerci\u0101lo ka\u0137u bar\u012bbu. Ka\u0137i, kas \u0113d MeatCrisp, j\u016btas mier\u012bg\u0101ki, stabil\u0101ki un laim\u012bg\u0101ki. Krauk\u0161\u0137\u012bgais gabali\u0146\u0161 un ga\u013c\u012bg\u0101 gar\u0161a padara MeatCrisp tik gardu, ka ka\u0137is nev\u0113las neko citu \u0113st. MeatCrisp nesatur smar\u017eas vai aromatiz\u0113t\u0101jus. Galvenie ieguvumi:     82% svaigas zivju ga\u013cas (bez ga\u013cas miltiem)    Dab\u012bgas sast\u0101vda\u013cas    Bez smar\u017eu un aromatiz\u0113t\u0101ju piedev\u0101m    Bez glut\u0113nu saturo\u0161iem graudiem    Barojo\u0161s un viegli sagremojams    Optimiz\u0113ts taur\u012bna l\u012bmenis   Sast\u0101vs: Svaiga zivju ga\u013ca 82%, Flor de Ma\u00edz* (kukur\u016bza), kokosriekstu e\u013c\u013ca** (60% laur\u012bnsk\u0101be), rap\u0161u e\u013c\u013ca**, zir\u0146i*, alus raugs*, augu \u0161\u0137iedra*. (*dehidr\u0113ts, **auksti spiesta, neapstr\u0101d\u0101ta) Anal\u012btisk\u0101s sast\u0101vda\u013cas: Olbaltumvielas 36%, \u0161\u0137iedrvielas 3%, tauki 11%, kalcijs 1,1%, pelni 6%, fosfors 1% Ener\u0123\u0113tisk\u0101 v\u0113rt\u012bba: 354 kcal \/ 100 g\" \/>\n<meta property=\"og:url\" content=\"https:\/\/miumjau.ee\/lv\/produkts\/platinum-meatcrisp-sterilized-cat-fish-1-5-kg\/\" \/>\n<meta property=\"og:site_name\" content=\"MiuMjau\" \/>\n<meta property=\"article:publisher\" content=\"https:\/\/www.facebook.com\/miumjaupood\/\" \/>\n<meta property=\"og:image\" content=\"https:\/\/miumjau.ee\/wp-content\/uploads\/2024\/11\/platinum-kuivtoit-pood9.jpg\" \/>\n\t<meta property=\"og:image:width\" content=\"600\" \/>\n\t<meta property=\"og:image:height\" content=\"800\" \/>\n\t<meta property=\"og:image:type\" content=\"image\/jpeg\" \/>\n<meta name=\"twitter:card\" content=\"summary_large_image\" \/>\n<script type=\"application\/ld+json\" class=\"yoast-schema-graph\">{\"@context\":\"https:\/\/schema.org\",\"@graph\":[{\"@type\":\"WebPage\",\"@id\":\"https:\/\/miumjau.ee\/lv\/produkts\/platinum-meatcrisp-sterilized-cat-fish-1-5-kg\/\",\"url\":\"https:\/\/miumjau.ee\/lv\/produkts\/platinum-meatcrisp-sterilized-cat-fish-1-5-kg\/\",\"name\":\"Platinum Meatcrisp Sterilized Cat, Fish 1.5 kg - MiuMjau\",\"isPartOf\":{\"@id\":\"https:\/\/miumjau.ee\/#website\"},\"primaryImageOfPage\":{\"@id\":\"https:\/\/miumjau.ee\/lv\/produkts\/platinum-meatcrisp-sterilized-cat-fish-1-5-kg\/#primaryimage\"},\"image\":{\"@id\":\"https:\/\/miumjau.ee\/lv\/produkts\/platinum-meatcrisp-sterilized-cat-fish-1-5-kg\/#primaryimage\"},\"thumbnailUrl\":\"https:\/\/miumjau.ee\/wp-content\/uploads\/2024\/11\/platinum-kuivtoit-pood9.jpg\",\"datePublished\":\"2024-11-07T12:52:43+00:00\",\"breadcrumb\":{\"@id\":\"https:\/\/miumjau.ee\/lv\/produkts\/platinum-meatcrisp-sterilized-cat-fish-1-5-kg\/#breadcrumb\"},\"inLanguage\":\"lv-LV\",\"potentialAction\":[{\"@type\":\"ReadAction\",\"target\":[\"https:\/\/miumjau.ee\/lv\/produkts\/platinum-meatcrisp-sterilized-cat-fish-1-5-kg\/\"]}]},{\"@type\":\"ImageObject\",\"inLanguage\":\"lv-LV\",\"@id\":\"https:\/\/miumjau.ee\/lv\/produkts\/platinum-meatcrisp-sterilized-cat-fish-1-5-kg\/#primaryimage\",\"url\":\"https:\/\/miumjau.ee\/wp-content\/uploads\/2024\/11\/platinum-kuivtoit-pood9.jpg\",\"contentUrl\":\"https:\/\/miumjau.ee\/wp-content\/uploads\/2024\/11\/platinum-kuivtoit-pood9.jpg\",\"width\":600,\"height\":800},{\"@type\":\"BreadcrumbList\",\"@id\":\"https:\/\/miumjau.ee\/lv\/produkts\/platinum-meatcrisp-sterilized-cat-fish-1-5-kg\/#breadcrumb\",\"itemListElement\":[{\"@type\":\"ListItem\",\"position\":1,\"name\":\"Home\",\"item\":\"https:\/\/miumjau.ee\/lv\/\"},{\"@type\":\"ListItem\",\"position\":2,\"name\":\"Veikals\",\"item\":\"https:\/\/miumjau.ee\/lv\/veikals\/\"},{\"@type\":\"ListItem\",\"position\":3,\"name\":\"Platinum Meatcrisp Sterilized Cat, Fish 1.5 kg\"}]},{\"@type\":\"WebSite\",\"@id\":\"https:\/\/miumjau.ee\/#website\",\"url\":\"https:\/\/miumjau.ee\/\",\"name\":\"MiuMjau\",\"description\":\"Kraapimispuud kassidele\",\"publisher\":{\"@id\":\"https:\/\/miumjau.ee\/#organization\"},\"potentialAction\":[{\"@type\":\"SearchAction\",\"target\":{\"@type\":\"EntryPoint\",\"urlTemplate\":\"https:\/\/miumjau.ee\/?s={search_term_string}\"},\"query-input\":{\"@type\":\"PropertyValueSpecification\",\"valueRequired\":true,\"valueName\":\"search_term_string\"}}],\"inLanguage\":\"lv-LV\"},{\"@type\":\"Organization\",\"@id\":\"https:\/\/miumjau.ee\/#organization\",\"name\":\"MiuMjau O\u00dc\",\"url\":\"https:\/\/miumjau.ee\/\",\"logo\":{\"@type\":\"ImageObject\",\"inLanguage\":\"lv-LV\",\"@id\":\"https:\/\/miumjau.ee\/#\/schema\/logo\/image\/\",\"url\":\"https:\/\/miumjau.ee\/wp-content\/uploads\/2022\/04\/MiuMjau-logo-kollane.png\",\"contentUrl\":\"https:\/\/miumjau.ee\/wp-content\/uploads\/2022\/04\/MiuMjau-logo-kollane.png\",\"width\":219,\"height\":100,\"caption\":\"MiuMjau O\u00dc\"},\"image\":{\"@id\":\"https:\/\/miumjau.ee\/#\/schema\/logo\/image\/\"},\"sameAs\":[\"https:\/\/www.facebook.com\/miumjaupood\/\"]}]}<\/script>\n<!-- \/ Yoast SEO plugin. -->","yoast_head_json":{"title":"Platinum Meatcrisp Sterilized Cat, Fish 1.5 kg - MiuMjau","robots":{"index":"index","follow":"follow","max-snippet":"max-snippet:-1","max-image-preview":"max-image-preview:large","max-video-preview":"max-video-preview:-1"},"canonical":"https:\/\/miumjau.ee\/lv\/produkts\/platinum-meatcrisp-sterilized-cat-fish-1-5-kg\/","og_locale":"lv_LV","og_type":"article","og_title":"Platinum Meatcrisp Sterilized Cat, Fish 1.5 kg - MiuMjau","og_description":"MeatCrisp \u2013 pirmais vesel\u012bgais ka\u0137u bar\u012bbas veids, kas izgatavots no \u017e\u0101v\u0113tas svaigas ga\u013cas MeatCrisp satur svaigas ga\u013cas dabiskos mikroelementus un aminosk\u0101bes, padarot to par lab\u0101ku alternat\u012bvu ka\u0137a dabiskajam med\u012bjumam nek\u0101 liel\u0101k\u0101 da\u013ca komerci\u0101lo ka\u0137u bar\u012bbu. Ka\u0137i, kas \u0113d MeatCrisp, j\u016btas mier\u012bg\u0101ki, stabil\u0101ki un laim\u012bg\u0101ki. Krauk\u0161\u0137\u012bgais gabali\u0146\u0161 un ga\u013c\u012bg\u0101 gar\u0161a padara MeatCrisp tik gardu, ka ka\u0137is nev\u0113las neko citu \u0113st. MeatCrisp nesatur smar\u017eas vai aromatiz\u0113t\u0101jus. Galvenie ieguvumi:     82% svaigas zivju ga\u013cas (bez ga\u013cas miltiem)    Dab\u012bgas sast\u0101vda\u013cas    Bez smar\u017eu un aromatiz\u0113t\u0101ju piedev\u0101m    Bez glut\u0113nu saturo\u0161iem graudiem    Barojo\u0161s un viegli sagremojams    Optimiz\u0113ts taur\u012bna l\u012bmenis   Sast\u0101vs: Svaiga zivju ga\u013ca 82%, Flor de Ma\u00edz* (kukur\u016bza), kokosriekstu e\u013c\u013ca** (60% laur\u012bnsk\u0101be), rap\u0161u e\u013c\u013ca**, zir\u0146i*, alus raugs*, augu \u0161\u0137iedra*. (*dehidr\u0113ts, **auksti spiesta, neapstr\u0101d\u0101ta) Anal\u012btisk\u0101s sast\u0101vda\u013cas: Olbaltumvielas 36%, \u0161\u0137iedrvielas 3%, tauki 11%, kalcijs 1,1%, pelni 6%, fosfors 1% Ener\u0123\u0113tisk\u0101 v\u0113rt\u012bba: 354 kcal \/ 100 g","og_url":"https:\/\/miumjau.ee\/lv\/produkts\/platinum-meatcrisp-sterilized-cat-fish-1-5-kg\/","og_site_name":"MiuMjau","article_publisher":"https:\/\/www.facebook.com\/miumjaupood\/","og_image":[{"width":600,"height":800,"url":"https:\/\/miumjau.ee\/wp-content\/uploads\/2024\/11\/platinum-kuivtoit-pood9.jpg","type":"image\/jpeg"}],"twitter_card":"summary_large_image","schema":{"@context":"https:\/\/schema.org","@graph":[{"@type":"WebPage","@id":"https:\/\/miumjau.ee\/lv\/produkts\/platinum-meatcrisp-sterilized-cat-fish-1-5-kg\/","url":"https:\/\/miumjau.ee\/lv\/produkts\/platinum-meatcrisp-sterilized-cat-fish-1-5-kg\/","name":"Platinum Meatcrisp Sterilized Cat, Fish 1.5 kg - MiuMjau","isPartOf":{"@id":"https:\/\/miumjau.ee\/#website"},"primaryImageOfPage":{"@id":"https:\/\/miumjau.ee\/lv\/produkts\/platinum-meatcrisp-sterilized-cat-fish-1-5-kg\/#primaryimage"},"image":{"@id":"https:\/\/miumjau.ee\/lv\/produkts\/platinum-meatcrisp-sterilized-cat-fish-1-5-kg\/#primaryimage"},"thumbnailUrl":"https:\/\/miumjau.ee\/wp-content\/uploads\/2024\/11\/platinum-kuivtoit-pood9.jpg","datePublished":"2024-11-07T12:52:43+00:00","breadcrumb":{"@id":"https:\/\/miumjau.ee\/lv\/produkts\/platinum-meatcrisp-sterilized-cat-fish-1-5-kg\/#breadcrumb"},"inLanguage":"lv-LV","potentialAction":[{"@type":"ReadAction","target":["https:\/\/miumjau.ee\/lv\/produkts\/platinum-meatcrisp-sterilized-cat-fish-1-5-kg\/"]}]},{"@type":"ImageObject","inLanguage":"lv-LV","@id":"https:\/\/miumjau.ee\/lv\/produkts\/platinum-meatcrisp-sterilized-cat-fish-1-5-kg\/#primaryimage","url":"https:\/\/miumjau.ee\/wp-content\/uploads\/2024\/11\/platinum-kuivtoit-pood9.jpg","contentUrl":"https:\/\/miumjau.ee\/wp-content\/uploads\/2024\/11\/platinum-kuivtoit-pood9.jpg","width":600,"height":800},{"@type":"BreadcrumbList","@id":"https:\/\/miumjau.ee\/lv\/produkts\/platinum-meatcrisp-sterilized-cat-fish-1-5-kg\/#breadcrumb","itemListElement":[{"@type":"ListItem","position":1,"name":"Home","item":"https:\/\/miumjau.ee\/lv\/"},{"@type":"ListItem","position":2,"name":"Veikals","item":"https:\/\/miumjau.ee\/lv\/veikals\/"},{"@type":"ListItem","position":3,"name":"Platinum Meatcrisp Sterilized Cat, Fish 1.5 kg"}]},{"@type":"WebSite","@id":"https:\/\/miumjau.ee\/#website","url":"https:\/\/miumjau.ee\/","name":"MiuMjau","description":"Kraapimispuud kassidele","publisher":{"@id":"https:\/\/miumjau.ee\/#organization"},"potentialAction":[{"@type":"SearchAction","target":{"@type":"EntryPoint","urlTemplate":"https:\/\/miumjau.ee\/?s={search_term_string}"},"query-input":{"@type":"PropertyValueSpecification","valueRequired":true,"valueName":"search_term_string"}}],"inLanguage":"lv-LV"},{"@type":"Organization","@id":"https:\/\/miumjau.ee\/#organization","name":"MiuMjau O\u00dc","url":"https:\/\/miumjau.ee\/","logo":{"@type":"ImageObject","inLanguage":"lv-LV","@id":"https:\/\/miumjau.ee\/#\/schema\/logo\/image\/","url":"https:\/\/miumjau.ee\/wp-content\/uploads\/2022\/04\/MiuMjau-logo-kollane.png","contentUrl":"https:\/\/miumjau.ee\/wp-content\/uploads\/2022\/04\/MiuMjau-logo-kollane.png","width":219,"height":100,"caption":"MiuMjau O\u00dc"},"image":{"@id":"https:\/\/miumjau.ee\/#\/schema\/logo\/image\/"},"sameAs":["https:\/\/www.facebook.com\/miumjaupood\/"]}]}},"_links":{"self":[{"href":"https:\/\/miumjau.ee\/lv\/wp-json\/wp\/v2\/product\/52219","targetHints":{"allow":["GET"]}}],"collection":[{"href":"https:\/\/miumjau.ee\/lv\/wp-json\/wp\/v2\/product"}],"about":[{"href":"https:\/\/miumjau.ee\/lv\/wp-json\/wp\/v2\/types\/product"}],"wp:featuredmedia":[{"embeddable":true,"href":"https:\/\/miumjau.ee\/lv\/wp-json\/wp\/v2\/media\/52218"}],"wp:attachment":[{"href":"https:\/\/miumjau.ee\/lv\/wp-json\/wp\/v2\/media?parent=52219"}],"wp:term":[{"taxonomy":"product_brand","embeddable":true,"href":"https:\/\/miumjau.ee\/lv\/wp-json\/wp\/v2\/product_brand?post=52219"},{"taxonomy":"product_cat","embeddable":true,"href":"https:\/\/miumjau.ee\/lv\/wp-json\/wp\/v2\/product_cat?post=52219"},{"taxonomy":"product_tag","embeddable":true,"href":"https:\/\/miumjau.ee\/lv\/wp-json\/wp\/v2\/product_tag?post=52219"}],"curies":[{"name":"wp","href":"https:\/\/api.w.org\/{rel}","templated":true}]}}