{"id":52211,"date":"2024-11-06T19:59:31","date_gmt":"2024-11-06T17:59:31","guid":{"rendered":"https:\/\/miumjau.ee\/toode\/platinum-meatcrisp-sterilised-adult-chicken-3kg\/"},"modified":"2024-11-06T19:59:31","modified_gmt":"2024-11-06T17:59:31","slug":"platinum-meatcrisp-sterilised-adult-chicken-3kg","status":"publish","type":"product","link":"https:\/\/miumjau.ee\/lv\/produkts\/platinum-meatcrisp-sterilised-adult-chicken-3kg\/","title":{"rendered":"Platinum MeatCrisp Sterilised Adult Chicken, 3kg"},"content":{"rendered":"","protected":false},"excerpt":{"rendered":"<p data-start=\"127\" data-end=\"207\"><strong data-start=\"127\" data-end=\"205\">MeatCrisp \u2013 pirm\u0101 pilnv\u0113rt\u012bg\u0101 ka\u0137u bar\u012bba, kas pagatavota no \u017e\u0101v\u0113tas ga\u013cas<\/strong><\/p>\n<p data-start=\"209\" data-end=\"569\">MeatCrisp satur svaigas ga\u013cas dabiskos mikroelementus un aminosk\u0101bes, padarot to par lab\u0101ku alternat\u012bvu ka\u0137a dabiskajam med\u012bjumam nek\u0101 liel\u0101k\u0101 da\u013ca parasto ka\u0137u bar\u012bbu. Ka\u0137i, kas \u0113d MeatCrisp, j\u016btas mier\u012bg\u0101ki un laim\u012bg\u0101ki. Krauk\u0161\u0137\u012bgais gabali\u0146\u0161 un ga\u013c\u012bg\u0101 gar\u0161a padara MeatCrisp tik gardu, ka ka\u0137is nev\u0113las neko citu \u0113st. MeatCrisp nesatur vilino\u0161as piedevas.<\/p>\n<p data-start=\"571\" data-end=\"601\"><strong data-start=\"571\" data-end=\"599\">MeatCrisp priek\u0161roc\u012bbas:<\/strong><\/p>\n<ul data-start=\"602\" data-end=\"794\">\n<li data-start=\"602\" data-end=\"641\">\n<p data-start=\"604\" data-end=\"641\">83% svaigas ga\u013cas (nav ga\u013cas miltu)<\/p>\n<\/li>\n<li data-start=\"642\" data-end=\"665\">\n<p data-start=\"644\" data-end=\"665\">dab\u012bgas sast\u0101vda\u013cas<\/p>\n<\/li>\n<li data-start=\"666\" data-end=\"692\">\n<p data-start=\"668\" data-end=\"692\">bez vilino\u0161\u0101m piedev\u0101m<\/p>\n<\/li>\n<li data-start=\"693\" data-end=\"728\">\n<p data-start=\"695\" data-end=\"728\">bez glut\u0113nu saturo\u0161iem graudiem<\/p>\n<\/li>\n<li data-start=\"729\" data-end=\"763\">\n<p data-start=\"731\" data-end=\"763\">barojo\u0161s un viegli sagremojams<\/p>\n<\/li>\n<li data-start=\"764\" data-end=\"794\">\n<p data-start=\"766\" data-end=\"794\">optimiz\u0113ts taur\u012bna l\u012bmenis<\/p>\n<\/li>\n<\/ul>\n<p data-start=\"796\" data-end=\"984\"><strong data-start=\"796\" data-end=\"808\">Sast\u0101vs:<\/strong> Svaiga vistas ga\u013ca 83%, kukur\u016bzas milti, svaiga lasis, kartupe\u013ci*, zir\u0146i* un r\u012bsi, alus raugs*, augu \u0161\u0137iedra*, ola*, s\u0101ls, lasis e\u013c\u013ca, di\u017esk\u0101bar\u017ea sakne* (FOS). (*dehidr\u0113ts)<\/p>\n<p data-start=\"986\" data-end=\"1102\"><strong data-start=\"986\" data-end=\"1014\">Anal\u012btisk\u0101s sast\u0101vda\u013cas:<\/strong> Olbaltumvielas 36%, \u0161\u0137iedrvielas 3%, tauki 11%, kalcijs 1,1%, pelni 6,9%, fosfors 1%.<\/p>\n<p data-start=\"1104\" data-end=\"1147\"><strong data-start=\"1104\" data-end=\"1128\">Ener\u0123\u0113tisk\u0101 v\u0113rt\u012bba:<\/strong> 356 kcal \/ 100 g<\/p>\n","protected":false},"featured_media":52212,"template":"","meta":[],"product_brand":[],"product_cat":[569],"product_tag":[],"class_list":{"0":"post-52211","1":"product","2":"type-product","3":"status-publish","4":"has-post-thumbnail","6":"product_cat-sausa-bariba","8":"first","9":"instock","10":"taxable","11":"shipping-taxable","12":"purchasable","13":"product-type-simple"},"yoast_head":"<!-- This site is optimized with the Yoast SEO plugin v27.2 - https:\/\/yoast.com\/product\/yoast-seo-wordpress\/ -->\n<title>Platinum MeatCrisp Sterilised Adult Chicken, 3kg - MiuMjau<\/title>\n<meta name=\"robots\" content=\"index, follow, max-snippet:-1, max-image-preview:large, max-video-preview:-1\" \/>\n<link rel=\"canonical\" href=\"https:\/\/miumjau.ee\/lv\/produkts\/platinum-meatcrisp-sterilised-adult-chicken-3kg\/\" \/>\n<meta property=\"og:locale\" content=\"lv_LV\" \/>\n<meta property=\"og:type\" content=\"article\" \/>\n<meta property=\"og:title\" content=\"Platinum MeatCrisp Sterilised Adult Chicken, 3kg - MiuMjau\" \/>\n<meta property=\"og:description\" content=\"MeatCrisp \u2013 pirm\u0101 pilnv\u0113rt\u012bg\u0101 ka\u0137u bar\u012bba, kas pagatavota no \u017e\u0101v\u0113tas ga\u013cas MeatCrisp satur svaigas ga\u013cas dabiskos mikroelementus un aminosk\u0101bes, padarot to par lab\u0101ku alternat\u012bvu ka\u0137a dabiskajam med\u012bjumam nek\u0101 liel\u0101k\u0101 da\u013ca parasto ka\u0137u bar\u012bbu. Ka\u0137i, kas \u0113d MeatCrisp, j\u016btas mier\u012bg\u0101ki un laim\u012bg\u0101ki. Krauk\u0161\u0137\u012bgais gabali\u0146\u0161 un ga\u013c\u012bg\u0101 gar\u0161a padara MeatCrisp tik gardu, ka ka\u0137is nev\u0113las neko citu \u0113st. MeatCrisp nesatur vilino\u0161as piedevas. MeatCrisp priek\u0161roc\u012bbas:     83% svaigas ga\u013cas (nav ga\u013cas miltu)    dab\u012bgas sast\u0101vda\u013cas    bez vilino\u0161\u0101m piedev\u0101m    bez glut\u0113nu saturo\u0161iem graudiem    barojo\u0161s un viegli sagremojams    optimiz\u0113ts taur\u012bna l\u012bmenis   Sast\u0101vs: Svaiga vistas ga\u013ca 83%, kukur\u016bzas milti, svaiga lasis, kartupe\u013ci*, zir\u0146i* un r\u012bsi, alus raugs*, augu \u0161\u0137iedra*, ola*, s\u0101ls, lasis e\u013c\u013ca, di\u017esk\u0101bar\u017ea sakne* (FOS). (*dehidr\u0113ts) Anal\u012btisk\u0101s sast\u0101vda\u013cas: Olbaltumvielas 36%, \u0161\u0137iedrvielas 3%, tauki 11%, kalcijs 1,1%, pelni 6,9%, fosfors 1%. Ener\u0123\u0113tisk\u0101 v\u0113rt\u012bba: 356 kcal \/ 100 g\" \/>\n<meta property=\"og:url\" content=\"https:\/\/miumjau.ee\/lv\/produkts\/platinum-meatcrisp-sterilised-adult-chicken-3kg\/\" \/>\n<meta property=\"og:site_name\" content=\"MiuMjau\" \/>\n<meta property=\"article:publisher\" content=\"https:\/\/www.facebook.com\/miumjaupood\/\" \/>\n<meta property=\"og:image\" content=\"https:\/\/miumjau.ee\/wp-content\/uploads\/2024\/11\/platinum-kuivtoit-pood8.jpg\" \/>\n\t<meta property=\"og:image:width\" content=\"600\" \/>\n\t<meta property=\"og:image:height\" content=\"800\" \/>\n\t<meta property=\"og:image:type\" content=\"image\/jpeg\" \/>\n<meta name=\"twitter:card\" content=\"summary_large_image\" \/>\n<script type=\"application\/ld+json\" class=\"yoast-schema-graph\">{\"@context\":\"https:\/\/schema.org\",\"@graph\":[{\"@type\":\"WebPage\",\"@id\":\"https:\/\/miumjau.ee\/lv\/produkts\/platinum-meatcrisp-sterilised-adult-chicken-3kg\/\",\"url\":\"https:\/\/miumjau.ee\/lv\/produkts\/platinum-meatcrisp-sterilised-adult-chicken-3kg\/\",\"name\":\"Platinum MeatCrisp Sterilised Adult Chicken, 3kg - MiuMjau\",\"isPartOf\":{\"@id\":\"https:\/\/miumjau.ee\/#website\"},\"primaryImageOfPage\":{\"@id\":\"https:\/\/miumjau.ee\/lv\/produkts\/platinum-meatcrisp-sterilised-adult-chicken-3kg\/#primaryimage\"},\"image\":{\"@id\":\"https:\/\/miumjau.ee\/lv\/produkts\/platinum-meatcrisp-sterilised-adult-chicken-3kg\/#primaryimage\"},\"thumbnailUrl\":\"https:\/\/miumjau.ee\/wp-content\/uploads\/2024\/11\/platinum-kuivtoit-pood8.jpg\",\"datePublished\":\"2024-11-06T17:59:31+00:00\",\"breadcrumb\":{\"@id\":\"https:\/\/miumjau.ee\/lv\/produkts\/platinum-meatcrisp-sterilised-adult-chicken-3kg\/#breadcrumb\"},\"inLanguage\":\"lv-LV\",\"potentialAction\":[{\"@type\":\"ReadAction\",\"target\":[\"https:\/\/miumjau.ee\/lv\/produkts\/platinum-meatcrisp-sterilised-adult-chicken-3kg\/\"]}]},{\"@type\":\"ImageObject\",\"inLanguage\":\"lv-LV\",\"@id\":\"https:\/\/miumjau.ee\/lv\/produkts\/platinum-meatcrisp-sterilised-adult-chicken-3kg\/#primaryimage\",\"url\":\"https:\/\/miumjau.ee\/wp-content\/uploads\/2024\/11\/platinum-kuivtoit-pood8.jpg\",\"contentUrl\":\"https:\/\/miumjau.ee\/wp-content\/uploads\/2024\/11\/platinum-kuivtoit-pood8.jpg\",\"width\":600,\"height\":800},{\"@type\":\"BreadcrumbList\",\"@id\":\"https:\/\/miumjau.ee\/lv\/produkts\/platinum-meatcrisp-sterilised-adult-chicken-3kg\/#breadcrumb\",\"itemListElement\":[{\"@type\":\"ListItem\",\"position\":1,\"name\":\"Home\",\"item\":\"https:\/\/miumjau.ee\/lv\/\"},{\"@type\":\"ListItem\",\"position\":2,\"name\":\"Veikals\",\"item\":\"https:\/\/miumjau.ee\/lv\/veikals\/\"},{\"@type\":\"ListItem\",\"position\":3,\"name\":\"Platinum MeatCrisp Sterilised Adult Chicken, 3kg\"}]},{\"@type\":\"WebSite\",\"@id\":\"https:\/\/miumjau.ee\/#website\",\"url\":\"https:\/\/miumjau.ee\/\",\"name\":\"MiuMjau\",\"description\":\"Kraapimispuud kassidele\",\"publisher\":{\"@id\":\"https:\/\/miumjau.ee\/#organization\"},\"potentialAction\":[{\"@type\":\"SearchAction\",\"target\":{\"@type\":\"EntryPoint\",\"urlTemplate\":\"https:\/\/miumjau.ee\/?s={search_term_string}\"},\"query-input\":{\"@type\":\"PropertyValueSpecification\",\"valueRequired\":true,\"valueName\":\"search_term_string\"}}],\"inLanguage\":\"lv-LV\"},{\"@type\":\"Organization\",\"@id\":\"https:\/\/miumjau.ee\/#organization\",\"name\":\"MiuMjau O\u00dc\",\"url\":\"https:\/\/miumjau.ee\/\",\"logo\":{\"@type\":\"ImageObject\",\"inLanguage\":\"lv-LV\",\"@id\":\"https:\/\/miumjau.ee\/#\/schema\/logo\/image\/\",\"url\":\"https:\/\/miumjau.ee\/wp-content\/uploads\/2022\/04\/MiuMjau-logo-kollane.png\",\"contentUrl\":\"https:\/\/miumjau.ee\/wp-content\/uploads\/2022\/04\/MiuMjau-logo-kollane.png\",\"width\":219,\"height\":100,\"caption\":\"MiuMjau O\u00dc\"},\"image\":{\"@id\":\"https:\/\/miumjau.ee\/#\/schema\/logo\/image\/\"},\"sameAs\":[\"https:\/\/www.facebook.com\/miumjaupood\/\"]}]}<\/script>\n<!-- \/ Yoast SEO plugin. -->","yoast_head_json":{"title":"Platinum MeatCrisp Sterilised Adult Chicken, 3kg - MiuMjau","robots":{"index":"index","follow":"follow","max-snippet":"max-snippet:-1","max-image-preview":"max-image-preview:large","max-video-preview":"max-video-preview:-1"},"canonical":"https:\/\/miumjau.ee\/lv\/produkts\/platinum-meatcrisp-sterilised-adult-chicken-3kg\/","og_locale":"lv_LV","og_type":"article","og_title":"Platinum MeatCrisp Sterilised Adult Chicken, 3kg - MiuMjau","og_description":"MeatCrisp \u2013 pirm\u0101 pilnv\u0113rt\u012bg\u0101 ka\u0137u bar\u012bba, kas pagatavota no \u017e\u0101v\u0113tas ga\u013cas MeatCrisp satur svaigas ga\u013cas dabiskos mikroelementus un aminosk\u0101bes, padarot to par lab\u0101ku alternat\u012bvu ka\u0137a dabiskajam med\u012bjumam nek\u0101 liel\u0101k\u0101 da\u013ca parasto ka\u0137u bar\u012bbu. Ka\u0137i, kas \u0113d MeatCrisp, j\u016btas mier\u012bg\u0101ki un laim\u012bg\u0101ki. Krauk\u0161\u0137\u012bgais gabali\u0146\u0161 un ga\u013c\u012bg\u0101 gar\u0161a padara MeatCrisp tik gardu, ka ka\u0137is nev\u0113las neko citu \u0113st. MeatCrisp nesatur vilino\u0161as piedevas. MeatCrisp priek\u0161roc\u012bbas:     83% svaigas ga\u013cas (nav ga\u013cas miltu)    dab\u012bgas sast\u0101vda\u013cas    bez vilino\u0161\u0101m piedev\u0101m    bez glut\u0113nu saturo\u0161iem graudiem    barojo\u0161s un viegli sagremojams    optimiz\u0113ts taur\u012bna l\u012bmenis   Sast\u0101vs: Svaiga vistas ga\u013ca 83%, kukur\u016bzas milti, svaiga lasis, kartupe\u013ci*, zir\u0146i* un r\u012bsi, alus raugs*, augu \u0161\u0137iedra*, ola*, s\u0101ls, lasis e\u013c\u013ca, di\u017esk\u0101bar\u017ea sakne* (FOS). (*dehidr\u0113ts) Anal\u012btisk\u0101s sast\u0101vda\u013cas: Olbaltumvielas 36%, \u0161\u0137iedrvielas 3%, tauki 11%, kalcijs 1,1%, pelni 6,9%, fosfors 1%. Ener\u0123\u0113tisk\u0101 v\u0113rt\u012bba: 356 kcal \/ 100 g","og_url":"https:\/\/miumjau.ee\/lv\/produkts\/platinum-meatcrisp-sterilised-adult-chicken-3kg\/","og_site_name":"MiuMjau","article_publisher":"https:\/\/www.facebook.com\/miumjaupood\/","og_image":[{"width":600,"height":800,"url":"https:\/\/miumjau.ee\/wp-content\/uploads\/2024\/11\/platinum-kuivtoit-pood8.jpg","type":"image\/jpeg"}],"twitter_card":"summary_large_image","schema":{"@context":"https:\/\/schema.org","@graph":[{"@type":"WebPage","@id":"https:\/\/miumjau.ee\/lv\/produkts\/platinum-meatcrisp-sterilised-adult-chicken-3kg\/","url":"https:\/\/miumjau.ee\/lv\/produkts\/platinum-meatcrisp-sterilised-adult-chicken-3kg\/","name":"Platinum MeatCrisp Sterilised Adult Chicken, 3kg - MiuMjau","isPartOf":{"@id":"https:\/\/miumjau.ee\/#website"},"primaryImageOfPage":{"@id":"https:\/\/miumjau.ee\/lv\/produkts\/platinum-meatcrisp-sterilised-adult-chicken-3kg\/#primaryimage"},"image":{"@id":"https:\/\/miumjau.ee\/lv\/produkts\/platinum-meatcrisp-sterilised-adult-chicken-3kg\/#primaryimage"},"thumbnailUrl":"https:\/\/miumjau.ee\/wp-content\/uploads\/2024\/11\/platinum-kuivtoit-pood8.jpg","datePublished":"2024-11-06T17:59:31+00:00","breadcrumb":{"@id":"https:\/\/miumjau.ee\/lv\/produkts\/platinum-meatcrisp-sterilised-adult-chicken-3kg\/#breadcrumb"},"inLanguage":"lv-LV","potentialAction":[{"@type":"ReadAction","target":["https:\/\/miumjau.ee\/lv\/produkts\/platinum-meatcrisp-sterilised-adult-chicken-3kg\/"]}]},{"@type":"ImageObject","inLanguage":"lv-LV","@id":"https:\/\/miumjau.ee\/lv\/produkts\/platinum-meatcrisp-sterilised-adult-chicken-3kg\/#primaryimage","url":"https:\/\/miumjau.ee\/wp-content\/uploads\/2024\/11\/platinum-kuivtoit-pood8.jpg","contentUrl":"https:\/\/miumjau.ee\/wp-content\/uploads\/2024\/11\/platinum-kuivtoit-pood8.jpg","width":600,"height":800},{"@type":"BreadcrumbList","@id":"https:\/\/miumjau.ee\/lv\/produkts\/platinum-meatcrisp-sterilised-adult-chicken-3kg\/#breadcrumb","itemListElement":[{"@type":"ListItem","position":1,"name":"Home","item":"https:\/\/miumjau.ee\/lv\/"},{"@type":"ListItem","position":2,"name":"Veikals","item":"https:\/\/miumjau.ee\/lv\/veikals\/"},{"@type":"ListItem","position":3,"name":"Platinum MeatCrisp Sterilised Adult Chicken, 3kg"}]},{"@type":"WebSite","@id":"https:\/\/miumjau.ee\/#website","url":"https:\/\/miumjau.ee\/","name":"MiuMjau","description":"Kraapimispuud kassidele","publisher":{"@id":"https:\/\/miumjau.ee\/#organization"},"potentialAction":[{"@type":"SearchAction","target":{"@type":"EntryPoint","urlTemplate":"https:\/\/miumjau.ee\/?s={search_term_string}"},"query-input":{"@type":"PropertyValueSpecification","valueRequired":true,"valueName":"search_term_string"}}],"inLanguage":"lv-LV"},{"@type":"Organization","@id":"https:\/\/miumjau.ee\/#organization","name":"MiuMjau O\u00dc","url":"https:\/\/miumjau.ee\/","logo":{"@type":"ImageObject","inLanguage":"lv-LV","@id":"https:\/\/miumjau.ee\/#\/schema\/logo\/image\/","url":"https:\/\/miumjau.ee\/wp-content\/uploads\/2022\/04\/MiuMjau-logo-kollane.png","contentUrl":"https:\/\/miumjau.ee\/wp-content\/uploads\/2022\/04\/MiuMjau-logo-kollane.png","width":219,"height":100,"caption":"MiuMjau O\u00dc"},"image":{"@id":"https:\/\/miumjau.ee\/#\/schema\/logo\/image\/"},"sameAs":["https:\/\/www.facebook.com\/miumjaupood\/"]}]}},"_links":{"self":[{"href":"https:\/\/miumjau.ee\/lv\/wp-json\/wp\/v2\/product\/52211","targetHints":{"allow":["GET"]}}],"collection":[{"href":"https:\/\/miumjau.ee\/lv\/wp-json\/wp\/v2\/product"}],"about":[{"href":"https:\/\/miumjau.ee\/lv\/wp-json\/wp\/v2\/types\/product"}],"wp:featuredmedia":[{"embeddable":true,"href":"https:\/\/miumjau.ee\/lv\/wp-json\/wp\/v2\/media\/52212"}],"wp:attachment":[{"href":"https:\/\/miumjau.ee\/lv\/wp-json\/wp\/v2\/media?parent=52211"}],"wp:term":[{"taxonomy":"product_brand","embeddable":true,"href":"https:\/\/miumjau.ee\/lv\/wp-json\/wp\/v2\/product_brand?post=52211"},{"taxonomy":"product_cat","embeddable":true,"href":"https:\/\/miumjau.ee\/lv\/wp-json\/wp\/v2\/product_cat?post=52211"},{"taxonomy":"product_tag","embeddable":true,"href":"https:\/\/miumjau.ee\/lv\/wp-json\/wp\/v2\/product_tag?post=52211"}],"curies":[{"name":"wp","href":"https:\/\/api.w.org\/{rel}","templated":true}]}}