{"id":52207,"date":"2025-02-18T14:03:23","date_gmt":"2025-02-18T12:03:23","guid":{"rendered":"https:\/\/miumjau.ee\/toode\/brit-care-adult-activity-support-grainfree-2kg\/"},"modified":"2025-02-18T14:03:23","modified_gmt":"2025-02-18T12:03:23","slug":"brit-care-adult-activity-support-grainfree-2kg","status":"publish","type":"product","link":"https:\/\/miumjau.ee\/lv\/produkts\/brit-care-adult-activity-support-grainfree-2kg\/","title":{"rendered":"Brit Care Adult Activity Support, grainfree 2kg"},"content":{"rendered":"","protected":false},"excerpt":{"rendered":"<p data-start=\"112\" data-end=\"208\"><strong data-start=\"112\" data-end=\"206\">Brit Care Activity Support \u2013 hipoaler\u0123iska un bezgraudu bar\u012bba akt\u012bviem pieaugu\u0161iem ka\u0137iem<\/strong><\/p>\n<p data-start=\"210\" data-end=\"439\">Hipoaler\u0123iska un bezgraudu bar\u012bba akt\u012bviem pieaugu\u0161iem ka\u0137iem. Augstas kvalit\u0101tes olbaltumvielas pal\u012bdz saglab\u0101t sp\u0113c\u012bgus un slaidus musku\u013cus, savuk\u0101rt optim\u0101ls vitam\u012bnu un miner\u0101lvielu daudzums nodro\u0161ina nepiecie\u0161amo ener\u0123iju.<\/p>\n<p data-start=\"441\" data-end=\"922\">\ud83d\udd39 <strong data-start=\"444\" data-end=\"473\">Veselas loc\u012btavas un zobi<\/strong> \u2013 hondroprotektori un kalcijs atbalsta kaulus un loc\u012btavas.<br data-start=\"533\" data-end=\"536\" \/>\ud83d\udd39 <strong data-start=\"539\" data-end=\"564\">Sirds un acu vesel\u012bba<\/strong> \u2013 taur\u012bns pal\u012bdz saglab\u0101t labu redzi un stiprina sirdi.<br data-start=\"620\" data-end=\"623\" \/>\ud83d\udd39 <strong data-start=\"626\" data-end=\"660\">Sp\u0113c\u012bga imunit\u0101te un gremo\u0161ana<\/strong> \u2013 probiotikas un prebiotikas atbalsta gremo\u0161anu un aizsarg\u0101 no slim\u012bb\u0101m.<br data-start=\"733\" data-end=\"736\" \/>\ud83d\udd39 <strong data-start=\"739\" data-end=\"764\">Dabiski superprodukti<\/strong> \u2013 aug\u013ci, ogas un \u0101rstniec\u012bbas augi veicina ilgm\u016b\u017e\u012bbu un labkl\u0101j\u012bbu.<br data-start=\"832\" data-end=\"835\" \/>\ud83d\udd39 <strong data-start=\"838\" data-end=\"857\">Dro\u0161a un dab\u012bga<\/strong> \u2013 nesatur graudus, m\u0101ksl\u012bg\u0101s kr\u0101svielas, konservantus vai \u0122MO.<\/p>\n<p data-start=\"924\" data-end=\"1141\"><strong data-start=\"924\" data-end=\"940\">Sast\u0101vda\u013cas:<\/strong> Dehidr\u0113ta t\u012btara ga\u013ca (28%), svaiga vista (26%), dzeltenie zir\u0146i (16%), putnu tauki (13%), kikur\u016bzas pupas, la\u0161a e\u013c\u013ca, kanamaks, lins\u0113klas, dz\u0113rvenes, p\u012bl\u0101d\u017ei, glikozam\u012bns, hondroit\u012bns, probiotikas.<\/p>\n<p data-start=\"1143\" data-end=\"1261\"><strong data-start=\"1143\" data-end=\"1155\">Anal\u012bze:<\/strong> Olbaltumvielas 34%, tauki 18%, \u0161\u0137iedrvielas 1%, kalcijs 1,2%, fosfors 0,9%, Omega-3 0,3%, Omega-6 2,0%.<\/p>\n<p data-start=\"1263\" data-end=\"1423\"><strong data-start=\"1263\" data-end=\"1291\">Uzglab\u0101\u0161ana un baro\u0161ana:<\/strong> Pasniedz saus\u0101 veid\u0101 vai viegli samitrin\u0101tu. Piel\u0101go porciju atbilsto\u0161i ka\u0137a aktivit\u0101tei. Vienm\u0113r nodro\u0161ini svaigu dzeramo \u016bdeni.<\/p>\n<p data-start=\"1425\" data-end=\"1490\">\ud83c\udfc6 <strong data-start=\"1428\" data-end=\"1488\">Sp\u0113c\u012bgs un ener\u0123isks ka\u0137is \u2013 Brit Care Activity Support!<\/strong><\/p>\n","protected":false},"featured_media":49664,"template":"","meta":[],"product_brand":[],"product_cat":[569],"product_tag":[],"class_list":{"0":"post-52207","1":"product","2":"type-product","3":"status-publish","4":"has-post-thumbnail","6":"product_cat-sausa-bariba","8":"first","9":"instock","10":"taxable","11":"shipping-taxable","12":"purchasable","13":"product-type-simple"},"yoast_head":"<!-- This site is optimized with the Yoast SEO plugin v27.2 - https:\/\/yoast.com\/product\/yoast-seo-wordpress\/ -->\n<title>Brit Care Adult Activity Support, grainfree 2kg - MiuMjau<\/title>\n<meta name=\"robots\" content=\"index, follow, max-snippet:-1, max-image-preview:large, max-video-preview:-1\" \/>\n<link rel=\"canonical\" href=\"https:\/\/miumjau.ee\/lv\/produkts\/brit-care-adult-activity-support-grainfree-2kg\/\" \/>\n<meta property=\"og:locale\" content=\"lv_LV\" \/>\n<meta property=\"og:type\" content=\"article\" \/>\n<meta property=\"og:title\" content=\"Brit Care Adult Activity Support, grainfree 2kg - MiuMjau\" \/>\n<meta property=\"og:description\" content=\"Brit Care Activity Support \u2013 hipoaler\u0123iska un bezgraudu bar\u012bba akt\u012bviem pieaugu\u0161iem ka\u0137iem Hipoaler\u0123iska un bezgraudu bar\u012bba akt\u012bviem pieaugu\u0161iem ka\u0137iem. Augstas kvalit\u0101tes olbaltumvielas pal\u012bdz saglab\u0101t sp\u0113c\u012bgus un slaidus musku\u013cus, savuk\u0101rt optim\u0101ls vitam\u012bnu un miner\u0101lvielu daudzums nodro\u0161ina nepiecie\u0161amo ener\u0123iju. \ud83d\udd39 Veselas loc\u012btavas un zobi \u2013 hondroprotektori un kalcijs atbalsta kaulus un loc\u012btavas.\ud83d\udd39 Sirds un acu vesel\u012bba \u2013 taur\u012bns pal\u012bdz saglab\u0101t labu redzi un stiprina sirdi.\ud83d\udd39 Sp\u0113c\u012bga imunit\u0101te un gremo\u0161ana \u2013 probiotikas un prebiotikas atbalsta gremo\u0161anu un aizsarg\u0101 no slim\u012bb\u0101m.\ud83d\udd39 Dabiski superprodukti \u2013 aug\u013ci, ogas un \u0101rstniec\u012bbas augi veicina ilgm\u016b\u017e\u012bbu un labkl\u0101j\u012bbu.\ud83d\udd39 Dro\u0161a un dab\u012bga \u2013 nesatur graudus, m\u0101ksl\u012bg\u0101s kr\u0101svielas, konservantus vai \u0122MO. Sast\u0101vda\u013cas: Dehidr\u0113ta t\u012btara ga\u013ca (28%), svaiga vista (26%), dzeltenie zir\u0146i (16%), putnu tauki (13%), kikur\u016bzas pupas, la\u0161a e\u013c\u013ca, kanamaks, lins\u0113klas, dz\u0113rvenes, p\u012bl\u0101d\u017ei, glikozam\u012bns, hondroit\u012bns, probiotikas. Anal\u012bze: Olbaltumvielas 34%, tauki 18%, \u0161\u0137iedrvielas 1%, kalcijs 1,2%, fosfors 0,9%, Omega-3 0,3%, Omega-6 2,0%. Uzglab\u0101\u0161ana un baro\u0161ana: Pasniedz saus\u0101 veid\u0101 vai viegli samitrin\u0101tu. Piel\u0101go porciju atbilsto\u0161i ka\u0137a aktivit\u0101tei. Vienm\u0113r nodro\u0161ini svaigu dzeramo \u016bdeni. \ud83c\udfc6 Sp\u0113c\u012bgs un ener\u0123isks ka\u0137is \u2013 Brit Care Activity Support!\" \/>\n<meta property=\"og:url\" content=\"https:\/\/miumjau.ee\/lv\/produkts\/brit-care-adult-activity-support-grainfree-2kg\/\" \/>\n<meta property=\"og:site_name\" content=\"MiuMjau\" \/>\n<meta property=\"article:publisher\" content=\"https:\/\/www.facebook.com\/miumjaupood\/\" \/>\n<meta property=\"og:image\" content=\"https:\/\/miumjau.ee\/wp-content\/uploads\/2025\/02\/brit-care-kuivtoit-kassile-activity-support.jpg\" \/>\n\t<meta property=\"og:image:width\" content=\"600\" \/>\n\t<meta property=\"og:image:height\" content=\"800\" \/>\n\t<meta property=\"og:image:type\" content=\"image\/jpeg\" \/>\n<meta name=\"twitter:card\" content=\"summary_large_image\" \/>\n<script type=\"application\/ld+json\" class=\"yoast-schema-graph\">{\"@context\":\"https:\/\/schema.org\",\"@graph\":[{\"@type\":\"WebPage\",\"@id\":\"https:\/\/miumjau.ee\/lv\/produkts\/brit-care-adult-activity-support-grainfree-2kg\/\",\"url\":\"https:\/\/miumjau.ee\/lv\/produkts\/brit-care-adult-activity-support-grainfree-2kg\/\",\"name\":\"Brit Care Adult Activity Support, grainfree 2kg - MiuMjau\",\"isPartOf\":{\"@id\":\"https:\/\/miumjau.ee\/#website\"},\"primaryImageOfPage\":{\"@id\":\"https:\/\/miumjau.ee\/lv\/produkts\/brit-care-adult-activity-support-grainfree-2kg\/#primaryimage\"},\"image\":{\"@id\":\"https:\/\/miumjau.ee\/lv\/produkts\/brit-care-adult-activity-support-grainfree-2kg\/#primaryimage\"},\"thumbnailUrl\":\"https:\/\/miumjau.ee\/wp-content\/uploads\/2025\/02\/brit-care-kuivtoit-kassile-activity-support.jpg\",\"datePublished\":\"2025-02-18T12:03:23+00:00\",\"breadcrumb\":{\"@id\":\"https:\/\/miumjau.ee\/lv\/produkts\/brit-care-adult-activity-support-grainfree-2kg\/#breadcrumb\"},\"inLanguage\":\"lv-LV\",\"potentialAction\":[{\"@type\":\"ReadAction\",\"target\":[\"https:\/\/miumjau.ee\/lv\/produkts\/brit-care-adult-activity-support-grainfree-2kg\/\"]}]},{\"@type\":\"ImageObject\",\"inLanguage\":\"lv-LV\",\"@id\":\"https:\/\/miumjau.ee\/lv\/produkts\/brit-care-adult-activity-support-grainfree-2kg\/#primaryimage\",\"url\":\"https:\/\/miumjau.ee\/wp-content\/uploads\/2025\/02\/brit-care-kuivtoit-kassile-activity-support.jpg\",\"contentUrl\":\"https:\/\/miumjau.ee\/wp-content\/uploads\/2025\/02\/brit-care-kuivtoit-kassile-activity-support.jpg\",\"width\":600,\"height\":800},{\"@type\":\"BreadcrumbList\",\"@id\":\"https:\/\/miumjau.ee\/lv\/produkts\/brit-care-adult-activity-support-grainfree-2kg\/#breadcrumb\",\"itemListElement\":[{\"@type\":\"ListItem\",\"position\":1,\"name\":\"Home\",\"item\":\"https:\/\/miumjau.ee\/lv\/\"},{\"@type\":\"ListItem\",\"position\":2,\"name\":\"Veikals\",\"item\":\"https:\/\/miumjau.ee\/lv\/veikals\/\"},{\"@type\":\"ListItem\",\"position\":3,\"name\":\"Brit Care Adult Activity Support, grainfree 2kg\"}]},{\"@type\":\"WebSite\",\"@id\":\"https:\/\/miumjau.ee\/#website\",\"url\":\"https:\/\/miumjau.ee\/\",\"name\":\"MiuMjau\",\"description\":\"Kraapimispuud kassidele\",\"publisher\":{\"@id\":\"https:\/\/miumjau.ee\/#organization\"},\"potentialAction\":[{\"@type\":\"SearchAction\",\"target\":{\"@type\":\"EntryPoint\",\"urlTemplate\":\"https:\/\/miumjau.ee\/?s={search_term_string}\"},\"query-input\":{\"@type\":\"PropertyValueSpecification\",\"valueRequired\":true,\"valueName\":\"search_term_string\"}}],\"inLanguage\":\"lv-LV\"},{\"@type\":\"Organization\",\"@id\":\"https:\/\/miumjau.ee\/#organization\",\"name\":\"MiuMjau O\u00dc\",\"url\":\"https:\/\/miumjau.ee\/\",\"logo\":{\"@type\":\"ImageObject\",\"inLanguage\":\"lv-LV\",\"@id\":\"https:\/\/miumjau.ee\/#\/schema\/logo\/image\/\",\"url\":\"https:\/\/miumjau.ee\/wp-content\/uploads\/2022\/04\/MiuMjau-logo-kollane.png\",\"contentUrl\":\"https:\/\/miumjau.ee\/wp-content\/uploads\/2022\/04\/MiuMjau-logo-kollane.png\",\"width\":219,\"height\":100,\"caption\":\"MiuMjau O\u00dc\"},\"image\":{\"@id\":\"https:\/\/miumjau.ee\/#\/schema\/logo\/image\/\"},\"sameAs\":[\"https:\/\/www.facebook.com\/miumjaupood\/\"]}]}<\/script>\n<!-- \/ Yoast SEO plugin. -->","yoast_head_json":{"title":"Brit Care Adult Activity Support, grainfree 2kg - MiuMjau","robots":{"index":"index","follow":"follow","max-snippet":"max-snippet:-1","max-image-preview":"max-image-preview:large","max-video-preview":"max-video-preview:-1"},"canonical":"https:\/\/miumjau.ee\/lv\/produkts\/brit-care-adult-activity-support-grainfree-2kg\/","og_locale":"lv_LV","og_type":"article","og_title":"Brit Care Adult Activity Support, grainfree 2kg - MiuMjau","og_description":"Brit Care Activity Support \u2013 hipoaler\u0123iska un bezgraudu bar\u012bba akt\u012bviem pieaugu\u0161iem ka\u0137iem Hipoaler\u0123iska un bezgraudu bar\u012bba akt\u012bviem pieaugu\u0161iem ka\u0137iem. Augstas kvalit\u0101tes olbaltumvielas pal\u012bdz saglab\u0101t sp\u0113c\u012bgus un slaidus musku\u013cus, savuk\u0101rt optim\u0101ls vitam\u012bnu un miner\u0101lvielu daudzums nodro\u0161ina nepiecie\u0161amo ener\u0123iju. \ud83d\udd39 Veselas loc\u012btavas un zobi \u2013 hondroprotektori un kalcijs atbalsta kaulus un loc\u012btavas.\ud83d\udd39 Sirds un acu vesel\u012bba \u2013 taur\u012bns pal\u012bdz saglab\u0101t labu redzi un stiprina sirdi.\ud83d\udd39 Sp\u0113c\u012bga imunit\u0101te un gremo\u0161ana \u2013 probiotikas un prebiotikas atbalsta gremo\u0161anu un aizsarg\u0101 no slim\u012bb\u0101m.\ud83d\udd39 Dabiski superprodukti \u2013 aug\u013ci, ogas un \u0101rstniec\u012bbas augi veicina ilgm\u016b\u017e\u012bbu un labkl\u0101j\u012bbu.\ud83d\udd39 Dro\u0161a un dab\u012bga \u2013 nesatur graudus, m\u0101ksl\u012bg\u0101s kr\u0101svielas, konservantus vai \u0122MO. Sast\u0101vda\u013cas: Dehidr\u0113ta t\u012btara ga\u013ca (28%), svaiga vista (26%), dzeltenie zir\u0146i (16%), putnu tauki (13%), kikur\u016bzas pupas, la\u0161a e\u013c\u013ca, kanamaks, lins\u0113klas, dz\u0113rvenes, p\u012bl\u0101d\u017ei, glikozam\u012bns, hondroit\u012bns, probiotikas. Anal\u012bze: Olbaltumvielas 34%, tauki 18%, \u0161\u0137iedrvielas 1%, kalcijs 1,2%, fosfors 0,9%, Omega-3 0,3%, Omega-6 2,0%. Uzglab\u0101\u0161ana un baro\u0161ana: Pasniedz saus\u0101 veid\u0101 vai viegli samitrin\u0101tu. Piel\u0101go porciju atbilsto\u0161i ka\u0137a aktivit\u0101tei. Vienm\u0113r nodro\u0161ini svaigu dzeramo \u016bdeni. \ud83c\udfc6 Sp\u0113c\u012bgs un ener\u0123isks ka\u0137is \u2013 Brit Care Activity Support!","og_url":"https:\/\/miumjau.ee\/lv\/produkts\/brit-care-adult-activity-support-grainfree-2kg\/","og_site_name":"MiuMjau","article_publisher":"https:\/\/www.facebook.com\/miumjaupood\/","og_image":[{"width":600,"height":800,"url":"https:\/\/miumjau.ee\/wp-content\/uploads\/2025\/02\/brit-care-kuivtoit-kassile-activity-support.jpg","type":"image\/jpeg"}],"twitter_card":"summary_large_image","schema":{"@context":"https:\/\/schema.org","@graph":[{"@type":"WebPage","@id":"https:\/\/miumjau.ee\/lv\/produkts\/brit-care-adult-activity-support-grainfree-2kg\/","url":"https:\/\/miumjau.ee\/lv\/produkts\/brit-care-adult-activity-support-grainfree-2kg\/","name":"Brit Care Adult Activity Support, grainfree 2kg - MiuMjau","isPartOf":{"@id":"https:\/\/miumjau.ee\/#website"},"primaryImageOfPage":{"@id":"https:\/\/miumjau.ee\/lv\/produkts\/brit-care-adult-activity-support-grainfree-2kg\/#primaryimage"},"image":{"@id":"https:\/\/miumjau.ee\/lv\/produkts\/brit-care-adult-activity-support-grainfree-2kg\/#primaryimage"},"thumbnailUrl":"https:\/\/miumjau.ee\/wp-content\/uploads\/2025\/02\/brit-care-kuivtoit-kassile-activity-support.jpg","datePublished":"2025-02-18T12:03:23+00:00","breadcrumb":{"@id":"https:\/\/miumjau.ee\/lv\/produkts\/brit-care-adult-activity-support-grainfree-2kg\/#breadcrumb"},"inLanguage":"lv-LV","potentialAction":[{"@type":"ReadAction","target":["https:\/\/miumjau.ee\/lv\/produkts\/brit-care-adult-activity-support-grainfree-2kg\/"]}]},{"@type":"ImageObject","inLanguage":"lv-LV","@id":"https:\/\/miumjau.ee\/lv\/produkts\/brit-care-adult-activity-support-grainfree-2kg\/#primaryimage","url":"https:\/\/miumjau.ee\/wp-content\/uploads\/2025\/02\/brit-care-kuivtoit-kassile-activity-support.jpg","contentUrl":"https:\/\/miumjau.ee\/wp-content\/uploads\/2025\/02\/brit-care-kuivtoit-kassile-activity-support.jpg","width":600,"height":800},{"@type":"BreadcrumbList","@id":"https:\/\/miumjau.ee\/lv\/produkts\/brit-care-adult-activity-support-grainfree-2kg\/#breadcrumb","itemListElement":[{"@type":"ListItem","position":1,"name":"Home","item":"https:\/\/miumjau.ee\/lv\/"},{"@type":"ListItem","position":2,"name":"Veikals","item":"https:\/\/miumjau.ee\/lv\/veikals\/"},{"@type":"ListItem","position":3,"name":"Brit Care Adult Activity Support, grainfree 2kg"}]},{"@type":"WebSite","@id":"https:\/\/miumjau.ee\/#website","url":"https:\/\/miumjau.ee\/","name":"MiuMjau","description":"Kraapimispuud kassidele","publisher":{"@id":"https:\/\/miumjau.ee\/#organization"},"potentialAction":[{"@type":"SearchAction","target":{"@type":"EntryPoint","urlTemplate":"https:\/\/miumjau.ee\/?s={search_term_string}"},"query-input":{"@type":"PropertyValueSpecification","valueRequired":true,"valueName":"search_term_string"}}],"inLanguage":"lv-LV"},{"@type":"Organization","@id":"https:\/\/miumjau.ee\/#organization","name":"MiuMjau O\u00dc","url":"https:\/\/miumjau.ee\/","logo":{"@type":"ImageObject","inLanguage":"lv-LV","@id":"https:\/\/miumjau.ee\/#\/schema\/logo\/image\/","url":"https:\/\/miumjau.ee\/wp-content\/uploads\/2022\/04\/MiuMjau-logo-kollane.png","contentUrl":"https:\/\/miumjau.ee\/wp-content\/uploads\/2022\/04\/MiuMjau-logo-kollane.png","width":219,"height":100,"caption":"MiuMjau O\u00dc"},"image":{"@id":"https:\/\/miumjau.ee\/#\/schema\/logo\/image\/"},"sameAs":["https:\/\/www.facebook.com\/miumjaupood\/"]}]}},"_links":{"self":[{"href":"https:\/\/miumjau.ee\/lv\/wp-json\/wp\/v2\/product\/52207","targetHints":{"allow":["GET"]}}],"collection":[{"href":"https:\/\/miumjau.ee\/lv\/wp-json\/wp\/v2\/product"}],"about":[{"href":"https:\/\/miumjau.ee\/lv\/wp-json\/wp\/v2\/types\/product"}],"wp:featuredmedia":[{"embeddable":true,"href":"https:\/\/miumjau.ee\/lv\/wp-json\/wp\/v2\/media\/49664"}],"wp:attachment":[{"href":"https:\/\/miumjau.ee\/lv\/wp-json\/wp\/v2\/media?parent=52207"}],"wp:term":[{"taxonomy":"product_brand","embeddable":true,"href":"https:\/\/miumjau.ee\/lv\/wp-json\/wp\/v2\/product_brand?post=52207"},{"taxonomy":"product_cat","embeddable":true,"href":"https:\/\/miumjau.ee\/lv\/wp-json\/wp\/v2\/product_cat?post=52207"},{"taxonomy":"product_tag","embeddable":true,"href":"https:\/\/miumjau.ee\/lv\/wp-json\/wp\/v2\/product_tag?post=52207"}],"curies":[{"name":"wp","href":"https:\/\/api.w.org\/{rel}","templated":true}]}}