{"id":52203,"date":"2025-02-18T14:11:58","date_gmt":"2025-02-18T12:11:58","guid":{"rendered":"https:\/\/miumjau.ee\/toode\/brit-care-sensitive-turkey-salmon-grainfree-2kg\/"},"modified":"2025-02-18T14:11:58","modified_gmt":"2025-02-18T12:11:58","slug":"brit-care-sensitive-turkey-salmon-grainfree-2kg","status":"publish","type":"product","link":"https:\/\/miumjau.ee\/lv\/produkts\/brit-care-sensitive-turkey-salmon-grainfree-2kg\/","title":{"rendered":"Brit Care Sensitive Turkey &#038; Salmon, grainfree 2kg"},"content":{"rendered":"","protected":false},"excerpt":{"rendered":"<p data-start=\"112\" data-end=\"192\"><strong data-start=\"112\" data-end=\"190\">Brit Care Sensitive \u2013 hipoaler\u0123iska un bezgraudu bar\u012bba jut\u012bgai gremo\u0161anai<\/strong><\/p>\n<p data-start=\"194\" data-end=\"360\">Hipoaler\u0123iska un bezgraudu bar\u012bba ka\u0137iem ar jut\u012bgu gremo\u0161anu. Viegls sast\u0101vs nodro\u0161ina maksim\u0101lu uzturvielu uzs\u016bk\u0161anos un atbalsta gremo\u0161anu un visp\u0101r\u0113jo labsaj\u016btu.<\/p>\n<p data-start=\"362\" data-end=\"842\">\ud83d\udd39 <strong data-start=\"365\" data-end=\"388\">Gar\u0161\u012bga un barojo\u0161a<\/strong> \u2013 svaiga t\u012btara ga\u013ca un lasis apmierin\u0101s pat izv\u0113l\u012bg\u0101k\u0101 ka\u0137a apet\u012bti.<br data-start=\"458\" data-end=\"461\" \/>\ud83d\udd39 <strong data-start=\"464\" data-end=\"484\">Vesela gremo\u0161ana<\/strong> \u2013 probiotikas un antioksidanti atbalsta zarnu mikrofloru un imunit\u0101ti.<br data-start=\"555\" data-end=\"558\" \/>\ud83d\udd39 <strong data-start=\"561\" data-end=\"595\">Nieres un ur\u012bnce\u013cu aizsardz\u012bba<\/strong> \u2013 p\u012bl\u0101d\u017ei un zems magnija saturs pal\u012bdz uztur\u0113t optim\u0101lu ur\u012bna pH.<br data-start=\"662\" data-end=\"665\" \/>\ud83d\udd39 <strong data-start=\"668\" data-end=\"697\">Samazina nepat\u012bkamu smaku<\/strong> \u2013 jukas ekstrakts pal\u012bdz samazin\u0101t izk\u0101rn\u012bjumu smaku.<br data-start=\"751\" data-end=\"754\" \/>\ud83d\udd39 <strong data-start=\"757\" data-end=\"777\">Dro\u0161a un dabiska<\/strong> \u2013 nesatur graudus, m\u0101ksl\u012bg\u0101s kr\u0101svielas, konservantus vai \u0122MO.<\/p>\n<p data-start=\"844\" data-end=\"1045\"><strong data-start=\"844\" data-end=\"860\">Sast\u0101vda\u013cas:<\/strong> Svaiga t\u012btara ga\u013ca (26%), dehidr\u0113ts lasis (26%), dzeltenie zir\u0146i (16%), kikur\u016bzas pupas (11%), putnu tauki, sigurij\u016bras sakne, la\u0161a e\u013c\u013ca, alus raugs, p\u012bl\u0101d\u017ei, dz\u0113rvenes, probiotikas.<\/p>\n<p data-start=\"1047\" data-end=\"1167\"><strong data-start=\"1047\" data-end=\"1059\">Anal\u012bze:<\/strong> Olbaltumvielas 32%, tauki 16%, \u0161\u0137iedrvielas 1,5%, kalcijs 1,2%, fosfors 0,9%, Omega-3 0,5%, Omega-6 2,0%.<\/p>\n<p data-start=\"1169\" data-end=\"1330\"><strong data-start=\"1169\" data-end=\"1197\">Uzglab\u0101\u0161ana un baro\u0161ana:<\/strong> Pasniedz saus\u0101 veid\u0101 vai ar \u016bdeni samitrin\u0101tu. Piel\u0101go porciju atbilsto\u0161i ka\u0137a vajadz\u012bb\u0101m. Vienm\u0113r nodro\u0161ini svaigu dzeramo \u016bdeni.<\/p>\n<p data-start=\"1332\" data-end=\"1405\">\ud83d\udc3e <strong data-start=\"1335\" data-end=\"1403\">Maigai gremo\u0161anai un izsmalcin\u0101tai gaumei \u2013 Brit Care Sensitive!<\/strong><\/p>\n","protected":false},"featured_media":49660,"template":"","meta":[],"product_brand":[],"product_cat":[569],"product_tag":[],"class_list":{"0":"post-52203","1":"product","2":"type-product","3":"status-publish","4":"has-post-thumbnail","6":"product_cat-sausa-bariba","8":"first","9":"instock","10":"taxable","11":"shipping-taxable","12":"purchasable","13":"product-type-simple"},"yoast_head":"<!-- This site is optimized with the Yoast SEO plugin v27.2 - https:\/\/yoast.com\/product\/yoast-seo-wordpress\/ -->\n<title>Brit Care Sensitive Turkey &amp; Salmon, grainfree 2kg - MiuMjau<\/title>\n<meta name=\"robots\" content=\"index, follow, max-snippet:-1, max-image-preview:large, max-video-preview:-1\" \/>\n<link rel=\"canonical\" href=\"https:\/\/miumjau.ee\/lv\/produkts\/brit-care-sensitive-turkey-salmon-grainfree-2kg\/\" \/>\n<meta property=\"og:locale\" content=\"lv_LV\" \/>\n<meta property=\"og:type\" content=\"article\" \/>\n<meta property=\"og:title\" content=\"Brit Care Sensitive Turkey &amp; Salmon, grainfree 2kg - MiuMjau\" \/>\n<meta property=\"og:description\" content=\"Brit Care Sensitive \u2013 hipoaler\u0123iska un bezgraudu bar\u012bba jut\u012bgai gremo\u0161anai Hipoaler\u0123iska un bezgraudu bar\u012bba ka\u0137iem ar jut\u012bgu gremo\u0161anu. Viegls sast\u0101vs nodro\u0161ina maksim\u0101lu uzturvielu uzs\u016bk\u0161anos un atbalsta gremo\u0161anu un visp\u0101r\u0113jo labsaj\u016btu. \ud83d\udd39 Gar\u0161\u012bga un barojo\u0161a \u2013 svaiga t\u012btara ga\u013ca un lasis apmierin\u0101s pat izv\u0113l\u012bg\u0101k\u0101 ka\u0137a apet\u012bti.\ud83d\udd39 Vesela gremo\u0161ana \u2013 probiotikas un antioksidanti atbalsta zarnu mikrofloru un imunit\u0101ti.\ud83d\udd39 Nieres un ur\u012bnce\u013cu aizsardz\u012bba \u2013 p\u012bl\u0101d\u017ei un zems magnija saturs pal\u012bdz uztur\u0113t optim\u0101lu ur\u012bna pH.\ud83d\udd39 Samazina nepat\u012bkamu smaku \u2013 jukas ekstrakts pal\u012bdz samazin\u0101t izk\u0101rn\u012bjumu smaku.\ud83d\udd39 Dro\u0161a un dabiska \u2013 nesatur graudus, m\u0101ksl\u012bg\u0101s kr\u0101svielas, konservantus vai \u0122MO. Sast\u0101vda\u013cas: Svaiga t\u012btara ga\u013ca (26%), dehidr\u0113ts lasis (26%), dzeltenie zir\u0146i (16%), kikur\u016bzas pupas (11%), putnu tauki, sigurij\u016bras sakne, la\u0161a e\u013c\u013ca, alus raugs, p\u012bl\u0101d\u017ei, dz\u0113rvenes, probiotikas. Anal\u012bze: Olbaltumvielas 32%, tauki 16%, \u0161\u0137iedrvielas 1,5%, kalcijs 1,2%, fosfors 0,9%, Omega-3 0,5%, Omega-6 2,0%. Uzglab\u0101\u0161ana un baro\u0161ana: Pasniedz saus\u0101 veid\u0101 vai ar \u016bdeni samitrin\u0101tu. Piel\u0101go porciju atbilsto\u0161i ka\u0137a vajadz\u012bb\u0101m. Vienm\u0113r nodro\u0161ini svaigu dzeramo \u016bdeni. \ud83d\udc3e Maigai gremo\u0161anai un izsmalcin\u0101tai gaumei \u2013 Brit Care Sensitive!\" \/>\n<meta property=\"og:url\" content=\"https:\/\/miumjau.ee\/lv\/produkts\/brit-care-sensitive-turkey-salmon-grainfree-2kg\/\" \/>\n<meta property=\"og:site_name\" content=\"MiuMjau\" \/>\n<meta property=\"article:publisher\" content=\"https:\/\/www.facebook.com\/miumjaupood\/\" \/>\n<meta property=\"og:image\" content=\"https:\/\/miumjau.ee\/wp-content\/uploads\/2025\/02\/brit-care-kuivtoit-kassile-sensitive-healthy-digestion.jpg\" \/>\n\t<meta property=\"og:image:width\" content=\"600\" \/>\n\t<meta property=\"og:image:height\" content=\"800\" \/>\n\t<meta property=\"og:image:type\" content=\"image\/jpeg\" \/>\n<meta name=\"twitter:card\" content=\"summary_large_image\" \/>\n<script type=\"application\/ld+json\" class=\"yoast-schema-graph\">{\"@context\":\"https:\/\/schema.org\",\"@graph\":[{\"@type\":\"WebPage\",\"@id\":\"https:\/\/miumjau.ee\/lv\/produkts\/brit-care-sensitive-turkey-salmon-grainfree-2kg\/\",\"url\":\"https:\/\/miumjau.ee\/lv\/produkts\/brit-care-sensitive-turkey-salmon-grainfree-2kg\/\",\"name\":\"Brit Care Sensitive Turkey & Salmon, grainfree 2kg - MiuMjau\",\"isPartOf\":{\"@id\":\"https:\/\/miumjau.ee\/#website\"},\"primaryImageOfPage\":{\"@id\":\"https:\/\/miumjau.ee\/lv\/produkts\/brit-care-sensitive-turkey-salmon-grainfree-2kg\/#primaryimage\"},\"image\":{\"@id\":\"https:\/\/miumjau.ee\/lv\/produkts\/brit-care-sensitive-turkey-salmon-grainfree-2kg\/#primaryimage\"},\"thumbnailUrl\":\"https:\/\/miumjau.ee\/wp-content\/uploads\/2025\/02\/brit-care-kuivtoit-kassile-sensitive-healthy-digestion.jpg\",\"datePublished\":\"2025-02-18T12:11:58+00:00\",\"breadcrumb\":{\"@id\":\"https:\/\/miumjau.ee\/lv\/produkts\/brit-care-sensitive-turkey-salmon-grainfree-2kg\/#breadcrumb\"},\"inLanguage\":\"lv-LV\",\"potentialAction\":[{\"@type\":\"ReadAction\",\"target\":[\"https:\/\/miumjau.ee\/lv\/produkts\/brit-care-sensitive-turkey-salmon-grainfree-2kg\/\"]}]},{\"@type\":\"ImageObject\",\"inLanguage\":\"lv-LV\",\"@id\":\"https:\/\/miumjau.ee\/lv\/produkts\/brit-care-sensitive-turkey-salmon-grainfree-2kg\/#primaryimage\",\"url\":\"https:\/\/miumjau.ee\/wp-content\/uploads\/2025\/02\/brit-care-kuivtoit-kassile-sensitive-healthy-digestion.jpg\",\"contentUrl\":\"https:\/\/miumjau.ee\/wp-content\/uploads\/2025\/02\/brit-care-kuivtoit-kassile-sensitive-healthy-digestion.jpg\",\"width\":600,\"height\":800},{\"@type\":\"BreadcrumbList\",\"@id\":\"https:\/\/miumjau.ee\/lv\/produkts\/brit-care-sensitive-turkey-salmon-grainfree-2kg\/#breadcrumb\",\"itemListElement\":[{\"@type\":\"ListItem\",\"position\":1,\"name\":\"Home\",\"item\":\"https:\/\/miumjau.ee\/lv\/\"},{\"@type\":\"ListItem\",\"position\":2,\"name\":\"Veikals\",\"item\":\"https:\/\/miumjau.ee\/lv\/veikals\/\"},{\"@type\":\"ListItem\",\"position\":3,\"name\":\"Brit Care Sensitive Turkey &#038; Salmon, grainfree 2kg\"}]},{\"@type\":\"WebSite\",\"@id\":\"https:\/\/miumjau.ee\/#website\",\"url\":\"https:\/\/miumjau.ee\/\",\"name\":\"MiuMjau\",\"description\":\"Kraapimispuud kassidele\",\"publisher\":{\"@id\":\"https:\/\/miumjau.ee\/#organization\"},\"potentialAction\":[{\"@type\":\"SearchAction\",\"target\":{\"@type\":\"EntryPoint\",\"urlTemplate\":\"https:\/\/miumjau.ee\/?s={search_term_string}\"},\"query-input\":{\"@type\":\"PropertyValueSpecification\",\"valueRequired\":true,\"valueName\":\"search_term_string\"}}],\"inLanguage\":\"lv-LV\"},{\"@type\":\"Organization\",\"@id\":\"https:\/\/miumjau.ee\/#organization\",\"name\":\"MiuMjau O\u00dc\",\"url\":\"https:\/\/miumjau.ee\/\",\"logo\":{\"@type\":\"ImageObject\",\"inLanguage\":\"lv-LV\",\"@id\":\"https:\/\/miumjau.ee\/#\/schema\/logo\/image\/\",\"url\":\"https:\/\/miumjau.ee\/wp-content\/uploads\/2022\/04\/MiuMjau-logo-kollane.png\",\"contentUrl\":\"https:\/\/miumjau.ee\/wp-content\/uploads\/2022\/04\/MiuMjau-logo-kollane.png\",\"width\":219,\"height\":100,\"caption\":\"MiuMjau O\u00dc\"},\"image\":{\"@id\":\"https:\/\/miumjau.ee\/#\/schema\/logo\/image\/\"},\"sameAs\":[\"https:\/\/www.facebook.com\/miumjaupood\/\"]}]}<\/script>\n<!-- \/ Yoast SEO plugin. -->","yoast_head_json":{"title":"Brit Care Sensitive Turkey & Salmon, grainfree 2kg - MiuMjau","robots":{"index":"index","follow":"follow","max-snippet":"max-snippet:-1","max-image-preview":"max-image-preview:large","max-video-preview":"max-video-preview:-1"},"canonical":"https:\/\/miumjau.ee\/lv\/produkts\/brit-care-sensitive-turkey-salmon-grainfree-2kg\/","og_locale":"lv_LV","og_type":"article","og_title":"Brit Care Sensitive Turkey & Salmon, grainfree 2kg - MiuMjau","og_description":"Brit Care Sensitive \u2013 hipoaler\u0123iska un bezgraudu bar\u012bba jut\u012bgai gremo\u0161anai Hipoaler\u0123iska un bezgraudu bar\u012bba ka\u0137iem ar jut\u012bgu gremo\u0161anu. Viegls sast\u0101vs nodro\u0161ina maksim\u0101lu uzturvielu uzs\u016bk\u0161anos un atbalsta gremo\u0161anu un visp\u0101r\u0113jo labsaj\u016btu. \ud83d\udd39 Gar\u0161\u012bga un barojo\u0161a \u2013 svaiga t\u012btara ga\u013ca un lasis apmierin\u0101s pat izv\u0113l\u012bg\u0101k\u0101 ka\u0137a apet\u012bti.\ud83d\udd39 Vesela gremo\u0161ana \u2013 probiotikas un antioksidanti atbalsta zarnu mikrofloru un imunit\u0101ti.\ud83d\udd39 Nieres un ur\u012bnce\u013cu aizsardz\u012bba \u2013 p\u012bl\u0101d\u017ei un zems magnija saturs pal\u012bdz uztur\u0113t optim\u0101lu ur\u012bna pH.\ud83d\udd39 Samazina nepat\u012bkamu smaku \u2013 jukas ekstrakts pal\u012bdz samazin\u0101t izk\u0101rn\u012bjumu smaku.\ud83d\udd39 Dro\u0161a un dabiska \u2013 nesatur graudus, m\u0101ksl\u012bg\u0101s kr\u0101svielas, konservantus vai \u0122MO. Sast\u0101vda\u013cas: Svaiga t\u012btara ga\u013ca (26%), dehidr\u0113ts lasis (26%), dzeltenie zir\u0146i (16%), kikur\u016bzas pupas (11%), putnu tauki, sigurij\u016bras sakne, la\u0161a e\u013c\u013ca, alus raugs, p\u012bl\u0101d\u017ei, dz\u0113rvenes, probiotikas. Anal\u012bze: Olbaltumvielas 32%, tauki 16%, \u0161\u0137iedrvielas 1,5%, kalcijs 1,2%, fosfors 0,9%, Omega-3 0,5%, Omega-6 2,0%. Uzglab\u0101\u0161ana un baro\u0161ana: Pasniedz saus\u0101 veid\u0101 vai ar \u016bdeni samitrin\u0101tu. Piel\u0101go porciju atbilsto\u0161i ka\u0137a vajadz\u012bb\u0101m. Vienm\u0113r nodro\u0161ini svaigu dzeramo \u016bdeni. \ud83d\udc3e Maigai gremo\u0161anai un izsmalcin\u0101tai gaumei \u2013 Brit Care Sensitive!","og_url":"https:\/\/miumjau.ee\/lv\/produkts\/brit-care-sensitive-turkey-salmon-grainfree-2kg\/","og_site_name":"MiuMjau","article_publisher":"https:\/\/www.facebook.com\/miumjaupood\/","og_image":[{"width":600,"height":800,"url":"https:\/\/miumjau.ee\/wp-content\/uploads\/2025\/02\/brit-care-kuivtoit-kassile-sensitive-healthy-digestion.jpg","type":"image\/jpeg"}],"twitter_card":"summary_large_image","schema":{"@context":"https:\/\/schema.org","@graph":[{"@type":"WebPage","@id":"https:\/\/miumjau.ee\/lv\/produkts\/brit-care-sensitive-turkey-salmon-grainfree-2kg\/","url":"https:\/\/miumjau.ee\/lv\/produkts\/brit-care-sensitive-turkey-salmon-grainfree-2kg\/","name":"Brit Care Sensitive Turkey & Salmon, grainfree 2kg - MiuMjau","isPartOf":{"@id":"https:\/\/miumjau.ee\/#website"},"primaryImageOfPage":{"@id":"https:\/\/miumjau.ee\/lv\/produkts\/brit-care-sensitive-turkey-salmon-grainfree-2kg\/#primaryimage"},"image":{"@id":"https:\/\/miumjau.ee\/lv\/produkts\/brit-care-sensitive-turkey-salmon-grainfree-2kg\/#primaryimage"},"thumbnailUrl":"https:\/\/miumjau.ee\/wp-content\/uploads\/2025\/02\/brit-care-kuivtoit-kassile-sensitive-healthy-digestion.jpg","datePublished":"2025-02-18T12:11:58+00:00","breadcrumb":{"@id":"https:\/\/miumjau.ee\/lv\/produkts\/brit-care-sensitive-turkey-salmon-grainfree-2kg\/#breadcrumb"},"inLanguage":"lv-LV","potentialAction":[{"@type":"ReadAction","target":["https:\/\/miumjau.ee\/lv\/produkts\/brit-care-sensitive-turkey-salmon-grainfree-2kg\/"]}]},{"@type":"ImageObject","inLanguage":"lv-LV","@id":"https:\/\/miumjau.ee\/lv\/produkts\/brit-care-sensitive-turkey-salmon-grainfree-2kg\/#primaryimage","url":"https:\/\/miumjau.ee\/wp-content\/uploads\/2025\/02\/brit-care-kuivtoit-kassile-sensitive-healthy-digestion.jpg","contentUrl":"https:\/\/miumjau.ee\/wp-content\/uploads\/2025\/02\/brit-care-kuivtoit-kassile-sensitive-healthy-digestion.jpg","width":600,"height":800},{"@type":"BreadcrumbList","@id":"https:\/\/miumjau.ee\/lv\/produkts\/brit-care-sensitive-turkey-salmon-grainfree-2kg\/#breadcrumb","itemListElement":[{"@type":"ListItem","position":1,"name":"Home","item":"https:\/\/miumjau.ee\/lv\/"},{"@type":"ListItem","position":2,"name":"Veikals","item":"https:\/\/miumjau.ee\/lv\/veikals\/"},{"@type":"ListItem","position":3,"name":"Brit Care Sensitive Turkey &#038; Salmon, grainfree 2kg"}]},{"@type":"WebSite","@id":"https:\/\/miumjau.ee\/#website","url":"https:\/\/miumjau.ee\/","name":"MiuMjau","description":"Kraapimispuud kassidele","publisher":{"@id":"https:\/\/miumjau.ee\/#organization"},"potentialAction":[{"@type":"SearchAction","target":{"@type":"EntryPoint","urlTemplate":"https:\/\/miumjau.ee\/?s={search_term_string}"},"query-input":{"@type":"PropertyValueSpecification","valueRequired":true,"valueName":"search_term_string"}}],"inLanguage":"lv-LV"},{"@type":"Organization","@id":"https:\/\/miumjau.ee\/#organization","name":"MiuMjau O\u00dc","url":"https:\/\/miumjau.ee\/","logo":{"@type":"ImageObject","inLanguage":"lv-LV","@id":"https:\/\/miumjau.ee\/#\/schema\/logo\/image\/","url":"https:\/\/miumjau.ee\/wp-content\/uploads\/2022\/04\/MiuMjau-logo-kollane.png","contentUrl":"https:\/\/miumjau.ee\/wp-content\/uploads\/2022\/04\/MiuMjau-logo-kollane.png","width":219,"height":100,"caption":"MiuMjau O\u00dc"},"image":{"@id":"https:\/\/miumjau.ee\/#\/schema\/logo\/image\/"},"sameAs":["https:\/\/www.facebook.com\/miumjaupood\/"]}]}},"_links":{"self":[{"href":"https:\/\/miumjau.ee\/lv\/wp-json\/wp\/v2\/product\/52203","targetHints":{"allow":["GET"]}}],"collection":[{"href":"https:\/\/miumjau.ee\/lv\/wp-json\/wp\/v2\/product"}],"about":[{"href":"https:\/\/miumjau.ee\/lv\/wp-json\/wp\/v2\/types\/product"}],"wp:featuredmedia":[{"embeddable":true,"href":"https:\/\/miumjau.ee\/lv\/wp-json\/wp\/v2\/media\/49660"}],"wp:attachment":[{"href":"https:\/\/miumjau.ee\/lv\/wp-json\/wp\/v2\/media?parent=52203"}],"wp:term":[{"taxonomy":"product_brand","embeddable":true,"href":"https:\/\/miumjau.ee\/lv\/wp-json\/wp\/v2\/product_brand?post=52203"},{"taxonomy":"product_cat","embeddable":true,"href":"https:\/\/miumjau.ee\/lv\/wp-json\/wp\/v2\/product_cat?post=52203"},{"taxonomy":"product_tag","embeddable":true,"href":"https:\/\/miumjau.ee\/lv\/wp-json\/wp\/v2\/product_tag?post=52203"}],"curies":[{"name":"wp","href":"https:\/\/api.w.org\/{rel}","templated":true}]}}