{"id":52197,"date":"2025-02-18T09:41:52","date_gmt":"2025-02-18T07:41:52","guid":{"rendered":"https:\/\/miumjau.ee\/toode\/brit-care-sausa-bariba-lieliem-kakiem-400g\/"},"modified":"2025-02-18T09:41:52","modified_gmt":"2025-02-18T07:41:52","slug":"brit-care-sausa-bariba-lieliem-kakiem-400g","status":"publish","type":"product","link":"https:\/\/miumjau.ee\/lv\/produkts\/brit-care-sausa-bariba-lieliem-kakiem-400g\/","title":{"rendered":"Brit Care saus\u0101 bar\u012bba lieliem ka\u0137iem \u2013 400g"},"content":{"rendered":"","protected":false},"excerpt":{"rendered":"<p data-start=\"164\" data-end=\"375\">Sabalans\u0113ta un bezgraudu bar\u012bba lieliem ka\u0137iem ar liel\u0101ku musku\u013cu masu un akt\u012bv\u0101ku dz\u012bvesveidu. Augstas kvalit\u0101tes prote\u012bni un noder\u012bgas uzturvielas atbalsta musku\u013cu att\u012bst\u012bbu, gremo\u0161anu un visp\u0101r\u0113jo vesel\u012bbu.<\/p>\n<p data-start=\"377\" data-end=\"903\">\ud83d\udd39 <strong data-start=\"380\" data-end=\"411\">Augsts olbaltumvielu saturs<\/strong> \u2013 atbalsta musku\u013cu att\u012bst\u012bbu un jut\u012bgu gremo\u0161anu.<br data-start=\"461\" data-end=\"464\" \/>\ud83d\udd39 <strong data-start=\"467\" data-end=\"503\">Veseli loc\u012btavas un stipras zobu<\/strong> \u2013 hondroit\u012bns, glikozam\u012bns un kalcijs pal\u012bdz uztur\u0113t loc\u012btavas elast\u012bgas un zobus stiprus.<br data-start=\"594\" data-end=\"597\" \/>\ud83d\udd39 <strong data-start=\"600\" data-end=\"628\">Vesels un sp\u012bd\u012bgs ka\u017eoks<\/strong> \u2013 Omega-3 un Omega-6 tauksk\u0101bes nodro\u0161ina z\u012bdainu ka\u017eoka strukt\u016bru un stiprina \u0101du.<br data-start=\"712\" data-end=\"715\" \/>\ud83d\udd39 <strong data-start=\"718\" data-end=\"740\">Efekt\u012bva gremo\u0161ana<\/strong> \u2013 probiotikas un \u0161\u0137iedrvielas veicina zarnu vesel\u012bbu un svara kontroli.<br data-start=\"812\" data-end=\"815\" \/>\ud83d\udd39 <strong data-start=\"818\" data-end=\"838\">Dro\u0161s un dabisks<\/strong> \u2013 nesatur graudus, m\u0101ksl\u012bg\u0101s kr\u0101svielas, konservantus vai \u0122MO.<\/p>\n<p data-start=\"905\" data-end=\"1123\"><strong data-start=\"905\" data-end=\"921\">Sast\u0101vda\u013cas:<\/strong> Svaiga p\u012bles ga\u013ca (26%), dehidr\u0113ta vistas ga\u013ca (26%), dzeltenie zir\u0146i (15%), kikur\u016bzas pupas (10%), putnu tauki, la\u0161a e\u013c\u013ca, lins\u0113klas, alus raugs, p\u012bl\u0101d\u017ei, dz\u0113rvenes, hondroprotektori un probiotikas.<\/p>\n<p data-start=\"1125\" data-end=\"1245\"><strong data-start=\"1125\" data-end=\"1137\">Anal\u012bze:<\/strong> Olbaltumvielas 32%, tauki 17%, \u0161\u0137iedrvielas 3,0%, kalcijs 1,2%, fosfors 0,9%, Omega-3 0,3%, Omega-6 2,0%.<\/p>\n<p data-start=\"1247\" data-end=\"1409\"><strong data-start=\"1247\" data-end=\"1275\">Uzglab\u0101\u0161ana un baro\u0161ana:<\/strong> Pasniedz saus\u0101 veid\u0101 vai ar \u016bdeni samitrin\u0101tu. Piel\u0101go porciju atbilsto\u0161i ka\u0137a aktivit\u0101tei. Vienm\u0113r nodro\u0161ini svaigu dzeramo \u016bdeni.<\/p>\n<p data-start=\"1411\" data-end=\"1468\">\ud83d\udc3e <strong data-start=\"1414\" data-end=\"1466\">Sp\u0113c\u012bgs un dz\u012bvotsp\u0113j\u012bgs \u2013 Brit Care Large Cats!<\/strong><\/p>\n","protected":false},"featured_media":49666,"template":"","meta":[],"product_brand":[],"product_cat":[569],"product_tag":[],"class_list":{"0":"post-52197","1":"product","2":"type-product","3":"status-publish","4":"has-post-thumbnail","6":"product_cat-sausa-bariba","8":"first","9":"instock","10":"sale","11":"taxable","12":"shipping-taxable","13":"purchasable","14":"product-type-simple"},"yoast_head":"<!-- This site is optimized with the Yoast SEO plugin v27.2 - https:\/\/yoast.com\/product\/yoast-seo-wordpress\/ -->\n<title>Brit Care saus\u0101 bar\u012bba lieliem ka\u0137iem \u2013 400g - MiuMjau<\/title>\n<meta name=\"robots\" content=\"index, follow, max-snippet:-1, max-image-preview:large, max-video-preview:-1\" \/>\n<link rel=\"canonical\" href=\"https:\/\/miumjau.ee\/lv\/produkts\/brit-care-sausa-bariba-lieliem-kakiem-400g\/\" \/>\n<meta property=\"og:locale\" content=\"lv_LV\" \/>\n<meta property=\"og:type\" content=\"article\" \/>\n<meta property=\"og:title\" content=\"Brit Care saus\u0101 bar\u012bba lieliem ka\u0137iem \u2013 400g - MiuMjau\" \/>\n<meta property=\"og:description\" content=\"Sabalans\u0113ta un bezgraudu bar\u012bba lieliem ka\u0137iem ar liel\u0101ku musku\u013cu masu un akt\u012bv\u0101ku dz\u012bvesveidu. Augstas kvalit\u0101tes prote\u012bni un noder\u012bgas uzturvielas atbalsta musku\u013cu att\u012bst\u012bbu, gremo\u0161anu un visp\u0101r\u0113jo vesel\u012bbu. \ud83d\udd39 Augsts olbaltumvielu saturs \u2013 atbalsta musku\u013cu att\u012bst\u012bbu un jut\u012bgu gremo\u0161anu.\ud83d\udd39 Veseli loc\u012btavas un stipras zobu \u2013 hondroit\u012bns, glikozam\u012bns un kalcijs pal\u012bdz uztur\u0113t loc\u012btavas elast\u012bgas un zobus stiprus.\ud83d\udd39 Vesels un sp\u012bd\u012bgs ka\u017eoks \u2013 Omega-3 un Omega-6 tauksk\u0101bes nodro\u0161ina z\u012bdainu ka\u017eoka strukt\u016bru un stiprina \u0101du.\ud83d\udd39 Efekt\u012bva gremo\u0161ana \u2013 probiotikas un \u0161\u0137iedrvielas veicina zarnu vesel\u012bbu un svara kontroli.\ud83d\udd39 Dro\u0161s un dabisks \u2013 nesatur graudus, m\u0101ksl\u012bg\u0101s kr\u0101svielas, konservantus vai \u0122MO. Sast\u0101vda\u013cas: Svaiga p\u012bles ga\u013ca (26%), dehidr\u0113ta vistas ga\u013ca (26%), dzeltenie zir\u0146i (15%), kikur\u016bzas pupas (10%), putnu tauki, la\u0161a e\u013c\u013ca, lins\u0113klas, alus raugs, p\u012bl\u0101d\u017ei, dz\u0113rvenes, hondroprotektori un probiotikas. Anal\u012bze: Olbaltumvielas 32%, tauki 17%, \u0161\u0137iedrvielas 3,0%, kalcijs 1,2%, fosfors 0,9%, Omega-3 0,3%, Omega-6 2,0%. Uzglab\u0101\u0161ana un baro\u0161ana: Pasniedz saus\u0101 veid\u0101 vai ar \u016bdeni samitrin\u0101tu. Piel\u0101go porciju atbilsto\u0161i ka\u0137a aktivit\u0101tei. Vienm\u0113r nodro\u0161ini svaigu dzeramo \u016bdeni. \ud83d\udc3e Sp\u0113c\u012bgs un dz\u012bvotsp\u0113j\u012bgs \u2013 Brit Care Large Cats!\" \/>\n<meta property=\"og:url\" content=\"https:\/\/miumjau.ee\/lv\/produkts\/brit-care-sausa-bariba-lieliem-kakiem-400g\/\" \/>\n<meta property=\"og:site_name\" content=\"MiuMjau\" \/>\n<meta property=\"article:publisher\" content=\"https:\/\/www.facebook.com\/miumjaupood\/\" \/>\n<meta property=\"og:image\" content=\"https:\/\/miumjau.ee\/wp-content\/uploads\/2025\/02\/brit-care-kuivtoidud-kassidele10.jpg\" \/>\n\t<meta property=\"og:image:width\" content=\"600\" \/>\n\t<meta property=\"og:image:height\" content=\"800\" \/>\n\t<meta property=\"og:image:type\" content=\"image\/jpeg\" \/>\n<meta name=\"twitter:card\" content=\"summary_large_image\" \/>\n<script type=\"application\/ld+json\" class=\"yoast-schema-graph\">{\"@context\":\"https:\/\/schema.org\",\"@graph\":[{\"@type\":\"WebPage\",\"@id\":\"https:\/\/miumjau.ee\/lv\/produkts\/brit-care-sausa-bariba-lieliem-kakiem-400g\/\",\"url\":\"https:\/\/miumjau.ee\/lv\/produkts\/brit-care-sausa-bariba-lieliem-kakiem-400g\/\",\"name\":\"Brit Care saus\u0101 bar\u012bba lieliem ka\u0137iem \u2013 400g - MiuMjau\",\"isPartOf\":{\"@id\":\"https:\/\/miumjau.ee\/#website\"},\"primaryImageOfPage\":{\"@id\":\"https:\/\/miumjau.ee\/lv\/produkts\/brit-care-sausa-bariba-lieliem-kakiem-400g\/#primaryimage\"},\"image\":{\"@id\":\"https:\/\/miumjau.ee\/lv\/produkts\/brit-care-sausa-bariba-lieliem-kakiem-400g\/#primaryimage\"},\"thumbnailUrl\":\"https:\/\/miumjau.ee\/wp-content\/uploads\/2025\/02\/brit-care-kuivtoidud-kassidele10.jpg\",\"datePublished\":\"2025-02-18T07:41:52+00:00\",\"breadcrumb\":{\"@id\":\"https:\/\/miumjau.ee\/lv\/produkts\/brit-care-sausa-bariba-lieliem-kakiem-400g\/#breadcrumb\"},\"inLanguage\":\"lv-LV\",\"potentialAction\":[{\"@type\":\"ReadAction\",\"target\":[\"https:\/\/miumjau.ee\/lv\/produkts\/brit-care-sausa-bariba-lieliem-kakiem-400g\/\"]}]},{\"@type\":\"ImageObject\",\"inLanguage\":\"lv-LV\",\"@id\":\"https:\/\/miumjau.ee\/lv\/produkts\/brit-care-sausa-bariba-lieliem-kakiem-400g\/#primaryimage\",\"url\":\"https:\/\/miumjau.ee\/wp-content\/uploads\/2025\/02\/brit-care-kuivtoidud-kassidele10.jpg\",\"contentUrl\":\"https:\/\/miumjau.ee\/wp-content\/uploads\/2025\/02\/brit-care-kuivtoidud-kassidele10.jpg\",\"width\":600,\"height\":800},{\"@type\":\"BreadcrumbList\",\"@id\":\"https:\/\/miumjau.ee\/lv\/produkts\/brit-care-sausa-bariba-lieliem-kakiem-400g\/#breadcrumb\",\"itemListElement\":[{\"@type\":\"ListItem\",\"position\":1,\"name\":\"Home\",\"item\":\"https:\/\/miumjau.ee\/lv\/\"},{\"@type\":\"ListItem\",\"position\":2,\"name\":\"Veikals\",\"item\":\"https:\/\/miumjau.ee\/lv\/veikals\/\"},{\"@type\":\"ListItem\",\"position\":3,\"name\":\"Brit Care saus\u0101 bar\u012bba lieliem ka\u0137iem \u2013 400g\"}]},{\"@type\":\"WebSite\",\"@id\":\"https:\/\/miumjau.ee\/#website\",\"url\":\"https:\/\/miumjau.ee\/\",\"name\":\"MiuMjau\",\"description\":\"Kraapimispuud kassidele\",\"publisher\":{\"@id\":\"https:\/\/miumjau.ee\/#organization\"},\"potentialAction\":[{\"@type\":\"SearchAction\",\"target\":{\"@type\":\"EntryPoint\",\"urlTemplate\":\"https:\/\/miumjau.ee\/?s={search_term_string}\"},\"query-input\":{\"@type\":\"PropertyValueSpecification\",\"valueRequired\":true,\"valueName\":\"search_term_string\"}}],\"inLanguage\":\"lv-LV\"},{\"@type\":\"Organization\",\"@id\":\"https:\/\/miumjau.ee\/#organization\",\"name\":\"MiuMjau O\u00dc\",\"url\":\"https:\/\/miumjau.ee\/\",\"logo\":{\"@type\":\"ImageObject\",\"inLanguage\":\"lv-LV\",\"@id\":\"https:\/\/miumjau.ee\/#\/schema\/logo\/image\/\",\"url\":\"https:\/\/miumjau.ee\/wp-content\/uploads\/2022\/04\/MiuMjau-logo-kollane.png\",\"contentUrl\":\"https:\/\/miumjau.ee\/wp-content\/uploads\/2022\/04\/MiuMjau-logo-kollane.png\",\"width\":219,\"height\":100,\"caption\":\"MiuMjau O\u00dc\"},\"image\":{\"@id\":\"https:\/\/miumjau.ee\/#\/schema\/logo\/image\/\"},\"sameAs\":[\"https:\/\/www.facebook.com\/miumjaupood\/\"]}]}<\/script>\n<!-- \/ Yoast SEO plugin. -->","yoast_head_json":{"title":"Brit Care saus\u0101 bar\u012bba lieliem ka\u0137iem \u2013 400g - MiuMjau","robots":{"index":"index","follow":"follow","max-snippet":"max-snippet:-1","max-image-preview":"max-image-preview:large","max-video-preview":"max-video-preview:-1"},"canonical":"https:\/\/miumjau.ee\/lv\/produkts\/brit-care-sausa-bariba-lieliem-kakiem-400g\/","og_locale":"lv_LV","og_type":"article","og_title":"Brit Care saus\u0101 bar\u012bba lieliem ka\u0137iem \u2013 400g - MiuMjau","og_description":"Sabalans\u0113ta un bezgraudu bar\u012bba lieliem ka\u0137iem ar liel\u0101ku musku\u013cu masu un akt\u012bv\u0101ku dz\u012bvesveidu. Augstas kvalit\u0101tes prote\u012bni un noder\u012bgas uzturvielas atbalsta musku\u013cu att\u012bst\u012bbu, gremo\u0161anu un visp\u0101r\u0113jo vesel\u012bbu. \ud83d\udd39 Augsts olbaltumvielu saturs \u2013 atbalsta musku\u013cu att\u012bst\u012bbu un jut\u012bgu gremo\u0161anu.\ud83d\udd39 Veseli loc\u012btavas un stipras zobu \u2013 hondroit\u012bns, glikozam\u012bns un kalcijs pal\u012bdz uztur\u0113t loc\u012btavas elast\u012bgas un zobus stiprus.\ud83d\udd39 Vesels un sp\u012bd\u012bgs ka\u017eoks \u2013 Omega-3 un Omega-6 tauksk\u0101bes nodro\u0161ina z\u012bdainu ka\u017eoka strukt\u016bru un stiprina \u0101du.\ud83d\udd39 Efekt\u012bva gremo\u0161ana \u2013 probiotikas un \u0161\u0137iedrvielas veicina zarnu vesel\u012bbu un svara kontroli.\ud83d\udd39 Dro\u0161s un dabisks \u2013 nesatur graudus, m\u0101ksl\u012bg\u0101s kr\u0101svielas, konservantus vai \u0122MO. Sast\u0101vda\u013cas: Svaiga p\u012bles ga\u013ca (26%), dehidr\u0113ta vistas ga\u013ca (26%), dzeltenie zir\u0146i (15%), kikur\u016bzas pupas (10%), putnu tauki, la\u0161a e\u013c\u013ca, lins\u0113klas, alus raugs, p\u012bl\u0101d\u017ei, dz\u0113rvenes, hondroprotektori un probiotikas. Anal\u012bze: Olbaltumvielas 32%, tauki 17%, \u0161\u0137iedrvielas 3,0%, kalcijs 1,2%, fosfors 0,9%, Omega-3 0,3%, Omega-6 2,0%. Uzglab\u0101\u0161ana un baro\u0161ana: Pasniedz saus\u0101 veid\u0101 vai ar \u016bdeni samitrin\u0101tu. Piel\u0101go porciju atbilsto\u0161i ka\u0137a aktivit\u0101tei. Vienm\u0113r nodro\u0161ini svaigu dzeramo \u016bdeni. \ud83d\udc3e Sp\u0113c\u012bgs un dz\u012bvotsp\u0113j\u012bgs \u2013 Brit Care Large Cats!","og_url":"https:\/\/miumjau.ee\/lv\/produkts\/brit-care-sausa-bariba-lieliem-kakiem-400g\/","og_site_name":"MiuMjau","article_publisher":"https:\/\/www.facebook.com\/miumjaupood\/","og_image":[{"width":600,"height":800,"url":"https:\/\/miumjau.ee\/wp-content\/uploads\/2025\/02\/brit-care-kuivtoidud-kassidele10.jpg","type":"image\/jpeg"}],"twitter_card":"summary_large_image","schema":{"@context":"https:\/\/schema.org","@graph":[{"@type":"WebPage","@id":"https:\/\/miumjau.ee\/lv\/produkts\/brit-care-sausa-bariba-lieliem-kakiem-400g\/","url":"https:\/\/miumjau.ee\/lv\/produkts\/brit-care-sausa-bariba-lieliem-kakiem-400g\/","name":"Brit Care saus\u0101 bar\u012bba lieliem ka\u0137iem \u2013 400g - MiuMjau","isPartOf":{"@id":"https:\/\/miumjau.ee\/#website"},"primaryImageOfPage":{"@id":"https:\/\/miumjau.ee\/lv\/produkts\/brit-care-sausa-bariba-lieliem-kakiem-400g\/#primaryimage"},"image":{"@id":"https:\/\/miumjau.ee\/lv\/produkts\/brit-care-sausa-bariba-lieliem-kakiem-400g\/#primaryimage"},"thumbnailUrl":"https:\/\/miumjau.ee\/wp-content\/uploads\/2025\/02\/brit-care-kuivtoidud-kassidele10.jpg","datePublished":"2025-02-18T07:41:52+00:00","breadcrumb":{"@id":"https:\/\/miumjau.ee\/lv\/produkts\/brit-care-sausa-bariba-lieliem-kakiem-400g\/#breadcrumb"},"inLanguage":"lv-LV","potentialAction":[{"@type":"ReadAction","target":["https:\/\/miumjau.ee\/lv\/produkts\/brit-care-sausa-bariba-lieliem-kakiem-400g\/"]}]},{"@type":"ImageObject","inLanguage":"lv-LV","@id":"https:\/\/miumjau.ee\/lv\/produkts\/brit-care-sausa-bariba-lieliem-kakiem-400g\/#primaryimage","url":"https:\/\/miumjau.ee\/wp-content\/uploads\/2025\/02\/brit-care-kuivtoidud-kassidele10.jpg","contentUrl":"https:\/\/miumjau.ee\/wp-content\/uploads\/2025\/02\/brit-care-kuivtoidud-kassidele10.jpg","width":600,"height":800},{"@type":"BreadcrumbList","@id":"https:\/\/miumjau.ee\/lv\/produkts\/brit-care-sausa-bariba-lieliem-kakiem-400g\/#breadcrumb","itemListElement":[{"@type":"ListItem","position":1,"name":"Home","item":"https:\/\/miumjau.ee\/lv\/"},{"@type":"ListItem","position":2,"name":"Veikals","item":"https:\/\/miumjau.ee\/lv\/veikals\/"},{"@type":"ListItem","position":3,"name":"Brit Care saus\u0101 bar\u012bba lieliem ka\u0137iem \u2013 400g"}]},{"@type":"WebSite","@id":"https:\/\/miumjau.ee\/#website","url":"https:\/\/miumjau.ee\/","name":"MiuMjau","description":"Kraapimispuud kassidele","publisher":{"@id":"https:\/\/miumjau.ee\/#organization"},"potentialAction":[{"@type":"SearchAction","target":{"@type":"EntryPoint","urlTemplate":"https:\/\/miumjau.ee\/?s={search_term_string}"},"query-input":{"@type":"PropertyValueSpecification","valueRequired":true,"valueName":"search_term_string"}}],"inLanguage":"lv-LV"},{"@type":"Organization","@id":"https:\/\/miumjau.ee\/#organization","name":"MiuMjau O\u00dc","url":"https:\/\/miumjau.ee\/","logo":{"@type":"ImageObject","inLanguage":"lv-LV","@id":"https:\/\/miumjau.ee\/#\/schema\/logo\/image\/","url":"https:\/\/miumjau.ee\/wp-content\/uploads\/2022\/04\/MiuMjau-logo-kollane.png","contentUrl":"https:\/\/miumjau.ee\/wp-content\/uploads\/2022\/04\/MiuMjau-logo-kollane.png","width":219,"height":100,"caption":"MiuMjau O\u00dc"},"image":{"@id":"https:\/\/miumjau.ee\/#\/schema\/logo\/image\/"},"sameAs":["https:\/\/www.facebook.com\/miumjaupood\/"]}]}},"_links":{"self":[{"href":"https:\/\/miumjau.ee\/lv\/wp-json\/wp\/v2\/product\/52197","targetHints":{"allow":["GET"]}}],"collection":[{"href":"https:\/\/miumjau.ee\/lv\/wp-json\/wp\/v2\/product"}],"about":[{"href":"https:\/\/miumjau.ee\/lv\/wp-json\/wp\/v2\/types\/product"}],"wp:featuredmedia":[{"embeddable":true,"href":"https:\/\/miumjau.ee\/lv\/wp-json\/wp\/v2\/media\/49666"}],"wp:attachment":[{"href":"https:\/\/miumjau.ee\/lv\/wp-json\/wp\/v2\/media?parent=52197"}],"wp:term":[{"taxonomy":"product_brand","embeddable":true,"href":"https:\/\/miumjau.ee\/lv\/wp-json\/wp\/v2\/product_brand?post=52197"},{"taxonomy":"product_cat","embeddable":true,"href":"https:\/\/miumjau.ee\/lv\/wp-json\/wp\/v2\/product_cat?post=52197"},{"taxonomy":"product_tag","embeddable":true,"href":"https:\/\/miumjau.ee\/lv\/wp-json\/wp\/v2\/product_tag?post=52197"}],"curies":[{"name":"wp","href":"https:\/\/api.w.org\/{rel}","templated":true}]}}