{"id":52194,"date":"2025-02-18T09:41:49","date_gmt":"2025-02-18T07:41:49","guid":{"rendered":"https:\/\/miumjau.ee\/toode\/brit-care-sensitive-sterilized-rabbit-400g\/"},"modified":"2025-02-18T09:41:49","modified_gmt":"2025-02-18T07:41:49","slug":"brit-care-sensitive-sterilized-rabbit-400g","status":"publish","type":"product","link":"https:\/\/miumjau.ee\/lv\/produkts\/brit-care-sensitive-sterilized-rabbit-400g\/","title":{"rendered":"Brit Care Sensitive Sterilized, Rabbit 400g"},"content":{"rendered":"","protected":false},"excerpt":{"rendered":"<p data-start=\"112\" data-end=\"190\"><strong data-start=\"112\" data-end=\"188\">Pilnv\u0113rt\u012bga bar\u012bba ar jut\u012bgu gremo\u0161anu steriliz\u0113tiem pieaugu\u0161iem ka\u0137iem.<\/strong><\/p>\n<p data-start=\"192\" data-end=\"437\">Hipoaler\u0123iska, bezgraudu sast\u0101va formula, kas atbalsta nieru un ur\u012bnce\u013cu vesel\u012bbu. Satur dabiski antioksidantiem bag\u0101tus graudus un gar\u0161augus, k\u0101 ar\u012b E vitam\u012bnu, kas aizsarg\u0101 organismu no br\u012bvajiem radik\u0101\u013ciem un stiprina im\u016bnsist\u0113mu visu m\u016b\u017eu.<\/p>\n<p data-start=\"439\" data-end=\"850\">Svaigs trusis nodro\u0161ina viegli sagremojamu, zemu holester\u012bna l\u012bmeni satur\u012bgu prote\u012bnu, kas atbalsta sirds un asinsrites vesel\u012bbu un pal\u012bdz uztur\u0113t optim\u0101lu fizisko formu. P\u012bl\u0101d\u017ei un maz\u0101 ziedu lapi\u0146a atbalsta nieru un ur\u012bnce\u013cu vesel\u012bbu. Zema magnija un L-metion\u012bna koncentr\u0101cija pal\u012bdz uztur\u0113t ur\u012bna pH optim\u0101l\u0101 diapazon\u0101 (6,0\u20136,5). Probiotikas un prebiotikas veicina vesel\u012bgu gremo\u0161anu un stipru im\u016bnsist\u0113mu.<\/p>\n<p data-start=\"852\" data-end=\"1058\"><strong data-start=\"852\" data-end=\"868\">Sast\u0101vda\u013cas:<\/strong> Svaigs trusis (26%), dehidr\u0113ts trusis (26%), dzeltenie zir\u0146i (16%), kikur\u016bzas pupas (10%), vistas tauki, la\u0161a e\u013c\u013ca, lins\u0113klas, dz\u0113rvenes, p\u012bl\u0101d\u017ei, nasturtiums, prebiotikas un probiotikas.<\/p>\n<p data-start=\"1060\" data-end=\"1178\"><strong data-start=\"1060\" data-end=\"1072\">Anal\u012bze:<\/strong> Olbaltumvielas 31%, tauki 13%, \u0161\u0137iedrvielas 3%, kalcijs 0,8%, fosfors 0,7%, Omega-3 0,4%, Omega-6 1,2%.<\/p>\n<p data-start=\"1180\" data-end=\"1341\"><strong data-start=\"1180\" data-end=\"1208\">Uzglab\u0101\u0161ana un baro\u0161ana:<\/strong> Pasniedz saus\u0101 veid\u0101 vai ar \u016bdeni samitrin\u0101tu. Piel\u0101go porciju atbilsto\u0161i ka\u0137a vajadz\u012bb\u0101m. Vienm\u0113r nodro\u0161ini svaigu dzeramo \u016bdeni.<\/p>\n","protected":false},"featured_media":49662,"template":"","meta":[],"product_brand":[],"product_cat":[569],"product_tag":[],"class_list":{"0":"post-52194","1":"product","2":"type-product","3":"status-publish","4":"has-post-thumbnail","6":"product_cat-sausa-bariba","8":"first","9":"instock","10":"sale","11":"taxable","12":"shipping-taxable","13":"purchasable","14":"product-type-simple"},"yoast_head":"<!-- This site is optimized with the Yoast SEO plugin v27.2 - https:\/\/yoast.com\/product\/yoast-seo-wordpress\/ -->\n<title>Brit Care Sensitive Sterilized, Rabbit 400g - MiuMjau<\/title>\n<meta name=\"robots\" content=\"index, follow, max-snippet:-1, max-image-preview:large, max-video-preview:-1\" \/>\n<link rel=\"canonical\" href=\"https:\/\/miumjau.ee\/lv\/produkts\/brit-care-sensitive-sterilized-rabbit-400g\/\" \/>\n<meta property=\"og:locale\" content=\"lv_LV\" \/>\n<meta property=\"og:type\" content=\"article\" \/>\n<meta property=\"og:title\" content=\"Brit Care Sensitive Sterilized, Rabbit 400g - MiuMjau\" \/>\n<meta property=\"og:description\" content=\"Pilnv\u0113rt\u012bga bar\u012bba ar jut\u012bgu gremo\u0161anu steriliz\u0113tiem pieaugu\u0161iem ka\u0137iem. Hipoaler\u0123iska, bezgraudu sast\u0101va formula, kas atbalsta nieru un ur\u012bnce\u013cu vesel\u012bbu. Satur dabiski antioksidantiem bag\u0101tus graudus un gar\u0161augus, k\u0101 ar\u012b E vitam\u012bnu, kas aizsarg\u0101 organismu no br\u012bvajiem radik\u0101\u013ciem un stiprina im\u016bnsist\u0113mu visu m\u016b\u017eu. Svaigs trusis nodro\u0161ina viegli sagremojamu, zemu holester\u012bna l\u012bmeni satur\u012bgu prote\u012bnu, kas atbalsta sirds un asinsrites vesel\u012bbu un pal\u012bdz uztur\u0113t optim\u0101lu fizisko formu. P\u012bl\u0101d\u017ei un maz\u0101 ziedu lapi\u0146a atbalsta nieru un ur\u012bnce\u013cu vesel\u012bbu. Zema magnija un L-metion\u012bna koncentr\u0101cija pal\u012bdz uztur\u0113t ur\u012bna pH optim\u0101l\u0101 diapazon\u0101 (6,0\u20136,5). Probiotikas un prebiotikas veicina vesel\u012bgu gremo\u0161anu un stipru im\u016bnsist\u0113mu. Sast\u0101vda\u013cas: Svaigs trusis (26%), dehidr\u0113ts trusis (26%), dzeltenie zir\u0146i (16%), kikur\u016bzas pupas (10%), vistas tauki, la\u0161a e\u013c\u013ca, lins\u0113klas, dz\u0113rvenes, p\u012bl\u0101d\u017ei, nasturtiums, prebiotikas un probiotikas. Anal\u012bze: Olbaltumvielas 31%, tauki 13%, \u0161\u0137iedrvielas 3%, kalcijs 0,8%, fosfors 0,7%, Omega-3 0,4%, Omega-6 1,2%. Uzglab\u0101\u0161ana un baro\u0161ana: Pasniedz saus\u0101 veid\u0101 vai ar \u016bdeni samitrin\u0101tu. Piel\u0101go porciju atbilsto\u0161i ka\u0137a vajadz\u012bb\u0101m. Vienm\u0113r nodro\u0161ini svaigu dzeramo \u016bdeni.\" \/>\n<meta property=\"og:url\" content=\"https:\/\/miumjau.ee\/lv\/produkts\/brit-care-sensitive-sterilized-rabbit-400g\/\" \/>\n<meta property=\"og:site_name\" content=\"MiuMjau\" \/>\n<meta property=\"article:publisher\" content=\"https:\/\/www.facebook.com\/miumjaupood\/\" \/>\n<meta property=\"og:image\" content=\"https:\/\/miumjau.ee\/wp-content\/uploads\/2025\/02\/brit-care-kuivtoidud-kassidele9.jpg\" \/>\n\t<meta property=\"og:image:width\" content=\"600\" \/>\n\t<meta property=\"og:image:height\" content=\"800\" \/>\n\t<meta property=\"og:image:type\" content=\"image\/jpeg\" \/>\n<meta name=\"twitter:card\" content=\"summary_large_image\" \/>\n<script type=\"application\/ld+json\" class=\"yoast-schema-graph\">{\"@context\":\"https:\/\/schema.org\",\"@graph\":[{\"@type\":\"WebPage\",\"@id\":\"https:\/\/miumjau.ee\/lv\/produkts\/brit-care-sensitive-sterilized-rabbit-400g\/\",\"url\":\"https:\/\/miumjau.ee\/lv\/produkts\/brit-care-sensitive-sterilized-rabbit-400g\/\",\"name\":\"Brit Care Sensitive Sterilized, Rabbit 400g - MiuMjau\",\"isPartOf\":{\"@id\":\"https:\/\/miumjau.ee\/#website\"},\"primaryImageOfPage\":{\"@id\":\"https:\/\/miumjau.ee\/lv\/produkts\/brit-care-sensitive-sterilized-rabbit-400g\/#primaryimage\"},\"image\":{\"@id\":\"https:\/\/miumjau.ee\/lv\/produkts\/brit-care-sensitive-sterilized-rabbit-400g\/#primaryimage\"},\"thumbnailUrl\":\"https:\/\/miumjau.ee\/wp-content\/uploads\/2025\/02\/brit-care-kuivtoidud-kassidele9.jpg\",\"datePublished\":\"2025-02-18T07:41:49+00:00\",\"breadcrumb\":{\"@id\":\"https:\/\/miumjau.ee\/lv\/produkts\/brit-care-sensitive-sterilized-rabbit-400g\/#breadcrumb\"},\"inLanguage\":\"lv-LV\",\"potentialAction\":[{\"@type\":\"ReadAction\",\"target\":[\"https:\/\/miumjau.ee\/lv\/produkts\/brit-care-sensitive-sterilized-rabbit-400g\/\"]}]},{\"@type\":\"ImageObject\",\"inLanguage\":\"lv-LV\",\"@id\":\"https:\/\/miumjau.ee\/lv\/produkts\/brit-care-sensitive-sterilized-rabbit-400g\/#primaryimage\",\"url\":\"https:\/\/miumjau.ee\/wp-content\/uploads\/2025\/02\/brit-care-kuivtoidud-kassidele9.jpg\",\"contentUrl\":\"https:\/\/miumjau.ee\/wp-content\/uploads\/2025\/02\/brit-care-kuivtoidud-kassidele9.jpg\",\"width\":600,\"height\":800},{\"@type\":\"BreadcrumbList\",\"@id\":\"https:\/\/miumjau.ee\/lv\/produkts\/brit-care-sensitive-sterilized-rabbit-400g\/#breadcrumb\",\"itemListElement\":[{\"@type\":\"ListItem\",\"position\":1,\"name\":\"Home\",\"item\":\"https:\/\/miumjau.ee\/lv\/\"},{\"@type\":\"ListItem\",\"position\":2,\"name\":\"Veikals\",\"item\":\"https:\/\/miumjau.ee\/lv\/veikals\/\"},{\"@type\":\"ListItem\",\"position\":3,\"name\":\"Brit Care Sensitive Sterilized, Rabbit 400g\"}]},{\"@type\":\"WebSite\",\"@id\":\"https:\/\/miumjau.ee\/#website\",\"url\":\"https:\/\/miumjau.ee\/\",\"name\":\"MiuMjau\",\"description\":\"Kraapimispuud kassidele\",\"publisher\":{\"@id\":\"https:\/\/miumjau.ee\/#organization\"},\"potentialAction\":[{\"@type\":\"SearchAction\",\"target\":{\"@type\":\"EntryPoint\",\"urlTemplate\":\"https:\/\/miumjau.ee\/?s={search_term_string}\"},\"query-input\":{\"@type\":\"PropertyValueSpecification\",\"valueRequired\":true,\"valueName\":\"search_term_string\"}}],\"inLanguage\":\"lv-LV\"},{\"@type\":\"Organization\",\"@id\":\"https:\/\/miumjau.ee\/#organization\",\"name\":\"MiuMjau O\u00dc\",\"url\":\"https:\/\/miumjau.ee\/\",\"logo\":{\"@type\":\"ImageObject\",\"inLanguage\":\"lv-LV\",\"@id\":\"https:\/\/miumjau.ee\/#\/schema\/logo\/image\/\",\"url\":\"https:\/\/miumjau.ee\/wp-content\/uploads\/2022\/04\/MiuMjau-logo-kollane.png\",\"contentUrl\":\"https:\/\/miumjau.ee\/wp-content\/uploads\/2022\/04\/MiuMjau-logo-kollane.png\",\"width\":219,\"height\":100,\"caption\":\"MiuMjau O\u00dc\"},\"image\":{\"@id\":\"https:\/\/miumjau.ee\/#\/schema\/logo\/image\/\"},\"sameAs\":[\"https:\/\/www.facebook.com\/miumjaupood\/\"]}]}<\/script>\n<!-- \/ Yoast SEO plugin. -->","yoast_head_json":{"title":"Brit Care Sensitive Sterilized, Rabbit 400g - MiuMjau","robots":{"index":"index","follow":"follow","max-snippet":"max-snippet:-1","max-image-preview":"max-image-preview:large","max-video-preview":"max-video-preview:-1"},"canonical":"https:\/\/miumjau.ee\/lv\/produkts\/brit-care-sensitive-sterilized-rabbit-400g\/","og_locale":"lv_LV","og_type":"article","og_title":"Brit Care Sensitive Sterilized, Rabbit 400g - MiuMjau","og_description":"Pilnv\u0113rt\u012bga bar\u012bba ar jut\u012bgu gremo\u0161anu steriliz\u0113tiem pieaugu\u0161iem ka\u0137iem. Hipoaler\u0123iska, bezgraudu sast\u0101va formula, kas atbalsta nieru un ur\u012bnce\u013cu vesel\u012bbu. Satur dabiski antioksidantiem bag\u0101tus graudus un gar\u0161augus, k\u0101 ar\u012b E vitam\u012bnu, kas aizsarg\u0101 organismu no br\u012bvajiem radik\u0101\u013ciem un stiprina im\u016bnsist\u0113mu visu m\u016b\u017eu. Svaigs trusis nodro\u0161ina viegli sagremojamu, zemu holester\u012bna l\u012bmeni satur\u012bgu prote\u012bnu, kas atbalsta sirds un asinsrites vesel\u012bbu un pal\u012bdz uztur\u0113t optim\u0101lu fizisko formu. P\u012bl\u0101d\u017ei un maz\u0101 ziedu lapi\u0146a atbalsta nieru un ur\u012bnce\u013cu vesel\u012bbu. Zema magnija un L-metion\u012bna koncentr\u0101cija pal\u012bdz uztur\u0113t ur\u012bna pH optim\u0101l\u0101 diapazon\u0101 (6,0\u20136,5). Probiotikas un prebiotikas veicina vesel\u012bgu gremo\u0161anu un stipru im\u016bnsist\u0113mu. Sast\u0101vda\u013cas: Svaigs trusis (26%), dehidr\u0113ts trusis (26%), dzeltenie zir\u0146i (16%), kikur\u016bzas pupas (10%), vistas tauki, la\u0161a e\u013c\u013ca, lins\u0113klas, dz\u0113rvenes, p\u012bl\u0101d\u017ei, nasturtiums, prebiotikas un probiotikas. Anal\u012bze: Olbaltumvielas 31%, tauki 13%, \u0161\u0137iedrvielas 3%, kalcijs 0,8%, fosfors 0,7%, Omega-3 0,4%, Omega-6 1,2%. Uzglab\u0101\u0161ana un baro\u0161ana: Pasniedz saus\u0101 veid\u0101 vai ar \u016bdeni samitrin\u0101tu. Piel\u0101go porciju atbilsto\u0161i ka\u0137a vajadz\u012bb\u0101m. Vienm\u0113r nodro\u0161ini svaigu dzeramo \u016bdeni.","og_url":"https:\/\/miumjau.ee\/lv\/produkts\/brit-care-sensitive-sterilized-rabbit-400g\/","og_site_name":"MiuMjau","article_publisher":"https:\/\/www.facebook.com\/miumjaupood\/","og_image":[{"width":600,"height":800,"url":"https:\/\/miumjau.ee\/wp-content\/uploads\/2025\/02\/brit-care-kuivtoidud-kassidele9.jpg","type":"image\/jpeg"}],"twitter_card":"summary_large_image","schema":{"@context":"https:\/\/schema.org","@graph":[{"@type":"WebPage","@id":"https:\/\/miumjau.ee\/lv\/produkts\/brit-care-sensitive-sterilized-rabbit-400g\/","url":"https:\/\/miumjau.ee\/lv\/produkts\/brit-care-sensitive-sterilized-rabbit-400g\/","name":"Brit Care Sensitive Sterilized, Rabbit 400g - MiuMjau","isPartOf":{"@id":"https:\/\/miumjau.ee\/#website"},"primaryImageOfPage":{"@id":"https:\/\/miumjau.ee\/lv\/produkts\/brit-care-sensitive-sterilized-rabbit-400g\/#primaryimage"},"image":{"@id":"https:\/\/miumjau.ee\/lv\/produkts\/brit-care-sensitive-sterilized-rabbit-400g\/#primaryimage"},"thumbnailUrl":"https:\/\/miumjau.ee\/wp-content\/uploads\/2025\/02\/brit-care-kuivtoidud-kassidele9.jpg","datePublished":"2025-02-18T07:41:49+00:00","breadcrumb":{"@id":"https:\/\/miumjau.ee\/lv\/produkts\/brit-care-sensitive-sterilized-rabbit-400g\/#breadcrumb"},"inLanguage":"lv-LV","potentialAction":[{"@type":"ReadAction","target":["https:\/\/miumjau.ee\/lv\/produkts\/brit-care-sensitive-sterilized-rabbit-400g\/"]}]},{"@type":"ImageObject","inLanguage":"lv-LV","@id":"https:\/\/miumjau.ee\/lv\/produkts\/brit-care-sensitive-sterilized-rabbit-400g\/#primaryimage","url":"https:\/\/miumjau.ee\/wp-content\/uploads\/2025\/02\/brit-care-kuivtoidud-kassidele9.jpg","contentUrl":"https:\/\/miumjau.ee\/wp-content\/uploads\/2025\/02\/brit-care-kuivtoidud-kassidele9.jpg","width":600,"height":800},{"@type":"BreadcrumbList","@id":"https:\/\/miumjau.ee\/lv\/produkts\/brit-care-sensitive-sterilized-rabbit-400g\/#breadcrumb","itemListElement":[{"@type":"ListItem","position":1,"name":"Home","item":"https:\/\/miumjau.ee\/lv\/"},{"@type":"ListItem","position":2,"name":"Veikals","item":"https:\/\/miumjau.ee\/lv\/veikals\/"},{"@type":"ListItem","position":3,"name":"Brit Care Sensitive Sterilized, Rabbit 400g"}]},{"@type":"WebSite","@id":"https:\/\/miumjau.ee\/#website","url":"https:\/\/miumjau.ee\/","name":"MiuMjau","description":"Kraapimispuud kassidele","publisher":{"@id":"https:\/\/miumjau.ee\/#organization"},"potentialAction":[{"@type":"SearchAction","target":{"@type":"EntryPoint","urlTemplate":"https:\/\/miumjau.ee\/?s={search_term_string}"},"query-input":{"@type":"PropertyValueSpecification","valueRequired":true,"valueName":"search_term_string"}}],"inLanguage":"lv-LV"},{"@type":"Organization","@id":"https:\/\/miumjau.ee\/#organization","name":"MiuMjau O\u00dc","url":"https:\/\/miumjau.ee\/","logo":{"@type":"ImageObject","inLanguage":"lv-LV","@id":"https:\/\/miumjau.ee\/#\/schema\/logo\/image\/","url":"https:\/\/miumjau.ee\/wp-content\/uploads\/2022\/04\/MiuMjau-logo-kollane.png","contentUrl":"https:\/\/miumjau.ee\/wp-content\/uploads\/2022\/04\/MiuMjau-logo-kollane.png","width":219,"height":100,"caption":"MiuMjau O\u00dc"},"image":{"@id":"https:\/\/miumjau.ee\/#\/schema\/logo\/image\/"},"sameAs":["https:\/\/www.facebook.com\/miumjaupood\/"]}]}},"_links":{"self":[{"href":"https:\/\/miumjau.ee\/lv\/wp-json\/wp\/v2\/product\/52194","targetHints":{"allow":["GET"]}}],"collection":[{"href":"https:\/\/miumjau.ee\/lv\/wp-json\/wp\/v2\/product"}],"about":[{"href":"https:\/\/miumjau.ee\/lv\/wp-json\/wp\/v2\/types\/product"}],"wp:featuredmedia":[{"embeddable":true,"href":"https:\/\/miumjau.ee\/lv\/wp-json\/wp\/v2\/media\/49662"}],"wp:attachment":[{"href":"https:\/\/miumjau.ee\/lv\/wp-json\/wp\/v2\/media?parent=52194"}],"wp:term":[{"taxonomy":"product_brand","embeddable":true,"href":"https:\/\/miumjau.ee\/lv\/wp-json\/wp\/v2\/product_brand?post=52194"},{"taxonomy":"product_cat","embeddable":true,"href":"https:\/\/miumjau.ee\/lv\/wp-json\/wp\/v2\/product_cat?post=52194"},{"taxonomy":"product_tag","embeddable":true,"href":"https:\/\/miumjau.ee\/lv\/wp-json\/wp\/v2\/product_tag?post=52194"}],"curies":[{"name":"wp","href":"https:\/\/api.w.org\/{rel}","templated":true}]}}