{"id":52185,"date":"2025-03-23T17:35:55","date_gmt":"2025-03-23T15:35:55","guid":{"rendered":"https:\/\/miumjau.ee\/toode\/brit-care-indoor-anti-stress-chicken-7kg\/"},"modified":"2025-03-23T17:35:55","modified_gmt":"2025-03-23T15:35:55","slug":"brit-care-indoor-anti-stress-chicken-7kg","status":"publish","type":"product","link":"https:\/\/miumjau.ee\/lv\/produkts\/brit-care-indoor-anti-stress-chicken-7kg\/","title":{"rendered":"Brit Care Indoor Anti-stress Chicken 7kg"},"content":{"rendered":"","protected":false},"excerpt":{"rendered":"<p data-start=\"157\" data-end=\"410\"><strong data-start=\"157\" data-end=\"255\">Piln\u012bb\u0101 sabalans\u0113ta bezgraudu pilnv\u0113rt\u012bga bar\u012bba istabas ka\u0137iem, kuriem ir tendence uz stresu.<\/strong><br data-start=\"255\" data-end=\"258\" \/>Ide\u0101li piem\u0113rota ka\u0137iem, kas dz\u012bvo iek\u0161telp\u0101s un saskaras ar ikdienas p\u0101rmai\u0146\u0101m, piem\u0113ram, jaunu \u0123imenes locekli, m\u0113be\u013cu p\u0101rvieto\u0161anu vai p\u0101rcel\u0161anos.<\/p>\n<ul data-start=\"412\" data-end=\"995\">\n<li data-start=\"412\" data-end=\"538\">\n<p data-start=\"414\" data-end=\"538\"><strong data-start=\"414\" data-end=\"443\">Dabiska stresa mazin\u0101\u0161ana<\/strong> \u2013 sukat\u017eols pal\u012bdz stabiliz\u0113t sirds darb\u012bbu, pazemin\u0101t asinsspiedienu un samazin\u0101t trauksmi.<\/p>\n<\/li>\n<li data-start=\"539\" data-end=\"652\">\n<p data-start=\"541\" data-end=\"652\"><strong data-start=\"541\" data-end=\"574\">Vesela gremo\u0161ana un imunit\u0101te<\/strong> \u2013 probiotikas un prebiotikas atbalsta zarnu vesel\u012bbu un stiprina imunit\u0101ti.<\/p>\n<\/li>\n<li data-start=\"653\" data-end=\"768\">\n<p data-start=\"655\" data-end=\"768\"><strong data-start=\"655\" data-end=\"678\">Gar\u0161\u012bgi un barojo\u0161i<\/strong> \u2013 svaiga vista un kvalitat\u012bvs ga\u013cas milts nodro\u0161ina gardu un viegli sagremojamu \u0113dienu.<\/p>\n<\/li>\n<li data-start=\"769\" data-end=\"907\">\n<p data-start=\"771\" data-end=\"907\"><strong data-start=\"771\" data-end=\"801\">Karpu bumbi\u0146u kontrol\u0113\u0161ana<\/strong> \u2013 \u0161\u0137iedrviel\u0101m bag\u0101ts \u0137irbis, kalt\u0113tas \u0101boli un t\u0113jas lapu s\u0113klas dab\u012bgi pal\u012bdz nov\u0113rst karpu bumbi\u0146as.<\/p>\n<\/li>\n<li data-start=\"908\" data-end=\"995\">\n<p data-start=\"910\" data-end=\"995\"><strong data-start=\"910\" data-end=\"930\">Dabiski un dro\u0161i<\/strong> \u2013 nesatur graudus, m\u0101ksl\u012bg\u0101s kr\u0101svielas, konservantus vai \u0122MO.<\/p>\n<\/li>\n<\/ul>\n<p data-start=\"997\" data-end=\"1198\"><strong data-start=\"997\" data-end=\"1013\">Sast\u0101vda\u013cas:<\/strong> Svaiga vista (26%), dzeltenie zir\u0146i (25%), dehidr\u0113ta vista (20%), kalt\u0113ti \u0101boli (8%), \u0137irbis (6%), vistas tauki, la\u0161a e\u013c\u013ca, lins\u0113klas, sukat\u017eols, p\u012bl\u0101d\u017ei, prebiotikas un probiotikas.<\/p>\n<p data-start=\"1200\" data-end=\"1316\"><strong data-start=\"1200\" data-end=\"1212\">Anal\u012bze:<\/strong> Olbaltumvielas 30%, tauki 13%, \u0161\u0137iedrvielas 4%, kalcijs 1%, fosfors 0,7%, Omega-3 0,3%, Omega-6 1,5%.<\/p>\n<p data-start=\"1318\" data-end=\"1494\"><strong data-start=\"1318\" data-end=\"1346\">Uzglab\u0101\u0161ana un baro\u0161ana:<\/strong> Pasniedz saus\u0101 veid\u0101 vai ar \u016bdeni samitrin\u0101tu. Piel\u0101go porciju atbilsto\u0161i ka\u0137a aktivit\u0101tei un vajadz\u012bb\u0101m. Vienm\u0113r nodro\u0161ini svaigu dzeramo \u016bdeni.<\/p>\n<p data-start=\"1496\" data-end=\"1573\">\ud83d\udc3e <strong data-start=\"1499\" data-end=\"1571\">Mier\u012bg\u0101ks un laim\u012bg\u0101ks istabas ka\u0137is \u2013 Brit Care Indoor Anti-Stress!<\/strong><\/p>\n","protected":false},"featured_media":52186,"template":"","meta":[],"product_brand":[],"product_cat":[569],"product_tag":[],"class_list":{"0":"post-52185","1":"product","2":"type-product","3":"status-publish","4":"has-post-thumbnail","6":"product_cat-sausa-bariba","8":"first","9":"instock","10":"sale","11":"taxable","12":"shipping-taxable","13":"purchasable","14":"product-type-simple"},"yoast_head":"<!-- This site is optimized with the Yoast SEO plugin v27.2 - https:\/\/yoast.com\/product\/yoast-seo-wordpress\/ -->\n<title>Brit Care Indoor Anti-stress Chicken 7kg - MiuMjau<\/title>\n<meta name=\"robots\" content=\"index, follow, max-snippet:-1, max-image-preview:large, max-video-preview:-1\" \/>\n<link rel=\"canonical\" href=\"https:\/\/miumjau.ee\/lv\/produkts\/brit-care-indoor-anti-stress-chicken-7kg\/\" \/>\n<meta property=\"og:locale\" content=\"lv_LV\" \/>\n<meta property=\"og:type\" content=\"article\" \/>\n<meta property=\"og:title\" content=\"Brit Care Indoor Anti-stress Chicken 7kg - MiuMjau\" \/>\n<meta property=\"og:description\" content=\"Piln\u012bb\u0101 sabalans\u0113ta bezgraudu pilnv\u0113rt\u012bga bar\u012bba istabas ka\u0137iem, kuriem ir tendence uz stresu.Ide\u0101li piem\u0113rota ka\u0137iem, kas dz\u012bvo iek\u0161telp\u0101s un saskaras ar ikdienas p\u0101rmai\u0146\u0101m, piem\u0113ram, jaunu \u0123imenes locekli, m\u0113be\u013cu p\u0101rvieto\u0161anu vai p\u0101rcel\u0161anos.     Dabiska stresa mazin\u0101\u0161ana \u2013 sukat\u017eols pal\u012bdz stabiliz\u0113t sirds darb\u012bbu, pazemin\u0101t asinsspiedienu un samazin\u0101t trauksmi.    Vesela gremo\u0161ana un imunit\u0101te \u2013 probiotikas un prebiotikas atbalsta zarnu vesel\u012bbu un stiprina imunit\u0101ti.    Gar\u0161\u012bgi un barojo\u0161i \u2013 svaiga vista un kvalitat\u012bvs ga\u013cas milts nodro\u0161ina gardu un viegli sagremojamu \u0113dienu.    Karpu bumbi\u0146u kontrol\u0113\u0161ana \u2013 \u0161\u0137iedrviel\u0101m bag\u0101ts \u0137irbis, kalt\u0113tas \u0101boli un t\u0113jas lapu s\u0113klas dab\u012bgi pal\u012bdz nov\u0113rst karpu bumbi\u0146as.    Dabiski un dro\u0161i \u2013 nesatur graudus, m\u0101ksl\u012bg\u0101s kr\u0101svielas, konservantus vai \u0122MO.   Sast\u0101vda\u013cas: Svaiga vista (26%), dzeltenie zir\u0146i (25%), dehidr\u0113ta vista (20%), kalt\u0113ti \u0101boli (8%), \u0137irbis (6%), vistas tauki, la\u0161a e\u013c\u013ca, lins\u0113klas, sukat\u017eols, p\u012bl\u0101d\u017ei, prebiotikas un probiotikas. Anal\u012bze: Olbaltumvielas 30%, tauki 13%, \u0161\u0137iedrvielas 4%, kalcijs 1%, fosfors 0,7%, Omega-3 0,3%, Omega-6 1,5%. Uzglab\u0101\u0161ana un baro\u0161ana: Pasniedz saus\u0101 veid\u0101 vai ar \u016bdeni samitrin\u0101tu. Piel\u0101go porciju atbilsto\u0161i ka\u0137a aktivit\u0101tei un vajadz\u012bb\u0101m. Vienm\u0113r nodro\u0161ini svaigu dzeramo \u016bdeni. \ud83d\udc3e Mier\u012bg\u0101ks un laim\u012bg\u0101ks istabas ka\u0137is \u2013 Brit Care Indoor Anti-Stress!\" \/>\n<meta property=\"og:url\" content=\"https:\/\/miumjau.ee\/lv\/produkts\/brit-care-indoor-anti-stress-chicken-7kg\/\" \/>\n<meta property=\"og:site_name\" content=\"MiuMjau\" \/>\n<meta property=\"article:publisher\" content=\"https:\/\/www.facebook.com\/miumjaupood\/\" \/>\n<meta property=\"og:image\" content=\"https:\/\/miumjau.ee\/wp-content\/uploads\/2025\/02\/brit-care-kuivtoidud-kassidele6.jpg\" \/>\n\t<meta property=\"og:image:width\" content=\"600\" \/>\n\t<meta property=\"og:image:height\" content=\"800\" \/>\n\t<meta property=\"og:image:type\" content=\"image\/jpeg\" \/>\n<meta name=\"twitter:card\" content=\"summary_large_image\" \/>\n<script type=\"application\/ld+json\" class=\"yoast-schema-graph\">{\"@context\":\"https:\/\/schema.org\",\"@graph\":[{\"@type\":\"WebPage\",\"@id\":\"https:\/\/miumjau.ee\/lv\/produkts\/brit-care-indoor-anti-stress-chicken-7kg\/\",\"url\":\"https:\/\/miumjau.ee\/lv\/produkts\/brit-care-indoor-anti-stress-chicken-7kg\/\",\"name\":\"Brit Care Indoor Anti-stress Chicken 7kg - MiuMjau\",\"isPartOf\":{\"@id\":\"https:\/\/miumjau.ee\/#website\"},\"primaryImageOfPage\":{\"@id\":\"https:\/\/miumjau.ee\/lv\/produkts\/brit-care-indoor-anti-stress-chicken-7kg\/#primaryimage\"},\"image\":{\"@id\":\"https:\/\/miumjau.ee\/lv\/produkts\/brit-care-indoor-anti-stress-chicken-7kg\/#primaryimage\"},\"thumbnailUrl\":\"https:\/\/miumjau.ee\/wp-content\/uploads\/2025\/02\/brit-care-kuivtoidud-kassidele6.jpg\",\"datePublished\":\"2025-03-23T15:35:55+00:00\",\"breadcrumb\":{\"@id\":\"https:\/\/miumjau.ee\/lv\/produkts\/brit-care-indoor-anti-stress-chicken-7kg\/#breadcrumb\"},\"inLanguage\":\"lv-LV\",\"potentialAction\":[{\"@type\":\"ReadAction\",\"target\":[\"https:\/\/miumjau.ee\/lv\/produkts\/brit-care-indoor-anti-stress-chicken-7kg\/\"]}]},{\"@type\":\"ImageObject\",\"inLanguage\":\"lv-LV\",\"@id\":\"https:\/\/miumjau.ee\/lv\/produkts\/brit-care-indoor-anti-stress-chicken-7kg\/#primaryimage\",\"url\":\"https:\/\/miumjau.ee\/wp-content\/uploads\/2025\/02\/brit-care-kuivtoidud-kassidele6.jpg\",\"contentUrl\":\"https:\/\/miumjau.ee\/wp-content\/uploads\/2025\/02\/brit-care-kuivtoidud-kassidele6.jpg\",\"width\":600,\"height\":800},{\"@type\":\"BreadcrumbList\",\"@id\":\"https:\/\/miumjau.ee\/lv\/produkts\/brit-care-indoor-anti-stress-chicken-7kg\/#breadcrumb\",\"itemListElement\":[{\"@type\":\"ListItem\",\"position\":1,\"name\":\"Home\",\"item\":\"https:\/\/miumjau.ee\/lv\/\"},{\"@type\":\"ListItem\",\"position\":2,\"name\":\"Veikals\",\"item\":\"https:\/\/miumjau.ee\/lv\/veikals\/\"},{\"@type\":\"ListItem\",\"position\":3,\"name\":\"Brit Care Indoor Anti-stress Chicken 7kg\"}]},{\"@type\":\"WebSite\",\"@id\":\"https:\/\/miumjau.ee\/#website\",\"url\":\"https:\/\/miumjau.ee\/\",\"name\":\"MiuMjau\",\"description\":\"Kraapimispuud kassidele\",\"publisher\":{\"@id\":\"https:\/\/miumjau.ee\/#organization\"},\"potentialAction\":[{\"@type\":\"SearchAction\",\"target\":{\"@type\":\"EntryPoint\",\"urlTemplate\":\"https:\/\/miumjau.ee\/?s={search_term_string}\"},\"query-input\":{\"@type\":\"PropertyValueSpecification\",\"valueRequired\":true,\"valueName\":\"search_term_string\"}}],\"inLanguage\":\"lv-LV\"},{\"@type\":\"Organization\",\"@id\":\"https:\/\/miumjau.ee\/#organization\",\"name\":\"MiuMjau O\u00dc\",\"url\":\"https:\/\/miumjau.ee\/\",\"logo\":{\"@type\":\"ImageObject\",\"inLanguage\":\"lv-LV\",\"@id\":\"https:\/\/miumjau.ee\/#\/schema\/logo\/image\/\",\"url\":\"https:\/\/miumjau.ee\/wp-content\/uploads\/2022\/04\/MiuMjau-logo-kollane.png\",\"contentUrl\":\"https:\/\/miumjau.ee\/wp-content\/uploads\/2022\/04\/MiuMjau-logo-kollane.png\",\"width\":219,\"height\":100,\"caption\":\"MiuMjau O\u00dc\"},\"image\":{\"@id\":\"https:\/\/miumjau.ee\/#\/schema\/logo\/image\/\"},\"sameAs\":[\"https:\/\/www.facebook.com\/miumjaupood\/\"]}]}<\/script>\n<!-- \/ Yoast SEO plugin. -->","yoast_head_json":{"title":"Brit Care Indoor Anti-stress Chicken 7kg - MiuMjau","robots":{"index":"index","follow":"follow","max-snippet":"max-snippet:-1","max-image-preview":"max-image-preview:large","max-video-preview":"max-video-preview:-1"},"canonical":"https:\/\/miumjau.ee\/lv\/produkts\/brit-care-indoor-anti-stress-chicken-7kg\/","og_locale":"lv_LV","og_type":"article","og_title":"Brit Care Indoor Anti-stress Chicken 7kg - MiuMjau","og_description":"Piln\u012bb\u0101 sabalans\u0113ta bezgraudu pilnv\u0113rt\u012bga bar\u012bba istabas ka\u0137iem, kuriem ir tendence uz stresu.Ide\u0101li piem\u0113rota ka\u0137iem, kas dz\u012bvo iek\u0161telp\u0101s un saskaras ar ikdienas p\u0101rmai\u0146\u0101m, piem\u0113ram, jaunu \u0123imenes locekli, m\u0113be\u013cu p\u0101rvieto\u0161anu vai p\u0101rcel\u0161anos.     Dabiska stresa mazin\u0101\u0161ana \u2013 sukat\u017eols pal\u012bdz stabiliz\u0113t sirds darb\u012bbu, pazemin\u0101t asinsspiedienu un samazin\u0101t trauksmi.    Vesela gremo\u0161ana un imunit\u0101te \u2013 probiotikas un prebiotikas atbalsta zarnu vesel\u012bbu un stiprina imunit\u0101ti.    Gar\u0161\u012bgi un barojo\u0161i \u2013 svaiga vista un kvalitat\u012bvs ga\u013cas milts nodro\u0161ina gardu un viegli sagremojamu \u0113dienu.    Karpu bumbi\u0146u kontrol\u0113\u0161ana \u2013 \u0161\u0137iedrviel\u0101m bag\u0101ts \u0137irbis, kalt\u0113tas \u0101boli un t\u0113jas lapu s\u0113klas dab\u012bgi pal\u012bdz nov\u0113rst karpu bumbi\u0146as.    Dabiski un dro\u0161i \u2013 nesatur graudus, m\u0101ksl\u012bg\u0101s kr\u0101svielas, konservantus vai \u0122MO.   Sast\u0101vda\u013cas: Svaiga vista (26%), dzeltenie zir\u0146i (25%), dehidr\u0113ta vista (20%), kalt\u0113ti \u0101boli (8%), \u0137irbis (6%), vistas tauki, la\u0161a e\u013c\u013ca, lins\u0113klas, sukat\u017eols, p\u012bl\u0101d\u017ei, prebiotikas un probiotikas. Anal\u012bze: Olbaltumvielas 30%, tauki 13%, \u0161\u0137iedrvielas 4%, kalcijs 1%, fosfors 0,7%, Omega-3 0,3%, Omega-6 1,5%. Uzglab\u0101\u0161ana un baro\u0161ana: Pasniedz saus\u0101 veid\u0101 vai ar \u016bdeni samitrin\u0101tu. Piel\u0101go porciju atbilsto\u0161i ka\u0137a aktivit\u0101tei un vajadz\u012bb\u0101m. Vienm\u0113r nodro\u0161ini svaigu dzeramo \u016bdeni. \ud83d\udc3e Mier\u012bg\u0101ks un laim\u012bg\u0101ks istabas ka\u0137is \u2013 Brit Care Indoor Anti-Stress!","og_url":"https:\/\/miumjau.ee\/lv\/produkts\/brit-care-indoor-anti-stress-chicken-7kg\/","og_site_name":"MiuMjau","article_publisher":"https:\/\/www.facebook.com\/miumjaupood\/","og_image":[{"width":600,"height":800,"url":"https:\/\/miumjau.ee\/wp-content\/uploads\/2025\/02\/brit-care-kuivtoidud-kassidele6.jpg","type":"image\/jpeg"}],"twitter_card":"summary_large_image","schema":{"@context":"https:\/\/schema.org","@graph":[{"@type":"WebPage","@id":"https:\/\/miumjau.ee\/lv\/produkts\/brit-care-indoor-anti-stress-chicken-7kg\/","url":"https:\/\/miumjau.ee\/lv\/produkts\/brit-care-indoor-anti-stress-chicken-7kg\/","name":"Brit Care Indoor Anti-stress Chicken 7kg - MiuMjau","isPartOf":{"@id":"https:\/\/miumjau.ee\/#website"},"primaryImageOfPage":{"@id":"https:\/\/miumjau.ee\/lv\/produkts\/brit-care-indoor-anti-stress-chicken-7kg\/#primaryimage"},"image":{"@id":"https:\/\/miumjau.ee\/lv\/produkts\/brit-care-indoor-anti-stress-chicken-7kg\/#primaryimage"},"thumbnailUrl":"https:\/\/miumjau.ee\/wp-content\/uploads\/2025\/02\/brit-care-kuivtoidud-kassidele6.jpg","datePublished":"2025-03-23T15:35:55+00:00","breadcrumb":{"@id":"https:\/\/miumjau.ee\/lv\/produkts\/brit-care-indoor-anti-stress-chicken-7kg\/#breadcrumb"},"inLanguage":"lv-LV","potentialAction":[{"@type":"ReadAction","target":["https:\/\/miumjau.ee\/lv\/produkts\/brit-care-indoor-anti-stress-chicken-7kg\/"]}]},{"@type":"ImageObject","inLanguage":"lv-LV","@id":"https:\/\/miumjau.ee\/lv\/produkts\/brit-care-indoor-anti-stress-chicken-7kg\/#primaryimage","url":"https:\/\/miumjau.ee\/wp-content\/uploads\/2025\/02\/brit-care-kuivtoidud-kassidele6.jpg","contentUrl":"https:\/\/miumjau.ee\/wp-content\/uploads\/2025\/02\/brit-care-kuivtoidud-kassidele6.jpg","width":600,"height":800},{"@type":"BreadcrumbList","@id":"https:\/\/miumjau.ee\/lv\/produkts\/brit-care-indoor-anti-stress-chicken-7kg\/#breadcrumb","itemListElement":[{"@type":"ListItem","position":1,"name":"Home","item":"https:\/\/miumjau.ee\/lv\/"},{"@type":"ListItem","position":2,"name":"Veikals","item":"https:\/\/miumjau.ee\/lv\/veikals\/"},{"@type":"ListItem","position":3,"name":"Brit Care Indoor Anti-stress Chicken 7kg"}]},{"@type":"WebSite","@id":"https:\/\/miumjau.ee\/#website","url":"https:\/\/miumjau.ee\/","name":"MiuMjau","description":"Kraapimispuud kassidele","publisher":{"@id":"https:\/\/miumjau.ee\/#organization"},"potentialAction":[{"@type":"SearchAction","target":{"@type":"EntryPoint","urlTemplate":"https:\/\/miumjau.ee\/?s={search_term_string}"},"query-input":{"@type":"PropertyValueSpecification","valueRequired":true,"valueName":"search_term_string"}}],"inLanguage":"lv-LV"},{"@type":"Organization","@id":"https:\/\/miumjau.ee\/#organization","name":"MiuMjau O\u00dc","url":"https:\/\/miumjau.ee\/","logo":{"@type":"ImageObject","inLanguage":"lv-LV","@id":"https:\/\/miumjau.ee\/#\/schema\/logo\/image\/","url":"https:\/\/miumjau.ee\/wp-content\/uploads\/2022\/04\/MiuMjau-logo-kollane.png","contentUrl":"https:\/\/miumjau.ee\/wp-content\/uploads\/2022\/04\/MiuMjau-logo-kollane.png","width":219,"height":100,"caption":"MiuMjau O\u00dc"},"image":{"@id":"https:\/\/miumjau.ee\/#\/schema\/logo\/image\/"},"sameAs":["https:\/\/www.facebook.com\/miumjaupood\/"]}]}},"_links":{"self":[{"href":"https:\/\/miumjau.ee\/lv\/wp-json\/wp\/v2\/product\/52185","targetHints":{"allow":["GET"]}}],"collection":[{"href":"https:\/\/miumjau.ee\/lv\/wp-json\/wp\/v2\/product"}],"about":[{"href":"https:\/\/miumjau.ee\/lv\/wp-json\/wp\/v2\/types\/product"}],"wp:featuredmedia":[{"embeddable":true,"href":"https:\/\/miumjau.ee\/lv\/wp-json\/wp\/v2\/media\/52186"}],"wp:attachment":[{"href":"https:\/\/miumjau.ee\/lv\/wp-json\/wp\/v2\/media?parent=52185"}],"wp:term":[{"taxonomy":"product_brand","embeddable":true,"href":"https:\/\/miumjau.ee\/lv\/wp-json\/wp\/v2\/product_brand?post=52185"},{"taxonomy":"product_cat","embeddable":true,"href":"https:\/\/miumjau.ee\/lv\/wp-json\/wp\/v2\/product_cat?post=52185"},{"taxonomy":"product_tag","embeddable":true,"href":"https:\/\/miumjau.ee\/lv\/wp-json\/wp\/v2\/product_tag?post=52185"}],"curies":[{"name":"wp","href":"https:\/\/api.w.org\/{rel}","templated":true}]}}