{"id":52179,"date":"2025-02-18T15:37:29","date_gmt":"2025-02-18T13:37:29","guid":{"rendered":"https:\/\/miumjau.ee\/toode\/brit-care-cat-sterilized-urinary-2kg\/"},"modified":"2025-02-18T15:37:29","modified_gmt":"2025-02-18T13:37:29","slug":"brit-care-cat-sterilized-urinary-2kg","status":"publish","type":"product","link":"https:\/\/miumjau.ee\/lv\/produkts\/brit-care-cat-sterilized-urinary-2kg\/","title":{"rendered":"Brit Care Cat Sterilized Urinary  2kg"},"content":{"rendered":"","protected":false},"excerpt":{"rendered":"<p data-start=\"155\" data-end=\"281\"><strong data-start=\"155\" data-end=\"279\">Sabalans\u0113ta un bezgraudu bar\u012bba steriliz\u0113tiem pieaugu\u0161iem ka\u0137iem, kas atbalsta ur\u012bnce\u013cu vesel\u012bbu un visp\u0101r\u0113jo labsaj\u016btu.<\/strong><\/p>\n<p data-start=\"283\" data-end=\"429\">Viegls gremo\u0161anai, svaigs vistas ga\u013cas saturs un r\u016bp\u012bgi izv\u0113l\u0113ti dab\u012bgie komponenti pal\u012bdz uztur\u0113t optim\u0101lu \u0137erme\u0146a svaru un stiprina imunit\u0101ti.<\/p>\n<ul data-start=\"431\" data-end=\"945\">\n<li data-start=\"431\" data-end=\"521\">\n<p data-start=\"433\" data-end=\"521\"><strong data-start=\"433\" data-end=\"452\">Veseli ur\u012bnce\u013ci<\/strong> \u2013 p\u012bl\u0101d\u017ei un zems magnija saturs pal\u012bdz saglab\u0101t ur\u012bna pH 6,0\u20136,5.<\/p>\n<\/li>\n<li data-start=\"522\" data-end=\"650\">\n<p data-start=\"524\" data-end=\"650\"><strong data-start=\"524\" data-end=\"561\">Dab\u012bga antibakteri\u0101la aizsardz\u012bba<\/strong> \u2013 nasturcija darbojas k\u0101 dab\u012bgs antibakteri\u0101ls l\u012bdzeklis, nov\u0113r\u0161ot ur\u012bnce\u013cu probl\u0113mas.<\/p>\n<\/li>\n<li data-start=\"651\" data-end=\"755\">\n<p data-start=\"653\" data-end=\"755\"><strong data-start=\"653\" data-end=\"686\">Stipra imunit\u0101te un gremo\u0161ana<\/strong> \u2013 probiotikas un prebiotikas atbalsta zarnu vesel\u012bbu un imunit\u0101ti.<\/p>\n<\/li>\n<li data-start=\"756\" data-end=\"857\">\n<p data-start=\"758\" data-end=\"857\"><strong data-start=\"758\" data-end=\"790\">Vesela \u0101da un sp\u012bd\u012bgs ka\u017eoks<\/strong> \u2013 Omega-3 un Omega-6 tauksk\u0101bes uztur ka\u017eoku z\u012bdainu un sp\u012bd\u012bgu.<\/p>\n<\/li>\n<li data-start=\"858\" data-end=\"945\">\n<p data-start=\"860\" data-end=\"945\"><strong data-start=\"860\" data-end=\"880\">Dro\u0161i un dabiski<\/strong> \u2013 nesatur graudus, m\u0101ksl\u012bg\u0101s kr\u0101svielas, konservantus vai \u0122MO.<\/p>\n<\/li>\n<\/ul>\n<p data-start=\"947\" data-end=\"1145\"><strong data-start=\"947\" data-end=\"963\">Sast\u0101vda\u013cas:<\/strong> Svaiga vista (26%), dehidr\u0113ta vista (26%), dzelten\u0101s zir\u0146i (18%), turku zir\u0146i (8%), vistas tauki, la\u0161a e\u013c\u013ca, lins\u0113klas, dz\u0113rvenes, p\u012bl\u0101d\u017ei, nasturcija, prebiotikas un probiotikas.<\/p>\n<p data-start=\"1147\" data-end=\"1267\"><strong data-start=\"1147\" data-end=\"1159\">Anal\u012bze:<\/strong> Olbaltumvielas 32%, tauki 13%, \u0161\u0137iedrvielas 3,5%, kalcijs 0,8%, fosfors 0,7%, Omega-3 0,3%, Omega-6 1,5%.<\/p>\n<p data-start=\"1269\" data-end=\"1431\"><strong data-start=\"1269\" data-end=\"1297\">Uzglab\u0101\u0161ana un baro\u0161ana:<\/strong> Pasniedz saus\u0101 veid\u0101 vai ar \u016bdeni samitrin\u0101tu. Piel\u0101go porciju atbilsto\u0161i ka\u0137a aktivit\u0101tei. Nodro\u0161ini vienm\u0113r svaigu dzeramo \u016bdeni.<\/p>\n<p data-start=\"1433\" data-end=\"1529\">\ud83d\udc3e <strong data-start=\"1436\" data-end=\"1527\">Steriliz\u0113tiem ka\u0137iem \u2013 vesel\u012bga un sabalans\u0113ta uztura izv\u0113le: Brit Care Urinary Health!<\/strong><\/p>\n","protected":false},"featured_media":52178,"template":"","meta":[],"product_brand":[],"product_cat":[569],"product_tag":[],"class_list":{"0":"post-52179","1":"product","2":"type-product","3":"status-publish","4":"has-post-thumbnail","6":"product_cat-sausa-bariba","8":"first","9":"instock","10":"taxable","11":"shipping-taxable","12":"purchasable","13":"product-type-simple"},"yoast_head":"<!-- This site is optimized with the Yoast SEO plugin v27.2 - https:\/\/yoast.com\/product\/yoast-seo-wordpress\/ -->\n<title>Brit Care Cat Sterilized Urinary 2kg - MiuMjau<\/title>\n<meta name=\"robots\" content=\"index, follow, max-snippet:-1, max-image-preview:large, max-video-preview:-1\" \/>\n<link rel=\"canonical\" href=\"https:\/\/miumjau.ee\/lv\/produkts\/brit-care-cat-sterilized-urinary-2kg\/\" \/>\n<meta property=\"og:locale\" content=\"lv_LV\" \/>\n<meta property=\"og:type\" content=\"article\" \/>\n<meta property=\"og:title\" content=\"Brit Care Cat Sterilized Urinary 2kg - MiuMjau\" \/>\n<meta property=\"og:description\" content=\"Sabalans\u0113ta un bezgraudu bar\u012bba steriliz\u0113tiem pieaugu\u0161iem ka\u0137iem, kas atbalsta ur\u012bnce\u013cu vesel\u012bbu un visp\u0101r\u0113jo labsaj\u016btu. Viegls gremo\u0161anai, svaigs vistas ga\u013cas saturs un r\u016bp\u012bgi izv\u0113l\u0113ti dab\u012bgie komponenti pal\u012bdz uztur\u0113t optim\u0101lu \u0137erme\u0146a svaru un stiprina imunit\u0101ti.     Veseli ur\u012bnce\u013ci \u2013 p\u012bl\u0101d\u017ei un zems magnija saturs pal\u012bdz saglab\u0101t ur\u012bna pH 6,0\u20136,5.    Dab\u012bga antibakteri\u0101la aizsardz\u012bba \u2013 nasturcija darbojas k\u0101 dab\u012bgs antibakteri\u0101ls l\u012bdzeklis, nov\u0113r\u0161ot ur\u012bnce\u013cu probl\u0113mas.    Stipra imunit\u0101te un gremo\u0161ana \u2013 probiotikas un prebiotikas atbalsta zarnu vesel\u012bbu un imunit\u0101ti.    Vesela \u0101da un sp\u012bd\u012bgs ka\u017eoks \u2013 Omega-3 un Omega-6 tauksk\u0101bes uztur ka\u017eoku z\u012bdainu un sp\u012bd\u012bgu.    Dro\u0161i un dabiski \u2013 nesatur graudus, m\u0101ksl\u012bg\u0101s kr\u0101svielas, konservantus vai \u0122MO.   Sast\u0101vda\u013cas: Svaiga vista (26%), dehidr\u0113ta vista (26%), dzelten\u0101s zir\u0146i (18%), turku zir\u0146i (8%), vistas tauki, la\u0161a e\u013c\u013ca, lins\u0113klas, dz\u0113rvenes, p\u012bl\u0101d\u017ei, nasturcija, prebiotikas un probiotikas. Anal\u012bze: Olbaltumvielas 32%, tauki 13%, \u0161\u0137iedrvielas 3,5%, kalcijs 0,8%, fosfors 0,7%, Omega-3 0,3%, Omega-6 1,5%. Uzglab\u0101\u0161ana un baro\u0161ana: Pasniedz saus\u0101 veid\u0101 vai ar \u016bdeni samitrin\u0101tu. Piel\u0101go porciju atbilsto\u0161i ka\u0137a aktivit\u0101tei. Nodro\u0161ini vienm\u0113r svaigu dzeramo \u016bdeni. \ud83d\udc3e Steriliz\u0113tiem ka\u0137iem \u2013 vesel\u012bga un sabalans\u0113ta uztura izv\u0113le: Brit Care Urinary Health!\" \/>\n<meta property=\"og:url\" content=\"https:\/\/miumjau.ee\/lv\/produkts\/brit-care-cat-sterilized-urinary-2kg\/\" \/>\n<meta property=\"og:site_name\" content=\"MiuMjau\" \/>\n<meta property=\"article:publisher\" content=\"https:\/\/www.facebook.com\/miumjaupood\/\" \/>\n<meta property=\"og:image\" content=\"https:\/\/miumjau.ee\/wp-content\/uploads\/2025\/02\/brit-care-kuivtoidud-kassidele7.jpg\" \/>\n\t<meta property=\"og:image:width\" content=\"600\" \/>\n\t<meta property=\"og:image:height\" content=\"800\" \/>\n\t<meta property=\"og:image:type\" content=\"image\/jpeg\" \/>\n<meta name=\"twitter:card\" content=\"summary_large_image\" \/>\n<script type=\"application\/ld+json\" class=\"yoast-schema-graph\">{\"@context\":\"https:\/\/schema.org\",\"@graph\":[{\"@type\":\"WebPage\",\"@id\":\"https:\/\/miumjau.ee\/lv\/produkts\/brit-care-cat-sterilized-urinary-2kg\/\",\"url\":\"https:\/\/miumjau.ee\/lv\/produkts\/brit-care-cat-sterilized-urinary-2kg\/\",\"name\":\"Brit Care Cat Sterilized Urinary 2kg - MiuMjau\",\"isPartOf\":{\"@id\":\"https:\/\/miumjau.ee\/#website\"},\"primaryImageOfPage\":{\"@id\":\"https:\/\/miumjau.ee\/lv\/produkts\/brit-care-cat-sterilized-urinary-2kg\/#primaryimage\"},\"image\":{\"@id\":\"https:\/\/miumjau.ee\/lv\/produkts\/brit-care-cat-sterilized-urinary-2kg\/#primaryimage\"},\"thumbnailUrl\":\"https:\/\/miumjau.ee\/wp-content\/uploads\/2025\/02\/brit-care-kuivtoidud-kassidele7.jpg\",\"datePublished\":\"2025-02-18T13:37:29+00:00\",\"breadcrumb\":{\"@id\":\"https:\/\/miumjau.ee\/lv\/produkts\/brit-care-cat-sterilized-urinary-2kg\/#breadcrumb\"},\"inLanguage\":\"lv-LV\",\"potentialAction\":[{\"@type\":\"ReadAction\",\"target\":[\"https:\/\/miumjau.ee\/lv\/produkts\/brit-care-cat-sterilized-urinary-2kg\/\"]}]},{\"@type\":\"ImageObject\",\"inLanguage\":\"lv-LV\",\"@id\":\"https:\/\/miumjau.ee\/lv\/produkts\/brit-care-cat-sterilized-urinary-2kg\/#primaryimage\",\"url\":\"https:\/\/miumjau.ee\/wp-content\/uploads\/2025\/02\/brit-care-kuivtoidud-kassidele7.jpg\",\"contentUrl\":\"https:\/\/miumjau.ee\/wp-content\/uploads\/2025\/02\/brit-care-kuivtoidud-kassidele7.jpg\",\"width\":600,\"height\":800},{\"@type\":\"BreadcrumbList\",\"@id\":\"https:\/\/miumjau.ee\/lv\/produkts\/brit-care-cat-sterilized-urinary-2kg\/#breadcrumb\",\"itemListElement\":[{\"@type\":\"ListItem\",\"position\":1,\"name\":\"Home\",\"item\":\"https:\/\/miumjau.ee\/lv\/\"},{\"@type\":\"ListItem\",\"position\":2,\"name\":\"Veikals\",\"item\":\"https:\/\/miumjau.ee\/lv\/veikals\/\"},{\"@type\":\"ListItem\",\"position\":3,\"name\":\"Brit Care Cat Sterilized Urinary 2kg\"}]},{\"@type\":\"WebSite\",\"@id\":\"https:\/\/miumjau.ee\/#website\",\"url\":\"https:\/\/miumjau.ee\/\",\"name\":\"MiuMjau\",\"description\":\"Kraapimispuud kassidele\",\"publisher\":{\"@id\":\"https:\/\/miumjau.ee\/#organization\"},\"potentialAction\":[{\"@type\":\"SearchAction\",\"target\":{\"@type\":\"EntryPoint\",\"urlTemplate\":\"https:\/\/miumjau.ee\/?s={search_term_string}\"},\"query-input\":{\"@type\":\"PropertyValueSpecification\",\"valueRequired\":true,\"valueName\":\"search_term_string\"}}],\"inLanguage\":\"lv-LV\"},{\"@type\":\"Organization\",\"@id\":\"https:\/\/miumjau.ee\/#organization\",\"name\":\"MiuMjau O\u00dc\",\"url\":\"https:\/\/miumjau.ee\/\",\"logo\":{\"@type\":\"ImageObject\",\"inLanguage\":\"lv-LV\",\"@id\":\"https:\/\/miumjau.ee\/#\/schema\/logo\/image\/\",\"url\":\"https:\/\/miumjau.ee\/wp-content\/uploads\/2022\/04\/MiuMjau-logo-kollane.png\",\"contentUrl\":\"https:\/\/miumjau.ee\/wp-content\/uploads\/2022\/04\/MiuMjau-logo-kollane.png\",\"width\":219,\"height\":100,\"caption\":\"MiuMjau O\u00dc\"},\"image\":{\"@id\":\"https:\/\/miumjau.ee\/#\/schema\/logo\/image\/\"},\"sameAs\":[\"https:\/\/www.facebook.com\/miumjaupood\/\"]}]}<\/script>\n<!-- \/ Yoast SEO plugin. -->","yoast_head_json":{"title":"Brit Care Cat Sterilized Urinary 2kg - MiuMjau","robots":{"index":"index","follow":"follow","max-snippet":"max-snippet:-1","max-image-preview":"max-image-preview:large","max-video-preview":"max-video-preview:-1"},"canonical":"https:\/\/miumjau.ee\/lv\/produkts\/brit-care-cat-sterilized-urinary-2kg\/","og_locale":"lv_LV","og_type":"article","og_title":"Brit Care Cat Sterilized Urinary 2kg - MiuMjau","og_description":"Sabalans\u0113ta un bezgraudu bar\u012bba steriliz\u0113tiem pieaugu\u0161iem ka\u0137iem, kas atbalsta ur\u012bnce\u013cu vesel\u012bbu un visp\u0101r\u0113jo labsaj\u016btu. Viegls gremo\u0161anai, svaigs vistas ga\u013cas saturs un r\u016bp\u012bgi izv\u0113l\u0113ti dab\u012bgie komponenti pal\u012bdz uztur\u0113t optim\u0101lu \u0137erme\u0146a svaru un stiprina imunit\u0101ti.     Veseli ur\u012bnce\u013ci \u2013 p\u012bl\u0101d\u017ei un zems magnija saturs pal\u012bdz saglab\u0101t ur\u012bna pH 6,0\u20136,5.    Dab\u012bga antibakteri\u0101la aizsardz\u012bba \u2013 nasturcija darbojas k\u0101 dab\u012bgs antibakteri\u0101ls l\u012bdzeklis, nov\u0113r\u0161ot ur\u012bnce\u013cu probl\u0113mas.    Stipra imunit\u0101te un gremo\u0161ana \u2013 probiotikas un prebiotikas atbalsta zarnu vesel\u012bbu un imunit\u0101ti.    Vesela \u0101da un sp\u012bd\u012bgs ka\u017eoks \u2013 Omega-3 un Omega-6 tauksk\u0101bes uztur ka\u017eoku z\u012bdainu un sp\u012bd\u012bgu.    Dro\u0161i un dabiski \u2013 nesatur graudus, m\u0101ksl\u012bg\u0101s kr\u0101svielas, konservantus vai \u0122MO.   Sast\u0101vda\u013cas: Svaiga vista (26%), dehidr\u0113ta vista (26%), dzelten\u0101s zir\u0146i (18%), turku zir\u0146i (8%), vistas tauki, la\u0161a e\u013c\u013ca, lins\u0113klas, dz\u0113rvenes, p\u012bl\u0101d\u017ei, nasturcija, prebiotikas un probiotikas. Anal\u012bze: Olbaltumvielas 32%, tauki 13%, \u0161\u0137iedrvielas 3,5%, kalcijs 0,8%, fosfors 0,7%, Omega-3 0,3%, Omega-6 1,5%. Uzglab\u0101\u0161ana un baro\u0161ana: Pasniedz saus\u0101 veid\u0101 vai ar \u016bdeni samitrin\u0101tu. Piel\u0101go porciju atbilsto\u0161i ka\u0137a aktivit\u0101tei. Nodro\u0161ini vienm\u0113r svaigu dzeramo \u016bdeni. \ud83d\udc3e Steriliz\u0113tiem ka\u0137iem \u2013 vesel\u012bga un sabalans\u0113ta uztura izv\u0113le: Brit Care Urinary Health!","og_url":"https:\/\/miumjau.ee\/lv\/produkts\/brit-care-cat-sterilized-urinary-2kg\/","og_site_name":"MiuMjau","article_publisher":"https:\/\/www.facebook.com\/miumjaupood\/","og_image":[{"width":600,"height":800,"url":"https:\/\/miumjau.ee\/wp-content\/uploads\/2025\/02\/brit-care-kuivtoidud-kassidele7.jpg","type":"image\/jpeg"}],"twitter_card":"summary_large_image","schema":{"@context":"https:\/\/schema.org","@graph":[{"@type":"WebPage","@id":"https:\/\/miumjau.ee\/lv\/produkts\/brit-care-cat-sterilized-urinary-2kg\/","url":"https:\/\/miumjau.ee\/lv\/produkts\/brit-care-cat-sterilized-urinary-2kg\/","name":"Brit Care Cat Sterilized Urinary 2kg - MiuMjau","isPartOf":{"@id":"https:\/\/miumjau.ee\/#website"},"primaryImageOfPage":{"@id":"https:\/\/miumjau.ee\/lv\/produkts\/brit-care-cat-sterilized-urinary-2kg\/#primaryimage"},"image":{"@id":"https:\/\/miumjau.ee\/lv\/produkts\/brit-care-cat-sterilized-urinary-2kg\/#primaryimage"},"thumbnailUrl":"https:\/\/miumjau.ee\/wp-content\/uploads\/2025\/02\/brit-care-kuivtoidud-kassidele7.jpg","datePublished":"2025-02-18T13:37:29+00:00","breadcrumb":{"@id":"https:\/\/miumjau.ee\/lv\/produkts\/brit-care-cat-sterilized-urinary-2kg\/#breadcrumb"},"inLanguage":"lv-LV","potentialAction":[{"@type":"ReadAction","target":["https:\/\/miumjau.ee\/lv\/produkts\/brit-care-cat-sterilized-urinary-2kg\/"]}]},{"@type":"ImageObject","inLanguage":"lv-LV","@id":"https:\/\/miumjau.ee\/lv\/produkts\/brit-care-cat-sterilized-urinary-2kg\/#primaryimage","url":"https:\/\/miumjau.ee\/wp-content\/uploads\/2025\/02\/brit-care-kuivtoidud-kassidele7.jpg","contentUrl":"https:\/\/miumjau.ee\/wp-content\/uploads\/2025\/02\/brit-care-kuivtoidud-kassidele7.jpg","width":600,"height":800},{"@type":"BreadcrumbList","@id":"https:\/\/miumjau.ee\/lv\/produkts\/brit-care-cat-sterilized-urinary-2kg\/#breadcrumb","itemListElement":[{"@type":"ListItem","position":1,"name":"Home","item":"https:\/\/miumjau.ee\/lv\/"},{"@type":"ListItem","position":2,"name":"Veikals","item":"https:\/\/miumjau.ee\/lv\/veikals\/"},{"@type":"ListItem","position":3,"name":"Brit Care Cat Sterilized Urinary 2kg"}]},{"@type":"WebSite","@id":"https:\/\/miumjau.ee\/#website","url":"https:\/\/miumjau.ee\/","name":"MiuMjau","description":"Kraapimispuud kassidele","publisher":{"@id":"https:\/\/miumjau.ee\/#organization"},"potentialAction":[{"@type":"SearchAction","target":{"@type":"EntryPoint","urlTemplate":"https:\/\/miumjau.ee\/?s={search_term_string}"},"query-input":{"@type":"PropertyValueSpecification","valueRequired":true,"valueName":"search_term_string"}}],"inLanguage":"lv-LV"},{"@type":"Organization","@id":"https:\/\/miumjau.ee\/#organization","name":"MiuMjau O\u00dc","url":"https:\/\/miumjau.ee\/","logo":{"@type":"ImageObject","inLanguage":"lv-LV","@id":"https:\/\/miumjau.ee\/#\/schema\/logo\/image\/","url":"https:\/\/miumjau.ee\/wp-content\/uploads\/2022\/04\/MiuMjau-logo-kollane.png","contentUrl":"https:\/\/miumjau.ee\/wp-content\/uploads\/2022\/04\/MiuMjau-logo-kollane.png","width":219,"height":100,"caption":"MiuMjau O\u00dc"},"image":{"@id":"https:\/\/miumjau.ee\/#\/schema\/logo\/image\/"},"sameAs":["https:\/\/www.facebook.com\/miumjaupood\/"]}]}},"_links":{"self":[{"href":"https:\/\/miumjau.ee\/lv\/wp-json\/wp\/v2\/product\/52179","targetHints":{"allow":["GET"]}}],"collection":[{"href":"https:\/\/miumjau.ee\/lv\/wp-json\/wp\/v2\/product"}],"about":[{"href":"https:\/\/miumjau.ee\/lv\/wp-json\/wp\/v2\/types\/product"}],"wp:featuredmedia":[{"embeddable":true,"href":"https:\/\/miumjau.ee\/lv\/wp-json\/wp\/v2\/media\/52178"}],"wp:attachment":[{"href":"https:\/\/miumjau.ee\/lv\/wp-json\/wp\/v2\/media?parent=52179"}],"wp:term":[{"taxonomy":"product_brand","embeddable":true,"href":"https:\/\/miumjau.ee\/lv\/wp-json\/wp\/v2\/product_brand?post=52179"},{"taxonomy":"product_cat","embeddable":true,"href":"https:\/\/miumjau.ee\/lv\/wp-json\/wp\/v2\/product_cat?post=52179"},{"taxonomy":"product_tag","embeddable":true,"href":"https:\/\/miumjau.ee\/lv\/wp-json\/wp\/v2\/product_tag?post=52179"}],"curies":[{"name":"wp","href":"https:\/\/api.w.org\/{rel}","templated":true}]}}