{"id":52169,"date":"2025-03-23T17:37:06","date_gmt":"2025-03-23T15:37:06","guid":{"rendered":"https:\/\/miumjau.ee\/toode\/brit-care-sterilized-immunity-support-pork-7kg\/"},"modified":"2025-03-23T17:37:06","modified_gmt":"2025-03-23T15:37:06","slug":"brit-care-sterilized-immunity-support-pork-7kg","status":"publish","type":"product","link":"https:\/\/miumjau.ee\/lv\/produkts\/brit-care-sterilized-immunity-support-pork-7kg\/","title":{"rendered":"Brit Care Sterilized Immunity support Pork 7kg"},"content":{"rendered":"","protected":false},"excerpt":{"rendered":"<p data-start=\"138\" data-end=\"252\"><strong data-start=\"138\" data-end=\"250\">Pilnv\u0113rt\u012bga bar\u012bba steriliz\u0113tiem pieaugu\u0161iem ka\u0137iem, kas atbalsta imunit\u0101ti, gremo\u0161anu un ur\u012bnce\u013cu vesel\u012bbu.<\/strong><\/p>\n<ul data-start=\"254\" data-end=\"785\">\n<li data-start=\"254\" data-end=\"467\">\n<p data-start=\"256\" data-end=\"467\"><strong data-start=\"256\" data-end=\"274\">Svaiga c\u016bkga\u013ca<\/strong> \u2013 hipoaler\u0123isks olbaltumvielu avots, viegli sagremojams un ide\u0101ls jut\u012bgai gremo\u0161anai. C\u016bkga\u013ca ir lieliska alternat\u012bva p\u0101rtikas aler\u0123iju gad\u012bjum\u0101 un pal\u012bdz nov\u0113rst ku\u0146\u0123a un zarnu trauc\u0113jumus.<\/p>\n<\/li>\n<li data-start=\"468\" data-end=\"541\">\n<p data-start=\"470\" data-end=\"541\"><strong data-start=\"470\" data-end=\"500\">J\u016bras priede un nasturcija<\/strong> \u2013 atbalsta nieru un ur\u012bnce\u013cu vesel\u012bbu.<\/p>\n<\/li>\n<li data-start=\"542\" data-end=\"629\">\n<p data-start=\"544\" data-end=\"629\"><strong data-start=\"544\" data-end=\"582\">Zems magnija saturs un L-metion\u012bns<\/strong> \u2013 pal\u012bdz sasniegt optim\u0101lu ur\u012bna pH 6,0\u20136,5.<\/p>\n<\/li>\n<li data-start=\"630\" data-end=\"714\">\n<p data-start=\"632\" data-end=\"714\"><strong data-start=\"632\" data-end=\"662\">Probiotikas un prebiotikas<\/strong> \u2013 veicina vesel\u012bgu gremo\u0161anu un stipru imunit\u0101ti.<\/p>\n<\/li>\n<li data-start=\"715\" data-end=\"785\">\n<p data-start=\"717\" data-end=\"785\"><strong data-start=\"717\" data-end=\"733\">Bez graudiem<\/strong> \u2013 nesatur kr\u0101svielas, konservantus, \u0122MO vai soju.<\/p>\n<\/li>\n<\/ul>\n","protected":false},"featured_media":52170,"template":"","meta":[],"product_brand":[],"product_cat":[569],"product_tag":[],"class_list":{"0":"post-52169","1":"product","2":"type-product","3":"status-publish","4":"has-post-thumbnail","6":"product_cat-sausa-bariba","8":"first","9":"instock","10":"taxable","11":"shipping-taxable","12":"purchasable","13":"product-type-simple"},"yoast_head":"<!-- This site is optimized with the Yoast SEO plugin v27.2 - https:\/\/yoast.com\/product\/yoast-seo-wordpress\/ -->\n<title>Brit Care Sterilized Immunity support Pork 7kg - MiuMjau<\/title>\n<meta name=\"robots\" content=\"index, follow, max-snippet:-1, max-image-preview:large, max-video-preview:-1\" \/>\n<link rel=\"canonical\" href=\"https:\/\/miumjau.ee\/lv\/produkts\/brit-care-sterilized-immunity-support-pork-7kg\/\" \/>\n<meta property=\"og:locale\" content=\"lv_LV\" \/>\n<meta property=\"og:type\" content=\"article\" \/>\n<meta property=\"og:title\" content=\"Brit Care Sterilized Immunity support Pork 7kg - MiuMjau\" \/>\n<meta property=\"og:description\" content=\"Pilnv\u0113rt\u012bga bar\u012bba steriliz\u0113tiem pieaugu\u0161iem ka\u0137iem, kas atbalsta imunit\u0101ti, gremo\u0161anu un ur\u012bnce\u013cu vesel\u012bbu.     Svaiga c\u016bkga\u013ca \u2013 hipoaler\u0123isks olbaltumvielu avots, viegli sagremojams un ide\u0101ls jut\u012bgai gremo\u0161anai. C\u016bkga\u013ca ir lieliska alternat\u012bva p\u0101rtikas aler\u0123iju gad\u012bjum\u0101 un pal\u012bdz nov\u0113rst ku\u0146\u0123a un zarnu trauc\u0113jumus.    J\u016bras priede un nasturcija \u2013 atbalsta nieru un ur\u012bnce\u013cu vesel\u012bbu.    Zems magnija saturs un L-metion\u012bns \u2013 pal\u012bdz sasniegt optim\u0101lu ur\u012bna pH 6,0\u20136,5.    Probiotikas un prebiotikas \u2013 veicina vesel\u012bgu gremo\u0161anu un stipru imunit\u0101ti.    Bez graudiem \u2013 nesatur kr\u0101svielas, konservantus, \u0122MO vai soju.\" \/>\n<meta property=\"og:url\" content=\"https:\/\/miumjau.ee\/lv\/produkts\/brit-care-sterilized-immunity-support-pork-7kg\/\" \/>\n<meta property=\"og:site_name\" content=\"MiuMjau\" \/>\n<meta property=\"article:publisher\" content=\"https:\/\/www.facebook.com\/miumjaupood\/\" \/>\n<meta property=\"og:image\" content=\"https:\/\/miumjau.ee\/wp-content\/uploads\/2025\/02\/brit-care-kuivtoidud-kassidele8.jpg\" \/>\n\t<meta property=\"og:image:width\" content=\"600\" \/>\n\t<meta property=\"og:image:height\" content=\"800\" \/>\n\t<meta property=\"og:image:type\" content=\"image\/jpeg\" \/>\n<meta name=\"twitter:card\" content=\"summary_large_image\" \/>\n<script type=\"application\/ld+json\" class=\"yoast-schema-graph\">{\"@context\":\"https:\/\/schema.org\",\"@graph\":[{\"@type\":\"WebPage\",\"@id\":\"https:\/\/miumjau.ee\/lv\/produkts\/brit-care-sterilized-immunity-support-pork-7kg\/\",\"url\":\"https:\/\/miumjau.ee\/lv\/produkts\/brit-care-sterilized-immunity-support-pork-7kg\/\",\"name\":\"Brit Care Sterilized Immunity support Pork 7kg - MiuMjau\",\"isPartOf\":{\"@id\":\"https:\/\/miumjau.ee\/#website\"},\"primaryImageOfPage\":{\"@id\":\"https:\/\/miumjau.ee\/lv\/produkts\/brit-care-sterilized-immunity-support-pork-7kg\/#primaryimage\"},\"image\":{\"@id\":\"https:\/\/miumjau.ee\/lv\/produkts\/brit-care-sterilized-immunity-support-pork-7kg\/#primaryimage\"},\"thumbnailUrl\":\"https:\/\/miumjau.ee\/wp-content\/uploads\/2025\/02\/brit-care-kuivtoidud-kassidele8.jpg\",\"datePublished\":\"2025-03-23T15:37:06+00:00\",\"breadcrumb\":{\"@id\":\"https:\/\/miumjau.ee\/lv\/produkts\/brit-care-sterilized-immunity-support-pork-7kg\/#breadcrumb\"},\"inLanguage\":\"lv-LV\",\"potentialAction\":[{\"@type\":\"ReadAction\",\"target\":[\"https:\/\/miumjau.ee\/lv\/produkts\/brit-care-sterilized-immunity-support-pork-7kg\/\"]}]},{\"@type\":\"ImageObject\",\"inLanguage\":\"lv-LV\",\"@id\":\"https:\/\/miumjau.ee\/lv\/produkts\/brit-care-sterilized-immunity-support-pork-7kg\/#primaryimage\",\"url\":\"https:\/\/miumjau.ee\/wp-content\/uploads\/2025\/02\/brit-care-kuivtoidud-kassidele8.jpg\",\"contentUrl\":\"https:\/\/miumjau.ee\/wp-content\/uploads\/2025\/02\/brit-care-kuivtoidud-kassidele8.jpg\",\"width\":600,\"height\":800},{\"@type\":\"BreadcrumbList\",\"@id\":\"https:\/\/miumjau.ee\/lv\/produkts\/brit-care-sterilized-immunity-support-pork-7kg\/#breadcrumb\",\"itemListElement\":[{\"@type\":\"ListItem\",\"position\":1,\"name\":\"Home\",\"item\":\"https:\/\/miumjau.ee\/lv\/\"},{\"@type\":\"ListItem\",\"position\":2,\"name\":\"Veikals\",\"item\":\"https:\/\/miumjau.ee\/lv\/veikals\/\"},{\"@type\":\"ListItem\",\"position\":3,\"name\":\"Brit Care Sterilized Immunity support Pork 7kg\"}]},{\"@type\":\"WebSite\",\"@id\":\"https:\/\/miumjau.ee\/#website\",\"url\":\"https:\/\/miumjau.ee\/\",\"name\":\"MiuMjau\",\"description\":\"Kraapimispuud kassidele\",\"publisher\":{\"@id\":\"https:\/\/miumjau.ee\/#organization\"},\"potentialAction\":[{\"@type\":\"SearchAction\",\"target\":{\"@type\":\"EntryPoint\",\"urlTemplate\":\"https:\/\/miumjau.ee\/?s={search_term_string}\"},\"query-input\":{\"@type\":\"PropertyValueSpecification\",\"valueRequired\":true,\"valueName\":\"search_term_string\"}}],\"inLanguage\":\"lv-LV\"},{\"@type\":\"Organization\",\"@id\":\"https:\/\/miumjau.ee\/#organization\",\"name\":\"MiuMjau O\u00dc\",\"url\":\"https:\/\/miumjau.ee\/\",\"logo\":{\"@type\":\"ImageObject\",\"inLanguage\":\"lv-LV\",\"@id\":\"https:\/\/miumjau.ee\/#\/schema\/logo\/image\/\",\"url\":\"https:\/\/miumjau.ee\/wp-content\/uploads\/2022\/04\/MiuMjau-logo-kollane.png\",\"contentUrl\":\"https:\/\/miumjau.ee\/wp-content\/uploads\/2022\/04\/MiuMjau-logo-kollane.png\",\"width\":219,\"height\":100,\"caption\":\"MiuMjau O\u00dc\"},\"image\":{\"@id\":\"https:\/\/miumjau.ee\/#\/schema\/logo\/image\/\"},\"sameAs\":[\"https:\/\/www.facebook.com\/miumjaupood\/\"]}]}<\/script>\n<!-- \/ Yoast SEO plugin. -->","yoast_head_json":{"title":"Brit Care Sterilized Immunity support Pork 7kg - MiuMjau","robots":{"index":"index","follow":"follow","max-snippet":"max-snippet:-1","max-image-preview":"max-image-preview:large","max-video-preview":"max-video-preview:-1"},"canonical":"https:\/\/miumjau.ee\/lv\/produkts\/brit-care-sterilized-immunity-support-pork-7kg\/","og_locale":"lv_LV","og_type":"article","og_title":"Brit Care Sterilized Immunity support Pork 7kg - MiuMjau","og_description":"Pilnv\u0113rt\u012bga bar\u012bba steriliz\u0113tiem pieaugu\u0161iem ka\u0137iem, kas atbalsta imunit\u0101ti, gremo\u0161anu un ur\u012bnce\u013cu vesel\u012bbu.     Svaiga c\u016bkga\u013ca \u2013 hipoaler\u0123isks olbaltumvielu avots, viegli sagremojams un ide\u0101ls jut\u012bgai gremo\u0161anai. C\u016bkga\u013ca ir lieliska alternat\u012bva p\u0101rtikas aler\u0123iju gad\u012bjum\u0101 un pal\u012bdz nov\u0113rst ku\u0146\u0123a un zarnu trauc\u0113jumus.    J\u016bras priede un nasturcija \u2013 atbalsta nieru un ur\u012bnce\u013cu vesel\u012bbu.    Zems magnija saturs un L-metion\u012bns \u2013 pal\u012bdz sasniegt optim\u0101lu ur\u012bna pH 6,0\u20136,5.    Probiotikas un prebiotikas \u2013 veicina vesel\u012bgu gremo\u0161anu un stipru imunit\u0101ti.    Bez graudiem \u2013 nesatur kr\u0101svielas, konservantus, \u0122MO vai soju.","og_url":"https:\/\/miumjau.ee\/lv\/produkts\/brit-care-sterilized-immunity-support-pork-7kg\/","og_site_name":"MiuMjau","article_publisher":"https:\/\/www.facebook.com\/miumjaupood\/","og_image":[{"width":600,"height":800,"url":"https:\/\/miumjau.ee\/wp-content\/uploads\/2025\/02\/brit-care-kuivtoidud-kassidele8.jpg","type":"image\/jpeg"}],"twitter_card":"summary_large_image","schema":{"@context":"https:\/\/schema.org","@graph":[{"@type":"WebPage","@id":"https:\/\/miumjau.ee\/lv\/produkts\/brit-care-sterilized-immunity-support-pork-7kg\/","url":"https:\/\/miumjau.ee\/lv\/produkts\/brit-care-sterilized-immunity-support-pork-7kg\/","name":"Brit Care Sterilized Immunity support Pork 7kg - MiuMjau","isPartOf":{"@id":"https:\/\/miumjau.ee\/#website"},"primaryImageOfPage":{"@id":"https:\/\/miumjau.ee\/lv\/produkts\/brit-care-sterilized-immunity-support-pork-7kg\/#primaryimage"},"image":{"@id":"https:\/\/miumjau.ee\/lv\/produkts\/brit-care-sterilized-immunity-support-pork-7kg\/#primaryimage"},"thumbnailUrl":"https:\/\/miumjau.ee\/wp-content\/uploads\/2025\/02\/brit-care-kuivtoidud-kassidele8.jpg","datePublished":"2025-03-23T15:37:06+00:00","breadcrumb":{"@id":"https:\/\/miumjau.ee\/lv\/produkts\/brit-care-sterilized-immunity-support-pork-7kg\/#breadcrumb"},"inLanguage":"lv-LV","potentialAction":[{"@type":"ReadAction","target":["https:\/\/miumjau.ee\/lv\/produkts\/brit-care-sterilized-immunity-support-pork-7kg\/"]}]},{"@type":"ImageObject","inLanguage":"lv-LV","@id":"https:\/\/miumjau.ee\/lv\/produkts\/brit-care-sterilized-immunity-support-pork-7kg\/#primaryimage","url":"https:\/\/miumjau.ee\/wp-content\/uploads\/2025\/02\/brit-care-kuivtoidud-kassidele8.jpg","contentUrl":"https:\/\/miumjau.ee\/wp-content\/uploads\/2025\/02\/brit-care-kuivtoidud-kassidele8.jpg","width":600,"height":800},{"@type":"BreadcrumbList","@id":"https:\/\/miumjau.ee\/lv\/produkts\/brit-care-sterilized-immunity-support-pork-7kg\/#breadcrumb","itemListElement":[{"@type":"ListItem","position":1,"name":"Home","item":"https:\/\/miumjau.ee\/lv\/"},{"@type":"ListItem","position":2,"name":"Veikals","item":"https:\/\/miumjau.ee\/lv\/veikals\/"},{"@type":"ListItem","position":3,"name":"Brit Care Sterilized Immunity support Pork 7kg"}]},{"@type":"WebSite","@id":"https:\/\/miumjau.ee\/#website","url":"https:\/\/miumjau.ee\/","name":"MiuMjau","description":"Kraapimispuud kassidele","publisher":{"@id":"https:\/\/miumjau.ee\/#organization"},"potentialAction":[{"@type":"SearchAction","target":{"@type":"EntryPoint","urlTemplate":"https:\/\/miumjau.ee\/?s={search_term_string}"},"query-input":{"@type":"PropertyValueSpecification","valueRequired":true,"valueName":"search_term_string"}}],"inLanguage":"lv-LV"},{"@type":"Organization","@id":"https:\/\/miumjau.ee\/#organization","name":"MiuMjau O\u00dc","url":"https:\/\/miumjau.ee\/","logo":{"@type":"ImageObject","inLanguage":"lv-LV","@id":"https:\/\/miumjau.ee\/#\/schema\/logo\/image\/","url":"https:\/\/miumjau.ee\/wp-content\/uploads\/2022\/04\/MiuMjau-logo-kollane.png","contentUrl":"https:\/\/miumjau.ee\/wp-content\/uploads\/2022\/04\/MiuMjau-logo-kollane.png","width":219,"height":100,"caption":"MiuMjau O\u00dc"},"image":{"@id":"https:\/\/miumjau.ee\/#\/schema\/logo\/image\/"},"sameAs":["https:\/\/www.facebook.com\/miumjaupood\/"]}]}},"_links":{"self":[{"href":"https:\/\/miumjau.ee\/lv\/wp-json\/wp\/v2\/product\/52169","targetHints":{"allow":["GET"]}}],"collection":[{"href":"https:\/\/miumjau.ee\/lv\/wp-json\/wp\/v2\/product"}],"about":[{"href":"https:\/\/miumjau.ee\/lv\/wp-json\/wp\/v2\/types\/product"}],"wp:featuredmedia":[{"embeddable":true,"href":"https:\/\/miumjau.ee\/lv\/wp-json\/wp\/v2\/media\/52170"}],"wp:attachment":[{"href":"https:\/\/miumjau.ee\/lv\/wp-json\/wp\/v2\/media?parent=52169"}],"wp:term":[{"taxonomy":"product_brand","embeddable":true,"href":"https:\/\/miumjau.ee\/lv\/wp-json\/wp\/v2\/product_brand?post=52169"},{"taxonomy":"product_cat","embeddable":true,"href":"https:\/\/miumjau.ee\/lv\/wp-json\/wp\/v2\/product_cat?post=52169"},{"taxonomy":"product_tag","embeddable":true,"href":"https:\/\/miumjau.ee\/lv\/wp-json\/wp\/v2\/product_tag?post=52169"}],"curies":[{"name":"wp","href":"https:\/\/api.w.org\/{rel}","templated":true}]}}