{"id":52164,"date":"2025-02-18T13:56:27","date_gmt":"2025-02-18T11:56:27","guid":{"rendered":"https:\/\/miumjau.ee\/toode\/brit-care-kitten-turkey-chicken-2kg\/"},"modified":"2025-02-18T13:56:27","modified_gmt":"2025-02-18T11:56:27","slug":"brit-care-kitten-turkey-chicken-2kg","status":"publish","type":"product","link":"https:\/\/miumjau.ee\/lv\/produkts\/brit-care-kitten-turkey-chicken-2kg\/","title":{"rendered":"Brit Care Kitten Turkey &#038; Chicken 2kg"},"content":{"rendered":"","protected":false},"excerpt":{"rendered":"<p data-start=\"216\" data-end=\"415\">Hipoaler\u0123iska un bezgraudu pilnv\u0113rt\u012bga bar\u012bba ka\u0137\u0113niem, k\u0101 ar\u012b gr\u016bsn\u0101m un zino\u0161\u0101m ka\u0137\u0113m. Viegls sagremo\u0161ana un bar\u012bbas viel\u0101m bag\u0101ts sast\u0101vs atbalsta ka\u0137\u0113nu att\u012bst\u012bbu un m\u0101tes ener\u0123ijas vajadz\u012bbas.<\/p>\n<p data-start=\"417\" data-end=\"441\"><strong data-start=\"417\" data-end=\"439\">Galven\u0101s \u012bpa\u0161\u012bbas:<\/strong><\/p>\n<ul data-start=\"442\" data-end=\"882\">\n<li data-start=\"442\" data-end=\"517\">\n<p data-start=\"444\" data-end=\"517\"><strong data-start=\"444\" data-end=\"464\">Stipra imunit\u0101te<\/strong> \u2013 kolostrum un probiotikas pastiprina aizsardz\u012bbu.<\/p>\n<\/li>\n<li data-start=\"518\" data-end=\"589\">\n<p data-start=\"520\" data-end=\"589\"><strong data-start=\"520\" data-end=\"545\">Vesela sirds un redze<\/strong> \u2013 taur\u012bns atbalsta sirds un acu vesel\u012bbu.<\/p>\n<\/li>\n<li data-start=\"590\" data-end=\"690\">\n<p data-start=\"592\" data-end=\"690\"><strong data-start=\"592\" data-end=\"624\">Musku\u013cu aug\u0161ana un att\u012bst\u012bba<\/strong> \u2013 augsts olbaltumvielu saturs nodro\u0161ina sp\u0113c\u012bgu \u0137erme\u0146a uzb\u016bvi.<\/p>\n<\/li>\n<li data-start=\"691\" data-end=\"794\">\n<p data-start=\"693\" data-end=\"794\"><strong data-start=\"693\" data-end=\"718\">Sabalanse\u0113ti miner\u0101li<\/strong> \u2013 pareizs kalcija, fosfora un D vitam\u012bna l\u012bmenis atbalsta kaulu vesel\u012bbu.<\/p>\n<\/li>\n<li data-start=\"795\" data-end=\"882\">\n<p data-start=\"797\" data-end=\"882\"><strong data-start=\"797\" data-end=\"817\">Dabisks un dro\u0161s<\/strong> \u2013 nesatur graudus, m\u0101ksl\u012bg\u0101s kr\u0101svielas, konservantus vai \u0122MO.<\/p>\n<\/li>\n<\/ul>\n<p data-start=\"884\" data-end=\"1133\"><strong data-start=\"884\" data-end=\"896\">Sast\u0101vs:<\/strong><br data-start=\"896\" data-end=\"899\" \/>Dehidr\u0113ta t\u012btaru ga\u013ca (30%), svaiga vista (26%), putnu tauki (12%), dzeltenie zir\u0146i, \u0137irbju pupas, la\u0161u e\u013c\u013ca, hidroliz\u0113tas vistas aknas, lins\u0113klas, alus raugs, kolostrum, \u017e\u0101v\u0113tas dz\u0113rvenes, miner\u0101lvielas, probiotikas un prebiotikas.<\/p>\n<p data-start=\"1135\" data-end=\"1263\"><strong data-start=\"1135\" data-end=\"1158\">Anal\u012btisk\u0101 sast\u0101vs:<\/strong><br data-start=\"1158\" data-end=\"1161\" \/>Olbaltumvielas 38%, tauki 18%, \u0161\u0137iedra 1,5%, kalcijs 1,2%, fosfors 0,9%, Omega-3 0,5%, Omega-6 2,2%.<\/p>\n<p data-start=\"1265\" data-end=\"1443\"><strong data-start=\"1265\" data-end=\"1293\">Uzglab\u0101\u0161ana un baro\u0161ana:<\/strong><br data-start=\"1293\" data-end=\"1296\" \/>Pasniedziet sausu vai viegli samitrin\u0101tu. Piel\u0101gojiet porciju atbilsto\u0161i ka\u0137\u0113na vecumam un aktivit\u0101tei. Vienm\u0113r nodro\u0161iniet svaigu dzeramo \u016bdeni.<\/p>\n<p data-start=\"1445\" data-end=\"1492\"><strong data-start=\"1445\" data-end=\"1492\">\ud83c\udf3f Vesela s\u0101kums dz\u012bvei \u2013 Brit Care Kitten!<\/strong><\/p>\n","protected":false},"featured_media":52152,"template":"","meta":[],"product_brand":[],"product_cat":[569],"product_tag":[],"class_list":{"0":"post-52164","1":"product","2":"type-product","3":"status-publish","4":"has-post-thumbnail","6":"product_cat-sausa-bariba","8":"first","9":"instock","10":"taxable","11":"shipping-taxable","12":"purchasable","13":"product-type-simple"},"yoast_head":"<!-- This site is optimized with the Yoast SEO plugin v27.2 - https:\/\/yoast.com\/product\/yoast-seo-wordpress\/ -->\n<title>Brit Care Kitten Turkey &amp; Chicken 2kg - MiuMjau<\/title>\n<meta name=\"robots\" content=\"index, follow, max-snippet:-1, max-image-preview:large, max-video-preview:-1\" \/>\n<link rel=\"canonical\" href=\"https:\/\/miumjau.ee\/lv\/produkts\/brit-care-kitten-turkey-chicken-2kg\/\" \/>\n<meta property=\"og:locale\" content=\"lv_LV\" \/>\n<meta property=\"og:type\" content=\"article\" \/>\n<meta property=\"og:title\" content=\"Brit Care Kitten Turkey &amp; Chicken 2kg - MiuMjau\" \/>\n<meta property=\"og:description\" content=\"Hipoaler\u0123iska un bezgraudu pilnv\u0113rt\u012bga bar\u012bba ka\u0137\u0113niem, k\u0101 ar\u012b gr\u016bsn\u0101m un zino\u0161\u0101m ka\u0137\u0113m. Viegls sagremo\u0161ana un bar\u012bbas viel\u0101m bag\u0101ts sast\u0101vs atbalsta ka\u0137\u0113nu att\u012bst\u012bbu un m\u0101tes ener\u0123ijas vajadz\u012bbas. Galven\u0101s \u012bpa\u0161\u012bbas:     Stipra imunit\u0101te \u2013 kolostrum un probiotikas pastiprina aizsardz\u012bbu.    Vesela sirds un redze \u2013 taur\u012bns atbalsta sirds un acu vesel\u012bbu.    Musku\u013cu aug\u0161ana un att\u012bst\u012bba \u2013 augsts olbaltumvielu saturs nodro\u0161ina sp\u0113c\u012bgu \u0137erme\u0146a uzb\u016bvi.    Sabalanse\u0113ti miner\u0101li \u2013 pareizs kalcija, fosfora un D vitam\u012bna l\u012bmenis atbalsta kaulu vesel\u012bbu.    Dabisks un dro\u0161s \u2013 nesatur graudus, m\u0101ksl\u012bg\u0101s kr\u0101svielas, konservantus vai \u0122MO.   Sast\u0101vs:Dehidr\u0113ta t\u012btaru ga\u013ca (30%), svaiga vista (26%), putnu tauki (12%), dzeltenie zir\u0146i, \u0137irbju pupas, la\u0161u e\u013c\u013ca, hidroliz\u0113tas vistas aknas, lins\u0113klas, alus raugs, kolostrum, \u017e\u0101v\u0113tas dz\u0113rvenes, miner\u0101lvielas, probiotikas un prebiotikas. Anal\u012btisk\u0101 sast\u0101vs:Olbaltumvielas 38%, tauki 18%, \u0161\u0137iedra 1,5%, kalcijs 1,2%, fosfors 0,9%, Omega-3 0,5%, Omega-6 2,2%. Uzglab\u0101\u0161ana un baro\u0161ana:Pasniedziet sausu vai viegli samitrin\u0101tu. Piel\u0101gojiet porciju atbilsto\u0161i ka\u0137\u0113na vecumam un aktivit\u0101tei. Vienm\u0113r nodro\u0161iniet svaigu dzeramo \u016bdeni. \ud83c\udf3f Vesela s\u0101kums dz\u012bvei \u2013 Brit Care Kitten!\" \/>\n<meta property=\"og:url\" content=\"https:\/\/miumjau.ee\/lv\/produkts\/brit-care-kitten-turkey-chicken-2kg\/\" \/>\n<meta property=\"og:site_name\" content=\"MiuMjau\" \/>\n<meta property=\"article:publisher\" content=\"https:\/\/www.facebook.com\/miumjaupood\/\" \/>\n<meta property=\"og:image\" content=\"https:\/\/miumjau.ee\/wp-content\/uploads\/2025\/02\/brit-care-kuivtoit1.jpg\" \/>\n\t<meta property=\"og:image:width\" content=\"600\" \/>\n\t<meta property=\"og:image:height\" content=\"800\" \/>\n\t<meta property=\"og:image:type\" content=\"image\/jpeg\" \/>\n<meta name=\"twitter:card\" content=\"summary_large_image\" \/>\n<script type=\"application\/ld+json\" class=\"yoast-schema-graph\">{\"@context\":\"https:\/\/schema.org\",\"@graph\":[{\"@type\":\"WebPage\",\"@id\":\"https:\/\/miumjau.ee\/lv\/produkts\/brit-care-kitten-turkey-chicken-2kg\/\",\"url\":\"https:\/\/miumjau.ee\/lv\/produkts\/brit-care-kitten-turkey-chicken-2kg\/\",\"name\":\"Brit Care Kitten Turkey & Chicken 2kg - MiuMjau\",\"isPartOf\":{\"@id\":\"https:\/\/miumjau.ee\/#website\"},\"primaryImageOfPage\":{\"@id\":\"https:\/\/miumjau.ee\/lv\/produkts\/brit-care-kitten-turkey-chicken-2kg\/#primaryimage\"},\"image\":{\"@id\":\"https:\/\/miumjau.ee\/lv\/produkts\/brit-care-kitten-turkey-chicken-2kg\/#primaryimage\"},\"thumbnailUrl\":\"https:\/\/miumjau.ee\/wp-content\/uploads\/2025\/02\/brit-care-kuivtoit1.jpg\",\"datePublished\":\"2025-02-18T11:56:27+00:00\",\"breadcrumb\":{\"@id\":\"https:\/\/miumjau.ee\/lv\/produkts\/brit-care-kitten-turkey-chicken-2kg\/#breadcrumb\"},\"inLanguage\":\"lv-LV\",\"potentialAction\":[{\"@type\":\"ReadAction\",\"target\":[\"https:\/\/miumjau.ee\/lv\/produkts\/brit-care-kitten-turkey-chicken-2kg\/\"]}]},{\"@type\":\"ImageObject\",\"inLanguage\":\"lv-LV\",\"@id\":\"https:\/\/miumjau.ee\/lv\/produkts\/brit-care-kitten-turkey-chicken-2kg\/#primaryimage\",\"url\":\"https:\/\/miumjau.ee\/wp-content\/uploads\/2025\/02\/brit-care-kuivtoit1.jpg\",\"contentUrl\":\"https:\/\/miumjau.ee\/wp-content\/uploads\/2025\/02\/brit-care-kuivtoit1.jpg\",\"width\":600,\"height\":800,\"caption\":\"Brit Care Kitten kuivtoit kassipojale kalkuni ja kanaga 400g\"},{\"@type\":\"BreadcrumbList\",\"@id\":\"https:\/\/miumjau.ee\/lv\/produkts\/brit-care-kitten-turkey-chicken-2kg\/#breadcrumb\",\"itemListElement\":[{\"@type\":\"ListItem\",\"position\":1,\"name\":\"Home\",\"item\":\"https:\/\/miumjau.ee\/lv\/\"},{\"@type\":\"ListItem\",\"position\":2,\"name\":\"Veikals\",\"item\":\"https:\/\/miumjau.ee\/lv\/veikals\/\"},{\"@type\":\"ListItem\",\"position\":3,\"name\":\"Brit Care Kitten Turkey &#038; Chicken 2kg\"}]},{\"@type\":\"WebSite\",\"@id\":\"https:\/\/miumjau.ee\/#website\",\"url\":\"https:\/\/miumjau.ee\/\",\"name\":\"MiuMjau\",\"description\":\"Kraapimispuud kassidele\",\"publisher\":{\"@id\":\"https:\/\/miumjau.ee\/#organization\"},\"potentialAction\":[{\"@type\":\"SearchAction\",\"target\":{\"@type\":\"EntryPoint\",\"urlTemplate\":\"https:\/\/miumjau.ee\/?s={search_term_string}\"},\"query-input\":{\"@type\":\"PropertyValueSpecification\",\"valueRequired\":true,\"valueName\":\"search_term_string\"}}],\"inLanguage\":\"lv-LV\"},{\"@type\":\"Organization\",\"@id\":\"https:\/\/miumjau.ee\/#organization\",\"name\":\"MiuMjau O\u00dc\",\"url\":\"https:\/\/miumjau.ee\/\",\"logo\":{\"@type\":\"ImageObject\",\"inLanguage\":\"lv-LV\",\"@id\":\"https:\/\/miumjau.ee\/#\/schema\/logo\/image\/\",\"url\":\"https:\/\/miumjau.ee\/wp-content\/uploads\/2022\/04\/MiuMjau-logo-kollane.png\",\"contentUrl\":\"https:\/\/miumjau.ee\/wp-content\/uploads\/2022\/04\/MiuMjau-logo-kollane.png\",\"width\":219,\"height\":100,\"caption\":\"MiuMjau O\u00dc\"},\"image\":{\"@id\":\"https:\/\/miumjau.ee\/#\/schema\/logo\/image\/\"},\"sameAs\":[\"https:\/\/www.facebook.com\/miumjaupood\/\"]}]}<\/script>\n<!-- \/ Yoast SEO plugin. -->","yoast_head_json":{"title":"Brit Care Kitten Turkey & Chicken 2kg - MiuMjau","robots":{"index":"index","follow":"follow","max-snippet":"max-snippet:-1","max-image-preview":"max-image-preview:large","max-video-preview":"max-video-preview:-1"},"canonical":"https:\/\/miumjau.ee\/lv\/produkts\/brit-care-kitten-turkey-chicken-2kg\/","og_locale":"lv_LV","og_type":"article","og_title":"Brit Care Kitten Turkey & Chicken 2kg - MiuMjau","og_description":"Hipoaler\u0123iska un bezgraudu pilnv\u0113rt\u012bga bar\u012bba ka\u0137\u0113niem, k\u0101 ar\u012b gr\u016bsn\u0101m un zino\u0161\u0101m ka\u0137\u0113m. Viegls sagremo\u0161ana un bar\u012bbas viel\u0101m bag\u0101ts sast\u0101vs atbalsta ka\u0137\u0113nu att\u012bst\u012bbu un m\u0101tes ener\u0123ijas vajadz\u012bbas. Galven\u0101s \u012bpa\u0161\u012bbas:     Stipra imunit\u0101te \u2013 kolostrum un probiotikas pastiprina aizsardz\u012bbu.    Vesela sirds un redze \u2013 taur\u012bns atbalsta sirds un acu vesel\u012bbu.    Musku\u013cu aug\u0161ana un att\u012bst\u012bba \u2013 augsts olbaltumvielu saturs nodro\u0161ina sp\u0113c\u012bgu \u0137erme\u0146a uzb\u016bvi.    Sabalanse\u0113ti miner\u0101li \u2013 pareizs kalcija, fosfora un D vitam\u012bna l\u012bmenis atbalsta kaulu vesel\u012bbu.    Dabisks un dro\u0161s \u2013 nesatur graudus, m\u0101ksl\u012bg\u0101s kr\u0101svielas, konservantus vai \u0122MO.   Sast\u0101vs:Dehidr\u0113ta t\u012btaru ga\u013ca (30%), svaiga vista (26%), putnu tauki (12%), dzeltenie zir\u0146i, \u0137irbju pupas, la\u0161u e\u013c\u013ca, hidroliz\u0113tas vistas aknas, lins\u0113klas, alus raugs, kolostrum, \u017e\u0101v\u0113tas dz\u0113rvenes, miner\u0101lvielas, probiotikas un prebiotikas. Anal\u012btisk\u0101 sast\u0101vs:Olbaltumvielas 38%, tauki 18%, \u0161\u0137iedra 1,5%, kalcijs 1,2%, fosfors 0,9%, Omega-3 0,5%, Omega-6 2,2%. Uzglab\u0101\u0161ana un baro\u0161ana:Pasniedziet sausu vai viegli samitrin\u0101tu. Piel\u0101gojiet porciju atbilsto\u0161i ka\u0137\u0113na vecumam un aktivit\u0101tei. Vienm\u0113r nodro\u0161iniet svaigu dzeramo \u016bdeni. \ud83c\udf3f Vesela s\u0101kums dz\u012bvei \u2013 Brit Care Kitten!","og_url":"https:\/\/miumjau.ee\/lv\/produkts\/brit-care-kitten-turkey-chicken-2kg\/","og_site_name":"MiuMjau","article_publisher":"https:\/\/www.facebook.com\/miumjaupood\/","og_image":[{"width":600,"height":800,"url":"https:\/\/miumjau.ee\/wp-content\/uploads\/2025\/02\/brit-care-kuivtoit1.jpg","type":"image\/jpeg"}],"twitter_card":"summary_large_image","schema":{"@context":"https:\/\/schema.org","@graph":[{"@type":"WebPage","@id":"https:\/\/miumjau.ee\/lv\/produkts\/brit-care-kitten-turkey-chicken-2kg\/","url":"https:\/\/miumjau.ee\/lv\/produkts\/brit-care-kitten-turkey-chicken-2kg\/","name":"Brit Care Kitten Turkey & Chicken 2kg - MiuMjau","isPartOf":{"@id":"https:\/\/miumjau.ee\/#website"},"primaryImageOfPage":{"@id":"https:\/\/miumjau.ee\/lv\/produkts\/brit-care-kitten-turkey-chicken-2kg\/#primaryimage"},"image":{"@id":"https:\/\/miumjau.ee\/lv\/produkts\/brit-care-kitten-turkey-chicken-2kg\/#primaryimage"},"thumbnailUrl":"https:\/\/miumjau.ee\/wp-content\/uploads\/2025\/02\/brit-care-kuivtoit1.jpg","datePublished":"2025-02-18T11:56:27+00:00","breadcrumb":{"@id":"https:\/\/miumjau.ee\/lv\/produkts\/brit-care-kitten-turkey-chicken-2kg\/#breadcrumb"},"inLanguage":"lv-LV","potentialAction":[{"@type":"ReadAction","target":["https:\/\/miumjau.ee\/lv\/produkts\/brit-care-kitten-turkey-chicken-2kg\/"]}]},{"@type":"ImageObject","inLanguage":"lv-LV","@id":"https:\/\/miumjau.ee\/lv\/produkts\/brit-care-kitten-turkey-chicken-2kg\/#primaryimage","url":"https:\/\/miumjau.ee\/wp-content\/uploads\/2025\/02\/brit-care-kuivtoit1.jpg","contentUrl":"https:\/\/miumjau.ee\/wp-content\/uploads\/2025\/02\/brit-care-kuivtoit1.jpg","width":600,"height":800,"caption":"Brit Care Kitten kuivtoit kassipojale kalkuni ja kanaga 400g"},{"@type":"BreadcrumbList","@id":"https:\/\/miumjau.ee\/lv\/produkts\/brit-care-kitten-turkey-chicken-2kg\/#breadcrumb","itemListElement":[{"@type":"ListItem","position":1,"name":"Home","item":"https:\/\/miumjau.ee\/lv\/"},{"@type":"ListItem","position":2,"name":"Veikals","item":"https:\/\/miumjau.ee\/lv\/veikals\/"},{"@type":"ListItem","position":3,"name":"Brit Care Kitten Turkey &#038; Chicken 2kg"}]},{"@type":"WebSite","@id":"https:\/\/miumjau.ee\/#website","url":"https:\/\/miumjau.ee\/","name":"MiuMjau","description":"Kraapimispuud kassidele","publisher":{"@id":"https:\/\/miumjau.ee\/#organization"},"potentialAction":[{"@type":"SearchAction","target":{"@type":"EntryPoint","urlTemplate":"https:\/\/miumjau.ee\/?s={search_term_string}"},"query-input":{"@type":"PropertyValueSpecification","valueRequired":true,"valueName":"search_term_string"}}],"inLanguage":"lv-LV"},{"@type":"Organization","@id":"https:\/\/miumjau.ee\/#organization","name":"MiuMjau O\u00dc","url":"https:\/\/miumjau.ee\/","logo":{"@type":"ImageObject","inLanguage":"lv-LV","@id":"https:\/\/miumjau.ee\/#\/schema\/logo\/image\/","url":"https:\/\/miumjau.ee\/wp-content\/uploads\/2022\/04\/MiuMjau-logo-kollane.png","contentUrl":"https:\/\/miumjau.ee\/wp-content\/uploads\/2022\/04\/MiuMjau-logo-kollane.png","width":219,"height":100,"caption":"MiuMjau O\u00dc"},"image":{"@id":"https:\/\/miumjau.ee\/#\/schema\/logo\/image\/"},"sameAs":["https:\/\/www.facebook.com\/miumjaupood\/"]}]}},"_links":{"self":[{"href":"https:\/\/miumjau.ee\/lv\/wp-json\/wp\/v2\/product\/52164","targetHints":{"allow":["GET"]}}],"collection":[{"href":"https:\/\/miumjau.ee\/lv\/wp-json\/wp\/v2\/product"}],"about":[{"href":"https:\/\/miumjau.ee\/lv\/wp-json\/wp\/v2\/types\/product"}],"wp:featuredmedia":[{"embeddable":true,"href":"https:\/\/miumjau.ee\/lv\/wp-json\/wp\/v2\/media\/52152"}],"wp:attachment":[{"href":"https:\/\/miumjau.ee\/lv\/wp-json\/wp\/v2\/media?parent=52164"}],"wp:term":[{"taxonomy":"product_brand","embeddable":true,"href":"https:\/\/miumjau.ee\/lv\/wp-json\/wp\/v2\/product_brand?post=52164"},{"taxonomy":"product_cat","embeddable":true,"href":"https:\/\/miumjau.ee\/lv\/wp-json\/wp\/v2\/product_cat?post=52164"},{"taxonomy":"product_tag","embeddable":true,"href":"https:\/\/miumjau.ee\/lv\/wp-json\/wp\/v2\/product_tag?post=52164"}],"curies":[{"name":"wp","href":"https:\/\/api.w.org\/{rel}","templated":true}]}}