{"id":52161,"date":"2025-03-24T09:29:16","date_gmt":"2025-03-24T07:29:16","guid":{"rendered":"https:\/\/miumjau.ee\/toode\/brit-care-haircare-salmon-chicken-grainfree-7kg\/"},"modified":"2025-03-24T09:29:16","modified_gmt":"2025-03-24T07:29:16","slug":"brit-care-haircare-salmon-chicken-grainfree-7kg","status":"publish","type":"product","link":"https:\/\/miumjau.ee\/lv\/produkts\/brit-care-haircare-salmon-chicken-grainfree-7kg\/","title":{"rendered":"Brit Care Haircare Salmon &#038; Chicken, grainfree 7kg"},"content":{"rendered":"","protected":false},"excerpt":{"rendered":"<p data-start=\"172\" data-end=\"240\"><strong data-start=\"172\" data-end=\"238\">Pilnv\u0113rt\u012bga bar\u012bba pieaugu\u0161iem ka\u0137iem ar \u012bpa\u0161u kop\u0161anu ka\u017eokam<\/strong><\/p>\n<p data-start=\"242\" data-end=\"499\">Hipoaler\u0123isks un bezgraudu sast\u0101vs, kas bag\u0101ts ar \u0161\u0137iedrviel\u0101m, atvieglo matu kamolu izvad\u012b\u0161anu. Augstas kvalit\u0101tes olbaltumvielas no ga\u013cas pal\u012bdz saglab\u0101t musku\u013cus slaidus un stiprus. Taur\u012bns, kas ir b\u016btisks ka\u0137iem, atbalsta labu redzi un sirds vesel\u012bbu.<\/p>\n<p data-start=\"501\" data-end=\"525\"><strong data-start=\"501\" data-end=\"523\">Galven\u0101s \u012bpa\u0161\u012bbas:<\/strong><\/p>\n<ul data-start=\"526\" data-end=\"872\">\n<li data-start=\"526\" data-end=\"660\">\n<p data-start=\"528\" data-end=\"660\"><strong data-start=\"528\" data-end=\"560\">SVAIGA LASIS, VISTA, LINSEED<\/strong> \u2013 dab\u012bgi omega-3 un omega-6 tauksk\u0101bju avoti, kas pal\u012bdz saglab\u0101t spalvu sp\u012bd\u012bgu un \u0101du vesel\u012bgu.<\/p>\n<\/li>\n<li data-start=\"661\" data-end=\"791\">\n<p data-start=\"663\" data-end=\"791\"><strong data-start=\"663\" data-end=\"679\">\u0160\u0136IEDRVIELAS<\/strong> \u2013 veicina matu kamolu izvad\u012b\u0161anu, rada s\u0101ta saj\u016btu, kas samazina p\u0101rtikas daudzumu un pal\u012bdz kontrol\u0113t svaru.<\/p>\n<\/li>\n<li data-start=\"792\" data-end=\"872\">\n<p data-start=\"794\" data-end=\"872\"><strong data-start=\"794\" data-end=\"824\">PROBIOTIKAS UN PREBIOTIKAS<\/strong> \u2013 stiprina im\u016bnsist\u0113mu un atbalsta gremo\u0161anu.<\/p>\n<\/li>\n<\/ul>\n<p data-start=\"874\" data-end=\"948\">Bez graudiem \u2013 nesatur m\u0101ksl\u012bg\u0101s kr\u0101svielas, konservantus, \u0122MO vai soju.<\/p>\n<p data-start=\"950\" data-end=\"1473\"><strong data-start=\"950\" data-end=\"962\">Sast\u0101vs:<\/strong><br data-start=\"962\" data-end=\"965\" \/>Svaiga lasis (26%), dehidr\u0113ta vista (26%), dzeltenie zir\u0146i (14%), \u0137irbju pupas (8%), vistas tauki (6%), \u017e\u0101v\u0113ti \u0101boli (6%), lasi e\u013c\u013ca (3%), t\u0113jas lapu \u010daumalas un s\u0113klas (2%), lins\u0113klas (2%), hidroliz\u0113ta vistas aknas (2%), alus raugs (2%), \u017e\u0101v\u0113tas j\u016bras a\u013c\u0123es (1,5%), \u017e\u0101v\u0113ts kumel\u012bte (0,5%), miner\u0101lvielas, \u017e\u0101v\u0113ti ro\u017eu gurni (0,3%), \u017e\u0101v\u0113tas dz\u0113rvenes (0,2%), frukto-oligosahar\u012bdi (0,015%), mannan-oligosahar\u012bdi (0,015%), Mojave juka (0,008%), inaktiv\u0113ti Lactobacillus acidophilus HA \u2013 122 (15&#215;10\u2079 \u0161\u016bnas\/kg).<\/p>\n<p data-start=\"1475\" data-end=\"1652\"><strong data-start=\"1475\" data-end=\"1498\">Anal\u012btisk\u0101 sast\u0101vs:<\/strong><br data-start=\"1498\" data-end=\"1501\" \/>Olbaltumvielas 31%, tauki 16%, \u0161\u0137iedra 4%, pelni 8,5%, mitrums 10%, omega-3 1,2%, omega-6 2%, kalcijs 1,1%, fosfors 0,9%, n\u0101trijs 0,9%, magnijs 0,1%.<\/p>\n<p data-start=\"1654\" data-end=\"2057\"><strong data-start=\"1654\" data-end=\"1685\">Bar\u012bbas papildin\u0101jumi 1\u202fkg:<\/strong><br data-start=\"1685\" data-end=\"1688\" \/>A-vitamins 20\u202f000 R\u00dc, D3-vitamins 800 R\u00dc, E-vitamins 600\u202fmg, C-vitamins 300\u202fmg, taur\u012bns 2\u202f500\u202fmg, L-karnit\u012bns 50\u202fmg, hol\u012bns 2\u202f500\u202fmg, biot\u012bns 2\u202fmg, B1 10\u202fmg, B2 12\u202fmg, niac\u012bnam\u012bds 50\u202fmg, kalcija D-pantoten\u0101ts 40\u202fmg, B6 10\u202fmg, folijsk\u0101be 2\u202fmg, B12 0,04\u202fmg, cinks 120\u202fmg, dzelzs 45\u202fmg, mang\u0101ns 55\u202fmg, k\u0101lija jod\u012bds 4\u202fmg, var\u0161 10\u202fmg, sel\u0113ns 0,2\u202fmg, L-metion\u012bns 2\u202f000\u202fmg.<\/p>\n<p data-start=\"2059\" data-end=\"2194\">Satur Eiropas Savien\u012bb\u0101 atz\u012btas dab\u012bgas antioksidantas: tokoferolu ekstrakti no augu e\u013c\u013c\u0101m, askorb\u012blpalmit\u0101ts un rozmar\u012bna ekstrakts.<\/p>\n<p data-start=\"2196\" data-end=\"2240\"><strong data-start=\"2196\" data-end=\"2224\">Metaboliz\u0113jam\u0101 ener\u0123ija:<\/strong> 3\u202f720\u202fkcal\/kg<\/p>\n","protected":false},"featured_media":47598,"template":"","meta":[],"product_brand":[],"product_cat":[569],"product_tag":[],"class_list":{"0":"post-52161","1":"product","2":"type-product","3":"status-publish","4":"has-post-thumbnail","6":"product_cat-sausa-bariba","8":"first","9":"instock","10":"taxable","11":"shipping-taxable","12":"purchasable","13":"product-type-simple"},"yoast_head":"<!-- This site is optimized with the Yoast SEO plugin v27.2 - https:\/\/yoast.com\/product\/yoast-seo-wordpress\/ -->\n<title>Brit Care Haircare Salmon &amp; Chicken, grainfree 7kg - MiuMjau<\/title>\n<meta name=\"robots\" content=\"index, follow, max-snippet:-1, max-image-preview:large, max-video-preview:-1\" \/>\n<link rel=\"canonical\" href=\"https:\/\/miumjau.ee\/lv\/produkts\/brit-care-haircare-salmon-chicken-grainfree-7kg\/\" \/>\n<meta property=\"og:locale\" content=\"lv_LV\" \/>\n<meta property=\"og:type\" content=\"article\" \/>\n<meta property=\"og:title\" content=\"Brit Care Haircare Salmon &amp; Chicken, grainfree 7kg - MiuMjau\" \/>\n<meta property=\"og:description\" content=\"Pilnv\u0113rt\u012bga bar\u012bba pieaugu\u0161iem ka\u0137iem ar \u012bpa\u0161u kop\u0161anu ka\u017eokam Hipoaler\u0123isks un bezgraudu sast\u0101vs, kas bag\u0101ts ar \u0161\u0137iedrviel\u0101m, atvieglo matu kamolu izvad\u012b\u0161anu. Augstas kvalit\u0101tes olbaltumvielas no ga\u013cas pal\u012bdz saglab\u0101t musku\u013cus slaidus un stiprus. Taur\u012bns, kas ir b\u016btisks ka\u0137iem, atbalsta labu redzi un sirds vesel\u012bbu. Galven\u0101s \u012bpa\u0161\u012bbas:     SVAIGA LASIS, VISTA, LINSEED \u2013 dab\u012bgi omega-3 un omega-6 tauksk\u0101bju avoti, kas pal\u012bdz saglab\u0101t spalvu sp\u012bd\u012bgu un \u0101du vesel\u012bgu.    \u0160\u0136IEDRVIELAS \u2013 veicina matu kamolu izvad\u012b\u0161anu, rada s\u0101ta saj\u016btu, kas samazina p\u0101rtikas daudzumu un pal\u012bdz kontrol\u0113t svaru.    PROBIOTIKAS UN PREBIOTIKAS \u2013 stiprina im\u016bnsist\u0113mu un atbalsta gremo\u0161anu.   Bez graudiem \u2013 nesatur m\u0101ksl\u012bg\u0101s kr\u0101svielas, konservantus, \u0122MO vai soju. Sast\u0101vs:Svaiga lasis (26%), dehidr\u0113ta vista (26%), dzeltenie zir\u0146i (14%), \u0137irbju pupas (8%), vistas tauki (6%), \u017e\u0101v\u0113ti \u0101boli (6%), lasi e\u013c\u013ca (3%), t\u0113jas lapu \u010daumalas un s\u0113klas (2%), lins\u0113klas (2%), hidroliz\u0113ta vistas aknas (2%), alus raugs (2%), \u017e\u0101v\u0113tas j\u016bras a\u013c\u0123es (1,5%), \u017e\u0101v\u0113ts kumel\u012bte (0,5%), miner\u0101lvielas, \u017e\u0101v\u0113ti ro\u017eu gurni (0,3%), \u017e\u0101v\u0113tas dz\u0113rvenes (0,2%), frukto-oligosahar\u012bdi (0,015%), mannan-oligosahar\u012bdi (0,015%), Mojave juka (0,008%), inaktiv\u0113ti Lactobacillus acidophilus HA \u2013 122 (15x10\u2079 \u0161\u016bnas\/kg). Anal\u012btisk\u0101 sast\u0101vs:Olbaltumvielas 31%, tauki 16%, \u0161\u0137iedra 4%, pelni 8,5%, mitrums 10%, omega-3 1,2%, omega-6 2%, kalcijs 1,1%, fosfors 0,9%, n\u0101trijs 0,9%, magnijs 0,1%. Bar\u012bbas papildin\u0101jumi 1\u202fkg:A-vitamins 20\u202f000 R\u00dc, D3-vitamins 800 R\u00dc, E-vitamins 600\u202fmg, C-vitamins 300\u202fmg, taur\u012bns 2\u202f500\u202fmg, L-karnit\u012bns 50\u202fmg, hol\u012bns 2\u202f500\u202fmg, biot\u012bns 2\u202fmg, B1 10\u202fmg, B2 12\u202fmg, niac\u012bnam\u012bds 50\u202fmg, kalcija D-pantoten\u0101ts 40\u202fmg, B6 10\u202fmg, folijsk\u0101be 2\u202fmg, B12 0,04\u202fmg, cinks 120\u202fmg, dzelzs 45\u202fmg, mang\u0101ns 55\u202fmg, k\u0101lija jod\u012bds 4\u202fmg, var\u0161 10\u202fmg, sel\u0113ns 0,2\u202fmg, L-metion\u012bns 2\u202f000\u202fmg. Satur Eiropas Savien\u012bb\u0101 atz\u012btas dab\u012bgas antioksidantas: tokoferolu ekstrakti no augu e\u013c\u013c\u0101m, askorb\u012blpalmit\u0101ts un rozmar\u012bna ekstrakts. Metaboliz\u0113jam\u0101 ener\u0123ija: 3\u202f720\u202fkcal\/kg\" \/>\n<meta property=\"og:url\" content=\"https:\/\/miumjau.ee\/lv\/produkts\/brit-care-haircare-salmon-chicken-grainfree-7kg\/\" \/>\n<meta property=\"og:site_name\" content=\"MiuMjau\" \/>\n<meta property=\"article:publisher\" content=\"https:\/\/www.facebook.com\/miumjaupood\/\" \/>\n<meta property=\"og:image\" content=\"https:\/\/miumjau.ee\/wp-content\/uploads\/2025\/03\/brit-care-kuivtoit-kassidele-7kg2.webp\" \/>\n\t<meta property=\"og:image:width\" content=\"600\" \/>\n\t<meta property=\"og:image:height\" content=\"800\" \/>\n\t<meta property=\"og:image:type\" content=\"image\/webp\" \/>\n<meta name=\"twitter:card\" content=\"summary_large_image\" \/>\n<script type=\"application\/ld+json\" class=\"yoast-schema-graph\">{\"@context\":\"https:\/\/schema.org\",\"@graph\":[{\"@type\":\"WebPage\",\"@id\":\"https:\/\/miumjau.ee\/lv\/produkts\/brit-care-haircare-salmon-chicken-grainfree-7kg\/\",\"url\":\"https:\/\/miumjau.ee\/lv\/produkts\/brit-care-haircare-salmon-chicken-grainfree-7kg\/\",\"name\":\"Brit Care Haircare Salmon & Chicken, grainfree 7kg - MiuMjau\",\"isPartOf\":{\"@id\":\"https:\/\/miumjau.ee\/#website\"},\"primaryImageOfPage\":{\"@id\":\"https:\/\/miumjau.ee\/lv\/produkts\/brit-care-haircare-salmon-chicken-grainfree-7kg\/#primaryimage\"},\"image\":{\"@id\":\"https:\/\/miumjau.ee\/lv\/produkts\/brit-care-haircare-salmon-chicken-grainfree-7kg\/#primaryimage\"},\"thumbnailUrl\":\"https:\/\/miumjau.ee\/wp-content\/uploads\/2025\/03\/brit-care-kuivtoit-kassidele-7kg2.webp\",\"datePublished\":\"2025-03-24T07:29:16+00:00\",\"breadcrumb\":{\"@id\":\"https:\/\/miumjau.ee\/lv\/produkts\/brit-care-haircare-salmon-chicken-grainfree-7kg\/#breadcrumb\"},\"inLanguage\":\"lv-LV\",\"potentialAction\":[{\"@type\":\"ReadAction\",\"target\":[\"https:\/\/miumjau.ee\/lv\/produkts\/brit-care-haircare-salmon-chicken-grainfree-7kg\/\"]}]},{\"@type\":\"ImageObject\",\"inLanguage\":\"lv-LV\",\"@id\":\"https:\/\/miumjau.ee\/lv\/produkts\/brit-care-haircare-salmon-chicken-grainfree-7kg\/#primaryimage\",\"url\":\"https:\/\/miumjau.ee\/wp-content\/uploads\/2025\/03\/brit-care-kuivtoit-kassidele-7kg2.webp\",\"contentUrl\":\"https:\/\/miumjau.ee\/wp-content\/uploads\/2025\/03\/brit-care-kuivtoit-kassidele-7kg2.webp\",\"width\":600,\"height\":800},{\"@type\":\"BreadcrumbList\",\"@id\":\"https:\/\/miumjau.ee\/lv\/produkts\/brit-care-haircare-salmon-chicken-grainfree-7kg\/#breadcrumb\",\"itemListElement\":[{\"@type\":\"ListItem\",\"position\":1,\"name\":\"Home\",\"item\":\"https:\/\/miumjau.ee\/lv\/\"},{\"@type\":\"ListItem\",\"position\":2,\"name\":\"Veikals\",\"item\":\"https:\/\/miumjau.ee\/lv\/veikals\/\"},{\"@type\":\"ListItem\",\"position\":3,\"name\":\"Brit Care Haircare Salmon &#038; Chicken, grainfree 7kg\"}]},{\"@type\":\"WebSite\",\"@id\":\"https:\/\/miumjau.ee\/#website\",\"url\":\"https:\/\/miumjau.ee\/\",\"name\":\"MiuMjau\",\"description\":\"Kraapimispuud kassidele\",\"publisher\":{\"@id\":\"https:\/\/miumjau.ee\/#organization\"},\"potentialAction\":[{\"@type\":\"SearchAction\",\"target\":{\"@type\":\"EntryPoint\",\"urlTemplate\":\"https:\/\/miumjau.ee\/?s={search_term_string}\"},\"query-input\":{\"@type\":\"PropertyValueSpecification\",\"valueRequired\":true,\"valueName\":\"search_term_string\"}}],\"inLanguage\":\"lv-LV\"},{\"@type\":\"Organization\",\"@id\":\"https:\/\/miumjau.ee\/#organization\",\"name\":\"MiuMjau O\u00dc\",\"url\":\"https:\/\/miumjau.ee\/\",\"logo\":{\"@type\":\"ImageObject\",\"inLanguage\":\"lv-LV\",\"@id\":\"https:\/\/miumjau.ee\/#\/schema\/logo\/image\/\",\"url\":\"https:\/\/miumjau.ee\/wp-content\/uploads\/2022\/04\/MiuMjau-logo-kollane.png\",\"contentUrl\":\"https:\/\/miumjau.ee\/wp-content\/uploads\/2022\/04\/MiuMjau-logo-kollane.png\",\"width\":219,\"height\":100,\"caption\":\"MiuMjau O\u00dc\"},\"image\":{\"@id\":\"https:\/\/miumjau.ee\/#\/schema\/logo\/image\/\"},\"sameAs\":[\"https:\/\/www.facebook.com\/miumjaupood\/\"]}]}<\/script>\n<!-- \/ Yoast SEO plugin. -->","yoast_head_json":{"title":"Brit Care Haircare Salmon & Chicken, grainfree 7kg - MiuMjau","robots":{"index":"index","follow":"follow","max-snippet":"max-snippet:-1","max-image-preview":"max-image-preview:large","max-video-preview":"max-video-preview:-1"},"canonical":"https:\/\/miumjau.ee\/lv\/produkts\/brit-care-haircare-salmon-chicken-grainfree-7kg\/","og_locale":"lv_LV","og_type":"article","og_title":"Brit Care Haircare Salmon & Chicken, grainfree 7kg - MiuMjau","og_description":"Pilnv\u0113rt\u012bga bar\u012bba pieaugu\u0161iem ka\u0137iem ar \u012bpa\u0161u kop\u0161anu ka\u017eokam Hipoaler\u0123isks un bezgraudu sast\u0101vs, kas bag\u0101ts ar \u0161\u0137iedrviel\u0101m, atvieglo matu kamolu izvad\u012b\u0161anu. Augstas kvalit\u0101tes olbaltumvielas no ga\u013cas pal\u012bdz saglab\u0101t musku\u013cus slaidus un stiprus. Taur\u012bns, kas ir b\u016btisks ka\u0137iem, atbalsta labu redzi un sirds vesel\u012bbu. Galven\u0101s \u012bpa\u0161\u012bbas:     SVAIGA LASIS, VISTA, LINSEED \u2013 dab\u012bgi omega-3 un omega-6 tauksk\u0101bju avoti, kas pal\u012bdz saglab\u0101t spalvu sp\u012bd\u012bgu un \u0101du vesel\u012bgu.    \u0160\u0136IEDRVIELAS \u2013 veicina matu kamolu izvad\u012b\u0161anu, rada s\u0101ta saj\u016btu, kas samazina p\u0101rtikas daudzumu un pal\u012bdz kontrol\u0113t svaru.    PROBIOTIKAS UN PREBIOTIKAS \u2013 stiprina im\u016bnsist\u0113mu un atbalsta gremo\u0161anu.   Bez graudiem \u2013 nesatur m\u0101ksl\u012bg\u0101s kr\u0101svielas, konservantus, \u0122MO vai soju. Sast\u0101vs:Svaiga lasis (26%), dehidr\u0113ta vista (26%), dzeltenie zir\u0146i (14%), \u0137irbju pupas (8%), vistas tauki (6%), \u017e\u0101v\u0113ti \u0101boli (6%), lasi e\u013c\u013ca (3%), t\u0113jas lapu \u010daumalas un s\u0113klas (2%), lins\u0113klas (2%), hidroliz\u0113ta vistas aknas (2%), alus raugs (2%), \u017e\u0101v\u0113tas j\u016bras a\u013c\u0123es (1,5%), \u017e\u0101v\u0113ts kumel\u012bte (0,5%), miner\u0101lvielas, \u017e\u0101v\u0113ti ro\u017eu gurni (0,3%), \u017e\u0101v\u0113tas dz\u0113rvenes (0,2%), frukto-oligosahar\u012bdi (0,015%), mannan-oligosahar\u012bdi (0,015%), Mojave juka (0,008%), inaktiv\u0113ti Lactobacillus acidophilus HA \u2013 122 (15x10\u2079 \u0161\u016bnas\/kg). Anal\u012btisk\u0101 sast\u0101vs:Olbaltumvielas 31%, tauki 16%, \u0161\u0137iedra 4%, pelni 8,5%, mitrums 10%, omega-3 1,2%, omega-6 2%, kalcijs 1,1%, fosfors 0,9%, n\u0101trijs 0,9%, magnijs 0,1%. Bar\u012bbas papildin\u0101jumi 1\u202fkg:A-vitamins 20\u202f000 R\u00dc, D3-vitamins 800 R\u00dc, E-vitamins 600\u202fmg, C-vitamins 300\u202fmg, taur\u012bns 2\u202f500\u202fmg, L-karnit\u012bns 50\u202fmg, hol\u012bns 2\u202f500\u202fmg, biot\u012bns 2\u202fmg, B1 10\u202fmg, B2 12\u202fmg, niac\u012bnam\u012bds 50\u202fmg, kalcija D-pantoten\u0101ts 40\u202fmg, B6 10\u202fmg, folijsk\u0101be 2\u202fmg, B12 0,04\u202fmg, cinks 120\u202fmg, dzelzs 45\u202fmg, mang\u0101ns 55\u202fmg, k\u0101lija jod\u012bds 4\u202fmg, var\u0161 10\u202fmg, sel\u0113ns 0,2\u202fmg, L-metion\u012bns 2\u202f000\u202fmg. Satur Eiropas Savien\u012bb\u0101 atz\u012btas dab\u012bgas antioksidantas: tokoferolu ekstrakti no augu e\u013c\u013c\u0101m, askorb\u012blpalmit\u0101ts un rozmar\u012bna ekstrakts. Metaboliz\u0113jam\u0101 ener\u0123ija: 3\u202f720\u202fkcal\/kg","og_url":"https:\/\/miumjau.ee\/lv\/produkts\/brit-care-haircare-salmon-chicken-grainfree-7kg\/","og_site_name":"MiuMjau","article_publisher":"https:\/\/www.facebook.com\/miumjaupood\/","og_image":[{"width":600,"height":800,"url":"https:\/\/miumjau.ee\/wp-content\/uploads\/2025\/03\/brit-care-kuivtoit-kassidele-7kg2.webp","type":"image\/webp"}],"twitter_card":"summary_large_image","schema":{"@context":"https:\/\/schema.org","@graph":[{"@type":"WebPage","@id":"https:\/\/miumjau.ee\/lv\/produkts\/brit-care-haircare-salmon-chicken-grainfree-7kg\/","url":"https:\/\/miumjau.ee\/lv\/produkts\/brit-care-haircare-salmon-chicken-grainfree-7kg\/","name":"Brit Care Haircare Salmon & Chicken, grainfree 7kg - MiuMjau","isPartOf":{"@id":"https:\/\/miumjau.ee\/#website"},"primaryImageOfPage":{"@id":"https:\/\/miumjau.ee\/lv\/produkts\/brit-care-haircare-salmon-chicken-grainfree-7kg\/#primaryimage"},"image":{"@id":"https:\/\/miumjau.ee\/lv\/produkts\/brit-care-haircare-salmon-chicken-grainfree-7kg\/#primaryimage"},"thumbnailUrl":"https:\/\/miumjau.ee\/wp-content\/uploads\/2025\/03\/brit-care-kuivtoit-kassidele-7kg2.webp","datePublished":"2025-03-24T07:29:16+00:00","breadcrumb":{"@id":"https:\/\/miumjau.ee\/lv\/produkts\/brit-care-haircare-salmon-chicken-grainfree-7kg\/#breadcrumb"},"inLanguage":"lv-LV","potentialAction":[{"@type":"ReadAction","target":["https:\/\/miumjau.ee\/lv\/produkts\/brit-care-haircare-salmon-chicken-grainfree-7kg\/"]}]},{"@type":"ImageObject","inLanguage":"lv-LV","@id":"https:\/\/miumjau.ee\/lv\/produkts\/brit-care-haircare-salmon-chicken-grainfree-7kg\/#primaryimage","url":"https:\/\/miumjau.ee\/wp-content\/uploads\/2025\/03\/brit-care-kuivtoit-kassidele-7kg2.webp","contentUrl":"https:\/\/miumjau.ee\/wp-content\/uploads\/2025\/03\/brit-care-kuivtoit-kassidele-7kg2.webp","width":600,"height":800},{"@type":"BreadcrumbList","@id":"https:\/\/miumjau.ee\/lv\/produkts\/brit-care-haircare-salmon-chicken-grainfree-7kg\/#breadcrumb","itemListElement":[{"@type":"ListItem","position":1,"name":"Home","item":"https:\/\/miumjau.ee\/lv\/"},{"@type":"ListItem","position":2,"name":"Veikals","item":"https:\/\/miumjau.ee\/lv\/veikals\/"},{"@type":"ListItem","position":3,"name":"Brit Care Haircare Salmon &#038; Chicken, grainfree 7kg"}]},{"@type":"WebSite","@id":"https:\/\/miumjau.ee\/#website","url":"https:\/\/miumjau.ee\/","name":"MiuMjau","description":"Kraapimispuud kassidele","publisher":{"@id":"https:\/\/miumjau.ee\/#organization"},"potentialAction":[{"@type":"SearchAction","target":{"@type":"EntryPoint","urlTemplate":"https:\/\/miumjau.ee\/?s={search_term_string}"},"query-input":{"@type":"PropertyValueSpecification","valueRequired":true,"valueName":"search_term_string"}}],"inLanguage":"lv-LV"},{"@type":"Organization","@id":"https:\/\/miumjau.ee\/#organization","name":"MiuMjau O\u00dc","url":"https:\/\/miumjau.ee\/","logo":{"@type":"ImageObject","inLanguage":"lv-LV","@id":"https:\/\/miumjau.ee\/#\/schema\/logo\/image\/","url":"https:\/\/miumjau.ee\/wp-content\/uploads\/2022\/04\/MiuMjau-logo-kollane.png","contentUrl":"https:\/\/miumjau.ee\/wp-content\/uploads\/2022\/04\/MiuMjau-logo-kollane.png","width":219,"height":100,"caption":"MiuMjau O\u00dc"},"image":{"@id":"https:\/\/miumjau.ee\/#\/schema\/logo\/image\/"},"sameAs":["https:\/\/www.facebook.com\/miumjaupood\/"]}]}},"_links":{"self":[{"href":"https:\/\/miumjau.ee\/lv\/wp-json\/wp\/v2\/product\/52161","targetHints":{"allow":["GET"]}}],"collection":[{"href":"https:\/\/miumjau.ee\/lv\/wp-json\/wp\/v2\/product"}],"about":[{"href":"https:\/\/miumjau.ee\/lv\/wp-json\/wp\/v2\/types\/product"}],"wp:featuredmedia":[{"embeddable":true,"href":"https:\/\/miumjau.ee\/lv\/wp-json\/wp\/v2\/media\/47598"}],"wp:attachment":[{"href":"https:\/\/miumjau.ee\/lv\/wp-json\/wp\/v2\/media?parent=52161"}],"wp:term":[{"taxonomy":"product_brand","embeddable":true,"href":"https:\/\/miumjau.ee\/lv\/wp-json\/wp\/v2\/product_brand?post=52161"},{"taxonomy":"product_cat","embeddable":true,"href":"https:\/\/miumjau.ee\/lv\/wp-json\/wp\/v2\/product_cat?post=52161"},{"taxonomy":"product_tag","embeddable":true,"href":"https:\/\/miumjau.ee\/lv\/wp-json\/wp\/v2\/product_tag?post=52161"}],"curies":[{"name":"wp","href":"https:\/\/api.w.org\/{rel}","templated":true}]}}