{"id":52154,"date":"2025-02-18T09:47:04","date_gmt":"2025-02-18T07:47:04","guid":{"rendered":"https:\/\/miumjau.ee\/toode\/brit-care-senior-weight-control-2kg\/"},"modified":"2025-02-18T09:47:04","modified_gmt":"2025-02-18T07:47:04","slug":"brit-care-senior-weight-control-2kg","status":"publish","type":"product","link":"https:\/\/miumjau.ee\/lv\/produkts\/brit-care-senior-weight-control-2kg\/","title":{"rendered":"Brit Care Senior Weight Control 2kg"},"content":{"rendered":"","protected":false},"excerpt":{"rendered":"<p data-start=\"170\" data-end=\"244\"><strong data-start=\"170\" data-end=\"242\">Brit Care Senior Weight Control \u2013 sabalans\u0113ts uzturs vec\u0101kiem ka\u0137iem<\/strong><\/p>\n<p data-start=\"246\" data-end=\"496\">Hipoaler\u0123isks un bezgraudu recepte ar kvalitat\u012bviem olbaltumvielu avotiem, kas atbalsta ka\u0137a vesel\u012bbu un ener\u0123iju. Zemas tauku un augsta \u0161\u0137iedrvielu saturs pal\u012bdz uztur\u0113t ide\u0101lu \u0137erme\u0146a svaru, savuk\u0101rt probiotikas atbalsta gremo\u0161anu un im\u016bnsist\u0113mu.<\/p>\n<p data-start=\"498\" data-end=\"730\">Dab\u012bgas sast\u0101vda\u013cas, piem\u0113ram, ro\u017eu gurni un magones, pal\u012bdz uztur\u0113t nieru un ur\u012bnce\u013cu vesel\u012bbu, un sabalans\u0113ta vitam\u012bnu un miner\u0101lvielu kombin\u0101cija nodro\u0161ina ikdienas labsaj\u016btu. Nesatur m\u0101ksl\u012bg\u0101s kr\u0101svielas, konservantus vai \u0122MO.<\/p>\n<p data-start=\"732\" data-end=\"949\"><strong data-start=\"732\" data-end=\"744\">Sast\u0101vs:<\/strong> \u017e\u0101v\u0113ta vista (27 %), svaiga vista (26 %), dzeltenie zir\u0146i (22 %), \u0101boli, vistas tauki, alus raugs, lins\u0113klas, lasis e\u013c\u013ca, gar\u0161augi (magones, kumel\u012bte, ro\u017eu gurni, dz\u0113rvenes), prebiotikas un probiotikas.<\/p>\n<p data-start=\"951\" data-end=\"1087\"><strong data-start=\"951\" data-end=\"982\">Bar\u012bbas anal\u012btisk\u0101 sast\u0101vs:<\/strong> olbaltumvielas 34 %, tauki 15 %, \u0161\u0137iedra 4 %, pelni 9,5 %, mitrums 10 %, Omega-3 0,4 %, Omega-6 1,2 %.<\/p>\n<p data-start=\"1089\" data-end=\"1183\">Gar\u0161\u012bga un sabalans\u0113ta pilnv\u0113rt\u012bga bar\u012bba, kas pal\u012bdz saglab\u0101t j\u016bsu ka\u0137i vesel\u012bgu un akt\u012bvu!<\/p>\n","protected":false},"featured_media":52153,"template":"","meta":[],"product_brand":[],"product_cat":[569],"product_tag":[],"class_list":{"0":"post-52154","1":"product","2":"type-product","3":"status-publish","4":"has-post-thumbnail","6":"product_cat-sausa-bariba","8":"first","9":"instock","10":"taxable","11":"shipping-taxable","12":"purchasable","13":"product-type-simple"},"yoast_head":"<!-- This site is optimized with the Yoast SEO plugin v27.2 - https:\/\/yoast.com\/product\/yoast-seo-wordpress\/ -->\n<title>Brit Care Senior Weight Control 2kg - MiuMjau<\/title>\n<meta name=\"robots\" content=\"index, follow, max-snippet:-1, max-image-preview:large, max-video-preview:-1\" \/>\n<link rel=\"canonical\" href=\"https:\/\/miumjau.ee\/lv\/produkts\/brit-care-senior-weight-control-2kg\/\" \/>\n<meta property=\"og:locale\" content=\"lv_LV\" \/>\n<meta property=\"og:type\" content=\"article\" \/>\n<meta property=\"og:title\" content=\"Brit Care Senior Weight Control 2kg - MiuMjau\" \/>\n<meta property=\"og:description\" content=\"Brit Care Senior Weight Control \u2013 sabalans\u0113ts uzturs vec\u0101kiem ka\u0137iem Hipoaler\u0123isks un bezgraudu recepte ar kvalitat\u012bviem olbaltumvielu avotiem, kas atbalsta ka\u0137a vesel\u012bbu un ener\u0123iju. Zemas tauku un augsta \u0161\u0137iedrvielu saturs pal\u012bdz uztur\u0113t ide\u0101lu \u0137erme\u0146a svaru, savuk\u0101rt probiotikas atbalsta gremo\u0161anu un im\u016bnsist\u0113mu. Dab\u012bgas sast\u0101vda\u013cas, piem\u0113ram, ro\u017eu gurni un magones, pal\u012bdz uztur\u0113t nieru un ur\u012bnce\u013cu vesel\u012bbu, un sabalans\u0113ta vitam\u012bnu un miner\u0101lvielu kombin\u0101cija nodro\u0161ina ikdienas labsaj\u016btu. Nesatur m\u0101ksl\u012bg\u0101s kr\u0101svielas, konservantus vai \u0122MO. Sast\u0101vs: \u017e\u0101v\u0113ta vista (27 %), svaiga vista (26 %), dzeltenie zir\u0146i (22 %), \u0101boli, vistas tauki, alus raugs, lins\u0113klas, lasis e\u013c\u013ca, gar\u0161augi (magones, kumel\u012bte, ro\u017eu gurni, dz\u0113rvenes), prebiotikas un probiotikas. Bar\u012bbas anal\u012btisk\u0101 sast\u0101vs: olbaltumvielas 34 %, tauki 15 %, \u0161\u0137iedra 4 %, pelni 9,5 %, mitrums 10 %, Omega-3 0,4 %, Omega-6 1,2 %. Gar\u0161\u012bga un sabalans\u0113ta pilnv\u0113rt\u012bga bar\u012bba, kas pal\u012bdz saglab\u0101t j\u016bsu ka\u0137i vesel\u012bgu un akt\u012bvu!\" \/>\n<meta property=\"og:url\" content=\"https:\/\/miumjau.ee\/lv\/produkts\/brit-care-senior-weight-control-2kg\/\" \/>\n<meta property=\"og:site_name\" content=\"MiuMjau\" \/>\n<meta property=\"article:publisher\" content=\"https:\/\/www.facebook.com\/miumjaupood\/\" \/>\n<meta property=\"og:image\" content=\"https:\/\/miumjau.ee\/wp-content\/uploads\/2025\/02\/brit-care-kuivtoit3.jpg\" \/>\n\t<meta property=\"og:image:width\" content=\"600\" \/>\n\t<meta property=\"og:image:height\" content=\"800\" \/>\n\t<meta property=\"og:image:type\" content=\"image\/jpeg\" \/>\n<meta name=\"twitter:card\" content=\"summary_large_image\" \/>\n<script type=\"application\/ld+json\" class=\"yoast-schema-graph\">{\"@context\":\"https:\/\/schema.org\",\"@graph\":[{\"@type\":\"WebPage\",\"@id\":\"https:\/\/miumjau.ee\/lv\/produkts\/brit-care-senior-weight-control-2kg\/\",\"url\":\"https:\/\/miumjau.ee\/lv\/produkts\/brit-care-senior-weight-control-2kg\/\",\"name\":\"Brit Care Senior Weight Control 2kg - MiuMjau\",\"isPartOf\":{\"@id\":\"https:\/\/miumjau.ee\/#website\"},\"primaryImageOfPage\":{\"@id\":\"https:\/\/miumjau.ee\/lv\/produkts\/brit-care-senior-weight-control-2kg\/#primaryimage\"},\"image\":{\"@id\":\"https:\/\/miumjau.ee\/lv\/produkts\/brit-care-senior-weight-control-2kg\/#primaryimage\"},\"thumbnailUrl\":\"https:\/\/miumjau.ee\/wp-content\/uploads\/2025\/02\/brit-care-kuivtoit3.jpg\",\"datePublished\":\"2025-02-18T07:47:04+00:00\",\"breadcrumb\":{\"@id\":\"https:\/\/miumjau.ee\/lv\/produkts\/brit-care-senior-weight-control-2kg\/#breadcrumb\"},\"inLanguage\":\"lv-LV\",\"potentialAction\":[{\"@type\":\"ReadAction\",\"target\":[\"https:\/\/miumjau.ee\/lv\/produkts\/brit-care-senior-weight-control-2kg\/\"]}]},{\"@type\":\"ImageObject\",\"inLanguage\":\"lv-LV\",\"@id\":\"https:\/\/miumjau.ee\/lv\/produkts\/brit-care-senior-weight-control-2kg\/#primaryimage\",\"url\":\"https:\/\/miumjau.ee\/wp-content\/uploads\/2025\/02\/brit-care-kuivtoit3.jpg\",\"contentUrl\":\"https:\/\/miumjau.ee\/wp-content\/uploads\/2025\/02\/brit-care-kuivtoit3.jpg\",\"width\":600,\"height\":800},{\"@type\":\"BreadcrumbList\",\"@id\":\"https:\/\/miumjau.ee\/lv\/produkts\/brit-care-senior-weight-control-2kg\/#breadcrumb\",\"itemListElement\":[{\"@type\":\"ListItem\",\"position\":1,\"name\":\"Home\",\"item\":\"https:\/\/miumjau.ee\/lv\/\"},{\"@type\":\"ListItem\",\"position\":2,\"name\":\"Veikals\",\"item\":\"https:\/\/miumjau.ee\/lv\/veikals\/\"},{\"@type\":\"ListItem\",\"position\":3,\"name\":\"Brit Care Senior Weight Control 2kg\"}]},{\"@type\":\"WebSite\",\"@id\":\"https:\/\/miumjau.ee\/#website\",\"url\":\"https:\/\/miumjau.ee\/\",\"name\":\"MiuMjau\",\"description\":\"Kraapimispuud kassidele\",\"publisher\":{\"@id\":\"https:\/\/miumjau.ee\/#organization\"},\"potentialAction\":[{\"@type\":\"SearchAction\",\"target\":{\"@type\":\"EntryPoint\",\"urlTemplate\":\"https:\/\/miumjau.ee\/?s={search_term_string}\"},\"query-input\":{\"@type\":\"PropertyValueSpecification\",\"valueRequired\":true,\"valueName\":\"search_term_string\"}}],\"inLanguage\":\"lv-LV\"},{\"@type\":\"Organization\",\"@id\":\"https:\/\/miumjau.ee\/#organization\",\"name\":\"MiuMjau O\u00dc\",\"url\":\"https:\/\/miumjau.ee\/\",\"logo\":{\"@type\":\"ImageObject\",\"inLanguage\":\"lv-LV\",\"@id\":\"https:\/\/miumjau.ee\/#\/schema\/logo\/image\/\",\"url\":\"https:\/\/miumjau.ee\/wp-content\/uploads\/2022\/04\/MiuMjau-logo-kollane.png\",\"contentUrl\":\"https:\/\/miumjau.ee\/wp-content\/uploads\/2022\/04\/MiuMjau-logo-kollane.png\",\"width\":219,\"height\":100,\"caption\":\"MiuMjau O\u00dc\"},\"image\":{\"@id\":\"https:\/\/miumjau.ee\/#\/schema\/logo\/image\/\"},\"sameAs\":[\"https:\/\/www.facebook.com\/miumjaupood\/\"]}]}<\/script>\n<!-- \/ Yoast SEO plugin. -->","yoast_head_json":{"title":"Brit Care Senior Weight Control 2kg - MiuMjau","robots":{"index":"index","follow":"follow","max-snippet":"max-snippet:-1","max-image-preview":"max-image-preview:large","max-video-preview":"max-video-preview:-1"},"canonical":"https:\/\/miumjau.ee\/lv\/produkts\/brit-care-senior-weight-control-2kg\/","og_locale":"lv_LV","og_type":"article","og_title":"Brit Care Senior Weight Control 2kg - MiuMjau","og_description":"Brit Care Senior Weight Control \u2013 sabalans\u0113ts uzturs vec\u0101kiem ka\u0137iem Hipoaler\u0123isks un bezgraudu recepte ar kvalitat\u012bviem olbaltumvielu avotiem, kas atbalsta ka\u0137a vesel\u012bbu un ener\u0123iju. Zemas tauku un augsta \u0161\u0137iedrvielu saturs pal\u012bdz uztur\u0113t ide\u0101lu \u0137erme\u0146a svaru, savuk\u0101rt probiotikas atbalsta gremo\u0161anu un im\u016bnsist\u0113mu. Dab\u012bgas sast\u0101vda\u013cas, piem\u0113ram, ro\u017eu gurni un magones, pal\u012bdz uztur\u0113t nieru un ur\u012bnce\u013cu vesel\u012bbu, un sabalans\u0113ta vitam\u012bnu un miner\u0101lvielu kombin\u0101cija nodro\u0161ina ikdienas labsaj\u016btu. Nesatur m\u0101ksl\u012bg\u0101s kr\u0101svielas, konservantus vai \u0122MO. Sast\u0101vs: \u017e\u0101v\u0113ta vista (27 %), svaiga vista (26 %), dzeltenie zir\u0146i (22 %), \u0101boli, vistas tauki, alus raugs, lins\u0113klas, lasis e\u013c\u013ca, gar\u0161augi (magones, kumel\u012bte, ro\u017eu gurni, dz\u0113rvenes), prebiotikas un probiotikas. Bar\u012bbas anal\u012btisk\u0101 sast\u0101vs: olbaltumvielas 34 %, tauki 15 %, \u0161\u0137iedra 4 %, pelni 9,5 %, mitrums 10 %, Omega-3 0,4 %, Omega-6 1,2 %. Gar\u0161\u012bga un sabalans\u0113ta pilnv\u0113rt\u012bga bar\u012bba, kas pal\u012bdz saglab\u0101t j\u016bsu ka\u0137i vesel\u012bgu un akt\u012bvu!","og_url":"https:\/\/miumjau.ee\/lv\/produkts\/brit-care-senior-weight-control-2kg\/","og_site_name":"MiuMjau","article_publisher":"https:\/\/www.facebook.com\/miumjaupood\/","og_image":[{"width":600,"height":800,"url":"https:\/\/miumjau.ee\/wp-content\/uploads\/2025\/02\/brit-care-kuivtoit3.jpg","type":"image\/jpeg"}],"twitter_card":"summary_large_image","schema":{"@context":"https:\/\/schema.org","@graph":[{"@type":"WebPage","@id":"https:\/\/miumjau.ee\/lv\/produkts\/brit-care-senior-weight-control-2kg\/","url":"https:\/\/miumjau.ee\/lv\/produkts\/brit-care-senior-weight-control-2kg\/","name":"Brit Care Senior Weight Control 2kg - MiuMjau","isPartOf":{"@id":"https:\/\/miumjau.ee\/#website"},"primaryImageOfPage":{"@id":"https:\/\/miumjau.ee\/lv\/produkts\/brit-care-senior-weight-control-2kg\/#primaryimage"},"image":{"@id":"https:\/\/miumjau.ee\/lv\/produkts\/brit-care-senior-weight-control-2kg\/#primaryimage"},"thumbnailUrl":"https:\/\/miumjau.ee\/wp-content\/uploads\/2025\/02\/brit-care-kuivtoit3.jpg","datePublished":"2025-02-18T07:47:04+00:00","breadcrumb":{"@id":"https:\/\/miumjau.ee\/lv\/produkts\/brit-care-senior-weight-control-2kg\/#breadcrumb"},"inLanguage":"lv-LV","potentialAction":[{"@type":"ReadAction","target":["https:\/\/miumjau.ee\/lv\/produkts\/brit-care-senior-weight-control-2kg\/"]}]},{"@type":"ImageObject","inLanguage":"lv-LV","@id":"https:\/\/miumjau.ee\/lv\/produkts\/brit-care-senior-weight-control-2kg\/#primaryimage","url":"https:\/\/miumjau.ee\/wp-content\/uploads\/2025\/02\/brit-care-kuivtoit3.jpg","contentUrl":"https:\/\/miumjau.ee\/wp-content\/uploads\/2025\/02\/brit-care-kuivtoit3.jpg","width":600,"height":800},{"@type":"BreadcrumbList","@id":"https:\/\/miumjau.ee\/lv\/produkts\/brit-care-senior-weight-control-2kg\/#breadcrumb","itemListElement":[{"@type":"ListItem","position":1,"name":"Home","item":"https:\/\/miumjau.ee\/lv\/"},{"@type":"ListItem","position":2,"name":"Veikals","item":"https:\/\/miumjau.ee\/lv\/veikals\/"},{"@type":"ListItem","position":3,"name":"Brit Care Senior Weight Control 2kg"}]},{"@type":"WebSite","@id":"https:\/\/miumjau.ee\/#website","url":"https:\/\/miumjau.ee\/","name":"MiuMjau","description":"Kraapimispuud kassidele","publisher":{"@id":"https:\/\/miumjau.ee\/#organization"},"potentialAction":[{"@type":"SearchAction","target":{"@type":"EntryPoint","urlTemplate":"https:\/\/miumjau.ee\/?s={search_term_string}"},"query-input":{"@type":"PropertyValueSpecification","valueRequired":true,"valueName":"search_term_string"}}],"inLanguage":"lv-LV"},{"@type":"Organization","@id":"https:\/\/miumjau.ee\/#organization","name":"MiuMjau O\u00dc","url":"https:\/\/miumjau.ee\/","logo":{"@type":"ImageObject","inLanguage":"lv-LV","@id":"https:\/\/miumjau.ee\/#\/schema\/logo\/image\/","url":"https:\/\/miumjau.ee\/wp-content\/uploads\/2022\/04\/MiuMjau-logo-kollane.png","contentUrl":"https:\/\/miumjau.ee\/wp-content\/uploads\/2022\/04\/MiuMjau-logo-kollane.png","width":219,"height":100,"caption":"MiuMjau O\u00dc"},"image":{"@id":"https:\/\/miumjau.ee\/#\/schema\/logo\/image\/"},"sameAs":["https:\/\/www.facebook.com\/miumjaupood\/"]}]}},"_links":{"self":[{"href":"https:\/\/miumjau.ee\/lv\/wp-json\/wp\/v2\/product\/52154","targetHints":{"allow":["GET"]}}],"collection":[{"href":"https:\/\/miumjau.ee\/lv\/wp-json\/wp\/v2\/product"}],"about":[{"href":"https:\/\/miumjau.ee\/lv\/wp-json\/wp\/v2\/types\/product"}],"wp:featuredmedia":[{"embeddable":true,"href":"https:\/\/miumjau.ee\/lv\/wp-json\/wp\/v2\/media\/52153"}],"wp:attachment":[{"href":"https:\/\/miumjau.ee\/lv\/wp-json\/wp\/v2\/media?parent=52154"}],"wp:term":[{"taxonomy":"product_brand","embeddable":true,"href":"https:\/\/miumjau.ee\/lv\/wp-json\/wp\/v2\/product_brand?post=52154"},{"taxonomy":"product_cat","embeddable":true,"href":"https:\/\/miumjau.ee\/lv\/wp-json\/wp\/v2\/product_cat?post=52154"},{"taxonomy":"product_tag","embeddable":true,"href":"https:\/\/miumjau.ee\/lv\/wp-json\/wp\/v2\/product_tag?post=52154"}],"curies":[{"name":"wp","href":"https:\/\/api.w.org\/{rel}","templated":true}]}}