{"id":52150,"date":"2025-03-24T09:33:17","date_gmt":"2025-03-24T07:33:17","guid":{"rendered":"https:\/\/miumjau.ee\/toode\/brit-care-sensitive-insect-fresh-herring-7-kg\/"},"modified":"2025-03-24T09:33:17","modified_gmt":"2025-03-24T07:33:17","slug":"brit-care-sensitive-insect-fresh-herring-7-kg","status":"publish","type":"product","link":"https:\/\/miumjau.ee\/lv\/produkts\/brit-care-sensitive-insect-fresh-herring-7-kg\/","title":{"rendered":"Brit Care Sensitive Insect &#038; Fresh Herring 7\u202fkg"},"content":{"rendered":"","protected":false},"excerpt":{"rendered":"<p data-start=\"237\" data-end=\"343\">Pilnv\u0113rt\u012bga bar\u012bba pieaugu\u0161iem ka\u0137iem. Bez graudiem, hipoaler\u0123iska sast\u0101vs ka\u0137iem ar bar\u012bbas nepanes\u012bbu.<\/p>\n<ul data-start=\"345\" data-end=\"1129\">\n<li data-start=\"345\" data-end=\"432\">\n<p data-start=\"347\" data-end=\"432\">Bag\u0101ts ar Omega-3 un Omega-6 tauksk\u0101b\u0113m \u2013 nodro\u0161ina sp\u012bd\u012bgu ka\u017eoku un vesel\u012bgu \u0101du.<\/p>\n<\/li>\n<li data-start=\"433\" data-end=\"567\">\n<p data-start=\"435\" data-end=\"567\">Kukai\u0146u prote\u012bns atbalsta gremo\u0161anu un samazina p\u0101rtikas aler\u0123ijas risku. Jauns, ilgtsp\u0113j\u012bgs olbaltumvielu avots ar zemu CO\u2082 p\u0113du.<\/p>\n<\/li>\n<li data-start=\"568\" data-end=\"667\">\n<p data-start=\"570\" data-end=\"667\"><strong data-start=\"570\" data-end=\"581\">KUKAI\u0145I<\/strong> \u2013 jauns olbaltumvielu avots &amp; L.I.D. \u2013 lieliska sagremojam\u012bba, zems aler\u0123ijas risks<\/p>\n<\/li>\n<li data-start=\"668\" data-end=\"749\">\n<p data-start=\"670\" data-end=\"749\"><strong data-start=\"670\" data-end=\"700\">PROBIOTIKAS UN PREBIOTIKAS<\/strong> \u2013 atbalsta gremo\u0161anas un im\u016bnsist\u0113mas vesel\u012bbu<\/p>\n<\/li>\n<li data-start=\"750\" data-end=\"809\">\n<p data-start=\"752\" data-end=\"809\"><strong data-start=\"752\" data-end=\"769\">SMILTIS\u0112RK\u0160\u0136I<\/strong> \u2013 atbalsta nieru un ur\u012bnce\u013cu vesel\u012bbu<\/p>\n<\/li>\n<li data-start=\"810\" data-end=\"934\">\n<p data-start=\"812\" data-end=\"934\"><strong data-start=\"812\" data-end=\"826\">M\u0100RAS Z\u0100LE<\/strong> \u2013 dab\u012bg\u0101s \u012bpa\u0161\u012bbas pal\u012bdz mazin\u0101t stresu, stabiliz\u0113 sirds darb\u012bbu un samazina paaugstin\u0101tu asinsspiedienu<\/p>\n<\/li>\n<li data-start=\"935\" data-end=\"1008\">\n<p data-start=\"937\" data-end=\"1008\">Augsts Omega-3 un Omega-6 saturs \u2013 vesel\u012bgai \u0101dai un sp\u012bd\u012bgam ka\u017eokam<\/p>\n<\/li>\n<li data-start=\"1009\" data-end=\"1060\">\n<p data-start=\"1011\" data-end=\"1060\">Satur kokosriekstu e\u013c\u013cu \u2013 nesatur vistas taukus<\/p>\n<\/li>\n<li data-start=\"1061\" data-end=\"1129\">\n<p data-start=\"1063\" data-end=\"1129\">Bez graudiem, nav m\u0101ksl\u012bgu kr\u0101svielu, konservantu, \u0122MO vai sojas<\/p>\n<\/li>\n<\/ul>\n<p data-start=\"1131\" data-end=\"1633\"><strong data-start=\"1131\" data-end=\"1143\">Sast\u0101vs:<\/strong> svaiga si\u013c\u0137e (26%), dzeltenie zir\u0146i (23%), dehidr\u0113ta si\u013c\u0137e (20%), dehidr\u0113ti kukai\u0146i (14%), kokosriekstu e\u013c\u013ca (ar tokoferolu, 8%), si\u013c\u0137e\u013c\u013ca (2%), dab\u012bgs hron\u0113ts aknu aromatiz\u0113t\u0101js (2%), \u017e\u0101v\u0113ti \u0101boli (2%), lins\u0113klas (1%), \u017e\u0101v\u0113ta m\u0101ras z\u0101le (0,5%), \u017e\u0101v\u0113ts kumel\u012bte (0,5%), zir\u0146u milti, \u017e\u0101v\u0113ts smilts\u0113rk\u0161\u0137is (0,3%), \u017e\u0101v\u0113tas dz\u0113rvenes (0,2%), frukto-oligosahar\u012bdi (0,015%), mannan-oligosahar\u012bdi (0,015%), Mojave jukka (0,008%), Lactobacillus acidophilus HA \u2013 122 inaktiv\u0113ts (15\u00d710\u2079 \u0161\u016bnas\/kg).<\/p>\n<p data-start=\"1635\" data-end=\"1846\"><strong data-start=\"1635\" data-end=\"1660\">Anal\u012btiskais sast\u0101vs:<\/strong> kopprote\u012bns 34 %, tauki 16 %, \u0161\u0137iedra 1,2 %, pelni 8,2 %, mitrums 10 %, Omega-3 tauksk\u0101bes 0,8 %, Omega-6 tauksk\u0101bes 2,2 %, kalcijs 1,1 %, fosfors 0,8 %, n\u0101trijs 1,0 %, magnijs 0,1 %.<\/p>\n<p data-start=\"1848\" data-end=\"2286\"><strong data-start=\"1848\" data-end=\"1874\">Bar\u012bbas piedevas 1\u202fkg:<\/strong> A vitam\u012bns 20 000\u202fIU, D3 vitam\u012bns 800\u202fIU, E vitam\u012bns 600\u202fmg, C vitam\u012bns 300\u202fmg, taur\u012bns 2 500\u202fmg, L-karnit\u012bns 50\u202fmg, hol\u012bna hlor\u012bds 2 500\u202fmg, biot\u012bns 2\u202fmg, B1 vitam\u012bns 10\u202fmg, B2 vitam\u012bns 12\u202fmg, niac\u012bnam\u012bds 50\u202fmg, kalcija D-pantoten\u0101ts 40\u202fmg, B6 vitam\u012bns 10\u202fmg, folsk\u0101be 2\u202fmg, B12 vitam\u012bns 0,04\u202fmg, cinks 120\u202fmg, dzelzs 45\u202fmg, mang\u0101ns 55\u202fmg, k\u0101lija jod\u012bds 4\u202fmg, var\u0161 10\u202fmg, sel\u0113ns 0,2\u202fmg, L-metion\u012bns 2 000\u202fmg.<\/p>\n<p data-start=\"2288\" data-end=\"2411\">Satur ES atz\u012btas dab\u012bgas antioksidantu vielas: tokoferolu ekstrakti augu e\u013c\u013c\u0101s, askorb\u012blpalmit\u0101ts un rozmar\u012bna ekstrakts.<\/p>\n<p data-start=\"2413\" data-end=\"2463\"><strong data-start=\"2413\" data-end=\"2447\">Metaboliski pieejam\u0101 ener\u0123ija:<\/strong> 3\u202f860\u202fkcal\/kg<\/p>\n","protected":false},"featured_media":47596,"template":"","meta":[],"product_brand":[],"product_cat":[569],"product_tag":[],"class_list":{"0":"post-52150","1":"product","2":"type-product","3":"status-publish","4":"has-post-thumbnail","6":"product_cat-sausa-bariba","8":"first","9":"instock","10":"taxable","11":"shipping-taxable","12":"purchasable","13":"product-type-simple"},"yoast_head":"<!-- This site is optimized with the Yoast SEO plugin v27.2 - https:\/\/yoast.com\/product\/yoast-seo-wordpress\/ -->\n<title>Brit Care Sensitive Insect &amp; Fresh Herring 7\u202fkg - MiuMjau<\/title>\n<meta name=\"robots\" content=\"index, follow, max-snippet:-1, max-image-preview:large, max-video-preview:-1\" \/>\n<link rel=\"canonical\" href=\"https:\/\/miumjau.ee\/lv\/produkts\/brit-care-sensitive-insect-fresh-herring-7-kg\/\" \/>\n<meta property=\"og:locale\" content=\"lv_LV\" \/>\n<meta property=\"og:type\" content=\"article\" \/>\n<meta property=\"og:title\" content=\"Brit Care Sensitive Insect &amp; Fresh Herring 7\u202fkg - MiuMjau\" \/>\n<meta property=\"og:description\" content=\"Pilnv\u0113rt\u012bga bar\u012bba pieaugu\u0161iem ka\u0137iem. Bez graudiem, hipoaler\u0123iska sast\u0101vs ka\u0137iem ar bar\u012bbas nepanes\u012bbu.     Bag\u0101ts ar Omega-3 un Omega-6 tauksk\u0101b\u0113m \u2013 nodro\u0161ina sp\u012bd\u012bgu ka\u017eoku un vesel\u012bgu \u0101du.    Kukai\u0146u prote\u012bns atbalsta gremo\u0161anu un samazina p\u0101rtikas aler\u0123ijas risku. Jauns, ilgtsp\u0113j\u012bgs olbaltumvielu avots ar zemu CO\u2082 p\u0113du.    KUKAI\u0145I \u2013 jauns olbaltumvielu avots &amp; L.I.D. \u2013 lieliska sagremojam\u012bba, zems aler\u0123ijas risks    PROBIOTIKAS UN PREBIOTIKAS \u2013 atbalsta gremo\u0161anas un im\u016bnsist\u0113mas vesel\u012bbu    SMILTIS\u0112RK\u0160\u0136I \u2013 atbalsta nieru un ur\u012bnce\u013cu vesel\u012bbu    M\u0100RAS Z\u0100LE \u2013 dab\u012bg\u0101s \u012bpa\u0161\u012bbas pal\u012bdz mazin\u0101t stresu, stabiliz\u0113 sirds darb\u012bbu un samazina paaugstin\u0101tu asinsspiedienu    Augsts Omega-3 un Omega-6 saturs \u2013 vesel\u012bgai \u0101dai un sp\u012bd\u012bgam ka\u017eokam    Satur kokosriekstu e\u013c\u013cu \u2013 nesatur vistas taukus    Bez graudiem, nav m\u0101ksl\u012bgu kr\u0101svielu, konservantu, \u0122MO vai sojas   Sast\u0101vs: svaiga si\u013c\u0137e (26%), dzeltenie zir\u0146i (23%), dehidr\u0113ta si\u013c\u0137e (20%), dehidr\u0113ti kukai\u0146i (14%), kokosriekstu e\u013c\u013ca (ar tokoferolu, 8%), si\u013c\u0137e\u013c\u013ca (2%), dab\u012bgs hron\u0113ts aknu aromatiz\u0113t\u0101js (2%), \u017e\u0101v\u0113ti \u0101boli (2%), lins\u0113klas (1%), \u017e\u0101v\u0113ta m\u0101ras z\u0101le (0,5%), \u017e\u0101v\u0113ts kumel\u012bte (0,5%), zir\u0146u milti, \u017e\u0101v\u0113ts smilts\u0113rk\u0161\u0137is (0,3%), \u017e\u0101v\u0113tas dz\u0113rvenes (0,2%), frukto-oligosahar\u012bdi (0,015%), mannan-oligosahar\u012bdi (0,015%), Mojave jukka (0,008%), Lactobacillus acidophilus HA \u2013 122 inaktiv\u0113ts (15\u00d710\u2079 \u0161\u016bnas\/kg). Anal\u012btiskais sast\u0101vs: kopprote\u012bns 34 %, tauki 16 %, \u0161\u0137iedra 1,2 %, pelni 8,2 %, mitrums 10 %, Omega-3 tauksk\u0101bes 0,8 %, Omega-6 tauksk\u0101bes 2,2 %, kalcijs 1,1 %, fosfors 0,8 %, n\u0101trijs 1,0 %, magnijs 0,1 %. Bar\u012bbas piedevas 1\u202fkg: A vitam\u012bns 20 000\u202fIU, D3 vitam\u012bns 800\u202fIU, E vitam\u012bns 600\u202fmg, C vitam\u012bns 300\u202fmg, taur\u012bns 2 500\u202fmg, L-karnit\u012bns 50\u202fmg, hol\u012bna hlor\u012bds 2 500\u202fmg, biot\u012bns 2\u202fmg, B1 vitam\u012bns 10\u202fmg, B2 vitam\u012bns 12\u202fmg, niac\u012bnam\u012bds 50\u202fmg, kalcija D-pantoten\u0101ts 40\u202fmg, B6 vitam\u012bns 10\u202fmg, folsk\u0101be 2\u202fmg, B12 vitam\u012bns 0,04\u202fmg, cinks 120\u202fmg, dzelzs 45\u202fmg, mang\u0101ns 55\u202fmg, k\u0101lija jod\u012bds 4\u202fmg, var\u0161 10\u202fmg, sel\u0113ns 0,2\u202fmg, L-metion\u012bns 2 000\u202fmg. Satur ES atz\u012btas dab\u012bgas antioksidantu vielas: tokoferolu ekstrakti augu e\u013c\u013c\u0101s, askorb\u012blpalmit\u0101ts un rozmar\u012bna ekstrakts. Metaboliski pieejam\u0101 ener\u0123ija: 3\u202f860\u202fkcal\/kg\" \/>\n<meta property=\"og:url\" content=\"https:\/\/miumjau.ee\/lv\/produkts\/brit-care-sensitive-insect-fresh-herring-7-kg\/\" \/>\n<meta property=\"og:site_name\" content=\"MiuMjau\" \/>\n<meta property=\"article:publisher\" content=\"https:\/\/www.facebook.com\/miumjaupood\/\" \/>\n<meta property=\"og:image\" content=\"https:\/\/miumjau.ee\/wp-content\/uploads\/2025\/03\/brit-care-kuivtoit-kassidele-7kg1.webp\" \/>\n\t<meta property=\"og:image:width\" content=\"600\" \/>\n\t<meta property=\"og:image:height\" content=\"800\" \/>\n\t<meta property=\"og:image:type\" content=\"image\/webp\" \/>\n<meta name=\"twitter:card\" content=\"summary_large_image\" \/>\n<script type=\"application\/ld+json\" class=\"yoast-schema-graph\">{\"@context\":\"https:\/\/schema.org\",\"@graph\":[{\"@type\":\"WebPage\",\"@id\":\"https:\/\/miumjau.ee\/lv\/produkts\/brit-care-sensitive-insect-fresh-herring-7-kg\/\",\"url\":\"https:\/\/miumjau.ee\/lv\/produkts\/brit-care-sensitive-insect-fresh-herring-7-kg\/\",\"name\":\"Brit Care Sensitive Insect & Fresh Herring 7\u202fkg - MiuMjau\",\"isPartOf\":{\"@id\":\"https:\/\/miumjau.ee\/#website\"},\"primaryImageOfPage\":{\"@id\":\"https:\/\/miumjau.ee\/lv\/produkts\/brit-care-sensitive-insect-fresh-herring-7-kg\/#primaryimage\"},\"image\":{\"@id\":\"https:\/\/miumjau.ee\/lv\/produkts\/brit-care-sensitive-insect-fresh-herring-7-kg\/#primaryimage\"},\"thumbnailUrl\":\"https:\/\/miumjau.ee\/wp-content\/uploads\/2025\/03\/brit-care-kuivtoit-kassidele-7kg1.webp\",\"datePublished\":\"2025-03-24T07:33:17+00:00\",\"breadcrumb\":{\"@id\":\"https:\/\/miumjau.ee\/lv\/produkts\/brit-care-sensitive-insect-fresh-herring-7-kg\/#breadcrumb\"},\"inLanguage\":\"lv-LV\",\"potentialAction\":[{\"@type\":\"ReadAction\",\"target\":[\"https:\/\/miumjau.ee\/lv\/produkts\/brit-care-sensitive-insect-fresh-herring-7-kg\/\"]}]},{\"@type\":\"ImageObject\",\"inLanguage\":\"lv-LV\",\"@id\":\"https:\/\/miumjau.ee\/lv\/produkts\/brit-care-sensitive-insect-fresh-herring-7-kg\/#primaryimage\",\"url\":\"https:\/\/miumjau.ee\/wp-content\/uploads\/2025\/03\/brit-care-kuivtoit-kassidele-7kg1.webp\",\"contentUrl\":\"https:\/\/miumjau.ee\/wp-content\/uploads\/2025\/03\/brit-care-kuivtoit-kassidele-7kg1.webp\",\"width\":600,\"height\":800},{\"@type\":\"BreadcrumbList\",\"@id\":\"https:\/\/miumjau.ee\/lv\/produkts\/brit-care-sensitive-insect-fresh-herring-7-kg\/#breadcrumb\",\"itemListElement\":[{\"@type\":\"ListItem\",\"position\":1,\"name\":\"Home\",\"item\":\"https:\/\/miumjau.ee\/lv\/\"},{\"@type\":\"ListItem\",\"position\":2,\"name\":\"Veikals\",\"item\":\"https:\/\/miumjau.ee\/lv\/veikals\/\"},{\"@type\":\"ListItem\",\"position\":3,\"name\":\"Brit Care Sensitive Insect &#038; Fresh Herring 7\u202fkg\"}]},{\"@type\":\"WebSite\",\"@id\":\"https:\/\/miumjau.ee\/#website\",\"url\":\"https:\/\/miumjau.ee\/\",\"name\":\"MiuMjau\",\"description\":\"Kraapimispuud kassidele\",\"publisher\":{\"@id\":\"https:\/\/miumjau.ee\/#organization\"},\"potentialAction\":[{\"@type\":\"SearchAction\",\"target\":{\"@type\":\"EntryPoint\",\"urlTemplate\":\"https:\/\/miumjau.ee\/?s={search_term_string}\"},\"query-input\":{\"@type\":\"PropertyValueSpecification\",\"valueRequired\":true,\"valueName\":\"search_term_string\"}}],\"inLanguage\":\"lv-LV\"},{\"@type\":\"Organization\",\"@id\":\"https:\/\/miumjau.ee\/#organization\",\"name\":\"MiuMjau O\u00dc\",\"url\":\"https:\/\/miumjau.ee\/\",\"logo\":{\"@type\":\"ImageObject\",\"inLanguage\":\"lv-LV\",\"@id\":\"https:\/\/miumjau.ee\/#\/schema\/logo\/image\/\",\"url\":\"https:\/\/miumjau.ee\/wp-content\/uploads\/2022\/04\/MiuMjau-logo-kollane.png\",\"contentUrl\":\"https:\/\/miumjau.ee\/wp-content\/uploads\/2022\/04\/MiuMjau-logo-kollane.png\",\"width\":219,\"height\":100,\"caption\":\"MiuMjau O\u00dc\"},\"image\":{\"@id\":\"https:\/\/miumjau.ee\/#\/schema\/logo\/image\/\"},\"sameAs\":[\"https:\/\/www.facebook.com\/miumjaupood\/\"]}]}<\/script>\n<!-- \/ Yoast SEO plugin. -->","yoast_head_json":{"title":"Brit Care Sensitive Insect & Fresh Herring 7\u202fkg - MiuMjau","robots":{"index":"index","follow":"follow","max-snippet":"max-snippet:-1","max-image-preview":"max-image-preview:large","max-video-preview":"max-video-preview:-1"},"canonical":"https:\/\/miumjau.ee\/lv\/produkts\/brit-care-sensitive-insect-fresh-herring-7-kg\/","og_locale":"lv_LV","og_type":"article","og_title":"Brit Care Sensitive Insect & Fresh Herring 7\u202fkg - MiuMjau","og_description":"Pilnv\u0113rt\u012bga bar\u012bba pieaugu\u0161iem ka\u0137iem. Bez graudiem, hipoaler\u0123iska sast\u0101vs ka\u0137iem ar bar\u012bbas nepanes\u012bbu.     Bag\u0101ts ar Omega-3 un Omega-6 tauksk\u0101b\u0113m \u2013 nodro\u0161ina sp\u012bd\u012bgu ka\u017eoku un vesel\u012bgu \u0101du.    Kukai\u0146u prote\u012bns atbalsta gremo\u0161anu un samazina p\u0101rtikas aler\u0123ijas risku. Jauns, ilgtsp\u0113j\u012bgs olbaltumvielu avots ar zemu CO\u2082 p\u0113du.    KUKAI\u0145I \u2013 jauns olbaltumvielu avots &amp; L.I.D. \u2013 lieliska sagremojam\u012bba, zems aler\u0123ijas risks    PROBIOTIKAS UN PREBIOTIKAS \u2013 atbalsta gremo\u0161anas un im\u016bnsist\u0113mas vesel\u012bbu    SMILTIS\u0112RK\u0160\u0136I \u2013 atbalsta nieru un ur\u012bnce\u013cu vesel\u012bbu    M\u0100RAS Z\u0100LE \u2013 dab\u012bg\u0101s \u012bpa\u0161\u012bbas pal\u012bdz mazin\u0101t stresu, stabiliz\u0113 sirds darb\u012bbu un samazina paaugstin\u0101tu asinsspiedienu    Augsts Omega-3 un Omega-6 saturs \u2013 vesel\u012bgai \u0101dai un sp\u012bd\u012bgam ka\u017eokam    Satur kokosriekstu e\u013c\u013cu \u2013 nesatur vistas taukus    Bez graudiem, nav m\u0101ksl\u012bgu kr\u0101svielu, konservantu, \u0122MO vai sojas   Sast\u0101vs: svaiga si\u013c\u0137e (26%), dzeltenie zir\u0146i (23%), dehidr\u0113ta si\u013c\u0137e (20%), dehidr\u0113ti kukai\u0146i (14%), kokosriekstu e\u013c\u013ca (ar tokoferolu, 8%), si\u013c\u0137e\u013c\u013ca (2%), dab\u012bgs hron\u0113ts aknu aromatiz\u0113t\u0101js (2%), \u017e\u0101v\u0113ti \u0101boli (2%), lins\u0113klas (1%), \u017e\u0101v\u0113ta m\u0101ras z\u0101le (0,5%), \u017e\u0101v\u0113ts kumel\u012bte (0,5%), zir\u0146u milti, \u017e\u0101v\u0113ts smilts\u0113rk\u0161\u0137is (0,3%), \u017e\u0101v\u0113tas dz\u0113rvenes (0,2%), frukto-oligosahar\u012bdi (0,015%), mannan-oligosahar\u012bdi (0,015%), Mojave jukka (0,008%), Lactobacillus acidophilus HA \u2013 122 inaktiv\u0113ts (15\u00d710\u2079 \u0161\u016bnas\/kg). Anal\u012btiskais sast\u0101vs: kopprote\u012bns 34 %, tauki 16 %, \u0161\u0137iedra 1,2 %, pelni 8,2 %, mitrums 10 %, Omega-3 tauksk\u0101bes 0,8 %, Omega-6 tauksk\u0101bes 2,2 %, kalcijs 1,1 %, fosfors 0,8 %, n\u0101trijs 1,0 %, magnijs 0,1 %. Bar\u012bbas piedevas 1\u202fkg: A vitam\u012bns 20 000\u202fIU, D3 vitam\u012bns 800\u202fIU, E vitam\u012bns 600\u202fmg, C vitam\u012bns 300\u202fmg, taur\u012bns 2 500\u202fmg, L-karnit\u012bns 50\u202fmg, hol\u012bna hlor\u012bds 2 500\u202fmg, biot\u012bns 2\u202fmg, B1 vitam\u012bns 10\u202fmg, B2 vitam\u012bns 12\u202fmg, niac\u012bnam\u012bds 50\u202fmg, kalcija D-pantoten\u0101ts 40\u202fmg, B6 vitam\u012bns 10\u202fmg, folsk\u0101be 2\u202fmg, B12 vitam\u012bns 0,04\u202fmg, cinks 120\u202fmg, dzelzs 45\u202fmg, mang\u0101ns 55\u202fmg, k\u0101lija jod\u012bds 4\u202fmg, var\u0161 10\u202fmg, sel\u0113ns 0,2\u202fmg, L-metion\u012bns 2 000\u202fmg. Satur ES atz\u012btas dab\u012bgas antioksidantu vielas: tokoferolu ekstrakti augu e\u013c\u013c\u0101s, askorb\u012blpalmit\u0101ts un rozmar\u012bna ekstrakts. Metaboliski pieejam\u0101 ener\u0123ija: 3\u202f860\u202fkcal\/kg","og_url":"https:\/\/miumjau.ee\/lv\/produkts\/brit-care-sensitive-insect-fresh-herring-7-kg\/","og_site_name":"MiuMjau","article_publisher":"https:\/\/www.facebook.com\/miumjaupood\/","og_image":[{"width":600,"height":800,"url":"https:\/\/miumjau.ee\/wp-content\/uploads\/2025\/03\/brit-care-kuivtoit-kassidele-7kg1.webp","type":"image\/webp"}],"twitter_card":"summary_large_image","schema":{"@context":"https:\/\/schema.org","@graph":[{"@type":"WebPage","@id":"https:\/\/miumjau.ee\/lv\/produkts\/brit-care-sensitive-insect-fresh-herring-7-kg\/","url":"https:\/\/miumjau.ee\/lv\/produkts\/brit-care-sensitive-insect-fresh-herring-7-kg\/","name":"Brit Care Sensitive Insect & Fresh Herring 7\u202fkg - MiuMjau","isPartOf":{"@id":"https:\/\/miumjau.ee\/#website"},"primaryImageOfPage":{"@id":"https:\/\/miumjau.ee\/lv\/produkts\/brit-care-sensitive-insect-fresh-herring-7-kg\/#primaryimage"},"image":{"@id":"https:\/\/miumjau.ee\/lv\/produkts\/brit-care-sensitive-insect-fresh-herring-7-kg\/#primaryimage"},"thumbnailUrl":"https:\/\/miumjau.ee\/wp-content\/uploads\/2025\/03\/brit-care-kuivtoit-kassidele-7kg1.webp","datePublished":"2025-03-24T07:33:17+00:00","breadcrumb":{"@id":"https:\/\/miumjau.ee\/lv\/produkts\/brit-care-sensitive-insect-fresh-herring-7-kg\/#breadcrumb"},"inLanguage":"lv-LV","potentialAction":[{"@type":"ReadAction","target":["https:\/\/miumjau.ee\/lv\/produkts\/brit-care-sensitive-insect-fresh-herring-7-kg\/"]}]},{"@type":"ImageObject","inLanguage":"lv-LV","@id":"https:\/\/miumjau.ee\/lv\/produkts\/brit-care-sensitive-insect-fresh-herring-7-kg\/#primaryimage","url":"https:\/\/miumjau.ee\/wp-content\/uploads\/2025\/03\/brit-care-kuivtoit-kassidele-7kg1.webp","contentUrl":"https:\/\/miumjau.ee\/wp-content\/uploads\/2025\/03\/brit-care-kuivtoit-kassidele-7kg1.webp","width":600,"height":800},{"@type":"BreadcrumbList","@id":"https:\/\/miumjau.ee\/lv\/produkts\/brit-care-sensitive-insect-fresh-herring-7-kg\/#breadcrumb","itemListElement":[{"@type":"ListItem","position":1,"name":"Home","item":"https:\/\/miumjau.ee\/lv\/"},{"@type":"ListItem","position":2,"name":"Veikals","item":"https:\/\/miumjau.ee\/lv\/veikals\/"},{"@type":"ListItem","position":3,"name":"Brit Care Sensitive Insect &#038; Fresh Herring 7\u202fkg"}]},{"@type":"WebSite","@id":"https:\/\/miumjau.ee\/#website","url":"https:\/\/miumjau.ee\/","name":"MiuMjau","description":"Kraapimispuud kassidele","publisher":{"@id":"https:\/\/miumjau.ee\/#organization"},"potentialAction":[{"@type":"SearchAction","target":{"@type":"EntryPoint","urlTemplate":"https:\/\/miumjau.ee\/?s={search_term_string}"},"query-input":{"@type":"PropertyValueSpecification","valueRequired":true,"valueName":"search_term_string"}}],"inLanguage":"lv-LV"},{"@type":"Organization","@id":"https:\/\/miumjau.ee\/#organization","name":"MiuMjau O\u00dc","url":"https:\/\/miumjau.ee\/","logo":{"@type":"ImageObject","inLanguage":"lv-LV","@id":"https:\/\/miumjau.ee\/#\/schema\/logo\/image\/","url":"https:\/\/miumjau.ee\/wp-content\/uploads\/2022\/04\/MiuMjau-logo-kollane.png","contentUrl":"https:\/\/miumjau.ee\/wp-content\/uploads\/2022\/04\/MiuMjau-logo-kollane.png","width":219,"height":100,"caption":"MiuMjau O\u00dc"},"image":{"@id":"https:\/\/miumjau.ee\/#\/schema\/logo\/image\/"},"sameAs":["https:\/\/www.facebook.com\/miumjaupood\/"]}]}},"_links":{"self":[{"href":"https:\/\/miumjau.ee\/lv\/wp-json\/wp\/v2\/product\/52150","targetHints":{"allow":["GET"]}}],"collection":[{"href":"https:\/\/miumjau.ee\/lv\/wp-json\/wp\/v2\/product"}],"about":[{"href":"https:\/\/miumjau.ee\/lv\/wp-json\/wp\/v2\/types\/product"}],"wp:featuredmedia":[{"embeddable":true,"href":"https:\/\/miumjau.ee\/lv\/wp-json\/wp\/v2\/media\/47596"}],"wp:attachment":[{"href":"https:\/\/miumjau.ee\/lv\/wp-json\/wp\/v2\/media?parent=52150"}],"wp:term":[{"taxonomy":"product_brand","embeddable":true,"href":"https:\/\/miumjau.ee\/lv\/wp-json\/wp\/v2\/product_brand?post=52150"},{"taxonomy":"product_cat","embeddable":true,"href":"https:\/\/miumjau.ee\/lv\/wp-json\/wp\/v2\/product_cat?post=52150"},{"taxonomy":"product_tag","embeddable":true,"href":"https:\/\/miumjau.ee\/lv\/wp-json\/wp\/v2\/product_tag?post=52150"}],"curies":[{"name":"wp","href":"https:\/\/api.w.org\/{rel}","templated":true}]}}